{"id":1758,"date":"2019-07-10T12:09:49","date_gmt":"2019-07-10T10:09:49","guid":{"rendered":"https:\/\/southbaltic-tourist.eu\/?page_id=1758"},"modified":"2020-02-18T17:01:29","modified_gmt":"2020-02-18T17:01:29","slug":"1-szczecin","status":"publish","type":"page","link":"https:\/\/sbt.ug.edu.pl\/lt\/routes\/griffins-dynasty-and-baltic-sea-battles\/1-szczecin\/","title":{"rendered":"(English) 1. Szczecin"},"content":{"rendered":"<p class=\"qtranxs-available-languages-message qtranxs-available-languages-message-lt\">Atsipra\u0161ome, \u0161is puslapis galimas tik <a href=\"https:\/\/sbt.ug.edu.pl\/en\/wp-json\/wp\/v2\/pages\/1758\" class=\"qtranxs-available-language-link qtranxs-available-language-link-en\" title=\"English\">Jungtini\u0173 Valstij\u0173 Angl\u0173<\/a>, <a href=\"https:\/\/sbt.ug.edu.pl\/de\/wp-json\/wp\/v2\/pages\/1758\" class=\"qtranxs-available-language-link qtranxs-available-language-link-de\" title=\"Deutsch\">Vokie\u010di\u0173<\/a> ir <a href=\"https:\/\/sbt.ug.edu.pl\/pl\/wp-json\/wp\/v2\/pages\/1758\" class=\"qtranxs-available-language-link qtranxs-available-language-link-pl\" title=\"Polski\">Lenk\u0173<\/a>. For the sake of viewer convenience, the content is shown below in this site default language. You may click one of the links to switch the site language to another available language.<\/p><p><span style=\"font-family: georgia, palatino, serif; color: #000000; font-size: 12pt;\"><span lang=\"en-US\">LOCATION<\/span><\/span><\/p>\n<p align=\"JUSTIFY\"><span style=\"font-family: georgia, palatino, serif; font-size: 12pt; color: #000000;\"><span lang=\"en-GB\">The capital and the largest city of the province West Pomeranian, located on the Oder and the D\u0105bie Lake. The city is just a few <\/span><span lang=\"en-GB\">kilometres<\/span> <span lang=\"en-GB\">away<\/span><span lang=\"en-GB\"> from Mecklenburg-Vorpommern in Germany. Szczecin can be reached by car, <\/span><span lang=\"en-GB\">means of public transport (bus or train)<\/span><span lang=\"en-GB\">, as well as by plane (airport &#8211; Szczecin Goleni\u00f3w). The city is located on the West Pomeranian Sailing Route connecting the yacht ports on the Oder River and along the Baltic Sea. You can get there by yacht and stay in a modern marina close to the city <\/span><span lang=\"en-GB\">centre<\/span><span lang=\"en-GB\"> or a hydrofoil from \u015awinouj\u015bcie. <\/span><span lang=\"en-GB\">When entering the city you\u2019ll have a clear view of the Pomeranian Dukes&#8217; Castle, which is located on a hill near the Odra River. <\/span><span lang=\"en-GB\">14\u00b034&#8217;E 53\u00b026&#8217;N<\/span><\/span><\/p>\n<p style=\"text-align: justify;\" align=\"JUSTIFY\"><span style=\"font-family: georgia, palatino, serif; color: #000000; font-size: 12pt;\"><span lang=\"en-US\">\u00a0<\/span><\/span><\/p>\n<p style=\"text-align: justify;\" align=\"JUSTIFY\"><span style=\"color: #000000; font-family: georgia, palatino, serif; font-size: 12pt;\"><img decoding=\"async\" loading=\"lazy\" class=\"alignleft wp-image-1760\" src=\"https:\/\/southbaltic-tourist.eu\/wp-content\/uploads\/2019\/07\/Zamek-Ksi\u0105\u017c\u0105t-Pomorskich-w-Szczecinie-du\u017cy-dziedziniec-fot.-B.Wo\u0142owczyk.jpg\" alt=\"\" width=\"462\" height=\"375\" srcset=\"https:\/\/sbt.ug.edu.pl\/wp-content\/uploads\/2019\/07\/Zamek-Ksi\u0105\u017c\u0105t-Pomorskich-w-Szczecinie-du\u017cy-dziedziniec-fot.-B.Wo\u0142owczyk.jpg 1600w, https:\/\/sbt.ug.edu.pl\/wp-content\/uploads\/2019\/07\/Zamek-Ksi\u0105\u017c\u0105t-Pomorskich-w-Szczecinie-du\u017cy-dziedziniec-fot.-B.Wo\u0142owczyk-300x244.jpg 300w, https:\/\/sbt.ug.edu.pl\/wp-content\/uploads\/2019\/07\/Zamek-Ksi\u0105\u017c\u0105t-Pomorskich-w-Szczecinie-du\u017cy-dziedziniec-fot.-B.Wo\u0142owczyk-768x624.jpg 768w, https:\/\/sbt.ug.edu.pl\/wp-content\/uploads\/2019\/07\/Zamek-Ksi\u0105\u017c\u0105t-Pomorskich-w-Szczecinie-du\u017cy-dziedziniec-fot.-B.Wo\u0142owczyk-1024x832.jpg 1024w, https:\/\/sbt.ug.edu.pl\/wp-content\/uploads\/2019\/07\/Zamek-Ksi\u0105\u017c\u0105t-Pomorskich-w-Szczecinie-du\u017cy-dziedziniec-fot.-B.Wo\u0142owczyk-150x122.jpg 150w\" sizes=\"(max-width: 462px) 100vw, 462px\" \/> <\/span><\/p>\n<p style=\"text-align: justify;\" align=\"JUSTIFY\"><span style=\"color: #000000; font-family: georgia, palatino, serif; font-size: 12pt;\"><a href=\"https:\/\/southbaltic-tourist.eu\/wp-content\/uploads\/2020\/02\/R6.01-Szczecin.png\" data-rel=\"lightbox-gallery-Qf0mI20k\" data-rl_title=\"\" data-rl_caption=\"\" title=\"\"><img decoding=\"async\" loading=\"lazy\" class=\"alignnone wp-image-5277\" src=\"https:\/\/southbaltic-tourist.eu\/wp-content\/uploads\/2020\/02\/R6.01-Szczecin-300x174.png\" alt=\"\" width=\"645\" height=\"375\" srcset=\"https:\/\/sbt.ug.edu.pl\/wp-content\/uploads\/2020\/02\/R6.01-Szczecin-300x174.png 300w, https:\/\/sbt.ug.edu.pl\/wp-content\/uploads\/2020\/02\/R6.01-Szczecin-1024x595.png 1024w, https:\/\/sbt.ug.edu.pl\/wp-content\/uploads\/2020\/02\/R6.01-Szczecin-768x446.png 768w, https:\/\/sbt.ug.edu.pl\/wp-content\/uploads\/2020\/02\/R6.01-Szczecin-1536x893.png 1536w, https:\/\/sbt.ug.edu.pl\/wp-content\/uploads\/2020\/02\/R6.01-Szczecin-150x87.png 150w, https:\/\/sbt.ug.edu.pl\/wp-content\/uploads\/2020\/02\/R6.01-Szczecin.png 1600w\" sizes=\"(max-width: 645px) 100vw, 645px\" \/><\/a><\/span><\/p>\n<p align=\"JUSTIFY\"><span style=\"font-family: georgia, palatino, serif; color: #000000; font-size: 12pt;\"><span lang=\"en-GB\"><strong>SCENIC CHARACTER<\/strong> <\/span><\/span><\/p>\n<p align=\"JUSTIFY\"><span style=\"color: #000000; font-family: georgia, palatino, serif; font-size: 12pt;\"><span lang=\"en-GB\">Szczecin is the historical capital of the Pomeranian Duchy and now the capital of the West Pomerania Region. One of the most important monuments on the Griffin Route is the Castle of Pomeranian Dukes&#8217; &#8211; the former seat of the rulers of Pomerania, closely related to the history of the city. <\/span><span lang=\"en-GB\">It<\/span><span lang=\"en-GB\"> was expanded <\/span><span lang=\"en-GB\">and redeveloped <\/span><span lang=\"en-GB\">over the centuries &#8211; from wooden in the Middle Ages, Stone House in the 15th century (its relics have survived to this day), the Gothic-Renaissance castle of Prince Bogus\u0142aw X (15\/16th century) and Renaissance residence from the 16th-century Duke Jan Fryderyk. The present five-winged Renaissance silhouette of the castle with two courtyards dates from the 16th-century, <\/span><span lang=\"en-GB\">during which period it was reconstructed<\/span><span lang=\"en-GB\"> by Duke Philip II &#8211; a patron of culture who added a museum wing to the castle. As Philip II had intended, today&#8217;s castle is a <\/span><span lang=\"en-GB\">place where various artistic endeavours come to life, e.g.<\/span><span lang=\"en-GB\"> exhibitions, concerts, film screenings, knights&#8217; tournaments <\/span><span lang=\"en-GB\">and operas<\/span><span lang=\"en-GB\">. The castle is a seat of cultural institutions, regional authorities and tourist information. <\/span><span lang=\"en-GB\">Here<\/span><span lang=\"en-GB\"> you can learn about the history of the castle by discovering the secrets of its former inhabitants. There are princely sarcophaguses in the crypt. There is also a witch&#8217;s cell that tells the story of the famous Sidonia von Borck, who, as the legend goes, cast a curse on the Griffins dynasty, contributing to the extinction of the princely dynasty. It is also necessary to visit the office of Lubinus, the <\/span><span lang=\"en-GB\">creator <\/span><span lang=\"en-GB\">of the famous Great Map of the Pomeranian Duchy <\/span><span lang=\"en-GB\">from<\/span><span lang=\"en-GB\"> the 17th century. <\/span><span lang=\"en-GB\">The clock tower and an erection board of Barnim XI, from 1538, with the Grand Coat of Arms of the Pomeranian Duchy, are noteworthy elements of the courtyard. <\/span><span lang=\"en-GB\">After leaving the castle, the obligatory point on the Griffins Route is the National Museum and the exhibition \u2018Golden Age of Pomerania\u2019 depicting the art of the ducal court in the 16th and 17th centuries. The exhibition presents preserved princely clothes, paintings, furnishings from castles and churches of the Griffins and a vast genealogical tree <\/span><span lang=\"en-GB\">of their family, considered to be<\/span><span lang=\"en-GB\"> one of the longest-reigning dynasties in Europe. In the nearby cathedral towering above the city there is the Chapel of Pomeranian Dukes, <\/span><span lang=\"en-GB\">above which is <\/span><span lang=\"en-GB\">a stained glass window with the Great Coat of Arms of the Pomeranian Duchy. <\/span><\/span><\/p>\n<p align=\"JUSTIFY\"><span style=\"font-family: georgia, palatino, serif; color: #000000; font-size: 12pt;\"><span lang=\"en-GB\"><strong>ATTRACTIONS<\/strong> <\/span><\/span><\/p>\n<p align=\"JUSTIFY\"><span style=\"color: #000000; font-family: georgia, palatino, serif; font-size: 12pt;\"><span lang=\"en-GB\">Szczecin is a city of water and greenery: 1\/3 of the city are rivers and lakes<\/span><span lang=\"en-GB\">. Diverse forest complexes constitute another 1\/3<\/span><span lang=\"en-GB\">, which is why the city uses the Floating Garden brand. The city centre has a unique urban architecture: a complicated satellite system of squares is connected with beautiful parks and avenues. The proximity of nature allows people to relax and spend time actively by canoeing or sailing. It is worth going for a stroll along the lovely Chrobry Embankments, or go to a concert to the most modern Philharmonic in Europe. Szczecin is an academic city with a rich cultural offer.<\/span><\/span><\/p>\n<p>&nbsp;<\/p>\n<p><span style=\"color: #000000; font-family: georgia, palatino, serif; font-size: 12pt;\"><div class=\"rl-gallery-container rl-loading\" id=\"rl-gallery-container-1\" data-gallery_id=\"2143\"> <div class=\"rl-gallery rl-basicgrid-gallery \" id=\"rl-gallery-1\" data-gallery_no=\"1\"> <div class=\"rl-gallery-item\"><a href=\"https:\/\/sbt.ug.edu.pl\/wp-content\/uploads\/2019\/07\/Pompa-funebris-ksi\u0105\u017c\u0105t-z-dynastii-Gryfit\u00f3w-sarkofagi-ksi\u0105\u017c\u0119ce-fot.-Zamek-Ksi\u0105\u017c\u0105t-Pomorskich-w-Szczecinie.jpg\" title=\"Pompa funebris ksi\u0105\u017c\u0105t z dynastii Gryfit\u00f3w, sarkofagi ksi\u0105\u017c\u0119ce, fot. Zamek Ksi\u0105\u017c\u0105t Pomorskich w Szczecinie\" data-rl_title=\"Pompa funebris ksi\u0105\u017c\u0105t z dynastii Gryfit\u00f3w, sarkofagi ksi\u0105\u017c\u0119ce, fot. Zamek Ksi\u0105\u017c\u0105t Pomorskich w Szczecinie\" class=\"rl-gallery-link\" data-rl_caption=\"\" data-rel=\"lightbox-gallery-1\"><img src=\"https:\/\/sbt.ug.edu.pl\/wp-content\/uploads\/2019\/07\/Pompa-funebris-ksi\u0105\u017c\u0105t-z-dynastii-Gryfit\u00f3w-sarkofagi-ksi\u0105\u017c\u0119ce-fot.-Zamek-Ksi\u0105\u017c\u0105t-Pomorskich-w-Szczecinie-768x512.jpg\" width=\"640\" height=\"427\" alt=\"\" \/><\/a><\/div><div class=\"rl-gallery-item\"><a href=\"https:\/\/sbt.ug.edu.pl\/wp-content\/uploads\/2019\/07\/Szczecin-pomnik-ksi\u0119cia-Boguslawa-X-i-Anny-Jagielonki-fot.-B.Wo\u0142owczyk.jpg\" title=\"Szczecin &#8211; pomnik ksi\u0119cia Boguslawa X i Anny Jagielonki, fot. B.Wo\u0142owczyk\" data-rl_title=\"Szczecin &#8211; pomnik ksi\u0119cia Boguslawa X i Anny Jagielonki, fot. B.Wo\u0142owczyk\" class=\"rl-gallery-link\" data-rl_caption=\"\" data-rel=\"lightbox-gallery-1\"><img src=\"https:\/\/sbt.ug.edu.pl\/wp-content\/uploads\/2019\/07\/Szczecin-pomnik-ksi\u0119cia-Boguslawa-X-i-Anny-Jagielonki-fot.-B.Wo\u0142owczyk-768x1271.jpg\" width=\"640\" height=\"1059\" alt=\"\" \/><\/a><\/div><div class=\"rl-gallery-item\"><a href=\"https:\/\/sbt.ug.edu.pl\/wp-content\/uploads\/2019\/07\/Szczecin-katedra-kaplica-Gryfit\u00f3w-fot.-B.Wo\u0142owczyk.jpg\" title=\"Szczecin &#8211; katedra kaplica Gryfit\u00f3w, fot. B.Wo\u0142owczyk\" data-rl_title=\"Szczecin &#8211; katedra kaplica Gryfit\u00f3w, fot. B.Wo\u0142owczyk\" class=\"rl-gallery-link\" data-rl_caption=\"\" data-rel=\"lightbox-gallery-1\"><img src=\"https:\/\/sbt.ug.edu.pl\/wp-content\/uploads\/2019\/07\/Szczecin-katedra-kaplica-Gryfit\u00f3w-fot.-B.Wo\u0142owczyk-768x1168.jpg\" width=\"640\" height=\"973\" alt=\"\" \/><\/a><\/div><div class=\"rl-gallery-item\"><a href=\"https:\/\/sbt.ug.edu.pl\/wp-content\/uploads\/2019\/07\/Szczecin-katedra-grobowiec-Gryfit\u00f3w-fot.-B.Wo\u0142owczyk.jpg\" title=\"Szczecin &#8211; katedra, grobowiec Gryfit\u00f3w, fot. B.Wo\u0142owczyk\" data-rl_title=\"Szczecin &#8211; katedra, grobowiec Gryfit\u00f3w, fot. B.Wo\u0142owczyk\" class=\"rl-gallery-link\" data-rl_caption=\"\" data-rel=\"lightbox-gallery-1\"><img src=\"https:\/\/sbt.ug.edu.pl\/wp-content\/uploads\/2019\/07\/Szczecin-katedra-grobowiec-Gryfit\u00f3w-fot.-B.Wo\u0142owczyk-768x432.jpg\" width=\"640\" height=\"360\" alt=\"\" \/><\/a><\/div><div class=\"rl-gallery-item\"><a href=\"https:\/\/sbt.ug.edu.pl\/wp-content\/uploads\/2019\/07\/Szczecin-katedra-witra\u017c-z-Wielkim-Herbem-Ksi\u0119stwa-Pomorskiego-fot.-B.Wo\u0142owczyk.jpg\" title=\"Szczecin &#8211; katedra, witra\u017c z Wielkim Herbem Ksi\u0119stwa Pomorskiego, fot. B.Wo\u0142owczyk\" data-rl_title=\"Szczecin &#8211; katedra, witra\u017c z Wielkim Herbem Ksi\u0119stwa Pomorskiego, fot. B.Wo\u0142owczyk\" class=\"rl-gallery-link\" data-rl_caption=\"\" data-rel=\"lightbox-gallery-1\"><img src=\"https:\/\/sbt.ug.edu.pl\/wp-content\/uploads\/2019\/07\/Szczecin-katedra-witra\u017c-z-Wielkim-Herbem-Ksi\u0119stwa-Pomorskiego-fot.-B.Wo\u0142owczyk-768x523.jpg\" width=\"640\" height=\"436\" alt=\"\" \/><\/a><\/div><div class=\"rl-gallery-item\"><a href=\"https:\/\/sbt.ug.edu.pl\/wp-content\/uploads\/2019\/07\/Szczecin-Muzeum-Narodowe-Wystawa-Z\u0142oty-Wiek-Pomorza-drzewo-Gryfit\u00f3w-fot.Oczajdusza_Michal-Wojtarowicz.jpg\" title=\"Szczecin &#8211; Muzeum Narodowe, Wystawa Z\u0142oty Wiek Pomorza, drzewo Gryfit\u00f3w fot.Oczajdusza!_Michal-Wojtarowicz\" data-rl_title=\"Szczecin &#8211; Muzeum Narodowe, Wystawa Z\u0142oty Wiek Pomorza, drzewo Gryfit\u00f3w fot.Oczajdusza!_Michal-Wojtarowicz\" class=\"rl-gallery-link\" data-rl_caption=\"\" data-rel=\"lightbox-gallery-1\"><img src=\"https:\/\/sbt.ug.edu.pl\/wp-content\/uploads\/2019\/07\/Szczecin-Muzeum-Narodowe-Wystawa-Z\u0142oty-Wiek-Pomorza-drzewo-Gryfit\u00f3w-fot.Oczajdusza_Michal-Wojtarowicz-768x512.jpg\" width=\"640\" height=\"427\" alt=\"\" \/><\/a><\/div><div class=\"rl-gallery-item\"><a href=\"https:\/\/sbt.ug.edu.pl\/wp-content\/uploads\/2019\/07\/Szczecin-Muzeum-Narodowe-Wystawa-Z\u0142oty-Wiek-Pomorza-Gobelin-Croya-fot.Oczajdusza_Michal-Wojtarowicz.jpg\" title=\"Szczecin &#8211; Muzeum Narodowe, Wystawa Z\u0142oty Wiek Pomorza, Gobelin Croya fot.Oczajdusza!_Michal-Wojtarowicz\" data-rl_title=\"Szczecin &#8211; Muzeum Narodowe, Wystawa Z\u0142oty Wiek Pomorza, Gobelin Croya fot.Oczajdusza!_Michal-Wojtarowicz\" class=\"rl-gallery-link\" data-rl_caption=\"\" data-rel=\"lightbox-gallery-1\"><img src=\"https:\/\/sbt.ug.edu.pl\/wp-content\/uploads\/2019\/07\/Szczecin-Muzeum-Narodowe-Wystawa-Z\u0142oty-Wiek-Pomorza-Gobelin-Croya-fot.Oczajdusza_Michal-Wojtarowicz-768x512.jpg\" width=\"640\" height=\"427\" alt=\"\" \/><\/a><\/div><div class=\"rl-gallery-item\"><a href=\"https:\/\/sbt.ug.edu.pl\/wp-content\/uploads\/2019\/07\/Szczecin-Muzeum-Narodowe-wystawa-Z\u0142oty-Wiek-Pomorza-Mapa-Lubinusa-fot.Oczajdusza_Michal-Wojtarowicz.jpg\" title=\"Szczecin &#8211; Muzeum Narodowe, wystawa Z\u0142oty Wiek Pomorza, Mapa Lubinusa fot.Oczajdusza!_Michal-Wojtarowicz\" data-rl_title=\"Szczecin &#8211; Muzeum Narodowe, wystawa Z\u0142oty Wiek Pomorza, Mapa Lubinusa fot.Oczajdusza!_Michal-Wojtarowicz\" class=\"rl-gallery-link\" data-rl_caption=\"\" data-rel=\"lightbox-gallery-1\"><img src=\"https:\/\/sbt.ug.edu.pl\/wp-content\/uploads\/2019\/07\/Szczecin-Muzeum-Narodowe-wystawa-Z\u0142oty-Wiek-Pomorza-Mapa-Lubinusa-fot.Oczajdusza_Michal-Wojtarowicz-768x512.jpg\" width=\"640\" height=\"427\" alt=\"\" \/><\/a><\/div><div class=\"rl-gallery-item\"><a href=\"https:\/\/sbt.ug.edu.pl\/wp-content\/uploads\/2019\/07\/Szczecin-Zamek-Ksi\u0105\u017c\u0105t-Pomorskich-fot.-B.Wo\u0142owczyk.jpg\" title=\"Szczecin &#8211; Zamek Ksi\u0105\u017c\u0105t Pomorskich , fot. B.Wo\u0142owczyk\" data-rl_title=\"Szczecin &#8211; Zamek Ksi\u0105\u017c\u0105t Pomorskich , fot. B.Wo\u0142owczyk\" class=\"rl-gallery-link\" data-rl_caption=\"\" data-rel=\"lightbox-gallery-1\"><img src=\"https:\/\/sbt.ug.edu.pl\/wp-content\/uploads\/2019\/07\/Szczecin-Zamek-Ksi\u0105\u017c\u0105t-Pomorskich-fot.-B.Wo\u0142owczyk-768x432.jpg\" width=\"640\" height=\"360\" alt=\"\" \/><\/a><\/div><div class=\"rl-gallery-item\"><a href=\"https:\/\/sbt.ug.edu.pl\/wp-content\/uploads\/2019\/07\/Szczecin-Zamek-Ksi\u0105\u017c\u0105t-Pomorskich-i-ksi\u0105\u017c\u0119ca-para-fot.-B.Wo\u0142owczyk.jpg\" title=\"Szczecin &#8211; Zamek Ksi\u0105\u017c\u0105t Pomorskich i ksi\u0105\u017c\u0119ca para, fot. B.Wo\u0142owczyk\" data-rl_title=\"Szczecin &#8211; Zamek Ksi\u0105\u017c\u0105t Pomorskich i ksi\u0105\u017c\u0119ca para, fot. B.Wo\u0142owczyk\" class=\"rl-gallery-link\" data-rl_caption=\"\" data-rel=\"lightbox-gallery-1\"><img src=\"https:\/\/sbt.ug.edu.pl\/wp-content\/uploads\/2019\/07\/Szczecin-Zamek-Ksi\u0105\u017c\u0105t-Pomorskich-i-ksi\u0105\u017c\u0119ca-para-fot.-B.Wo\u0142owczyk-768x1024.jpg\" width=\"640\" height=\"853\" alt=\"\" \/><\/a><\/div><div class=\"rl-gallery-item\"><a href=\"https:\/\/sbt.ug.edu.pl\/wp-content\/uploads\/2019\/07\/Szczecin-zamek-Ksi\u0105\u017c\u0105t-Pomorskich-fot.-B.Wo\u0142owczyk.jpg\" title=\"Szczecin &#8211; zamek Ksi\u0105\u017c\u0105t Pomorskich, fot. B.Wo\u0142owczyk\" data-rl_title=\"Szczecin &#8211; zamek Ksi\u0105\u017c\u0105t Pomorskich, fot. B.Wo\u0142owczyk\" class=\"rl-gallery-link\" data-rl_caption=\"\" data-rel=\"lightbox-gallery-1\"><img src=\"https:\/\/sbt.ug.edu.pl\/wp-content\/uploads\/2019\/07\/Szczecin-zamek-Ksi\u0105\u017c\u0105t-Pomorskich-fot.-B.Wo\u0142owczyk-768x529.jpg\" width=\"640\" height=\"441\" alt=\"\" \/><\/a><\/div> <\/div> <\/div><\/span><\/p>\n<p align=\"JUSTIFY\">\n<p><\/p>","protected":false},"excerpt":{"rendered":"<p>Atsipra\u0161ome, \u0161is puslapis galimas tik Jungtini\u0173 Valstij\u0173 Angl\u0173, Vokie\u010di\u0173 ir Lenk\u0173. For the sake of viewer convenience, the content is shown below in this site default language. You may click one of the links to switch the site language to another available language.LOCATION The capital and the largest city of the province West Pomeranian, located [&hellip;]<\/p>\n","protected":false},"author":3,"featured_media":0,"parent":486,"menu_order":0,"comment_status":"closed","ping_status":"closed","template":"","meta":[],"categories":[34,29,15],"tags":[],"_links":{"self":[{"href":"https:\/\/sbt.ug.edu.pl\/lt\/wp-json\/wp\/v2\/pages\/1758"}],"collection":[{"href":"https:\/\/sbt.ug.edu.pl\/lt\/wp-json\/wp\/v2\/pages"}],"about":[{"href":"https:\/\/sbt.ug.edu.pl\/lt\/wp-json\/wp\/v2\/types\/page"}],"author":[{"embeddable":true,"href":"https:\/\/sbt.ug.edu.pl\/lt\/wp-json\/wp\/v2\/users\/3"}],"replies":[{"embeddable":true,"href":"https:\/\/sbt.ug.edu.pl\/lt\/wp-json\/wp\/v2\/comments?post=1758"}],"version-history":[{"count":9,"href":"https:\/\/sbt.ug.edu.pl\/lt\/wp-json\/wp\/v2\/pages\/1758\/revisions"}],"predecessor-version":[{"id":5280,"href":"https:\/\/sbt.ug.edu.pl\/lt\/wp-json\/wp\/v2\/pages\/1758\/revisions\/5280"}],"up":[{"embeddable":true,"href":"https:\/\/sbt.ug.edu.pl\/lt\/wp-json\/wp\/v2\/pages\/486"}],"wp:attachment":[{"href":"https:\/\/sbt.ug.edu.pl\/lt\/wp-json\/wp\/v2\/media?parent=1758"}],"wp:term":[{"taxonomy":"category","embeddable":true,"href":"https:\/\/sbt.ug.edu.pl\/lt\/wp-json\/wp\/v2\/categories?post=1758"},{"taxonomy":"post_tag","embeddable":true,"href":"https:\/\/sbt.ug.edu.pl\/lt\/wp-json\/wp\/v2\/tags?post=1758"}],"curies":[{"name":"wp","href":"https:\/\/api.w.org\/{rel}","templated":true}]}}