{"id":1763,"date":"2019-07-10T12:16:01","date_gmt":"2019-07-10T10:16:01","guid":{"rendered":"https:\/\/southbaltic-tourist.eu\/?page_id=1763"},"modified":"2020-02-18T17:05:07","modified_gmt":"2020-02-18T17:05:07","slug":"2-kamien-pomorski","status":"publish","type":"page","link":"https:\/\/sbt.ug.edu.pl\/lt\/routes\/griffins-dynasty-and-baltic-sea-battles\/2-kamien-pomorski\/","title":{"rendered":"(English) 2. Kamie\u0144 Pomorski"},"content":{"rendered":"<p class=\"qtranxs-available-languages-message qtranxs-available-languages-message-lt\">Atsipra\u0161ome, \u0161is puslapis galimas tik <a href=\"https:\/\/sbt.ug.edu.pl\/en\/wp-json\/wp\/v2\/pages\/1763\" class=\"qtranxs-available-language-link qtranxs-available-language-link-en\" title=\"English\">Jungtini\u0173 Valstij\u0173 Angl\u0173<\/a>, <a href=\"https:\/\/sbt.ug.edu.pl\/de\/wp-json\/wp\/v2\/pages\/1763\" class=\"qtranxs-available-language-link qtranxs-available-language-link-de\" title=\"Deutsch\">Vokie\u010di\u0173<\/a> ir <a href=\"https:\/\/sbt.ug.edu.pl\/pl\/wp-json\/wp\/v2\/pages\/1763\" class=\"qtranxs-available-language-link qtranxs-available-language-link-pl\" title=\"Polski\">Lenk\u0173<\/a>. For the sake of viewer convenience, the content is shown below in this site default language. You may click one of the links to switch the site language to another available language.<\/p><p><\/p>\n<p style=\"text-align: justify;\"><span style=\"font-family: Segoe UI, serif;\"><span style=\"font-size: medium;\"><span lang=\"en-US\"><b>LOCATION<\/b><\/span><\/span><\/span><\/p>\n<p align=\"JUSTIFY\"><span style=\"font-family: georgia, palatino, serif; font-size: 12pt;\"><span lang=\"en-GB\">The city is located on the shores of the Kamie\u0144ski Lagoon at a distance of about 10km <\/span><span lang=\"en-GB\">away<\/span><span lang=\"en-GB\"> from the Baltic Sea and about 90km <\/span><span lang=\"en-GB\">from<\/span><span lang=\"en-GB\"> Szczecin. Kamie\u0144 Pomorski can be reached by car or <\/span><span lang=\"en-GB\">means of public transport (bus or train). The<\/span><span lang=\"en-GB\"> city is located on the West Pomeranian Sailing Route, <\/span><span lang=\"en-GB\">which connects <\/span><span lang=\"en-GB\">the yacht ports on the Oder River and along the Baltic Sea. You can get there by yacht and stay in a modern marina close to the city centre. 14\u00b046&#8217;E 53\u00b058&#8217;N<\/span><\/span><\/p>\n<p style=\"text-align: justify;\"><span style=\"font-family: georgia, palatino, serif;\">\u00a0<\/span><\/p>\n<p style=\"text-align: justify;\"><img decoding=\"async\" loading=\"lazy\" class=\"alignleft wp-image-1764\" src=\"https:\/\/southbaltic-tourist.eu\/wp-content\/uploads\/2019\/07\/2-1.jpg\" alt=\"\" width=\"525\" height=\"350\" srcset=\"https:\/\/sbt.ug.edu.pl\/wp-content\/uploads\/2019\/07\/2-1.jpg 587w, https:\/\/sbt.ug.edu.pl\/wp-content\/uploads\/2019\/07\/2-1-300x200.jpg 300w, https:\/\/sbt.ug.edu.pl\/wp-content\/uploads\/2019\/07\/2-1-150x100.jpg 150w\" sizes=\"(max-width: 525px) 100vw, 525px\" \/><\/p>\n<p style=\"text-align: justify;\"><a href=\"https:\/\/southbaltic-tourist.eu\/wp-content\/uploads\/2020\/02\/R6.02-Kamie\u0144-Pomorski.png\" data-rel=\"lightbox-gallery-ZEJzobzx\" data-rl_title=\"\" data-rl_caption=\"\" title=\"\"><img decoding=\"async\" loading=\"lazy\" class=\"alignnone wp-image-5281\" src=\"https:\/\/southbaltic-tourist.eu\/wp-content\/uploads\/2020\/02\/R6.02-Kamie\u0144-Pomorski-300x174.png\" alt=\"\" width=\"602\" height=\"350\" srcset=\"https:\/\/sbt.ug.edu.pl\/wp-content\/uploads\/2020\/02\/R6.02-Kamie\u0144-Pomorski-300x174.png 300w, https:\/\/sbt.ug.edu.pl\/wp-content\/uploads\/2020\/02\/R6.02-Kamie\u0144-Pomorski-1024x595.png 1024w, https:\/\/sbt.ug.edu.pl\/wp-content\/uploads\/2020\/02\/R6.02-Kamie\u0144-Pomorski-768x446.png 768w, https:\/\/sbt.ug.edu.pl\/wp-content\/uploads\/2020\/02\/R6.02-Kamie\u0144-Pomorski-1536x893.png 1536w, https:\/\/sbt.ug.edu.pl\/wp-content\/uploads\/2020\/02\/R6.02-Kamie\u0144-Pomorski-150x87.png 150w, https:\/\/sbt.ug.edu.pl\/wp-content\/uploads\/2020\/02\/R6.02-Kamie\u0144-Pomorski.png 1600w\" sizes=\"(max-width: 602px) 100vw, 602px\" \/><\/a><\/p>\n<p style=\"text-align: justify;\"><span style=\"font-size: medium;\"><span lang=\"en-US\"><b>SCENIC CHARACTER <\/b><\/span><\/span><\/p>\n<p align=\"JUSTIFY\"><span style=\"font-family: Times New Roman, serif;\"><span style=\"font-size: medium;\"><span lang=\"en-GB\"><b>SCENIC CHARACTER <\/b><\/span><\/span><\/span><\/p>\n<p align=\"JUSTIFY\"><span style=\"font-family: georgia, palatino, serif; font-size: 12pt;\"><span lang=\"en-GB\">Kamie\u0144 Pomorski is one of the oldest and most important cities of West Pomerania. In the past, the city was the capital of the Pomeranian Duchy and the capital of the bishopric. The history of the past is confirmed by well-preserved monuments. The most important object on the Griffins Route is the cathedral complex (Historical Monument). There is a Romanesque-Gothic cathedral with a unique patio. The cathedral, whose origins date back to the Christianization mission of Otto von Bamberg (in 12th century), after the takeover of the Reformation, went under the rule of the Pomeranian dukes, who <\/span><span lang=\"en-GB\">were also ranked as bishops<\/span><span lang=\"en-GB\">. The last of them was Boguslaw Ernest de Croy, nephew of Bogus\u0142aw XIV, the last prince of the Griffin dynasty. He, as the heir of the prince&#8217;s family, funded the equipment of the cathedral, among others high-class artistic Baroque <\/span><span lang=\"en-GB\">organs<\/span><span lang=\"en-GB\">, whose appearance and sound can be admired <\/span><span lang=\"en-GB\">even today<\/span><span lang=\"en-GB\">.<\/span><\/span><\/p>\n<p align=\"JUSTIFY\"><span style=\"font-family: georgia, palatino, serif; font-size: 12pt;\"><span lang=\"en-GB\"><b>ATTRACTIONS <\/b><\/span><\/span><\/p>\n<p align=\"JUSTIFY\"><span style=\"font-family: georgia, palatino, serif; font-size: 12pt;\"><span lang=\"en-GB\">Kamie\u0144 Pomorski is a spa town because <\/span><span lang=\"en-GB\">of its <\/span><span lang=\"en-GB\">specific microclimate and deposits of brine and peat. Kamie\u0144 Pomorski is a place of penetration of various influences &#8211; from Slavic and Polish through Danish, Brandenburg, Swedish and Prussian, which <\/span><span lang=\"en-GB\">is<\/span><span lang=\"en-GB\"> also reflected in the architecture of surviving objects. <\/span><span lang=\"en-GB\">The most interesting things and places to see in Kamie\u0144 Pomorski include the Tower, in which there is the Museum of Stones, Wolin Gate, a part of defensive walls &#8211; remains of the old city fortifications as well as the Gothic Town Hall, erected in the 14th century. There\u2019s also a possibility to learn about the history of the city by visiting the Museum of the History of Kamie\u0144 Podolski. For <\/span><span lang=\"en-GB\">over 50 years, the International Organ and Chamber Music Festival <\/span><span lang=\"en-GB\">has been taking place every <\/span><span lang=\"en-GB\">the summer in the cathedral. Numerous sailing events are organized at the Kamie\u0144ski Lagoon and a modern marina is a place where you can moor your yacht and get <\/span><span lang=\"en-GB\">to<\/span><span lang=\"en-GB\"> know the charms of this historic city.<\/span><\/span><\/p>\n<p>&nbsp;<\/p>\n<p><div class=\"rl-gallery-container rl-loading\" id=\"rl-gallery-container-1\" data-gallery_id=\"2156\"> <div class=\"rl-gallery rl-basicgrid-gallery \" id=\"rl-gallery-1\" data-gallery_no=\"1\"> <div class=\"rl-gallery-item\"><a href=\"https:\/\/sbt.ug.edu.pl\/wp-content\/uploads\/2019\/07\/Kamien_Pomorski-katedra-fot.-T.-Duda.jpg\" title=\"Kamien_Pomorski- katedra, fot. T. Duda\" data-rl_title=\"Kamien_Pomorski- katedra, fot. T. Duda\" class=\"rl-gallery-link\" data-rl_caption=\"\" data-rel=\"lightbox-gallery-1\"><img src=\"https:\/\/sbt.ug.edu.pl\/wp-content\/uploads\/2019\/07\/Kamien_Pomorski-katedra-fot.-T.-Duda.jpg\" width=\"427\" height=\"640\" alt=\"\" \/><\/a><\/div><div class=\"rl-gallery-item\"><a href=\"https:\/\/sbt.ug.edu.pl\/wp-content\/uploads\/2019\/07\/Kamie\u0144-Pomorski-na-mapie-Lubinusa.png\" title=\"Kamie\u0144 Pomorski na mapie Lubinusa\" data-rl_title=\"Kamie\u0144 Pomorski na mapie Lubinusa\" class=\"rl-gallery-link\" data-rl_caption=\"\" data-rel=\"lightbox-gallery-1\"><img src=\"https:\/\/sbt.ug.edu.pl\/wp-content\/uploads\/2019\/07\/Kamie\u0144-Pomorski-na-mapie-Lubinusa-768x431.png\" width=\"640\" height=\"359\" alt=\"\" \/><\/a><\/div><div class=\"rl-gallery-item\"><a href=\"https:\/\/sbt.ug.edu.pl\/wp-content\/uploads\/2019\/07\/Kamien_Pomorski-katedra-3-fot.-T.Duda_.jpg\" title=\"Kamien_Pomorski- katedra, 3, fot. T.Duda\" data-rl_title=\"Kamien_Pomorski- katedra, 3, fot. T.Duda\" class=\"rl-gallery-link\" data-rl_caption=\"\" data-rel=\"lightbox-gallery-1\"><img src=\"https:\/\/sbt.ug.edu.pl\/wp-content\/uploads\/2019\/07\/Kamien_Pomorski-katedra-3-fot.-T.Duda_.jpg\" width=\"640\" height=\"427\" alt=\"\" \/><\/a><\/div><div class=\"rl-gallery-item\"><a href=\"https:\/\/sbt.ug.edu.pl\/wp-content\/uploads\/2019\/07\/Kamien_Pomorski-katedra-fot.-T.Duda_.jpg\" title=\"Kamien_Pomorski &#8211; katedra, fot. T.Duda\" data-rl_title=\"Kamien_Pomorski &#8211; katedra, fot. T.Duda\" class=\"rl-gallery-link\" data-rl_caption=\"\" data-rel=\"lightbox-gallery-1\"><img src=\"https:\/\/sbt.ug.edu.pl\/wp-content\/uploads\/2019\/07\/Kamien_Pomorski-katedra-fot.-T.Duda_.jpg\" width=\"640\" height=\"427\" alt=\"\" \/><\/a><\/div><div class=\"rl-gallery-item\"><a href=\"https:\/\/sbt.ug.edu.pl\/wp-content\/uploads\/2019\/07\/Kamien_Pomorski-katedra-barokowe-organy-fot.-T.Duda_.jpg\" title=\"Kamien_Pomorski &#8211; katedra, barokowe organy, fot. T.Duda\" data-rl_title=\"Kamien_Pomorski &#8211; katedra, barokowe organy, fot. T.Duda\" class=\"rl-gallery-link\" data-rl_caption=\"\" data-rel=\"lightbox-gallery-1\"><img src=\"https:\/\/sbt.ug.edu.pl\/wp-content\/uploads\/2019\/07\/Kamien_Pomorski-katedra-barokowe-organy-fot.-T.Duda_.jpg\" width=\"640\" height=\"427\" alt=\"\" \/><\/a><\/div><div class=\"rl-gallery-item\"><a href=\"https:\/\/sbt.ug.edu.pl\/wp-content\/uploads\/2019\/07\/Kamien_Pomorski-katedra-fot.-T.Duda-2.jpg\" title=\"Kamien_Pomorski &#8211; katedra, fot. T.Duda (2)\" data-rl_title=\"Kamien_Pomorski &#8211; katedra, fot. T.Duda (2)\" class=\"rl-gallery-link\" data-rl_caption=\"\" data-rel=\"lightbox-gallery-1\"><img src=\"https:\/\/sbt.ug.edu.pl\/wp-content\/uploads\/2019\/07\/Kamien_Pomorski-katedra-fot.-T.Duda-2.jpg\" width=\"640\" height=\"427\" alt=\"\" \/><\/a><\/div><div class=\"rl-gallery-item\"><a href=\"https:\/\/sbt.ug.edu.pl\/wp-content\/uploads\/2019\/07\/Kamien_Pomorski-katedra-wirydarz-fot.-T.Duda_.jpg\" title=\"Kamien_Pomorski- katedra, wirydarz, fot. T.Duda\" data-rl_title=\"Kamien_Pomorski- katedra, wirydarz, fot. T.Duda\" class=\"rl-gallery-link\" data-rl_caption=\"\" data-rel=\"lightbox-gallery-1\"><img src=\"https:\/\/sbt.ug.edu.pl\/wp-content\/uploads\/2019\/07\/Kamien_Pomorski-katedra-wirydarz-fot.-T.Duda_.jpg\" width=\"640\" height=\"427\" alt=\"\" \/><\/a><\/div><div class=\"rl-gallery-item\"><a href=\"https:\/\/sbt.ug.edu.pl\/wp-content\/uploads\/2019\/07\/Kamie\u0144-Pomorski-katedra-barokowe-organy-fot.-B.Wo\u0142owczyk.jpg\" title=\"Kamie\u0144 Pomorski &#8211; katedra, barokowe organy, fot. B.Wo\u0142owczyk\" data-rl_title=\"Kamie\u0144 Pomorski &#8211; katedra, barokowe organy, fot. B.Wo\u0142owczyk\" class=\"rl-gallery-link\" data-rl_caption=\"\" data-rel=\"lightbox-gallery-1\"><img src=\"https:\/\/sbt.ug.edu.pl\/wp-content\/uploads\/2019\/07\/Kamie\u0144-Pomorski-katedra-barokowe-organy-fot.-B.Wo\u0142owczyk-768x508.jpg\" width=\"640\" height=\"423\" alt=\"\" \/><\/a><\/div><div class=\"rl-gallery-item\"><a href=\"https:\/\/sbt.ug.edu.pl\/wp-content\/uploads\/2019\/07\/Kamie\u0144-Pomorski-ratusz-fot.-B.Wo\u0142owczyk.jpg\" title=\"Kamie\u0144 Pomorski &#8211; ratusz, fot. B.Wo\u0142owczyk\" data-rl_title=\"Kamie\u0144 Pomorski &#8211; ratusz, fot. B.Wo\u0142owczyk\" class=\"rl-gallery-link\" data-rl_caption=\"\" data-rel=\"lightbox-gallery-1\"><img src=\"https:\/\/sbt.ug.edu.pl\/wp-content\/uploads\/2019\/07\/Kamie\u0144-Pomorski-ratusz-fot.-B.Wo\u0142owczyk-768x576.jpg\" width=\"640\" height=\"480\" alt=\"\" \/><\/a><\/div><div class=\"rl-gallery-item\"><a href=\"https:\/\/sbt.ug.edu.pl\/wp-content\/uploads\/2019\/07\/Kamie\u0144-Pomorski-katedra-szczatki-Gryfit\u00f3w-fot.-B.Wolowczyk.jpg\" title=\"Kamie\u0144 Pomorski -katedra, szczatki Gryfit\u00f3w, fot. B.Wolowczyk\" data-rl_title=\"Kamie\u0144 Pomorski -katedra, szczatki Gryfit\u00f3w, fot. B.Wolowczyk\" class=\"rl-gallery-link\" data-rl_caption=\"\" data-rel=\"lightbox-gallery-1\"><img src=\"https:\/\/sbt.ug.edu.pl\/wp-content\/uploads\/2019\/07\/Kamie\u0144-Pomorski-katedra-szczatki-Gryfit\u00f3w-fot.-B.Wolowczyk-768x537.jpg\" width=\"640\" height=\"448\" alt=\"\" \/><\/a><\/div> <\/div> <\/div><\/p>","protected":false},"excerpt":{"rendered":"<p>Atsipra\u0161ome, \u0161is puslapis galimas tik Jungtini\u0173 Valstij\u0173 Angl\u0173, Vokie\u010di\u0173 ir Lenk\u0173. For the sake of viewer convenience, the content is shown below in this site default language. You may click one of the links to switch the site language to another available language. LOCATION The city is located on the shores of the Kamie\u0144ski Lagoon [&hellip;]<\/p>\n","protected":false},"author":3,"featured_media":0,"parent":486,"menu_order":0,"comment_status":"closed","ping_status":"closed","template":"","meta":[],"categories":[34,29,15],"tags":[],"_links":{"self":[{"href":"https:\/\/sbt.ug.edu.pl\/lt\/wp-json\/wp\/v2\/pages\/1763"}],"collection":[{"href":"https:\/\/sbt.ug.edu.pl\/lt\/wp-json\/wp\/v2\/pages"}],"about":[{"href":"https:\/\/sbt.ug.edu.pl\/lt\/wp-json\/wp\/v2\/types\/page"}],"author":[{"embeddable":true,"href":"https:\/\/sbt.ug.edu.pl\/lt\/wp-json\/wp\/v2\/users\/3"}],"replies":[{"embeddable":true,"href":"https:\/\/sbt.ug.edu.pl\/lt\/wp-json\/wp\/v2\/comments?post=1763"}],"version-history":[{"count":7,"href":"https:\/\/sbt.ug.edu.pl\/lt\/wp-json\/wp\/v2\/pages\/1763\/revisions"}],"predecessor-version":[{"id":5283,"href":"https:\/\/sbt.ug.edu.pl\/lt\/wp-json\/wp\/v2\/pages\/1763\/revisions\/5283"}],"up":[{"embeddable":true,"href":"https:\/\/sbt.ug.edu.pl\/lt\/wp-json\/wp\/v2\/pages\/486"}],"wp:attachment":[{"href":"https:\/\/sbt.ug.edu.pl\/lt\/wp-json\/wp\/v2\/media?parent=1763"}],"wp:term":[{"taxonomy":"category","embeddable":true,"href":"https:\/\/sbt.ug.edu.pl\/lt\/wp-json\/wp\/v2\/categories?post=1763"},{"taxonomy":"post_tag","embeddable":true,"href":"https:\/\/sbt.ug.edu.pl\/lt\/wp-json\/wp\/v2\/tags?post=1763"}],"curies":[{"name":"wp","href":"https:\/\/api.w.org\/{rel}","templated":true}]}}