{"id":1767,"date":"2019-07-10T12:21:27","date_gmt":"2019-07-10T10:21:27","guid":{"rendered":"https:\/\/southbaltic-tourist.eu\/?page_id=1767"},"modified":"2020-02-18T17:09:13","modified_gmt":"2020-02-18T17:09:13","slug":"3-trzebiatow","status":"publish","type":"page","link":"https:\/\/sbt.ug.edu.pl\/lt\/routes\/griffins-dynasty-and-baltic-sea-battles\/3-trzebiatow\/","title":{"rendered":"(English) 3. Trzebiat\u00f3w"},"content":{"rendered":"<p class=\"qtranxs-available-languages-message qtranxs-available-languages-message-lt\">Atsipra\u0161ome, \u0161is puslapis galimas tik <a href=\"https:\/\/sbt.ug.edu.pl\/en\/wp-json\/wp\/v2\/pages\/1767\" class=\"qtranxs-available-language-link qtranxs-available-language-link-en\" title=\"English\">Jungtini\u0173 Valstij\u0173 Angl\u0173<\/a>, <a href=\"https:\/\/sbt.ug.edu.pl\/de\/wp-json\/wp\/v2\/pages\/1767\" class=\"qtranxs-available-language-link qtranxs-available-language-link-de\" title=\"Deutsch\">Vokie\u010di\u0173<\/a> ir <a href=\"https:\/\/sbt.ug.edu.pl\/pl\/wp-json\/wp\/v2\/pages\/1767\" class=\"qtranxs-available-language-link qtranxs-available-language-link-pl\" title=\"Polski\">Lenk\u0173<\/a>. For the sake of viewer convenience, the content is shown below in this site default language. You may click one of the links to switch the site language to another available language.<\/p><p><\/p>\n<p style=\"text-align: justify;\"><span style=\"font-family: georgia, palatino, serif; font-size: 12pt;\"><b>LOCATION<\/b><\/span><\/p>\n<p align=\"JUSTIFY\"><span style=\"font-size: 12pt; font-family: georgia, palatino, serif;\"><span lang=\"en-GB\">Trzebiat\u00f3w is located on the Rega River, about 8 km away from the Baltic Sea, 35 km from Kamie\u0144 Pomorski and 120 km from Szczecin. The Old Town, located in the bend of the river, <\/span><span lang=\"en-GB\">seats<\/span><span lang=\"en-GB\"> on a hill surrounded by defensive walls. Palace on the M\u0142yn\u00f3wka and the Chapel of the Holy Spirit are in the old part of the city 15\u00b015&#8217;E 54\u00b004&#8217;N<\/span><\/span><\/p>\n<p style=\"text-align: justify;\" align=\"LEFT\"><span style=\"font-family: georgia, palatino, serif; font-size: 12pt;\">\u00a0<\/span><\/p>\n<p style=\"text-align: justify;\" align=\"LEFT\"><span style=\"font-size: 12pt; font-family: georgia, palatino, serif;\"><img decoding=\"async\" loading=\"lazy\" class=\"alignleft wp-image-1768\" src=\"https:\/\/southbaltic-tourist.eu\/wp-content\/uploads\/2019\/07\/3-1.jpg\" alt=\"\" width=\"584\" height=\"300\" srcset=\"https:\/\/sbt.ug.edu.pl\/wp-content\/uploads\/2019\/07\/3-1.jpg 1045w, https:\/\/sbt.ug.edu.pl\/wp-content\/uploads\/2019\/07\/3-1-300x154.jpg 300w, https:\/\/sbt.ug.edu.pl\/wp-content\/uploads\/2019\/07\/3-1-768x395.jpg 768w, https:\/\/sbt.ug.edu.pl\/wp-content\/uploads\/2019\/07\/3-1-1024x526.jpg 1024w, https:\/\/sbt.ug.edu.pl\/wp-content\/uploads\/2019\/07\/3-1-150x77.jpg 150w\" sizes=\"(max-width: 584px) 100vw, 584px\" \/><\/span><\/p>\n<p style=\"text-align: justify;\" align=\"LEFT\"><span style=\"font-size: 12pt; font-family: georgia, palatino, serif;\">\u00a0 <a href=\"https:\/\/southbaltic-tourist.eu\/wp-content\/uploads\/2020\/02\/R6.03-Trzebiat\u00f3w.png\" data-rel=\"lightbox-gallery-QT1jhKpy\" data-rl_title=\"\" data-rl_caption=\"\" title=\"\"><img decoding=\"async\" loading=\"lazy\" class=\"alignnone wp-image-5284\" src=\"https:\/\/southbaltic-tourist.eu\/wp-content\/uploads\/2020\/02\/R6.03-Trzebiat\u00f3w-300x174.png\" alt=\"\" width=\"516\" height=\"300\" srcset=\"https:\/\/sbt.ug.edu.pl\/wp-content\/uploads\/2020\/02\/R6.03-Trzebiat\u00f3w-300x174.png 300w, https:\/\/sbt.ug.edu.pl\/wp-content\/uploads\/2020\/02\/R6.03-Trzebiat\u00f3w-1024x595.png 1024w, https:\/\/sbt.ug.edu.pl\/wp-content\/uploads\/2020\/02\/R6.03-Trzebiat\u00f3w-768x446.png 768w, https:\/\/sbt.ug.edu.pl\/wp-content\/uploads\/2020\/02\/R6.03-Trzebiat\u00f3w-1536x893.png 1536w, https:\/\/sbt.ug.edu.pl\/wp-content\/uploads\/2020\/02\/R6.03-Trzebiat\u00f3w-150x87.png 150w, https:\/\/sbt.ug.edu.pl\/wp-content\/uploads\/2020\/02\/R6.03-Trzebiat\u00f3w.png 1600w\" sizes=\"(max-width: 516px) 100vw, 516px\" \/><\/a><\/span><\/p>\n<p style=\"text-align: justify;\"><span style=\"font-size: 12pt; font-family: georgia, palatino, serif;\"><b>SCENIC CHARACTER <\/b><\/span><\/p>\n<p align=\"JUSTIFY\"><span style=\"font-size: 12pt; font-family: georgia, palatino, serif;\"><span lang=\"en-GB\">Over 700 years of the city&#8217;s history is visible in every corner of it, reminding <\/span><span lang=\"en-GB\">bystanders<\/span><span lang=\"en-GB\"> about important events and related persons. <\/span><span lang=\"en-GB\">When it comes to the <\/span><span lang=\"en-GB\">Griffin Route, the most important place to visit is the Chapel of The Holy Spirit, in which in 1534 a sitting<\/span><span lang=\"en-GB\"> of the Pomeranian Parliament was held<\/span><span lang=\"en-GB\">. <\/span><span lang=\"en-GB\">It\u2019s right here where <\/span><span lang=\"en-GB\">the Pomeranian dukes decided to implement the reformation and adopt Lutheranism as a religion prevailing in Pomerania. Pa\u0142ac nad M\u0142yn\u00f3wk\u0105 is a monument of particularly high historical value in Trzebiat\u00f3w. Its origins date back to the 13th-century when a house was built here for Duchess Anastasia, the widow of Bogus\u0142aw I. After her death, the building was rebuilt for the needs of the Norbertine monastery. After the introduction of the Reformation in Pomerania in 1534, the monastery buildings became the property of the Pomeranian dukes and after the death of Bogus\u0142aw XIV (the last prince of the Griffins dynasty) and the Thirty Years&#8217; War the palace passed into the hands of Brandenburg. In the rebuilt palace there are relics of the former Norbertine monastery and the princely residence. Today&#8217;s palace is the seat of the Trzebiatowski Centre of Culture and Museum. The institution cherishes the memory of the former inhabitants of this palace &#8211; the Duchess of Pomerania Anastasia and the Duchess of the Pomerania Zofia (widow of Philip II).<\/span><\/span><\/p>\n<p align=\"JUSTIFY\"><span style=\"font-family: georgia, palatino, serif; font-size: 12pt;\"><span lang=\"en-GB\"><b>ATTRACTIONS <\/b><\/span><\/span><\/p>\n<p align=\"JUSTIFY\"><span style=\"font-size: 12pt; font-family: georgia, palatino, serif;\"><span lang=\"en-GB\">Trzebiat\u00f3w is a multicultural city &#8211; it is a city of four religions: Evangelical, Catholic, Orthodox and Greek Catholic. Walking through the streets of Trzebiat\u00f3w, it\u2019s <\/span><span lang=\"en-GB\">worth to note a graffito from the <\/span><span lang=\"en-GB\">17th-century depicting the famous Hansken elephant, the same one Rembrandt immortalized in the painting &#8222;Adam and Eve&#8221;. Due to its layout of streets and preserved monuments, the city has a specific, captivating climate. At the turn of July and August the &#8222;Groats Festival&#8221; takes place in Trzebiat\u00f3w. A place that is also worth visiting is the Church of Motherhood of the Blessed Virgin Mary, <\/span><span lang=\"en-GB\">which is often visited by <\/span><span lang=\"en-GB\">couples wishing to have children. Through the city runs the European Cultural Route, The <\/span><span lang=\"en-GB\">Road<\/span><span lang=\"en-GB\"> of St. James<\/span><\/span><\/p>\n<p>&nbsp;<\/p>\n<p><span style=\"font-size: 12pt; font-family: georgia, palatino, serif;\"><div class=\"rl-gallery-container rl-loading\" id=\"rl-gallery-container-1\" data-gallery_id=\"2168\"> <div class=\"rl-gallery rl-basicgrid-gallery \" id=\"rl-gallery-1\" data-gallery_no=\"1\"> <div class=\"rl-gallery-item\"><a href=\"https:\/\/sbt.ug.edu.pl\/wp-content\/uploads\/2019\/07\/Trzebat\u00f3w-kaplica-\u015bw.-Ducha-miejsce-Sejmiku-Trzebiatowskiego-w-1534-r.-fot.-B.Wolowczyk.jpg\" title=\"Trzebat\u00f3w &#8211; kaplica \u015bw. Ducha, miejsce Sejmiku Trzebiatowskiego w 1534 r. fot. B.Wolowczyk\" data-rl_title=\"Trzebat\u00f3w &#8211; kaplica \u015bw. Ducha, miejsce Sejmiku Trzebiatowskiego w 1534 r. fot. B.Wolowczyk\" class=\"rl-gallery-link\" data-rl_caption=\"\" data-rel=\"lightbox-gallery-1\"><img src=\"https:\/\/sbt.ug.edu.pl\/wp-content\/uploads\/2019\/07\/Trzebat\u00f3w-kaplica-\u015bw.-Ducha-miejsce-Sejmiku-Trzebiatowskiego-w-1534-r.-fot.-B.Wolowczyk.jpg\" width=\"640\" height=\"963\" alt=\"\" \/><\/a><\/div><div class=\"rl-gallery-item\"><a href=\"https:\/\/sbt.ug.edu.pl\/wp-content\/uploads\/2019\/07\/Trzebiat\u00f3w-kaplica-\u015bw.-Ducha-wn\u0119trze-fot.-B.Wo\u0142owczyk.jpg\" title=\"Trzebiat\u00f3w &#8211; kaplica \u015bw. Ducha, wn\u0119trze fot. B.Wo\u0142owczyk\" data-rl_title=\"Trzebiat\u00f3w &#8211; kaplica \u015bw. Ducha, wn\u0119trze fot. B.Wo\u0142owczyk\" class=\"rl-gallery-link\" data-rl_caption=\"\" data-rel=\"lightbox-gallery-1\"><img src=\"https:\/\/sbt.ug.edu.pl\/wp-content\/uploads\/2019\/07\/Trzebiat\u00f3w-kaplica-\u015bw.-Ducha-wn\u0119trze-fot.-B.Wo\u0142owczyk-768x432.jpg\" width=\"640\" height=\"360\" alt=\"\" \/><\/a><\/div><div class=\"rl-gallery-item\"><a href=\"https:\/\/sbt.ug.edu.pl\/wp-content\/uploads\/2019\/07\/Trzebiat\u00f3w-kaplica-\u015bw.-Ducha-wn\u0119trze-fot.-B.Wo\u0142owczyk-1.jpg\" title=\"Trzebiat\u00f3w &#8211; kaplica \u015bw. Ducha, wn\u0119trze, fot. B.Wo\u0142owczyk\" data-rl_title=\"Trzebiat\u00f3w &#8211; kaplica \u015bw. Ducha, wn\u0119trze, fot. B.Wo\u0142owczyk\" class=\"rl-gallery-link\" data-rl_caption=\"\" data-rel=\"lightbox-gallery-1\"><img src=\"https:\/\/sbt.ug.edu.pl\/wp-content\/uploads\/2019\/07\/Trzebiat\u00f3w-kaplica-\u015bw.-Ducha-wn\u0119trze-fot.-B.Wo\u0142owczyk-1-768x432.jpg\" width=\"640\" height=\"360\" alt=\"\" \/><\/a><\/div><div class=\"rl-gallery-item\"><a href=\"https:\/\/sbt.ug.edu.pl\/wp-content\/uploads\/2019\/07\/Trzebiat\u00f3w-kosci\u00f3\u0142-mariacki-fot.-B.Wo\u0142owczyk.jpg\" title=\"Trzebiat\u00f3w &#8211; kosci\u00f3\u0142 mariacki, fot. B.Wo\u0142owczyk\" data-rl_title=\"Trzebiat\u00f3w &#8211; kosci\u00f3\u0142 mariacki, fot. B.Wo\u0142owczyk\" class=\"rl-gallery-link\" data-rl_caption=\"\" data-rel=\"lightbox-gallery-1\"><img src=\"https:\/\/sbt.ug.edu.pl\/wp-content\/uploads\/2019\/07\/Trzebiat\u00f3w-kosci\u00f3\u0142-mariacki-fot.-B.Wo\u0142owczyk-768x1017.jpg\" width=\"640\" height=\"848\" alt=\"\" \/><\/a><\/div><div class=\"rl-gallery-item\"><a href=\"https:\/\/sbt.ug.edu.pl\/wp-content\/uploads\/2019\/07\/Trzebiat\u00f3w-ko\u015bci\u00f3\u0142-mariacki-wn\u0119trze-fot.-T.Duda_.jpg\" title=\"Trzebiat\u00f3w &#8211; ko\u015bci\u00f3\u0142 mariacki, wn\u0119trze, fot. T.Duda\" data-rl_title=\"Trzebiat\u00f3w &#8211; ko\u015bci\u00f3\u0142 mariacki, wn\u0119trze, fot. T.Duda\" class=\"rl-gallery-link\" data-rl_caption=\"\" data-rel=\"lightbox-gallery-1\"><img src=\"https:\/\/sbt.ug.edu.pl\/wp-content\/uploads\/2019\/07\/Trzebiat\u00f3w-ko\u015bci\u00f3\u0142-mariacki-wn\u0119trze-fot.-T.Duda_.jpg\" width=\"640\" height=\"412\" alt=\"\" \/><\/a><\/div><div class=\"rl-gallery-item\"><a href=\"https:\/\/sbt.ug.edu.pl\/wp-content\/uploads\/2019\/07\/Trzebiat\u00f3w-Muzeum-w-Pa\u0142acu-nad-M\u0142ynowk\u0105-fot.-B.Wo\u0142owczyk.jpg\" title=\"Trzebiat\u00f3w &#8211; Muzeum w Pa\u0142acu nad M\u0142ynowk\u0105, fot. B.Wo\u0142owczyk\" data-rl_title=\"Trzebiat\u00f3w &#8211; Muzeum w Pa\u0142acu nad M\u0142ynowk\u0105, fot. B.Wo\u0142owczyk\" class=\"rl-gallery-link\" data-rl_caption=\"\" data-rel=\"lightbox-gallery-1\"><img src=\"https:\/\/sbt.ug.edu.pl\/wp-content\/uploads\/2019\/07\/Trzebiat\u00f3w-Muzeum-w-Pa\u0142acu-nad-M\u0142ynowk\u0105-fot.-B.Wo\u0142owczyk-768x432.jpg\" width=\"640\" height=\"360\" alt=\"\" \/><\/a><\/div><div class=\"rl-gallery-item\"><a href=\"https:\/\/sbt.ug.edu.pl\/wp-content\/uploads\/2019\/07\/Trzebiat\u00f3w-Pa\u0142ac-dawna-siedziba-wd\u00f3w-ksi\u0105\u017c\u0105t-pomorskich-fot.-B.Wo\u0142owczyk.jpg\" title=\"Trzebiat\u00f3w &#8211; Pa\u0142ac, dawna siedziba wd\u00f3w ksi\u0105\u017c\u0105t pomorskich, fot. B.Wo\u0142owczyk\" data-rl_title=\"Trzebiat\u00f3w &#8211; Pa\u0142ac, dawna siedziba wd\u00f3w ksi\u0105\u017c\u0105t pomorskich, fot. B.Wo\u0142owczyk\" class=\"rl-gallery-link\" data-rl_caption=\"\" data-rel=\"lightbox-gallery-1\"><img src=\"https:\/\/sbt.ug.edu.pl\/wp-content\/uploads\/2019\/07\/Trzebiat\u00f3w-Pa\u0142ac-dawna-siedziba-wd\u00f3w-ksi\u0105\u017c\u0105t-pomorskich-fot.-B.Wo\u0142owczyk-768x432.jpg\" width=\"640\" height=\"360\" alt=\"\" \/><\/a><\/div><div class=\"rl-gallery-item\"><a href=\"https:\/\/sbt.ug.edu.pl\/wp-content\/uploads\/2019\/07\/Trzebiat\u00f3w-relief-gryfa-na-ratuszu-fot.-B.Wo\u0142owczyk.jpg\" title=\"Trzebiat\u00f3w &#8211; relief gryfa na ratuszu, fot. B.Wo\u0142owczyk\" data-rl_title=\"Trzebiat\u00f3w &#8211; relief gryfa na ratuszu, fot. B.Wo\u0142owczyk\" class=\"rl-gallery-link\" data-rl_caption=\"\" data-rel=\"lightbox-gallery-1\"><img src=\"https:\/\/sbt.ug.edu.pl\/wp-content\/uploads\/2019\/07\/Trzebiat\u00f3w-relief-gryfa-na-ratuszu-fot.-B.Wo\u0142owczyk-768x432.jpg\" width=\"640\" height=\"360\" alt=\"\" \/><\/a><\/div><div class=\"rl-gallery-item\"><a href=\"https:\/\/sbt.ug.edu.pl\/wp-content\/uploads\/2019\/07\/Trzebiat\u00f3w-rynek-i-wie\u017ca-ko\u015bcio\u0142a-mariackiego-fot.-T.Duda_.jpg\" title=\"Trzebiat\u00f3w &#8211; rynek i wie\u017ca ko\u015bcio\u0142a mariackiego, fot. T.Duda\" data-rl_title=\"Trzebiat\u00f3w &#8211; rynek i wie\u017ca ko\u015bcio\u0142a mariackiego, fot. T.Duda\" class=\"rl-gallery-link\" data-rl_caption=\"\" data-rel=\"lightbox-gallery-1\"><img src=\"https:\/\/sbt.ug.edu.pl\/wp-content\/uploads\/2019\/07\/Trzebiat\u00f3w-rynek-i-wie\u017ca-ko\u015bcio\u0142a-mariackiego-fot.-T.Duda_.jpg\" width=\"426\" height=\"640\" alt=\"\" \/><\/a><\/div><div class=\"rl-gallery-item\"><a href=\"https:\/\/sbt.ug.edu.pl\/wp-content\/uploads\/2019\/07\/Trzebiat\u00f3w-rynek-ratusz-ko\u015bci\u00f3l-fot.-B.Wo\u0142owczyk.jpg\" title=\"Trzebiat\u00f3w &#8211; rynek, ratusz, ko\u015bci\u00f3l, fot. B.Wo\u0142owczyk\" data-rl_title=\"Trzebiat\u00f3w &#8211; rynek, ratusz, ko\u015bci\u00f3l, fot. B.Wo\u0142owczyk\" class=\"rl-gallery-link\" data-rl_caption=\"\" data-rel=\"lightbox-gallery-1\"><img src=\"https:\/\/sbt.ug.edu.pl\/wp-content\/uploads\/2019\/07\/Trzebiat\u00f3w-rynek-ratusz-ko\u015bci\u00f3l-fot.-B.Wo\u0142owczyk-768x484.jpg\" width=\"640\" height=\"403\" alt=\"\" \/><\/a><\/div><div class=\"rl-gallery-item\"><a href=\"https:\/\/sbt.ug.edu.pl\/wp-content\/uploads\/2019\/07\/Trzebiat\u00f3w-sgraffito-s\u0142onicy-Hansken-fot.-B.Wolowczyk.jpg\" title=\"Trzebiat\u00f3w &#8211; sgraffito s\u0142onicy Hansken, fot. B.Wolowczyk\" data-rl_title=\"Trzebiat\u00f3w &#8211; sgraffito s\u0142onicy Hansken, fot. B.Wolowczyk\" class=\"rl-gallery-link\" data-rl_caption=\"\" data-rel=\"lightbox-gallery-1\"><img src=\"https:\/\/sbt.ug.edu.pl\/wp-content\/uploads\/2019\/07\/Trzebiat\u00f3w-sgraffito-s\u0142onicy-Hansken-fot.-B.Wolowczyk-768x432.jpg\" width=\"640\" height=\"360\" alt=\"\" \/><\/a><\/div><div class=\"rl-gallery-item\"><a href=\"https:\/\/sbt.ug.edu.pl\/wp-content\/uploads\/2019\/07\/Trzebiat\u00f3w-widok-na-miasto-fot.-T.Duda_.jpg\" title=\"Trzebiat\u00f3w &#8211; widok na miasto, fot. T.Duda\" data-rl_title=\"Trzebiat\u00f3w &#8211; widok na miasto, fot. T.Duda\" class=\"rl-gallery-link\" data-rl_caption=\"\" data-rel=\"lightbox-gallery-1\"><img src=\"https:\/\/sbt.ug.edu.pl\/wp-content\/uploads\/2019\/07\/Trzebiat\u00f3w-widok-na-miasto-fot.-T.Duda_.jpg\" width=\"640\" height=\"427\" alt=\"\" \/><\/a><\/div> <\/div> <\/div><\/span><\/p>","protected":false},"excerpt":{"rendered":"<p>Atsipra\u0161ome, \u0161is puslapis galimas tik Jungtini\u0173 Valstij\u0173 Angl\u0173, Vokie\u010di\u0173 ir Lenk\u0173. For the sake of viewer convenience, the content is shown below in this site default language. You may click one of the links to switch the site language to another available language. LOCATION Trzebiat\u00f3w is located on the Rega River, about 8 km away [&hellip;]<\/p>\n","protected":false},"author":3,"featured_media":0,"parent":486,"menu_order":0,"comment_status":"closed","ping_status":"closed","template":"","meta":[],"categories":[34,29,15],"tags":[],"_links":{"self":[{"href":"https:\/\/sbt.ug.edu.pl\/lt\/wp-json\/wp\/v2\/pages\/1767"}],"collection":[{"href":"https:\/\/sbt.ug.edu.pl\/lt\/wp-json\/wp\/v2\/pages"}],"about":[{"href":"https:\/\/sbt.ug.edu.pl\/lt\/wp-json\/wp\/v2\/types\/page"}],"author":[{"embeddable":true,"href":"https:\/\/sbt.ug.edu.pl\/lt\/wp-json\/wp\/v2\/users\/3"}],"replies":[{"embeddable":true,"href":"https:\/\/sbt.ug.edu.pl\/lt\/wp-json\/wp\/v2\/comments?post=1767"}],"version-history":[{"count":7,"href":"https:\/\/sbt.ug.edu.pl\/lt\/wp-json\/wp\/v2\/pages\/1767\/revisions"}],"predecessor-version":[{"id":5286,"href":"https:\/\/sbt.ug.edu.pl\/lt\/wp-json\/wp\/v2\/pages\/1767\/revisions\/5286"}],"up":[{"embeddable":true,"href":"https:\/\/sbt.ug.edu.pl\/lt\/wp-json\/wp\/v2\/pages\/486"}],"wp:attachment":[{"href":"https:\/\/sbt.ug.edu.pl\/lt\/wp-json\/wp\/v2\/media?parent=1767"}],"wp:term":[{"taxonomy":"category","embeddable":true,"href":"https:\/\/sbt.ug.edu.pl\/lt\/wp-json\/wp\/v2\/categories?post=1767"},{"taxonomy":"post_tag","embeddable":true,"href":"https:\/\/sbt.ug.edu.pl\/lt\/wp-json\/wp\/v2\/tags?post=1767"}],"curies":[{"name":"wp","href":"https:\/\/api.w.org\/{rel}","templated":true}]}}