{"id":1775,"date":"2019-07-10T12:24:53","date_gmt":"2019-07-10T10:24:53","guid":{"rendered":"https:\/\/southbaltic-tourist.eu\/?page_id=1775"},"modified":"2020-02-18T17:14:08","modified_gmt":"2020-02-18T17:14:08","slug":"5-bytow","status":"publish","type":"page","link":"https:\/\/sbt.ug.edu.pl\/lt\/routes\/griffins-dynasty-and-baltic-sea-battles\/5-bytow\/","title":{"rendered":"(English) 5. Byt\u00f3w"},"content":{"rendered":"<p class=\"qtranxs-available-languages-message qtranxs-available-languages-message-lt\">Atsipra\u0161ome, \u0161is puslapis galimas tik <a href=\"https:\/\/sbt.ug.edu.pl\/en\/wp-json\/wp\/v2\/pages\/1775\" class=\"qtranxs-available-language-link qtranxs-available-language-link-en\" title=\"English\">Jungtini\u0173 Valstij\u0173 Angl\u0173<\/a>, <a href=\"https:\/\/sbt.ug.edu.pl\/de\/wp-json\/wp\/v2\/pages\/1775\" class=\"qtranxs-available-language-link qtranxs-available-language-link-de\" title=\"Deutsch\">Vokie\u010di\u0173<\/a> ir <a href=\"https:\/\/sbt.ug.edu.pl\/pl\/wp-json\/wp\/v2\/pages\/1775\" class=\"qtranxs-available-language-link qtranxs-available-language-link-pl\" title=\"Polski\">Lenk\u0173<\/a>. For the sake of viewer convenience, the content is shown below in this site default language. You may click one of the links to switch the site language to another available language.<\/p><p><\/p>\n<p style=\"text-align: justify;\"><span style=\"font-family: georgia, palatino, serif; font-size: 12pt;\"><span lang=\"en-US\"><b>LOCATION<\/b><\/span><\/span><\/p>\n<p align=\"JUSTIFY\"><span style=\"font-size: 12pt; font-family: georgia, palatino, serif;\"><span lang=\"en-GB\">Byt\u00f3w is located about 100 km away from Szczecinek, about 50 km from S\u0142upsk and 100 km from Gda\u0144sk. The city is best reached by car. <\/span><span lang=\"en-GB\">It\u2019s possible to go by public transport, however it would take a long time to arrive<\/span><span lang=\"en-GB\">. 17\u00b030&#8217;E 54\u00b010&#8217;N<\/span><\/span><\/p>\n<p style=\"text-align: justify;\"><span style=\"font-family: georgia, palatino, serif; font-size: 12pt;\"><span lang=\"en-US\">\u00a0<\/span><\/span><\/p>\n<p style=\"text-align: justify;\"><span style=\"font-size: 12pt; font-family: georgia, palatino, serif;\"><img decoding=\"async\" loading=\"lazy\" class=\"alignleft wp-image-1776\" src=\"https:\/\/southbaltic-tourist.eu\/wp-content\/uploads\/2019\/07\/5-2.jpg\" alt=\"\" width=\"511\" height=\"325\" srcset=\"https:\/\/sbt.ug.edu.pl\/wp-content\/uploads\/2019\/07\/5-2.jpg 1028w, https:\/\/sbt.ug.edu.pl\/wp-content\/uploads\/2019\/07\/5-2-300x191.jpg 300w, https:\/\/sbt.ug.edu.pl\/wp-content\/uploads\/2019\/07\/5-2-768x489.jpg 768w, https:\/\/sbt.ug.edu.pl\/wp-content\/uploads\/2019\/07\/5-2-1024x651.jpg 1024w, https:\/\/sbt.ug.edu.pl\/wp-content\/uploads\/2019\/07\/5-2-150x95.jpg 150w\" sizes=\"(max-width: 511px) 100vw, 511px\" \/> <\/span><\/p>\n<p style=\"text-align: justify;\"><span style=\"font-size: 12pt; font-family: georgia, palatino, serif;\"><a href=\"https:\/\/southbaltic-tourist.eu\/wp-content\/uploads\/2020\/02\/R6.05-Byt\u00f3w.png\" data-rel=\"lightbox-gallery-qKggObYE\" data-rl_title=\"\" data-rl_caption=\"\" title=\"\"><img decoding=\"async\" loading=\"lazy\" class=\"alignnone wp-image-5290\" src=\"https:\/\/southbaltic-tourist.eu\/wp-content\/uploads\/2020\/02\/R6.05-Byt\u00f3w-300x174.png\" alt=\"\" width=\"559\" height=\"325\" srcset=\"https:\/\/sbt.ug.edu.pl\/wp-content\/uploads\/2020\/02\/R6.05-Byt\u00f3w-300x174.png 300w, https:\/\/sbt.ug.edu.pl\/wp-content\/uploads\/2020\/02\/R6.05-Byt\u00f3w-1024x595.png 1024w, https:\/\/sbt.ug.edu.pl\/wp-content\/uploads\/2020\/02\/R6.05-Byt\u00f3w-768x446.png 768w, https:\/\/sbt.ug.edu.pl\/wp-content\/uploads\/2020\/02\/R6.05-Byt\u00f3w-1536x893.png 1536w, https:\/\/sbt.ug.edu.pl\/wp-content\/uploads\/2020\/02\/R6.05-Byt\u00f3w-150x87.png 150w, https:\/\/sbt.ug.edu.pl\/wp-content\/uploads\/2020\/02\/R6.05-Byt\u00f3w.png 1600w\" sizes=\"(max-width: 559px) 100vw, 559px\" \/><\/a><\/span><\/p>\n<p style=\"text-align: justify;\"><span style=\"font-family: georgia, palatino, serif; font-size: 12pt;\"><span lang=\"en-US\"><b>SCENIC CHARACTER <\/b><\/span><\/span><\/p>\n<p align=\"JUSTIFY\"><span style=\"font-size: 12pt; font-family: georgia, palatino, serif;\"><span lang=\"en-GB\">The most important monument of Byt\u00f3w on the Griffins Route is the castle. On the land, which the Pomeranian Duke Warcis\u0142aw IV sold to the Teutonic Knights, they erected in 1390-1405 <\/span><span lang=\"en-GB\">huge walls with corner towers from field stones<\/span><span lang=\"en-GB\">. The castle was surrounded by a <\/span><span lang=\"en-GB\">moat with a single drawbridge<\/span><span lang=\"en-GB\">. After <\/span><span lang=\"en-GB\">the Teutonic Knights lost<\/span><span lang=\"en-GB\"> the Battle of Grunwald, the castle was taken over by the Polish king W\u0142adys\u0142aw Jagie\u0142\u0142o, who handed <\/span><span lang=\"en-GB\">it <\/span><span lang=\"en-GB\">over to the Pomeranian Duke Bogus\u0142aw VIII. <\/span><span lang=\"en-GB\">After the Polish-Pomeranian friendship treaty was concluded<\/span><span lang=\"en-GB\"> in 1466, the Pomeranian Duke Erik II received permission to buy the city from <\/span><span lang=\"en-GB\">the Teutonic Order<\/span><span lang=\"en-GB\">. In 1500 Duke Bogus\u0142aw X modernized the fortifications of the castle and surrounded it with <\/span><span lang=\"en-GB\">yet <\/span><span lang=\"en-GB\">another moat. The castle became one of the residences of Pomeranian Dukes. Barnim XI built a stately Ducal House, a knight&#8217;s hall and an armoury here. The Old Monstery House was designated for economic purposes <\/span><span lang=\"en-GB\">and served as a space for various establishments, e.g. brewery, bakery and granary<\/span><span lang=\"en-GB\">. <\/span><span lang=\"en-GB\">In 1623, <\/span><span lang=\"en-GB\">at the command of the last Duke of Griffins, Prince Bogus\u0142aw XIV, the Widow&#8217;s House was built here for the widow of his brother Franciszek I. Destroyed during the Thirty Years&#8217; War the castle was rebuilt by Anna de Croy, sister of Bogus\u0142aw XIV. <\/span><span lang=\"en-GB\">The castle was badly destroyed during subsequent wars<\/span><span lang=\"en-GB\">. <\/span><span lang=\"en-GB\">Nowadays,<\/span><span lang=\"en-GB\"> after the reconstruction, the castle <\/span><span lang=\"en-GB\">can still be described as having <\/span><span lang=\"en-GB\">impressive dimensions. The Museum of Western Kashubia, a cultural centre and a hotel with a restaurant are located here. In the Museum <\/span><span lang=\"en-GB\">you can see e.g.\u00a0an\u00a0<\/span><span lang=\"en-GB\">exhibition referring to the Teutonic times and the rule of the Griffins, <\/span><span lang=\"en-GB\">where you can find<\/span><span lang=\"en-GB\"> famous Grand Map of the Pomeranian Duchy by Eilhard Lubinus and artefacts related to the introduction of the Reformation in the Duchy of Pomerania. There is also a gallery of portraits of Pomeranian dukes historically associated with the Byt\u00f3w castle. <\/span><span lang=\"en-GB\">There are lectures available at the museum<\/span><span lang=\"en-GB\"> and in the last days of July you can witness are knights&#8217; tournaments.<\/span><\/span><\/p>\n<p align=\"JUSTIFY\"><span style=\"font-family: georgia, palatino, serif; font-size: 12pt;\"><span lang=\"en-GB\"><b>ATTRACTIONS <\/b><\/span><\/span><\/p>\n<p align=\"JUSTIFY\"><span style=\"font-size: 12pt; font-family: georgia, palatino, serif;\"><span lang=\"en-GB\">Wandering around Byt\u00f3w visit the Gothic Tower of St. Catherine, the remains of the first Byt\u00f3w temple, in which the archaeological monuments of Byt\u00f3w land are exhibited, the Museum of the Polish School showing the history of Kashubians and their identity and Kashubian Styp-Rekowski homestead in P\u0142ot\u00f3w, once a mainstay of Polishness on the land of Byt\u00f3w. The city <\/span><span lang=\"en-GB\">is surrounded by <\/span><span lang=\"en-GB\">hills, forests and numerous lakes, which makes it extremely attractive in terms of tourism, fishing and hunting<\/span><span lang=\"en-GB\">. There are many nature and didactic paths near the city that allow for walking, cycling or even canoeing.<\/span><\/span><\/p>\n<p>&nbsp;<\/p>\n<p style=\"text-align: justify;\"><span style=\"font-size: 12pt; font-family: georgia, palatino, serif;\"><code><div class=\"rl-gallery-container rl-loading\" id=\"rl-gallery-container-1\" data-gallery_id=\"2358\"> <div class=\"rl-gallery rl-basicgrid-gallery \" id=\"rl-gallery-1\" data-gallery_no=\"1\"> <div class=\"rl-gallery-item\"><a href=\"https:\/\/sbt.ug.edu.pl\/wp-content\/uploads\/2019\/07\/1.-Byt\u00f3w-Gotycka-Wie\u017ca-\u015bw.-Katarzyny-Oddzia\u0142-Muzeum-Zachodniokaszubskiego-fot.-Muzeum-Zachodniokaszubskie-w-Bytowie.jpg\" title=\"OLYMPUS DIGITAL CAMERA\" data-rl_title=\"OLYMPUS DIGITAL CAMERA\" class=\"rl-gallery-link\" data-rl_caption=\"\" data-rel=\"lightbox-gallery-1\"><img src=\"https:\/\/sbt.ug.edu.pl\/wp-content\/uploads\/2019\/07\/1.-Byt\u00f3w-Gotycka-Wie\u017ca-\u015bw.-Katarzyny-Oddzia\u0142-Muzeum-Zachodniokaszubskiego-fot.-Muzeum-Zachodniokaszubskie-w-Bytowie-768x576.jpg\" width=\"640\" height=\"480\" alt=\"\" \/><\/a><\/div><div class=\"rl-gallery-item\"><a href=\"https:\/\/sbt.ug.edu.pl\/wp-content\/uploads\/2019\/07\/5.-Zamek-od-strony-p\u00f3\u0142nocno-wschodniej-dawny-Dom-Zakonny-obecnie-Muzeum-Zachodniokaszubskie-fot.-Muzeum-Zachodniokaszubskie-w-Bytowie.jpg\" title=\"OLYMPUS DIGITAL CAMERA\" data-rl_title=\"OLYMPUS DIGITAL CAMERA\" class=\"rl-gallery-link\" data-rl_caption=\"\" data-rel=\"lightbox-gallery-1\"><img src=\"https:\/\/sbt.ug.edu.pl\/wp-content\/uploads\/2019\/07\/5.-Zamek-od-strony-p\u00f3\u0142nocno-wschodniej-dawny-Dom-Zakonny-obecnie-Muzeum-Zachodniokaszubskie-fot.-Muzeum-Zachodniokaszubskie-w-Bytowie-768x576.jpg\" width=\"640\" height=\"480\" alt=\"\" \/><\/a><\/div><div class=\"rl-gallery-item\"><a href=\"https:\/\/sbt.ug.edu.pl\/wp-content\/uploads\/2019\/07\/4.-Byt\u00f3w-Baszta-M\u0142y\u0144ska-Muzeum-Zachodniokaszubskie-w-Bytowie-fot.-Muzeum-Zachodniokaszubskie-w-Bytowie.jpg\" title=\"4. Byt\u00f3w &#8211; Baszta M\u0142y\u0144ska, Muzeum Zachodniokaszubskie w Bytowie, fot. Muzeum Zachodniokaszubskie w Bytowie\" data-rl_title=\"4. Byt\u00f3w &#8211; Baszta M\u0142y\u0144ska, Muzeum Zachodniokaszubskie w Bytowie, fot. Muzeum Zachodniokaszubskie w Bytowie\" class=\"rl-gallery-link\" data-rl_caption=\"\" data-rel=\"lightbox-gallery-1\"><img src=\"https:\/\/sbt.ug.edu.pl\/wp-content\/uploads\/2019\/07\/4.-Byt\u00f3w-Baszta-M\u0142y\u0144ska-Muzeum-Zachodniokaszubskie-w-Bytowie-fot.-Muzeum-Zachodniokaszubskie-w-Bytowie-768x510.jpg\" width=\"640\" height=\"425\" alt=\"\" \/><\/a><\/div><div class=\"rl-gallery-item\"><a href=\"https:\/\/sbt.ug.edu.pl\/wp-content\/uploads\/2019\/07\/2.-Byt\u00f3w-kultura-materialna-Kaszub\u00f3w-fot.-Muzeum-Zachodniokaszubskie-w-Bytowie.jpg\" title=\"2. Byt\u00f3w &#8211; kultura materialna Kaszub\u00f3w fot. Muzeum Zachodniokaszubskie w Bytowie\" data-rl_title=\"2. Byt\u00f3w &#8211; kultura materialna Kaszub\u00f3w fot. Muzeum Zachodniokaszubskie w Bytowie\" class=\"rl-gallery-link\" data-rl_caption=\"\" data-rel=\"lightbox-gallery-1\"><img src=\"https:\/\/sbt.ug.edu.pl\/wp-content\/uploads\/2019\/07\/2.-Byt\u00f3w-kultura-materialna-Kaszub\u00f3w-fot.-Muzeum-Zachodniokaszubskie-w-Bytowie-768x514.jpg\" width=\"640\" height=\"428\" alt=\"\" \/><\/a><\/div><div class=\"rl-gallery-item\"><a href=\"https:\/\/sbt.ug.edu.pl\/wp-content\/uploads\/2019\/07\/3.-Byt\u00f3w-wystawa-historyczna-fot.-Muzeum-Zachodniokaszubskie-w-Bytowie.jpg\" title=\"3. Byt\u00f3w &#8211; wystawa historyczna fot. Muzeum Zachodniokaszubskie w Bytowie\" data-rl_title=\"3. Byt\u00f3w &#8211; wystawa historyczna fot. Muzeum Zachodniokaszubskie w Bytowie\" class=\"rl-gallery-link\" data-rl_caption=\"\" data-rel=\"lightbox-gallery-1\"><img src=\"https:\/\/sbt.ug.edu.pl\/wp-content\/uploads\/2019\/07\/3.-Byt\u00f3w-wystawa-historyczna-fot.-Muzeum-Zachodniokaszubskie-w-Bytowie-768x513.jpg\" width=\"640\" height=\"428\" alt=\"\" \/><\/a><\/div><div class=\"rl-gallery-item\"><a href=\"https:\/\/sbt.ug.edu.pl\/wp-content\/uploads\/2019\/07\/6.-korytarze-zamkowe-fot.-Muzeum-Zachodniokaszubskie-w-Bytowie.jpg\" title=\"6. korytarze zamkowe, fot. Muzeum Zachodniokaszubskie w Bytowie\" data-rl_title=\"6. korytarze zamkowe, fot. Muzeum Zachodniokaszubskie w Bytowie\" class=\"rl-gallery-link\" data-rl_caption=\"\" data-rel=\"lightbox-gallery-1\"><img src=\"https:\/\/sbt.ug.edu.pl\/wp-content\/uploads\/2019\/07\/6.-korytarze-zamkowe-fot.-Muzeum-Zachodniokaszubskie-w-Bytowie-768x506.jpg\" width=\"640\" height=\"422\" alt=\"\" \/><\/a><\/div><div class=\"rl-gallery-item\"><a href=\"https:\/\/sbt.ug.edu.pl\/wp-content\/uploads\/2019\/07\/7.-Wsp\u00f3\u0142czesna-sztuka-ludowa-Kaszub-fot.-Muzeum-Zachodniokaszubskie-w-Bytowie.jpg\" title=\"7. Wsp\u00f3\u0142czesna sztuka ludowa Kaszub, fot. Muzeum Zachodniokaszubskie w Bytowie\" data-rl_title=\"7. Wsp\u00f3\u0142czesna sztuka ludowa Kaszub, fot. Muzeum Zachodniokaszubskie w Bytowie\" class=\"rl-gallery-link\" data-rl_caption=\"\" data-rel=\"lightbox-gallery-1\"><img src=\"https:\/\/sbt.ug.edu.pl\/wp-content\/uploads\/2019\/07\/7.-Wsp\u00f3\u0142czesna-sztuka-ludowa-Kaszub-fot.-Muzeum-Zachodniokaszubskie-w-Bytowie-768x514.jpg\" width=\"640\" height=\"428\" alt=\"\" \/><\/a><\/div><div class=\"rl-gallery-item\"><a href=\"https:\/\/sbt.ug.edu.pl\/wp-content\/uploads\/2019\/07\/8.-Wystawa-historyczna-Muzeum-Zachodniokaszubskie-w-Bytowie-fot.-Muzeum-Zachodniokaszubskie-w-Bytowie.jpg\" title=\"8. Wystawa historyczna, Muzeum Zachodniokaszubskie w Bytowie fot. Muzeum Zachodniokaszubskie w Bytowie\" data-rl_title=\"8. Wystawa historyczna, Muzeum Zachodniokaszubskie w Bytowie fot. Muzeum Zachodniokaszubskie w Bytowie\" class=\"rl-gallery-link\" data-rl_caption=\"\" data-rel=\"lightbox-gallery-1\"><img src=\"https:\/\/sbt.ug.edu.pl\/wp-content\/uploads\/2019\/07\/8.-Wystawa-historyczna-Muzeum-Zachodniokaszubskie-w-Bytowie-fot.-Muzeum-Zachodniokaszubskie-w-Bytowie-768x513.jpg\" width=\"640\" height=\"428\" alt=\"\" \/><\/a><\/div> <\/div> <\/div><\/code><\/span><\/p>\n<p><\/p>","protected":false},"excerpt":{"rendered":"<p>Atsipra\u0161ome, \u0161is puslapis galimas tik Jungtini\u0173 Valstij\u0173 Angl\u0173, Vokie\u010di\u0173 ir Lenk\u0173. For the sake of viewer convenience, the content is shown below in this site default language. You may click one of the links to switch the site language to another available language. LOCATION Byt\u00f3w is located about 100 km away from Szczecinek, about 50 [&hellip;]<\/p>\n","protected":false},"author":3,"featured_media":0,"parent":486,"menu_order":0,"comment_status":"closed","ping_status":"closed","template":"","meta":[],"categories":[34,29,15],"tags":[],"_links":{"self":[{"href":"https:\/\/sbt.ug.edu.pl\/lt\/wp-json\/wp\/v2\/pages\/1775"}],"collection":[{"href":"https:\/\/sbt.ug.edu.pl\/lt\/wp-json\/wp\/v2\/pages"}],"about":[{"href":"https:\/\/sbt.ug.edu.pl\/lt\/wp-json\/wp\/v2\/types\/page"}],"author":[{"embeddable":true,"href":"https:\/\/sbt.ug.edu.pl\/lt\/wp-json\/wp\/v2\/users\/3"}],"replies":[{"embeddable":true,"href":"https:\/\/sbt.ug.edu.pl\/lt\/wp-json\/wp\/v2\/comments?post=1775"}],"version-history":[{"count":7,"href":"https:\/\/sbt.ug.edu.pl\/lt\/wp-json\/wp\/v2\/pages\/1775\/revisions"}],"predecessor-version":[{"id":5292,"href":"https:\/\/sbt.ug.edu.pl\/lt\/wp-json\/wp\/v2\/pages\/1775\/revisions\/5292"}],"up":[{"embeddable":true,"href":"https:\/\/sbt.ug.edu.pl\/lt\/wp-json\/wp\/v2\/pages\/486"}],"wp:attachment":[{"href":"https:\/\/sbt.ug.edu.pl\/lt\/wp-json\/wp\/v2\/media?parent=1775"}],"wp:term":[{"taxonomy":"category","embeddable":true,"href":"https:\/\/sbt.ug.edu.pl\/lt\/wp-json\/wp\/v2\/categories?post=1775"},{"taxonomy":"post_tag","embeddable":true,"href":"https:\/\/sbt.ug.edu.pl\/lt\/wp-json\/wp\/v2\/tags?post=1775"}],"curies":[{"name":"wp","href":"https:\/\/api.w.org\/{rel}","templated":true}]}}