{"id":1783,"date":"2019-07-10T12:28:19","date_gmt":"2019-07-10T10:28:19","guid":{"rendered":"https:\/\/southbaltic-tourist.eu\/?page_id=1783"},"modified":"2020-02-18T17:19:10","modified_gmt":"2020-02-18T17:19:10","slug":"7-darlowo","status":"publish","type":"page","link":"https:\/\/sbt.ug.edu.pl\/lt\/routes\/griffins-dynasty-and-baltic-sea-battles\/7-darlowo\/","title":{"rendered":"(English) 7. Dar\u0142owo"},"content":{"rendered":"<p class=\"qtranxs-available-languages-message qtranxs-available-languages-message-lt\">Atsipra\u0161ome, \u0161is puslapis galimas tik <a href=\"https:\/\/sbt.ug.edu.pl\/en\/wp-json\/wp\/v2\/pages\/1783\" class=\"qtranxs-available-language-link qtranxs-available-language-link-en\" title=\"English\">Jungtini\u0173 Valstij\u0173 Angl\u0173<\/a>, <a href=\"https:\/\/sbt.ug.edu.pl\/de\/wp-json\/wp\/v2\/pages\/1783\" class=\"qtranxs-available-language-link qtranxs-available-language-link-de\" title=\"Deutsch\">Vokie\u010di\u0173<\/a> ir <a href=\"https:\/\/sbt.ug.edu.pl\/pl\/wp-json\/wp\/v2\/pages\/1783\" class=\"qtranxs-available-language-link qtranxs-available-language-link-pl\" title=\"Polski\">Lenk\u0173<\/a>. For the sake of viewer convenience, the content is shown below in this site default language. You may click one of the links to switch the site language to another available language.<\/p><p><\/p>\n<p style=\"text-align: justify;\"><span style=\"font-family: georgia, palatino, serif; font-size: 12pt;\"><span lang=\"en-US\"><b>LOCATION<\/b><\/span><\/span><\/p>\n<p align=\"JUSTIFY\"><span style=\"font-size: 12pt; font-family: georgia, palatino, serif;\"><span lang=\"en-GB\">Dar\u0142owo is a city located by the Baltic Sea in the valley of the Wieprza River and Grabowa River, about 200km away from Szczecin, 170km from Gda\u0144sk and about 100km from Szczecinek. The city is best reached by car. <\/span><span lang=\"en-GB\">It\u2019s possible to go by means of public transport, but it would take a long time to arrive<\/span><span lang=\"en-GB\">. <\/span><span lang=\"en-GB\">The city lays <\/span><span lang=\"en-GB\">on the West Pomeranian Sailing Route connecting the yacht ports on the Oder River, Szczeci\u0144ski Lagoon and along the Baltic Sea. You can get there by yacht and stay in a modern marina. <\/span><span lang=\"en-GB\">The European cycling route EURO VELO 10 and Eurovelo 13 run through the city<\/span><span lang=\"en-GB\">. 10 16\u00b024&#8217;E 54\u00b025&#8217;N<\/span><\/span><\/p>\n<p style=\"text-align: justify;\"><span style=\"font-family: georgia, palatino, serif; font-size: 12pt;\"><span lang=\"en-US\">\u00a0<\/span><\/span><\/p>\n<p style=\"text-align: justify;\"><span style=\"font-size: 12pt; font-family: georgia, palatino, serif;\"><img decoding=\"async\" loading=\"lazy\" class=\"alignleft wp-image-1784\" src=\"https:\/\/southbaltic-tourist.eu\/wp-content\/uploads\/2019\/07\/7-2.jpg\" alt=\"\" width=\"528\" height=\"350\" srcset=\"https:\/\/sbt.ug.edu.pl\/wp-content\/uploads\/2019\/07\/7-2.jpg 585w, https:\/\/sbt.ug.edu.pl\/wp-content\/uploads\/2019\/07\/7-2-300x199.jpg 300w, https:\/\/sbt.ug.edu.pl\/wp-content\/uploads\/2019\/07\/7-2-150x99.jpg 150w\" sizes=\"(max-width: 528px) 100vw, 528px\" \/> <\/span><\/p>\n<p style=\"text-align: justify;\"><span style=\"font-size: 12pt; font-family: georgia, palatino, serif;\"><a href=\"https:\/\/southbaltic-tourist.eu\/wp-content\/uploads\/2020\/02\/R6.07-Dar\u0142owo.png\" data-rel=\"lightbox-gallery-NuuJuTLx\" data-rl_title=\"\" data-rl_caption=\"\" title=\"\"><img decoding=\"async\" loading=\"lazy\" class=\"alignnone wp-image-5296\" src=\"https:\/\/southbaltic-tourist.eu\/wp-content\/uploads\/2020\/02\/R6.07-Dar\u0142owo-300x174.png\" alt=\"\" width=\"602\" height=\"350\" srcset=\"https:\/\/sbt.ug.edu.pl\/wp-content\/uploads\/2020\/02\/R6.07-Dar\u0142owo-300x174.png 300w, https:\/\/sbt.ug.edu.pl\/wp-content\/uploads\/2020\/02\/R6.07-Dar\u0142owo-1024x595.png 1024w, https:\/\/sbt.ug.edu.pl\/wp-content\/uploads\/2020\/02\/R6.07-Dar\u0142owo-768x446.png 768w, https:\/\/sbt.ug.edu.pl\/wp-content\/uploads\/2020\/02\/R6.07-Dar\u0142owo-1536x893.png 1536w, https:\/\/sbt.ug.edu.pl\/wp-content\/uploads\/2020\/02\/R6.07-Dar\u0142owo-150x87.png 150w, https:\/\/sbt.ug.edu.pl\/wp-content\/uploads\/2020\/02\/R6.07-Dar\u0142owo.png 1600w\" sizes=\"(max-width: 602px) 100vw, 602px\" \/><\/a><\/span><\/p>\n<p style=\"text-align: justify;\"><span style=\"font-family: georgia, palatino, serif; font-size: 12pt;\"><span lang=\"en-US\"><b>SCENIC CHARACTER <\/b><\/span><\/span><\/p>\n<p align=\"JUSTIFY\"><span style=\"font-size: 12pt; font-family: georgia, palatino, serif;\"><span lang=\"en-GB\">The Dukes&#8217; seat in Dar\u0142owo was built in the 14th century by Prince Bogus\u0142aw V, whose wife was El\u017cbieta, daughter of the Polish King Casimir the Great. The Griffins made a lot of effort to make the castle take on the splendour of a princely residence. The most famous inhabitant of the <\/span><span lang=\"en-GB\">city was Eric of Pomerania, called the Emperor of the North and the Last Viking of the Baltic Sea, who was born in the Dar\u0142owo castle in 1382 r. Thanks to him the city owes its name &#8222;Royal Town Dar\u0142owo<\/span><span lang=\"en-GB\">&#8222;. The prince from the Griffins dynasty, who was born as Bogus\u0142aw<\/span><span lang=\"en-GB\">, at the age of 7 <\/span><span lang=\"en-GB\">was adopted by the most powerful ruler of Europe &#8211; a Danish Queen Margaret I and received a new Scandinavian name &#8211; Eric. He soon became the king of Denmark, Sweden and Norway. <\/span><span lang=\"en-GB\">When an alliance of Scandinavian countries, called the Kalmar Union, was established at the castle in Kalmar in 1397<\/span><span lang=\"en-GB\">, the young Griffin became its ruler. He wanted to use the location of the places on the \u00d6resund strait to control the navigation in the Baltic Sea. <\/span><span lang=\"en-GB\">For this reason <\/span><span lang=\"en-GB\">he built forts <\/span><span lang=\"en-GB\">for intance <\/span><span lang=\"en-GB\">in Malm\u00f6, Landskrona, Helsing\u00f8r and Copenhagen, <\/span><span lang=\"en-GB\">to which <\/span><span lang=\"en-GB\">he moved the capital of Denmark from Roskilde. He collected duties from the ships passing through the strait, <\/span><span lang=\"en-GB\">which enabled <\/span><span lang=\"en-GB\">the cities from the regions ruled by him <\/span><span lang=\"en-GB\">to get <\/span><span lang=\"en-GB\">rich. The conflict with the Hanseatic Liga and unequal investments in the cities ruled by him led to the dethronement of King Eric, <\/span><span lang=\"en-GB\">who after nearly 40 years of ruling settled in Gotland. From there <\/span><span lang=\"en-GB\">he organized pirate expeditions. Legend says that the treasures he <\/span><span lang=\"en-GB\">has gathered <\/span><span lang=\"en-GB\">remain on the bottom of the Baltic Sea to this day. In 1449, he returned to Dar\u0142owo and was a S\u0142upsk prince until his death in 1459. At that time, the castle in Dar\u0142owo<\/span><span lang=\"en-GB\"> got <\/span><span lang=\"en-GB\">expanded. <\/span><span lang=\"en-GB\">A part <\/span><span lang=\"en-GB\">of the property he gave to his cousin, Zofia, the mother of the future Grand Duke of Pomerania, Bogus\u0142aw X, during the reign of which the Dar\u0142owski castle was <\/span><span lang=\"en-GB\">expanded even more<\/span><span lang=\"en-GB\">. The reconstruction of the castle after the fire in 1624 brought further changes. From this period comes the rich equipment of the castle chapel funded by Princess El\u017cbieta, wife of the last Griffin Duke, Bogus\u0142aw XIV.<\/span><\/span><\/p>\n<p align=\"JUSTIFY\"><span style=\"font-family: georgia, palatino, serif; font-size: 12pt;\"><span lang=\"en-GB\"><b>ATTRACTIONS <\/b><\/span><\/span><\/p>\n<p align=\"JUSTIFY\"><span style=\"font-size: 12pt; font-family: georgia, palatino, serif;\"><span lang=\"en-GB\">Dar\u0142owo is located by the shore <\/span><span lang=\"en-GB\">of the <\/span><span lang=\"en-GB\">Baltic Sea, <\/span><span lang=\"en-GB\">that\u2019s why it\u2019s a good holiday destination <\/span><span lang=\"en-GB\">and is visited by crowds of tourists every year. The city has its own unique medieval atmosphere. In addition to the Pomeranian Dukes&#8217; Castle, St. Mary&#8217;s church deserves special attention <\/span><span lang=\"en-GB\">\u2013 it contains<\/span><span lang=\"en-GB\"> a chapel with the sarcophaguses of King Eric of Pomerania, Duchess of the Pomeranian Jadwiga of Szczecinek and Princess El\u017cbieta, wife of the last Pomeranian prince.<\/span><\/span><\/p>\n<p align=\"JUSTIFY\"><span style=\"font-size: 12pt; font-family: georgia, palatino, serif;\"><span lang=\"en-GB\">In the church <\/span><span lang=\"en-GB\">make sure to <\/span><span lang=\"en-GB\">look at the pulpit, which depicts scenes from the Baltic tsunami of 1497, when the sea waves reaching a height of 20m hit the land, destroying everything that they met on their way. From the fifteenth century comes the twelve-sided chapel of St. Gertrude, built in the style of the Scandinavian gothic. Of the 30 <\/span><span lang=\"en-GB\">rotunda-shaped <\/span><span lang=\"en-GB\">chapels in Pomerania only four survived (in Dar\u0142owo, Koszalin, S\u0142upsk and Wolgast).<\/span><span lang=\"en-GB\"> An interesting tourist <\/span><span lang=\"en-GB\">attraction at the seaside, <\/span><span lang=\"en-GB\">located in a <\/span><span lang=\"en-GB\">part of Dar\u0142owo called Dar\u0142\u00f3wek, is a lighthouse and a sliding bridge connecting two parts of the city separated by the Wieprza River. In Dar\u0142owo, which lives on the history of Eric of Pomerania, numerous events for children, youth and tourists are organized. The International Meeting of Historic Military Vehicles, referring to the military history of the city from the times of World War II<\/span><span lang=\"en-GB\">, is also held there.<\/span><\/span><\/p>\n<p>&nbsp;<\/p>\n<p style=\"text-align: justify;\"><span style=\"font-size: 12pt; font-family: georgia, palatino, serif;\"><code><div class=\"rl-gallery-container rl-loading\" id=\"rl-gallery-container-1\" data-gallery_id=\"2388\"> <div class=\"rl-gallery rl-basicgrid-gallery \" id=\"rl-gallery-1\" data-gallery_no=\"1\"> <div class=\"rl-gallery-item\"><a href=\"https:\/\/sbt.ug.edu.pl\/wp-content\/uploads\/2019\/07\/Dar\u0142owo-ko\u015bci\u00f3\u0142-mariacki-fot.-T.Duda_.jpg\" title=\"Dar\u0142owo &#8211; ko\u015bci\u00f3\u0142 mariacki, fot. T.Duda\" data-rl_title=\"Dar\u0142owo &#8211; ko\u015bci\u00f3\u0142 mariacki, fot. T.Duda\" class=\"rl-gallery-link\" data-rl_caption=\"\" data-rel=\"lightbox-gallery-1\"><img src=\"https:\/\/sbt.ug.edu.pl\/wp-content\/uploads\/2019\/07\/Dar\u0142owo-ko\u015bci\u00f3\u0142-mariacki-fot.-T.Duda_.jpg\" width=\"427\" height=\"640\" alt=\"\" \/><\/a><\/div><div class=\"rl-gallery-item\"><a href=\"https:\/\/sbt.ug.edu.pl\/wp-content\/uploads\/2019\/07\/Dar\u0142owo-latarnia-morska-w-Dar\u0142\u00f3wku-fot.-B.Wo\u0142owczyk.jpg\" title=\"Dar\u0142owo &#8211; latarnia morska w Dar\u0142\u00f3wku, fot. B.Wo\u0142owczyk\" data-rl_title=\"Dar\u0142owo &#8211; latarnia morska w Dar\u0142\u00f3wku, fot. B.Wo\u0142owczyk\" class=\"rl-gallery-link\" data-rl_caption=\"\" data-rel=\"lightbox-gallery-1\"><img src=\"https:\/\/sbt.ug.edu.pl\/wp-content\/uploads\/2019\/07\/Dar\u0142owo-latarnia-morska-w-Dar\u0142\u00f3wku-fot.-B.Wo\u0142owczyk-768x432.jpg\" width=\"640\" height=\"360\" alt=\"\" \/><\/a><\/div><div class=\"rl-gallery-item\"><a href=\"https:\/\/sbt.ug.edu.pl\/wp-content\/uploads\/2019\/07\/Dar\u0142owo-Zamek-Ksi\u0105\u017c\u0105t-Pomorskich-3-fot.-T.Duda_.jpg\" title=\"Dar\u0142owo &#8211; Zamek Ksi\u0105\u017c\u0105t Pomorskich 3, fot. T.Duda\" data-rl_title=\"Dar\u0142owo &#8211; Zamek Ksi\u0105\u017c\u0105t Pomorskich 3, fot. T.Duda\" class=\"rl-gallery-link\" data-rl_caption=\"\" data-rel=\"lightbox-gallery-1\"><img src=\"https:\/\/sbt.ug.edu.pl\/wp-content\/uploads\/2019\/07\/Dar\u0142owo-Zamek-Ksi\u0105\u017c\u0105t-Pomorskich-3-fot.-T.Duda_.jpg\" width=\"640\" height=\"480\" alt=\"\" \/><\/a><\/div><div class=\"rl-gallery-item\"><a href=\"https:\/\/sbt.ug.edu.pl\/wp-content\/uploads\/2019\/07\/Dar\u0142owo-kaplica-\u015bw.-Gertrudy-fot.-B.Wo\u0142owczyk.jpg\" title=\"Dar\u0142owo, kaplica \u015bw. Gertrudy, fot. B.Wo\u0142owczyk\" data-rl_title=\"Dar\u0142owo, kaplica \u015bw. Gertrudy, fot. B.Wo\u0142owczyk\" class=\"rl-gallery-link\" data-rl_caption=\"\" data-rel=\"lightbox-gallery-1\"><img src=\"https:\/\/sbt.ug.edu.pl\/wp-content\/uploads\/2019\/07\/Dar\u0142owo-kaplica-\u015bw.-Gertrudy-fot.-B.Wo\u0142owczyk-768x1365.jpg\" width=\"640\" height=\"1138\" alt=\"\" \/><\/a><\/div><div class=\"rl-gallery-item\"><a href=\"https:\/\/sbt.ug.edu.pl\/wp-content\/uploads\/2019\/07\/Dar\u0142owo-kaplica-\u015bw.-Gertrudy-fot.T.Duda_.jpg\" title=\"Dar\u0142owo &#8211; kaplica \u015bw. Gertrudy, fot.T.Duda\" data-rl_title=\"Dar\u0142owo &#8211; kaplica \u015bw. Gertrudy, fot.T.Duda\" class=\"rl-gallery-link\" data-rl_caption=\"\" data-rel=\"lightbox-gallery-1\"><img src=\"https:\/\/sbt.ug.edu.pl\/wp-content\/uploads\/2019\/07\/Dar\u0142owo-kaplica-\u015bw.-Gertrudy-fot.T.Duda_.jpg\" width=\"640\" height=\"427\" alt=\"\" \/><\/a><\/div><div class=\"rl-gallery-item\"><a href=\"https:\/\/sbt.ug.edu.pl\/wp-content\/uploads\/2019\/07\/Dar\u0142owo-ko\u015bci\u00f3\u0142-mariacki-kaplica-z-sarkofagami-ksi\u0105\u017c\u0119cymi-fot.-B.Wo\u0142owczyk.jpg\" title=\"Dar\u0142owo &#8211; ko\u015bci\u00f3\u0142 mariacki, kaplica z sarkofagami ksi\u0105\u017c\u0119cymi, fot. B.Wo\u0142owczyk\" data-rl_title=\"Dar\u0142owo &#8211; ko\u015bci\u00f3\u0142 mariacki, kaplica z sarkofagami ksi\u0105\u017c\u0119cymi, fot. B.Wo\u0142owczyk\" class=\"rl-gallery-link\" data-rl_caption=\"\" data-rel=\"lightbox-gallery-1\"><img src=\"https:\/\/sbt.ug.edu.pl\/wp-content\/uploads\/2019\/07\/Dar\u0142owo-ko\u015bci\u00f3\u0142-mariacki-kaplica-z-sarkofagami-ksi\u0105\u017c\u0119cymi-fot.-B.Wo\u0142owczyk-768x555.jpg\" width=\"640\" height=\"463\" alt=\"\" \/><\/a><\/div><div class=\"rl-gallery-item\"><a href=\"https:\/\/sbt.ug.edu.pl\/wp-content\/uploads\/2019\/07\/Dar\u0142owo-ko\u015bci\u00f3\u0142-mariacki-sarkofag-Eryka-Pomorskiego-fot.-B.Wo\u0142owczyk.jpg\" title=\"Dar\u0142owo &#8211; ko\u015bci\u00f3\u0142 mariacki, sarkofag Eryka Pomorskiego, fot. B.Wo\u0142owczyk\" data-rl_title=\"Dar\u0142owo &#8211; ko\u015bci\u00f3\u0142 mariacki, sarkofag Eryka Pomorskiego, fot. B.Wo\u0142owczyk\" class=\"rl-gallery-link\" data-rl_caption=\"\" data-rel=\"lightbox-gallery-1\"><img src=\"https:\/\/sbt.ug.edu.pl\/wp-content\/uploads\/2019\/07\/Dar\u0142owo-ko\u015bci\u00f3\u0142-mariacki-sarkofag-Eryka-Pomorskiego-fot.-B.Wo\u0142owczyk-768x576.jpg\" width=\"640\" height=\"480\" alt=\"\" \/><\/a><\/div><div class=\"rl-gallery-item\"><a href=\"https:\/\/sbt.ug.edu.pl\/wp-content\/uploads\/2019\/07\/Dar\u0142owo-ko\u015bci\u00f3\u0142-tablica-dla-kr\u00f3la-Eryka-fot.-T.Duda_.jpg\" title=\"Dar\u0142owo &#8211; ko\u015bci\u00f3\u0142 tablica dla kr\u00f3la Eryka, fot. T.Duda\" data-rl_title=\"Dar\u0142owo &#8211; ko\u015bci\u00f3\u0142 tablica dla kr\u00f3la Eryka, fot. T.Duda\" class=\"rl-gallery-link\" data-rl_caption=\"\" data-rel=\"lightbox-gallery-1\"><img src=\"https:\/\/sbt.ug.edu.pl\/wp-content\/uploads\/2019\/07\/Dar\u0142owo-ko\u015bci\u00f3\u0142-tablica-dla-kr\u00f3la-Eryka-fot.-T.Duda_.jpg\" width=\"480\" height=\"550\" alt=\"\" \/><\/a><\/div><div class=\"rl-gallery-item\"><a href=\"https:\/\/sbt.ug.edu.pl\/wp-content\/uploads\/2019\/07\/Dar\u0142owo-Zamek-Ksi\u0105\u017c\u0105t-Pomorskich-1-fot.-T.Duda_.jpg\" title=\"Dar\u0142owo &#8211; Zamek Ksi\u0105\u017c\u0105t Pomorskich 1, fot. T.Duda\" data-rl_title=\"Dar\u0142owo &#8211; Zamek Ksi\u0105\u017c\u0105t Pomorskich 1, fot. T.Duda\" class=\"rl-gallery-link\" data-rl_caption=\"\" data-rel=\"lightbox-gallery-1\"><img src=\"https:\/\/sbt.ug.edu.pl\/wp-content\/uploads\/2019\/07\/Dar\u0142owo-Zamek-Ksi\u0105\u017c\u0105t-Pomorskich-1-fot.-T.Duda_.jpg\" width=\"640\" height=\"480\" alt=\"\" \/><\/a><\/div><div class=\"rl-gallery-item\"><a href=\"https:\/\/sbt.ug.edu.pl\/wp-content\/uploads\/2019\/07\/Dar\u0142owo-Zamek-Ksi\u0105\u017c\u0105t-Pomorskich-2-fot.-T.Duda_.jpg\" title=\"Dar\u0142owo &#8211; Zamek Ksi\u0105\u017c\u0105t Pomorskich 2 fot. T.Duda\" data-rl_title=\"Dar\u0142owo &#8211; Zamek Ksi\u0105\u017c\u0105t Pomorskich 2 fot. T.Duda\" class=\"rl-gallery-link\" data-rl_caption=\"\" data-rel=\"lightbox-gallery-1\"><img src=\"https:\/\/sbt.ug.edu.pl\/wp-content\/uploads\/2019\/07\/Dar\u0142owo-Zamek-Ksi\u0105\u017c\u0105t-Pomorskich-2-fot.-T.Duda_.jpg\" width=\"640\" height=\"480\" alt=\"\" \/><\/a><\/div><div class=\"rl-gallery-item\"><a href=\"https:\/\/sbt.ug.edu.pl\/wp-content\/uploads\/2019\/07\/Dar\u0142owo-Zamek-Ksi\u0105\u017c\u0105t-Pomorskich-Bogus\u0142aw-V-i-El\u017cbieta-Kazimierz\u00f3wna-fot.-Wikipedia.jpg\" title=\"Dar\u0142owo &#8211; Zamek Ksi\u0105\u017c\u0105t Pomorskich, Bogus\u0142aw V i El\u017cbieta Kazimierz\u00f3wna, fot. Wikipedia\" data-rl_title=\"Dar\u0142owo &#8211; Zamek Ksi\u0105\u017c\u0105t Pomorskich, Bogus\u0142aw V i El\u017cbieta Kazimierz\u00f3wna, fot. Wikipedia\" class=\"rl-gallery-link\" data-rl_caption=\"\" data-rel=\"lightbox-gallery-1\"><img src=\"https:\/\/sbt.ug.edu.pl\/wp-content\/uploads\/2019\/07\/Dar\u0142owo-Zamek-Ksi\u0105\u017c\u0105t-Pomorskich-Bogus\u0142aw-V-i-El\u017cbieta-Kazimierz\u00f3wna-fot.-Wikipedia-768x492.jpg\" width=\"640\" height=\"410\" alt=\"\" \/><\/a><\/div><div class=\"rl-gallery-item\"><a href=\"https:\/\/sbt.ug.edu.pl\/wp-content\/uploads\/2019\/07\/Dar\u0142owo-Zamek-Ksi\u0105\u017c\u0105t-Pomorskich-dziedziniec-pos\u0105g-Eryka-Pomorskiego-fot.-B.Wolowczyk.jpg\" title=\"Dar\u0142owo &#8211; Zamek Ksi\u0105\u017c\u0105t Pomorskich, dziedziniec &#8211; pos\u0105g Eryka Pomorskiego, fot. B.Wolowczyk\" data-rl_title=\"Dar\u0142owo &#8211; Zamek Ksi\u0105\u017c\u0105t Pomorskich, dziedziniec &#8211; pos\u0105g Eryka Pomorskiego, fot. B.Wolowczyk\" class=\"rl-gallery-link\" data-rl_caption=\"\" data-rel=\"lightbox-gallery-1\"><img src=\"https:\/\/sbt.ug.edu.pl\/wp-content\/uploads\/2019\/07\/Dar\u0142owo-Zamek-Ksi\u0105\u017c\u0105t-Pomorskich-dziedziniec-pos\u0105g-Eryka-Pomorskiego-fot.-B.Wolowczyk-768x1076.jpg\" width=\"640\" height=\"897\" alt=\"\" \/><\/a><\/div><div class=\"rl-gallery-item\"><a href=\"https:\/\/sbt.ug.edu.pl\/wp-content\/uploads\/2019\/07\/Dar\u0142owo-na-mapie-Lubinusa.png\" title=\"Dar\u0142owo na mapie Lubinusa\" data-rl_title=\"Dar\u0142owo na mapie Lubinusa\" class=\"rl-gallery-link\" data-rl_caption=\"\" data-rel=\"lightbox-gallery-1\"><img src=\"https:\/\/sbt.ug.edu.pl\/wp-content\/uploads\/2019\/07\/Dar\u0142owo-na-mapie-Lubinusa-768x432.png\" width=\"640\" height=\"360\" alt=\"\" \/><\/a><\/div> <\/div> <\/div><\/code><\/span><\/p>\n<p><\/p>","protected":false},"excerpt":{"rendered":"<p>Atsipra\u0161ome, \u0161is puslapis galimas tik Jungtini\u0173 Valstij\u0173 Angl\u0173, Vokie\u010di\u0173 ir Lenk\u0173. For the sake of viewer convenience, the content is shown below in this site default language. You may click one of the links to switch the site language to another available language. LOCATION Dar\u0142owo is a city located by the Baltic Sea in the [&hellip;]<\/p>\n","protected":false},"author":3,"featured_media":0,"parent":486,"menu_order":0,"comment_status":"closed","ping_status":"closed","template":"","meta":[],"categories":[34,29,15],"tags":[],"_links":{"self":[{"href":"https:\/\/sbt.ug.edu.pl\/lt\/wp-json\/wp\/v2\/pages\/1783"}],"collection":[{"href":"https:\/\/sbt.ug.edu.pl\/lt\/wp-json\/wp\/v2\/pages"}],"about":[{"href":"https:\/\/sbt.ug.edu.pl\/lt\/wp-json\/wp\/v2\/types\/page"}],"author":[{"embeddable":true,"href":"https:\/\/sbt.ug.edu.pl\/lt\/wp-json\/wp\/v2\/users\/3"}],"replies":[{"embeddable":true,"href":"https:\/\/sbt.ug.edu.pl\/lt\/wp-json\/wp\/v2\/comments?post=1783"}],"version-history":[{"count":7,"href":"https:\/\/sbt.ug.edu.pl\/lt\/wp-json\/wp\/v2\/pages\/1783\/revisions"}],"predecessor-version":[{"id":5298,"href":"https:\/\/sbt.ug.edu.pl\/lt\/wp-json\/wp\/v2\/pages\/1783\/revisions\/5298"}],"up":[{"embeddable":true,"href":"https:\/\/sbt.ug.edu.pl\/lt\/wp-json\/wp\/v2\/pages\/486"}],"wp:attachment":[{"href":"https:\/\/sbt.ug.edu.pl\/lt\/wp-json\/wp\/v2\/media?parent=1783"}],"wp:term":[{"taxonomy":"category","embeddable":true,"href":"https:\/\/sbt.ug.edu.pl\/lt\/wp-json\/wp\/v2\/categories?post=1783"},{"taxonomy":"post_tag","embeddable":true,"href":"https:\/\/sbt.ug.edu.pl\/lt\/wp-json\/wp\/v2\/tags?post=1783"}],"curies":[{"name":"wp","href":"https:\/\/api.w.org\/{rel}","templated":true}]}}