{"id":1787,"date":"2019-07-10T12:29:55","date_gmt":"2019-07-10T10:29:55","guid":{"rendered":"https:\/\/southbaltic-tourist.eu\/?page_id=1787"},"modified":"2020-02-18T17:21:20","modified_gmt":"2020-02-18T17:21:20","slug":"8-kalmar","status":"publish","type":"page","link":"https:\/\/sbt.ug.edu.pl\/lt\/routes\/griffins-dynasty-and-baltic-sea-battles\/8-kalmar\/","title":{"rendered":"(English) 8. Kalmar"},"content":{"rendered":"<p class=\"qtranxs-available-languages-message qtranxs-available-languages-message-lt\">Atsipra\u0161ome, \u0161is puslapis galimas tik <a href=\"https:\/\/sbt.ug.edu.pl\/en\/wp-json\/wp\/v2\/pages\/1787\" class=\"qtranxs-available-language-link qtranxs-available-language-link-en\" title=\"English\">Jungtini\u0173 Valstij\u0173 Angl\u0173<\/a>, <a href=\"https:\/\/sbt.ug.edu.pl\/de\/wp-json\/wp\/v2\/pages\/1787\" class=\"qtranxs-available-language-link qtranxs-available-language-link-de\" title=\"Deutsch\">Vokie\u010di\u0173<\/a> ir <a href=\"https:\/\/sbt.ug.edu.pl\/pl\/wp-json\/wp\/v2\/pages\/1787\" class=\"qtranxs-available-language-link qtranxs-available-language-link-pl\" title=\"Polski\">Lenk\u0173<\/a>. For the sake of viewer convenience, the content is shown below in this site default language. You may click one of the links to switch the site language to another available language.<\/p><p><\/p>\n<p style=\"text-align: justify;\"><span style=\"font-family: georgia, palatino, serif; font-size: 12pt;\"><span lang=\"en-US\"><b>LOCATION<\/b><\/span><\/span><\/p>\n<p align=\"JUSTIFY\"><span style=\"font-size: 12pt; font-family: georgia, palatino, serif;\"><span lang=\"en-GB\">Kalmar is located in south-east Sweden, in the Kalmar Strait (Kalmarsund), opposite the island of \u00d6land, located on the Baltic Sea. Kalmar is connected to the island <\/span><span lang=\"en-GB\">by<\/span><span lang=\"en-GB\"> one of the longest bridges in Europe. On the outskirts of the city is an airport, and in the city <\/span><span lang=\"en-GB\">there<\/span><span lang=\"en-GB\"> is a marina. So you can get to Kalmar by car, train, plane <\/span><span lang=\"en-GB\">or<\/span><span lang=\"en-GB\"> by yacht. 56\u00b039&#8217;29.4&#8243;N 16\u00b021&#8217;18.2&#8243;E<\/span><\/span><\/p>\n<p style=\"text-align: justify;\"><span style=\"font-family: georgia, palatino, serif; font-size: 12pt;\"><span lang=\"en-US\">\u00a0<\/span><\/span><\/p>\n<p style=\"text-align: justify;\"><span style=\"font-size: 12pt; font-family: georgia, palatino, serif;\"><img decoding=\"async\" loading=\"lazy\" class=\"alignleft wp-image-1788\" src=\"https:\/\/southbaltic-tourist.eu\/wp-content\/uploads\/2019\/07\/8-2.jpg\" alt=\"\" width=\"525\" height=\"350\" srcset=\"https:\/\/sbt.ug.edu.pl\/wp-content\/uploads\/2019\/07\/8-2.jpg 800w, https:\/\/sbt.ug.edu.pl\/wp-content\/uploads\/2019\/07\/8-2-300x200.jpg 300w, https:\/\/sbt.ug.edu.pl\/wp-content\/uploads\/2019\/07\/8-2-768x512.jpg 768w, https:\/\/sbt.ug.edu.pl\/wp-content\/uploads\/2019\/07\/8-2-150x100.jpg 150w\" sizes=\"(max-width: 525px) 100vw, 525px\" \/> <\/span><\/p>\n<p style=\"text-align: justify;\"><span style=\"font-size: 12pt; font-family: georgia, palatino, serif;\"><a href=\"https:\/\/southbaltic-tourist.eu\/wp-content\/uploads\/2020\/02\/R6.08-Kalmar.png\" data-rel=\"lightbox-gallery-kG9OMw9b\" data-rl_title=\"\" data-rl_caption=\"\" title=\"\"><img decoding=\"async\" loading=\"lazy\" class=\"alignnone wp-image-5299\" src=\"https:\/\/southbaltic-tourist.eu\/wp-content\/uploads\/2020\/02\/R6.08-Kalmar-300x174.png\" alt=\"\" width=\"602\" height=\"350\" srcset=\"https:\/\/sbt.ug.edu.pl\/wp-content\/uploads\/2020\/02\/R6.08-Kalmar-300x174.png 300w, https:\/\/sbt.ug.edu.pl\/wp-content\/uploads\/2020\/02\/R6.08-Kalmar-1024x595.png 1024w, https:\/\/sbt.ug.edu.pl\/wp-content\/uploads\/2020\/02\/R6.08-Kalmar-768x446.png 768w, https:\/\/sbt.ug.edu.pl\/wp-content\/uploads\/2020\/02\/R6.08-Kalmar-1536x893.png 1536w, https:\/\/sbt.ug.edu.pl\/wp-content\/uploads\/2020\/02\/R6.08-Kalmar-150x87.png 150w, https:\/\/sbt.ug.edu.pl\/wp-content\/uploads\/2020\/02\/R6.08-Kalmar.png 1600w\" sizes=\"(max-width: 602px) 100vw, 602px\" \/><\/a><\/span><\/p>\n<p style=\"text-align: justify;\"><span style=\"font-size: 12pt; font-family: georgia, palatino, serif;\"><span lang=\"en-US\"><b>SCENIC CHARACTER <\/b><\/span><\/span><\/p>\n<p align=\"JUSTIFY\"><span style=\"font-size: 12pt; font-family: georgia, palatino, serif;\"><span lang=\"en-GB\">Kalmar is considered one of the oldest and most interesting cities in southern Sweden and Kalmar Castle is one of the oldest castles in this country. Its beginnings date back to 1100<\/span><span lang=\"en-GB\">. It was here where <\/span><span lang=\"en-GB\">the Kalmar Union, the most powerful alliance of northern Europe, was concluded in 1397. <\/span><span lang=\"en-GB\">Its <\/span><span lang=\"en-GB\">ruler was <\/span><span lang=\"en-GB\">a<\/span><span lang=\"en-GB\"> young Prince Eric of Pomerania. The union formed as a result of the political actions of the Queen of Denmark, Margaret I, <\/span><span lang=\"en-GB\">and<\/span><span lang=\"en-GB\"> united the three kingdoms under the sceptre of one monarch. Inside the museum you can learn about the history of the castle and its inhabitants. When visiting the castle <\/span><span lang=\"en-GB\">you might want to stop by <\/span><span lang=\"en-GB\">the room dedicated to the mother of Scandinavia &#8211; Queen Margaret I, who adopted the young prince of the Griffins dynasty and made him the ruler of Scandinavia. In the multimedia section you can learn more about the Kalmar Union and the rule <\/span><span lang=\"en-GB\">of<\/span><span lang=\"en-GB\"> Eric of Pomerania. Kalmar Castle has a lot to offer to its guests, both adults and children. Every year in July the Renaissance Festival (Ren\u00e4ssansdagarna) is organized in the walls of the Castle, during which you can admire <\/span><span lang=\"en-GB\">e.g.\u00a0<\/span><span lang=\"en-GB\">knights&#8217; battle shows, tournaments and <\/span><span lang=\"en-GB\">troubadours\u2019 performances<\/span><span lang=\"en-GB\">.<\/span><\/span><\/p>\n<p align=\"JUSTIFY\"><span style=\"font-family: georgia, palatino, serif; font-size: 12pt;\"><span lang=\"en-GB\"><b>ATTRACTIONS <\/b><\/span><\/span><\/p>\n<p align=\"JUSTIFY\"><span style=\"font-size: 12pt; font-family: georgia, palatino, serif;\"><span lang=\"en-GB\">Kalmar city is only a few minutes <\/span><span lang=\"en-GB\">away<\/span><span lang=\"en-GB\"> from the castle. The picturesque old town (Gamla stan), which <\/span><span lang=\"en-GB\">surrounds<\/span><span lang=\"en-GB\"> the remains of the medieval defensive walls, has been preserved to this day. In addition to the castle, which is the most important monument, other important monuments of the city include the Baroque Cathedral (Kalmar domkyrka), built in 1660-1700, the town hall building (Kalmar r\u00e5dhus), the Municipal Theater, the V\u00e4sterport tower erected in 1658, Old\u00a0Brewery (Nordstjernan), the 19th-century Krusenstiern House and the Kalmar Museum of the (former) steam mill Shipbuilding (Kalmar l\u00e4ns museum). If you want to take a trip to enjoy nature, you can go to \u00d6land. If you would like to learn the fate of King Eric after dethroning, be sure to travel to Gotland, to the Visborg fortress.<\/span><\/span><\/p>\n<p>&nbsp;<\/p>\n<p style=\"text-align: justify;\"><span style=\"font-size: 12pt; font-family: georgia, palatino, serif;\"><code><div class=\"rl-gallery-container rl-loading\" id=\"rl-gallery-container-1\" data-gallery_id=\"2405\"> <div class=\"rl-gallery rl-basicgrid-gallery \" id=\"rl-gallery-1\" data-gallery_no=\"1\"> <div class=\"rl-gallery-item\"><a href=\"https:\/\/sbt.ug.edu.pl\/wp-content\/uploads\/2019\/07\/Kalmar-katedra-fot.-B.Wo\u0142owczyk.jpg\" title=\"Kalmar &#8211; katedra fot. B.Wo\u0142owczyk\" data-rl_title=\"Kalmar &#8211; katedra fot. B.Wo\u0142owczyk\" class=\"rl-gallery-link\" data-rl_caption=\"\" data-rel=\"lightbox-gallery-1\"><img src=\"https:\/\/sbt.ug.edu.pl\/wp-content\/uploads\/2019\/07\/Kalmar-katedra-fot.-B.Wo\u0142owczyk-768x518.jpg\" width=\"640\" height=\"432\" alt=\"\" \/><\/a><\/div><div class=\"rl-gallery-item\"><a href=\"https:\/\/sbt.ug.edu.pl\/wp-content\/uploads\/2019\/07\/Kalmar-zamek-morze-fot.-B.Wo\u0142owczyk.jpg\" title=\"Kalmar &#8211; zamek morze fot. B.Wo\u0142owczyk\" data-rl_title=\"Kalmar &#8211; zamek morze fot. B.Wo\u0142owczyk\" class=\"rl-gallery-link\" data-rl_caption=\"\" data-rel=\"lightbox-gallery-1\"><img src=\"https:\/\/sbt.ug.edu.pl\/wp-content\/uploads\/2019\/07\/Kalmar-zamek-morze-fot.-B.Wo\u0142owczyk-768x512.jpg\" width=\"640\" height=\"427\" alt=\"\" \/><\/a><\/div><div class=\"rl-gallery-item\"><a href=\"https:\/\/sbt.ug.edu.pl\/wp-content\/uploads\/2019\/07\/Kalmar-marina-fot.-B.Wo\u0142owczyk.jpg\" title=\"Kalmar &#8211; marina fot. B.Wo\u0142owczyk\" data-rl_title=\"Kalmar &#8211; marina fot. B.Wo\u0142owczyk\" class=\"rl-gallery-link\" data-rl_caption=\"\" data-rel=\"lightbox-gallery-1\"><img src=\"https:\/\/sbt.ug.edu.pl\/wp-content\/uploads\/2019\/07\/Kalmar-marina-fot.-B.Wo\u0142owczyk-768x512.jpg\" width=\"640\" height=\"427\" alt=\"\" \/><\/a><\/div><div class=\"rl-gallery-item\"><a href=\"https:\/\/sbt.ug.edu.pl\/wp-content\/uploads\/2019\/07\/Kalmar-zamek-fot.-B.Wo\u0142owczyk.jpg\" title=\"Kalmar &#8211; zamek fot. B.Wo\u0142owczyk\" data-rl_title=\"Kalmar &#8211; zamek fot. B.Wo\u0142owczyk\" class=\"rl-gallery-link\" data-rl_caption=\"\" data-rel=\"lightbox-gallery-1\"><img src=\"https:\/\/sbt.ug.edu.pl\/wp-content\/uploads\/2019\/07\/Kalmar-zamek-fot.-B.Wo\u0142owczyk-768x512.jpg\" width=\"640\" height=\"427\" alt=\"\" \/><\/a><\/div><div class=\"rl-gallery-item\"><a href=\"https:\/\/sbt.ug.edu.pl\/wp-content\/uploads\/2019\/07\/Kalmar-V\u00e4sterport-fot.-B.Wo\u0142owczyk.jpg\" title=\"Kalmar V\u00e4sterport fot. B.Wo\u0142owczyk\" data-rl_title=\"Kalmar V\u00e4sterport fot. B.Wo\u0142owczyk\" class=\"rl-gallery-link\" data-rl_caption=\"\" data-rel=\"lightbox-gallery-1\"><img src=\"https:\/\/sbt.ug.edu.pl\/wp-content\/uploads\/2019\/07\/Kalmar-V\u00e4sterport-fot.-B.Wo\u0142owczyk-768x512.jpg\" width=\"640\" height=\"427\" alt=\"\" \/><\/a><\/div><div class=\"rl-gallery-item\"><a href=\"https:\/\/sbt.ug.edu.pl\/wp-content\/uploads\/2019\/07\/Kalmar-katedra-wn\u0119trze-fot.-B.Wo\u0142owczyk.jpg\" title=\"Kalmar &#8211; katedra wn\u0119trze fot. B.Wo\u0142owczyk\" data-rl_title=\"Kalmar &#8211; katedra wn\u0119trze fot. B.Wo\u0142owczyk\" class=\"rl-gallery-link\" data-rl_caption=\"\" data-rel=\"lightbox-gallery-1\"><img src=\"https:\/\/sbt.ug.edu.pl\/wp-content\/uploads\/2019\/07\/Kalmar-katedra-wn\u0119trze-fot.-B.Wo\u0142owczyk-768x512.jpg\" width=\"640\" height=\"427\" alt=\"\" \/><\/a><\/div><div class=\"rl-gallery-item\"><a href=\"https:\/\/sbt.ug.edu.pl\/wp-content\/uploads\/2019\/07\/Kalmar-zamek-sala-Ma\u0142gorzaty-I-fot.-B.Wo\u0142owczyk.jpg\" title=\"Kalmar &#8211; zamek &#8211; sala Ma\u0142gorzaty I fot. B.Wo\u0142owczyk\" data-rl_title=\"Kalmar &#8211; zamek &#8211; sala Ma\u0142gorzaty I fot. B.Wo\u0142owczyk\" class=\"rl-gallery-link\" data-rl_caption=\"\" data-rel=\"lightbox-gallery-1\"><img src=\"https:\/\/sbt.ug.edu.pl\/wp-content\/uploads\/2019\/07\/Kalmar-zamek-sala-Ma\u0142gorzaty-I-fot.-B.Wo\u0142owczyk-768x512.jpg\" width=\"640\" height=\"427\" alt=\"\" \/><\/a><\/div><div class=\"rl-gallery-item\"><a href=\"https:\/\/sbt.ug.edu.pl\/wp-content\/uploads\/2019\/07\/Kalmar-zamek-brama-fot.-B.Wo\u0142owczyk-2.jpg\" title=\"Kalmar &#8211; zamek brama fot. B.Wo\u0142owczyk (2)\" data-rl_title=\"Kalmar &#8211; zamek brama fot. B.Wo\u0142owczyk (2)\" class=\"rl-gallery-link\" data-rl_caption=\"\" data-rel=\"lightbox-gallery-1\"><img src=\"https:\/\/sbt.ug.edu.pl\/wp-content\/uploads\/2019\/07\/Kalmar-zamek-brama-fot.-B.Wo\u0142owczyk-2-768x512.jpg\" width=\"640\" height=\"427\" alt=\"\" \/><\/a><\/div><div class=\"rl-gallery-item\"><a href=\"https:\/\/sbt.ug.edu.pl\/wp-content\/uploads\/2019\/07\/Kalmar-zamek-brama-fot.-B.Wo\u0142owczyk.jpg\" title=\"Kalmar &#8211; zamek brama fot. B.Wo\u0142owczyk\" data-rl_title=\"Kalmar &#8211; zamek brama fot. B.Wo\u0142owczyk\" class=\"rl-gallery-link\" data-rl_caption=\"\" data-rel=\"lightbox-gallery-1\"><img src=\"https:\/\/sbt.ug.edu.pl\/wp-content\/uploads\/2019\/07\/Kalmar-zamek-brama-fot.-B.Wo\u0142owczyk-768x512.jpg\" width=\"640\" height=\"427\" alt=\"\" \/><\/a><\/div><div class=\"rl-gallery-item\"><a href=\"https:\/\/sbt.ug.edu.pl\/wp-content\/uploads\/2019\/07\/Kalmar-zamek-kaplica-fot.-B.Wo\u0142owczyk.jpg\" title=\"Kalmar &#8211; zamek kaplica fot. B.Wo\u0142owczyk\" data-rl_title=\"Kalmar &#8211; zamek kaplica fot. B.Wo\u0142owczyk\" class=\"rl-gallery-link\" data-rl_caption=\"\" data-rel=\"lightbox-gallery-1\"><img src=\"https:\/\/sbt.ug.edu.pl\/wp-content\/uploads\/2019\/07\/Kalmar-zamek-kaplica-fot.-B.Wo\u0142owczyk-768x512.jpg\" width=\"640\" height=\"427\" alt=\"\" \/><\/a><\/div><div class=\"rl-gallery-item\"><a href=\"https:\/\/sbt.ug.edu.pl\/wp-content\/uploads\/2019\/07\/Kalmar-zamek-makiety-przemiany-zamku-kalmarskiego-fot.-B.Wo\u0142owczyk.jpg\" title=\"Kalmar &#8211; zamek makiety przemiany zamku kalmarskiego fot. B.Wo\u0142owczyk\" data-rl_title=\"Kalmar &#8211; zamek makiety przemiany zamku kalmarskiego fot. B.Wo\u0142owczyk\" class=\"rl-gallery-link\" data-rl_caption=\"\" data-rel=\"lightbox-gallery-1\"><img src=\"https:\/\/sbt.ug.edu.pl\/wp-content\/uploads\/2019\/07\/Kalmar-zamek-makiety-przemiany-zamku-kalmarskiego-fot.-B.Wo\u0142owczyk-768x512.jpg\" width=\"640\" height=\"427\" alt=\"\" \/><\/a><\/div><div class=\"rl-gallery-item\"><a href=\"https:\/\/sbt.ug.edu.pl\/wp-content\/uploads\/2019\/07\/Kalmar-zamek-multinfo-1-fot.-B.Wo\u0142owczyk.jpg\" title=\"Kalmar &#8211; zamek multinfo 1 fot. B.Wo\u0142owczyk\" data-rl_title=\"Kalmar &#8211; zamek multinfo 1 fot. B.Wo\u0142owczyk\" class=\"rl-gallery-link\" data-rl_caption=\"\" data-rel=\"lightbox-gallery-1\"><img src=\"https:\/\/sbt.ug.edu.pl\/wp-content\/uploads\/2019\/07\/Kalmar-zamek-multinfo-1-fot.-B.Wo\u0142owczyk-768x512.jpg\" width=\"640\" height=\"427\" alt=\"\" \/><\/a><\/div><div class=\"rl-gallery-item\"><a href=\"https:\/\/sbt.ug.edu.pl\/wp-content\/uploads\/2019\/07\/Kalmar-zamek-multinfo-Eric-fot.-B.Wo\u0142owczyk.jpg\" title=\"Kalmar &#8211; zamek multinfo Eric fot. B.Wo\u0142owczyk\" data-rl_title=\"Kalmar &#8211; zamek multinfo Eric fot. B.Wo\u0142owczyk\" class=\"rl-gallery-link\" data-rl_caption=\"\" data-rel=\"lightbox-gallery-1\"><img src=\"https:\/\/sbt.ug.edu.pl\/wp-content\/uploads\/2019\/07\/Kalmar-zamek-multinfo-Eric-fot.-B.Wo\u0142owczyk-768x512.jpg\" width=\"640\" height=\"427\" alt=\"\" \/><\/a><\/div><div class=\"rl-gallery-item\"><a href=\"https:\/\/sbt.ug.edu.pl\/wp-content\/uploads\/2019\/07\/Kalmar-zamek-sala-jadalna-fot.-B.Wolowczyk.jpg\" title=\"Kalmar &#8211; zamek sala jadalna fot. B.Wolowczyk\" data-rl_title=\"Kalmar &#8211; zamek sala jadalna fot. B.Wolowczyk\" class=\"rl-gallery-link\" data-rl_caption=\"\" data-rel=\"lightbox-gallery-1\"><img src=\"https:\/\/sbt.ug.edu.pl\/wp-content\/uploads\/2019\/07\/Kalmar-zamek-sala-jadalna-fot.-B.Wolowczyk-768x512.jpg\" width=\"640\" height=\"427\" alt=\"\" \/><\/a><\/div><div class=\"rl-gallery-item\"><a href=\"https:\/\/sbt.ug.edu.pl\/wp-content\/uploads\/2019\/07\/Kalmar-zamek-sala-wystawowa-fot.-B.Wo\u0142owczyk.jpg\" title=\"Kalmar &#8211; zamek sala wystawowa fot. B.Wo\u0142owczyk\" data-rl_title=\"Kalmar &#8211; zamek sala wystawowa fot. B.Wo\u0142owczyk\" class=\"rl-gallery-link\" data-rl_caption=\"\" data-rel=\"lightbox-gallery-1\"><img src=\"https:\/\/sbt.ug.edu.pl\/wp-content\/uploads\/2019\/07\/Kalmar-zamek-sala-wystawowa-fot.-B.Wo\u0142owczyk-768x512.jpg\" width=\"640\" height=\"427\" alt=\"\" \/><\/a><\/div><div class=\"rl-gallery-item\"><a href=\"https:\/\/sbt.ug.edu.pl\/wp-content\/uploads\/2019\/07\/Kalmar-zamek.-fot.-B.Wo\u0142owczyk.jpg\" title=\"Kalmar &#8211; zamek. fot. B.Wo\u0142owczyk\" data-rl_title=\"Kalmar &#8211; zamek. fot. B.Wo\u0142owczyk\" class=\"rl-gallery-link\" data-rl_caption=\"\" data-rel=\"lightbox-gallery-1\"><img src=\"https:\/\/sbt.ug.edu.pl\/wp-content\/uploads\/2019\/07\/Kalmar-zamek.-fot.-B.Wo\u0142owczyk-768x432.jpg\" width=\"640\" height=\"360\" alt=\"\" \/><\/a><\/div><div class=\"rl-gallery-item\"><a href=\"https:\/\/sbt.ug.edu.pl\/wp-content\/uploads\/2019\/07\/Kalmar-V\u00e4sterport-tower-fot.-B.Wo\u0142owczyk.jpg\" title=\"Kalmar V\u00e4sterport tower fot. B.Wo\u0142owczyk\" data-rl_title=\"Kalmar V\u00e4sterport tower fot. B.Wo\u0142owczyk\" class=\"rl-gallery-link\" data-rl_caption=\"\" data-rel=\"lightbox-gallery-1\"><img src=\"https:\/\/sbt.ug.edu.pl\/wp-content\/uploads\/2019\/07\/Kalmar-V\u00e4sterport-tower-fot.-B.Wo\u0142owczyk-768x512.jpg\" width=\"640\" height=\"427\" alt=\"\" \/><\/a><\/div> <\/div> <\/div><\/code><\/span><\/p>\n<p><\/p>","protected":false},"excerpt":{"rendered":"<p>Atsipra\u0161ome, \u0161is puslapis galimas tik Jungtini\u0173 Valstij\u0173 Angl\u0173, Vokie\u010di\u0173 ir Lenk\u0173. For the sake of viewer convenience, the content is shown below in this site default language. You may click one of the links to switch the site language to another available language. LOCATION Kalmar is located in south-east Sweden, in the Kalmar Strait (Kalmarsund), [&hellip;]<\/p>\n","protected":false},"author":3,"featured_media":0,"parent":486,"menu_order":0,"comment_status":"closed","ping_status":"closed","template":"","meta":[],"categories":[34,29,15],"tags":[],"_links":{"self":[{"href":"https:\/\/sbt.ug.edu.pl\/lt\/wp-json\/wp\/v2\/pages\/1787"}],"collection":[{"href":"https:\/\/sbt.ug.edu.pl\/lt\/wp-json\/wp\/v2\/pages"}],"about":[{"href":"https:\/\/sbt.ug.edu.pl\/lt\/wp-json\/wp\/v2\/types\/page"}],"author":[{"embeddable":true,"href":"https:\/\/sbt.ug.edu.pl\/lt\/wp-json\/wp\/v2\/users\/3"}],"replies":[{"embeddable":true,"href":"https:\/\/sbt.ug.edu.pl\/lt\/wp-json\/wp\/v2\/comments?post=1787"}],"version-history":[{"count":7,"href":"https:\/\/sbt.ug.edu.pl\/lt\/wp-json\/wp\/v2\/pages\/1787\/revisions"}],"predecessor-version":[{"id":5301,"href":"https:\/\/sbt.ug.edu.pl\/lt\/wp-json\/wp\/v2\/pages\/1787\/revisions\/5301"}],"up":[{"embeddable":true,"href":"https:\/\/sbt.ug.edu.pl\/lt\/wp-json\/wp\/v2\/pages\/486"}],"wp:attachment":[{"href":"https:\/\/sbt.ug.edu.pl\/lt\/wp-json\/wp\/v2\/media?parent=1787"}],"wp:term":[{"taxonomy":"category","embeddable":true,"href":"https:\/\/sbt.ug.edu.pl\/lt\/wp-json\/wp\/v2\/categories?post=1787"},{"taxonomy":"post_tag","embeddable":true,"href":"https:\/\/sbt.ug.edu.pl\/lt\/wp-json\/wp\/v2\/tags?post=1787"}],"curies":[{"name":"wp","href":"https:\/\/api.w.org\/{rel}","templated":true}]}}