{"id":1791,"date":"2019-07-10T12:31:56","date_gmt":"2019-07-10T10:31:56","guid":{"rendered":"https:\/\/southbaltic-tourist.eu\/?page_id=1791"},"modified":"2020-02-18T17:23:55","modified_gmt":"2020-02-18T17:23:55","slug":"9-malmo-sweden","status":"publish","type":"page","link":"https:\/\/sbt.ug.edu.pl\/lt\/routes\/griffins-dynasty-and-baltic-sea-battles\/9-malmo-sweden\/","title":{"rendered":"(English) 9. MALMO (SWEDEN)"},"content":{"rendered":"<p class=\"qtranxs-available-languages-message qtranxs-available-languages-message-lt\">Atsipra\u0161ome, \u0161is puslapis galimas tik <a href=\"https:\/\/sbt.ug.edu.pl\/en\/wp-json\/wp\/v2\/pages\/1791\" class=\"qtranxs-available-language-link qtranxs-available-language-link-en\" title=\"English\">Jungtini\u0173 Valstij\u0173 Angl\u0173<\/a>, <a href=\"https:\/\/sbt.ug.edu.pl\/de\/wp-json\/wp\/v2\/pages\/1791\" class=\"qtranxs-available-language-link qtranxs-available-language-link-de\" title=\"Deutsch\">Vokie\u010di\u0173<\/a> ir <a href=\"https:\/\/sbt.ug.edu.pl\/pl\/wp-json\/wp\/v2\/pages\/1791\" class=\"qtranxs-available-language-link qtranxs-available-language-link-pl\" title=\"Polski\">Lenk\u0173<\/a>. For the sake of viewer convenience, the content is shown below in this site default language. You may click one of the links to switch the site language to another available language.<\/p><p><\/p>\n<p style=\"text-align: justify;\"><span style=\"font-family: georgia, palatino, serif; font-size: 12pt;\"><span lang=\"en-US\"><b>LOCATION<\/b><\/span><\/span><\/p>\n<p style=\"text-align: justify;\"><span style=\"font-family: georgia, palatino, serif; font-size: 12pt;\"><span lang=\"en-US\">A city in southern Sweden, situated on the Sk\u00e5ne peninsula on the picturesque bank of the Oresund strait. After the construction of the bridge-tunnel crossing (Most \u00d6resund) with Copenhagen in 2000, it is considered to be the so-called &#8222;the gate to Sweden&#8221;. The city can be reached by car, train or yacht.<br \/>\n55\u00b037&#8217;15.2&#8243;N 13\u00b000&#8217;11.1&#8243;E<\/span><\/span><\/p>\n<p style=\"text-align: justify;\"><span style=\"font-size: 12pt; font-family: georgia, palatino, serif;\"><img decoding=\"async\" loading=\"lazy\" class=\"alignleft wp-image-1792\" src=\"https:\/\/southbaltic-tourist.eu\/wp-content\/uploads\/2019\/07\/9-1.jpg\" alt=\"\" width=\"532\" height=\"325\" srcset=\"https:\/\/sbt.ug.edu.pl\/wp-content\/uploads\/2019\/07\/9-1.jpg 800w, https:\/\/sbt.ug.edu.pl\/wp-content\/uploads\/2019\/07\/9-1-300x183.jpg 300w, https:\/\/sbt.ug.edu.pl\/wp-content\/uploads\/2019\/07\/9-1-768x469.jpg 768w, https:\/\/sbt.ug.edu.pl\/wp-content\/uploads\/2019\/07\/9-1-150x92.jpg 150w\" sizes=\"(max-width: 532px) 100vw, 532px\" \/> <\/span><\/p>\n<p style=\"text-align: justify;\"><span style=\"font-size: 12pt; font-family: georgia, palatino, serif;\"><a href=\"https:\/\/southbaltic-tourist.eu\/wp-content\/uploads\/2020\/02\/R6.09-Malmo.png\" data-rel=\"lightbox-gallery-YMY9Y3x9\" data-rl_title=\"\" data-rl_caption=\"\" title=\"\"><img decoding=\"async\" loading=\"lazy\" class=\"alignnone wp-image-5302\" src=\"https:\/\/southbaltic-tourist.eu\/wp-content\/uploads\/2020\/02\/R6.09-Malmo-300x174.png\" alt=\"\" width=\"559\" height=\"325\" srcset=\"https:\/\/sbt.ug.edu.pl\/wp-content\/uploads\/2020\/02\/R6.09-Malmo-300x174.png 300w, https:\/\/sbt.ug.edu.pl\/wp-content\/uploads\/2020\/02\/R6.09-Malmo-1024x595.png 1024w, https:\/\/sbt.ug.edu.pl\/wp-content\/uploads\/2020\/02\/R6.09-Malmo-768x446.png 768w, https:\/\/sbt.ug.edu.pl\/wp-content\/uploads\/2020\/02\/R6.09-Malmo-1536x893.png 1536w, https:\/\/sbt.ug.edu.pl\/wp-content\/uploads\/2020\/02\/R6.09-Malmo-150x87.png 150w, https:\/\/sbt.ug.edu.pl\/wp-content\/uploads\/2020\/02\/R6.09-Malmo.png 1600w\" sizes=\"(max-width: 559px) 100vw, 559px\" \/><\/a><\/span><\/p>\n<p style=\"text-align: justify;\"><span style=\"font-size: 12pt; font-family: georgia, palatino, serif;\"><span lang=\"en-US\"><b>SCENIC CHARACTER <\/b><\/span><\/span><\/p>\n<p lang=\"en-GB\" align=\"JUSTIFY\"><span style=\"font-family: georgia, palatino, serif; font-size: 12pt;\">The oldest historic mentions of Malm\u00f6 date back to the second half of the 12th century and the oldest preserved municipal privileges date from 1353. At that time it was a part of the then Kingdom of Denmark. The King of Scandinavia, Eric of Pomerania, after taking power in Scandinavia, decided to make use of the strategic localisation of the \u04e6resund, through which the countless Hanseatic merchant ships sailed. One of the main political goals set by this ambitious ruler of the Griffins line was to control the trade in the Baltic Sea, so he built several fortresses along the strand of the \u04e6resund. The castle in Malm\u00f6 was one of them. You can read more about it on the board located in front of the Castle\u2019s entrance. It is to King Eric that Malmo owes its coat of arms, which has survived to this day almost unchanged. It depicts a head of a red griffin in a jewel, presented on a silver background.\u00a0 The region of Sk\u00e5ne has a head of a griffin in its coat of arms as well.<\/span><\/p>\n<p><span style=\"font-family: georgia, palatino, serif; font-size: 12pt;\"><span lang=\"en-GB\"><b>ATTRACTIONS\u00a0<\/b><\/span><\/span><\/p>\n<p><span style=\"font-size: 12pt; font-family: georgia, palatino, serif;\"><span lang=\"en-GB\">Considering <\/span><span lang=\"en-GB\">the Griffins Route, the place that you must visit is the Castle. It is located in a beautiful green area in the city centre.<\/span><\/span><\/p>\n<p align=\"JUSTIFY\"><span style=\"font-size: 12pt; font-family: georgia, palatino, serif;\"><span lang=\"en-GB\">From 1937 the castle <\/span><span lang=\"en-GB\">has been serving <\/span><span lang=\"en-GB\">as a museum<\/span><span lang=\"en-GB\"> of<\/span><span lang=\"en-GB\"> the history of the region, history of the city as well as natural and technological history.\u00a0 When visiting Malm\u00f6 Museum <\/span><span lang=\"en-GB\">it\u2019s possible to<\/span><span lang=\"en-GB\"> try out the free Bring Your Own Device-tour. Using your smartphone you can explore and learn more about the history of the castle, starting from the time of Queen Margaret l and King Eric of Pomerania. \u00a0 Malm\u00f6 is a city where you can find many places marked with a griffin: bridges, buildings, sewage sumps <\/span><span lang=\"en-GB\">and <\/span><span lang=\"en-GB\">monuments. After leaving the castle it is worth visiting the Ban\u00e9rskajen &#8211; a small street <\/span><span lang=\"en-GB\">where in the morning <\/span><span lang=\"en-GB\">you can buy fresh fish <\/span><span lang=\"en-GB\">straight<\/span><span lang=\"en-GB\"> from the fishermen.\u00a0 Being in Malm\u00f6, you must visit Stortorget, the main square. It has existed since 1538 and has approx. <\/span><span lang=\"en-GB\">2500 m<\/span><sup><span lang=\"en-GB\">2<\/span><\/sup> <span lang=\"en-GB\">and a small market adjacent to it. Many medieval parts of the town were demolished during 1530s in order to make room for Stortorget, which was considered to be the biggest market square in the Nordic countries. In the main square you will find the Old Town Hall and Kockska Huset, a building from the early 16th century, and St. Peter\u00b4s church, which is a beautiful gothic brick church founded at the beginning of the 14th century.\u00a0 In 1518 J\u00f6rgen Kock was appointed master of the mint in Malm\u00f6 for the kingdom of Denmark. J\u00f6rgen Kock&#8217;s <\/span><span lang=\"en-GB\">house was built in 1522-1525 in a splendid late Gothic style<\/span><span lang=\"en-GB\">. The town hall was built on the initiative of the mayor of the city, J\u00f6rgen Kock, and was completed in 1546. Although the appearance of the city hall has changed over the centuries, <\/span><span lang=\"en-GB\">the familiar silhouette of the griffin has remained on the building and flags.<\/span><\/span><\/p>\n<p>&nbsp;<\/p>\n<p style=\"text-align: justify;\"><span style=\"font-size: 12pt; font-family: georgia, palatino, serif;\"><code><div class=\"rl-gallery-container rl-loading\" id=\"rl-gallery-container-1\" data-gallery_id=\"2424\"> <div class=\"rl-gallery rl-basicgrid-gallery \" id=\"rl-gallery-1\" data-gallery_no=\"1\"> <div class=\"rl-gallery-item\"><a href=\"https:\/\/sbt.ug.edu.pl\/wp-content\/uploads\/2019\/07\/Malmo-Erik-av-Pommern-w-Ratuszu-fot.-Jenny-Thornell-Zamek-w-Malmo.jpg\" title=\"Malmo &#8211; Erik av Pommern w Ratuszu fot. Jenny Thornell, Zamek w Malmo\" data-rl_title=\"Malmo &#8211; Erik av Pommern w Ratuszu fot. Jenny Thornell, Zamek w Malmo\" class=\"rl-gallery-link\" data-rl_caption=\"\" data-rel=\"lightbox-gallery-1\"><img src=\"https:\/\/sbt.ug.edu.pl\/wp-content\/uploads\/2019\/07\/Malmo-Erik-av-Pommern-w-Ratuszu-fot.-Jenny-Thornell-Zamek-w-Malmo-284x300.jpg\" width=\"284\" height=\"300\" alt=\"\" \/><\/a><\/div><div class=\"rl-gallery-item\"><a href=\"https:\/\/sbt.ug.edu.pl\/wp-content\/uploads\/2019\/07\/Malmo-gryf-na-placu-Gustawa-fot.-B.Wo\u0142owczyk.jpg\" title=\"Malmo &#8211; gryf na placu Gustawa fot. B.Wo\u0142owczyk\" data-rl_title=\"Malmo &#8211; gryf na placu Gustawa fot. B.Wo\u0142owczyk\" class=\"rl-gallery-link\" data-rl_caption=\"\" data-rel=\"lightbox-gallery-1\"><img src=\"https:\/\/sbt.ug.edu.pl\/wp-content\/uploads\/2019\/07\/Malmo-gryf-na-placu-Gustawa-fot.-B.Wo\u0142owczyk-300x208.jpg\" width=\"300\" height=\"208\" alt=\"\" \/><\/a><\/div><div class=\"rl-gallery-item\"><a href=\"https:\/\/sbt.ug.edu.pl\/wp-content\/uploads\/2019\/07\/Malmo-gryf-na-ratuszu-fot.-B.Wo\u0142owczyk.jpg\" title=\"Malmo &#8211; gryf na ratuszu fot. B.Wo\u0142owczyk\" data-rl_title=\"Malmo &#8211; gryf na ratuszu fot. B.Wo\u0142owczyk\" class=\"rl-gallery-link\" data-rl_caption=\"\" data-rel=\"lightbox-gallery-1\"><img src=\"https:\/\/sbt.ug.edu.pl\/wp-content\/uploads\/2019\/07\/Malmo-gryf-na-ratuszu-fot.-B.Wo\u0142owczyk-300x208.jpg\" width=\"300\" height=\"208\" alt=\"\" \/><\/a><\/div><div class=\"rl-gallery-item\"><a href=\"https:\/\/sbt.ug.edu.pl\/wp-content\/uploads\/2019\/07\/Malmo-gryf-na-ratuszu-i-na-flagach.jpg\" title=\"Malmo &#8211; gryf na ratuszu i na flagach\" data-rl_title=\"Malmo &#8211; gryf na ratuszu i na flagach\" class=\"rl-gallery-link\" data-rl_caption=\"\" data-rel=\"lightbox-gallery-1\"><img src=\"https:\/\/sbt.ug.edu.pl\/wp-content\/uploads\/2019\/07\/Malmo-gryf-na-ratuszu-i-na-flagach-300x208.jpg\" width=\"300\" height=\"208\" alt=\"\" \/><\/a><\/div><div class=\"rl-gallery-item\"><a href=\"https:\/\/sbt.ug.edu.pl\/wp-content\/uploads\/2019\/07\/Malmo-ma\u0142y-rynek-2-fot.-B.Wo\u0142owczyk.jpg\" title=\"Malmo &#8211; ma\u0142y rynek 2 fot. B.Wo\u0142owczyk\" data-rl_title=\"Malmo &#8211; ma\u0142y rynek 2 fot. B.Wo\u0142owczyk\" class=\"rl-gallery-link\" data-rl_caption=\"\" data-rel=\"lightbox-gallery-1\"><img src=\"https:\/\/sbt.ug.edu.pl\/wp-content\/uploads\/2019\/07\/Malmo-ma\u0142y-rynek-2-fot.-B.Wo\u0142owczyk-300x200.jpg\" width=\"300\" height=\"200\" alt=\"\" \/><\/a><\/div><div class=\"rl-gallery-item\"><a href=\"https:\/\/sbt.ug.edu.pl\/wp-content\/uploads\/2019\/07\/Malmo-ma\u0142y-rynek-fot.-B.Wo\u0142owczyk.jpg\" title=\"Malmo &#8211; ma\u0142y rynek fot. B.Wo\u0142owczyk\" data-rl_title=\"Malmo &#8211; ma\u0142y rynek fot. B.Wo\u0142owczyk\" class=\"rl-gallery-link\" data-rl_caption=\"\" data-rel=\"lightbox-gallery-1\"><img src=\"https:\/\/sbt.ug.edu.pl\/wp-content\/uploads\/2019\/07\/Malmo-ma\u0142y-rynek-fot.-B.Wo\u0142owczyk-300x200.jpg\" width=\"300\" height=\"200\" alt=\"\" \/><\/a><\/div><div class=\"rl-gallery-item\"><a href=\"https:\/\/sbt.ug.edu.pl\/wp-content\/uploads\/2019\/07\/Malmo-Marlarbron-1-fot.-B.Wo\u0142owczyk.jpg\" title=\"Malmo &#8211; Marlarbron 1 fot. B.Wo\u0142owczyk\" data-rl_title=\"Malmo &#8211; Marlarbron 1 fot. B.Wo\u0142owczyk\" class=\"rl-gallery-link\" data-rl_caption=\"\" data-rel=\"lightbox-gallery-1\"><img src=\"https:\/\/sbt.ug.edu.pl\/wp-content\/uploads\/2019\/07\/Malmo-Marlarbron-1-fot.-B.Wo\u0142owczyk-300x225.jpg\" width=\"300\" height=\"225\" alt=\"\" \/><\/a><\/div><div class=\"rl-gallery-item\"><a href=\"https:\/\/sbt.ug.edu.pl\/wp-content\/uploads\/2019\/07\/Malmo-muzeum-w-zamku-twierdza-fot.-B.Wo\u0142owczyk.jpg\" title=\"Malmo &#8211; muzeum w zamku &#8211; twierdza fot. B.Wo\u0142owczyk\" data-rl_title=\"Malmo &#8211; muzeum w zamku &#8211; twierdza fot. B.Wo\u0142owczyk\" class=\"rl-gallery-link\" data-rl_caption=\"\" data-rel=\"lightbox-gallery-1\"><img src=\"https:\/\/sbt.ug.edu.pl\/wp-content\/uploads\/2019\/07\/Malmo-muzeum-w-zamku-twierdza-fot.-B.Wo\u0142owczyk-300x200.jpg\" width=\"300\" height=\"200\" alt=\"\" \/><\/a><\/div><div class=\"rl-gallery-item\"><a href=\"https:\/\/sbt.ug.edu.pl\/wp-content\/uploads\/2019\/07\/Malmo-muzeum-w-zamku-zamek-fot.-B.Wo\u0142owczyk.jpg\" title=\"Malmo &#8211; muzeum w zamku &#8211; zamek fot. B.Wo\u0142owczyk\" data-rl_title=\"Malmo &#8211; muzeum w zamku &#8211; zamek fot. B.Wo\u0142owczyk\" class=\"rl-gallery-link\" data-rl_caption=\"\" data-rel=\"lightbox-gallery-1\"><img src=\"https:\/\/sbt.ug.edu.pl\/wp-content\/uploads\/2019\/07\/Malmo-muzeum-w-zamku-zamek-fot.-B.Wo\u0142owczyk-300x200.jpg\" width=\"300\" height=\"200\" alt=\"\" \/><\/a><\/div><div class=\"rl-gallery-item\"><a href=\"https:\/\/sbt.ug.edu.pl\/wp-content\/uploads\/2019\/07\/Malmo-muzeum-w-zamku-fot.-B.Wo\u0142owczyk.jpg\" title=\"Malmo &#8211; muzeum w zamku fot. B.Wo\u0142owczyk\" data-rl_title=\"Malmo &#8211; muzeum w zamku fot. B.Wo\u0142owczyk\" class=\"rl-gallery-link\" data-rl_caption=\"\" data-rel=\"lightbox-gallery-1\"><img src=\"https:\/\/sbt.ug.edu.pl\/wp-content\/uploads\/2019\/07\/Malmo-muzeum-w-zamku-fot.-B.Wo\u0142owczyk-300x200.jpg\" width=\"300\" height=\"200\" alt=\"\" \/><\/a><\/div><div class=\"rl-gallery-item\"><a href=\"https:\/\/sbt.ug.edu.pl\/wp-content\/uploads\/2019\/07\/Malmo-muzeum-w-zamku-wystawa-wi\u0119zienie-fot.-B.Wo\u0142owczyk.jpg\" title=\"Malmo &#8211; muzeum w zamku wystawa wi\u0119zienie fot. B.Wo\u0142owczyk\" data-rl_title=\"Malmo &#8211; muzeum w zamku wystawa wi\u0119zienie fot. B.Wo\u0142owczyk\" class=\"rl-gallery-link\" data-rl_caption=\"\" data-rel=\"lightbox-gallery-1\"><img src=\"https:\/\/sbt.ug.edu.pl\/wp-content\/uploads\/2019\/07\/Malmo-muzeum-w-zamku-wystawa-wi\u0119zienie-fot.-B.Wo\u0142owczyk-300x200.jpg\" width=\"300\" height=\"200\" alt=\"\" \/><\/a><\/div><div class=\"rl-gallery-item\"><a href=\"https:\/\/sbt.ug.edu.pl\/wp-content\/uploads\/2019\/07\/Malmo-muzeum-w-zamku-ptaki-fot.-B.Wo\u0142owczyk.jpg\" title=\"Malmo &#8211; muzeum w zamku, ptaki fot. B.Wo\u0142owczyk\" data-rl_title=\"Malmo &#8211; muzeum w zamku, ptaki fot. B.Wo\u0142owczyk\" class=\"rl-gallery-link\" data-rl_caption=\"\" data-rel=\"lightbox-gallery-1\"><img src=\"https:\/\/sbt.ug.edu.pl\/wp-content\/uploads\/2019\/07\/Malmo-muzeum-w-zamku-ptaki-fot.-B.Wo\u0142owczyk-300x200.jpg\" width=\"300\" height=\"200\" alt=\"\" \/><\/a><\/div><div class=\"rl-gallery-item\"><a href=\"https:\/\/sbt.ug.edu.pl\/wp-content\/uploads\/2019\/07\/Malmo-muzeum-w-zamku-wodne-fot.-B.Wo\u0142owczyk.jpg\" title=\"Malmo &#8211; muzeum w zamku, wodne fot. B.Wo\u0142owczyk\" data-rl_title=\"Malmo &#8211; muzeum w zamku, wodne fot. B.Wo\u0142owczyk\" class=\"rl-gallery-link\" data-rl_caption=\"\" data-rel=\"lightbox-gallery-1\"><img src=\"https:\/\/sbt.ug.edu.pl\/wp-content\/uploads\/2019\/07\/Malmo-muzeum-w-zamku-wodne-fot.-B.Wo\u0142owczyk-300x200.jpg\" width=\"300\" height=\"200\" alt=\"\" \/><\/a><\/div><div class=\"rl-gallery-item\"><a href=\"https:\/\/sbt.ug.edu.pl\/wp-content\/uploads\/2019\/07\/Malmo-muzeum-w-zamku-zwierz\u0119ta-2-fot.-B.Wo\u0142owczyk.jpg\" title=\"Malmo &#8211; muzeum w zamku, zwierz\u0119ta 2 fot. B.Wo\u0142owczyk\" data-rl_title=\"Malmo &#8211; muzeum w zamku, zwierz\u0119ta 2 fot. B.Wo\u0142owczyk\" class=\"rl-gallery-link\" data-rl_caption=\"\" data-rel=\"lightbox-gallery-1\"><img src=\"https:\/\/sbt.ug.edu.pl\/wp-content\/uploads\/2019\/07\/Malmo-muzeum-w-zamku-zwierz\u0119ta-2-fot.-B.Wo\u0142owczyk-300x200.jpg\" width=\"300\" height=\"200\" alt=\"\" \/><\/a><\/div><div class=\"rl-gallery-item\"><a href=\"https:\/\/sbt.ug.edu.pl\/wp-content\/uploads\/2019\/07\/Malmo-park-przy-zamku-1-fot.-B.Wo\u0142owczyk.jpg\" title=\"Malmo &#8211; park przy zamku 1 fot. B.Wo\u0142owczyk\" data-rl_title=\"Malmo &#8211; park przy zamku 1 fot. B.Wo\u0142owczyk\" class=\"rl-gallery-link\" data-rl_caption=\"\" data-rel=\"lightbox-gallery-1\"><img src=\"https:\/\/sbt.ug.edu.pl\/wp-content\/uploads\/2019\/07\/Malmo-park-przy-zamku-1-fot.-B.Wo\u0142owczyk-300x200.jpg\" width=\"300\" height=\"200\" alt=\"\" \/><\/a><\/div><div class=\"rl-gallery-item\"><a href=\"https:\/\/sbt.ug.edu.pl\/wp-content\/uploads\/2019\/07\/Malmo-parking-przy-zamku-fot.-B.Wo\u0142owczyk.jpg\" title=\"Malmo &#8211; parking przy zamku fot. B.Wo\u0142owczyk\" data-rl_title=\"Malmo &#8211; parking przy zamku fot. B.Wo\u0142owczyk\" class=\"rl-gallery-link\" data-rl_caption=\"\" data-rel=\"lightbox-gallery-1\"><img src=\"https:\/\/sbt.ug.edu.pl\/wp-content\/uploads\/2019\/07\/Malmo-parking-przy-zamku-fot.-B.Wo\u0142owczyk-300x200.jpg\" width=\"300\" height=\"200\" alt=\"\" \/><\/a><\/div><div class=\"rl-gallery-item\"><a href=\"https:\/\/sbt.ug.edu.pl\/wp-content\/uploads\/2019\/07\/Malmo-ratusz-fot.-B.Wo\u0142owczyk.jpg\" title=\"Malmo &#8211; ratusz fot. B.Wo\u0142owczyk\" data-rl_title=\"Malmo &#8211; ratusz fot. B.Wo\u0142owczyk\" class=\"rl-gallery-link\" data-rl_caption=\"\" data-rel=\"lightbox-gallery-1\"><img src=\"https:\/\/sbt.ug.edu.pl\/wp-content\/uploads\/2019\/07\/Malmo-ratusz-fot.-B.Wo\u0142owczyk-300x200.jpg\" width=\"300\" height=\"200\" alt=\"\" \/><\/a><\/div><div class=\"rl-gallery-item\"><a href=\"https:\/\/sbt.ug.edu.pl\/wp-content\/uploads\/2019\/07\/Malmo-tramwaj-turystyczny-fot.-B.Wo\u0142owczyk.jpg\" title=\"Malmo &#8211; tramwaj turystyczny fot. B.Wo\u0142owczyk\" data-rl_title=\"Malmo &#8211; tramwaj turystyczny fot. B.Wo\u0142owczyk\" class=\"rl-gallery-link\" data-rl_caption=\"\" data-rel=\"lightbox-gallery-1\"><img src=\"https:\/\/sbt.ug.edu.pl\/wp-content\/uploads\/2019\/07\/Malmo-tramwaj-turystyczny-fot.-B.Wo\u0142owczyk-300x200.jpg\" width=\"300\" height=\"200\" alt=\"\" \/><\/a><\/div><div class=\"rl-gallery-item\"><a href=\"https:\/\/sbt.ug.edu.pl\/wp-content\/uploads\/2019\/07\/Malmo-zamek-fot.-Zamek-w-Malmo.jpg\" title=\"Malmo &#8211; zamek &#8211; fot. Zamek w Malmo\" data-rl_title=\"Malmo &#8211; zamek &#8211; fot. Zamek w Malmo\" class=\"rl-gallery-link\" data-rl_caption=\"\" data-rel=\"lightbox-gallery-1\"><img src=\"https:\/\/sbt.ug.edu.pl\/wp-content\/uploads\/2019\/07\/Malmo-zamek-fot.-Zamek-w-Malmo-300x183.jpg\" width=\"300\" height=\"183\" alt=\"\" \/><\/a><\/div><div class=\"rl-gallery-item\"><a href=\"https:\/\/sbt.ug.edu.pl\/wp-content\/uploads\/2019\/07\/Malmo-zamek-tablica-z-Erykiem-Pomorskim-fot.-B.Wo\u0142owczyk.jpg\" title=\"Malmo &#8211; zamek &#8211; tablica z Erykiem Pomorskim fot. B.Wo\u0142owczyk\" data-rl_title=\"Malmo &#8211; zamek &#8211; tablica z Erykiem Pomorskim fot. B.Wo\u0142owczyk\" class=\"rl-gallery-link\" data-rl_caption=\"\" data-rel=\"lightbox-gallery-1\"><img src=\"https:\/\/sbt.ug.edu.pl\/wp-content\/uploads\/2019\/07\/Malmo-zamek-tablica-z-Erykiem-Pomorskim-fot.-B.Wo\u0142owczyk-300x200.jpg\" width=\"300\" height=\"200\" alt=\"\" \/><\/a><\/div><div class=\"rl-gallery-item\"><a href=\"https:\/\/sbt.ug.edu.pl\/wp-content\/uploads\/2019\/07\/Malmo-zamek-1-fot.-B.Wo\u0142owczyk.jpg\" title=\"Malmo &#8211; zamek 1 fot. B.Wo\u0142owczyk\" data-rl_title=\"Malmo &#8211; zamek 1 fot. B.Wo\u0142owczyk\" class=\"rl-gallery-link\" data-rl_caption=\"\" data-rel=\"lightbox-gallery-1\"><img src=\"https:\/\/sbt.ug.edu.pl\/wp-content\/uploads\/2019\/07\/Malmo-zamek-1-fot.-B.Wo\u0142owczyk-300x200.jpg\" width=\"300\" height=\"200\" alt=\"\" \/><\/a><\/div><div class=\"rl-gallery-item\"><a href=\"https:\/\/sbt.ug.edu.pl\/wp-content\/uploads\/2019\/07\/Malmo-zamek-2-fot.-B.Wo\u0142owczyk.jpg\" title=\"Malmo &#8211; zamek 2 fot. B.Wo\u0142owczyk\" data-rl_title=\"Malmo &#8211; zamek 2 fot. B.Wo\u0142owczyk\" class=\"rl-gallery-link\" data-rl_caption=\"\" data-rel=\"lightbox-gallery-1\"><img src=\"https:\/\/sbt.ug.edu.pl\/wp-content\/uploads\/2019\/07\/Malmo-zamek-2-fot.-B.Wo\u0142owczyk-300x200.jpg\" width=\"300\" height=\"200\" alt=\"\" \/><\/a><\/div><div class=\"rl-gallery-item\"><a href=\"https:\/\/sbt.ug.edu.pl\/wp-content\/uploads\/2019\/07\/Malmo-zamek-i-wydaok-na-Turning-Torso-fot.-B.Wo\u0142owczyk.jpg\" title=\"Malmo &#8211; zamek i wydaok na Turning Torso fot. B.Wo\u0142owczyk\" data-rl_title=\"Malmo &#8211; zamek i wydaok na Turning Torso fot. B.Wo\u0142owczyk\" class=\"rl-gallery-link\" data-rl_caption=\"\" data-rel=\"lightbox-gallery-1\"><img src=\"https:\/\/sbt.ug.edu.pl\/wp-content\/uploads\/2019\/07\/Malmo-zamek-i-wydaok-na-Turning-Torso-fot.-B.Wo\u0142owczyk-244x300.jpg\" width=\"244\" height=\"300\" alt=\"\" \/><\/a><\/div> <\/div> <\/div><\/code><\/span><\/p>\n<p style=\"text-align: justify;\">\n<p><\/p>","protected":false},"excerpt":{"rendered":"<p>Atsipra\u0161ome, \u0161is puslapis galimas tik Jungtini\u0173 Valstij\u0173 Angl\u0173, Vokie\u010di\u0173 ir Lenk\u0173. For the sake of viewer convenience, the content is shown below in this site default language. You may click one of the links to switch the site language to another available language. LOCATION A city in southern Sweden, situated on the Sk\u00e5ne peninsula on [&hellip;]<\/p>\n","protected":false},"author":3,"featured_media":0,"parent":486,"menu_order":0,"comment_status":"closed","ping_status":"closed","template":"","meta":[],"categories":[34,29,15],"tags":[],"_links":{"self":[{"href":"https:\/\/sbt.ug.edu.pl\/lt\/wp-json\/wp\/v2\/pages\/1791"}],"collection":[{"href":"https:\/\/sbt.ug.edu.pl\/lt\/wp-json\/wp\/v2\/pages"}],"about":[{"href":"https:\/\/sbt.ug.edu.pl\/lt\/wp-json\/wp\/v2\/types\/page"}],"author":[{"embeddable":true,"href":"https:\/\/sbt.ug.edu.pl\/lt\/wp-json\/wp\/v2\/users\/3"}],"replies":[{"embeddable":true,"href":"https:\/\/sbt.ug.edu.pl\/lt\/wp-json\/wp\/v2\/comments?post=1791"}],"version-history":[{"count":7,"href":"https:\/\/sbt.ug.edu.pl\/lt\/wp-json\/wp\/v2\/pages\/1791\/revisions"}],"predecessor-version":[{"id":5304,"href":"https:\/\/sbt.ug.edu.pl\/lt\/wp-json\/wp\/v2\/pages\/1791\/revisions\/5304"}],"up":[{"embeddable":true,"href":"https:\/\/sbt.ug.edu.pl\/lt\/wp-json\/wp\/v2\/pages\/486"}],"wp:attachment":[{"href":"https:\/\/sbt.ug.edu.pl\/lt\/wp-json\/wp\/v2\/media?parent=1791"}],"wp:term":[{"taxonomy":"category","embeddable":true,"href":"https:\/\/sbt.ug.edu.pl\/lt\/wp-json\/wp\/v2\/categories?post=1791"},{"taxonomy":"post_tag","embeddable":true,"href":"https:\/\/sbt.ug.edu.pl\/lt\/wp-json\/wp\/v2\/tags?post=1791"}],"curies":[{"name":"wp","href":"https:\/\/api.w.org\/{rel}","templated":true}]}}