{"id":1806,"date":"2019-07-10T12:42:10","date_gmt":"2019-07-10T10:42:10","guid":{"rendered":"https:\/\/southbaltic-tourist.eu\/?page_id=1806"},"modified":"2020-02-18T17:34:49","modified_gmt":"2020-02-18T17:34:49","slug":"13-barth","status":"publish","type":"page","link":"https:\/\/sbt.ug.edu.pl\/lt\/routes\/griffins-dynasty-and-baltic-sea-battles\/13-barth\/","title":{"rendered":"(English) 13. BARTH"},"content":{"rendered":"<p class=\"qtranxs-available-languages-message qtranxs-available-languages-message-lt\">Atsipra\u0161ome, \u0161is puslapis galimas tik <a href=\"https:\/\/sbt.ug.edu.pl\/en\/wp-json\/wp\/v2\/pages\/1806\" class=\"qtranxs-available-language-link qtranxs-available-language-link-en\" title=\"English\">Jungtini\u0173 Valstij\u0173 Angl\u0173<\/a>, <a href=\"https:\/\/sbt.ug.edu.pl\/de\/wp-json\/wp\/v2\/pages\/1806\" class=\"qtranxs-available-language-link qtranxs-available-language-link-de\" title=\"Deutsch\">Vokie\u010di\u0173<\/a> ir <a href=\"https:\/\/sbt.ug.edu.pl\/pl\/wp-json\/wp\/v2\/pages\/1806\" class=\"qtranxs-available-language-link qtranxs-available-language-link-pl\" title=\"Polski\">Lenk\u0173<\/a>. For the sake of viewer convenience, the content is shown below in this site default language. You may click one of the links to switch the site language to another available language.<\/p><p><\/p>\n<p style=\"text-align: justify;\"><span style=\"font-family: georgia, palatino, serif; font-size: 12pt; color: #000000;\"><span lang=\"en-US\"><b>LOCATION<\/b><\/span><\/span><\/p>\n<p style=\"text-align: justify;\" align=\"JUSTIFY\"><span style=\"font-family: georgia, palatino, serif; font-size: 12pt; color: #000000;\"><span lang=\"en-US\">A city in Mecklenburg-Vorpommern in Germany. You can reach Barth by car, bus or train, as well as by plane (airport in Stralsund-Barth). Barth is located on the south bank of the Bodden sea, which is why you can also get there by yacht. 54\u00b022\u2032N 12\u00b043\u2032E<\/span><\/span><\/p>\n<p style=\"text-align: justify;\" align=\"JUSTIFY\"><span style=\"font-size: 12pt; font-family: georgia, palatino, serif; color: #000000;\"><img decoding=\"async\" loading=\"lazy\" class=\"alignleft wp-image-1807\" src=\"https:\/\/southbaltic-tourist.eu\/wp-content\/uploads\/2019\/07\/13-2.jpg\" alt=\"\" width=\"578\" height=\"325\" srcset=\"https:\/\/sbt.ug.edu.pl\/wp-content\/uploads\/2019\/07\/13-2.jpg 1233w, https:\/\/sbt.ug.edu.pl\/wp-content\/uploads\/2019\/07\/13-2-300x169.jpg 300w, https:\/\/sbt.ug.edu.pl\/wp-content\/uploads\/2019\/07\/13-2-768x432.jpg 768w, https:\/\/sbt.ug.edu.pl\/wp-content\/uploads\/2019\/07\/13-2-1024x576.jpg 1024w, https:\/\/sbt.ug.edu.pl\/wp-content\/uploads\/2019\/07\/13-2-150x84.jpg 150w\" sizes=\"(max-width: 578px) 100vw, 578px\" \/> <\/span><\/p>\n<p style=\"text-align: justify;\" align=\"JUSTIFY\"><span style=\"font-size: 12pt; font-family: georgia, palatino, serif; color: #000000;\"><a href=\"https:\/\/southbaltic-tourist.eu\/wp-content\/uploads\/2020\/02\/R6.13-Barth.png\" data-rel=\"lightbox-gallery-vUTIEw42\" data-rl_title=\"\" data-rl_caption=\"\" title=\"\"><img decoding=\"async\" loading=\"lazy\" class=\"alignnone wp-image-5314\" src=\"https:\/\/southbaltic-tourist.eu\/wp-content\/uploads\/2020\/02\/R6.13-Barth-300x174.png\" alt=\"\" width=\"559\" height=\"325\" srcset=\"https:\/\/sbt.ug.edu.pl\/wp-content\/uploads\/2020\/02\/R6.13-Barth-300x174.png 300w, https:\/\/sbt.ug.edu.pl\/wp-content\/uploads\/2020\/02\/R6.13-Barth-1024x595.png 1024w, https:\/\/sbt.ug.edu.pl\/wp-content\/uploads\/2020\/02\/R6.13-Barth-768x446.png 768w, https:\/\/sbt.ug.edu.pl\/wp-content\/uploads\/2020\/02\/R6.13-Barth-1536x893.png 1536w, https:\/\/sbt.ug.edu.pl\/wp-content\/uploads\/2020\/02\/R6.13-Barth-150x87.png 150w, https:\/\/sbt.ug.edu.pl\/wp-content\/uploads\/2020\/02\/R6.13-Barth.png 1600w\" sizes=\"(max-width: 559px) 100vw, 559px\" \/><\/a><\/span><\/p>\n<p style=\"text-align: justify;\"><span style=\"font-size: 12pt; font-family: georgia, palatino, serif; color: #000000;\"><span lang=\"en-US\"><b>SCENIC CHARACTER <\/b><\/span><\/span><\/p>\n<p lang=\"en-GB\" align=\"JUSTIFY\"><a name=\"_GoBack\"><\/a><span style=\"font-family: georgia, palatino, serif; font-size: 12pt; color: #000000;\"> The origins of Barth are unknown. Some say that it was founded by the survivors of the sunken city of Wineta. The first mention of the city dates from 1255 when the Prince of R\u00fcgen thanked the city of Barth in an official document. The last prince of R\u00fcgen, Wis\u0142aw III, built a castle here in 1315. After his death the city came under the rule of the princes of Western Pomerania from the Griffin dynasty. The most distinguished ruler of the city was Bogus\u0142aw XIII, to whom the city owes the sewage system, the pharmacy and the school. He also founded the first printing house, in which 700 copies of Luther&#8217;s Bible (in the years 1584 &#8211; 1588) were printed in modern technology.\u00a0 You can get to know this story by visiting the Bibel Centrum in the former Church of St. George. Currently in the place of the former castle there is a palace in which there is a nursing home. St. Mary\u2019s Church is also worth visiting. You might want to take note of one of the chandeliers that presents the suffering griffin. It is dedicated to the memory of the six dead children of Bogus\u0142aw XIII. In the Church there is a crypt were those children were buried. In the place of the former defensive walls there are tenement houses and above the bay there is a marina.<\/span><\/p>\n<p><span style=\"color: #000000; font-size: 12pt; font-family: georgia, palatino, serif;\"><span lang=\"en-GB\"><b>ATTRACTIONS\u00a0<\/b><\/span><\/span><\/p>\n<p align=\"JUSTIFY\"><span style=\"font-size: 12pt; font-family: georgia, palatino, serif; color: #000000;\"><span lang=\"en-GB\"><b>Tsunami on the Baltic.<\/b><\/span> <span lang=\"en-GB\">Once upon a time one of the largest city of Europe of that time was located at the Baltic Sea at the mouth of the Oder River<\/span><span lang=\"en-GB\">. The city\u2019s name was Wineta. It was a great port and a commercial centre.\u00a0 Information about this city can be found in old chronicles. <\/span><span lang=\"en-GB\">It isn\u2019t known where exactly <\/span><span lang=\"en-GB\">the Wineta was located, <\/span><span lang=\"en-GB\">because no remains of this city were ever found<\/span><span lang=\"en-GB\">. However, there is no doubt that it was <\/span><span lang=\"en-GB\">somewhere<\/span><span lang=\"en-GB\"> in the current Pomeranian Bay. In myths this Slavic city is described <\/span><span lang=\"en-GB\">as not only very rich, but even<\/span><span lang=\"en-GB\"> luxurious. <\/span><span lang=\"en-GB\">The city flourished most probably <\/span><span lang=\"en-GB\">around the eighth century. Apparently, the residents ran a dissolute and sinful lifestyle<\/span><span lang=\"en-GB\">. One day a powerful thunder, coming from the depths of the sea, and high waves suddenly hit the coast and ventured far into the land, wreaking havoc as they drowned people and animals<\/span><span lang=\"en-GB\">. It was <\/span><span lang=\"en-GB\">thought<\/span><span lang=\"en-GB\"> to be a punishment for ungodliness and debauchery. This event is confirmed by historical and scientific evidence. After the catastrophe the Swedes <\/span><span lang=\"en-GB\">had taken <\/span><span lang=\"en-GB\">gold, silver, tin <\/span><span lang=\"en-GB\">and<\/span><span lang=\"en-GB\"> marble <\/span><span lang=\"en-GB\">and transported it <\/span><span lang=\"en-GB\">by ship to Gotland. It is believed that the <\/span><span lang=\"en-GB\">inhabitants of Wineta who managed to survive the disaster founded the city called Barth<\/span><span lang=\"en-GB\">. There is a museum dedicated to Wineta and <\/span><span lang=\"en-GB\">every year Wineta Festival is held in the city<\/span><span lang=\"en-GB\">. Wineta is gone,\u00a0 but the memory of this great city has remained to this day not only in Barth, Germany, but also in Wolin, where there is an open-air museum of the Slavs and Vikings Center in Jomsborg &#8211; Vineta Wolin where every year in the first weekend of August there is a festival of Slavs and Vikings, during which you can find echoes of the former Wineta.<\/span><\/span><\/p>\n<p>&nbsp;<\/p>\n<p><span style=\"font-size: 12pt; font-family: georgia, palatino, serif; color: #000000;\"><code><div class=\"rl-gallery-container rl-loading\" id=\"rl-gallery-container-1\" data-gallery_id=\"2463\"> <div class=\"rl-gallery rl-basicgrid-gallery \" id=\"rl-gallery-1\" data-gallery_no=\"1\"> <div class=\"rl-gallery-item\"><a href=\"https:\/\/sbt.ug.edu.pl\/wp-content\/uploads\/2019\/07\/Barth-Bibel-Centrum_B.Wo\u0142owczyk.jpg\" title=\"Barth &#8211; Bibel Centrum_B.Wo\u0142owczyk\" data-rl_title=\"Barth &#8211; Bibel Centrum_B.Wo\u0142owczyk\" class=\"rl-gallery-link\" data-rl_caption=\"\" data-rel=\"lightbox-gallery-1\"><img src=\"https:\/\/sbt.ug.edu.pl\/wp-content\/uploads\/2019\/07\/Barth-Bibel-Centrum_B.Wo\u0142owczyk-768x576.jpg\" width=\"640\" height=\"480\" alt=\"\" \/><\/a><\/div><div class=\"rl-gallery-item\"><a href=\"https:\/\/sbt.ug.edu.pl\/wp-content\/uploads\/2019\/07\/Barth-BibelCentrum-2_B.Wo\u0142owczyk.jpg\" title=\"Barth &#8211; BibelCentrum 2_B.Wo\u0142owczyk\" data-rl_title=\"Barth &#8211; BibelCentrum 2_B.Wo\u0142owczyk\" class=\"rl-gallery-link\" data-rl_caption=\"\" data-rel=\"lightbox-gallery-1\"><img src=\"https:\/\/sbt.ug.edu.pl\/wp-content\/uploads\/2019\/07\/Barth-BibelCentrum-2_B.Wo\u0142owczyk-768x432.jpg\" width=\"640\" height=\"360\" alt=\"\" \/><\/a><\/div><div class=\"rl-gallery-item\"><a href=\"https:\/\/sbt.ug.edu.pl\/wp-content\/uploads\/2019\/07\/Barth-BibelCentrum-3_B.Wo\u0142owczyk.jpg\" title=\"Barth &#8211; BibelCentrum 3_B.Wo\u0142owczyk\" data-rl_title=\"Barth &#8211; BibelCentrum 3_B.Wo\u0142owczyk\" class=\"rl-gallery-link\" data-rl_caption=\"\" data-rel=\"lightbox-gallery-1\"><img src=\"https:\/\/sbt.ug.edu.pl\/wp-content\/uploads\/2019\/07\/Barth-BibelCentrum-3_B.Wo\u0142owczyk-768x1365.jpg\" width=\"640\" height=\"1138\" alt=\"\" \/><\/a><\/div><div class=\"rl-gallery-item\"><a href=\"https:\/\/sbt.ug.edu.pl\/wp-content\/uploads\/2019\/07\/Barth-BibelCentrum-Bogus\u0142aw-III-zamek.B.Wo\u0142owczyk.jpg\" title=\"Barth &#8211; BibelCentrum Bogus\u0142aw III, zamek.B.Wo\u0142owczyk\" data-rl_title=\"Barth &#8211; BibelCentrum Bogus\u0142aw III, zamek.B.Wo\u0142owczyk\" class=\"rl-gallery-link\" data-rl_caption=\"\" data-rel=\"lightbox-gallery-1\"><img src=\"https:\/\/sbt.ug.edu.pl\/wp-content\/uploads\/2019\/07\/Barth-BibelCentrum-Bogus\u0142aw-III-zamek.B.Wo\u0142owczyk-768x498.jpg\" width=\"640\" height=\"415\" alt=\"\" \/><\/a><\/div><div class=\"rl-gallery-item\"><a href=\"https:\/\/sbt.ug.edu.pl\/wp-content\/uploads\/2019\/07\/Barth-BibelCentrum_B.Wo\u0142owczyk.jpg\" title=\"Barth &#8211; BibelCentrum_B.Wo\u0142owczyk\" data-rl_title=\"Barth &#8211; BibelCentrum_B.Wo\u0142owczyk\" class=\"rl-gallery-link\" data-rl_caption=\"\" data-rel=\"lightbox-gallery-1\"><img src=\"https:\/\/sbt.ug.edu.pl\/wp-content\/uploads\/2019\/07\/Barth-BibelCentrum_B.Wo\u0142owczyk-768x616.jpg\" width=\"640\" height=\"513\" alt=\"\" \/><\/a><\/div><div class=\"rl-gallery-item\"><a href=\"https:\/\/sbt.ug.edu.pl\/wp-content\/uploads\/2019\/07\/Barth-BibelCentrum1_B.Wo\u0142owczyk.jpg\" title=\"Barth &#8211; BibelCentrum1_B.Wo\u0142owczyk\" data-rl_title=\"Barth &#8211; BibelCentrum1_B.Wo\u0142owczyk\" class=\"rl-gallery-link\" data-rl_caption=\"\" data-rel=\"lightbox-gallery-1\"><img src=\"https:\/\/sbt.ug.edu.pl\/wp-content\/uploads\/2019\/07\/Barth-BibelCentrum1_B.Wo\u0142owczyk-768x432.jpg\" width=\"640\" height=\"360\" alt=\"\" \/><\/a><\/div><div class=\"rl-gallery-item\"><a href=\"https:\/\/sbt.ug.edu.pl\/wp-content\/uploads\/2019\/07\/Barth-church_B.Wo\u0142owczyk.jpg\" title=\"Barth &#8211; church_B.Wo\u0142owczyk\" data-rl_title=\"Barth &#8211; church_B.Wo\u0142owczyk\" class=\"rl-gallery-link\" data-rl_caption=\"\" data-rel=\"lightbox-gallery-1\"><img src=\"https:\/\/sbt.ug.edu.pl\/wp-content\/uploads\/2019\/07\/Barth-church_B.Wo\u0142owczyk-768x432.jpg\" width=\"640\" height=\"360\" alt=\"\" \/><\/a><\/div><div class=\"rl-gallery-item\"><a href=\"https:\/\/sbt.ug.edu.pl\/wp-content\/uploads\/2019\/07\/Barth-church2_B.Wo\u0142owczyk.jpg\" title=\"Barth &#8211; church2_B.Wo\u0142owczyk\" data-rl_title=\"Barth &#8211; church2_B.Wo\u0142owczyk\" class=\"rl-gallery-link\" data-rl_caption=\"\" data-rel=\"lightbox-gallery-1\"><img src=\"https:\/\/sbt.ug.edu.pl\/wp-content\/uploads\/2019\/07\/Barth-church2_B.Wo\u0142owczyk-768x464.jpg\" width=\"640\" height=\"387\" alt=\"\" \/><\/a><\/div><div class=\"rl-gallery-item\"><a href=\"https:\/\/sbt.ug.edu.pl\/wp-content\/uploads\/2019\/07\/Barth-Lubinus_Map.png\" title=\"Barth &#8211; Lubinus_Map\" data-rl_title=\"Barth &#8211; Lubinus_Map\" class=\"rl-gallery-link\" data-rl_caption=\"\" data-rel=\"lightbox-gallery-1\"><img src=\"https:\/\/sbt.ug.edu.pl\/wp-content\/uploads\/2019\/07\/Barth-Lubinus_Map-768x425.png\" width=\"640\" height=\"354\" alt=\"\" \/><\/a><\/div><div class=\"rl-gallery-item\"><a href=\"https:\/\/sbt.ug.edu.pl\/wp-content\/uploads\/2019\/07\/Barth-marina_B.Wo\u0142owczyk.jpg\" title=\"Barth &#8211; marina_B.Wo\u0142owczyk\" data-rl_title=\"Barth &#8211; marina_B.Wo\u0142owczyk\" class=\"rl-gallery-link\" data-rl_caption=\"\" data-rel=\"lightbox-gallery-1\"><img src=\"https:\/\/sbt.ug.edu.pl\/wp-content\/uploads\/2019\/07\/Barth-marina_B.Wo\u0142owczyk-768x432.jpg\" width=\"640\" height=\"360\" alt=\"\" \/><\/a><\/div><div class=\"rl-gallery-item\"><a href=\"https:\/\/sbt.ug.edu.pl\/wp-content\/uploads\/2019\/07\/Barth-palac_B.Wo\u0142owczyk.jpg\" title=\"Barth &#8211; palac_B.Wo\u0142owczyk\" data-rl_title=\"Barth &#8211; palac_B.Wo\u0142owczyk\" class=\"rl-gallery-link\" data-rl_caption=\"\" data-rel=\"lightbox-gallery-1\"><img src=\"https:\/\/sbt.ug.edu.pl\/wp-content\/uploads\/2019\/07\/Barth-palac_B.Wo\u0142owczyk-768x432.jpg\" width=\"640\" height=\"360\" alt=\"\" \/><\/a><\/div><div class=\"rl-gallery-item\"><a href=\"https:\/\/sbt.ug.edu.pl\/wp-content\/uploads\/2019\/07\/Barth-St.-Mary_s-Church-a-chandelier-with-a-suffering-griffin_B.Wo\u0142owczyk.jpg\" title=\"Barth &#8211; St. Mary_s Church &#8211; a chandelier with a suffering griffin_B.Wo\u0142owczyk\" data-rl_title=\"Barth &#8211; St. Mary_s Church &#8211; a chandelier with a suffering griffin_B.Wo\u0142owczyk\" class=\"rl-gallery-link\" data-rl_caption=\"\" data-rel=\"lightbox-gallery-1\"><img src=\"https:\/\/sbt.ug.edu.pl\/wp-content\/uploads\/2019\/07\/Barth-St.-Mary_s-Church-a-chandelier-with-a-suffering-griffin_B.Wo\u0142owczyk-768x582.jpg\" width=\"640\" height=\"485\" alt=\"\" \/><\/a><\/div><div class=\"rl-gallery-item\"><a href=\"https:\/\/sbt.ug.edu.pl\/wp-content\/uploads\/2019\/07\/Barth-St.-Mary_s-Church-baptismal-font_B.Wo\u0142owczyk.jpg\" title=\"Barth &#8211; St. Mary_s Church &#8211; baptismal font_B.Wo\u0142owczyk\" data-rl_title=\"Barth &#8211; St. Mary_s Church &#8211; baptismal font_B.Wo\u0142owczyk\" class=\"rl-gallery-link\" data-rl_caption=\"\" data-rel=\"lightbox-gallery-1\"><img src=\"https:\/\/sbt.ug.edu.pl\/wp-content\/uploads\/2019\/07\/Barth-St.-Mary_s-Church-baptismal-font_B.Wo\u0142owczyk-768x432.jpg\" width=\"640\" height=\"360\" alt=\"\" \/><\/a><\/div><div class=\"rl-gallery-item\"><a href=\"https:\/\/sbt.ug.edu.pl\/wp-content\/uploads\/2019\/07\/Barth-Vineta-Museum-A-stove-with-tiles-with-images-of-Pomeranian-Princes-1_B.Wo\u0142owczyk.jpg\" title=\"Barth &#8211; Vineta Museum -A stove with tiles with images of Pomeranian Princes 1_B.Wo\u0142owczyk\" data-rl_title=\"Barth &#8211; Vineta Museum -A stove with tiles with images of Pomeranian Princes 1_B.Wo\u0142owczyk\" class=\"rl-gallery-link\" data-rl_caption=\"\" data-rel=\"lightbox-gallery-1\"><img src=\"https:\/\/sbt.ug.edu.pl\/wp-content\/uploads\/2019\/07\/Barth-Vineta-Museum-A-stove-with-tiles-with-images-of-Pomeranian-Princes-1_B.Wo\u0142owczyk-768x1131.jpg\" width=\"640\" height=\"943\" alt=\"\" \/><\/a><\/div><div class=\"rl-gallery-item\"><a href=\"https:\/\/sbt.ug.edu.pl\/wp-content\/uploads\/2019\/07\/Barth-Vineta-Museum-A-stove-with-tiles-with-images-of-Pomeranian-Princes-2_B.Wo\u0142owczyk.jpg\" title=\"Barth &#8211; Vineta Museum -A stove with tiles with images of Pomeranian Princes 2_B.Wo\u0142owczyk\" data-rl_title=\"Barth &#8211; Vineta Museum -A stove with tiles with images of Pomeranian Princes 2_B.Wo\u0142owczyk\" class=\"rl-gallery-link\" data-rl_caption=\"\" data-rel=\"lightbox-gallery-1\"><img src=\"https:\/\/sbt.ug.edu.pl\/wp-content\/uploads\/2019\/07\/Barth-Vineta-Museum-A-stove-with-tiles-with-images-of-Pomeranian-Princes-2_B.Wo\u0142owczyk-768x432.jpg\" width=\"640\" height=\"360\" alt=\"\" \/><\/a><\/div><div class=\"rl-gallery-item\"><a href=\"https:\/\/sbt.ug.edu.pl\/wp-content\/uploads\/2019\/07\/Barth-Vineta-Museum_B.Wo\u0142owczyk.jpg\" title=\"Barth &#8211; Vineta Museum_B.Wo\u0142owczyk\" data-rl_title=\"Barth &#8211; Vineta Museum_B.Wo\u0142owczyk\" class=\"rl-gallery-link\" data-rl_caption=\"\" data-rel=\"lightbox-gallery-1\"><img src=\"https:\/\/sbt.ug.edu.pl\/wp-content\/uploads\/2019\/07\/Barth-Vineta-Museum_B.Wo\u0142owczyk-768x432.jpg\" width=\"640\" height=\"360\" alt=\"\" \/><\/a><\/div><div class=\"rl-gallery-item\"><a href=\"https:\/\/sbt.ug.edu.pl\/wp-content\/uploads\/2019\/07\/Barth_houses_on_the_Lange_Stra\u00dfe_wikipedia.jpg\" title=\"Barth,_houses_on_the_Lange_Stra\u00dfe_wikipedia\" data-rl_title=\"Barth,_houses_on_the_Lange_Stra\u00dfe_wikipedia\" class=\"rl-gallery-link\" data-rl_caption=\"\" data-rel=\"lightbox-gallery-1\"><img src=\"https:\/\/sbt.ug.edu.pl\/wp-content\/uploads\/2019\/07\/Barth_houses_on_the_Lange_Stra\u00dfe_wikipedia-768x512.jpg\" width=\"640\" height=\"427\" alt=\"\" \/><\/a><\/div><div class=\"rl-gallery-item\"><a href=\"https:\/\/sbt.ug.edu.pl\/wp-content\/uploads\/2019\/07\/Barth_-_Blick_zur_Marienkirche_-_geograph.org_.uk_-_8662_wikipedia.jpg\" title=\"Barth_-_Blick_zur_Marienkirche_-_geograph.org.uk_-_8662_wikipedia\" data-rl_title=\"Barth_-_Blick_zur_Marienkirche_-_geograph.org.uk_-_8662_wikipedia\" class=\"rl-gallery-link\" data-rl_caption=\"\" data-rel=\"lightbox-gallery-1\"><img src=\"https:\/\/sbt.ug.edu.pl\/wp-content\/uploads\/2019\/07\/Barth_-_Blick_zur_Marienkirche_-_geograph.org_.uk_-_8662_wikipedia.jpg\" width=\"640\" height=\"442\" alt=\"\" \/><\/a><\/div><div class=\"rl-gallery-item\"><a href=\"https:\/\/sbt.ug.edu.pl\/wp-content\/uploads\/2019\/07\/Barth_Dammtor_Wikipedia.jpg\" title=\"Barth_Dammtor_Wikipedia\" data-rl_title=\"Barth_Dammtor_Wikipedia\" class=\"rl-gallery-link\" data-rl_caption=\"\" data-rel=\"lightbox-gallery-1\"><img src=\"https:\/\/sbt.ug.edu.pl\/wp-content\/uploads\/2019\/07\/Barth_Dammtor_Wikipedia-768x576.jpg\" width=\"640\" height=\"480\" alt=\"\" \/><\/a><\/div><div class=\"rl-gallery-item\"><a href=\"https:\/\/sbt.ug.edu.pl\/wp-content\/uploads\/2019\/07\/Barth-Mock-up-of-the-city-in-the-Vineta-Museum_B.Wo\u0142owczyk.jpg\" title=\"Barth-Mock-up of the city in the Vineta Museum_B.Wo\u0142owczyk\" data-rl_title=\"Barth-Mock-up of the city in the Vineta Museum_B.Wo\u0142owczyk\" class=\"rl-gallery-link\" data-rl_caption=\"\" data-rel=\"lightbox-gallery-1\"><img src=\"https:\/\/sbt.ug.edu.pl\/wp-content\/uploads\/2019\/07\/Barth-Mock-up-of-the-city-in-the-Vineta-Museum_B.Wo\u0142owczyk-768x432.jpg\" width=\"640\" height=\"360\" alt=\"\" \/><\/a><\/div> <\/div> <\/div><\/code><\/span><\/p>","protected":false},"excerpt":{"rendered":"<p>Atsipra\u0161ome, \u0161is puslapis galimas tik Jungtini\u0173 Valstij\u0173 Angl\u0173, Vokie\u010di\u0173 ir Lenk\u0173. For the sake of viewer convenience, the content is shown below in this site default language. You may click one of the links to switch the site language to another available language. LOCATION A city in Mecklenburg-Vorpommern in Germany. You can reach Barth by [&hellip;]<\/p>\n","protected":false},"author":3,"featured_media":0,"parent":486,"menu_order":0,"comment_status":"closed","ping_status":"closed","template":"","meta":[],"categories":[34,29,15],"tags":[],"_links":{"self":[{"href":"https:\/\/sbt.ug.edu.pl\/lt\/wp-json\/wp\/v2\/pages\/1806"}],"collection":[{"href":"https:\/\/sbt.ug.edu.pl\/lt\/wp-json\/wp\/v2\/pages"}],"about":[{"href":"https:\/\/sbt.ug.edu.pl\/lt\/wp-json\/wp\/v2\/types\/page"}],"author":[{"embeddable":true,"href":"https:\/\/sbt.ug.edu.pl\/lt\/wp-json\/wp\/v2\/users\/3"}],"replies":[{"embeddable":true,"href":"https:\/\/sbt.ug.edu.pl\/lt\/wp-json\/wp\/v2\/comments?post=1806"}],"version-history":[{"count":6,"href":"https:\/\/sbt.ug.edu.pl\/lt\/wp-json\/wp\/v2\/pages\/1806\/revisions"}],"predecessor-version":[{"id":5316,"href":"https:\/\/sbt.ug.edu.pl\/lt\/wp-json\/wp\/v2\/pages\/1806\/revisions\/5316"}],"up":[{"embeddable":true,"href":"https:\/\/sbt.ug.edu.pl\/lt\/wp-json\/wp\/v2\/pages\/486"}],"wp:attachment":[{"href":"https:\/\/sbt.ug.edu.pl\/lt\/wp-json\/wp\/v2\/media?parent=1806"}],"wp:term":[{"taxonomy":"category","embeddable":true,"href":"https:\/\/sbt.ug.edu.pl\/lt\/wp-json\/wp\/v2\/categories?post=1806"},{"taxonomy":"post_tag","embeddable":true,"href":"https:\/\/sbt.ug.edu.pl\/lt\/wp-json\/wp\/v2\/tags?post=1806"}],"curies":[{"name":"wp","href":"https:\/\/api.w.org\/{rel}","templated":true}]}}