{"id":1810,"date":"2019-07-10T12:45:49","date_gmt":"2019-07-10T10:45:49","guid":{"rendered":"https:\/\/southbaltic-tourist.eu\/?page_id=1810"},"modified":"2020-02-18T17:36:57","modified_gmt":"2020-02-18T17:36:57","slug":"14-greifswald-germany","status":"publish","type":"page","link":"https:\/\/sbt.ug.edu.pl\/lt\/routes\/griffins-dynasty-and-baltic-sea-battles\/14-greifswald-germany\/","title":{"rendered":"(English) 14. GREIFSWALD (GERMANY)"},"content":{"rendered":"<p class=\"qtranxs-available-languages-message qtranxs-available-languages-message-lt\">Atsipra\u0161ome, \u0161is puslapis galimas tik <a href=\"https:\/\/sbt.ug.edu.pl\/en\/wp-json\/wp\/v2\/pages\/1810\" class=\"qtranxs-available-language-link qtranxs-available-language-link-en\" title=\"English\">Jungtini\u0173 Valstij\u0173 Angl\u0173<\/a>, <a href=\"https:\/\/sbt.ug.edu.pl\/de\/wp-json\/wp\/v2\/pages\/1810\" class=\"qtranxs-available-language-link qtranxs-available-language-link-de\" title=\"Deutsch\">Vokie\u010di\u0173<\/a> ir <a href=\"https:\/\/sbt.ug.edu.pl\/pl\/wp-json\/wp\/v2\/pages\/1810\" class=\"qtranxs-available-language-link qtranxs-available-language-link-pl\" title=\"Polski\">Lenk\u0173<\/a>. For the sake of viewer convenience, the content is shown below in this site default language. You may click one of the links to switch the site language to another available language.<\/p><p><span style=\"font-family: georgia, palatino, serif; color: #000000; font-size: 12pt;\"><span lang=\"en-US\"><b>LOCATION<\/b><\/span><\/span><\/p>\n<p align=\"JUSTIFY\"><span style=\"font-family: georgia, palatino, serif; color: #000000; font-size: 12pt;\"><span lang=\"en-US\">Greifswald &#8211; a city in Mecklenburg-Western Pomerania, approx. 60 km away from Barth, 37 km from Stralsund, 30 from Wolgast and 165 km from Szczecin. The city is located on the Ryck River near the estuary to the Baltic Sea. There is a marina here, so you can get here not only by car or by train but also by yacht. 54\u00b006\u2032N 13\u00b023\u2032E<\/span><\/span><\/p>\n<p align=\"JUSTIFY\"><span style=\"color: #000000; font-size: 12pt; font-family: georgia, palatino, serif;\"><img decoding=\"async\" loading=\"lazy\" class=\"wp-image-1811 alignleft\" src=\"https:\/\/southbaltic-tourist.eu\/wp-content\/uploads\/2019\/07\/14-2.jpg\" alt=\"\" width=\"578\" height=\"325\" srcset=\"https:\/\/sbt.ug.edu.pl\/wp-content\/uploads\/2019\/07\/14-2.jpg 1045w, https:\/\/sbt.ug.edu.pl\/wp-content\/uploads\/2019\/07\/14-2-300x169.jpg 300w, https:\/\/sbt.ug.edu.pl\/wp-content\/uploads\/2019\/07\/14-2-768x432.jpg 768w, https:\/\/sbt.ug.edu.pl\/wp-content\/uploads\/2019\/07\/14-2-1024x576.jpg 1024w, https:\/\/sbt.ug.edu.pl\/wp-content\/uploads\/2019\/07\/14-2-150x84.jpg 150w\" sizes=\"(max-width: 578px) 100vw, 578px\" \/> <\/span><\/p>\n<p align=\"JUSTIFY\"><span style=\"color: #000000; font-size: 12pt; font-family: georgia, palatino, serif;\"><a href=\"https:\/\/southbaltic-tourist.eu\/wp-content\/uploads\/2020\/02\/R6.14-Greifswald.png\" data-rel=\"lightbox-gallery-Nz2hozgR\" data-rl_title=\"\" data-rl_caption=\"\" title=\"\"><img decoding=\"async\" loading=\"lazy\" class=\"alignnone wp-image-5317\" src=\"https:\/\/southbaltic-tourist.eu\/wp-content\/uploads\/2020\/02\/R6.14-Greifswald-300x174.png\" alt=\"\" width=\"559\" height=\"325\" srcset=\"https:\/\/sbt.ug.edu.pl\/wp-content\/uploads\/2020\/02\/R6.14-Greifswald-300x174.png 300w, https:\/\/sbt.ug.edu.pl\/wp-content\/uploads\/2020\/02\/R6.14-Greifswald-1024x595.png 1024w, https:\/\/sbt.ug.edu.pl\/wp-content\/uploads\/2020\/02\/R6.14-Greifswald-768x446.png 768w, https:\/\/sbt.ug.edu.pl\/wp-content\/uploads\/2020\/02\/R6.14-Greifswald-1536x893.png 1536w, https:\/\/sbt.ug.edu.pl\/wp-content\/uploads\/2020\/02\/R6.14-Greifswald-150x87.png 150w, https:\/\/sbt.ug.edu.pl\/wp-content\/uploads\/2020\/02\/R6.14-Greifswald.png 1600w\" sizes=\"(max-width: 559px) 100vw, 559px\" \/><\/a><\/span><\/p>\n<p><span style=\"font-size: 12pt; color: #000000; font-family: georgia, palatino, serif;\"><span lang=\"en-US\"><b>SCENIC CHARACTER <\/b><\/span><\/span><\/p>\n<p lang=\"en-GB\" align=\"JUSTIFY\"><span style=\"font-family: georgia, palatino, serif; color: #000000; font-size: 12pt;\">The name of the city of Greifswald comes from the griffin, which is the coat of arms of the ducal Griffins dynasty. The city was founded in 1199 when the Cistercians founded the Eldena monastery. Although nowadays only ruins remain, it is worth to visit it and to get to know the history of the place. You can learn e.g. that some of the Griffins dynasty were buried in this place, among them Anna Jagiellonka, called the Mother of the Dukes of Griffins, the wife of Bogus\u0142aw X and the daughter of the King of Poland.\u00a0 In 1250 the city received town rights from the Duke of Warcis\u0142aw III. In 1456 the oldest university in Pomerania was established in this city. In front of the University building there is a monument called the Rubenow Monument, depicting the history of the University. Among the figures, there is Duke Warcis\u0142aw IX co-founder of the University and Duke Bogus\u0142aw XIV, who, aware of the end of the dynasty, gave the university several villages and the property of the former Cistercian monastery in Edena. This provided the university with over two hundred years of financial independence. After the expiration of the dynasty Duke Ernest Bogus\u0142aw de Croy gave the University various items, e.g. Rectory insignia which are kept at the local Pommersches Landesmuseum and are still in use.\u00a0 The most valuable exhibit in the Museum is Gobelin Croya &#8211; the tapestry, woven with gold, silver and silk (height 454 cm, width 686 cm), is a kind of political and ideological declaration of the Griffins. It portrays Pomeranian and Saxon dukes as well as famous reformers: Marcin Luther, Filip Melanchthon and Jan Bugenhagen. In 2014 Der Croy-Teppich obtained the status of a national cultural treasure in Germany. An excellent copy of the tapestry can be found in the National Museum in Szczecin at the exhibition \u201eThe Golden Age of Pomerania\u201d.<\/span><\/p>\n<p lang=\"en-GB\"><span style=\"font-family: georgia, palatino, serif; color: #000000; font-size: 12pt;\"><b>ATTRACTIONS\u00a0<\/b><\/span><\/p>\n<p lang=\"en-GB\" align=\"JUSTIFY\"><span style=\"font-family: georgia, palatino, serif; color: #000000; font-size: 12pt;\">A nice place for tourists in Greifswald is the urban square surrounded by houses built in a Hanseatic style and the Town Hall.\u00a0 The gothic red brick churches characteristic of Pomerania are also worth visiting: Cathedral of St. Nicolaus, Church of St. James and St. Mary\u2019s Church. Greifswald is on the Route of Brick Gothic, the Hanseatic Route and the Road of St.\u00a0James.\u00a0 Above the river is a historic wooden drawbridge and in close vicinity there are cutters and restaurants where you can eat fresh fish. During a walk around the city make sure to visit the Caspar David Friedrich Museum, who was one of the greatest representatives of Romantic painting. The ruins of the monastery Eldena can be found in some of his paintings.<\/span><\/p>\n<p>&nbsp;<\/p>\n<p><span style=\"color: #000000; font-size: 12pt; font-family: georgia, palatino, serif;\"><code><div class=\"rl-gallery-container rl-loading\" id=\"rl-gallery-container-1\" data-gallery_id=\"2587\"> <div class=\"rl-gallery rl-basicgrid-gallery \" id=\"rl-gallery-1\" data-gallery_no=\"1\"> <div class=\"rl-gallery-item\"><a href=\"https:\/\/sbt.ug.edu.pl\/wp-content\/uploads\/2019\/07\/R8A10-p1-IMG_6290.jpg\" title=\"Marktplatz-Alter-Fritz; \u00a9 Wilhelm Steingrube\" data-rl_title=\"Marktplatz-Alter-Fritz; \u00a9 Wilhelm Steingrube\" class=\"rl-gallery-link\" data-rl_caption=\"\" data-rel=\"lightbox-gallery-1\"><img src=\"https:\/\/sbt.ug.edu.pl\/wp-content\/uploads\/2019\/07\/R8A10-p1-IMG_6290-768x576.jpg\" width=\"640\" height=\"480\" alt=\"\" \/><\/a><\/div><div class=\"rl-gallery-item\"><a href=\"https:\/\/sbt.ug.edu.pl\/wp-content\/uploads\/2019\/07\/R8A10-p2-IMG_5174.jpg\" title=\"Wieck Boote; \u00a9 Wilhelm Steingrube\" data-rl_title=\"Wieck Boote; \u00a9 Wilhelm Steingrube\" class=\"rl-gallery-link\" data-rl_caption=\"\" data-rel=\"lightbox-gallery-1\"><img src=\"https:\/\/sbt.ug.edu.pl\/wp-content\/uploads\/2019\/07\/R8A10-p2-IMG_5174-768x576.jpg\" width=\"640\" height=\"480\" alt=\"\" \/><\/a><\/div><div class=\"rl-gallery-item\"><a href=\"https:\/\/sbt.ug.edu.pl\/wp-content\/uploads\/2019\/07\/R8A10-p3-IMG_5175.jpg\" title=\"Wieck Br\u00fccke; \u00a9 Wilhelm Steingrube\" data-rl_title=\"Wieck Br\u00fccke; \u00a9 Wilhelm Steingrube\" class=\"rl-gallery-link\" data-rl_caption=\"\" data-rel=\"lightbox-gallery-1\"><img src=\"https:\/\/sbt.ug.edu.pl\/wp-content\/uploads\/2019\/07\/R8A10-p3-IMG_5175-768x576.jpg\" width=\"640\" height=\"480\" alt=\"\" \/><\/a><\/div><div class=\"rl-gallery-item\"><a href=\"https:\/\/sbt.ug.edu.pl\/wp-content\/uploads\/2019\/07\/R8A10-p4-IMG_6926.jpg\" title=\"Museumshafen; \u00a9 Wilhelm Steingrube\" data-rl_title=\"Museumshafen; \u00a9 Wilhelm Steingrube\" class=\"rl-gallery-link\" data-rl_caption=\"\" data-rel=\"lightbox-gallery-1\"><img src=\"https:\/\/sbt.ug.edu.pl\/wp-content\/uploads\/2019\/07\/R8A10-p4-IMG_6926-768x576.jpg\" width=\"640\" height=\"480\" alt=\"\" \/><\/a><\/div><div class=\"rl-gallery-item\"><a href=\"https:\/\/sbt.ug.edu.pl\/wp-content\/uploads\/2019\/07\/R8A10-p5-IMG_6942.jpg\" title=\"Universit\u00e4t; \u00a9 Wilhelm Steingrube\" data-rl_title=\"Universit\u00e4t; \u00a9 Wilhelm Steingrube\" class=\"rl-gallery-link\" data-rl_caption=\"\" data-rel=\"lightbox-gallery-1\"><img src=\"https:\/\/sbt.ug.edu.pl\/wp-content\/uploads\/2019\/07\/R8A10-p5-IMG_6942-768x576.jpg\" width=\"640\" height=\"480\" alt=\"\" \/><\/a><\/div><div class=\"rl-gallery-item\"><a href=\"https:\/\/sbt.ug.edu.pl\/wp-content\/uploads\/2019\/07\/R8A10-p6-IMG_6944.jpg\" title=\"Rubenow-Denkmal; \u00a9 Wilhelm Steingrube\" data-rl_title=\"Rubenow-Denkmal; \u00a9 Wilhelm Steingrube\" class=\"rl-gallery-link\" data-rl_caption=\"\" data-rel=\"lightbox-gallery-1\"><img src=\"https:\/\/sbt.ug.edu.pl\/wp-content\/uploads\/2019\/07\/R8A10-p6-IMG_6944-768x1024.jpg\" width=\"640\" height=\"853\" alt=\"\" \/><\/a><\/div><div class=\"rl-gallery-item\"><a href=\"https:\/\/sbt.ug.edu.pl\/wp-content\/uploads\/2019\/07\/R8A10-p7-IMG_6279.jpg\" title=\"Marktplatz-Rathaus; \u00a9 Wilhelm Steingrube\" data-rl_title=\"Marktplatz-Rathaus; \u00a9 Wilhelm Steingrube\" class=\"rl-gallery-link\" data-rl_caption=\"\" data-rel=\"lightbox-gallery-1\"><img src=\"https:\/\/sbt.ug.edu.pl\/wp-content\/uploads\/2019\/07\/R8A10-p7-IMG_6279-768x576.jpg\" width=\"640\" height=\"480\" alt=\"\" \/><\/a><\/div><div class=\"rl-gallery-item\"><a href=\"https:\/\/sbt.ug.edu.pl\/wp-content\/uploads\/2019\/07\/R8A10-p8-IMG_6281.jpg\" title=\"Marktplatz-Stadthaus; \u00a9 Wilhelm Steingrube\" data-rl_title=\"Marktplatz-Stadthaus; \u00a9 Wilhelm Steingrube\" class=\"rl-gallery-link\" data-rl_caption=\"\" data-rel=\"lightbox-gallery-1\"><img src=\"https:\/\/sbt.ug.edu.pl\/wp-content\/uploads\/2019\/07\/R8A10-p8-IMG_6281-768x576.jpg\" width=\"640\" height=\"480\" alt=\"\" \/><\/a><\/div><div class=\"rl-gallery-item\"><a href=\"https:\/\/sbt.ug.edu.pl\/wp-content\/uploads\/2019\/07\/R8A10-p9-IMG_6288.jpg\" title=\"Marktplatz-Buchhandlung; \u00a9 Wilhelm Steingrube\" data-rl_title=\"Marktplatz-Buchhandlung; \u00a9 Wilhelm Steingrube\" class=\"rl-gallery-link\" data-rl_caption=\"\" data-rel=\"lightbox-gallery-1\"><img src=\"https:\/\/sbt.ug.edu.pl\/wp-content\/uploads\/2019\/07\/R8A10-p9-IMG_6288-768x576.jpg\" width=\"640\" height=\"480\" alt=\"\" \/><\/a><\/div><div class=\"rl-gallery-item\"><a href=\"https:\/\/sbt.ug.edu.pl\/wp-content\/uploads\/2019\/07\/R8A10-p10-IMG_5181.jpg\" title=\"Eldena-1; \u00a9 Wilhelm Steingrube\" data-rl_title=\"Eldena-1; \u00a9 Wilhelm Steingrube\" class=\"rl-gallery-link\" data-rl_caption=\"\" data-rel=\"lightbox-gallery-1\"><img src=\"https:\/\/sbt.ug.edu.pl\/wp-content\/uploads\/2019\/07\/R8A10-p10-IMG_5181-768x1024.jpg\" width=\"640\" height=\"853\" alt=\"\" \/><\/a><\/div><div class=\"rl-gallery-item\"><a href=\"https:\/\/sbt.ug.edu.pl\/wp-content\/uploads\/2019\/07\/R8A10-p11-S1290010.jpg\" title=\"Eldena-2; \u00a9 Wilhelm Steingrube\" data-rl_title=\"Eldena-2; \u00a9 Wilhelm Steingrube\" class=\"rl-gallery-link\" data-rl_caption=\"\" data-rel=\"lightbox-gallery-1\"><img src=\"https:\/\/sbt.ug.edu.pl\/wp-content\/uploads\/2019\/07\/R8A10-p11-S1290010-768x432.jpg\" width=\"640\" height=\"360\" alt=\"\" \/><\/a><\/div><div class=\"rl-gallery-item\"><a href=\"https:\/\/sbt.ug.edu.pl\/wp-content\/uploads\/2019\/07\/R8A10-p12-IMG_5183.jpg\" title=\"Eldena-3; \u00a9 Wilhelm Steingrube\" data-rl_title=\"Eldena-3; \u00a9 Wilhelm Steingrube\" class=\"rl-gallery-link\" data-rl_caption=\"\" data-rel=\"lightbox-gallery-1\"><img src=\"https:\/\/sbt.ug.edu.pl\/wp-content\/uploads\/2019\/07\/R8A10-p12-IMG_5183-768x1024.jpg\" width=\"640\" height=\"853\" alt=\"\" \/><\/a><\/div> <\/div> <\/div><\/code><\/span><\/p>","protected":false},"excerpt":{"rendered":"<p>Atsipra\u0161ome, \u0161is puslapis galimas tik Jungtini\u0173 Valstij\u0173 Angl\u0173, Vokie\u010di\u0173 ir Lenk\u0173. For the sake of viewer convenience, the content is shown below in this site default language. You may click one of the links to switch the site language to another available language.LOCATION Greifswald &#8211; a city in Mecklenburg-Western Pomerania, approx. 60 km away from [&hellip;]<\/p>\n","protected":false},"author":3,"featured_media":0,"parent":486,"menu_order":0,"comment_status":"closed","ping_status":"closed","template":"","meta":[],"categories":[34,29,15],"tags":[],"_links":{"self":[{"href":"https:\/\/sbt.ug.edu.pl\/lt\/wp-json\/wp\/v2\/pages\/1810"}],"collection":[{"href":"https:\/\/sbt.ug.edu.pl\/lt\/wp-json\/wp\/v2\/pages"}],"about":[{"href":"https:\/\/sbt.ug.edu.pl\/lt\/wp-json\/wp\/v2\/types\/page"}],"author":[{"embeddable":true,"href":"https:\/\/sbt.ug.edu.pl\/lt\/wp-json\/wp\/v2\/users\/3"}],"replies":[{"embeddable":true,"href":"https:\/\/sbt.ug.edu.pl\/lt\/wp-json\/wp\/v2\/comments?post=1810"}],"version-history":[{"count":6,"href":"https:\/\/sbt.ug.edu.pl\/lt\/wp-json\/wp\/v2\/pages\/1810\/revisions"}],"predecessor-version":[{"id":5319,"href":"https:\/\/sbt.ug.edu.pl\/lt\/wp-json\/wp\/v2\/pages\/1810\/revisions\/5319"}],"up":[{"embeddable":true,"href":"https:\/\/sbt.ug.edu.pl\/lt\/wp-json\/wp\/v2\/pages\/486"}],"wp:attachment":[{"href":"https:\/\/sbt.ug.edu.pl\/lt\/wp-json\/wp\/v2\/media?parent=1810"}],"wp:term":[{"taxonomy":"category","embeddable":true,"href":"https:\/\/sbt.ug.edu.pl\/lt\/wp-json\/wp\/v2\/categories?post=1810"},{"taxonomy":"post_tag","embeddable":true,"href":"https:\/\/sbt.ug.edu.pl\/lt\/wp-json\/wp\/v2\/tags?post=1810"}],"curies":[{"name":"wp","href":"https:\/\/api.w.org\/{rel}","templated":true}]}}