{"id":1815,"date":"2019-07-10T12:47:33","date_gmt":"2019-07-10T10:47:33","guid":{"rendered":"https:\/\/southbaltic-tourist.eu\/?page_id=1815"},"modified":"2020-02-18T17:39:19","modified_gmt":"2020-02-18T17:39:19","slug":"15-wolgast","status":"publish","type":"page","link":"https:\/\/sbt.ug.edu.pl\/lt\/routes\/griffins-dynasty-and-baltic-sea-battles\/15-wolgast\/","title":{"rendered":"(English) 15. Wolgast"},"content":{"rendered":"<p class=\"qtranxs-available-languages-message qtranxs-available-languages-message-lt\">Atsipra\u0161ome, \u0161is puslapis galimas tik <a href=\"https:\/\/sbt.ug.edu.pl\/en\/wp-json\/wp\/v2\/pages\/1815\" class=\"qtranxs-available-language-link qtranxs-available-language-link-en\" title=\"English\">Jungtini\u0173 Valstij\u0173 Angl\u0173<\/a>, <a href=\"https:\/\/sbt.ug.edu.pl\/de\/wp-json\/wp\/v2\/pages\/1815\" class=\"qtranxs-available-language-link qtranxs-available-language-link-de\" title=\"Deutsch\">Vokie\u010di\u0173<\/a> ir <a href=\"https:\/\/sbt.ug.edu.pl\/pl\/wp-json\/wp\/v2\/pages\/1815\" class=\"qtranxs-available-language-link qtranxs-available-language-link-pl\" title=\"Polski\">Lenk\u0173<\/a>. For the sake of viewer convenience, the content is shown below in this site default language. You may click one of the links to switch the site language to another available language.<\/p><p><\/p>\n<p style=\"text-align: justify;\"><span style=\"font-family: georgia, palatino, serif; color: #000000; font-size: 12pt;\"><span lang=\"en-US\"><b>LOCATION<\/b><\/span><\/span><\/p>\n<p style=\"text-align: justify;\" align=\"JUSTIFY\"><span style=\"color: #000000; font-size: 12pt; font-family: georgia, palatino, serif;\"><span lang=\"en-US\">Wolgast <\/span><span lang=\"en-US\"><i>(Wo\u0142ogoszcz)<\/i><\/span><span lang=\"en-US\">&#8211; a city in Mecklemburg-Western Pomerania, approx. 30 from Greifswald, 40 km from \u015awinouj\u015bcie and 125 km from Szczecin. The city is located by the Piana Strait by the estuary to the Baltic Sea. It is called &#8222;the gate to the island of Usedom&#8221;. There is a marina here, so you can get here not only by car and by train but also by yacht. 54\u00b003\u203211\u2033N\u00a013\u00b046\u203231\u2033E<\/span><\/span><\/p>\n<p style=\"text-align: justify;\" align=\"JUSTIFY\"><span style=\"color: #000000; font-size: 12pt; font-family: georgia, palatino, serif;\"><img decoding=\"async\" loading=\"lazy\" class=\"alignleft wp-image-1816\" src=\"https:\/\/southbaltic-tourist.eu\/wp-content\/uploads\/2019\/07\/15-3.jpg\" alt=\"\" width=\"578\" height=\"325\" srcset=\"https:\/\/sbt.ug.edu.pl\/wp-content\/uploads\/2019\/07\/15-3.jpg 1045w, https:\/\/sbt.ug.edu.pl\/wp-content\/uploads\/2019\/07\/15-3-300x169.jpg 300w, https:\/\/sbt.ug.edu.pl\/wp-content\/uploads\/2019\/07\/15-3-768x432.jpg 768w, https:\/\/sbt.ug.edu.pl\/wp-content\/uploads\/2019\/07\/15-3-1024x576.jpg 1024w, https:\/\/sbt.ug.edu.pl\/wp-content\/uploads\/2019\/07\/15-3-150x84.jpg 150w\" sizes=\"(max-width: 578px) 100vw, 578px\" \/> <\/span><\/p>\n<p style=\"text-align: justify;\" align=\"JUSTIFY\"><span style=\"color: #000000; font-size: 12pt; font-family: georgia, palatino, serif;\"><a href=\"https:\/\/southbaltic-tourist.eu\/wp-content\/uploads\/2020\/02\/R6.15-Wolgast.png\" data-rel=\"lightbox-gallery-wQZ1vg5X\" data-rl_title=\"\" data-rl_caption=\"\" title=\"\"><img decoding=\"async\" loading=\"lazy\" class=\"alignnone wp-image-5320\" src=\"https:\/\/southbaltic-tourist.eu\/wp-content\/uploads\/2020\/02\/R6.15-Wolgast-300x174.png\" alt=\"\" width=\"559\" height=\"325\" srcset=\"https:\/\/sbt.ug.edu.pl\/wp-content\/uploads\/2020\/02\/R6.15-Wolgast-300x174.png 300w, https:\/\/sbt.ug.edu.pl\/wp-content\/uploads\/2020\/02\/R6.15-Wolgast-1024x595.png 1024w, https:\/\/sbt.ug.edu.pl\/wp-content\/uploads\/2020\/02\/R6.15-Wolgast-768x446.png 768w, https:\/\/sbt.ug.edu.pl\/wp-content\/uploads\/2020\/02\/R6.15-Wolgast-1536x893.png 1536w, https:\/\/sbt.ug.edu.pl\/wp-content\/uploads\/2020\/02\/R6.15-Wolgast-150x87.png 150w, https:\/\/sbt.ug.edu.pl\/wp-content\/uploads\/2020\/02\/R6.15-Wolgast.png 1600w\" sizes=\"(max-width: 559px) 100vw, 559px\" \/><\/a><\/span><\/p>\n<p style=\"text-align: justify;\"><span style=\"font-size: 12pt; color: #000000; font-family: georgia, palatino, serif;\"><span lang=\"en-US\"><b>SCENIC CHARACTER <\/b><\/span><\/span><\/p>\n<p style=\"text-align: justify;\"><span style=\"color: #000000; font-size: 12pt; font-family: georgia, palatino, serif;\"><span lang=\"en-GB\">Since 2010 <\/span><span lang=\"en-GB\">it\u2019s <\/span><span lang=\"en-GB\">been officially called the City of Dukes&#8217;. <\/span><span lang=\"en-GB\">It<\/span><span lang=\"en-GB\"> was one of the capitals of the Pomeranian Duchy. The beginnings of the city date back to 1128 when the Pomeranian duke Vratislav arrived <\/span><span lang=\"en-GB\">there<\/span><span lang=\"en-GB\"> together with the bishop Otto from Bamberg with a Christian mission. With the expansion of the Duchy of Pomerania in the 15<\/span><sup><span lang=\"en-GB\">th<\/span><\/sup><span lang=\"en-GB\"> century <\/span><span lang=\"en-GB\">a huge castle, the seat of Pomeranian Dukes, was built on the peninsula (The Castle Island)<\/span><span lang=\"en-GB\">. Many representatives of the Griffins dynasty were born <\/span><span lang=\"en-GB\">there<\/span><span lang=\"en-GB\">. <\/span><span lang=\"en-GB\">Nowadays the castle no longer exists<\/span><span lang=\"en-GB\">. Its miniature and a part of the <\/span><span lang=\"en-GB\">remaining<\/span><span lang=\"en-GB\"> equipment can be seen in the City History Museum &#8222;Kaffeem\u00fchle&#8221;, where you can learn the history of the city. Nearby there is a 13<\/span><sup><span lang=\"en-GB\">th<\/span><\/sup><span lang=\"en-GB\">-15<\/span><sup><span lang=\"en-GB\">th<\/span><\/sup><span lang=\"en-GB\">-century Gothic Basilica of St. Peter, which <\/span><span lang=\"en-GB\">became a\u00a0 church of dukes in 1532<\/span><span lang=\"en-GB\">. The church is one of the most important necropolis of the dukes of the Griffins dynasty. There are two crypts in it with richly decorated sarcophaguses of dukes. The entrance to the <\/span><span lang=\"en-GB\">crypt is covered by a <\/span><span lang=\"en-GB\">board with the Grand Coat of Arms of the Pomeranian Duchy. In the church you should also pay attention to the epitaph of Prince Philip I with the coat of arms of the Pomeranian region. On one of the pillars there is a coat of arms of the prince Bogus\u0142aw X and in the northern room of the tower <\/span><span lang=\"en-GB\">there is <\/span><span lang=\"en-GB\">the coat of arms of the dukes from the 16-th century. <\/span><span lang=\"en-GB\">Both serve as reminders of the reconstructions carried out in the castle <\/span><span lang=\"en-GB\">of the Wolgast. The memory of the <\/span><span lang=\"en-GB\">magnificence of <\/span><span lang=\"en-GB\">Wolgast in Dukes&#8217; time has survived in the coat of arms of the city<\/span><span lang=\"en-GB\">, in which <\/span><span lang=\"en-GB\">two black griffins, supported by paws and keys, embrace the castle tower.<\/span><\/span><\/p>\n<p lang=\"en-GB\" style=\"text-align: justify;\"><span style=\"font-family: georgia, palatino, serif; color: #000000; font-size: 12pt;\"><b>ATTRACTIONS\u00a0<\/b><\/span><\/p>\n<p lang=\"en-GB\" style=\"text-align: justify;\"><span style=\"font-family: georgia, palatino, serif; color: #000000; font-size: 12pt;\">Wolgast with the Church of St. Peter and the chapel of St. Gertrude belongs to the European Brick Gothic Route. It is an architectural style characteristic for countries in the South Baltic area. You can enter the tower of the church of St. Peter to admire the panorama of the city and the Island of Usedom. Chapel of St. Gertrude is a twelve-sided brick building with a central column and a stellar vault from the 15th century.\u00a0 In the square there is a baroque town hall which fell victim to fires during the Thirty Years&#8217; War, but in the years 1720-1724 it was entirely rebuilt. There is a museum port between Castle Island and the old town. The oldest railway ferry in Europe &#8211; a steamer named &#8222;Stralsund&#8221; \u2013 is moored there. In 1777 in Wolgast the famous German illustrator and painter Philipp Otto Runge was born. He is considered to be an outstanding portrait artist and landscape painter, one of the precursors of Romanticism in German art. Full-sized copies of Runge&#8217;s paintings are exhibited in the house where he was born and the originals are in the gallery in Hamburg. A great attraction, especially for young tourists, is the Familienterpark.<\/span><\/p>\n<p style=\"text-align: justify;\"><span style=\"color: #000000; font-size: 12pt; font-family: georgia, palatino, serif;\"><code><div class=\"rl-gallery-container rl-loading\" id=\"rl-gallery-container-1\" data-gallery_id=\"2486\"> <div class=\"rl-gallery rl-basicgrid-gallery \" id=\"rl-gallery-1\" data-gallery_no=\"1\"> <div class=\"rl-gallery-item\"><a href=\"https:\/\/sbt.ug.edu.pl\/wp-content\/uploads\/2019\/07\/Wolgast-kaplica-\u015bw.-Gertrudy-1-B.Wo\u0142owczyk.jpg\" title=\"Wolgast &#8211; kaplica \u015bw. Gertrudy 1 B.Wo\u0142owczyk\" data-rl_title=\"Wolgast &#8211; kaplica \u015bw. Gertrudy 1 B.Wo\u0142owczyk\" class=\"rl-gallery-link\" data-rl_caption=\"\" data-rel=\"lightbox-gallery-1\"><img src=\"https:\/\/sbt.ug.edu.pl\/wp-content\/uploads\/2019\/07\/Wolgast-kaplica-\u015bw.-Gertrudy-1-B.Wo\u0142owczyk-768x512.jpg\" width=\"640\" height=\"427\" alt=\"\" \/><\/a><\/div><div class=\"rl-gallery-item\"><a href=\"https:\/\/sbt.ug.edu.pl\/wp-content\/uploads\/2019\/07\/Wolgast-kaplica-\u015bw.-Gertrudy-2-B.Wo\u0142owczyk.jpg\" title=\"Wolgast &#8211; kaplica \u015bw. Gertrudy 2 B.Wo\u0142owczyk\" data-rl_title=\"Wolgast &#8211; kaplica \u015bw. Gertrudy 2 B.Wo\u0142owczyk\" class=\"rl-gallery-link\" data-rl_caption=\"\" data-rel=\"lightbox-gallery-1\"><img src=\"https:\/\/sbt.ug.edu.pl\/wp-content\/uploads\/2019\/07\/Wolgast-kaplica-\u015bw.-Gertrudy-2-B.Wo\u0142owczyk-768x432.jpg\" width=\"640\" height=\"360\" alt=\"\" \/><\/a><\/div><div class=\"rl-gallery-item\"><a href=\"https:\/\/sbt.ug.edu.pl\/wp-content\/uploads\/2019\/07\/Wolgast-ko\u015bci\u00f3\u0142-\u015bw.-Piotra-B.Wo\u0142owczyk.jpg\" title=\"Wolgast &#8211; ko\u015bci\u00f3\u0142 \u015bw. Piotra B.Wo\u0142owczyk\" data-rl_title=\"Wolgast &#8211; ko\u015bci\u00f3\u0142 \u015bw. Piotra B.Wo\u0142owczyk\" class=\"rl-gallery-link\" data-rl_caption=\"\" data-rel=\"lightbox-gallery-1\"><img src=\"https:\/\/sbt.ug.edu.pl\/wp-content\/uploads\/2019\/07\/Wolgast-ko\u015bci\u00f3\u0142-\u015bw.-Piotra-B.Wo\u0142owczyk-768x526.jpg\" width=\"640\" height=\"438\" alt=\"\" \/><\/a><\/div><div class=\"rl-gallery-item\"><a href=\"https:\/\/sbt.ug.edu.pl\/wp-content\/uploads\/2019\/07\/Wolgast-ko\u015bci\u00f3\u0142-\u015bw.-Piotra-taniec-\u015bmierci-B.Wo\u0142owczyk.jpg\" title=\"Wolgast &#8211; ko\u015bci\u00f3\u0142 \u015bw. Piotra taniec \u015bmierci B.Wo\u0142owczyk\" data-rl_title=\"Wolgast &#8211; ko\u015bci\u00f3\u0142 \u015bw. Piotra taniec \u015bmierci B.Wo\u0142owczyk\" class=\"rl-gallery-link\" data-rl_caption=\"\" data-rel=\"lightbox-gallery-1\"><img src=\"https:\/\/sbt.ug.edu.pl\/wp-content\/uploads\/2019\/07\/Wolgast-ko\u015bci\u00f3\u0142-\u015bw.-Piotra-taniec-\u015bmierci-B.Wo\u0142owczyk-768x432.jpg\" width=\"640\" height=\"360\" alt=\"\" \/><\/a><\/div><div class=\"rl-gallery-item\"><a href=\"https:\/\/sbt.ug.edu.pl\/wp-content\/uploads\/2019\/07\/Wolgast-ko\u015bci\u00f3\u0142-\u015bw.-Piotra-wej\u015bcie-do-krypty-Gryfit\u00f3w-B.Wo\u0142owczyk.jpg\" title=\"Wolgast &#8211; ko\u015bci\u00f3\u0142 \u015bw. Piotra wej\u015bcie do krypty Gryfit\u00f3w B.Wo\u0142owczyk\" data-rl_title=\"Wolgast &#8211; ko\u015bci\u00f3\u0142 \u015bw. Piotra wej\u015bcie do krypty Gryfit\u00f3w B.Wo\u0142owczyk\" class=\"rl-gallery-link\" data-rl_caption=\"\" data-rel=\"lightbox-gallery-1\"><img src=\"https:\/\/sbt.ug.edu.pl\/wp-content\/uploads\/2019\/07\/Wolgast-ko\u015bci\u00f3\u0142-\u015bw.-Piotra-wej\u015bcie-do-krypty-Gryfit\u00f3w-B.Wo\u0142owczyk-768x512.jpg\" width=\"640\" height=\"427\" alt=\"\" \/><\/a><\/div><div class=\"rl-gallery-item\"><a href=\"https:\/\/sbt.ug.edu.pl\/wp-content\/uploads\/2019\/07\/Wolgast-Muzeum-B.Wo\u0142owczyk.jpg\" title=\"Wolgast &#8211; Muzeum B.Wo\u0142owczyk\" data-rl_title=\"Wolgast &#8211; Muzeum B.Wo\u0142owczyk\" class=\"rl-gallery-link\" data-rl_caption=\"\" data-rel=\"lightbox-gallery-1\"><img src=\"https:\/\/sbt.ug.edu.pl\/wp-content\/uploads\/2019\/07\/Wolgast-Muzeum-B.Wo\u0142owczyk-768x457.jpg\" width=\"640\" height=\"381\" alt=\"\" \/><\/a><\/div><div class=\"rl-gallery-item\"><a href=\"https:\/\/sbt.ug.edu.pl\/wp-content\/uploads\/2019\/07\/Wolgast-Muzeum-makieta-zamku-B.Wo\u0142owczyk.jpg\" title=\"Wolgast &#8211; Muzeum makieta zamku B.Wo\u0142owczyk\" data-rl_title=\"Wolgast &#8211; Muzeum makieta zamku B.Wo\u0142owczyk\" class=\"rl-gallery-link\" data-rl_caption=\"\" data-rel=\"lightbox-gallery-1\"><img src=\"https:\/\/sbt.ug.edu.pl\/wp-content\/uploads\/2019\/07\/Wolgast-Muzeum-makieta-zamku-B.Wo\u0142owczyk-768x501.jpg\" width=\"640\" height=\"418\" alt=\"\" \/><\/a><\/div><div class=\"rl-gallery-item\"><a href=\"https:\/\/sbt.ug.edu.pl\/wp-content\/uploads\/2019\/07\/Wolgast-Muzeum-obraz-ruin-zamku-B.Wo\u0142owczyk.jpg\" title=\"Wolgast &#8211; Muzeum obraz ruin zamku B.Wo\u0142owczyk\" data-rl_title=\"Wolgast &#8211; Muzeum obraz ruin zamku B.Wo\u0142owczyk\" class=\"rl-gallery-link\" data-rl_caption=\"\" data-rel=\"lightbox-gallery-1\"><img src=\"https:\/\/sbt.ug.edu.pl\/wp-content\/uploads\/2019\/07\/Wolgast-Muzeum-obraz-ruin-zamku-B.Wo\u0142owczyk-768x561.jpg\" width=\"640\" height=\"468\" alt=\"\" \/><\/a><\/div><div class=\"rl-gallery-item\"><a href=\"https:\/\/sbt.ug.edu.pl\/wp-content\/uploads\/2019\/07\/Wolgast-Muzeum-zachowane-elementy-zamku-B.Wo\u0142owczyk.jpg\" title=\"Wolgast &#8211; Muzeum zachowane elementy zamku B.Wo\u0142owczyk\" data-rl_title=\"Wolgast &#8211; Muzeum zachowane elementy zamku B.Wo\u0142owczyk\" class=\"rl-gallery-link\" data-rl_caption=\"\" data-rel=\"lightbox-gallery-1\"><img src=\"https:\/\/sbt.ug.edu.pl\/wp-content\/uploads\/2019\/07\/Wolgast-Muzeum-zachowane-elementy-zamku-B.Wo\u0142owczyk-768x432.jpg\" width=\"640\" height=\"360\" alt=\"\" \/><\/a><\/div><div class=\"rl-gallery-item\"><a href=\"https:\/\/sbt.ug.edu.pl\/wp-content\/uploads\/2019\/07\/Wolgast-Ratusz-B.Wo\u0142owczyk.jpg\" title=\"Wolgast &#8211; Ratusz B.Wo\u0142owczyk\" data-rl_title=\"Wolgast &#8211; Ratusz B.Wo\u0142owczyk\" class=\"rl-gallery-link\" data-rl_caption=\"\" data-rel=\"lightbox-gallery-1\"><img src=\"https:\/\/sbt.ug.edu.pl\/wp-content\/uploads\/2019\/07\/Wolgast-Ratusz-B.Wo\u0142owczyk-768x480.jpg\" width=\"640\" height=\"400\" alt=\"\" \/><\/a><\/div><div class=\"rl-gallery-item\"><a href=\"https:\/\/sbt.ug.edu.pl\/wp-content\/uploads\/2019\/07\/Wolgast-Wyspa-Zamkowa-B.Wo\u0142owczyk.jpg\" title=\"Wolgast &#8211; Wyspa Zamkowa B.Wo\u0142owczyk\" data-rl_title=\"Wolgast &#8211; Wyspa Zamkowa B.Wo\u0142owczyk\" class=\"rl-gallery-link\" data-rl_caption=\"\" data-rel=\"lightbox-gallery-1\"><img src=\"https:\/\/sbt.ug.edu.pl\/wp-content\/uploads\/2019\/07\/Wolgast-Wyspa-Zamkowa-B.Wo\u0142owczyk-768x432.jpg\" width=\"640\" height=\"360\" alt=\"\" \/><\/a><\/div><div class=\"rl-gallery-item\"><a href=\"https:\/\/sbt.ug.edu.pl\/wp-content\/uploads\/2019\/07\/Wolgast-na-mapie-Lubinusa.png\" title=\"Wolgast na mapie Lubinusa\" data-rl_title=\"Wolgast na mapie Lubinusa\" class=\"rl-gallery-link\" data-rl_caption=\"\" data-rel=\"lightbox-gallery-1\"><img src=\"https:\/\/sbt.ug.edu.pl\/wp-content\/uploads\/2019\/07\/Wolgast-na-mapie-Lubinusa-768x485.png\" width=\"640\" height=\"404\" alt=\"\" \/><\/a><\/div> <\/div> <\/div><\/code><\/span><\/p>\n<p><\/p>","protected":false},"excerpt":{"rendered":"<p>Atsipra\u0161ome, \u0161is puslapis galimas tik Jungtini\u0173 Valstij\u0173 Angl\u0173, Vokie\u010di\u0173 ir Lenk\u0173. For the sake of viewer convenience, the content is shown below in this site default language. You may click one of the links to switch the site language to another available language. LOCATION Wolgast (Wo\u0142ogoszcz)&#8211; a city in Mecklemburg-Western Pomerania, approx. 30 from Greifswald, [&hellip;]<\/p>\n","protected":false},"author":3,"featured_media":0,"parent":486,"menu_order":0,"comment_status":"closed","ping_status":"closed","template":"","meta":[],"categories":[34,29,15],"tags":[],"_links":{"self":[{"href":"https:\/\/sbt.ug.edu.pl\/lt\/wp-json\/wp\/v2\/pages\/1815"}],"collection":[{"href":"https:\/\/sbt.ug.edu.pl\/lt\/wp-json\/wp\/v2\/pages"}],"about":[{"href":"https:\/\/sbt.ug.edu.pl\/lt\/wp-json\/wp\/v2\/types\/page"}],"author":[{"embeddable":true,"href":"https:\/\/sbt.ug.edu.pl\/lt\/wp-json\/wp\/v2\/users\/3"}],"replies":[{"embeddable":true,"href":"https:\/\/sbt.ug.edu.pl\/lt\/wp-json\/wp\/v2\/comments?post=1815"}],"version-history":[{"count":6,"href":"https:\/\/sbt.ug.edu.pl\/lt\/wp-json\/wp\/v2\/pages\/1815\/revisions"}],"predecessor-version":[{"id":5322,"href":"https:\/\/sbt.ug.edu.pl\/lt\/wp-json\/wp\/v2\/pages\/1815\/revisions\/5322"}],"up":[{"embeddable":true,"href":"https:\/\/sbt.ug.edu.pl\/lt\/wp-json\/wp\/v2\/pages\/486"}],"wp:attachment":[{"href":"https:\/\/sbt.ug.edu.pl\/lt\/wp-json\/wp\/v2\/media?parent=1815"}],"wp:term":[{"taxonomy":"category","embeddable":true,"href":"https:\/\/sbt.ug.edu.pl\/lt\/wp-json\/wp\/v2\/categories?post=1815"},{"taxonomy":"post_tag","embeddable":true,"href":"https:\/\/sbt.ug.edu.pl\/lt\/wp-json\/wp\/v2\/tags?post=1815"}],"curies":[{"name":"wp","href":"https:\/\/api.w.org\/{rel}","templated":true}]}}