{"id":1819,"date":"2019-07-10T12:49:22","date_gmt":"2019-07-10T10:49:22","guid":{"rendered":"https:\/\/southbaltic-tourist.eu\/?page_id=1819"},"modified":"2020-02-18T17:41:34","modified_gmt":"2020-02-18T17:41:34","slug":"16-ueckermunde","status":"publish","type":"page","link":"https:\/\/sbt.ug.edu.pl\/lt\/routes\/griffins-dynasty-and-baltic-sea-battles\/16-ueckermunde\/","title":{"rendered":"(English) 16. UECKERM\u00dcNDE"},"content":{"rendered":"<p class=\"qtranxs-available-languages-message qtranxs-available-languages-message-lt\">Atsipra\u0161ome, \u0161is puslapis galimas tik <a href=\"https:\/\/sbt.ug.edu.pl\/en\/wp-json\/wp\/v2\/pages\/1819\" class=\"qtranxs-available-language-link qtranxs-available-language-link-en\" title=\"English\">Jungtini\u0173 Valstij\u0173 Angl\u0173<\/a>, <a href=\"https:\/\/sbt.ug.edu.pl\/de\/wp-json\/wp\/v2\/pages\/1819\" class=\"qtranxs-available-language-link qtranxs-available-language-link-de\" title=\"Deutsch\">Vokie\u010di\u0173<\/a> ir <a href=\"https:\/\/sbt.ug.edu.pl\/pl\/wp-json\/wp\/v2\/pages\/1819\" class=\"qtranxs-available-language-link qtranxs-available-language-link-pl\" title=\"Polski\">Lenk\u0173<\/a>. For the sake of viewer convenience, the content is shown below in this site default language. You may click one of the links to switch the site language to another available language.<\/p><p><\/p>\n<p style=\"text-align: justify;\"><span style=\"font-family: georgia, palatino, serif; color: #000000; font-size: 12pt;\"><span lang=\"en-US\"><b>LOCATION<\/b><\/span><\/span><\/p>\n<p style=\"text-align: justify;\"><span style=\"font-family: georgia, palatino, serif; font-size: 12pt; color: #000000;\"><span lang=\"en-US\">Ueckerm\u00fcnde <\/span><span lang=\"en-US\"><i>(Wkryuj\u015bcie)<\/i><\/span><span lang=\"en-US\"> &#8211; a city in Mecklemburg-Western Pomerania, approx. 70 km from Wolgast and 60 km from Szczecin. The city is located on the Szczecin Lagoon, on the north-western edge of the Wkrza\u0144ska Forest. There are three marinas there, so you can get to the city not only by car but also by yacht. 53\u00b044\u2032N 14\u00b002\u2032E<\/span><\/span><\/p>\n<p style=\"text-align: justify;\"><span style=\"color: #000000; font-size: 12pt; font-family: georgia, palatino, serif;\"><img decoding=\"async\" loading=\"lazy\" class=\"wp-image-1820 alignleft\" src=\"https:\/\/southbaltic-tourist.eu\/wp-content\/uploads\/2019\/07\/16-1.jpg\" alt=\"\" width=\"487\" height=\"325\" srcset=\"https:\/\/sbt.ug.edu.pl\/wp-content\/uploads\/2019\/07\/16-1.jpg 1045w, https:\/\/sbt.ug.edu.pl\/wp-content\/uploads\/2019\/07\/16-1-300x200.jpg 300w, https:\/\/sbt.ug.edu.pl\/wp-content\/uploads\/2019\/07\/16-1-768x512.jpg 768w, https:\/\/sbt.ug.edu.pl\/wp-content\/uploads\/2019\/07\/16-1-1024x683.jpg 1024w, https:\/\/sbt.ug.edu.pl\/wp-content\/uploads\/2019\/07\/16-1-150x100.jpg 150w\" sizes=\"(max-width: 487px) 100vw, 487px\" \/> <\/span><\/p>\n<p style=\"text-align: justify;\"><span style=\"color: #000000; font-size: 12pt; font-family: georgia, palatino, serif;\"><a href=\"https:\/\/southbaltic-tourist.eu\/wp-content\/uploads\/2020\/02\/R6.16-Ueckerm\u00fcnde.png\" data-rel=\"lightbox-gallery-iLh3Upum\" data-rl_title=\"\" data-rl_caption=\"\" title=\"\"><img decoding=\"async\" loading=\"lazy\" class=\"alignnone wp-image-5323\" src=\"https:\/\/southbaltic-tourist.eu\/wp-content\/uploads\/2020\/02\/R6.16-Ueckerm\u00fcnde-300x174.png\" alt=\"\" width=\"559\" height=\"325\" srcset=\"https:\/\/sbt.ug.edu.pl\/wp-content\/uploads\/2020\/02\/R6.16-Ueckerm\u00fcnde-300x174.png 300w, https:\/\/sbt.ug.edu.pl\/wp-content\/uploads\/2020\/02\/R6.16-Ueckerm\u00fcnde-1024x595.png 1024w, https:\/\/sbt.ug.edu.pl\/wp-content\/uploads\/2020\/02\/R6.16-Ueckerm\u00fcnde-768x446.png 768w, https:\/\/sbt.ug.edu.pl\/wp-content\/uploads\/2020\/02\/R6.16-Ueckerm\u00fcnde-1536x893.png 1536w, https:\/\/sbt.ug.edu.pl\/wp-content\/uploads\/2020\/02\/R6.16-Ueckerm\u00fcnde-150x87.png 150w, https:\/\/sbt.ug.edu.pl\/wp-content\/uploads\/2020\/02\/R6.16-Ueckerm\u00fcnde.png 1600w\" sizes=\"(max-width: 559px) 100vw, 559px\" \/><\/a><\/span><\/p>\n<p style=\"text-align: justify;\"><span style=\"font-size: 12pt; color: #000000; font-family: georgia, palatino, serif;\"><span lang=\"en-US\"><b>SCENIC CHARACTER <\/b><\/span><\/span><\/p>\n<p lang=\"en-GB\" align=\"JUSTIFY\"><span style=\"font-family: georgia, palatino, serif; color: #000000; font-size: 12pt;\">The city&#8217;s name comes from the Wkra River (German: Uecker), which has its estuary here. Considering the Griffin Route, the most important place to see in Ueckerm\u00fcnde is the Pomeranian Dukes&#8217; Castle. It was built in 1546 by Duke Philip I. Before, that space had been occupied by the so-called &#8222;fortified house&#8221;, which was a place of a national council, a temporary residence, a widow&#8217;s seat and a hunting lodge. The four-winged property was later added to the current castle tower. The castle was surrounded by a moat and a stone wall, while the entrance to the castle led through a drawbridge. With the construction of the new seat Prince Philip founded a stone plaque depicting an image of himself in an armour and a decorative hat. A copy of this board is on the portal, while the original is in the National Museum in Szczecin.\u00a0 Duke Bogus\u0142aw X played a particularly important role in the history of the city and the castle. For some time the first prince&#8217;s wife, Margaret, and the second wife, Anna Jagiellonka &#8211; Polish princess, who died here in 1503, also lived there.<\/span><\/p>\n<p lang=\"en-GB\" align=\"JUSTIFY\"><span style=\"font-family: georgia, palatino, serif; color: #000000; font-size: 12pt;\">Nowadays, in the castle there are the Town Hall and Haffmuseum.\u00a0 The exposition is divided into four sections: finds of old and new past, history of the city, main branches of the economy (foundry, brickyard, fishing and shipping) from the territory of Ueckerm\u00fcnde and household and household items from various epochs. In the city space you can see griffins, which are also in its coat of arms. From the tower there is a wonderful view of Ueckerm\u00fcnde and the Szczeci\u0144ski Lagoon.<\/span><\/p>\n<p lang=\"en-GB\"><span style=\"font-family: georgia, palatino, serif; color: #000000; font-size: 12pt;\"><b>ATTRACTIONS\u00a0<\/b><\/span><\/p>\n<p lang=\"en-GB\" align=\"JUSTIFY\"><span style=\"font-family: georgia, palatino, serif; color: #000000; font-size: 12pt;\">Ueckerm\u00fcnde is a resort town. There is also a zoological garden in the city. The biggest attraction of the place are animals, but there are also numerous and large playgrounds for the smallest guests.\u00a0 A beautiful place in the city is the historical marketplace. Nature surrounding the town is very interesting as well, so going on a bike trip or walking along the Naturpark Am Stettiner Haff (Natural Park of the Szczeci\u0144ski Lagoon) is highly recommended. Apart from the zoological garden, port, old town and numerous recreational attractions, this small town has one more interesting offer addressed primarily to children, but also to people who like nature and rural life &#8211; &#8222;Tierproduktion Haffk\u00fcste&#8221;, where children can experience direct contact with work in the countryside.<\/span><\/p>\n<p>&nbsp;<\/p>\n<p><span style=\"color: #000000; font-size: 12pt; font-family: georgia, palatino, serif;\"><code><div class=\"rl-gallery-container rl-loading\" id=\"rl-gallery-container-1\" data-gallery_id=\"2500\"> <div class=\"rl-gallery rl-basicgrid-gallery \" id=\"rl-gallery-1\" data-gallery_no=\"1\"> <div class=\"rl-gallery-item\"><a href=\"https:\/\/sbt.ug.edu.pl\/wp-content\/uploads\/2019\/07\/Ueckermunde-gryfy-B.Wo\u0142owczyk.jpg\" title=\"Ueckermunde &#8211; gryfy B.Wo\u0142owczyk\" data-rl_title=\"Ueckermunde &#8211; gryfy B.Wo\u0142owczyk\" class=\"rl-gallery-link\" data-rl_caption=\"\" data-rel=\"lightbox-gallery-1\"><img src=\"https:\/\/sbt.ug.edu.pl\/wp-content\/uploads\/2019\/07\/Ueckermunde-gryfy-B.Wo\u0142owczyk-768x493.jpg\" width=\"640\" height=\"411\" alt=\"\" \/><\/a><\/div><div class=\"rl-gallery-item\"><a href=\"https:\/\/sbt.ug.edu.pl\/wp-content\/uploads\/2019\/07\/Ueckermunde-iglica-Zamku-B.Wo\u0142owczyk.jpg\" title=\"Ueckermunde &#8211; iglica Zamku B.Wo\u0142owczyk\" data-rl_title=\"Ueckermunde &#8211; iglica Zamku B.Wo\u0142owczyk\" class=\"rl-gallery-link\" data-rl_caption=\"\" data-rel=\"lightbox-gallery-1\"><img src=\"https:\/\/sbt.ug.edu.pl\/wp-content\/uploads\/2019\/07\/Ueckermunde-iglica-Zamku-B.Wo\u0142owczyk-768x757.jpg\" width=\"640\" height=\"631\" alt=\"\" \/><\/a><\/div><div class=\"rl-gallery-item\"><a href=\"https:\/\/sbt.ug.edu.pl\/wp-content\/uploads\/2019\/07\/Ueckermunde-ko\u015bci\u00f3\u0142-1.-B.Wo\u0142owczyk.jpg\" title=\"Ueckermunde &#8211; ko\u015bci\u00f3\u0142 1. B.Wo\u0142owczyk\" data-rl_title=\"Ueckermunde &#8211; ko\u015bci\u00f3\u0142 1. B.Wo\u0142owczyk\" class=\"rl-gallery-link\" data-rl_caption=\"\" data-rel=\"lightbox-gallery-1\"><img src=\"https:\/\/sbt.ug.edu.pl\/wp-content\/uploads\/2019\/07\/Ueckermunde-ko\u015bci\u00f3\u0142-1.-B.Wo\u0142owczyk-768x512.jpg\" width=\"640\" height=\"427\" alt=\"\" \/><\/a><\/div><div class=\"rl-gallery-item\"><a href=\"https:\/\/sbt.ug.edu.pl\/wp-content\/uploads\/2019\/07\/Ueckermunde-ko\u015bci\u00f3\u0142-3-B.Wo\u0142owczyk.jpg\" title=\"Ueckermunde &#8211; ko\u015bci\u00f3\u0142 3 B.Wo\u0142owczyk\" data-rl_title=\"Ueckermunde &#8211; ko\u015bci\u00f3\u0142 3 B.Wo\u0142owczyk\" class=\"rl-gallery-link\" data-rl_caption=\"\" data-rel=\"lightbox-gallery-1\"><img src=\"https:\/\/sbt.ug.edu.pl\/wp-content\/uploads\/2019\/07\/Ueckermunde-ko\u015bci\u00f3\u0142-3-B.Wo\u0142owczyk-768x520.jpg\" width=\"640\" height=\"433\" alt=\"\" \/><\/a><\/div><div class=\"rl-gallery-item\"><a href=\"https:\/\/sbt.ug.edu.pl\/wp-content\/uploads\/2019\/07\/Ueckermunde-mapa-Lubinusa.png\" title=\"Ueckermunde &#8211; mapa Lubinusa\" data-rl_title=\"Ueckermunde &#8211; mapa Lubinusa\" class=\"rl-gallery-link\" data-rl_caption=\"\" data-rel=\"lightbox-gallery-1\"><img src=\"https:\/\/sbt.ug.edu.pl\/wp-content\/uploads\/2019\/07\/Ueckermunde-mapa-Lubinusa-768x426.png\" width=\"640\" height=\"355\" alt=\"\" \/><\/a><\/div><div class=\"rl-gallery-item\"><a href=\"https:\/\/sbt.ug.edu.pl\/wp-content\/uploads\/2019\/07\/Ueckermunde-nabrze\u017ce-2.B.Wo\u0142owczyk.jpg\" title=\"Ueckermunde &#8211; nabrze\u017ce 2.B.Wo\u0142owczyk\" data-rl_title=\"Ueckermunde &#8211; nabrze\u017ce 2.B.Wo\u0142owczyk\" class=\"rl-gallery-link\" data-rl_caption=\"\" data-rel=\"lightbox-gallery-1\"><img src=\"https:\/\/sbt.ug.edu.pl\/wp-content\/uploads\/2019\/07\/Ueckermunde-nabrze\u017ce-2.B.Wo\u0142owczyk-768x483.jpg\" width=\"640\" height=\"403\" alt=\"\" \/><\/a><\/div><div class=\"rl-gallery-item\"><a href=\"https:\/\/sbt.ug.edu.pl\/wp-content\/uploads\/2019\/07\/Ueckermunde-nabrze\u017ce.B.Wo\u0142owczyk.jpg\" title=\"Ueckermunde &#8211; nabrze\u017ce.B.Wo\u0142owczyk\" data-rl_title=\"Ueckermunde &#8211; nabrze\u017ce.B.Wo\u0142owczyk\" class=\"rl-gallery-link\" data-rl_caption=\"\" data-rel=\"lightbox-gallery-1\"><img src=\"https:\/\/sbt.ug.edu.pl\/wp-content\/uploads\/2019\/07\/Ueckermunde-nabrze\u017ce.B.Wo\u0142owczyk-768x512.jpg\" width=\"640\" height=\"427\" alt=\"\" \/><\/a><\/div><div class=\"rl-gallery-item\"><a href=\"https:\/\/sbt.ug.edu.pl\/wp-content\/uploads\/2019\/07\/Ueckermunde-rynek-1.-B.Wo\u0142owczyk.jpg\" title=\"Ueckermunde &#8211; rynek 1. B.Wo\u0142owczyk\" data-rl_title=\"Ueckermunde &#8211; rynek 1. B.Wo\u0142owczyk\" class=\"rl-gallery-link\" data-rl_caption=\"\" data-rel=\"lightbox-gallery-1\"><img src=\"https:\/\/sbt.ug.edu.pl\/wp-content\/uploads\/2019\/07\/Ueckermunde-rynek-1.-B.Wo\u0142owczyk-768x512.jpg\" width=\"640\" height=\"427\" alt=\"\" \/><\/a><\/div><div class=\"rl-gallery-item\"><a href=\"https:\/\/sbt.ug.edu.pl\/wp-content\/uploads\/2019\/07\/Ueckermunde-rynek-2.-B.Wo\u0142owczyk.jpg\" title=\"Ueckermunde &#8211; rynek 2. B.Wo\u0142owczyk\" data-rl_title=\"Ueckermunde &#8211; rynek 2. B.Wo\u0142owczyk\" class=\"rl-gallery-link\" data-rl_caption=\"\" data-rel=\"lightbox-gallery-1\"><img src=\"https:\/\/sbt.ug.edu.pl\/wp-content\/uploads\/2019\/07\/Ueckermunde-rynek-2.-B.Wo\u0142owczyk-768x578.jpg\" width=\"640\" height=\"482\" alt=\"\" \/><\/a><\/div><div class=\"rl-gallery-item\"><a href=\"https:\/\/sbt.ug.edu.pl\/wp-content\/uploads\/2019\/07\/Ueckermunde-Zamek-Ksi\u0105\u017c\u0105t-Pomorskich-herb-B.Wo\u0142owczyk.jpg\" title=\"Ueckermunde &#8211; Zamek Ksi\u0105\u017c\u0105t Pomorskich &#8211; herb B.Wo\u0142owczyk\" data-rl_title=\"Ueckermunde &#8211; Zamek Ksi\u0105\u017c\u0105t Pomorskich &#8211; herb B.Wo\u0142owczyk\" class=\"rl-gallery-link\" data-rl_caption=\"\" data-rel=\"lightbox-gallery-1\"><img src=\"https:\/\/sbt.ug.edu.pl\/wp-content\/uploads\/2019\/07\/Ueckermunde-Zamek-Ksi\u0105\u017c\u0105t-Pomorskich-herb-B.Wo\u0142owczyk-768x523.jpg\" width=\"640\" height=\"436\" alt=\"\" \/><\/a><\/div><div class=\"rl-gallery-item\"><a href=\"https:\/\/sbt.ug.edu.pl\/wp-content\/uploads\/2019\/07\/Ueckermunde-Zamek-Ksi\u0105\u017c\u0105t-Pomorskich-relikty-pierwszej-wie\u017cy-B.Wo\u0142owczyk.jpg\" title=\"Ueckermunde &#8211; Zamek Ksi\u0105\u017c\u0105t Pomorskich &#8211; relikty pierwszej wie\u017cy B.Wo\u0142owczyk\" data-rl_title=\"Ueckermunde &#8211; Zamek Ksi\u0105\u017c\u0105t Pomorskich &#8211; relikty pierwszej wie\u017cy B.Wo\u0142owczyk\" class=\"rl-gallery-link\" data-rl_caption=\"\" data-rel=\"lightbox-gallery-1\"><img src=\"https:\/\/sbt.ug.edu.pl\/wp-content\/uploads\/2019\/07\/Ueckermunde-Zamek-Ksi\u0105\u017c\u0105t-Pomorskich-relikty-pierwszej-wie\u017cy-B.Wo\u0142owczyk-768x527.jpg\" width=\"640\" height=\"439\" alt=\"\" \/><\/a><\/div><div class=\"rl-gallery-item\"><a href=\"https:\/\/sbt.ug.edu.pl\/wp-content\/uploads\/2019\/07\/Ueckermunde-Zamek-Ksi\u0105\u017c\u0105t-Pomorskich-sklepienie-B.Wo\u0142owczyk.jpg\" title=\"Ueckermunde &#8211; Zamek Ksi\u0105\u017c\u0105t Pomorskich &#8211; sklepienie B.Wo\u0142owczyk\" data-rl_title=\"Ueckermunde &#8211; Zamek Ksi\u0105\u017c\u0105t Pomorskich &#8211; sklepienie B.Wo\u0142owczyk\" class=\"rl-gallery-link\" data-rl_caption=\"\" data-rel=\"lightbox-gallery-1\"><img src=\"https:\/\/sbt.ug.edu.pl\/wp-content\/uploads\/2019\/07\/Ueckermunde-Zamek-Ksi\u0105\u017c\u0105t-Pomorskich-sklepienie-B.Wo\u0142owczyk-768x512.jpg\" width=\"640\" height=\"427\" alt=\"\" \/><\/a><\/div><div class=\"rl-gallery-item\"><a href=\"https:\/\/sbt.ug.edu.pl\/wp-content\/uploads\/2019\/07\/Ueckermunde-Zamek-Ksi\u0105\u017c\u0105t-Pomorskich-tablica-Filipa-I-B.Wo\u0142owczyk.jpg\" title=\"Ueckermunde &#8211; Zamek Ksi\u0105\u017c\u0105t Pomorskich &#8211; tablica Filipa I B.Wo\u0142owczyk\" data-rl_title=\"Ueckermunde &#8211; Zamek Ksi\u0105\u017c\u0105t Pomorskich &#8211; tablica Filipa I B.Wo\u0142owczyk\" class=\"rl-gallery-link\" data-rl_caption=\"\" data-rel=\"lightbox-gallery-1\"><img src=\"https:\/\/sbt.ug.edu.pl\/wp-content\/uploads\/2019\/07\/Ueckermunde-Zamek-Ksi\u0105\u017c\u0105t-Pomorskich-tablica-Filipa-I-B.Wo\u0142owczyk-768x455.jpg\" width=\"640\" height=\"379\" alt=\"\" \/><\/a><\/div><div class=\"rl-gallery-item\"><a href=\"https:\/\/sbt.ug.edu.pl\/wp-content\/uploads\/2019\/07\/Ueckermunde-Zamek-Ksi\u0105\u017c\u0105t-Pomorskich-B.Wo\u0142owczyk.jpg\" title=\"Ueckermunde &#8211; Zamek Ksi\u0105\u017c\u0105t Pomorskich B.Wo\u0142owczyk\" data-rl_title=\"Ueckermunde &#8211; Zamek Ksi\u0105\u017c\u0105t Pomorskich B.Wo\u0142owczyk\" class=\"rl-gallery-link\" data-rl_caption=\"\" data-rel=\"lightbox-gallery-1\"><img src=\"https:\/\/sbt.ug.edu.pl\/wp-content\/uploads\/2019\/07\/Ueckermunde-Zamek-Ksi\u0105\u017c\u0105t-Pomorskich-B.Wo\u0142owczyk-768x548.jpg\" width=\"640\" height=\"457\" alt=\"\" \/><\/a><\/div> <\/div> <\/div><\/code><\/span><\/p>","protected":false},"excerpt":{"rendered":"<p>Atsipra\u0161ome, \u0161is puslapis galimas tik Jungtini\u0173 Valstij\u0173 Angl\u0173, Vokie\u010di\u0173 ir Lenk\u0173. For the sake of viewer convenience, the content is shown below in this site default language. You may click one of the links to switch the site language to another available language. LOCATION Ueckerm\u00fcnde (Wkryuj\u015bcie) &#8211; a city in Mecklemburg-Western Pomerania, approx. 70 km [&hellip;]<\/p>\n","protected":false},"author":3,"featured_media":0,"parent":486,"menu_order":0,"comment_status":"closed","ping_status":"closed","template":"","meta":[],"categories":[34,29,15],"tags":[],"_links":{"self":[{"href":"https:\/\/sbt.ug.edu.pl\/lt\/wp-json\/wp\/v2\/pages\/1819"}],"collection":[{"href":"https:\/\/sbt.ug.edu.pl\/lt\/wp-json\/wp\/v2\/pages"}],"about":[{"href":"https:\/\/sbt.ug.edu.pl\/lt\/wp-json\/wp\/v2\/types\/page"}],"author":[{"embeddable":true,"href":"https:\/\/sbt.ug.edu.pl\/lt\/wp-json\/wp\/v2\/users\/3"}],"replies":[{"embeddable":true,"href":"https:\/\/sbt.ug.edu.pl\/lt\/wp-json\/wp\/v2\/comments?post=1819"}],"version-history":[{"count":6,"href":"https:\/\/sbt.ug.edu.pl\/lt\/wp-json\/wp\/v2\/pages\/1819\/revisions"}],"predecessor-version":[{"id":5325,"href":"https:\/\/sbt.ug.edu.pl\/lt\/wp-json\/wp\/v2\/pages\/1819\/revisions\/5325"}],"up":[{"embeddable":true,"href":"https:\/\/sbt.ug.edu.pl\/lt\/wp-json\/wp\/v2\/pages\/486"}],"wp:attachment":[{"href":"https:\/\/sbt.ug.edu.pl\/lt\/wp-json\/wp\/v2\/media?parent=1819"}],"wp:term":[{"taxonomy":"category","embeddable":true,"href":"https:\/\/sbt.ug.edu.pl\/lt\/wp-json\/wp\/v2\/categories?post=1819"},{"taxonomy":"post_tag","embeddable":true,"href":"https:\/\/sbt.ug.edu.pl\/lt\/wp-json\/wp\/v2\/tags?post=1819"}],"curies":[{"name":"wp","href":"https:\/\/api.w.org\/{rel}","templated":true}]}}