{"id":2095,"date":"2019-07-11T12:55:53","date_gmt":"2019-07-11T10:55:53","guid":{"rendered":"https:\/\/southbaltic-tourist.eu\/?page_id=2095"},"modified":"2021-05-31T17:13:31","modified_gmt":"2021-05-31T16:13:31","slug":"3-klaipeda-kretinga-zibininkai-holiday-park","status":"publish","type":"page","link":"https:\/\/sbt.ug.edu.pl\/lt\/routes\/kayaking-south-baltic\/3-klaipeda-kretinga-zibininkai-holiday-park\/","title":{"rendered":"(English) 3. Klaip\u0117da \u2013 Kretinga \u2013\u017dibininkai \u201eHoliday Park\u201c"},"content":{"rendered":"<p class=\"qtranxs-available-languages-message qtranxs-available-languages-message-lt\">Atsipra\u0161ome, \u0161is puslapis galimas tik <a href=\"https:\/\/sbt.ug.edu.pl\/en\/wp-json\/wp\/v2\/pages\/2095\" class=\"qtranxs-available-language-link qtranxs-available-language-link-en\" title=\"English\">Jungtini\u0173 Valstij\u0173 Angl\u0173<\/a>, <a href=\"https:\/\/sbt.ug.edu.pl\/de\/wp-json\/wp\/v2\/pages\/2095\" class=\"qtranxs-available-language-link qtranxs-available-language-link-de\" title=\"Deutsch\">Vokie\u010di\u0173<\/a> ir <a href=\"https:\/\/sbt.ug.edu.pl\/pl\/wp-json\/wp\/v2\/pages\/2095\" class=\"qtranxs-available-language-link qtranxs-available-language-link-pl\" title=\"Polski\">Lenk\u0173<\/a>. For the sake of viewer convenience, the content is shown below in this site default language. You may click one of the links to switch the site language to another available language.<\/p><p><strong>LOCATION<\/strong><\/p>\n<p>Klaip\u0117da \u2013 Kretinga \u2013\u017dibininkai \u201eHoliday Park\u201c<\/p>\n<p><a href=\"https:\/\/southbaltic-tourist.eu\/wp-content\/uploads\/2020\/02\/r1a3_Klaipeda-kretinga_Kayaking-2-2.png\" data-rel=\"lightbox-gallery-HoXTuBfZ\" data-rl_title=\"\" data-rl_caption=\"\" title=\"\"><img decoding=\"async\" loading=\"lazy\" class=\"aligncenter wp-image-5189\" src=\"https:\/\/southbaltic-tourist.eu\/wp-content\/uploads\/2020\/02\/r1a3_Klaipeda-kretinga_Kayaking-2-2.png\" alt=\"\" width=\"1000\" height=\"650\" srcset=\"https:\/\/sbt.ug.edu.pl\/wp-content\/uploads\/2020\/02\/r1a3_Klaipeda-kretinga_Kayaking-2-2.png 1600w, https:\/\/sbt.ug.edu.pl\/wp-content\/uploads\/2020\/02\/r1a3_Klaipeda-kretinga_Kayaking-2-2-300x195.png 300w, https:\/\/sbt.ug.edu.pl\/wp-content\/uploads\/2020\/02\/r1a3_Klaipeda-kretinga_Kayaking-2-2-1024x666.png 1024w, https:\/\/sbt.ug.edu.pl\/wp-content\/uploads\/2020\/02\/r1a3_Klaipeda-kretinga_Kayaking-2-2-768x499.png 768w, https:\/\/sbt.ug.edu.pl\/wp-content\/uploads\/2020\/02\/r1a3_Klaipeda-kretinga_Kayaking-2-2-1536x998.png 1536w, https:\/\/sbt.ug.edu.pl\/wp-content\/uploads\/2020\/02\/r1a3_Klaipeda-kretinga_Kayaking-2-2-150x98.png 150w\" sizes=\"(max-width: 1000px) 100vw, 1000px\" \/><\/a><\/p>\n<p><a href=\"https:\/\/www.google.pl\/maps\/dir\/%C5%BDibininkai\/Kartena,+Litwa\/@55.9561493,21.1675284,11z\/data=!3m1!4b1!4m14!4m13!1m5!1m1!1s0x46e52fa58a88444f:0x6ea3bdffcfda3f13!2m2!1d21.144156!2d55.9582109!1m5!1m1!1s0x46e5180a144ab5ad:0xa00d18ec9ba75d0!2m2!1d21.472792!2d55.919071!3e0\" target=\"_blank\" rel=\"noopener noreferrer\">View on Google Maps<\/a><\/p>\n<p>Trip to Kartena after lunch. 28 km 0:30 h.<\/p>\n<p>Kayaking route from Kartena to Raguvi\u0161kiai by Minija river. 13 km, 3:00h.<\/p>\n<p>&nbsp;<\/p>\n<p><strong>ATTRACTIONS<\/strong><\/p>\n<p style=\"text-align: justify;\">Trip from Klaip\u0117da to Kretinga, visiting Kretinga Museum, Japan Garden. Arrival to \u201eHoliday Park\u201c and setting up in log cabins.<\/p>\n<p style=\"text-align: justify;\">Kretinga Museum is one of the main museums in Samogitia where the manorial culture is represented. The most impressive winter garden in Lithuania is located here. The rich museum funds have accumulated many material and spiritual treasures of Kretinga and its surroundings.<\/p>\n<p style=\"text-align: justify;\">20 kilometers from Kretinga there is an unique largest Japanese garden in Europe (16 hectares) with a thousand bonsai trees collection, stone garden, sakuras, ponds.<\/p>\n<p style=\"text-align: justify;\"><span style=\"font-size: 10pt;\">Source: http:\/\/www.kretingosmuziejus.lt\/, http:\/\/japangarden.lt\/, www.atostoguparkas.lt<\/span><\/p>\n<p><div class=\"rl-gallery-container rl-loading\" id=\"rl-gallery-container-1\" data-gallery_id=\"2292\"> <div class=\"rl-gallery rl-basicgrid-gallery \" id=\"rl-gallery-1\" data-gallery_no=\"1\"> <div class=\"rl-gallery-item\"><a href=\"https:\/\/sbt.ug.edu.pl\/wp-content\/uploads\/2019\/07\/8.-Kretinga-museum-R1-A4.-1.jpg\" title=\"8. Kretinga museum; R1, A3.\" data-rl_title=\"8. Kretinga museum; R1, A3.\" class=\"rl-gallery-link\" data-rl_caption=\"\" data-rel=\"lightbox-gallery-1\"><img src=\"https:\/\/sbt.ug.edu.pl\/wp-content\/uploads\/2019\/07\/8.-Kretinga-museum-R1-A4.-1-768x518.jpg\" width=\"640\" height=\"432\" alt=\"\" \/><\/a><\/div><div class=\"rl-gallery-item\"><a href=\"https:\/\/sbt.ug.edu.pl\/wp-content\/uploads\/2019\/07\/9.-Kretinga-museum-winter-garden-R1-A4.-1.jpg\" title=\"9. Kretinga museum, winter garden; R1, A3.\" data-rl_title=\"9. Kretinga museum, winter garden; R1, A3.\" class=\"rl-gallery-link\" data-rl_caption=\"\" data-rel=\"lightbox-gallery-1\"><img src=\"https:\/\/sbt.ug.edu.pl\/wp-content\/uploads\/2019\/07\/9.-Kretinga-museum-winter-garden-R1-A4.-1.jpg\" width=\"640\" height=\"853\" alt=\"\" \/><\/a><\/div><div class=\"rl-gallery-item\"><a href=\"https:\/\/sbt.ug.edu.pl\/wp-content\/uploads\/2019\/07\/10.-Japanese-garden-R1-A4.-1.jpg\" title=\"10. Japanese garden, R1, A4.\" data-rl_title=\"10. Japanese garden, R1, A4.\" class=\"rl-gallery-link\" data-rl_caption=\"\" data-rel=\"lightbox-gallery-1\"><img src=\"https:\/\/sbt.ug.edu.pl\/wp-content\/uploads\/2019\/07\/10.-Japanese-garden-R1-A4.-1-768x512.jpg\" width=\"640\" height=\"427\" alt=\"\" \/><\/a><\/div><div class=\"rl-gallery-item\"><a href=\"https:\/\/sbt.ug.edu.pl\/wp-content\/uploads\/2019\/07\/11.-Bonsai-garden-R1-A4.-1.jpg\" title=\"11. Bonsai garden; R1, A3.\" data-rl_title=\"11. Bonsai garden; R1, A3.\" class=\"rl-gallery-link\" data-rl_caption=\"\" data-rel=\"lightbox-gallery-1\"><img src=\"https:\/\/sbt.ug.edu.pl\/wp-content\/uploads\/2019\/07\/11.-Bonsai-garden-R1-A4.-1-768x511.jpg\" width=\"640\" height=\"426\" alt=\"\" \/><\/a><\/div><div class=\"rl-gallery-item\"><a href=\"https:\/\/sbt.ug.edu.pl\/wp-content\/uploads\/2019\/07\/12.-Minija-river-R1-A5.-1.jpg\" title=\"12. Minija river; R1, A3\" data-rl_title=\"12. Minija river; R1, A3\" class=\"rl-gallery-link\" data-rl_caption=\"\" data-rel=\"lightbox-gallery-1\"><img src=\"https:\/\/sbt.ug.edu.pl\/wp-content\/uploads\/2019\/07\/12.-Minija-river-R1-A5.-1-768x512.jpg\" width=\"640\" height=\"427\" alt=\"\" \/><\/a><\/div><div class=\"rl-gallery-item\"><a href=\"https:\/\/sbt.ug.edu.pl\/wp-content\/uploads\/2019\/07\/13.-Kayaking-in-Minija-river-R1-A5..jpg\" title=\"13. Kayaking in Minija river; R1, A3.\" data-rl_title=\"13. Kayaking in Minija river; R1, A3.\" class=\"rl-gallery-link\" data-rl_caption=\"\" data-rel=\"lightbox-gallery-1\"><img src=\"https:\/\/sbt.ug.edu.pl\/wp-content\/uploads\/2019\/07\/13.-Kayaking-in-Minija-river-R1-A5.-768x576.jpg\" width=\"640\" height=\"480\" alt=\"\" \/><\/a><\/div> <\/div> <\/div><\/p>","protected":false},"excerpt":{"rendered":"<p>Atsipra\u0161ome, \u0161is puslapis galimas tik Jungtini\u0173 Valstij\u0173 Angl\u0173, Vokie\u010di\u0173 ir Lenk\u0173. For the sake of viewer convenience, the content is shown below in this site default language. You may click one of the links to switch the site language to another available language.LOCATION Klaip\u0117da \u2013 Kretinga \u2013\u017dibininkai \u201eHoliday Park\u201c View on Google Maps Trip to [&hellip;]<\/p>\n","protected":false},"author":4,"featured_media":0,"parent":455,"menu_order":0,"comment_status":"closed","ping_status":"closed","template":"","meta":[],"categories":[34,18,15],"tags":[],"_links":{"self":[{"href":"https:\/\/sbt.ug.edu.pl\/lt\/wp-json\/wp\/v2\/pages\/2095"}],"collection":[{"href":"https:\/\/sbt.ug.edu.pl\/lt\/wp-json\/wp\/v2\/pages"}],"about":[{"href":"https:\/\/sbt.ug.edu.pl\/lt\/wp-json\/wp\/v2\/types\/page"}],"author":[{"embeddable":true,"href":"https:\/\/sbt.ug.edu.pl\/lt\/wp-json\/wp\/v2\/users\/4"}],"replies":[{"embeddable":true,"href":"https:\/\/sbt.ug.edu.pl\/lt\/wp-json\/wp\/v2\/comments?post=2095"}],"version-history":[{"count":15,"href":"https:\/\/sbt.ug.edu.pl\/lt\/wp-json\/wp\/v2\/pages\/2095\/revisions"}],"predecessor-version":[{"id":5706,"href":"https:\/\/sbt.ug.edu.pl\/lt\/wp-json\/wp\/v2\/pages\/2095\/revisions\/5706"}],"up":[{"embeddable":true,"href":"https:\/\/sbt.ug.edu.pl\/lt\/wp-json\/wp\/v2\/pages\/455"}],"wp:attachment":[{"href":"https:\/\/sbt.ug.edu.pl\/lt\/wp-json\/wp\/v2\/media?parent=2095"}],"wp:term":[{"taxonomy":"category","embeddable":true,"href":"https:\/\/sbt.ug.edu.pl\/lt\/wp-json\/wp\/v2\/categories?post=2095"},{"taxonomy":"post_tag","embeddable":true,"href":"https:\/\/sbt.ug.edu.pl\/lt\/wp-json\/wp\/v2\/tags?post=2095"}],"curies":[{"name":"wp","href":"https:\/\/api.w.org\/{rel}","templated":true}]}}