{"id":2102,"date":"2019-07-11T13:06:53","date_gmt":"2019-07-11T11:06:53","guid":{"rendered":"https:\/\/southbaltic-tourist.eu\/?page_id=2102"},"modified":"2021-05-31T17:28:22","modified_gmt":"2021-05-31T16:28:22","slug":"5-canoe-trip-crystal-waters-in-plateliai-lake","status":"publish","type":"page","link":"https:\/\/sbt.ug.edu.pl\/lt\/routes\/kayaking-south-baltic\/5-canoe-trip-crystal-waters-in-plateliai-lake\/","title":{"rendered":"(English) 5. Canoe trip \u201eCrystal Waters\u201c"},"content":{"rendered":"<p class=\"qtranxs-available-languages-message qtranxs-available-languages-message-lt\">Atsipra\u0161ome, \u0161is puslapis galimas tik <a href=\"https:\/\/sbt.ug.edu.pl\/en\/wp-json\/wp\/v2\/pages\/2102\" class=\"qtranxs-available-language-link qtranxs-available-language-link-en\" title=\"English\">Jungtini\u0173 Valstij\u0173 Angl\u0173<\/a>, <a href=\"https:\/\/sbt.ug.edu.pl\/de\/wp-json\/wp\/v2\/pages\/2102\" class=\"qtranxs-available-language-link qtranxs-available-language-link-de\" title=\"Deutsch\">Vokie\u010di\u0173<\/a> ir <a href=\"https:\/\/sbt.ug.edu.pl\/pl\/wp-json\/wp\/v2\/pages\/2102\" class=\"qtranxs-available-language-link qtranxs-available-language-link-pl\" title=\"Polski\">Lenk\u0173<\/a>. For the sake of viewer convenience, the content is shown below in this site default language. You may click one of the links to switch the site language to another available language.<\/p><p><strong>LOCATION<\/strong><\/p>\n<p><span lang=\"EN-GB\"><span lang=\"LT\">Canoe trip \u201eCrystal Waters\u201c in <\/span><\/span><span lang=\"EN-GB\">Plateliai Lake &#8211; the largest and the deepest lake in Samogitia region.<\/span><\/p>\n<p><a href=\"https:\/\/www.google.pl\/maps\/place\/P%C5%82otele\/@56.0395559,21.8201885,13z\/data=!3m1!4b1!4m5!3m4!1s0x46e512c724cd746b:0x8432543c52ce8625!8m2!3d56.0419846!4d21.8554688\" target=\"_blank\" rel=\"noopener noreferrer\">View on Google Maps<\/a><\/p>\n<p><strong>ATTRACTIONS<\/strong><\/p>\n<p>Discover the beauty of the largest and the deepest lake in Samogitia region, famous for its gorgeous natural surroundings and its cultural significance. We will guide you through these crystal clear waters so that you can truly enjoy something that we call the \u201cWet Wet Experience\u201d \u2013 a combination of leisure paddling and a gourmet picnic.<\/p>\n<p>The Crystal Clear tour takes you along a well-known path of Plateliai archipelago in its unique, entertaining and memorable way. We know how to make sure you have an exciting outdoor adventure at an easy pace.<\/p>\n<p><span style=\"font-size: 10pt;\">Sorce:\u00a0https:\/\/www.wetweim.com\/crystal.php<\/span><\/p>\n<p>&nbsp;<\/p>\n<p><div class=\"rl-gallery-container rl-loading\" id=\"rl-gallery-container-1\" data-gallery_id=\"2320\"> <div class=\"rl-gallery rl-basicgrid-gallery \" id=\"rl-gallery-1\" data-gallery_no=\"1\"> <div class=\"rl-gallery-item\"><a href=\"https:\/\/sbt.ug.edu.pl\/wp-content\/uploads\/2019\/07\/16.-Samogitia-National-park-visitor-center-R1-A6.-1.jpg\" title=\"16. Samogitia National park visitor center; R1, A5.\" data-rl_title=\"16. Samogitia National park visitor center; R1, A5.\" class=\"rl-gallery-link\" data-rl_caption=\"\" data-rel=\"lightbox-gallery-1\"><img src=\"https:\/\/sbt.ug.edu.pl\/wp-content\/uploads\/2019\/07\/16.-Samogitia-National-park-visitor-center-R1-A6.-1-768x512.jpg\" width=\"640\" height=\"427\" alt=\"\" \/><\/a><\/div><div class=\"rl-gallery-item\"><a href=\"https:\/\/sbt.ug.edu.pl\/wp-content\/uploads\/2019\/07\/17.-Kayaking-in-Plateliai-lake-R1-A7.-1.jpg\" title=\"17. Kayaking in Plateliai lake; R1, A5.\" data-rl_title=\"17. Kayaking in Plateliai lake; R1, A5.\" class=\"rl-gallery-link\" data-rl_caption=\"\" data-rel=\"lightbox-gallery-1\"><img src=\"https:\/\/sbt.ug.edu.pl\/wp-content\/uploads\/2019\/07\/17.-Kayaking-in-Plateliai-lake-R1-A7.-1-768x512.jpg\" width=\"640\" height=\"427\" alt=\"\" \/><\/a><\/div><div class=\"rl-gallery-item\"><a href=\"https:\/\/sbt.ug.edu.pl\/wp-content\/uploads\/2019\/07\/18.-Kayaking-in-Plateliai-lake-R1-A7.-1.jpg\" title=\"18. Kayaking in Plateliai lake; R1, A5.\" data-rl_title=\"18. Kayaking in Plateliai lake; R1, A5.\" class=\"rl-gallery-link\" data-rl_caption=\"\" data-rel=\"lightbox-gallery-1\"><img src=\"https:\/\/sbt.ug.edu.pl\/wp-content\/uploads\/2019\/07\/18.-Kayaking-in-Plateliai-lake-R1-A7.-1-768x512.jpg\" width=\"640\" height=\"427\" alt=\"\" \/><\/a><\/div> <\/div> <\/div><\/p>","protected":false},"excerpt":{"rendered":"<p>Atsipra\u0161ome, \u0161is puslapis galimas tik Jungtini\u0173 Valstij\u0173 Angl\u0173, Vokie\u010di\u0173 ir Lenk\u0173. For the sake of viewer convenience, the content is shown below in this site default language. You may click one of the links to switch the site language to another available language.LOCATION Canoe trip \u201eCrystal Waters\u201c in Plateliai Lake &#8211; the largest and the [&hellip;]<\/p>\n","protected":false},"author":4,"featured_media":0,"parent":455,"menu_order":0,"comment_status":"closed","ping_status":"closed","template":"","meta":[],"categories":[34,18,12],"tags":[],"_links":{"self":[{"href":"https:\/\/sbt.ug.edu.pl\/lt\/wp-json\/wp\/v2\/pages\/2102"}],"collection":[{"href":"https:\/\/sbt.ug.edu.pl\/lt\/wp-json\/wp\/v2\/pages"}],"about":[{"href":"https:\/\/sbt.ug.edu.pl\/lt\/wp-json\/wp\/v2\/types\/page"}],"author":[{"embeddable":true,"href":"https:\/\/sbt.ug.edu.pl\/lt\/wp-json\/wp\/v2\/users\/4"}],"replies":[{"embeddable":true,"href":"https:\/\/sbt.ug.edu.pl\/lt\/wp-json\/wp\/v2\/comments?post=2102"}],"version-history":[{"count":9,"href":"https:\/\/sbt.ug.edu.pl\/lt\/wp-json\/wp\/v2\/pages\/2102\/revisions"}],"predecessor-version":[{"id":5708,"href":"https:\/\/sbt.ug.edu.pl\/lt\/wp-json\/wp\/v2\/pages\/2102\/revisions\/5708"}],"up":[{"embeddable":true,"href":"https:\/\/sbt.ug.edu.pl\/lt\/wp-json\/wp\/v2\/pages\/455"}],"wp:attachment":[{"href":"https:\/\/sbt.ug.edu.pl\/lt\/wp-json\/wp\/v2\/media?parent=2102"}],"wp:term":[{"taxonomy":"category","embeddable":true,"href":"https:\/\/sbt.ug.edu.pl\/lt\/wp-json\/wp\/v2\/categories?post=2102"},{"taxonomy":"post_tag","embeddable":true,"href":"https:\/\/sbt.ug.edu.pl\/lt\/wp-json\/wp\/v2\/tags?post=2102"}],"curies":[{"name":"wp","href":"https:\/\/api.w.org\/{rel}","templated":true}]}}