{"id":2109,"date":"2019-07-11T13:14:32","date_gmt":"2019-07-11T11:14:32","guid":{"rendered":"https:\/\/southbaltic-tourist.eu\/?page_id=2109"},"modified":"2021-05-31T17:31:47","modified_gmt":"2021-05-31T16:31:47","slug":"7-canoe-trip-with-overnight-stay-in-humletork","status":"publish","type":"page","link":"https:\/\/sbt.ug.edu.pl\/lt\/routes\/kayaking-south-baltic\/7-canoe-trip-with-overnight-stay-in-humletork\/","title":{"rendered":"(English) 7. Canoe trip &#8222;Holje\u00e5n and Iv\u00f6sj\u00f6n&#8221;"},"content":{"rendered":"<p class=\"qtranxs-available-languages-message qtranxs-available-languages-message-lt\">Atsipra\u0161ome, \u0161is puslapis galimas tik <a href=\"https:\/\/sbt.ug.edu.pl\/en\/wp-json\/wp\/v2\/pages\/2109\" class=\"qtranxs-available-language-link qtranxs-available-language-link-en\" title=\"English\">Jungtini\u0173 Valstij\u0173 Angl\u0173<\/a>, <a href=\"https:\/\/sbt.ug.edu.pl\/de\/wp-json\/wp\/v2\/pages\/2109\" class=\"qtranxs-available-language-link qtranxs-available-language-link-de\" title=\"Deutsch\">Vokie\u010di\u0173<\/a> ir <a href=\"https:\/\/sbt.ug.edu.pl\/pl\/wp-json\/wp\/v2\/pages\/2109\" class=\"qtranxs-available-language-link qtranxs-available-language-link-pl\" title=\"Polski\">Lenk\u0173<\/a>. For the sake of viewer convenience, the content is shown below in this site default language. You may click one of the links to switch the site language to another available language.<\/p><p><strong>LOCATION<\/strong><\/p>\n<p style=\"text-align: justify;\">The Iv\u00f6sj\u00f6n lake and the Holje\u00e5n river in souther Sweden,\u00a0a perfect place to paddle with a canoe or kayak.<\/p>\n<p style=\"text-align: justify;\">The Iv\u00f6sj\u00f6n lake is located in the north-east of the historical province of Sk\u00e5ne, within the boundaries of Kristianstad and Brom\u00f6lla municipalities. It is the largest (54.2 km\u00b2) and the deepest ( the average depth is 11.3 m) lake\u00a0in Sk\u00e5ne.<\/p>\n<p style=\"text-align: justify;\">Canoeing in Immeln and a picnic in nature.<\/p>\n<p><a href=\"https:\/\/southbaltic-tourist.eu\/wp-content\/uploads\/2020\/02\/r1a7_Holje\u00e5n-and-Iv\u00f6sj\u00f6n_slim.png\" data-rel=\"lightbox-gallery-iWOuxKm5\" data-rl_title=\"\" data-rl_caption=\"\" title=\"\"><img decoding=\"async\" loading=\"lazy\" class=\"aligncenter wp-image-5193\" src=\"https:\/\/southbaltic-tourist.eu\/wp-content\/uploads\/2020\/02\/r1a7_Holje\u00e5n-and-Iv\u00f6sj\u00f6n_slim-300x174.png\" alt=\"\" width=\"1000\" height=\"581\" srcset=\"https:\/\/sbt.ug.edu.pl\/wp-content\/uploads\/2020\/02\/r1a7_Holje\u00e5n-and-Iv\u00f6sj\u00f6n_slim-300x174.png 300w, https:\/\/sbt.ug.edu.pl\/wp-content\/uploads\/2020\/02\/r1a7_Holje\u00e5n-and-Iv\u00f6sj\u00f6n_slim-1024x595.png 1024w, https:\/\/sbt.ug.edu.pl\/wp-content\/uploads\/2020\/02\/r1a7_Holje\u00e5n-and-Iv\u00f6sj\u00f6n_slim-768x446.png 768w, https:\/\/sbt.ug.edu.pl\/wp-content\/uploads\/2020\/02\/r1a7_Holje\u00e5n-and-Iv\u00f6sj\u00f6n_slim-1536x893.png 1536w, https:\/\/sbt.ug.edu.pl\/wp-content\/uploads\/2020\/02\/r1a7_Holje\u00e5n-and-Iv\u00f6sj\u00f6n_slim-150x87.png 150w, https:\/\/sbt.ug.edu.pl\/wp-content\/uploads\/2020\/02\/r1a7_Holje\u00e5n-and-Iv\u00f6sj\u00f6n_slim.png 1600w\" sizes=\"(max-width: 1000px) 100vw, 1000px\" \/><\/a><\/p>\n<p><a href=\"https:\/\/www.google.pl\/maps\/dir\/Immeln\/N%C3%A4sum\/@56.1485528,14.3456387,11z\/data=!4m14!4m13!1m5!1m1!1s0x4656af43b71999b5:0xa01907aa3402f50!2m2!1d14.2473335!2d56.2049058!1m5!1m1!1s0x465698c0cda7309d:0x8e6b574505ec59d6!2m2!1d14.5012826!2d56.176038!3e0\" target=\"_blank\" rel=\"noopener noreferrer\">View on Google Maps<\/a><\/p>\n<p><strong>ATTRACTIONS<\/strong><\/p>\n<p style=\"text-align: justify;\"><span lang=\"EN-GB\">A package for the discoverer of canoeing in both Holje\u00e5n and Iv\u00f6sj\u00f6n. <\/span><\/p>\n<p style=\"text-align: justify;\"><span lang=\"EN-GB\">Escape the stress of everyday life for an experience in the wilderness and try to live like Robinson Crusoe on an island in of the Sk\u00e5ne&#8217;s largest and most beautiful lake.\u00a0A canoe adventure for couples, families and groups.\u00a0<\/span><\/p>\n<p style=\"text-align: justify;\"><span lang=\"EN-GB\">In addition to kayaking, there is also the possibility of hiking on one of the many nature trails in the area.\u00a0Comfortable hostel accommodation in Sweden&#8217;s only preserved Hops drying.\u00a0Suitable for individuals and groups who want to experience as much as possible of the nature and surroundings. <\/span><\/p>\n<p>&nbsp;<\/p>\n<p><span style=\"font-size: 10pt;\">Source: http:\/\/wetlandi.se\/paket\/, http:\/\/wetlandi.se\/wp-content\/uploads\/2018\/04\/Kanot-Humletork-EN.pdf, https:\/\/www.bromolla.se\/globalassets\/uppleva-och-gora\/turism-och-fritid\/lederna\/holjealeden.pdf<\/span><\/p>\n<p>&nbsp;<\/p>\n<p><div class=\"rl-gallery-container rl-loading\" id=\"rl-gallery-container-1\" data-gallery_id=\"2326\"> <div class=\"rl-gallery rl-basicgrid-gallery \" id=\"rl-gallery-1\" data-gallery_no=\"1\"> <div class=\"rl-gallery-item\"><a href=\"https:\/\/sbt.ug.edu.pl\/wp-content\/uploads\/2019\/07\/21.-Canoeing-in-Iv\u00f6sj\u00f6n-lake-R1-A9..jpg\" title=\"21. Canoeing in Iv\u00f6sj\u00f6n lake; R1, A7.\" data-rl_title=\"21. Canoeing in Iv\u00f6sj\u00f6n lake; R1, A7.\" class=\"rl-gallery-link\" data-rl_caption=\"\" data-rel=\"lightbox-gallery-1\"><img src=\"https:\/\/sbt.ug.edu.pl\/wp-content\/uploads\/2019\/07\/21.-Canoeing-in-Iv\u00f6sj\u00f6n-lake-R1-A9.-768x512.jpg\" width=\"640\" height=\"427\" alt=\"\" \/><\/a><\/div><div class=\"rl-gallery-item\"><a href=\"https:\/\/sbt.ug.edu.pl\/wp-content\/uploads\/2019\/07\/22.-Iv\u00f6sj\u00f6n-lake-R1-A9..jpg\" title=\"22. Iv\u00f6sj\u00f6n lake; R1, A7.\" data-rl_title=\"22. Iv\u00f6sj\u00f6n lake; R1, A7.\" class=\"rl-gallery-link\" data-rl_caption=\"\" data-rel=\"lightbox-gallery-1\"><img src=\"https:\/\/sbt.ug.edu.pl\/wp-content\/uploads\/2019\/07\/22.-Iv\u00f6sj\u00f6n-lake-R1-A9.-768x512.jpg\" width=\"640\" height=\"427\" alt=\"\" \/><\/a><\/div><div class=\"rl-gallery-item\"><a href=\"https:\/\/sbt.ug.edu.pl\/wp-content\/uploads\/2019\/07\/23.-Canoeing-in-Immeln-lake-R1-A10..jpg\" title=\"23. Canoeing in Immeln lake; R1, A7.\" data-rl_title=\"23. Canoeing in Immeln lake; R1, A7.\" class=\"rl-gallery-link\" data-rl_caption=\"\" data-rel=\"lightbox-gallery-1\"><img src=\"https:\/\/sbt.ug.edu.pl\/wp-content\/uploads\/2019\/07\/23.-Canoeing-in-Immeln-lake-R1-A10.-768x512.jpg\" width=\"640\" height=\"427\" alt=\"\" \/><\/a><\/div><div class=\"rl-gallery-item\"><a href=\"https:\/\/sbt.ug.edu.pl\/wp-content\/uploads\/2019\/07\/24.-An-Island-in-Iv\u00f6sj\u00f6n-lake-R1-A11..jpg\" title=\"24. An Island in Iv\u00f6sj\u00f6n lake; R1, A7.\" data-rl_title=\"24. An Island in Iv\u00f6sj\u00f6n lake; R1, A7.\" class=\"rl-gallery-link\" data-rl_caption=\"\" data-rel=\"lightbox-gallery-1\"><img src=\"https:\/\/sbt.ug.edu.pl\/wp-content\/uploads\/2019\/07\/24.-An-Island-in-Iv\u00f6sj\u00f6n-lake-R1-A11.-768x512.jpg\" width=\"640\" height=\"427\" alt=\"\" \/><\/a><\/div> <\/div> <\/div><\/p>","protected":false},"excerpt":{"rendered":"<p>Atsipra\u0161ome, \u0161is puslapis galimas tik Jungtini\u0173 Valstij\u0173 Angl\u0173, Vokie\u010di\u0173 ir Lenk\u0173. For the sake of viewer convenience, the content is shown below in this site default language. You may click one of the links to switch the site language to another available language.LOCATION The Iv\u00f6sj\u00f6n lake and the Holje\u00e5n river in souther Sweden,\u00a0a perfect place [&hellip;]<\/p>\n","protected":false},"author":4,"featured_media":0,"parent":455,"menu_order":0,"comment_status":"closed","ping_status":"closed","template":"","meta":[],"categories":[34,18,12],"tags":[],"_links":{"self":[{"href":"https:\/\/sbt.ug.edu.pl\/lt\/wp-json\/wp\/v2\/pages\/2109"}],"collection":[{"href":"https:\/\/sbt.ug.edu.pl\/lt\/wp-json\/wp\/v2\/pages"}],"about":[{"href":"https:\/\/sbt.ug.edu.pl\/lt\/wp-json\/wp\/v2\/types\/page"}],"author":[{"embeddable":true,"href":"https:\/\/sbt.ug.edu.pl\/lt\/wp-json\/wp\/v2\/users\/4"}],"replies":[{"embeddable":true,"href":"https:\/\/sbt.ug.edu.pl\/lt\/wp-json\/wp\/v2\/comments?post=2109"}],"version-history":[{"count":16,"href":"https:\/\/sbt.ug.edu.pl\/lt\/wp-json\/wp\/v2\/pages\/2109\/revisions"}],"predecessor-version":[{"id":5710,"href":"https:\/\/sbt.ug.edu.pl\/lt\/wp-json\/wp\/v2\/pages\/2109\/revisions\/5710"}],"up":[{"embeddable":true,"href":"https:\/\/sbt.ug.edu.pl\/lt\/wp-json\/wp\/v2\/pages\/455"}],"wp:attachment":[{"href":"https:\/\/sbt.ug.edu.pl\/lt\/wp-json\/wp\/v2\/media?parent=2109"}],"wp:term":[{"taxonomy":"category","embeddable":true,"href":"https:\/\/sbt.ug.edu.pl\/lt\/wp-json\/wp\/v2\/categories?post=2109"},{"taxonomy":"post_tag","embeddable":true,"href":"https:\/\/sbt.ug.edu.pl\/lt\/wp-json\/wp\/v2\/tags?post=2109"}],"curies":[{"name":"wp","href":"https:\/\/api.w.org\/{rel}","templated":true}]}}