{"id":2122,"date":"2019-07-11T14:10:04","date_gmt":"2019-07-11T12:10:04","guid":{"rendered":"https:\/\/southbaltic-tourist.eu\/?page_id=2122"},"modified":"2021-05-31T17:35:58","modified_gmt":"2021-05-31T16:35:58","slug":"9-kayaking-in-brda-river-and-visiting-bory-tucholskie-national-park","status":"publish","type":"page","link":"https:\/\/sbt.ug.edu.pl\/lt\/routes\/kayaking-south-baltic\/9-kayaking-in-brda-river-and-visiting-bory-tucholskie-national-park\/","title":{"rendered":"(English) 9. Kayaking in Brda river and visiting Bory Tucholskie National Park"},"content":{"rendered":"<p class=\"qtranxs-available-languages-message qtranxs-available-languages-message-lt\">Atsipra\u0161ome, \u0161is puslapis galimas tik <a href=\"https:\/\/sbt.ug.edu.pl\/en\/wp-json\/wp\/v2\/pages\/2122\" class=\"qtranxs-available-language-link qtranxs-available-language-link-en\" title=\"English\">Jungtini\u0173 Valstij\u0173 Angl\u0173<\/a>, <a href=\"https:\/\/sbt.ug.edu.pl\/de\/wp-json\/wp\/v2\/pages\/2122\" class=\"qtranxs-available-language-link qtranxs-available-language-link-de\" title=\"Deutsch\">Vokie\u010di\u0173<\/a> ir <a href=\"https:\/\/sbt.ug.edu.pl\/pl\/wp-json\/wp\/v2\/pages\/2122\" class=\"qtranxs-available-language-link qtranxs-available-language-link-pl\" title=\"Polski\">Lenk\u0173<\/a>. For the sake of viewer convenience, the content is shown below in this site default language. You may click one of the links to switch the site language to another available language.<\/p><p><strong>LOCATION<\/strong><\/p>\n<p style=\"text-align: justify;\">The Brda river is located in northern Poland, it is the left tributary of the Vistula.<\/p>\n<p style=\"text-align: justify;\">Bory Tucholskie National Park\u00a0is located in the Brda and Wda basin.<\/p>\n<p><a href=\"https:\/\/southbaltic-tourist.eu\/wp-content\/uploads\/2020\/02\/r2a9_Brda-Bory-Tucholskie-1.png\" data-rel=\"lightbox-gallery-am2i20ad\" data-rl_title=\"\" data-rl_caption=\"\" title=\"\"><img decoding=\"async\" loading=\"lazy\" class=\"alignnone wp-image-5207 size-large\" src=\"https:\/\/southbaltic-tourist.eu\/wp-content\/uploads\/2020\/02\/r2a9_Brda-Bory-Tucholskie-1-1024x595.png\" alt=\"\" width=\"640\" height=\"372\" srcset=\"https:\/\/sbt.ug.edu.pl\/wp-content\/uploads\/2020\/02\/r2a9_Brda-Bory-Tucholskie-1-1024x595.png 1024w, https:\/\/sbt.ug.edu.pl\/wp-content\/uploads\/2020\/02\/r2a9_Brda-Bory-Tucholskie-1-300x174.png 300w, https:\/\/sbt.ug.edu.pl\/wp-content\/uploads\/2020\/02\/r2a9_Brda-Bory-Tucholskie-1-768x446.png 768w, https:\/\/sbt.ug.edu.pl\/wp-content\/uploads\/2020\/02\/r2a9_Brda-Bory-Tucholskie-1-1536x893.png 1536w, https:\/\/sbt.ug.edu.pl\/wp-content\/uploads\/2020\/02\/r2a9_Brda-Bory-Tucholskie-1-150x87.png 150w, https:\/\/sbt.ug.edu.pl\/wp-content\/uploads\/2020\/02\/r2a9_Brda-Bory-Tucholskie-1.png 1600w\" sizes=\"(max-width: 640px) 100vw, 640px\" \/><\/a>\u00a0 \u00a0 \u00a0 \u00a0 \u00a0 \u00a0 \u00a0 \u00a0 \u00a0 \u00a0 \u00a0 \u00a0 \u00a0 \u00a0 \u00a0<img decoding=\"async\" loading=\"lazy\" class=\"alignnone wp-image-2708\" src=\"https:\/\/southbaltic-tourist.eu\/wp-content\/uploads\/2019\/07\/bory.png\" alt=\"\" width=\"219\" height=\"219\" srcset=\"https:\/\/sbt.ug.edu.pl\/wp-content\/uploads\/2019\/07\/bory.png 235w, https:\/\/sbt.ug.edu.pl\/wp-content\/uploads\/2019\/07\/bory-150x150.png 150w\" sizes=\"(max-width: 219px) 100vw, 219px\" \/><\/p>\n<p>Visiting Bory Tucholskie National Park (2:00 h)<\/p>\n<p>Pakotulsko &#8211; S\u0105polno \u2013 24 km (5-6 h)<\/p>\n<p>Return to rural tourism homestead.<\/p>\n<p>&nbsp;<\/p>\n<p style=\"text-align: justify;\"><strong>ATTRACTION<\/strong><\/p>\n<p style=\"text-align: justify;\">The Brda river is one of the best developed tourist canoe trails and\u00a0well prepared river marking system in\u00a0Poland. It makes\u00a0Brda an easy trail, ideal for calm family rafting and for beginner canoeists.\u00a0Its characteristic feature is an extremely varied winding course, vast forests growing along the banks and beautiful lakes.<\/p>\n<p style=\"text-align: justify;\">Bory Tucholskie National Parkis one of the largest pine forest complexes in Poland full of plants and animals, which in many cases can be found only here, just like yews, oaks, hornbeams or birches. The forestry fleece is rich in various types of mushrooms and forest fruits. Characteristic feature of Bory Tucholskie is also the remains of the primeval forest and unique species of birds such as white-tailed eagle, capercaillie or gray heron.<\/p>\n<p>&nbsp;<\/p>\n<p><span style=\"font-size: 10pt;\">Source: \u00a0https:\/\/slowinskipn.pl\/pl\/http:\/\/www.re-create.pl\/http:\/\/www.lotzl.lebork.pl,\u00a0http:\/\/www.agrokajaki.pl\/http:\/\/www.pnbt.com.pl<\/span><\/p>\n<p><div class=\"rl-gallery-container rl-loading\" id=\"rl-gallery-container-1\" data-gallery_id=\"2342\"> <div class=\"rl-gallery rl-basicgrid-gallery \" id=\"rl-gallery-1\" data-gallery_no=\"1\"> <div class=\"rl-gallery-item\"><a href=\"https:\/\/sbt.ug.edu.pl\/wp-content\/uploads\/2019\/07\/27.-Bory-Tucholskie-National-Park-R1-A17..jpg\" title=\"27. Bory Tucholskie National Park; R1, A9.\" data-rl_title=\"27. Bory Tucholskie National Park; R1, A9.\" class=\"rl-gallery-link\" data-rl_caption=\"\" data-rel=\"lightbox-gallery-1\"><img src=\"https:\/\/sbt.ug.edu.pl\/wp-content\/uploads\/2019\/07\/27.-Bory-Tucholskie-National-Park-R1-A17.-768x432.jpg\" width=\"640\" height=\"360\" alt=\"\" \/><\/a><\/div><div class=\"rl-gallery-item\"><a href=\"https:\/\/sbt.ug.edu.pl\/wp-content\/uploads\/2019\/07\/28.-Brda-river-R1-A18..jpg\" title=\"28. Brda river; R1, A9.\" data-rl_title=\"28. Brda river; R1, A9.\" class=\"rl-gallery-link\" data-rl_caption=\"\" data-rel=\"lightbox-gallery-1\"><img src=\"https:\/\/sbt.ug.edu.pl\/wp-content\/uploads\/2019\/07\/28.-Brda-river-R1-A18.-768x577.jpg\" width=\"640\" height=\"481\" alt=\"\" \/><\/a><\/div><div class=\"rl-gallery-item\"><a href=\"https:\/\/sbt.ug.edu.pl\/wp-content\/uploads\/2019\/07\/29.-Kayaking-in-Brda-river-R1-A18..jpg\" title=\"29. Kayaking in Brda river; R1, A9.\" data-rl_title=\"29. Kayaking in Brda river; R1, A9.\" class=\"rl-gallery-link\" data-rl_caption=\"\" data-rel=\"lightbox-gallery-1\"><img src=\"https:\/\/sbt.ug.edu.pl\/wp-content\/uploads\/2019\/07\/29.-Kayaking-in-Brda-river-R1-A18..jpg\" width=\"564\" height=\"750\" alt=\"\" \/><\/a><\/div> <\/div> <\/div><\/p>","protected":false},"excerpt":{"rendered":"<p>Atsipra\u0161ome, \u0161is puslapis galimas tik Jungtini\u0173 Valstij\u0173 Angl\u0173, Vokie\u010di\u0173 ir Lenk\u0173. For the sake of viewer convenience, the content is shown below in this site default language. You may click one of the links to switch the site language to another available language.LOCATION The Brda river is located in northern Poland, it is the left [&hellip;]<\/p>\n","protected":false},"author":4,"featured_media":0,"parent":455,"menu_order":0,"comment_status":"closed","ping_status":"closed","template":"","meta":[],"categories":[34,18,12],"tags":[],"_links":{"self":[{"href":"https:\/\/sbt.ug.edu.pl\/lt\/wp-json\/wp\/v2\/pages\/2122"}],"collection":[{"href":"https:\/\/sbt.ug.edu.pl\/lt\/wp-json\/wp\/v2\/pages"}],"about":[{"href":"https:\/\/sbt.ug.edu.pl\/lt\/wp-json\/wp\/v2\/types\/page"}],"author":[{"embeddable":true,"href":"https:\/\/sbt.ug.edu.pl\/lt\/wp-json\/wp\/v2\/users\/4"}],"replies":[{"embeddable":true,"href":"https:\/\/sbt.ug.edu.pl\/lt\/wp-json\/wp\/v2\/comments?post=2122"}],"version-history":[{"count":14,"href":"https:\/\/sbt.ug.edu.pl\/lt\/wp-json\/wp\/v2\/pages\/2122\/revisions"}],"predecessor-version":[{"id":5712,"href":"https:\/\/sbt.ug.edu.pl\/lt\/wp-json\/wp\/v2\/pages\/2122\/revisions\/5712"}],"up":[{"embeddable":true,"href":"https:\/\/sbt.ug.edu.pl\/lt\/wp-json\/wp\/v2\/pages\/455"}],"wp:attachment":[{"href":"https:\/\/sbt.ug.edu.pl\/lt\/wp-json\/wp\/v2\/media?parent=2122"}],"wp:term":[{"taxonomy":"category","embeddable":true,"href":"https:\/\/sbt.ug.edu.pl\/lt\/wp-json\/wp\/v2\/categories?post=2122"},{"taxonomy":"post_tag","embeddable":true,"href":"https:\/\/sbt.ug.edu.pl\/lt\/wp-json\/wp\/v2\/tags?post=2122"}],"curies":[{"name":"wp","href":"https:\/\/api.w.org\/{rel}","templated":true}]}}