{"id":2196,"date":"2019-07-11T18:08:31","date_gmt":"2019-07-11T16:08:31","guid":{"rendered":"https:\/\/southbaltic-tourist.eu\/?page_id=2196"},"modified":"2021-05-31T17:37:15","modified_gmt":"2021-05-31T16:37:15","slug":"10-2","status":"publish","type":"page","link":"https:\/\/sbt.ug.edu.pl\/lt\/routes\/kayaking-south-baltic\/10-2\/","title":{"rendered":"(English) 10. Kayaking in Warnow river and Rostock citytour"},"content":{"rendered":"<p class=\"qtranxs-available-languages-message qtranxs-available-languages-message-lt\">Atsipra\u0161ome, \u0161is puslapis galimas tik <a href=\"https:\/\/sbt.ug.edu.pl\/en\/wp-json\/wp\/v2\/pages\/2196\" class=\"qtranxs-available-language-link qtranxs-available-language-link-en\" title=\"English\">Jungtini\u0173 Valstij\u0173 Angl\u0173<\/a>, <a href=\"https:\/\/sbt.ug.edu.pl\/de\/wp-json\/wp\/v2\/pages\/2196\" class=\"qtranxs-available-language-link qtranxs-available-language-link-de\" title=\"Deutsch\">Vokie\u010di\u0173<\/a> ir <a href=\"https:\/\/sbt.ug.edu.pl\/pl\/wp-json\/wp\/v2\/pages\/2196\" class=\"qtranxs-available-language-link qtranxs-available-language-link-pl\" title=\"Polski\">Lenk\u0173<\/a>. For the sake of viewer convenience, the content is shown below in this site default language. You may click one of the links to switch the site language to another available language.<\/p><p><\/p>\n<p style=\"text-align: justify;\"><strong>LOCATION<\/strong><\/p>\n<p style=\"text-align: justify;\">The Warnow river is the most water-rich river of Mecklenburg-Western Pomerania with a length 151 km.<\/p>\n<p><a href=\"https:\/\/southbaltic-tourist.eu\/wp-content\/uploads\/2020\/02\/r2a10_Rostock-Greiswald.png\" data-rel=\"lightbox-gallery-iTBPt7qb\" data-rl_title=\"\" data-rl_caption=\"\" title=\"\"><img decoding=\"async\" loading=\"lazy\" class=\"wp-image-5209 size-large aligncenter\" src=\"https:\/\/southbaltic-tourist.eu\/wp-content\/uploads\/2020\/02\/r2a10_Rostock-Greiswald-1024x595.png\" alt=\"\" width=\"640\" height=\"372\" srcset=\"https:\/\/sbt.ug.edu.pl\/wp-content\/uploads\/2020\/02\/r2a10_Rostock-Greiswald-1024x595.png 1024w, https:\/\/sbt.ug.edu.pl\/wp-content\/uploads\/2020\/02\/r2a10_Rostock-Greiswald-300x174.png 300w, https:\/\/sbt.ug.edu.pl\/wp-content\/uploads\/2020\/02\/r2a10_Rostock-Greiswald-768x446.png 768w, https:\/\/sbt.ug.edu.pl\/wp-content\/uploads\/2020\/02\/r2a10_Rostock-Greiswald-1536x893.png 1536w, https:\/\/sbt.ug.edu.pl\/wp-content\/uploads\/2020\/02\/r2a10_Rostock-Greiswald-150x87.png 150w, https:\/\/sbt.ug.edu.pl\/wp-content\/uploads\/2020\/02\/r2a10_Rostock-Greiswald.png 1600w\" sizes=\"(max-width: 640px) 100vw, 640px\" \/><\/a><\/p>\n<p>&nbsp;<\/p>\n<p style=\"text-align: justify;\"><strong>ATTRACTIONS<\/strong><\/p>\n<p style=\"text-align: justify;\"><span lang=\"LT\">Kayaking in Warnow river starts in the Eickhof village and ends at Butzow lake (B\u00fctzower Sea). The length of the route is 20 km and it takes about 5 hours.\u00a0During this canoe trip, depending on the \u00a0trip section you can experience\u00a0middle mountain route with many obstacles of stone and trees, small rapids and stronger current as well as romantic and calm route or\u00a0nice and quiet section, recommended to drive with children.<\/span><\/p>\n<p style=\"text-align: justify;\">One of the most attractive and important cities on the Warnow river, worth visiting, is Rostock &#8211;\u00a0Middle Ages town.\u00a0The most important monuments of the city were concentrated in its former center &#8211; it is south of the port at the estuary of the Warnow river. These are:\u00a0<span lang=\"EN-US\">Rostock city wall and towers,University Square,\u00a0Monastery of the Holy Cross,\u00a0St. Mary&#8217;s Church,Church of St. Peter and Old Market Square, New Market and Town Hall.<\/span><\/p>\n<p style=\"text-align: justify;\"><span lang=\"LT\">It is also worth to visit a \u00a0Greifswald town located 107 km from Rostock and spend there a nice afternoon\u00a0walking along the old town and visiting the port museum. <\/span><\/p>\n<p>&nbsp;<\/p>\n<p style=\"text-align: justify;\"><span style=\"font-size: 10pt;\">Source:\u00a0https:\/\/www.naturdorf-eickhof.de\/weg-zu-uns\/,https:\/\/www.rostock.de\/urlaub-freizeit.html,<\/span><\/p>\n<p style=\"text-align: justify;\"><span style=\"font-size: 10pt;\">https:\/\/www.greifswald.info\/https:\/\/www.museumshafen-greifswald.de\/http:\/\/www.tierpark-greifswald.de\/ueber-den-tierpark.html<\/span><\/p>\n<p>&nbsp;<\/p>\n<p><div class=\"rl-gallery-container rl-loading\" id=\"rl-gallery-container-1\" data-gallery_id=\"2334\"> <div class=\"rl-gallery rl-basicgrid-gallery \" id=\"rl-gallery-1\" data-gallery_no=\"1\"> <div class=\"rl-gallery-item\"><a href=\"https:\/\/sbt.ug.edu.pl\/wp-content\/uploads\/2019\/07\/25.-Greifswald-city-R1-A12..jpg\" title=\"25. Greifswald city; R1, A10.\" data-rl_title=\"25. Greifswald city; R1, A10.\" class=\"rl-gallery-link\" data-rl_caption=\"\" data-rel=\"lightbox-gallery-1\"><img src=\"https:\/\/sbt.ug.edu.pl\/wp-content\/uploads\/2019\/07\/25.-Greifswald-city-R1-A12..jpg\" width=\"640\" height=\"853\" alt=\"\" \/><\/a><\/div> <\/div> <\/div><\/p>","protected":false},"excerpt":{"rendered":"<p>Atsipra\u0161ome, \u0161is puslapis galimas tik Jungtini\u0173 Valstij\u0173 Angl\u0173, Vokie\u010di\u0173 ir Lenk\u0173. For the sake of viewer convenience, the content is shown below in this site default language. You may click one of the links to switch the site language to another available language. LOCATION The Warnow river is the most water-rich river of Mecklenburg-Western Pomerania [&hellip;]<\/p>\n","protected":false},"author":4,"featured_media":0,"parent":455,"menu_order":0,"comment_status":"closed","ping_status":"closed","template":"","meta":[],"categories":[34,18,12],"tags":[],"_links":{"self":[{"href":"https:\/\/sbt.ug.edu.pl\/lt\/wp-json\/wp\/v2\/pages\/2196"}],"collection":[{"href":"https:\/\/sbt.ug.edu.pl\/lt\/wp-json\/wp\/v2\/pages"}],"about":[{"href":"https:\/\/sbt.ug.edu.pl\/lt\/wp-json\/wp\/v2\/types\/page"}],"author":[{"embeddable":true,"href":"https:\/\/sbt.ug.edu.pl\/lt\/wp-json\/wp\/v2\/users\/4"}],"replies":[{"embeddable":true,"href":"https:\/\/sbt.ug.edu.pl\/lt\/wp-json\/wp\/v2\/comments?post=2196"}],"version-history":[{"count":14,"href":"https:\/\/sbt.ug.edu.pl\/lt\/wp-json\/wp\/v2\/pages\/2196\/revisions"}],"predecessor-version":[{"id":5713,"href":"https:\/\/sbt.ug.edu.pl\/lt\/wp-json\/wp\/v2\/pages\/2196\/revisions\/5713"}],"up":[{"embeddable":true,"href":"https:\/\/sbt.ug.edu.pl\/lt\/wp-json\/wp\/v2\/pages\/455"}],"wp:attachment":[{"href":"https:\/\/sbt.ug.edu.pl\/lt\/wp-json\/wp\/v2\/media?parent=2196"}],"wp:term":[{"taxonomy":"category","embeddable":true,"href":"https:\/\/sbt.ug.edu.pl\/lt\/wp-json\/wp\/v2\/categories?post=2196"},{"taxonomy":"post_tag","embeddable":true,"href":"https:\/\/sbt.ug.edu.pl\/lt\/wp-json\/wp\/v2\/tags?post=2196"}],"curies":[{"name":"wp","href":"https:\/\/api.w.org\/{rel}","templated":true}]}}