{"id":2991,"date":"2019-07-15T22:03:52","date_gmt":"2019-07-15T20:03:52","guid":{"rendered":"https:\/\/southbaltic-tourist.eu\/?page_id=2991"},"modified":"2019-08-17T19:05:26","modified_gmt":"2019-08-17T17:05:26","slug":"24-moving-dunes-curonian-spit-national-park-2","status":"publish","type":"page","link":"https:\/\/sbt.ug.edu.pl\/lt\/routes\/wildlife-nature-trails-folkuniversitetet-sweden\/24-moving-dunes-curonian-spit-national-park-2\/","title":{"rendered":"(English) 24. MOVING DUNES CURONIAN SPIT NATIONAL PARK"},"content":{"rendered":"<p class=\"qtranxs-available-languages-message qtranxs-available-languages-message-lt\">Atsipra\u0161ome, \u0161is puslapis galimas tik <a href=\"https:\/\/sbt.ug.edu.pl\/en\/wp-json\/wp\/v2\/pages\/2991\" class=\"qtranxs-available-language-link qtranxs-available-language-link-en\" title=\"English\">Jungtini\u0173 Valstij\u0173 Angl\u0173<\/a>. For the sake of viewer convenience, the content is shown below in the alternative language. You may click the link to switch the active language.<\/p><p><\/p>\n<p style=\"text-align: justify;\"><strong>LOCATION<br \/>\n<\/strong>Stretching from Sambian peninsula in the South to Lithuanian port city of Klaipeda in the North, the Curonian Spit is a narrow (400 meters wide at its narrowest point and 4 km wide at its widest) peninsula separating the Baltic Sea from Curonian Lagoon. The northern part of the peninsula (52 km) belongs to Lithuania, while the southern park is in Kaliningrad Oblast in in Russia. It has been a UNESCO World heritage site since 2000 and has the status of national park in both countries.<\/p>\n<p style=\"text-align: justify;\">Coordination: 55\u00b016\u203228\u2033N 20\u00b058\u203215\u2033E<\/p>\n<p><img decoding=\"async\" loading=\"lazy\" class=\"alignnone wp-image-2995 size-full\" src=\"https:\/\/southbaltic-tourist.eu\/wp-content\/uploads\/2019\/07\/1.-Curonian-Spit-R7.-A24.jpg\" alt=\"\" width=\"1600\" height=\"752\" srcset=\"https:\/\/sbt.ug.edu.pl\/wp-content\/uploads\/2019\/07\/1.-Curonian-Spit-R7.-A24.jpg 1600w, https:\/\/sbt.ug.edu.pl\/wp-content\/uploads\/2019\/07\/1.-Curonian-Spit-R7.-A24-300x141.jpg 300w, https:\/\/sbt.ug.edu.pl\/wp-content\/uploads\/2019\/07\/1.-Curonian-Spit-R7.-A24-768x361.jpg 768w, https:\/\/sbt.ug.edu.pl\/wp-content\/uploads\/2019\/07\/1.-Curonian-Spit-R7.-A24-1024x481.jpg 1024w, https:\/\/sbt.ug.edu.pl\/wp-content\/uploads\/2019\/07\/1.-Curonian-Spit-R7.-A24-150x71.jpg 150w\" sizes=\"(max-width: 1600px) 100vw, 1600px\" \/><\/p>\n<p style=\"text-align: justify;\"><strong>SCENIC CHARACTER <\/strong><\/p>\n<p style=\"text-align: justify;\">Scaling the spit&#8217;s majestic sand dunes can feel like a quasi-religious experience. The most impressive dune on the spit, the 50m Parnidis Dune, rises to the south of Nida and extends all the way into Kaliningrad. The best way to reach the summit is to follow the coastline of the Curonian Lagoon from Nida port for about 1km before bearing right into the woods and climbing a series of wooden steps to the top.<br \/>\nThe Curonian Spit offers some of the Europe&#8217;s finest landscapes as well as cosy towns and villages.<\/p>\n<p style=\"text-align: justify;\">http:\/\/www.ritzsbg.se\/<\/p>\n<p style=\"text-align: justify;\"><strong>ATTRACTIONS <\/strong><br \/>\nThe Curonian Spit is a popular summer holiday resort and a range of outdoor activities is available. Beaches of Nida, Juodkrant\u0117 and Smiltyn\u0117 have been awarded with the Blue Flag while Corunian Lagoon presents opportunities to enjoy fishing or sailing. In the Lithuanian part of the spit has a bicycle path from the northern tip of the peninsula to the town of Nidanear the Russian border.<\/p>\n<p><code><div class=\"rl-gallery-container rl-loading\" id=\"rl-gallery-container-1\" data-gallery_id=\"2993\"> <div class=\"rl-gallery rl-basicgrid-gallery \" id=\"rl-gallery-1\" data-gallery_no=\"1\"> <div class=\"rl-gallery-item\"><a href=\"https:\/\/sbt.ug.edu.pl\/wp-content\/uploads\/2019\/07\/1.-Curonian-Spit-R7.-A24.jpg\" title=\"1. Curonian Spit; author: Raido; License: CC\" data-rl_title=\"1. Curonian Spit; author: Raido; License: CC\" class=\"rl-gallery-link\" data-rl_caption=\"\" data-rel=\"lightbox-gallery-1\"><img src=\"https:\/\/sbt.ug.edu.pl\/wp-content\/uploads\/2019\/07\/1.-Curonian-Spit-R7.-A24-768x361.jpg\" width=\"640\" height=\"301\" alt=\"\" \/><\/a><\/div><div class=\"rl-gallery-item\"><a href=\"https:\/\/sbt.ug.edu.pl\/wp-content\/uploads\/2019\/07\/2.-Dunes-in-Nida-R7.-A24.jpg\" title=\"2. Dunes in Nida; author: Kontis \u0160at\u016bnas; License: CC\" data-rl_title=\"2. Dunes in Nida; author: Kontis \u0160at\u016bnas; License: CC\" class=\"rl-gallery-link\" data-rl_caption=\"\" data-rel=\"lightbox-gallery-1\"><img src=\"https:\/\/sbt.ug.edu.pl\/wp-content\/uploads\/2019\/07\/2.-Dunes-in-Nida-R7.-A24-768x500.jpg\" width=\"640\" height=\"417\" alt=\"\" \/><\/a><\/div><div class=\"rl-gallery-item\"><a href=\"https:\/\/sbt.ug.edu.pl\/wp-content\/uploads\/2019\/07\/3.-Curonian-Spit-R7.-A24.jpg\" title=\"3. Curonian Spit; author: A. Savin; License: Free Art License\" data-rl_title=\"3. Curonian Spit; author: A. Savin; License: Free Art License\" class=\"rl-gallery-link\" data-rl_caption=\"\" data-rel=\"lightbox-gallery-1\"><img src=\"https:\/\/sbt.ug.edu.pl\/wp-content\/uploads\/2019\/07\/3.-Curonian-Spit-R7.-A24-768x480.jpg\" width=\"640\" height=\"400\" alt=\"\" \/><\/a><\/div><div class=\"rl-gallery-item\"><a href=\"https:\/\/sbt.ug.edu.pl\/wp-content\/uploads\/2019\/07\/4.-Curonian-Spit-R7.-A24.jpg\" title=\"4. Curonian Spit; author: Laima G\u016btmane; License: CA BY 3.0\" data-rl_title=\"4. Curonian Spit; author: Laima G\u016btmane; License: CA BY 3.0\" class=\"rl-gallery-link\" data-rl_caption=\"\" data-rel=\"lightbox-gallery-1\"><img src=\"https:\/\/sbt.ug.edu.pl\/wp-content\/uploads\/2019\/07\/4.-Curonian-Spit-R7.-A24-768x512.jpg\" width=\"640\" height=\"427\" alt=\"\" \/><\/a><\/div><div class=\"rl-gallery-item\"><a href=\"https:\/\/sbt.ug.edu.pl\/wp-content\/uploads\/2019\/07\/5.-Historical-House-Curonial-Spit-R7.-A24.jpg\" title=\"5. Historical House Curonial Spit; author: Unknown; License: CA0\" data-rl_title=\"5. Historical House Curonial Spit; author: Unknown; License: CA0\" class=\"rl-gallery-link\" data-rl_caption=\"\" data-rel=\"lightbox-gallery-1\"><img src=\"https:\/\/sbt.ug.edu.pl\/wp-content\/uploads\/2019\/07\/5.-Historical-House-Curonial-Spit-R7.-A24-768x508.jpg\" width=\"640\" height=\"423\" alt=\"\" \/><\/a><\/div><div class=\"rl-gallery-item\"><a href=\"https:\/\/sbt.ug.edu.pl\/wp-content\/uploads\/2019\/07\/6.-Historical-House-Curonial-Spit-R7.-A24.jpg\" title=\"6. Historical House Curonial Spit; author: Unknown; License: CA0\" data-rl_title=\"6. Historical House Curonial Spit; author: Unknown; License: CA0\" class=\"rl-gallery-link\" data-rl_caption=\"\" data-rel=\"lightbox-gallery-1\"><img src=\"https:\/\/sbt.ug.edu.pl\/wp-content\/uploads\/2019\/07\/6.-Historical-House-Curonial-Spit-R7.-A24-768x472.jpg\" width=\"640\" height=\"393\" alt=\"\" \/><\/a><\/div><div class=\"rl-gallery-item\"><a href=\"https:\/\/sbt.ug.edu.pl\/wp-content\/uploads\/2019\/07\/7.-Nida-Curonian-Spit-R7.-A24.jpg\" title=\"7. Nida Curonian Spit; author: Kawa; License: Free for comercial use\" data-rl_title=\"7. Nida Curonian Spit; author: Kawa; License: Free for comercial use\" class=\"rl-gallery-link\" data-rl_caption=\"\" data-rel=\"lightbox-gallery-1\"><img src=\"https:\/\/sbt.ug.edu.pl\/wp-content\/uploads\/2019\/07\/7.-Nida-Curonian-Spit-R7.-A24-768x508.jpg\" width=\"640\" height=\"423\" alt=\"\" \/><\/a><\/div><div class=\"rl-gallery-item\"><a href=\"https:\/\/sbt.ug.edu.pl\/wp-content\/uploads\/2019\/07\/8.-Curonian-Spit-map-R7.-A24.png\" title=\"8. Curonian Spit - map; author: H. Padleckas; License: CA BY 3.0\" data-rl_title=\"8. Curonian Spit - map; author: H. Padleckas; License: CA BY 3.0\" class=\"rl-gallery-link\" data-rl_caption=\"\" data-rel=\"lightbox-gallery-1\"><img src=\"https:\/\/sbt.ug.edu.pl\/wp-content\/uploads\/2019\/07\/8.-Curonian-Spit-map-R7.-A24.png\" width=\"640\" height=\"905\" alt=\"\" \/><\/a><\/div> <\/div> <\/div><\/code><\/p>\n<p><a href=\"https:\/\/southbaltic-tourist.eu\/wp-content\/uploads\/2019\/08\/Photos-sources-data-R7.pdf\">Photos sources data R7<\/a> <\/p>","protected":false},"excerpt":{"rendered":"<p>Atsipra\u0161ome, \u0161is puslapis galimas tik Jungtini\u0173 Valstij\u0173 Angl\u0173. For the sake of viewer convenience, the content is shown below in the alternative language. You may click the link to switch the active language. LOCATION Stretching from Sambian peninsula in the South to Lithuanian port city of Klaipeda in the North, the Curonian Spit is a [&hellip;]<\/p>\n","protected":false},"author":3,"featured_media":0,"parent":488,"menu_order":0,"comment_status":"closed","ping_status":"closed","template":"","meta":[],"categories":[34,15,19,30],"tags":[],"_links":{"self":[{"href":"https:\/\/sbt.ug.edu.pl\/lt\/wp-json\/wp\/v2\/pages\/2991"}],"collection":[{"href":"https:\/\/sbt.ug.edu.pl\/lt\/wp-json\/wp\/v2\/pages"}],"about":[{"href":"https:\/\/sbt.ug.edu.pl\/lt\/wp-json\/wp\/v2\/types\/page"}],"author":[{"embeddable":true,"href":"https:\/\/sbt.ug.edu.pl\/lt\/wp-json\/wp\/v2\/users\/3"}],"replies":[{"embeddable":true,"href":"https:\/\/sbt.ug.edu.pl\/lt\/wp-json\/wp\/v2\/comments?post=2991"}],"version-history":[{"count":5,"href":"https:\/\/sbt.ug.edu.pl\/lt\/wp-json\/wp\/v2\/pages\/2991\/revisions"}],"predecessor-version":[{"id":4550,"href":"https:\/\/sbt.ug.edu.pl\/lt\/wp-json\/wp\/v2\/pages\/2991\/revisions\/4550"}],"up":[{"embeddable":true,"href":"https:\/\/sbt.ug.edu.pl\/lt\/wp-json\/wp\/v2\/pages\/488"}],"wp:attachment":[{"href":"https:\/\/sbt.ug.edu.pl\/lt\/wp-json\/wp\/v2\/media?parent=2991"}],"wp:term":[{"taxonomy":"category","embeddable":true,"href":"https:\/\/sbt.ug.edu.pl\/lt\/wp-json\/wp\/v2\/categories?post=2991"},{"taxonomy":"post_tag","embeddable":true,"href":"https:\/\/sbt.ug.edu.pl\/lt\/wp-json\/wp\/v2\/tags?post=2991"}],"curies":[{"name":"wp","href":"https:\/\/api.w.org\/{rel}","templated":true}]}}