{"id":305,"date":"2018-11-19T19:51:41","date_gmt":"2018-11-19T18:51:41","guid":{"rendered":"http:\/\/southbaltic-tourist.eu\/?page_id=305"},"modified":"2021-06-10T15:56:50","modified_gmt":"2021-06-10T14:56:50","slug":"6-rodvik-and-stevns-klint-zealand","status":"publish","type":"page","link":"https:\/\/sbt.ug.edu.pl\/lt\/routes\/windsurfing-exploration\/6-rodvik-and-stevns-klint-zealand\/","title":{"rendered":"(English) 6. R\u00d8DVIG AND STEVNS KLINT (ZEALAND)"},"content":{"rendered":"<p class=\"qtranxs-available-languages-message qtranxs-available-languages-message-lt\">Atsipra\u0161ome, \u0161is puslapis galimas tik <a href=\"https:\/\/sbt.ug.edu.pl\/en\/wp-json\/wp\/v2\/pages\/305\" class=\"qtranxs-available-language-link qtranxs-available-language-link-en\" title=\"English\">Jungtini\u0173 Valstij\u0173 Angl\u0173<\/a>, <a href=\"https:\/\/sbt.ug.edu.pl\/de\/wp-json\/wp\/v2\/pages\/305\" class=\"qtranxs-available-language-link qtranxs-available-language-link-de\" title=\"Deutsch\">Vokie\u010di\u0173<\/a> ir <a href=\"https:\/\/sbt.ug.edu.pl\/pl\/wp-json\/wp\/v2\/pages\/305\" class=\"qtranxs-available-language-link qtranxs-available-language-link-pl\" title=\"Polski\">Lenk\u0173<\/a>. For the sake of viewer convenience, the content is shown below in this site default language. You may click one of the links to switch the site language to another available language.<\/p><p><\/p>\n<p style=\"text-align: justify;\"><strong>LOCATION<\/strong><\/p>\n<p style=\"text-align: justify;\">R\u00f8dvig town is located on the east coast of Zealand Island in Denmark and is a starting point for seeing the sights of Stevns Klint. Zealand Island is accessible from Germany by two ferry connections \u2013 Gedser-Warnem\u00fcnde and R\u00f8dby-Puttgarten. The town is also connected to the main Danish railway system and has road connections to Copenhagen, Malmo and the Jutland Peninsula. Additionally, there are ferries from Poland and Lithuania that dock in Sweden and from there plenty of road or rail options to R\u00f8dvig. The surfing spot itself is located to the northeast of the town. The geographical location is 55\u00b015\u2032N\u00a012\u00b023\u2032E (marina).<\/p>\n<p>&nbsp;<\/p>\n<p><img decoding=\"async\" loading=\"lazy\" class=\"alignleft wp-image-306\" src=\"https:\/\/southbaltic-tourist.eu\/wp-content\/uploads\/2018\/11\/6.1.png\" alt=\"\" width=\"459\" height=\"300\" srcset=\"https:\/\/sbt.ug.edu.pl\/wp-content\/uploads\/2018\/11\/6.1.png 717w, https:\/\/sbt.ug.edu.pl\/wp-content\/uploads\/2018\/11\/6.1-300x196.png 300w\" sizes=\"(max-width: 459px) 100vw, 459px\" \/><\/p>\n<p><a href=\"https:\/\/southbaltic-tourist.eu\/wp-content\/uploads\/2020\/01\/r1a6_Rodvig_Surfing_slim.png\" data-rel=\"lightbox-gallery-jEmHETB9\" data-rl_title=\"\" data-rl_caption=\"\" title=\"\">\u00a0 \u00a0 \u00a0 \u00a0<\/a><a href=\"https:\/\/southbaltic-tourist.eu\/wp-content\/uploads\/2020\/01\/r1a6_Rodvig_Surfing_slim.png\" data-rel=\"lightbox-gallery-jEmHETB9\" data-rl_title=\"\" data-rl_caption=\"\" title=\"\"><img decoding=\"async\" loading=\"lazy\" class=\"alignnone wp-image-5117\" src=\"https:\/\/southbaltic-tourist.eu\/wp-content\/uploads\/2020\/01\/r1a6_Rodvig_Surfing_slim-300x174.png\" alt=\"\" width=\"517\" height=\"300\" srcset=\"https:\/\/sbt.ug.edu.pl\/wp-content\/uploads\/2020\/01\/r1a6_Rodvig_Surfing_slim-300x174.png 300w, https:\/\/sbt.ug.edu.pl\/wp-content\/uploads\/2020\/01\/r1a6_Rodvig_Surfing_slim-1024x594.png 1024w, https:\/\/sbt.ug.edu.pl\/wp-content\/uploads\/2020\/01\/r1a6_Rodvig_Surfing_slim-768x445.png 768w, https:\/\/sbt.ug.edu.pl\/wp-content\/uploads\/2020\/01\/r1a6_Rodvig_Surfing_slim-1536x891.png 1536w, https:\/\/sbt.ug.edu.pl\/wp-content\/uploads\/2020\/01\/r1a6_Rodvig_Surfing_slim-150x87.png 150w, https:\/\/sbt.ug.edu.pl\/wp-content\/uploads\/2020\/01\/r1a6_Rodvig_Surfing_slim.png 1600w\" sizes=\"(max-width: 517px) 100vw, 517px\" \/><\/a><\/p>\n<p><a href=\"https:\/\/www.google.pl\/maps\/place\/4673+R%C3%B8dvig+Stevns,+Dania\/@55.2606438,12.324186,13z\/data=!3m1!4b1!4m5!3m4!1s0x4652e1076a242831:0x279a10cc7495bea4!8m2!3d55.2604623!4d12.3475555\" target=\"_blank\" rel=\"noopener noreferrer\">View on Google Maps<\/a><\/p>\n<p style=\"text-align: justify;\"><strong>R\u00d8DVIG SURFING HOTSPOT<\/strong><\/p>\n<p style=\"text-align: justify;\">R\u00f8dvig\u2019s coastal area is considered to be one of the windiest places on the Baltic coast of Denmark. Being a lively tourist location and active fishery port, R\u00f8dvig town is an excellent point to start wandering along the cliffs, which can be accessed from above, as well as from sea level. These cliffs are up to 40 metres tall and are made of eroded white chalk, which gives the cliffs their eye-catching colour. In 2014 Stevns Klint was designated as a UNESCO Heritage Site. For a long time, its chalk was exploited for local economic gain. The cliffs here are made of a special material \u2013 bryozoan chalk, which is resistant to the shocks from both nuclear and conventional weapons \u2013 and therefore it is a home to a Cold War museum.<\/p>\n<p style=\"text-align: justify;\">Another place of interest in this area is H\u00f8jerup Church, which was built in around 1200. Tragically, a section of it collapsed into the sea in 1928.<\/p>\n<p style=\"text-align: justify;\"><strong>ATTRACTIONS <\/strong><\/p>\n<p style=\"text-align: justify;\">R\u00f8dvig town is located in southern Zealand and is a starting point for sightseeing of\u00a0 Stevns Klint. This region offers numerous attractions, including wineries and vineyards, historic churches., includesa also white cliffs of island M\u00f8ns, museums, animal safari, zoo, a theme park and historic sites including a WWI fortress. Agricultural landscape dominates the island, there are a couple of historic towns, there are picturesque harbours and numerous walking and biking trails. On the island you can find many white sandy beaches and the coastal waters are shallow and safe. At the end of an active day there is plenty of food and accommodation to choose from.<\/p>\n<h2 style=\"text-align: justify;\"><strong>Move to Attractions bellow or -&gt;<a href=\"https:\/\/southbaltic-tourist.eu\/routes\/windsurfing-exploration\/7-mon-cliffs\/\">Move to Attraction No. 7<\/a><\/strong><\/h2>\n<p><code><div class=\"rl-gallery-container rl-loading\" id=\"rl-gallery-container-1\" data-gallery_id=\"1185\"> <div class=\"rl-gallery rl-basicgrid-gallery \" id=\"rl-gallery-1\" data-gallery_no=\"1\"> <div class=\"rl-gallery-item\"><a href=\"https:\/\/sbt.ug.edu.pl\/wp-content\/uploads\/2019\/07\/1.-Stevns-Cliff-R2.A6..jpg\" title=\"1. Stevns Cliff, author: Przemyslaw Kulawczuk \/ BHR\" data-rl_title=\"1. Stevns Cliff, author: Przemyslaw Kulawczuk \/ BHR\" class=\"rl-gallery-link\" data-rl_caption=\"\" data-rel=\"lightbox-gallery-1\"><img src=\"https:\/\/sbt.ug.edu.pl\/wp-content\/uploads\/2019\/07\/1.-Stevns-Cliff-R2.A6.-768x512.jpg\" width=\"640\" height=\"427\" alt=\"\" \/><\/a><\/div><div class=\"rl-gallery-item\"><a href=\"https:\/\/sbt.ug.edu.pl\/wp-content\/uploads\/2019\/07\/2.-Rodvik-marina-R2.A6..jpg\" title=\"2. Rodvik marina, author: Przemyslaw Kulawczuk \/ BHR\" data-rl_title=\"2. Rodvik marina, author: Przemyslaw Kulawczuk \/ BHR\" class=\"rl-gallery-link\" data-rl_caption=\"\" data-rel=\"lightbox-gallery-1\"><img src=\"https:\/\/sbt.ug.edu.pl\/wp-content\/uploads\/2019\/07\/2.-Rodvik-marina-R2.A6.-768x512.jpg\" width=\"640\" height=\"427\" alt=\"\" \/><\/a><\/div><div class=\"rl-gallery-item\"><a href=\"https:\/\/sbt.ug.edu.pl\/wp-content\/uploads\/2019\/07\/3.-Sea-waters-near-Stevns-Cliff-R2.A6..jpg\" title=\"3. Sea waters near Stevns Cliff, author: Przemyslaw Kulawczuk \/ BHR\" data-rl_title=\"3. Sea waters near Stevns Cliff, author: Przemyslaw Kulawczuk \/ BHR\" class=\"rl-gallery-link\" data-rl_caption=\"\" data-rel=\"lightbox-gallery-1\"><img src=\"https:\/\/sbt.ug.edu.pl\/wp-content\/uploads\/2019\/07\/3.-Sea-waters-near-Stevns-Cliff-R2.A6.-768x512.jpg\" width=\"640\" height=\"427\" alt=\"\" \/><\/a><\/div><div class=\"rl-gallery-item\"><a href=\"https:\/\/sbt.ug.edu.pl\/wp-content\/uploads\/2019\/07\/4.-Old-Church-on-the-Stevns-Cliff-R2.A6..jpg\" title=\"4. Old Church on the Stevns Cliff, author: Przemyslaw Kulawczuk \/ BHR\" data-rl_title=\"4. Old Church on the Stevns Cliff, author: Przemyslaw Kulawczuk \/ BHR\" class=\"rl-gallery-link\" data-rl_caption=\"\" data-rel=\"lightbox-gallery-1\"><img src=\"https:\/\/sbt.ug.edu.pl\/wp-content\/uploads\/2019\/07\/4.-Old-Church-on-the-Stevns-Cliff-R2.A6.-768x512.jpg\" width=\"640\" height=\"427\" alt=\"\" \/><\/a><\/div><div class=\"rl-gallery-item\"><a href=\"https:\/\/sbt.ug.edu.pl\/wp-content\/uploads\/2019\/07\/5.-Stevns-Cliff-view-R2.A6..jpg\" title=\"5. Stevns Cliff view, author: Przemyslaw Kulawczuk \/ BHR\" data-rl_title=\"5. Stevns Cliff view, author: Przemyslaw Kulawczuk \/ BHR\" class=\"rl-gallery-link\" data-rl_caption=\"\" data-rel=\"lightbox-gallery-1\"><img src=\"https:\/\/sbt.ug.edu.pl\/wp-content\/uploads\/2019\/07\/5.-Stevns-Cliff-view-R2.A6.-768x512.jpg\" width=\"640\" height=\"427\" alt=\"\" \/><\/a><\/div><div class=\"rl-gallery-item\"><a href=\"https:\/\/sbt.ug.edu.pl\/wp-content\/uploads\/2019\/07\/6.-Stevns-Cliff-view-R2.A6..jpg\" title=\"6. Stevns Cliff view, author: Przemyslaw Kulawczuk \/ BHR\" data-rl_title=\"6. Stevns Cliff view, author: Przemyslaw Kulawczuk \/ BHR\" class=\"rl-gallery-link\" data-rl_caption=\"\" data-rel=\"lightbox-gallery-1\"><img src=\"https:\/\/sbt.ug.edu.pl\/wp-content\/uploads\/2019\/07\/6.-Stevns-Cliff-view-R2.A6.-768x512.jpg\" width=\"640\" height=\"427\" alt=\"\" \/><\/a><\/div><div class=\"rl-gallery-item\"><a href=\"https:\/\/sbt.ug.edu.pl\/wp-content\/uploads\/2019\/07\/7.-Stevns-Cliff-view-R2A6..jpg\" title=\"7. Stevns Cliff view, author: Przemyslaw Kulawczuk \/ BHR\" data-rl_title=\"7. Stevns Cliff view, author: Przemyslaw Kulawczuk \/ BHR\" class=\"rl-gallery-link\" data-rl_caption=\"\" data-rel=\"lightbox-gallery-1\"><img src=\"https:\/\/sbt.ug.edu.pl\/wp-content\/uploads\/2019\/07\/7.-Stevns-Cliff-view-R2A6.-768x512.jpg\" width=\"640\" height=\"427\" alt=\"\" \/><\/a><\/div><div class=\"rl-gallery-item\"><a href=\"https:\/\/sbt.ug.edu.pl\/wp-content\/uploads\/2019\/07\/8.-Stevns-Cliff-view-R2.A6..jpg\" title=\"8. Stevns Cliff view, author: Przemyslaw Kulawczuk \/ BHR\" data-rl_title=\"8. Stevns Cliff view, author: Przemyslaw Kulawczuk \/ BHR\" class=\"rl-gallery-link\" data-rl_caption=\"\" data-rel=\"lightbox-gallery-1\"><img src=\"https:\/\/sbt.ug.edu.pl\/wp-content\/uploads\/2019\/07\/8.-Stevns-Cliff-view-R2.A6.-768x512.jpg\" width=\"640\" height=\"427\" alt=\"\" \/><\/a><\/div><div class=\"rl-gallery-item\"><a href=\"https:\/\/sbt.ug.edu.pl\/wp-content\/uploads\/2019\/07\/9.-Historic-Church-on-the-cliff-R2.A6..jpg\" title=\"9. Historic Church on the cliff, author: Przemyslaw Kulawczuk \/ BHR\" data-rl_title=\"9. Historic Church on the cliff, author: Przemyslaw Kulawczuk \/ BHR\" class=\"rl-gallery-link\" data-rl_caption=\"\" data-rel=\"lightbox-gallery-1\"><img src=\"https:\/\/sbt.ug.edu.pl\/wp-content\/uploads\/2019\/07\/9.-Historic-Church-on-the-cliff-R2.A6.-768x512.jpg\" width=\"640\" height=\"427\" alt=\"\" \/><\/a><\/div><div class=\"rl-gallery-item\"><a href=\"https:\/\/sbt.ug.edu.pl\/wp-content\/uploads\/2019\/07\/10.-Stevns-Cliff-view-R2.A6..jpg\" title=\"10. Stevns Cliff view, author: Przemyslaw Kulawczuk \/ BHR\" data-rl_title=\"10. Stevns Cliff view, author: Przemyslaw Kulawczuk \/ BHR\" class=\"rl-gallery-link\" data-rl_caption=\"\" data-rel=\"lightbox-gallery-1\"><img src=\"https:\/\/sbt.ug.edu.pl\/wp-content\/uploads\/2019\/07\/10.-Stevns-Cliff-view-R2.A6.-768x512.jpg\" width=\"640\" height=\"427\" alt=\"\" \/><\/a><\/div><div class=\"rl-gallery-item\"><a href=\"https:\/\/sbt.ug.edu.pl\/wp-content\/uploads\/2019\/07\/11.-Stevns-Cliff-stairs-to-the-beach-R2.A6..jpg\" title=\"11. Stevns Cliff, stairs to the beach, author: Przemyslaw Kulawczuk \/ BHR\" data-rl_title=\"11. Stevns Cliff, stairs to the beach, author: Przemyslaw Kulawczuk \/ BHR\" class=\"rl-gallery-link\" data-rl_caption=\"\" data-rel=\"lightbox-gallery-1\"><img src=\"https:\/\/sbt.ug.edu.pl\/wp-content\/uploads\/2019\/07\/11.-Stevns-Cliff-stairs-to-the-beach-R2.A6.-768x512.jpg\" width=\"640\" height=\"427\" alt=\"\" \/><\/a><\/div><div class=\"rl-gallery-item\"><a href=\"https:\/\/sbt.ug.edu.pl\/wp-content\/uploads\/2019\/07\/11.jpg\" title=\"\" data-rl_title=\"\" class=\"rl-gallery-link\" data-rl_caption=\"\" data-rel=\"lightbox-gallery-1\"><img src=\"https:\/\/sbt.ug.edu.pl\/wp-content\/uploads\/2019\/07\/11-768x512.jpg\" width=\"640\" height=\"427\" alt=\"\" \/><\/a><\/div><div class=\"rl-gallery-item\"><a href=\"https:\/\/sbt.ug.edu.pl\/wp-content\/uploads\/2019\/07\/12.-Fishing-in-the-sea-R2.A6..jpg\" title=\"12. Fishing in the sea, author: Przemyslaw Kulawczuk \/ BHR\" data-rl_title=\"12. Fishing in the sea, author: Przemyslaw Kulawczuk \/ BHR\" class=\"rl-gallery-link\" data-rl_caption=\"\" data-rel=\"lightbox-gallery-1\"><img src=\"https:\/\/sbt.ug.edu.pl\/wp-content\/uploads\/2019\/07\/12.-Fishing-in-the-sea-R2.A6.-768x512.jpg\" width=\"640\" height=\"427\" alt=\"\" \/><\/a><\/div><div class=\"rl-gallery-item\"><a href=\"https:\/\/sbt.ug.edu.pl\/wp-content\/uploads\/2019\/07\/13.-Stevns-Cliff-view-R2.A6..jpg\" title=\"13. Stevns Cliff view, author: Przemyslaw Kulawczuk \/ BHR\" data-rl_title=\"13. Stevns Cliff view, author: Przemyslaw Kulawczuk \/ BHR\" class=\"rl-gallery-link\" data-rl_caption=\"\" data-rel=\"lightbox-gallery-1\"><img src=\"https:\/\/sbt.ug.edu.pl\/wp-content\/uploads\/2019\/07\/13.-Stevns-Cliff-view-R2.A6.-768x512.jpg\" width=\"640\" height=\"427\" alt=\"\" \/><\/a><\/div><div class=\"rl-gallery-item\"><a href=\"https:\/\/sbt.ug.edu.pl\/wp-content\/uploads\/2019\/07\/14.-Sea-view-from-the-beach-R2.A6..jpg\" title=\"14. Sea view from the, beach, author: Przemyslaw Kulawczuk \/ BHR\" data-rl_title=\"14. Sea view from the, beach, author: Przemyslaw Kulawczuk \/ BHR\" class=\"rl-gallery-link\" data-rl_caption=\"\" data-rel=\"lightbox-gallery-1\"><img src=\"https:\/\/sbt.ug.edu.pl\/wp-content\/uploads\/2019\/07\/14.-Sea-view-from-the-beach-R2.A6.-768x512.jpg\" width=\"640\" height=\"427\" alt=\"\" \/><\/a><\/div><div class=\"rl-gallery-item\"><a href=\"https:\/\/sbt.ug.edu.pl\/wp-content\/uploads\/2019\/07\/15.-Flint-oven-in-Rodvik-R2.A6..jpg\" title=\"15. Flint oven in Rodvik, author: Przemyslaw Kulawczuk \/ BHR\" data-rl_title=\"15. Flint oven in Rodvik, author: Przemyslaw Kulawczuk \/ BHR\" class=\"rl-gallery-link\" data-rl_caption=\"\" data-rel=\"lightbox-gallery-1\"><img src=\"https:\/\/sbt.ug.edu.pl\/wp-content\/uploads\/2019\/07\/15.-Flint-oven-in-Rodvik-R2.A6.-768x512.jpg\" width=\"640\" height=\"427\" alt=\"\" \/><\/a><\/div><div class=\"rl-gallery-item\"><a href=\"https:\/\/sbt.ug.edu.pl\/wp-content\/uploads\/2019\/07\/16.-Marina-in-Rodvik-R2.A6..jpg\" title=\"16. Marina in Rodvik, author: Przemyslaw Kulawczuk \/ BHR\" data-rl_title=\"16. Marina in Rodvik, author: Przemyslaw Kulawczuk \/ BHR\" class=\"rl-gallery-link\" data-rl_caption=\"\" data-rel=\"lightbox-gallery-1\"><img src=\"https:\/\/sbt.ug.edu.pl\/wp-content\/uploads\/2019\/07\/16.-Marina-in-Rodvik-R2.A6.-768x512.jpg\" width=\"640\" height=\"427\" alt=\"\" \/><\/a><\/div><div class=\"rl-gallery-item\"><a href=\"https:\/\/sbt.ug.edu.pl\/wp-content\/uploads\/2019\/07\/17.-Marina-in-Rodvik-R2.A6..jpg\" title=\"17. Marina in Rodvik, author: Przemyslaw Kulawczuk \/ BHR\" data-rl_title=\"17. Marina in Rodvik, author: Przemyslaw Kulawczuk \/ BHR\" class=\"rl-gallery-link\" data-rl_caption=\"\" data-rel=\"lightbox-gallery-1\"><img src=\"https:\/\/sbt.ug.edu.pl\/wp-content\/uploads\/2019\/07\/17.-Marina-in-Rodvik-R2.A6.-768x512.jpg\" width=\"640\" height=\"427\" alt=\"\" \/><\/a><\/div><div class=\"rl-gallery-item\"><a href=\"https:\/\/sbt.ug.edu.pl\/wp-content\/uploads\/2019\/07\/18.-Marina-in-Rodvik-R2.A6..jpg\" title=\"18. Marina in Rodvik, author: Przemyslaw Kulawczuk \/ BHR\" data-rl_title=\"18. Marina in Rodvik, author: Przemyslaw Kulawczuk \/ BHR\" class=\"rl-gallery-link\" data-rl_caption=\"\" data-rel=\"lightbox-gallery-1\"><img src=\"https:\/\/sbt.ug.edu.pl\/wp-content\/uploads\/2019\/07\/18.-Marina-in-Rodvik-R2.A6.-768x512.jpg\" width=\"640\" height=\"427\" alt=\"\" \/><\/a><\/div><div class=\"rl-gallery-item\"><a href=\"https:\/\/sbt.ug.edu.pl\/wp-content\/uploads\/2019\/07\/19.-Rodvik-shipyard-R2.A6..jpg\" title=\"19. Rodvik shipyard, author: Przemyslaw Kulawczuk \/ BHR, University of Gdansk\" data-rl_title=\"19. Rodvik shipyard, author: Przemyslaw Kulawczuk \/ BHR, University of Gdansk\" class=\"rl-gallery-link\" data-rl_caption=\"\" data-rel=\"lightbox-gallery-1\"><img src=\"https:\/\/sbt.ug.edu.pl\/wp-content\/uploads\/2019\/07\/19.-Rodvik-shipyard-R2.A6.-768x512.jpg\" width=\"640\" height=\"427\" alt=\"\" \/><\/a><\/div><div class=\"rl-gallery-item\"><a href=\"https:\/\/sbt.ug.edu.pl\/wp-content\/uploads\/2019\/07\/20.-Marina-in-Rodvik-R2.A6.jpg\" title=\"20. Marina in Rodvik, author: Przemyslaw Kulawczuk \/ BHR, University of Gdansk\" data-rl_title=\"20. Marina in Rodvik, author: Przemyslaw Kulawczuk \/ BHR, University of Gdansk\" class=\"rl-gallery-link\" data-rl_caption=\"\" data-rel=\"lightbox-gallery-1\"><img src=\"https:\/\/sbt.ug.edu.pl\/wp-content\/uploads\/2019\/07\/20.-Marina-in-Rodvik-R2.A6-768x512.jpg\" width=\"640\" height=\"427\" alt=\"\" \/><\/a><\/div><div class=\"rl-gallery-item\"><a href=\"https:\/\/sbt.ug.edu.pl\/wp-content\/uploads\/2019\/07\/21.-Marina-in-Rodvik-R2.A6..jpg\" title=\"21. Marina in Rodvik, author: Przemyslaw Kulawczuk \/ BHR\" data-rl_title=\"21. Marina in Rodvik, author: Przemyslaw Kulawczuk \/ BHR\" class=\"rl-gallery-link\" data-rl_caption=\"\" data-rel=\"lightbox-gallery-1\"><img src=\"https:\/\/sbt.ug.edu.pl\/wp-content\/uploads\/2019\/07\/21.-Marina-in-Rodvik-R2.A6.-768x512.jpg\" width=\"640\" height=\"427\" alt=\"\" \/><\/a><\/div><div class=\"rl-gallery-item\"><a href=\"https:\/\/sbt.ug.edu.pl\/wp-content\/uploads\/2019\/07\/22.-Lunch-menu-in-Marina-cafe-R2.A6..jpg\" title=\"22. Lunch menu in Marina cafe, author: Przemyslaw Kulawczuk \/ BHR\" data-rl_title=\"22. Lunch menu in Marina cafe, author: Przemyslaw Kulawczuk \/ BHR\" class=\"rl-gallery-link\" data-rl_caption=\"\" data-rel=\"lightbox-gallery-1\"><img src=\"https:\/\/sbt.ug.edu.pl\/wp-content\/uploads\/2019\/07\/22.-Lunch-menu-in-Marina-cafe-R2.A6.-768x512.jpg\" width=\"640\" height=\"427\" alt=\"\" \/><\/a><\/div> <\/div> <\/div><\/code><\/p>\n<h1><\/h1>\n<p>&nbsp;<\/p>","protected":false},"excerpt":{"rendered":"<p>Atsipra\u0161ome, \u0161is puslapis galimas tik Jungtini\u0173 Valstij\u0173 Angl\u0173, Vokie\u010di\u0173 ir Lenk\u0173. For the sake of viewer convenience, the content is shown below in this site default language. You may click one of the links to switch the site language to another available language. LOCATION R\u00f8dvig town is located on the east coast of Zealand Island [&hellip;]<\/p>\n","protected":false},"author":1,"featured_media":0,"parent":174,"menu_order":0,"comment_status":"closed","ping_status":"closed","template":"","meta":[],"categories":[34,12,9],"tags":[],"_links":{"self":[{"href":"https:\/\/sbt.ug.edu.pl\/lt\/wp-json\/wp\/v2\/pages\/305"}],"collection":[{"href":"https:\/\/sbt.ug.edu.pl\/lt\/wp-json\/wp\/v2\/pages"}],"about":[{"href":"https:\/\/sbt.ug.edu.pl\/lt\/wp-json\/wp\/v2\/types\/page"}],"author":[{"embeddable":true,"href":"https:\/\/sbt.ug.edu.pl\/lt\/wp-json\/wp\/v2\/users\/1"}],"replies":[{"embeddable":true,"href":"https:\/\/sbt.ug.edu.pl\/lt\/wp-json\/wp\/v2\/comments?post=305"}],"version-history":[{"count":20,"href":"https:\/\/sbt.ug.edu.pl\/lt\/wp-json\/wp\/v2\/pages\/305\/revisions"}],"predecessor-version":[{"id":5807,"href":"https:\/\/sbt.ug.edu.pl\/lt\/wp-json\/wp\/v2\/pages\/305\/revisions\/5807"}],"up":[{"embeddable":true,"href":"https:\/\/sbt.ug.edu.pl\/lt\/wp-json\/wp\/v2\/pages\/174"}],"wp:attachment":[{"href":"https:\/\/sbt.ug.edu.pl\/lt\/wp-json\/wp\/v2\/media?parent=305"}],"wp:term":[{"taxonomy":"category","embeddable":true,"href":"https:\/\/sbt.ug.edu.pl\/lt\/wp-json\/wp\/v2\/categories?post=305"},{"taxonomy":"post_tag","embeddable":true,"href":"https:\/\/sbt.ug.edu.pl\/lt\/wp-json\/wp\/v2\/tags?post=305"}],"curies":[{"name":"wp","href":"https:\/\/api.w.org\/{rel}","templated":true}]}}