{"id":324,"date":"2018-11-19T20:05:33","date_gmt":"2018-11-19T19:05:33","guid":{"rendered":"http:\/\/southbaltic-tourist.eu\/?page_id=324"},"modified":"2021-06-10T16:00:04","modified_gmt":"2021-06-10T15:00:04","slug":"8-bornholm-surfhotspot","status":"publish","type":"page","link":"https:\/\/sbt.ug.edu.pl\/lt\/routes\/windsurfing-exploration\/8-bornholm-surfhotspot\/","title":{"rendered":"(English) 8. Bornholm Surfing Hotspot"},"content":{"rendered":"<p class=\"qtranxs-available-languages-message qtranxs-available-languages-message-lt\">Atsipra\u0161ome, \u0161is puslapis galimas tik <a href=\"https:\/\/sbt.ug.edu.pl\/en\/wp-json\/wp\/v2\/pages\/324\" class=\"qtranxs-available-language-link qtranxs-available-language-link-en\" title=\"English\">Jungtini\u0173 Valstij\u0173 Angl\u0173<\/a>, <a href=\"https:\/\/sbt.ug.edu.pl\/de\/wp-json\/wp\/v2\/pages\/324\" class=\"qtranxs-available-language-link qtranxs-available-language-link-de\" title=\"Deutsch\">Vokie\u010di\u0173<\/a> ir <a href=\"https:\/\/sbt.ug.edu.pl\/pl\/wp-json\/wp\/v2\/pages\/324\" class=\"qtranxs-available-language-link qtranxs-available-language-link-pl\" title=\"Polski\">Lenk\u0173<\/a>. For the sake of viewer convenience, the content is shown below in this site default language. You may click one of the links to switch the site language to another available language.<\/p><p><strong>LOCATION<\/strong><\/p>\n<p style=\"text-align: justify;\">The capital of the island is R<em>\u00f8<\/em>nne and this is most probably where you will start your exploration of Bornholm Island. Nevertheless, <em>the surfing hotspots are located in the eastern part of Bornholm, mostly in the <\/em>Eastwind watersports centre in Balka and on the Dueodde Strand. Both places are located around 30 kilometres from the island\u2019s capital. Bornholm Island can be accessed either by the ferry from Ystad (Sweden), K<em>\u00f8<\/em>ge (Zealand, Denmark) or Sassnitz (R\u00fcgen Island, Germany). In summertime there are direct ferries from \u015awinouj\u015bcie (Poland). At R<em>\u00f8nne<\/em> there is also a small airport which services flights to Copenhagen. The geographical location of Bornholm Island\u2019s capital R<em>\u00f8nne<\/em> is: 55\u00b006\u2032N\u00a014\u00b042\u2032E.<\/p>\n<p><img decoding=\"async\" loading=\"lazy\" class=\"wp-image-1332 alignleft\" src=\"https:\/\/southbaltic-tourist.eu\/wp-content\/uploads\/2019\/07\/1.-Windsurfing-on-the-sea-R2.A8.-1024x682.jpg\" alt=\"\" width=\"596\" height=\"397\" srcset=\"https:\/\/sbt.ug.edu.pl\/wp-content\/uploads\/2019\/07\/1.-Windsurfing-on-the-sea-R2.A8.-1024x682.jpg 1024w, https:\/\/sbt.ug.edu.pl\/wp-content\/uploads\/2019\/07\/1.-Windsurfing-on-the-sea-R2.A8.-300x200.jpg 300w, https:\/\/sbt.ug.edu.pl\/wp-content\/uploads\/2019\/07\/1.-Windsurfing-on-the-sea-R2.A8.-768x512.jpg 768w, https:\/\/sbt.ug.edu.pl\/wp-content\/uploads\/2019\/07\/1.-Windsurfing-on-the-sea-R2.A8.-150x100.jpg 150w, https:\/\/sbt.ug.edu.pl\/wp-content\/uploads\/2019\/07\/1.-Windsurfing-on-the-sea-R2.A8..jpg 1600w\" sizes=\"(max-width: 596px) 100vw, 596px\" \/><\/p>\n<p><a href=\"https:\/\/southbaltic-tourist.eu\/wp-content\/uploads\/2020\/01\/r1a8_Bornholm_Surfing_slim.png\" data-rel=\"lightbox-gallery-d46Y2qZV\" data-rl_title=\"\" data-rl_caption=\"\" title=\"\"><img decoding=\"async\" loading=\"lazy\" class=\"alignnone wp-image-5122\" src=\"https:\/\/southbaltic-tourist.eu\/wp-content\/uploads\/2020\/01\/r1a8_Bornholm_Surfing_slim-300x256.png\" alt=\"\" width=\"465\" height=\"397\" srcset=\"https:\/\/sbt.ug.edu.pl\/wp-content\/uploads\/2020\/01\/r1a8_Bornholm_Surfing_slim-300x256.png 300w, https:\/\/sbt.ug.edu.pl\/wp-content\/uploads\/2020\/01\/r1a8_Bornholm_Surfing_slim-1024x874.png 1024w, https:\/\/sbt.ug.edu.pl\/wp-content\/uploads\/2020\/01\/r1a8_Bornholm_Surfing_slim-768x655.png 768w, https:\/\/sbt.ug.edu.pl\/wp-content\/uploads\/2020\/01\/r1a8_Bornholm_Surfing_slim-1536x1310.png 1536w, https:\/\/sbt.ug.edu.pl\/wp-content\/uploads\/2020\/01\/r1a8_Bornholm_Surfing_slim-150x128.png 150w, https:\/\/sbt.ug.edu.pl\/wp-content\/uploads\/2020\/01\/r1a8_Bornholm_Surfing_slim.png 1600w\" sizes=\"(max-width: 465px) 100vw, 465px\" \/><\/a><\/p>\n<p><a href=\"https:\/\/www.google.pl\/maps\/search\/Balka+beach\/@55.0228726,15.0915295,12.25z\" target=\"_blank\" rel=\"noopener noreferrer\">View on Google Maps<\/a><\/p>\n<p><strong>BORNHOLM SURFING HOTSPOTS <\/strong><\/p>\n<p style=\"text-align: justify;\">The two main watersports locations are in the southeastern part of Bornholm. They are approximately half an hour\u2019s drive from R\u00f8nne. Both places possess broad white sandy beaches and their shallow waters are perfect for beginners to practise in. The places are east-oriented and have typically low flat waves but energetic winds. The Eastwind watersports centre in Balka is located near the quaint old fishing village of Snogeb\u00e6k.<\/p>\n<p style=\"text-align: justify;\">Dueodde Strand is the most famous beach on Bornholm. According to visitDenmark? the sand is ultra-fine and very inviting. The water is clear and clean with lots of sand bars, so there is both shallow and deep water close to shore. The beach stretches for several kilometres along both sides of the southern tip of the island.<\/p>\n<p style=\"text-align: justify;\"><strong>ATTRACTIONS <\/strong><\/p>\n<p style=\"text-align: justify;\">Bornholm Island offers plenty of attractions which can enrich your surfing holiday. They include such activities as biking, kayaking, hiking, birdwatching and sightseeing in nature reserves. The island has a couple of interesting museums, historic ruins, churches and windmills. Bornholm is always associated with picturesque small towns and villages, including fishermen villages and harbours &#8211; some palaces (places?) look like they are from the Middle Ages. The island\u2019s lack of industrialisation helps create the perfect atmosphere for a calm, relaxing break. The island is surrounded by diverse coasts, with broad beaches in the East and steeper coasts in the West and North.<\/p>\n<h2><strong>Move to Attractions bellow or -&gt;<a href=\"https:\/\/southbaltic-tourist.eu\/routes\/windsurfing-exploration\/9-bornholm-biking\/\">Move to Attraction No. 9<\/a><\/strong><\/h2>\n<p><code><div class=\"rl-gallery-container rl-loading\" id=\"rl-gallery-container-1\" data-gallery_id=\"1187\"> <div class=\"rl-gallery rl-basicgrid-gallery \" id=\"rl-gallery-1\" data-gallery_no=\"1\"> <div class=\"rl-gallery-item\"><a href=\"https:\/\/sbt.ug.edu.pl\/wp-content\/uploads\/2019\/07\/1.-Windsurfing-on-the-sea-R2.A8..jpg\" title=\"1. Windsurfing on the sea, author: Przemyslaw Kulawczuk \/ BHR\" data-rl_title=\"1. Windsurfing on the sea, author: Przemyslaw Kulawczuk \/ BHR\" class=\"rl-gallery-link\" data-rl_caption=\"\" data-rel=\"lightbox-gallery-1\"><img src=\"https:\/\/sbt.ug.edu.pl\/wp-content\/uploads\/2019\/07\/1.-Windsurfing-on-the-sea-R2.A8.-768x512.jpg\" width=\"640\" height=\"427\" alt=\"\" \/><\/a><\/div><div class=\"rl-gallery-item\"><a href=\"https:\/\/sbt.ug.edu.pl\/wp-content\/uploads\/2019\/07\/2.-Sunrise-in-Dueodde-Bornholm-R2.A8..jpg\" title=\"2. Sunrise in Dueodde, Bornholm, author: 7alaskan, https:\/\/www.panoramio.com\/photo\/7582040; Creative Commons Attribution-Share Alike 3.0 Unported\" data-rl_title=\"2. Sunrise in Dueodde, Bornholm, author: 7alaskan, https:\/\/www.panoramio.com\/photo\/7582040; Creative Commons Attribution-Share Alike 3.0 Unported\" class=\"rl-gallery-link\" data-rl_caption=\"\" data-rel=\"lightbox-gallery-1\"><img src=\"https:\/\/sbt.ug.edu.pl\/wp-content\/uploads\/2019\/07\/2.-Sunrise-in-Dueodde-Bornholm-R2.A8.-768x576.jpg\" width=\"640\" height=\"480\" alt=\"\" \/><\/a><\/div><div class=\"rl-gallery-item\"><a href=\"https:\/\/sbt.ug.edu.pl\/wp-content\/uploads\/2019\/07\/3.-Dueodde_Bornholm-R2.A8..jpg\" title=\"3. Dueodde, Bornholm, author: Klugschnacker, source: https:\/\/en.m.wikipedia.org\/wiki\/File:Dueodde,_Bornholm_(2012-07-09),_by_Klugschnacker_in_Wikipedia_(1).JPG, 09.07.2012, Creative Commons Attribution-Share Alike 3.0 Unported\" data-rl_title=\"3. Dueodde, Bornholm, author: Klugschnacker, source: https:\/\/en.m.wikipedia.org\/wiki\/File:Dueodde,_Bornholm_(2012-07-09),_by_Klugschnacker_in_Wikipedia_(1).JPG, 09.07.2012, Creative Commons Attribution-Share Alike 3.0 Unported\" class=\"rl-gallery-link\" data-rl_caption=\"\" data-rel=\"lightbox-gallery-1\"><img src=\"https:\/\/sbt.ug.edu.pl\/wp-content\/uploads\/2019\/07\/3.-Dueodde_Bornholm-R2.A8.-768x512.jpg\" width=\"640\" height=\"427\" alt=\"\" \/><\/a><\/div><div class=\"rl-gallery-item\"><a href=\"https:\/\/sbt.ug.edu.pl\/wp-content\/uploads\/2019\/07\/4.-Balka-Bornholm-R2.A8..jpg\" title=\"4. Balka, Bornholm, author: Hans-Peter Balfanz; source: https:\/\/commons.wikimedia.org\/wiki\/File:Balka_2011-09.JPG; Creative Commons Attribution-Share Alike 3.0 Unported.\" data-rl_title=\"4. Balka, Bornholm, author: Hans-Peter Balfanz; source: https:\/\/commons.wikimedia.org\/wiki\/File:Balka_2011-09.JPG; Creative Commons Attribution-Share Alike 3.0 Unported.\" class=\"rl-gallery-link\" data-rl_caption=\"\" data-rel=\"lightbox-gallery-1\"><img src=\"https:\/\/sbt.ug.edu.pl\/wp-content\/uploads\/2019\/07\/4.-Balka-Bornholm-R2.A8.-768x576.jpg\" width=\"640\" height=\"480\" alt=\"\" \/><\/a><\/div><div class=\"rl-gallery-item\"><a href=\"https:\/\/sbt.ug.edu.pl\/wp-content\/uploads\/2019\/07\/5.-Aakirkeby-R2.A8..jpg\" title=\"5. Aakirkeby, author: T.Przechlewski; source: https:\/\/www.panoramio.com\/photo\/56531753; 25.07.2011, Creative Commons Attribution-Share Alike 3.0 Unported.\" data-rl_title=\"5. Aakirkeby, author: T.Przechlewski; source: https:\/\/www.panoramio.com\/photo\/56531753; 25.07.2011, Creative Commons Attribution-Share Alike 3.0 Unported.\" class=\"rl-gallery-link\" data-rl_caption=\"\" data-rel=\"lightbox-gallery-1\"><img src=\"https:\/\/sbt.ug.edu.pl\/wp-content\/uploads\/2019\/07\/5.-Aakirkeby-R2.A8.-768x576.jpg\" width=\"640\" height=\"480\" alt=\"\" \/><\/a><\/div><div class=\"rl-gallery-item\"><a href=\"https:\/\/sbt.ug.edu.pl\/wp-content\/uploads\/2019\/07\/6.-Aakirkeby-R2.A8..jpg\" title=\"6. Aakirkeby, author: T. Przechlewski; source: https:\/\/www.panoramio.com\/photo\/56531602; 25.07.2011; Creative Commons Attribution-Share Alike 3.0 Unported.\" data-rl_title=\"6. Aakirkeby, author: T. Przechlewski; source: https:\/\/www.panoramio.com\/photo\/56531602; 25.07.2011; Creative Commons Attribution-Share Alike 3.0 Unported.\" class=\"rl-gallery-link\" data-rl_caption=\"\" data-rel=\"lightbox-gallery-1\"><img src=\"https:\/\/sbt.ug.edu.pl\/wp-content\/uploads\/2019\/07\/6.-Aakirkeby-R2.A8.-768x576.jpg\" width=\"640\" height=\"480\" alt=\"\" \/><\/a><\/div><div class=\"rl-gallery-item\"><a href=\"https:\/\/sbt.ug.edu.pl\/wp-content\/uploads\/2019\/07\/7.-Aakirkeby-market-day-R2.A8.jpg\" title=\"7. Aakirkeby market day, author: Hubertus, source: https:\/\/commons.wikimedia.org\/wiki\/File:Bornholm_-_Aakirkeby_-_markedsdag2.jpg; 10.08.2010; Creative Commons Attribution-Share Alike 3.0 Unported\" data-rl_title=\"7. Aakirkeby market day, author: Hubertus, source: https:\/\/commons.wikimedia.org\/wiki\/File:Bornholm_-_Aakirkeby_-_markedsdag2.jpg; 10.08.2010; Creative Commons Attribution-Share Alike 3.0 Unported\" class=\"rl-gallery-link\" data-rl_caption=\"\" data-rel=\"lightbox-gallery-1\"><img src=\"https:\/\/sbt.ug.edu.pl\/wp-content\/uploads\/2019\/07\/7.-Aakirkeby-market-day-R2.A8-768x576.jpg\" width=\"640\" height=\"480\" alt=\"\" \/><\/a><\/div><div class=\"rl-gallery-item\"><a href=\"https:\/\/sbt.ug.edu.pl\/wp-content\/uploads\/2019\/07\/8.-Bornholm-coast-R2A8..jpg\" title=\"8. Bornholm coast, author: Ma\u0142gorzata Mi\u0142aszewska; source: https:\/\/upload.wikimedia.org\/wikipedia\/commons\/0\/0c\/Wybrze\u017ce_Bornholmu.JPG; 07.2007; Creative Commons Attribution-Share Alike 3.0 Unported.\" data-rl_title=\"8. Bornholm coast, author: Ma\u0142gorzata Mi\u0142aszewska; source: https:\/\/upload.wikimedia.org\/wikipedia\/commons\/0\/0c\/Wybrze\u017ce_Bornholmu.JPG; 07.2007; Creative Commons Attribution-Share Alike 3.0 Unported.\" class=\"rl-gallery-link\" data-rl_caption=\"\" data-rel=\"lightbox-gallery-1\"><img src=\"https:\/\/sbt.ug.edu.pl\/wp-content\/uploads\/2019\/07\/8.-Bornholm-coast-R2A8.-768x514.jpg\" width=\"640\" height=\"428\" alt=\"\" \/><\/a><\/div> <\/div> <\/div><\/code><\/p>\n<p>&nbsp;<\/p>\n<p>&nbsp;<\/p>","protected":false},"excerpt":{"rendered":"<p>Atsipra\u0161ome, \u0161is puslapis galimas tik Jungtini\u0173 Valstij\u0173 Angl\u0173, Vokie\u010di\u0173 ir Lenk\u0173. For the sake of viewer convenience, the content is shown below in this site default language. You may click one of the links to switch the site language to another available language.LOCATION The capital of the island is R\u00f8nne and this is most probably [&hellip;]<\/p>\n","protected":false},"author":1,"featured_media":0,"parent":174,"menu_order":0,"comment_status":"closed","ping_status":"closed","template":"","meta":[],"categories":[34,12,9],"tags":[],"_links":{"self":[{"href":"https:\/\/sbt.ug.edu.pl\/lt\/wp-json\/wp\/v2\/pages\/324"}],"collection":[{"href":"https:\/\/sbt.ug.edu.pl\/lt\/wp-json\/wp\/v2\/pages"}],"about":[{"href":"https:\/\/sbt.ug.edu.pl\/lt\/wp-json\/wp\/v2\/types\/page"}],"author":[{"embeddable":true,"href":"https:\/\/sbt.ug.edu.pl\/lt\/wp-json\/wp\/v2\/users\/1"}],"replies":[{"embeddable":true,"href":"https:\/\/sbt.ug.edu.pl\/lt\/wp-json\/wp\/v2\/comments?post=324"}],"version-history":[{"count":14,"href":"https:\/\/sbt.ug.edu.pl\/lt\/wp-json\/wp\/v2\/pages\/324\/revisions"}],"predecessor-version":[{"id":5809,"href":"https:\/\/sbt.ug.edu.pl\/lt\/wp-json\/wp\/v2\/pages\/324\/revisions\/5809"}],"up":[{"embeddable":true,"href":"https:\/\/sbt.ug.edu.pl\/lt\/wp-json\/wp\/v2\/pages\/174"}],"wp:attachment":[{"href":"https:\/\/sbt.ug.edu.pl\/lt\/wp-json\/wp\/v2\/media?parent=324"}],"wp:term":[{"taxonomy":"category","embeddable":true,"href":"https:\/\/sbt.ug.edu.pl\/lt\/wp-json\/wp\/v2\/categories?post=324"},{"taxonomy":"post_tag","embeddable":true,"href":"https:\/\/sbt.ug.edu.pl\/lt\/wp-json\/wp\/v2\/tags?post=324"}],"curies":[{"name":"wp","href":"https:\/\/api.w.org\/{rel}","templated":true}]}}