{"id":3251,"date":"2019-07-19T07:56:43","date_gmt":"2019-07-19T05:56:43","guid":{"rendered":"https:\/\/southbaltic-tourist.eu\/?page_id=3251"},"modified":"2019-07-20T00:34:18","modified_gmt":"2019-07-19T22:34:18","slug":"job-offers","status":"publish","type":"page","link":"https:\/\/sbt.ug.edu.pl\/lt\/job-offers\/","title":{"rendered":"(English) Job offers"},"content":{"rendered":"<p class=\"qtranxs-available-languages-message qtranxs-available-languages-message-lt\">Atsipra\u0161ome, \u0161is puslapis galimas tik <a href=\"https:\/\/sbt.ug.edu.pl\/en\/wp-json\/wp\/v2\/pages\/3251\" class=\"qtranxs-available-language-link qtranxs-available-language-link-en\" title=\"English\">Jungtini\u0173 Valstij\u0173 Angl\u0173<\/a>. For the sake of viewer convenience, the content is shown below in the alternative language. You may click the link to switch the active language.<\/p><p><span style=\"font-family: arial, helvetica, sans-serif;\"><a href=\"https:\/\/southbaltic-tourist.eu\/wp-content\/uploads\/2019\/07\/03a-Og\u0142oszenie-menedz\u0307er-wdraz\u0307ania-tras-BHR-18-07-2019.pdf\" target=\"_blank\" rel=\"noopener noreferrer\">Og\u0142oszenie menedz\u0307er wdraz\u0307ania tras BHR 18-07-2019<\/a><\/span><\/p>\n<p><a href=\"https:\/\/southbaltic-tourist.eu\/wp-content\/uploads\/2019\/07\/02a-Og\u0142oszenie-spec-ds.-grafiki-i-wizualizacji-BHR-1-18-07-2019.pdf\" target=\"_blank\" rel=\"noopener noreferrer\"><span style=\"font-family: arial, helvetica, sans-serif;\">Og\u0142oszenie spec ds. grafiki i wizualizacji BHR-1 18-07-2019<\/span><\/a><\/p>\n<p>&nbsp;<\/p>\n<p><span style=\"font-family: arial, helvetica, sans-serif;\">\u00a0<\/span> <\/p>","protected":false},"excerpt":{"rendered":"<p>Atsipra\u0161ome, \u0161is puslapis galimas tik Jungtini\u0173 Valstij\u0173 Angl\u0173. For the sake of viewer convenience, the content is shown below in the alternative language. You may click the link to switch the active language.Og\u0142oszenie menedz\u0307er wdraz\u0307ania tras BHR 18-07-2019 Og\u0142oszenie spec ds. grafiki i wizualizacji BHR-1 18-07-2019 &nbsp; \u00a0<\/p>\n","protected":false},"author":1,"featured_media":0,"parent":0,"menu_order":0,"comment_status":"closed","ping_status":"closed","template":"","meta":[],"categories":[],"tags":[],"_links":{"self":[{"href":"https:\/\/sbt.ug.edu.pl\/lt\/wp-json\/wp\/v2\/pages\/3251"}],"collection":[{"href":"https:\/\/sbt.ug.edu.pl\/lt\/wp-json\/wp\/v2\/pages"}],"about":[{"href":"https:\/\/sbt.ug.edu.pl\/lt\/wp-json\/wp\/v2\/types\/page"}],"author":[{"embeddable":true,"href":"https:\/\/sbt.ug.edu.pl\/lt\/wp-json\/wp\/v2\/users\/1"}],"replies":[{"embeddable":true,"href":"https:\/\/sbt.ug.edu.pl\/lt\/wp-json\/wp\/v2\/comments?post=3251"}],"version-history":[{"count":12,"href":"https:\/\/sbt.ug.edu.pl\/lt\/wp-json\/wp\/v2\/pages\/3251\/revisions"}],"predecessor-version":[{"id":3297,"href":"https:\/\/sbt.ug.edu.pl\/lt\/wp-json\/wp\/v2\/pages\/3251\/revisions\/3297"}],"wp:attachment":[{"href":"https:\/\/sbt.ug.edu.pl\/lt\/wp-json\/wp\/v2\/media?parent=3251"}],"wp:term":[{"taxonomy":"category","embeddable":true,"href":"https:\/\/sbt.ug.edu.pl\/lt\/wp-json\/wp\/v2\/categories?post=3251"},{"taxonomy":"post_tag","embeddable":true,"href":"https:\/\/sbt.ug.edu.pl\/lt\/wp-json\/wp\/v2\/tags?post=3251"}],"curies":[{"name":"wp","href":"https:\/\/api.w.org\/{rel}","templated":true}]}}