{"id":3282,"date":"2019-07-19T11:39:21","date_gmt":"2019-07-19T09:39:21","guid":{"rendered":"https:\/\/southbaltic-tourist.eu\/?page_id=3282"},"modified":"2019-08-17T16:29:45","modified_gmt":"2019-08-17T14:29:45","slug":"13-drawa-national-park","status":"publish","type":"page","link":"https:\/\/sbt.ug.edu.pl\/lt\/routes\/national-parks-exploration\/13-drawa-national-park\/","title":{"rendered":"(English) 13. DRAWA NATIONAL PARK"},"content":{"rendered":"<p class=\"qtranxs-available-languages-message qtranxs-available-languages-message-lt\">Atsipra\u0161ome, \u0161is puslapis galimas tik <a href=\"https:\/\/sbt.ug.edu.pl\/en\/wp-json\/wp\/v2\/pages\/3282\" class=\"qtranxs-available-language-link qtranxs-available-language-link-en\" title=\"English\">Jungtini\u0173 Valstij\u0173 Angl\u0173<\/a>. For the sake of viewer convenience, the content is shown below in the alternative language. You may click the link to switch the active language.<\/p><p><\/p>\n<p align=\"JUSTIFY\"><span style=\"color: #000000; font-family: georgia, palatino, serif;\"><span lang=\"en-US\"><b>LOCATION<\/b><\/span><\/span><\/p>\n<p align=\"JUSTIFY\"><span style=\"color: #000000; font-family: georgia, palatino, serif;\"><b> <\/b><span lang=\"en\">The park is located in the north-west of Poland, at a\u00a0place where the Lubuskie, Zachodniopomorskie and Wielkopolskie Voivodeships meet.<\/span><span lang=\"en-US\"> The entire length of the river amounts to 185,9 km. The geographical location is 53\u00b043\u203210\u2033N 16\u00b008\u203257\u2033E<\/span><\/span><\/p>\n<p align=\"JUSTIFY\"><img decoding=\"async\" loading=\"lazy\" class=\"alignnone wp-image-3447 size-full\" src=\"https:\/\/southbaltic-tourist.eu\/wp-content\/uploads\/2019\/07\/13-4.jpg\" alt=\"\" width=\"1200\" height=\"781\" srcset=\"https:\/\/sbt.ug.edu.pl\/wp-content\/uploads\/2019\/07\/13-4.jpg 1200w, https:\/\/sbt.ug.edu.pl\/wp-content\/uploads\/2019\/07\/13-4-300x195.jpg 300w, https:\/\/sbt.ug.edu.pl\/wp-content\/uploads\/2019\/07\/13-4-768x500.jpg 768w, https:\/\/sbt.ug.edu.pl\/wp-content\/uploads\/2019\/07\/13-4-1024x666.jpg 1024w, https:\/\/sbt.ug.edu.pl\/wp-content\/uploads\/2019\/07\/13-4-150x98.jpg 150w\" sizes=\"(max-width: 1200px) 100vw, 1200px\" \/><\/p>\n<p align=\"JUSTIFY\"><span style=\"color: #000000; font-family: georgia, palatino, serif;\"><span lang=\"en-US\"><b>SCENIC CHARACTER<\/b><\/span><\/span><\/p>\n<p align=\"JUSTIFY\"><span style=\"color: #000000; font-family: georgia, palatino, serif;\"><span lang=\"en-US\"> Over 80 percent of its area is covered with forests \u2013 the great and monumental Drawa Forest stretching from the Drawa Lake District to the Note\u0107 River. It is mostly made up of beech and pine trees. There are 20 lakes in the park, including the unique Black Lake, whose waters have three layers that never mix with each other. Also noteworthy is Lake Ostrowieckie, the park\u2019s largest reservoir. In its center is an island that hosts a grey heron reserve. The Drawa Forest is home to roe deer, beavers, otters, boars, raccoon dogs and even wolves. A large part of the forest has been included in the Natura 2000 European ecological network.\u00a0<\/span><span lang=\"en-US\">The Park forests are dominated by pine, but there is also lots of beech, oak, and artificially introduced spruce. The rarest here are service-tree and yew. The course of the river begins in the Krzywe Lake and <\/span><span lang=\"en-US\">flows<\/span><span lang=\"en-US\"> into Note\u0107 river near Krzy\u017c Wielkopolski. The River is passing several towns along its way, including Z\u0142ocieniec, Drawsko Pomorskie <\/span><span lang=\"en-US\">and<\/span><span lang=\"en-US\"> Drawno. The Drava river basin covers 3296,4 square kilometres, crossing 19 lakes on the way. The most popular proposition of kayaking route is the section which starts in Czaplinek near Drawko Lake and finishes in Krzy\u017c. The Park\u2019s fauna is represented by over 200 species of vertebrates, among which the most numerous are birds. <\/span><span lang=\"en-US\">There\u2019s also <\/span><span lang=\"en-US\">an abundance of invertebrates, among which one finds some <\/span><span lang=\"en-US\">unique and valuable <\/span><span lang=\"en-US\">endangered species.<\/span><\/span><\/p>\n<p align=\"JUSTIFY\"><span style=\"font-family: georgia, palatino, serif; color: #000000;\"><span lang=\"en-US\"><b>ATTRACTIONS <\/b><\/span><\/span><\/p>\n<p align=\"JUSTIFY\"><span style=\"color: #000000; font-family: georgia, palatino, serif;\"><span lang=\"en-US\">The Drava river is similar to a mountain river with rapid currents. On the way, tourists can visit beautiful landscape of Drawsko Park and Drawa National Park, the most unique kayaking route in Poland. You may choose to go on a kayaking route for a one-day trip or stay for 8-10 days. You can go camping, but in the National Park of Drawa camping is allowed<\/span><u> <\/u><span lang=\"en-US\">only in the specially <\/span><span lang=\"en-US\">designated<\/span><span lang=\"en-US\"> places (Czasrnolas Hutniki, Przeborowo). The following lists of tourist attractions<\/span> <span lang=\"en-US\">on the route include: a view of parks, a hydro-electric power station, ruins of castle in Z\u0142ocieniec and a neogotic church in Rzepowo. Also, a perfect idea for active leisure in nature is easy and safe headwaters section which stars near Stare Osieczno village. This section is used for learning kayaking. Visitors can go to Tuczno castle. It is one of the Europe\u2019s best situated Medieval castles. The old moat stands over the canals that connect several lakes, from where visitors can go on an unforgettable trip around the Drawa Lakeland. Visitors can also visit <\/span><span lang=\"en\">Church of the Assumption of the Blessed Virgin Mary (Tuczno).<\/span><\/span><\/p>\n<p> <\/p>","protected":false},"excerpt":{"rendered":"<p>Atsipra\u0161ome, \u0161is puslapis galimas tik Jungtini\u0173 Valstij\u0173 Angl\u0173. For the sake of viewer convenience, the content is shown below in the alternative language. You may click the link to switch the active language. LOCATION The park is located in the north-west of Poland, at a\u00a0place where the Lubuskie, Zachodniopomorskie and Wielkopolskie Voivodeships meet. The entire [&hellip;]<\/p>\n","protected":false},"author":3,"featured_media":0,"parent":457,"menu_order":0,"comment_status":"closed","ping_status":"closed","template":"","meta":[],"categories":[34,15,26,19],"tags":[],"_links":{"self":[{"href":"https:\/\/sbt.ug.edu.pl\/lt\/wp-json\/wp\/v2\/pages\/3282"}],"collection":[{"href":"https:\/\/sbt.ug.edu.pl\/lt\/wp-json\/wp\/v2\/pages"}],"about":[{"href":"https:\/\/sbt.ug.edu.pl\/lt\/wp-json\/wp\/v2\/types\/page"}],"author":[{"embeddable":true,"href":"https:\/\/sbt.ug.edu.pl\/lt\/wp-json\/wp\/v2\/users\/3"}],"replies":[{"embeddable":true,"href":"https:\/\/sbt.ug.edu.pl\/lt\/wp-json\/wp\/v2\/comments?post=3282"}],"version-history":[{"count":3,"href":"https:\/\/sbt.ug.edu.pl\/lt\/wp-json\/wp\/v2\/pages\/3282\/revisions"}],"predecessor-version":[{"id":4426,"href":"https:\/\/sbt.ug.edu.pl\/lt\/wp-json\/wp\/v2\/pages\/3282\/revisions\/4426"}],"up":[{"embeddable":true,"href":"https:\/\/sbt.ug.edu.pl\/lt\/wp-json\/wp\/v2\/pages\/457"}],"wp:attachment":[{"href":"https:\/\/sbt.ug.edu.pl\/lt\/wp-json\/wp\/v2\/media?parent=3282"}],"wp:term":[{"taxonomy":"category","embeddable":true,"href":"https:\/\/sbt.ug.edu.pl\/lt\/wp-json\/wp\/v2\/categories?post=3282"},{"taxonomy":"post_tag","embeddable":true,"href":"https:\/\/sbt.ug.edu.pl\/lt\/wp-json\/wp\/v2\/tags?post=3282"}],"curies":[{"name":"wp","href":"https:\/\/api.w.org\/{rel}","templated":true}]}}