{"id":330,"date":"2018-11-19T20:10:28","date_gmt":"2018-11-19T19:10:28","guid":{"rendered":"http:\/\/southbaltic-tourist.eu\/?page_id=330"},"modified":"2021-06-10T16:02:42","modified_gmt":"2021-06-10T15:02:42","slug":"9-bornholm-biking","status":"publish","type":"page","link":"https:\/\/sbt.ug.edu.pl\/lt\/routes\/windsurfing-exploration\/9-bornholm-biking\/","title":{"rendered":"(English) 9. Bornholm Island Biking"},"content":{"rendered":"<p class=\"qtranxs-available-languages-message qtranxs-available-languages-message-lt\">Atsipra\u0161ome, \u0161is puslapis galimas tik <a href=\"https:\/\/sbt.ug.edu.pl\/en\/wp-json\/wp\/v2\/pages\/330\" class=\"qtranxs-available-language-link qtranxs-available-language-link-en\" title=\"English\">Jungtini\u0173 Valstij\u0173 Angl\u0173<\/a>, <a href=\"https:\/\/sbt.ug.edu.pl\/de\/wp-json\/wp\/v2\/pages\/330\" class=\"qtranxs-available-language-link qtranxs-available-language-link-de\" title=\"Deutsch\">Vokie\u010di\u0173<\/a> ir <a href=\"https:\/\/sbt.ug.edu.pl\/pl\/wp-json\/wp\/v2\/pages\/330\" class=\"qtranxs-available-language-link qtranxs-available-language-link-pl\" title=\"Polski\">Lenk\u0173<\/a>. For the sake of viewer convenience, the content is shown below in this site default language. You may click one of the links to switch the site language to another available language.<\/p><p><span style=\"color: #000000;\"><strong>LOCATION<\/strong><\/span><\/p>\n<p style=\"text-align: justify;\"><span style=\"color: #000000;\">Bornholm Island has a network of biking routes including coastal, inland routes and mountain trails. The participants of Windsurfing Exploration Route are recommended to try a biking trail in the eastern and northern part of the island, close to surfing spots (e.g. Balka beach or the Dueodde Strand). Bornholm Island can be accessed either by the ferry from Ystad (Sweden), K<em>\u00f8<\/em>ge (Zealand, Denmark) or Sassnitz (R\u00fcgen Island, Germany). In summertime there are direct ferries from \u015awinouj\u015bcie (Poland). At R<em>\u00f8nne<\/em> there is also a small airport which services flights to Copenhagen. The geographical location of Bornholm Island\u2019s capital R<em>\u00f8nne<\/em> is: 55\u00b006\u2032N\u00a014\u00b042\u2032E.<\/span><\/p>\n<p><img decoding=\"async\" loading=\"lazy\" class=\"alignleft wp-image-1340\" src=\"https:\/\/southbaltic-tourist.eu\/wp-content\/uploads\/2019\/07\/1.-Bornholm-cyclists-R2.A9..jpg\" alt=\"\" width=\"600\" height=\"400\" srcset=\"https:\/\/sbt.ug.edu.pl\/wp-content\/uploads\/2019\/07\/1.-Bornholm-cyclists-R2.A9..jpg 990w, https:\/\/sbt.ug.edu.pl\/wp-content\/uploads\/2019\/07\/1.-Bornholm-cyclists-R2.A9.-300x200.jpg 300w, https:\/\/sbt.ug.edu.pl\/wp-content\/uploads\/2019\/07\/1.-Bornholm-cyclists-R2.A9.-768x512.jpg 768w, https:\/\/sbt.ug.edu.pl\/wp-content\/uploads\/2019\/07\/1.-Bornholm-cyclists-R2.A9.-150x100.jpg 150w\" sizes=\"(max-width: 600px) 100vw, 600px\" \/><\/p>\n<p><a href=\"https:\/\/southbaltic-tourist.eu\/wp-content\/uploads\/2020\/01\/r1a9_Bornholm_Biking_slim.png\" data-rel=\"lightbox-gallery-mkYL2xqI\" data-rl_title=\"\" data-rl_caption=\"\" title=\"\"><img decoding=\"async\" loading=\"lazy\" class=\"alignnone wp-image-5127\" src=\"https:\/\/southbaltic-tourist.eu\/wp-content\/uploads\/2020\/01\/r1a9_Bornholm_Biking_slim-300x256.png\" alt=\"\" width=\"469\" height=\"400\" srcset=\"https:\/\/sbt.ug.edu.pl\/wp-content\/uploads\/2020\/01\/r1a9_Bornholm_Biking_slim-300x256.png 300w, https:\/\/sbt.ug.edu.pl\/wp-content\/uploads\/2020\/01\/r1a9_Bornholm_Biking_slim-1024x874.png 1024w, https:\/\/sbt.ug.edu.pl\/wp-content\/uploads\/2020\/01\/r1a9_Bornholm_Biking_slim-768x655.png 768w, https:\/\/sbt.ug.edu.pl\/wp-content\/uploads\/2020\/01\/r1a9_Bornholm_Biking_slim-1536x1310.png 1536w, https:\/\/sbt.ug.edu.pl\/wp-content\/uploads\/2020\/01\/r1a9_Bornholm_Biking_slim-150x128.png 150w, https:\/\/sbt.ug.edu.pl\/wp-content\/uploads\/2020\/01\/r1a9_Bornholm_Biking_slim.png 1600w\" sizes=\"(max-width: 469px) 100vw, 469px\" \/><\/a><\/p>\n<p><a href=\"https:\/\/www.google.pl\/maps\/place\/Bornholm\/@55.1432859,14.6388919,10z\/data=!3m1!4b1!4m5!3m4!1s0x46550e79e64f7b07:0xf84b68b18fbadf12!8m2!3d55.160428!4d14.8668836\" target=\"_blank\" rel=\"noopener noreferrer\">View on Google Maps<\/a><\/p>\n<p><span style=\"color: #000000;\"><strong>BIKING ADVENTURE <\/strong><\/span><\/p>\n<p style=\"text-align: justify;\"><span style=\"color: #000000;\">There is not a lot of traffic on the roads and so biking here is relatively easy and safe. The suggested one-day biking route would start in Dueodde, proceed to Snogeb\u00e6k (fishermen\u2019s village and harbour) through Balka to Nex<em>\u00f8<\/em> (port town), then \u00c5rsdale (windmills village) to Svaneke (with a historical district in the town). On the way back the route would go through the natural areas of Bornholm to Almindingen, \u00c5kirkeby, S<em>\u00f8<\/em>marken and back to Dueodde. The round trip is 50-60 km, depending on the selected options and it allows exploration of both the inland and coastal areas of Eastern Bornholm. Bikers should not expect significant traffic and for many kilometres you can be the only biker on the route.<\/span><\/p>\n<p style=\"text-align: justify;\"><span style=\"color: #000000;\"><strong>ATTRACTIONS <\/strong><\/span><\/p>\n<p style=\"text-align: justify;\"><span style=\"color: #000000;\">Bornholm Island offers plenty of attractions which can enrich your surfing holiday. They include such activities as biking, kayaking, hiking, birdwatching and sightseeing in nature reserves. The island has a couple of interesting museums, historic ruins, churches and windmills. Bornholm is always associated with picturesque small towns and villages, including fishermen villages and harbours &#8211; some palaces (places?) look like they are from the Middle Ages. The island\u2019s lack of industrialisation helps create the perfect atmosphere for a calm, relaxing break. The island is surrounded by diverse coasts, with broad beaches in the East and steeper coasts in the West and North.<\/span><\/p>\n<p>&nbsp;<\/p>\n<h2><strong>Move to Attractions bellow or -&gt;<a href=\"https:\/\/southbaltic-tourist.eu\/routes\/windsurfing-exploration\/10-malmo-surfhotspots\/\">Move to Attraction No. 10<\/a><\/strong><\/h2>\n<p>[post_grid id=&#8221;229&#8243;]<\/p>\n<p><code><div class=\"rl-gallery-container rl-loading\" id=\"rl-gallery-container-1\" data-gallery_id=\"1188\"> <div class=\"rl-gallery rl-basicgrid-gallery \" id=\"rl-gallery-1\" data-gallery_no=\"1\"> <div class=\"rl-gallery-item\"><a href=\"https:\/\/sbt.ug.edu.pl\/wp-content\/uploads\/2019\/07\/1.-Bornholm-cyclists-R2.A9..jpg\" title=\"1. Bornholm cyclists, author: Szymon Nitka, source: https:\/\/commons.wikimedia.org\/wiki\/File:Bornholm_-_cyclists.jpg#mw-head; 25.09.2010, Creative Commons Attribution-Share Alike 2.0 Generic.\" data-rl_title=\"1. Bornholm cyclists, author: Szymon Nitka, source: https:\/\/commons.wikimedia.org\/wiki\/File:Bornholm_-_cyclists.jpg#mw-head; 25.09.2010, Creative Commons Attribution-Share Alike 2.0 Generic.\" class=\"rl-gallery-link\" data-rl_caption=\"\" data-rel=\"lightbox-gallery-1\"><img src=\"https:\/\/sbt.ug.edu.pl\/wp-content\/uploads\/2019\/07\/1.-Bornholm-cyclists-R2.A9.-768x512.jpg\" width=\"640\" height=\"427\" alt=\"\" \/><\/a><\/div><div class=\"rl-gallery-item\"><a href=\"https:\/\/sbt.ug.edu.pl\/wp-content\/uploads\/2019\/07\/2.-Bornholm-coastal-trail-R2.A9..jpg\" title=\"2. Bornholm coastal trail, author: Szymon Nitka, source: https:\/\/commons.wikimedia.org\/wiki\/File:Bornholm_coastal_trail.jpg#mw-head, 25.09.2010, Creative Commons Attribution-Share Alike 2.0 Generic.\" data-rl_title=\"2. Bornholm coastal trail, author: Szymon Nitka, source: https:\/\/commons.wikimedia.org\/wiki\/File:Bornholm_coastal_trail.jpg#mw-head, 25.09.2010, Creative Commons Attribution-Share Alike 2.0 Generic.\" class=\"rl-gallery-link\" data-rl_caption=\"\" data-rel=\"lightbox-gallery-1\"><img src=\"https:\/\/sbt.ug.edu.pl\/wp-content\/uploads\/2019\/07\/2.-Bornholm-coastal-trail-R2.A9.-768x512.jpg\" width=\"640\" height=\"427\" alt=\"\" \/><\/a><\/div><div class=\"rl-gallery-item\"><a href=\"https:\/\/sbt.ug.edu.pl\/wp-content\/uploads\/2019\/07\/3.-Waterfall-Stavehol-Bornholm-R2.A9..jpg\" title=\"3. Waterfall Stavehol, Bornholm, author: 7alaskan; source: https:\/\/commons.wikimedia.org\/wiki\/File:Wodospad_Stavehol,_Bornholm_-_panoramio.jpg; 02.06.2014, reative Commons\u00a0Attribution-Share Alike 3.0 Unported.\" data-rl_title=\"3. Waterfall Stavehol, Bornholm, author: 7alaskan; source: https:\/\/commons.wikimedia.org\/wiki\/File:Wodospad_Stavehol,_Bornholm_-_panoramio.jpg; 02.06.2014, reative Commons\u00a0Attribution-Share Alike 3.0 Unported.\" class=\"rl-gallery-link\" data-rl_caption=\"\" data-rel=\"lightbox-gallery-1\"><img src=\"https:\/\/sbt.ug.edu.pl\/wp-content\/uploads\/2019\/07\/3.-Waterfall-Stavehol-Bornholm-R2.A9.-768x577.jpg\" width=\"640\" height=\"481\" alt=\"\" \/><\/a><\/div><div class=\"rl-gallery-item\"><a href=\"https:\/\/sbt.ug.edu.pl\/wp-content\/uploads\/2019\/07\/4.-Allinge-view-from-ship-Bornholm-Express-R2.A9..jpg\" title=\"4. Allinge, view from ship Bornholm Express, author: 7alaskan, source: https:\/\/www.panoramio.com\/photo\/12284019, 12.06.2008, reative Commons\u00a0Attribution-Share Alike 3.0 Unported.\" data-rl_title=\"4. Allinge, view from ship Bornholm Express, author: 7alaskan, source: https:\/\/www.panoramio.com\/photo\/12284019, 12.06.2008, reative Commons\u00a0Attribution-Share Alike 3.0 Unported.\" class=\"rl-gallery-link\" data-rl_caption=\"\" data-rel=\"lightbox-gallery-1\"><img src=\"https:\/\/sbt.ug.edu.pl\/wp-content\/uploads\/2019\/07\/4.-Allinge-view-from-ship-Bornholm-Express-R2.A9.-768x577.jpg\" width=\"640\" height=\"481\" alt=\"\" \/><\/a><\/div><div class=\"rl-gallery-item\"><a href=\"https:\/\/sbt.ug.edu.pl\/wp-content\/uploads\/2019\/07\/5.-MS-Povl-Anker-Roenne.-Bornholm-R2.A9..jpg\" title=\"5. MS Povl Anker Roenne. Bornholm, author: Politikaner; source: https:\/\/commons.wikimedia.org\/wiki\/File:20090817_MS_Povl_Anker_Roenne_bornholm_01.JPG; 08.2009, GNU Free Documentation License.\" data-rl_title=\"5. MS Povl Anker Roenne. Bornholm, author: Politikaner; source: https:\/\/commons.wikimedia.org\/wiki\/File:20090817_MS_Povl_Anker_Roenne_bornholm_01.JPG; 08.2009, GNU Free Documentation License.\" class=\"rl-gallery-link\" data-rl_caption=\"\" data-rel=\"lightbox-gallery-1\"><img src=\"https:\/\/sbt.ug.edu.pl\/wp-content\/uploads\/2019\/07\/5.-MS-Povl-Anker-Roenne.-Bornholm-R2.A9.-768x512.jpg\" width=\"640\" height=\"427\" alt=\"\" \/><\/a><\/div><div class=\"rl-gallery-item\"><a href=\"https:\/\/sbt.ug.edu.pl\/wp-content\/uploads\/2019\/07\/6.-Bornholm-Museum-DBJ-Nexo-R2.A9..jpg\" title=\"6. Bornholm Museum, DBJ Nexo, author: Ma\u0142gorzata Mi\u0142aszewska; source: https:\/\/commons.wikimedia.org\/wiki\/File:Bornholm_museum_DBJ_Nexo.jpg; 08.2007, R2.A9.\" data-rl_title=\"6. Bornholm Museum, DBJ Nexo, author: Ma\u0142gorzata Mi\u0142aszewska; source: https:\/\/commons.wikimedia.org\/wiki\/File:Bornholm_museum_DBJ_Nexo.jpg; 08.2007, R2.A9.\" class=\"rl-gallery-link\" data-rl_caption=\"\" data-rel=\"lightbox-gallery-1\"><img src=\"https:\/\/sbt.ug.edu.pl\/wp-content\/uploads\/2019\/07\/6.-Bornholm-Museum-DBJ-Nexo-R2.A9.-768x514.jpg\" width=\"640\" height=\"428\" alt=\"\" \/><\/a><\/div><div class=\"rl-gallery-item\"><a href=\"https:\/\/sbt.ug.edu.pl\/wp-content\/uploads\/2019\/07\/7.-DNK-Christianso-Bornholm-R2.A9..jpg\" title=\"7. DNK Christianso, Bornholm, author: Jens Bludau; source: https:\/\/commons.wikimedia.org\/wiki\/File:DNK_-_Christians%C3%B8_-_Bornholm_001.jpg; 09.1978; reative Commons\u00a0Attribution-Share Alike 3.0 Unported.\" data-rl_title=\"7. DNK Christianso, Bornholm, author: Jens Bludau; source: https:\/\/commons.wikimedia.org\/wiki\/File:DNK_-_Christians%C3%B8_-_Bornholm_001.jpg; 09.1978; reative Commons\u00a0Attribution-Share Alike 3.0 Unported.\" class=\"rl-gallery-link\" data-rl_caption=\"\" data-rel=\"lightbox-gallery-1\"><img src=\"https:\/\/sbt.ug.edu.pl\/wp-content\/uploads\/2019\/07\/7.-DNK-Christianso-Bornholm-R2.A9.-768x512.jpg\" width=\"640\" height=\"427\" alt=\"\" \/><\/a><\/div><div class=\"rl-gallery-item\"><a href=\"https:\/\/sbt.ug.edu.pl\/wp-content\/uploads\/2019\/07\/8.-Dueodde-Beach-R2.A9..jpg\" title=\"8. Dueodde Beach, author: Danielle Keller, source: https:\/\/da.wikipedia.org\/wiki\/Dueodde; 24.07.2006, Public domain.\" data-rl_title=\"8. Dueodde Beach, author: Danielle Keller, source: https:\/\/da.wikipedia.org\/wiki\/Dueodde; 24.07.2006, Public domain.\" class=\"rl-gallery-link\" data-rl_caption=\"\" data-rel=\"lightbox-gallery-1\"><img src=\"https:\/\/sbt.ug.edu.pl\/wp-content\/uploads\/2019\/07\/8.-Dueodde-Beach-R2.A9.-768x576.jpg\" width=\"640\" height=\"480\" alt=\"\" \/><\/a><\/div><div class=\"rl-gallery-item\"><a href=\"https:\/\/sbt.ug.edu.pl\/wp-content\/uploads\/2019\/07\/9.-Roenne-Harbour-Bornholm-R2.A9..jpg\" title=\"9. Roenne Harbour, Bornholm, author: Mstyslav Chernov; source: https:\/\/commons.wikimedia.org\/wiki\/File:R%C3%B8nne_harbour,_Bornholm,_Denmark,_Northern_Europe.jpg; 29.07.2008, reative Commons\u00a0Attribution-Share Alike 3.0 Unported.\" data-rl_title=\"9. Roenne Harbour, Bornholm, author: Mstyslav Chernov; source: https:\/\/commons.wikimedia.org\/wiki\/File:R%C3%B8nne_harbour,_Bornholm,_Denmark,_Northern_Europe.jpg; 29.07.2008, reative Commons\u00a0Attribution-Share Alike 3.0 Unported.\" class=\"rl-gallery-link\" data-rl_caption=\"\" data-rel=\"lightbox-gallery-1\"><img src=\"https:\/\/sbt.ug.edu.pl\/wp-content\/uploads\/2019\/07\/9.-Roenne-Harbour-Bornholm-R2.A9.-768x384.jpg\" width=\"640\" height=\"320\" alt=\"\" \/><\/a><\/div><div class=\"rl-gallery-item\"><a href=\"https:\/\/sbt.ug.edu.pl\/wp-content\/uploads\/2019\/07\/10.-Hammershus-Bornholm-R2.A9..jpg\" title=\"10. Hammershus, Bornholm, author: aconcagua (talk); source: https:\/\/commons.wikimedia.org\/w\/index.php?curid=34914497; 20.08.2014; GNU Free Documentation License.\" data-rl_title=\"10. Hammershus, Bornholm, author: aconcagua (talk); source: https:\/\/commons.wikimedia.org\/w\/index.php?curid=34914497; 20.08.2014; GNU Free Documentation License.\" class=\"rl-gallery-link\" data-rl_caption=\"\" data-rel=\"lightbox-gallery-1\"><img src=\"https:\/\/sbt.ug.edu.pl\/wp-content\/uploads\/2019\/07\/10.-Hammershus-Bornholm-R2.A9.-768x512.jpg\" width=\"640\" height=\"427\" alt=\"\" \/><\/a><\/div> <\/div> <\/div><\/code><\/p>\n<p>&nbsp;<\/p>\n<p>&nbsp;<\/p>","protected":false},"excerpt":{"rendered":"<p>Atsipra\u0161ome, \u0161is puslapis galimas tik Jungtini\u0173 Valstij\u0173 Angl\u0173, Vokie\u010di\u0173 ir Lenk\u0173. For the sake of viewer convenience, the content is shown below in this site default language. You may click one of the links to switch the site language to another available language.LOCATION Bornholm Island has a network of biking routes including coastal, inland routes [&hellip;]<\/p>\n","protected":false},"author":1,"featured_media":0,"parent":174,"menu_order":0,"comment_status":"closed","ping_status":"closed","template":"","meta":[],"categories":[34,13,9],"tags":[],"_links":{"self":[{"href":"https:\/\/sbt.ug.edu.pl\/lt\/wp-json\/wp\/v2\/pages\/330"}],"collection":[{"href":"https:\/\/sbt.ug.edu.pl\/lt\/wp-json\/wp\/v2\/pages"}],"about":[{"href":"https:\/\/sbt.ug.edu.pl\/lt\/wp-json\/wp\/v2\/types\/page"}],"author":[{"embeddable":true,"href":"https:\/\/sbt.ug.edu.pl\/lt\/wp-json\/wp\/v2\/users\/1"}],"replies":[{"embeddable":true,"href":"https:\/\/sbt.ug.edu.pl\/lt\/wp-json\/wp\/v2\/comments?post=330"}],"version-history":[{"count":19,"href":"https:\/\/sbt.ug.edu.pl\/lt\/wp-json\/wp\/v2\/pages\/330\/revisions"}],"predecessor-version":[{"id":5810,"href":"https:\/\/sbt.ug.edu.pl\/lt\/wp-json\/wp\/v2\/pages\/330\/revisions\/5810"}],"up":[{"embeddable":true,"href":"https:\/\/sbt.ug.edu.pl\/lt\/wp-json\/wp\/v2\/pages\/174"}],"wp:attachment":[{"href":"https:\/\/sbt.ug.edu.pl\/lt\/wp-json\/wp\/v2\/media?parent=330"}],"wp:term":[{"taxonomy":"category","embeddable":true,"href":"https:\/\/sbt.ug.edu.pl\/lt\/wp-json\/wp\/v2\/categories?post=330"},{"taxonomy":"post_tag","embeddable":true,"href":"https:\/\/sbt.ug.edu.pl\/lt\/wp-json\/wp\/v2\/tags?post=330"}],"curies":[{"name":"wp","href":"https:\/\/api.w.org\/{rel}","templated":true}]}}