{"id":3867,"date":"2019-08-01T10:03:25","date_gmt":"2019-08-01T08:03:25","guid":{"rendered":"https:\/\/southbaltic-tourist.eu\/?page_id=3867"},"modified":"2019-08-01T10:09:33","modified_gmt":"2019-08-01T08:09:33","slug":"r3-food-accommodation-1","status":"publish","type":"page","link":"https:\/\/sbt.ug.edu.pl\/lt\/routes\/national-parks-exploration\/r3-food-accommodation-1\/","title":{"rendered":"(English) R3. FOOD &#038; ACCOMMODATION 1"},"content":{"rendered":"<p class=\"qtranxs-available-languages-message qtranxs-available-languages-message-lt\">Atsipra\u0161ome, \u0161is puslapis galimas tik <a href=\"https:\/\/sbt.ug.edu.pl\/en\/wp-json\/wp\/v2\/pages\/3867\" class=\"qtranxs-available-language-link qtranxs-available-language-link-en\" title=\"English\">Jungtini\u0173 Valstij\u0173 Angl\u0173<\/a>. For the sake of viewer convenience, the content is shown below in the alternative language. You may click the link to switch the active language.<\/p><p><\/p>\n<p style=\"text-align: justify;\"><span style=\"font-size: 12pt; font-family: georgia, palatino, serif;\"><span lang=\"en-US\"><b>ACCOMMODATION<\/b><\/span><\/span><\/p>\n<p style=\"text-align: justify;\"><span lang=\"en-US\" style=\"font-size: 12pt; font-family: georgia, palatino, serif;\"><b>A. Unique <\/b><\/span><\/p>\n<ol>\n<li style=\"text-align: justify;\"><span style=\"font-size: 12pt; font-family: georgia, palatino, serif;\"><span lang=\"en-US\">Vila Pervalka, Pervalka, Lithuania, tastefully furnished apartments right on the shore of the Curonian lagoon. Thatch villas are restored by authentic architecture of this region. Individual style of each apartment is reflected by known photographer Vytas Karaciejus photographs as well as predominant coloring and subtle decor details. <\/span><a href=\"https:\/\/www.booking.com\/hotel\/lt\/vila-pervalka.pl.html?aid=304142;label=gen173nr-1DCAEoggJCAlhYSDNYBGi2AYgBAZgBHrgBBsgBDNgBA-gBAZICAXmoAgM;sid=b2e2466f8556144fdd920f191b559479;atlas_src=sr_iw_btn;checkin=2018-10-30;checkout=2018-11-08;dist=0;group_adults=2;nflt=ht_id%3D204%3Bht_id%3D216%3Bht_id%3D213%3Bht_id%3D220%3Bht_id%3D208%3Bht_id%3D221%3B;room1=A%2CA;sb_price_type=total;type=total&amp;\">https:\/\/www.booking.com\/hotel\/lt\/vila-pervalka.pl.html?aid=304142;label=gen173nr-1DCAEoggJCAlhYSDNYBGi2AYgBAZgBHrgBBsgBDNgBA-gBAZICAXmoAgM;sid=b2e2466f8556144fdd920f191b559479;atlas_src=sr_iw_btn;checkin=2018-10-30;checkout=2018-11-08;dist=0;group_adults=2;nflt=ht_id%3D204%3Bht_id%3D216%3Bht_id%3D213%3Bht_id%3D220%3Bht_id%3D208%3Bht_id%3D221%3B;room1=A%2CA;sb_price_type=total;type=total&amp;<\/a><\/span><\/li>\n<li style=\"text-align: justify;\"><span style=\"font-size: 12pt; font-family: georgia, palatino, serif;\"><span lang=\"en-US\">Relax House, Varkaliai, Lithuania, located 4,9 km from Plunges, by the river, in the bosom of nature. The accommodation has a terrace, garden and also sauna and a hot tub. <\/span><a href=\"https:\/\/www.booking.com\/hotel\/lt\/relax-house.pl.html?aid=304142;label=gen173nr-1DCAEoggJCAlhYSDNYBGi2AYgBAZgBHrgBBsgBDNgBA-gBAZICAXmoAgM;sid=b2e2466f8556144fdd920f191b559479;atlas_src=sr_iw_btn;checkin=2018-08-30;checkout=2018-08-31;dist=0;group_adults=2;room1=A%2CA;sb_price_type=total;type=total&amp;\">https:\/\/www.booking.com\/hotel\/lt\/relax-house.pl.html?aid=304142;label=gen173nr-1DCAEoggJCAlhYSDNYBGi2AYgBAZgBHrgBBsgBDNgBA-gBAZICAXmoAgM;sid=b2e2466f8556144fdd920f191b559479;atlas_src=sr_iw_btn;checkin=2018-08-30;checkout=2018-08-31;dist=0;group_adults=2;room1=A%2CA;sb_price_type=total;type=total&amp;<\/a><\/span><\/li>\n<li style=\"text-align: justify;\"><span style=\"font-size: 12pt; font-family: georgia, palatino, serif;\"><span lang=\"en-US\">Amberton Green Apartments, Palanga, <\/span><span lang=\"en-US\">Lithuania, located in the historic centre of Palanga, 9 minutes walk from the beach. Classically furnished rooms and apartments come with a balcony or a terrace, where guests can enjoy a view of the Raze stream. It offers a spacious indoor pool with a hot tub, a sauna and steam bath. An roof-top terrace has a stunning view of the Church of the Holy Virgin Mary\u2019s Ascension. <a href=\"http:\/\/www.ambertonhotels.com\/en\/palanga\">www.ambertonhotels.com\/en\/palanga<\/a> <\/span><\/span><\/li>\n<li style=\"text-align: justify;\"><span style=\"font-size: 12pt; font-family: georgia, palatino, serif;\"><span lang=\"en-US\">Old Mill Hotel, Klaipeda, <\/span><span lang=\"en-US\">Lithuania, is one of the most spectacular buildings of the Klaipeda Port.<\/span> <span lang=\"en-US\">The rooms overlook a spectacular panorama of the Dane River\u2018s embankment, the Curonian Lagoon or the ancient casle site with an impressive marina. The restaurant \u201eRozmarinas\u201c cherishing European cuisine traditions offers the guests to enjoy delicious breakfast, a business lunch or a dinner. <a href=\"http:\/\/www.oldmillhotel.lt\">www.oldmillhotel.lt<\/a> <\/span><\/span><\/li>\n<li style=\"text-align: justify;\"><span lang=\"en-US\" style=\"font-size: 12pt; font-family: georgia, palatino, serif;\">Holiday Houses Laguna, Wiselka, Poland is an oasis of peace and relaxation. Each holiday house has a thatched roof, kitchen, a living room, a dining area, 4 bedrooms, and a bathroom with a bath. Guests can also relax the sauna. For those who like to exploring the area is perfect for hiking. <a href=\"http:\/\/www.laguna-apartamenty.pl\/domki\/wiselka\/domki-letniskowe-Lakowa-23.html\">www.laguna-apartamenty.pl\/domki\/wiselka\/domki-letniskowe-Lakowa-23.html<\/a> <\/span><\/li>\n<li style=\"text-align: justify;\"><span lang=\"en-US\" style=\"font-size: 12pt; font-family: georgia, palatino, serif;\">Fisherman House, Miros\u0142awiec, Poland is a romantic and old fashion house for 2-3 people with its own terrace and a pier overlooking a large pond, perfect for watching wild birds. The house has a living room with a fireplace, a kitchenette, a bathroom and a double bedroom. The decor refers in detail to fishing. House is surrounded with garden in a country style. <a href=\"http:\/\/www.7ogrodow.pl\/project\/7-domkow\">www.7ogrodow.pl\/project\/7-domkow<\/a><\/span><\/li>\n<li style=\"text-align: justify;\"><span lang=\"en-US\" style=\"font-size: 12pt; font-family: georgia, palatino, serif;\">Krasicki Hotel, Lidzbark Warmi\u0144ski, Poland, situated in the heart of Lidzbark Warminski, the city which has since the dawn of history been called the Warmian Pearl. Idyllically located in the fork of \u0141yna and Symsarna rivers, Krasicki combines history with modernity. <a href=\"http:\/\/www.hotelkrasicki.pl\">www.hotelkrasicki.pl<\/a><\/span><\/li>\n<li style=\"text-align: justify;\"><span lang=\"en-US\" style=\"font-size: 12pt; font-family: georgia, palatino, serif;\">Eriksberg Hotel &amp; Nature Reserve, Trensum, Sweden. Driving through the gate into Eriksberg Hotel &amp; Nature Reserve is like entering a new world. Eriksberg is lika an African lodge in the Swedish archipelago. <a href=\"http:\/\/www.eriksberg.nu\">www.eriksberg.nu<\/a><\/span><\/li>\n<li style=\"text-align: justify;\"><span lang=\"en-US\" style=\"font-size: 12pt; font-family: georgia, palatino, serif;\">Hotel M\u00f6rrum River Lodge, M\u00f6rrum, Sweden, located in the building, that was previously the first smoking house in Sweden. The main product was smoked salmon, and the quality of the fish was so good so the product was exported to all over the world. The hotel has been carefully renovated and retains most of it old brick walls from the last century. The small village of M\u00f6rrum is since the 50ies one of the premier fishing destinations in the world to catch a trophy salmon. Built on the shores of the M\u00f6rrum River, the hotel host fishermen, businessmen and tourists from all over the world that want to experience a unique boutique hotel in a unique setting. <a href=\"http:\/\/www.morrumriverlodge.com\">http:\/\/www.morrumriverlodge.com<\/a> <\/span><\/li>\n<li style=\"text-align: justify;\"><span lang=\"en-US\" style=\"font-size: 12pt; font-family: georgia, palatino, serif;\">Fisherman&#8217;s cottage, Kivik, Sweden &#8211; a comfortable house with a wonderful garden, just two minutes walk from the beach. Recently renovated, tastefully, classically furnished and surrounded with greenery it is located on a quiet street in the old part of the charming fisherman&#8217;s village &#8211; Kivik.<a href=\"https:\/\/www.airbnb.pl\/rooms\/12915266\">https:\/\/www.airbnb.pl\/rooms\/12915266<\/a><\/span><\/li>\n<li style=\"text-align: justify;\"><span lang=\"en-US\" style=\"font-size: 12pt; font-family: georgia, palatino, serif;\">Villa S\u00f6der\u00e5sen, R\u00f6st\u00e5nga, Sweden, is a crossroads between civilization and pristine nature. When you step out from the back of the house you find yourself enveloped by the national park\u2019s undulating beech forest and breathtaking ravines. Go out from the front of the house and you find yourself in R\u00f6st\u00e5nga, a vibrant little village featuring a caf\u00e9, restaurants, an art gallery, microbrewery and a host of other local enterprises. <a href=\"http:\/\/www.villasoderasen.com\/en\/\">http:\/\/www.villasoderasen.com\/en\/<\/a><\/span><\/li>\n<li><span lang=\"en-US\" style=\"font-size: 12pt; font-family: georgia, palatino, serif;\">Park Residence Bei Wu, Wesenberg, Germany, offers superb accommodation and wide experiences in art and music. Perfect for nature lovers, where sporting facilities include swimming in pristine clear White Lake of Weissensee in Wesenberg, Mecklenburg; walking and hiking in surrounding forests and cycling in the neighbouring countryside of the M\u00fcritz National Park. <a href=\"https:\/\/www.park-residenz-bei-wu.de\/\">https:\/\/www.park-residenz-bei-wu.de\/<\/a><\/span>\n<p style=\"text-align: justify;\"><span lang=\"en-US\" style=\"font-size: 12pt; font-family: georgia, palatino, serif;\"><b>B. Affordable <\/b><\/span><\/p>\n<ol>\n<li style=\"text-align: justify;\"><span lang=\"en-US\" style=\"font-size: 12pt; font-family: georgia, palatino, serif;\">Saul\u0117s Sl\u0117nis, Paplatel\u0117s , Lithuania \u2013 a holiday apartment complex located in \u017demaitija National Park territory by one of the largest and most beautiful Lithuanian lakes &#8211; Plateliai lake. A wide 2,4 ha territory of the complex is surrounded by a picturesque forest, hills and a natural water pond Sultekis. It is a very calm and impressive place of nature. <a href=\"http:\/\/www.saulesslenis.lt\/en\/\">http:\/\/www.saulesslenis.lt\/en\/<\/a><\/span><\/li>\n<li style=\"text-align: justify;\"><span lang=\"en-US\" style=\"font-size: 12pt; font-family: georgia, palatino, serif;\">Hotel Porto, Plunge, Lithuania, provides its guests with everything needed \u2013 a restaurant, a bowling hall, a sauna, a Turkish bath and a hot tub. It also offers car rental. Lake Plateliai and \u017demaitija National Park are only 10 km away. <a href=\"http:\/\/www.portoplunge.net\">www.portoplunge.net<\/a><\/span><\/li>\n<li style=\"text-align: justify;\"><span lang=\"en-US\" style=\"font-size: 12pt; font-family: georgia, palatino, serif;\">Hotel Memel in Klaipeda, Lithuania, located in the center of historical old town, close to the port and walking area. You can enjoy the best breakfast on the Baltic Sea. Once coming you will not be hungry for the whole day. <a href=\"http:\/\/memelhotel.lt\">http:\/\/memelhotel.lt<\/a><\/span><\/li>\n<li style=\"text-align: justify;\"><span lang=\"en-US\" style=\"font-size: 12pt; font-family: georgia, palatino, serif;\">Hotel Rejs, Ustka, is located a central location, directly on Ustka\u2019s promenade, 200 m from the Baltic Sea and the beach, only 120 m from the Port Boulevard on the S\u0142upa River. Guests can dine in the Rejs\u2019s award-winning restaurant, 7Niebo. <a href=\"http:\/\/www.hotelrejs.com\/\">http:\/\/www.hotelrejs.com\/<\/a><\/span><\/li>\n<li style=\"text-align: justify;\"><span lang=\"en-US\" style=\"font-size: 12pt; font-family: georgia, palatino, serif;\">Willa 777, Mi\u0119dzyzdroje, Poland, located in a famous seaside town of Mi\u0119dzyzdroje, close to the Baltic Sea coast. This unique complex is composed of:<\/span><\/li>\n<li style=\"text-align: justify;\"><span lang=\"en-US\" style=\"font-size: 12pt; font-family: georgia, palatino, serif;\">the guest house surrounded by a beauty of seaside nature, providing its guest with homely rooms, both for parents with kids and for those seeking quiet and intimate places to calm down; an unique bar serving delicious food from its rich menu and a SPA area offering broad range of relaxation treatments for both body and soul. <a href=\"http:\/\/www.w777.pe.hu\/en\">www.w777.pe.hu\/en<\/a><\/span><\/li>\n<li style=\"text-align: justify;\"><span lang=\"en-US\" style=\"font-size: 12pt; font-family: georgia, palatino, serif;\">Holiday cottages PLUSK, Drawno, Poland, located right on the kayaking trail on Drawa, by the Gra\u017cyna &#8211; Dubie P\u00f3\u0142nocne lake. Cottages have a beautiful view of the lake from the terraces. The nearby forests welcomes walking and biking enthusiasts. <a href=\"http:\/\/drawakajaki.pl\/?gclid=CjwKCAjwmufZBRBJEiwAPJ3Lptil4RNnJRVCy76Qj5bYXQB_88NqavCQufhlVXkT3urpHEv1Iw0WhRoC_jIQAvD_BwE\">http:\/\/drawakajaki.pl\/?gclid=CjwKCAjwmufZBRBJEiwAPJ3Lptil4RNnJRVCy76Qj5bYXQB_88NqavCQufhlVXkT3urpHEv1Iw0WhRoC_jIQAvD_BwE#<\/a>!<\/span><\/li>\n<li style=\"text-align: justify;\"><span lang=\"en-US\" style=\"font-size: 12pt; font-family: georgia, palatino, serif;\">Agda Lund Bed &amp; Breakfast, Kivik, Sweden &#8211; a little breakfast hotel with a special atmosphere in the heart of beautiful \u00d6sterlen. Rooms are charming and conformtable with nature and culture just around the corner. Guests will find local specialties at breakfast buffet. <a href=\"http:\/\/www.agdalund.se\/en\/home\/\">http:\/\/www.agdalund.se\/en\/home\/<\/a><\/span><\/li>\n<li><span lang=\"en-US\" style=\"font-size: 12pt; font-family: georgia, palatino, serif;\">Seehaus Hartwigsdorf, Hartwigsdorf, Germany, in the middle of nature, on the edge of the M\u00fcritz National Park, with a private beach on a peninsula. Ideal for nature lovers and cyclists traveling on the route Berlin-Copenhagen. <a href=\"https:\/\/seehaus-wille.de\/\">https:\/\/seehaus-wille.de\/<\/a><\/span>\n<p style=\"text-align: justify;\"><span lang=\"en-US\" style=\"font-size: 12pt; font-family: georgia, palatino, serif;\"><b>C. Living with the locals <\/b><\/span><\/p>\n<ol>\n<li style=\"text-align: justify;\"><span lang=\"en-US\" style=\"font-size: 12pt; font-family: georgia, palatino, serif;\">Janiewicki Zak\u0105tek, Ja\u015bniewice, Poland, a farm among the hills, woods, lakes and fields. Expect being woken up by a rooster or birds chirping. You gat creativ at workshops in ceramics, tailoring, fine arts and thither organized by the hosts. Nearby pond is good spot to watch gadwalls, herons and frogs. Guests are free to try goat milk and cheese. www.janiewicki-zakatek.pl<\/span><\/li>\n<li style=\"text-align: justify;\"><span style=\"font-size: 12pt; font-family: georgia, palatino, serif;\"><span lang=\"en-US\">Agro Tourism Retrodom, Retowo, Poland, located by the Gardno Lake, near Moving Dunes in \u0141eba. It is a classic, ascetic house immersed in nature.<\/span> <span lang=\"en-US\">Tiled stove and classic furniture makes you feel like you got back in time. The area is perfekt for biker and bird watchers. <a href=\"http:\/\/retrodom.pl\">retrodom.pl<\/a><\/span><\/span><\/li>\n<li style=\"text-align: justify;\"><span style=\"font-size: 12pt; font-family: georgia, palatino, serif;\">Ecorosarium, Kamien Pomorski, Poland is a separate tiny ecosystem near Zalew Kamie\u0144ski. <span lang=\"en-US\">It is created for families with children, for whom there is a fabulous garden full of roses and magical corners where you can swing in a hammock. Here grass is not like on a football pitch and air is filled with buzzing. <a href=\"https:\/\/slowhop.com\/pl\/p\/ecorosarium.html\">https:\/\/slowhop.com\/pl\/p\/ecorosarium.html<\/a> <\/span><\/span><\/li>\n<li style=\"text-align: justify;\"><span style=\"font-size: 12pt; font-family: georgia, palatino, serif;\"><span lang=\"en-US\">Tavern \u201cjak malowanie\u201d, Bia\u0142y Zdr\u00f3j, Poland &#8211; 120-year-old renovated guest house in a small village surrounded by Pomeranian forests and lakes. Guest can visit nearby Borowo hydroelectric power station, try fishing or horseback riding. Kitchen has a tiled stove, what really makes the food prepared on it taste different. <\/span><a href=\"https:\/\/www.facebook.com\/pg\/Karczma-jak-malowanie-416847491689946\/about\/?ref=page_internal\">https:\/\/www.facebook.com\/pg\/Karczma-jak-malowanie-416847491689946\/about\/?ref=page_internal<\/a><\/span><\/li>\n<li style=\"text-align: justify;\"><span style=\"font-size: 12pt; font-family: georgia, palatino, serif;\"><span lang=\"en-US\">Espetorp and Axeltorp,<\/span> <span lang=\"en-US\">Trolle Ljungby, Sweden &#8211; two little holiday houses located by the Iv\u00f6sj\u00f6n Lake &#8211; the largest lake of Sk\u00e5ne. Spacious, newly renovated properties are perfect those who want to enjoy holidays in beautiful natural setting. Espetorp is adjacent to the farm, while Axeltorp is in a more secluded location. Guests can explore what the area has to offer in the form of local produce, sights and activities, which are: hunting, fishing, canoeing, bird-watching and horse riding on nearby stables. Humleslingan Tourist Route takes visitors through a historic area with small local shops selling artisan beers and handmade chocolates. <a href=\"http:\/\/www.trolleljungby.com\/en\/bostader\/\">http:\/\/www.trolleljungby.com\/en\/bostader\/<\/a><\/span><\/span><\/li>\n<li style=\"text-align: justify;\"><span style=\"font-size: 12pt; font-family: georgia, palatino, serif;\"><span lang=\"en-US\">Cilias Mat &amp; Rum Killeg\u00e5rden p\u00e5 Kivik, Kivik, Sweden, surrounded by apple orchards and a cobblestone courtyard, this bed and breakfast is located in a 1850s farmhouse in the Sk\u00e5ne village of Kivik. All the bright rooms overlook a garden with a pond and outdoor furniture. Guests can enjoy meals in the seasonal, courtyard restaurant. A buffet breakfast made from local products is served each morning. Restaurants and caf\u00e9s around Kivik Harbour are within 7 minutes walk and Kivik Cider Mill is only 1 km away. Guests can rent bicycles do get around. <\/span><a href=\"http:\/\/www.killegarden.se\"><span lang=\"en-US\">www.killegarden.se<\/span><\/a><\/span><\/li>\n<li style=\"text-align: justify;\"><span lang=\"en-US\" style=\"font-size: 12pt; font-family: georgia, palatino, serif;\">Ullstorps Stugor, Ullstrop, Sweden &#8211; cozy cottages just outside H\u00f6\u00f6r, in the middle of Sk\u00e5ne, deep in the beautiful forest. Hosts focus on eco-tourism, health and nature experiences. Farm is full of beef cattle, cats, goats, hens, lambs, rabbits and sheep.<\/span><\/li>\n<li style=\"text-align: justify;\"><span lang=\"en-US\" style=\"font-size: 12pt; font-family: georgia, palatino, serif;\">\u00dcber Ostseetraumhaus &#8222;Kleine Flucht&#8221; , Neuendorf, Germany, located in the picturesque fishing village Neuendorf right by the baltic seashore. It is a rustic holiday house with thatched roof and spacious garden. <a href=\"http:\/\/www.landreise.de\/expose\/ostseetraumhaus-kleine-flucht-13175\">www.landreise.de\/expose\/ostseetraumhaus-kleine-flucht-13175<\/a> <\/span><\/li>\n<li style=\"text-align: justify;\"><span lang=\"en-US\" style=\"font-size: 12pt; font-family: georgia, palatino, serif;\">\u00dcber Ferien-Hof-Repente, Rheinsberg, Germany &#8211; comfortable apartments, where you can enjoy cosines in a rural style. A family-friendly accommodation immersed in beautiful landscapes with plenty of room for kids to play outside or on the indoor playground and feed farm animals, as rabbits, dogs, horses, cows, chickens and sheep. https:\/\/www.landreise.de\/expose\/ferien-hof-repente-13561<\/span><\/li>\n<\/ol>\n<\/li>\n<\/ol>\n<\/li>\n<\/ol>\n<p> <\/p>","protected":false},"excerpt":{"rendered":"<p>Atsipra\u0161ome, \u0161is puslapis galimas tik Jungtini\u0173 Valstij\u0173 Angl\u0173. For the sake of viewer convenience, the content is shown below in the alternative language. You may click the link to switch the active language. ACCOMMODATION A. Unique Vila Pervalka, Pervalka, Lithuania, tastefully furnished apartments right on the shore of the Curonian lagoon. Thatch villas are restored [&hellip;]<\/p>\n","protected":false},"author":3,"featured_media":0,"parent":457,"menu_order":0,"comment_status":"closed","ping_status":"closed","template":"","meta":[],"categories":[35,26],"tags":[],"_links":{"self":[{"href":"https:\/\/sbt.ug.edu.pl\/lt\/wp-json\/wp\/v2\/pages\/3867"}],"collection":[{"href":"https:\/\/sbt.ug.edu.pl\/lt\/wp-json\/wp\/v2\/pages"}],"about":[{"href":"https:\/\/sbt.ug.edu.pl\/lt\/wp-json\/wp\/v2\/types\/page"}],"author":[{"embeddable":true,"href":"https:\/\/sbt.ug.edu.pl\/lt\/wp-json\/wp\/v2\/users\/3"}],"replies":[{"embeddable":true,"href":"https:\/\/sbt.ug.edu.pl\/lt\/wp-json\/wp\/v2\/comments?post=3867"}],"version-history":[{"count":2,"href":"https:\/\/sbt.ug.edu.pl\/lt\/wp-json\/wp\/v2\/pages\/3867\/revisions"}],"predecessor-version":[{"id":3869,"href":"https:\/\/sbt.ug.edu.pl\/lt\/wp-json\/wp\/v2\/pages\/3867\/revisions\/3869"}],"up":[{"embeddable":true,"href":"https:\/\/sbt.ug.edu.pl\/lt\/wp-json\/wp\/v2\/pages\/457"}],"wp:attachment":[{"href":"https:\/\/sbt.ug.edu.pl\/lt\/wp-json\/wp\/v2\/media?parent=3867"}],"wp:term":[{"taxonomy":"category","embeddable":true,"href":"https:\/\/sbt.ug.edu.pl\/lt\/wp-json\/wp\/v2\/categories?post=3867"},{"taxonomy":"post_tag","embeddable":true,"href":"https:\/\/sbt.ug.edu.pl\/lt\/wp-json\/wp\/v2\/tags?post=3867"}],"curies":[{"name":"wp","href":"https:\/\/api.w.org\/{rel}","templated":true}]}}