{"id":3892,"date":"2019-08-01T11:13:39","date_gmt":"2019-08-01T09:13:39","guid":{"rendered":"https:\/\/southbaltic-tourist.eu\/?page_id=3892"},"modified":"2019-08-01T11:13:39","modified_gmt":"2019-08-01T09:13:39","slug":"r7-wildelife-nature-trails-sustainable-tourist-services-1","status":"publish","type":"page","link":"https:\/\/sbt.ug.edu.pl\/lt\/routes\/wildlife-nature-trails-folkuniversitetet-sweden\/r7-wildelife-nature-trails-sustainable-tourist-services-1\/","title":{"rendered":"(English) R7. WILDELIFE NATURE TRAILS. SUSTAINABLE TOURIST SERVICES 1"},"content":{"rendered":"<p class=\"qtranxs-available-languages-message qtranxs-available-languages-message-lt\">Atsipra\u0161ome, \u0161is puslapis galimas tik <a href=\"https:\/\/sbt.ug.edu.pl\/en\/wp-json\/wp\/v2\/pages\/3892\" class=\"qtranxs-available-language-link qtranxs-available-language-link-en\" title=\"English\">Jungtini\u0173 Valstij\u0173 Angl\u0173<\/a>. For the sake of viewer convenience, the content is shown below in the alternative language. You may click the link to switch the active language.<\/p><p><\/p>\n<p style=\"text-align: justify;\" align=\"JUSTIFY\"><span style=\"font-family: georgia, palatino, serif;\"><span lang=\"en-US\"><b>A. Cross Border Dream Tours Vendors <\/b><\/span><\/span><\/p>\n<p style=\"text-align: justify;\" align=\"JUSTIFY\"><span style=\"font-family: georgia, palatino, serif;\"><span lang=\"en-US\"><b>1.<\/b><\/span> <span lang=\"en-US\"><b>Baltic Tours<\/b><\/span><span lang=\"en-US\">, organizes sightseeing affordable tours to 2-3 cross Baltic countries from Vilnius, <a href=\"https:\/\/baltictours.com\">https:\/\/baltictours.com<\/a>, <\/span><\/span><\/p>\n<p style=\"text-align: justify;\" align=\"JUSTIFY\"><span style=\"font-family: georgia, palatino, serif;\"><span lang=\"en-US\"><b>2.<\/b><\/span> <span lang=\"en-US\"><b>Baltic Bike Travel,<\/b><\/span><span lang=\"en-US\"> Lithuania, <\/span><span lang=\"en-US\">specializing in cycling and nature holidays and providing the customers with the ultimate fully-guided and self-guided cycling tours in the Baltic Countries, <a href=\"http:\/\/www.bbtravel.lt\">www.bbtravel.lt<\/a>, <\/span><\/span><\/p>\n<p style=\"text-align: justify;\" align=\"JUSTIFY\"><span style=\"font-family: georgia, palatino, serif;\"><span style=\"font-size: medium;\"><span style=\"font-size: small;\"><span lang=\"en-US\"><b>3<\/b><\/span><\/span><span style=\"font-size: small;\"><span lang=\"en-US\">. <\/span><\/span><span style=\"font-size: small;\"><span lang=\"en-US\"><b>Travel Addicts Club, <\/b><\/span><\/span><span style=\"font-size: small;\"><span lang=\"en-US\">specializes in multiday tours from Vilnius, weekend breaks, thematic weekend breaks, day tours and other services that help to fulfill your wishes while staying in Lithuania, Latvia and Estonia. Some of the tours include Scandinavia, Belarus and Poland, <a href=\"http:\/\/traveladdicts.lt\">http:\/\/traveladdicts.lt<\/a>,<\/span><\/span> <\/span><\/span><\/p>\n<p style=\"text-align: justify;\" align=\"JUSTIFY\"><span style=\"font-family: georgia, palatino, serif;\"><span style=\"font-size: medium;\"><span style=\"font-size: small;\"><span lang=\"en-US\"><b>4<\/b><\/span><\/span><span style=\"font-size: small;\"><span lang=\"en-US\">. <\/span><\/span><span style=\"font-size: small;\"><span lang=\"en-US\"><b>Lithuanian Tours LTD<\/b><\/span><\/span><span style=\"font-size: small;\"><span lang=\"en-US\">, organizes sightseeing tours to 2-3 cross Baltic countries from Lithuania, prepared several tours to get acquainted with local nature visiting National parks in Lithuania, Latvia and Estonia. Bird watchers can see most prominent Lithuanian bird watching site &#8211; Cape Vente and other places in the Western Lithuania, <a href=\"http:\/\/www.lithuaniantours.com\">www.lithuaniantours.com<\/a>, <\/span><\/span><\/span><\/span><\/p>\n<p style=\"text-align: justify;\" align=\"JUSTIFY\"><span style=\"font-family: georgia, palatino, serif;\"><span lang=\"en-US\"><b>5.<\/b><\/span> <span lang=\"en-US\"><b>Authentic Scandinavia<\/b><\/span><span lang=\"en-US\">, is a dedicated online tour operator in Norway, creating and selling independent package tours and escorted coach tours throughout Scandinavia. Tourists can visit two or more of the Scandinavian and Nordic countries in one trip. In addition they offer some tours including the Baltics, <a href=\"https:\/\/authentic-scandinavia.com\">https:\/\/authentic-scandinavia.com<\/a>, <\/span><\/span><\/p>\n<p style=\"text-align: justify;\" align=\"JUSTIFY\"><span style=\"font-family: georgia, palatino, serif;\"><span lang=\"en-US\"><b>6<\/b><\/span><span lang=\"en-US\">. <\/span><span lang=\"en-US\"><b>Baltic Travel Company<\/b><\/span><span lang=\"en-US\">, organizes sightseeing tours to 2-3 cross Baltic countries from UK, <a href=\"http:\/\/www.baltictravelcompany.com\/baltic\/\">www.baltictravelcompany.com\/baltic\/<\/a>, <\/span><\/span><\/p>\n<p style=\"text-align: justify;\" align=\"JUSTIFY\"><span style=\"font-family: georgia, palatino, serif;\"><span lang=\"en-US\"><b>7. <\/b><\/span><span lang=\"en-GB\"><b>Rad+reisen, <\/b><\/span><span lang=\"en-GB\">the company organizes cycling tours through various European countries to choose from, for example, cycling trip from Berlin to Copenhagen via Rostock, <a href=\"https:\/\/en.radreisen.at\">https:\/\/en.radreisen.at<\/a>.<\/span><\/span><\/p>\n<p style=\"text-align: justify;\" align=\"JUSTIFY\"><span style=\"font-family: georgia, palatino, serif;\"><span lang=\"en-US\"><b>8. Wheel2Wheel Holidays, <\/b><\/span><span lang=\"en-US\">offers bike tours around Germany, Lithuania, Poland, you can choose from different thematic routes, for example their offer bike tour from Berlin to Copenhagen, moderate priced, <a href=\"http:\/\/wheel2wheelholidays.com\">http:\/\/wheel2wheelholidays.com<\/a>. <\/span><\/span><\/p>\n<p style=\"text-align: justify;\" align=\"JUSTIFY\"><span style=\"font-family: georgia, palatino, serif;\"><span lang=\"en-US\"><b>B. Sustainable Activity Services <\/b><\/span><span lang=\"en-US\">(1 country only)<\/span><b> <\/b><\/span><\/p>\n<p style=\"text-align: justify;\" align=\"JUSTIFY\"><span style=\"font-family: georgia, palatino, serif;\"><span lang=\"en-GB\"><b>1. Air Man, <\/b><\/span><span lang=\"en-GB\">Leba, Poland, one of the first kitesurfing schools founded in Poland. They run Kitesurfing, Snowkiting and Landkiting courses at every level, <a href=\"http:\/\/airman.pl\">http:\/\/airman.pl<\/a>, <\/span><\/span><\/p>\n<p style=\"text-align: justify;\" align=\"JUSTIFY\"><span style=\"font-family: georgia, palatino, serif;\"><span lang=\"en-GB\"><b>2. <\/b><\/span><span lang=\"en-GB\"><b>Przysta\u0144 Kajakowa \u201ekajaki-s\u0142upia\u201d s.c., <\/b><\/span><span lang=\"en-US\">Sul\u0119czyno, Poland, o<\/span><span lang=\"en-GB\">r<\/span><span lang=\"en-US\">ganizes canoe various trips on S\u0142upia River, offers rental of kayaks and bikes, equipment for canoeing and shipment, campsite in \u201cKajlandia\u201d and proposes packages and events for different groups with varying needs and wishes, <a href=\"http:\/\/kajaki-slupia.pl\/\">http:\/\/kajaki-slupia.pl\/<\/a><\/span><span lang=\"en-US\">,<\/span><\/span><\/p>\n<p style=\"text-align: justify;\" align=\"JUSTIFY\"><span style=\"font-family: georgia, palatino, serif;\"><span lang=\"en-GB\">3<\/span><span lang=\"en-GB\">. <\/span><span lang=\"en-GB\">Zemaitija National Park, <\/span><span lang=\"en-GB\">cycling around lake Plateliai with guide,<\/span> <span lang=\"en-GB\">Lithuania, one of the most popular tourism routes in the \u017demaitija National Park, on which interesting objects of tourism, natural and cultural valuables, scenic panoramas are plentiful and tourism infrastructure is built. Circular route length is 24 km.<\/span> <span lang=\"en-GB\">Park staff also organize various sightseeing tours: the natural, cultural, natural-cultural,<\/span><span lang=\"en-GB\"> moderate priced,<\/span> <a href=\"http:\/\/zemaitijosnp.lt\"><span lang=\"en-GB\">http:\/\/zemaitijosnp.lt<\/span><\/a><span lang=\"en-GB\">, <\/span><\/span><\/p>\n<p style=\"text-align: justify;\" align=\"JUSTIFY\"><span style=\"font-family: georgia, palatino, serif;\"><span lang=\"en-US\">4<\/span><span lang=\"en-GB\">. <\/span><span lang=\"en-GB\">Azamara Club Cruises,<\/span> <span lang=\"en-US\">Lithuania,<\/span> <span lang=\"en-US\">offers scenic kayaking expedition on the River Minija, full of natural wonders,<\/span><span lang=\"en-US\"> <a href=\"http:\/\/www.azamaraclubcruises.com\">www.azamaraclubcruises.com<\/a>, <\/span><\/span><\/p>\n<p style=\"text-align: justify;\" align=\"JUSTIFY\"><span style=\"font-family: georgia, palatino, serif;\"><span lang=\"en-US\"><b>5. <\/b><\/span><span lang=\"en-US\"><b>Augustus Tours, <\/b><\/span><span lang=\"en-US\">Dresden, Germany, offers tailor made tour <\/span><span lang=\"en-US\">proposals for both individual travelers and leisure groups<\/span><span lang=\"en-US\">. Organizes among others different cycling and walking tours in Germany, e.g. Baltic Sea Cycling Path, offers rent bikes and many other services,<\/span><span lang=\"en-GB\"> <a href=\"http:\/\/www.augustustours.de\">www.augustustours.de<\/a><\/span><\/span><\/p>\n<p style=\"text-align: justify;\" align=\"JUSTIFY\"><span style=\"font-family: georgia, palatino, serif;\"><span lang=\"en-US\"><b>6. Velociped GmbH &amp; Co. KG<\/b><\/span><span lang=\"en-US\">, Germany, offers bike tour Stralsund \u2013 Usedom. Delight yourself on silent angles and forests, bizarre coastal lines, the romantic reet belt of the Oderhaff, idyllic lakes and biotopes with grey herons colonies, <a href=\"http:\/\/www.velociped.de\">www.velociped.de<\/a>, <\/span><\/span><\/p>\n<p style=\"text-align: justify;\" align=\"JUSTIFY\"><span style=\"font-family: georgia, palatino, serif;\"><span lang=\"en-US\"><b>7. M\u00f6rrums Kronolaxfiske<\/b><\/span><span lang=\"en-US\">, M\u00f6rrum, Sweden, offers fishing guidance along the river M\u00f6rrum. They offer anything from a couple of hours of guidance for the individual up to tailored packages for large groups. Contact: <a href=\"mailto:morrum@sveaskog.se\">morrum@sveaskog.se<\/a>,<\/span> <span style=\"color: #00000a;\"><span lang=\"en-US\">mobile: 0 <\/span><\/span><span lang=\"en-US\">454 544 16, <a href=\"http:\/\/www.sveaskog.se\">www.sveaskog.se<\/a>, <\/span><\/span><\/p>\n<p style=\"text-align: justify;\" align=\"JUSTIFY\"><span style=\"font-family: georgia, palatino, serif;\"><span lang=\"en-US\"><b>8.<\/b><\/span> <span lang=\"en-US\"><b>Wetlandi<\/b><\/span><span lang=\"en-US\"> canoe rental, N\u00e4sum, Sweden, organizes canoe various trips on Iv\u00f6sj\u00f6n Lake, offers rental of canoes and kayaks, equipment for camping and shipment and proposes packages and events for different groups with varying needs and wishes, <a href=\"http:\/\/wetlandi.se\/\">http:\/\/wetlandi.se\/<\/a> <\/span><\/span><\/p>\n<p style=\"text-align: justify;\" align=\"JUSTIFY\"><span style=\"font-family: georgia, palatino, serif;\"><span lang=\"en-US\"><b>9.<\/b><\/span><span lang=\"en-US\"> Guidepoolen\u00a0genom Nordic Guide &amp; Event, <\/span><span lang=\"en-US\">Ystad, Sweden, organizes <\/span><span lang=\"en-US\">theme tours of \u00d6sterlen (ranging from mattur to a journey among castles and fortresses),<\/span><span lang=\"en-US\"> bike tours <\/span><span lang=\"en-US\">along the stunning South coast of Sweden<\/span> <span lang=\"en-US\">and walks through the old fishing village.<\/span> <span lang=\"en-US\"><a href=\"http:\/\/nordicguides.se\">http:\/\/nordicguides.se<\/a>, <\/span><\/span><\/p>\n<p style=\"text-align: justify;\" align=\"JUSTIFY\"><span style=\"font-family: georgia, palatino, serif;\"><span lang=\"en-US\"><b>10. Eriksberg Hotel &amp; Nature Reserve,<\/b><\/span><span lang=\"en-US\"> Trensum, Sweden, offers different activities, e.g.: beverage tasting, fishing, hikes, pentathlon, keep-fit measures, climbing and canoes\/kayaks.\u00a0It offers also g<\/span><span lang=\"en-US\">uided tour with the safari vehicle and European Bison walks<\/span><span lang=\"en-US\"> &#8211; special guided tours for nature enthusiasts to see the bisons close up, so-called <\/span><em><span lang=\"en-US\">walking safaris<\/span><\/em><span lang=\"en-US\"><i>.<\/i><\/span><span lang=\"en-US\"> Together with a guide, visitors can follow in the bisons\u2019 footsteps and get really close to them, <a href=\"https:\/\/eriksberg.nu\">https:\/\/eriksberg.nu<\/a>,<\/span><\/span><\/p>\n<p style=\"text-align: justify;\" align=\"JUSTIFY\"><span style=\"font-family: georgia, palatino, serif;\"><span style=\"font-size: medium;\"><span lang=\"en-US\"><b>C. Guidance and Story Telling <\/b><\/span><\/span><\/span><\/p>\n<p style=\"text-align: justify;\" align=\"JUSTIFY\"><span style=\"font-family: georgia, palatino, serif;\"><span lang=\"en-US\"><b>1.<\/b><\/span> <span lang=\"en-US\"><b>Jan \u017bebrowski,<\/b><\/span><span lang=\"en-US\"> Ostr\u00f3da, Poland, licensed tourist guide\u00a0on Polish regions: Mazury, Pomorze And Sudety (languages &#8211; Polish and Russian), contact: <a href=\"mailto:jzebrowskipl@gmail.com\">jzebrowskipl@gmail.com<\/a>, <\/span><span lang=\"en-US\">mobile<\/span><span lang=\"en-US\">: +48 502 663\u00a0108<\/span><\/span><\/p>\n<p style=\"text-align: justify;\" align=\"JUSTIFY\"><span style=\"font-family: georgia, palatino, serif;\"><span lang=\"en-US\"><b>2. Malgorzata Mazur,<\/b><\/span><span lang=\"en-US\"> Gdansk, Poland, tour guide to Pomerania, Kashubia, Moving Dunes, Elbl\u0105g Canal <\/span><span lang=\"en-US\"><b>\u2013<\/b><\/span><span lang=\"en-US\"> Poland<\/span><span lang=\"en-US\"><b>, <\/b><\/span><span lang=\"en-US\">contact: <a href=\"mailto:mamazur@hotmail.com\">mamazur@hotmail.com<\/a><\/span><span lang=\"en-US\"><b>,<\/b><\/span><b> <\/b><a href=\"mailto:malgorzata_mazur@wp.pl\"><span lang=\"en-US\">malgorzata_mazur@wp.pl<\/span><\/a><span lang=\"en-US\"><b>,<\/b><\/span> <span lang=\"en-US\">mobile: +48 608 204 097, <\/span><span lang=\"en-US\"><a href=\"http:\/\/malgorzatamazur.blogspot.com\/\">www.malgorzatamazur.blogspot.com<\/a>,<\/span><\/span><\/p>\n<p style=\"text-align: justify;\" align=\"JUSTIFY\"><span style=\"font-family: georgia, palatino, serif;\"><span lang=\"en-US\"><b>3. Mindaugas Jucius, <\/b><\/span><span lang=\"en-US\">Lithuania, licensed, qualified private guide and driver in Lithuania, Latvia, Estonia. I have graduated \u201cTourism and Hotel management\u201d, provides tours with comfortable car or van.languages: English, Russian and German. Contact by site <a href=\"https:\/\/tourguides.viator.com\">https:\/\/tourguides.viator.com<\/a>, <\/span><\/span><\/p>\n<p style=\"text-align: justify;\" align=\"JUSTIFY\"><span style=\"font-family: georgia, palatino, serif;\"><span lang=\"en-US\"><b>4. Rima Cepurniene, <\/b><\/span><span lang=\"en-US\">Lithuania, also the tour guide in Latvia, Estonia, Poland, Finland, Sweden. Works as interpreter in various seminars, workshops for foreign tourists in the Baltic States. Languages English, German, Russian, Polish, Itlalian, Croatian. Contact by site <a href=\"https:\/\/tourguides.viator.com\">https:\/\/tourguides.viator.com<\/a>,<\/span><\/span><\/p>\n<p style=\"text-align: justify;\" align=\"JUSTIFY\"><span style=\"font-family: georgia, palatino, serif;\"><span lang=\"en-US\"><b>5. Janna R., <\/b><\/span><span lang=\"en-US\">Germany, offers guiding in East Germany, e. g. to Dresden, Leipzig, or the Hanseatic Towns on the Baltic Coast as Greifswald, Stralsund, the islands Ruegen and Usedom, Languages :English, Spanish and German, tours can be taken either with minivan, bus, or walking\/taxi\/public transport. Contact by <a href=\"http:\/\/www.toursbylocals.com\">www.toursbylocals.com<\/a>, <\/span><\/span><\/p>\n<p style=\"text-align: justify;\" align=\"JUSTIFY\"><span style=\"font-family: georgia, palatino, serif;\"><span lang=\"en-US\"><b>6. Sk\u00e5neGuide<\/b><\/span><span lang=\"en-US\"> is an independant, professional, non-profit association for authorized guides\u00a0in Sk\u00e5ne, Sweden. The association has over 60 members. All of the them have a good basic knowledge\u00a0of Sk\u00e5ne, but they are also specialists in different areas. Many of the guides have a long experience of welcoming guests and apart from\u00a0Swedish we guide in Danish, English, German, French, Italian, Spanish, Polish,\u00a0Russian, Japanese and Chinese. The Sk\u00e5neGuides offer many different servces, for example: c<\/span><span lang=\"en-US\">ity tours<\/span><span lang=\"en-US\"> \u2013 by bus or foot; <\/span><span lang=\"en-US\">Guided bus trips<\/span><span lang=\"en-US\"> with different themes, t<\/span><span lang=\"en-US\">ransfer guidings<\/span><span lang=\"en-US\">, where we meet your guests at their arrival and bring them to you\u00a0while they get a guided tour, g<\/span><span lang=\"en-US\">uided nature walks, guided tours by bike, tailor-made guidings<\/span><span lang=\"en-US\"> by bus or by foot; <\/span><span lang=\"en-US\">Talks and lectures<\/span><span lang=\"en-US\"> about present and\/or historical Sk\u00e5ne. Contact: <a href=\"mailto:info@skaneguide.nu\">info@skaneguide.nu<\/a>, <a href=\"http:\/\/www.skaneguide.nu\">www.skaneguide.nu<\/a>, <\/span><\/span><\/p>\n<p style=\"text-align: justify;\" align=\"JUSTIFY\"><span style=\"font-family: georgia, palatino, serif;\"><span lang=\"en-US\"><b>7. Helena Tomasson<\/b><\/span><span lang=\"en-US\"> is\u00a0authorized guide in Sk\u00e5ne-Copenhagen, \u00d6resund district since 2014.\u00a0She also does guided tours in other cities and places in Sweden and Denmark.\u00a0She is guiding\u00a0all types of tours, from cruise ship calls with panorama tours to the walking tours and\u00a0shorter or\u00a0longer missions in Sk\u00e5ne and Denmark.\u00a0Contact: <a href=\"mailto:helen.tomasson@gmail.com\">helen.tomasson@gmail.com<\/a>, <a href=\"mailto:skaneguide@gmail.com\">skaneguide@gmail.com<\/a>. \u00a0<\/span><\/span><\/p>\n<p> <\/p>","protected":false},"excerpt":{"rendered":"<p>Atsipra\u0161ome, \u0161is puslapis galimas tik Jungtini\u0173 Valstij\u0173 Angl\u0173. For the sake of viewer convenience, the content is shown below in the alternative language. You may click the link to switch the active language. A. Cross Border Dream Tours Vendors 1. Baltic Tours, organizes sightseeing affordable tours to 2-3 cross Baltic countries from Vilnius, https:\/\/baltictours.com, 2. [&hellip;]<\/p>\n","protected":false},"author":3,"featured_media":0,"parent":488,"menu_order":0,"comment_status":"closed","ping_status":"closed","template":"","meta":[],"categories":[36,30],"tags":[],"_links":{"self":[{"href":"https:\/\/sbt.ug.edu.pl\/lt\/wp-json\/wp\/v2\/pages\/3892"}],"collection":[{"href":"https:\/\/sbt.ug.edu.pl\/lt\/wp-json\/wp\/v2\/pages"}],"about":[{"href":"https:\/\/sbt.ug.edu.pl\/lt\/wp-json\/wp\/v2\/types\/page"}],"author":[{"embeddable":true,"href":"https:\/\/sbt.ug.edu.pl\/lt\/wp-json\/wp\/v2\/users\/3"}],"replies":[{"embeddable":true,"href":"https:\/\/sbt.ug.edu.pl\/lt\/wp-json\/wp\/v2\/comments?post=3892"}],"version-history":[{"count":1,"href":"https:\/\/sbt.ug.edu.pl\/lt\/wp-json\/wp\/v2\/pages\/3892\/revisions"}],"predecessor-version":[{"id":3893,"href":"https:\/\/sbt.ug.edu.pl\/lt\/wp-json\/wp\/v2\/pages\/3892\/revisions\/3893"}],"up":[{"embeddable":true,"href":"https:\/\/sbt.ug.edu.pl\/lt\/wp-json\/wp\/v2\/pages\/488"}],"wp:attachment":[{"href":"https:\/\/sbt.ug.edu.pl\/lt\/wp-json\/wp\/v2\/media?parent=3892"}],"wp:term":[{"taxonomy":"category","embeddable":true,"href":"https:\/\/sbt.ug.edu.pl\/lt\/wp-json\/wp\/v2\/categories?post=3892"},{"taxonomy":"post_tag","embeddable":true,"href":"https:\/\/sbt.ug.edu.pl\/lt\/wp-json\/wp\/v2\/tags?post=3892"}],"curies":[{"name":"wp","href":"https:\/\/api.w.org\/{rel}","templated":true}]}}