{"id":3894,"date":"2019-08-01T11:15:02","date_gmt":"2019-08-01T09:15:02","guid":{"rendered":"https:\/\/southbaltic-tourist.eu\/?page_id=3894"},"modified":"2019-08-01T11:15:02","modified_gmt":"2019-08-01T09:15:02","slug":"r7-wildelife-nature-trails-sustainable-tourist-services-2","status":"publish","type":"page","link":"https:\/\/sbt.ug.edu.pl\/lt\/routes\/wildlife-nature-trails-folkuniversitetet-sweden\/r7-wildelife-nature-trails-sustainable-tourist-services-2\/","title":{"rendered":"(English) R7. WILDELIFE NATURE TRAILS. SUSTAINABLE TOURIST SERVICES 2"},"content":{"rendered":"<p class=\"qtranxs-available-languages-message qtranxs-available-languages-message-lt\">Atsipra\u0161ome, \u0161is puslapis galimas tik <a href=\"https:\/\/sbt.ug.edu.pl\/en\/wp-json\/wp\/v2\/pages\/3894\" class=\"qtranxs-available-language-link qtranxs-available-language-link-en\" title=\"English\">Jungtini\u0173 Valstij\u0173 Angl\u0173<\/a>. For the sake of viewer convenience, the content is shown below in the alternative language. You may click the link to switch the active language.<\/p><p><\/p>\n<p style=\"text-align: justify;\" align=\"JUSTIFY\"><span style=\"font-family: georgia, palatino, serif; font-size: 12pt;\"><span lang=\"en-US\"><b>Tourist Equipment Rentals <\/b><\/span><\/span><\/p>\n<p style=\"text-align: justify;\" align=\"JUSTIFY\"><span style=\"font-size: 12pt; font-family: georgia, palatino, serif;\"><span lang=\"en-GB\"><b>1. Okajakibytow.Pl Kayak Rental,<\/b><\/span><span lang=\"en-GB\"> Byt\u00f3w, Poland, offers\u00a0rental of kayaks (S\u0142upia river). <\/span><span lang=\"en-US\">Contact: <a href=\"mailto:okajakibytow@gmail.com\">okajakibytow@gmail.com<\/a>, mobile: +48 500 643\u00a0448, <a href=\"http:\/\/okajakibytow.pl\">http:\/\/okajakibytow.pl<\/a> <\/span><\/span><\/p>\n<p style=\"text-align: justify;\" align=\"JUSTIFY\"><span style=\"font-size: 12pt; font-family: georgia, palatino, serif;\"><span lang=\"en-US\"><b>2. Przysta\u0144 Kajakowa \u201ekajaki-s\u0142upia\u201d s.c., <\/b><\/span><span lang=\"en-US\">Sul\u0119czyno, Poland, offers\u00a0rental of kayaks (S\u0142upia river) and bikes. Contact: <a href=\"mailto:biuro@kajaki-slupia.pl\">biuro@kajaki-slupia.pl<\/a>, mobile: +48 691 350\u00a0500, <a href=\"http:\/\/kajaki-slupia.pl\/\">http:\/\/kajaki-slupia.pl\/<\/a>, <\/span><\/span><\/p>\n<p style=\"text-align: justify;\"><span style=\"font-size: 12pt; font-family: georgia, palatino, serif;\"><span lang=\"en-GB\"><b>3. Baltic Bike Travel, <\/b><\/span><span lang=\"en-GB\">Lithuania, bike rental in Klaipeda,<\/span><b> <\/b><span lang=\"en-GB\">offers rental of more than 300 quality bikes and a lot of tourist equipment from German companies and other producers. They all are ideal for cycle tours along the Lithuanian Seaside and longer more demanding cross country routes in the Baltics and surrounding countries, <a href=\"http:\/\/www.bbtravel.lt\">www.bbtravel.lt<\/a>, <\/span><\/span><\/p>\n<p style=\"text-align: justify;\" align=\"JUSTIFY\"><span style=\"font-size: 12pt; font-family: georgia, palatino, serif;\"><span lang=\"en-GB\"><b>4. Baltic Bike Travel &amp; Rent (Du Ratai),<\/b><\/span><span lang=\"en-GB\"> Klaipeda, Lithuania, offers\u00a0rental of more than 300 quality bikes &amp; tourist equipment for excursions and cycle tours along\u00a0the Lithuanian Seaside Cycle Route,\u00a0in the Baltic States &#8211; Lithuania,\u00a0Latvia, Estonia and surrounding countries like Russia, Poland, contact: <a href=\"mailto:kornakasiliauskas@gmail.com\">kornakasiliauskas@gmail.com<\/a>, mobile: (+370) 672 58629, <a href=\"http:\/\/www.vedviraciunuoma.lt\/\">www.vedviraciunuoma.lt\/<\/a>, <\/span><\/span><\/p>\n<p style=\"text-align: justify;\" align=\"JUSTIFY\"><span style=\"font-size: 12pt; font-family: georgia, palatino, serif;\"><span lang=\"en-GB\"><b>5. Fahrrad Harm, <\/b><\/span><span lang=\"en-GB\">Germany<\/span><span lang=\"en-GB\"><b>, <\/b><\/span><span lang=\"en-GB\">bike rental near Jasmund National Park,<\/span><b> <\/b><span lang=\"en-GB\"><a href=\"http:\/\/www.harm-zweirad.de\">www.harm-zweirad.de<\/a>, <\/span><\/span><\/p>\n<p style=\"text-align: justify;\" align=\"JUSTIFY\"><span style=\"font-size: 12pt; font-family: georgia, palatino, serif;\"><span lang=\"en-GB\"><b>6. Der Usedom,<\/b><\/span> <span lang=\"en-GB\">Karlshagen, Germany,<\/span><b> <\/b><span lang=\"en-GB\">bike rental in Usedom, offers high quality bicycles from brands at reasonable prices. A wide range of tourist bikes, e-bikes, children&#8217;s bicycles and mountain<\/span><b> <\/b><span lang=\"en-GB\">bikes,<\/span><b> <\/b><span lang=\"en-GB\"><a href=\"https:\/\/usedom-fahrradverleih.de\/\">https:\/\/usedom-fahrradverleih.de\/<\/a>,<\/span><b> <\/b><\/span><\/p>\n<p style=\"text-align: justify;\" align=\"JUSTIFY\"><span style=\"font-size: 12pt; font-family: georgia, palatino, serif;\"><span lang=\"en-US\"><b>7. M\u00f6rrums Kronolaxfiske<\/b><\/span><span lang=\"en-US\">, M\u00f6rrum, Sweden, equipment for fishing hire. Amongst the equipment available for hire, you will find rods, reels, lines and the right lures and flies. Everything is checked and ready upon your arrival, the equipment being geared up to the conditions and time of season. They can also provide waders, wading staffs, landing nets and other equipment that you may be in need of. Contact: <a href=\"mailto:morrum@sveaskog.se\">morrum@sveaskog.se<\/a>, mobile: +46 454 50123, <a href=\"http:\/\/www.sveaskog.se\">www.sveaskog.se<\/a>, <\/span><\/span><\/p>\n<p style=\"text-align: justify;\" align=\"JUSTIFY\"><span style=\"font-size: 12pt; font-family: georgia, palatino, serif;\"><span lang=\"en-US\"><b>8.<\/b><\/span><span lang=\"en-GB\"><b> Wetlandi canoe rental,<\/b><\/span><span lang=\"en-GB\"> N\u00e4sum, Sweden. Contact: <a href=\"mailto:info@wetlandi.se\">info@wetlandi.se<\/a>, mobile:+46 (0) 735 to 314314, <a href=\"http:\/\/wetlandi.se\/\">http:\/\/wetlandi.se\/<\/a>.<\/span><\/span><\/p>\n<p style=\"text-align: justify;\"><span style=\"font-family: georgia, palatino, serif; font-size: 12pt;\"><span lang=\"en-US\"><b>Advice and Links to Sustainable Tourist Services<\/b><\/span><\/span><\/p>\n<p style=\"text-align: justify;\"><span style=\"font-family: georgia, palatino, serif; font-size: 12pt;\"><span lang=\"en-US\">TourHQ is an online platform that connects travellers with tourism service providers, <a href=\"http:\/\/www.tourhq.com\/\">www.tourhq.com\/<\/a>.<\/span><\/span><\/p>\n<p style=\"text-align: justify;\"><span style=\"font-family: georgia, palatino, serif; font-size: 12pt;\"><span lang=\"en-US\">Best sites to find a guide from almost every country are <a href=\"https:\/\/tourguides.viator.com\">https:\/\/tourguides.viator.com<\/a> and <a href=\"http:\/\/www.rent-a-guide.com\">www.rent-a-guide.com<\/a>.<\/span><\/span><\/p>\n<p style=\"text-align: justify;\"><span style=\"font-family: georgia, palatino, serif; font-size: 12pt;\"><span lang=\"en-US\">1. <a href=\"http:\/\/www.fishingparadise.se\">www.fishingparadise.se<\/a>, <\/span><\/span><\/p>\n<p style=\"text-align: justify;\"><span lang=\"en-US\" style=\"font-size: 12pt; font-family: georgia, palatino, serif;\">Other links:<\/span><\/p>\n<p style=\"text-align: justify;\"><span style=\"font-family: georgia, palatino, serif; font-size: 12pt;\"><span lang=\"en-US\">2. Kristianstad Tourist Information: <a href=\"http:\/\/www.kristianstad.se\/sv\/Turism\/\">www.kristianstad.se\/sv\/Turism\/<\/a>, <\/span><\/span><\/p>\n<p style=\"text-align: justify;\"><span style=\"font-family: georgia, palatino, serif; font-size: 12pt;\"><span lang=\"en-US\">3. S\u00f6lvesborg Tourist Information: <a href=\"http:\/\/www.solvesborg.se\/1007\">www.solvesborg.se\/1007<\/a>, <\/span><\/span><\/p>\n<p style=\"text-align: justify;\"><span style=\"font-family: georgia, palatino, serif; font-size: 12pt;\"><span lang=\"en-US\">4. Official guide to Sk\u00e5ne in Sweden: <a href=\"https:\/\/visitskane.com\">https:\/\/visitskane.com<\/a>, <\/span><\/span><\/p>\n<p style=\"text-align: justify;\"><span style=\"font-family: georgia, palatino, serif; font-size: 12pt;\"><span lang=\"en-US\">5. National Parks of Sweden &#8211; here, you will find everything you need to know before your visit to each National Park in Sweden: when it is best to visit the park, how to get there and the rules you will need to follow once you are there: <a href=\"http:\/\/www.nationalparksofsweden.se\">www.nationalparksofsweden.se<\/a>, <\/span><\/span><\/p>\n<p style=\"text-align: justify;\"><span style=\"font-family: georgia, palatino, serif; font-size: 12pt;\"><span lang=\"en-US\">6. <a href=\"http:\/\/www.inyourpocket.com\">www.inyourpocket.com<\/a>, <\/span><\/span><\/p>\n<p style=\"text-align: justify;\"><span style=\"font-family: georgia, palatino, serif; font-size: 12pt;\"><span lang=\"en-US\">7. <a href=\"http:\/\/pomorskie.travel\">http:\/\/pomorskie.travel<\/a>. <\/span><\/span><\/p>\n<p style=\"text-align: justify;\"><span style=\"font-family: georgia, palatino, serif; font-size: 12pt;\"><span lang=\"en-US\">8. <a href=\"http:\/\/www.seatours.pl\">www.seatours.pl<\/a><\/span><\/span><\/p>\n<p style=\"text-align: justify;\"><span style=\"font-family: georgia, palatino, serif; font-size: 12pt;\"><span lang=\"en-US\">9. <a href=\"http:\/\/www.getmyboat.com\">www.getmyboat.com<\/a><\/span><\/span><\/p>\n<p> <\/p>","protected":false},"excerpt":{"rendered":"<p>Atsipra\u0161ome, \u0161is puslapis galimas tik Jungtini\u0173 Valstij\u0173 Angl\u0173. For the sake of viewer convenience, the content is shown below in the alternative language. You may click the link to switch the active language. Tourist Equipment Rentals 1. Okajakibytow.Pl Kayak Rental, Byt\u00f3w, Poland, offers\u00a0rental of kayaks (S\u0142upia river). Contact: okajakibytow@gmail.com, mobile: +48 500 643\u00a0448, http:\/\/okajakibytow.pl 2. [&hellip;]<\/p>\n","protected":false},"author":3,"featured_media":0,"parent":488,"menu_order":0,"comment_status":"closed","ping_status":"closed","template":"","meta":[],"categories":[36,30],"tags":[],"_links":{"self":[{"href":"https:\/\/sbt.ug.edu.pl\/lt\/wp-json\/wp\/v2\/pages\/3894"}],"collection":[{"href":"https:\/\/sbt.ug.edu.pl\/lt\/wp-json\/wp\/v2\/pages"}],"about":[{"href":"https:\/\/sbt.ug.edu.pl\/lt\/wp-json\/wp\/v2\/types\/page"}],"author":[{"embeddable":true,"href":"https:\/\/sbt.ug.edu.pl\/lt\/wp-json\/wp\/v2\/users\/3"}],"replies":[{"embeddable":true,"href":"https:\/\/sbt.ug.edu.pl\/lt\/wp-json\/wp\/v2\/comments?post=3894"}],"version-history":[{"count":1,"href":"https:\/\/sbt.ug.edu.pl\/lt\/wp-json\/wp\/v2\/pages\/3894\/revisions"}],"predecessor-version":[{"id":3895,"href":"https:\/\/sbt.ug.edu.pl\/lt\/wp-json\/wp\/v2\/pages\/3894\/revisions\/3895"}],"up":[{"embeddable":true,"href":"https:\/\/sbt.ug.edu.pl\/lt\/wp-json\/wp\/v2\/pages\/488"}],"wp:attachment":[{"href":"https:\/\/sbt.ug.edu.pl\/lt\/wp-json\/wp\/v2\/media?parent=3894"}],"wp:term":[{"taxonomy":"category","embeddable":true,"href":"https:\/\/sbt.ug.edu.pl\/lt\/wp-json\/wp\/v2\/categories?post=3894"},{"taxonomy":"post_tag","embeddable":true,"href":"https:\/\/sbt.ug.edu.pl\/lt\/wp-json\/wp\/v2\/tags?post=3894"}],"curies":[{"name":"wp","href":"https:\/\/api.w.org\/{rel}","templated":true}]}}