{"id":457,"date":"2018-12-05T09:58:04","date_gmt":"2018-12-05T08:58:04","guid":{"rendered":"http:\/\/southbaltic-tourist.eu\/?page_id=457"},"modified":"2021-05-31T18:18:33","modified_gmt":"2021-05-31T17:18:33","slug":"national-parks-exploration","status":"publish","type":"page","link":"https:\/\/sbt.ug.edu.pl\/lt\/routes\/national-parks-exploration\/","title":{"rendered":"National Parks Exploration"},"content":{"rendered":"<p class=\"qtranxs-available-languages-message qtranxs-available-languages-message-lt\">Atsipra\u0161ome, \u0161is puslapis galimas tik <a href=\"https:\/\/sbt.ug.edu.pl\/en\/wp-json\/wp\/v2\/pages\/457\" class=\"qtranxs-available-language-link qtranxs-available-language-link-en\" title=\"English\">Jungtini\u0173 Valstij\u0173 Angl\u0173<\/a>, <a href=\"https:\/\/sbt.ug.edu.pl\/de\/wp-json\/wp\/v2\/pages\/457\" class=\"qtranxs-available-language-link qtranxs-available-language-link-de\" title=\"Deutsch\">Vokie\u010di\u0173<\/a>, <a href=\"https:\/\/sbt.ug.edu.pl\/pl\/wp-json\/wp\/v2\/pages\/457\" class=\"qtranxs-available-language-link qtranxs-available-language-link-pl\" title=\"Polski\">Lenk\u0173<\/a> ir <a href=\"https:\/\/sbt.ug.edu.pl\/sv\/wp-json\/wp\/v2\/pages\/457\" class=\"qtranxs-available-language-link qtranxs-available-language-link-sv\" title=\"Svenska\">\u0160ved\u0173<\/a>. For the sake of viewer convenience, the content is shown below in this site default language. You may click one of the links to switch the site language to another available language.<\/p><p><\/p>\n<p style=\"text-align: justify;\"><span style=\"font-family: georgia, palatino, serif; font-size: 12pt;\"><span lang=\"en-US\"><b>Route Highlights<\/b><\/span><\/span><\/p>\n<p style=\"text-align: justify;\"><span style=\"font-family: georgia, palatino, serif; font-size: 12pt;\"> <span lang=\"en-US\">National parks hotspots in 4 countries: Germany: R\u00fcgen Island, Kargow , <\/span>Mecklenburg-Western Pomerania; <span lang=\"en-US\">Sweden: <\/span>Simrishamn, Ljungbyhed, <a href=\"https:\/\/en.wikipedia.org\/wiki\/Sk%C3%A5ne\"><span style=\"color: #00000a;\">Sk\u00e5ne<\/span><\/a>, Eriksberg; <span lang=\"en-US\">Lithuania: Plateliai, Plung\u0117, Palanga Beach, Klaip\u0117da and Curonian Lagoon, Poland: <\/span>Mi\u0119dzyzdroje<span lang=\"en-US\">, Smo\u0142dzino, Przesieki, <\/span>provinces of <span style=\"color: #00000a;\">Warmi\u0144sko-Mazurskie<\/span>. <span lang=\"en-US\">Route is enriched with biking activities (Plateliai, Palanga, Klaip\u0117da), hiking activities (Skana, Jasmund ), bird watching and nature sightseeing: dunes, lagoons, rivers, lakes and wildlife.<\/span><\/span><\/p>\n<p><img decoding=\"async\" loading=\"lazy\" class=\"alignleft wp-image-2718\" src=\"https:\/\/southbaltic-tourist.eu\/wp-content\/uploads\/2019\/07\/1-3.jpg\" alt=\"\" width=\"524\" height=\"350\" srcset=\"https:\/\/sbt.ug.edu.pl\/wp-content\/uploads\/2019\/07\/1-3.jpg 392w, https:\/\/sbt.ug.edu.pl\/wp-content\/uploads\/2019\/07\/1-3-300x201.jpg 300w, https:\/\/sbt.ug.edu.pl\/wp-content\/uploads\/2019\/07\/1-3-150x100.jpg 150w\" sizes=\"(max-width: 524px) 100vw, 524px\" \/><\/p>\n<p><a href=\"https:\/\/southbaltic-tourist.eu\/wp-content\/uploads\/2020\/02\/R3.00-National-Parks-Exploration.png\" data-rel=\"lightbox-gallery-baVyED7u\" data-rl_title=\"\" data-rl_caption=\"\" title=\"\"><img decoding=\"async\" loading=\"lazy\" class=\"alignnone wp-image-5272\" src=\"https:\/\/southbaltic-tourist.eu\/wp-content\/uploads\/2020\/02\/R3.00-National-Parks-Exploration.png\" alt=\"\" width=\"602\" height=\"350\" srcset=\"https:\/\/sbt.ug.edu.pl\/wp-content\/uploads\/2020\/02\/R3.00-National-Parks-Exploration.png 1600w, https:\/\/sbt.ug.edu.pl\/wp-content\/uploads\/2020\/02\/R3.00-National-Parks-Exploration-300x174.png 300w, https:\/\/sbt.ug.edu.pl\/wp-content\/uploads\/2020\/02\/R3.00-National-Parks-Exploration-1024x595.png 1024w, https:\/\/sbt.ug.edu.pl\/wp-content\/uploads\/2020\/02\/R3.00-National-Parks-Exploration-768x446.png 768w, https:\/\/sbt.ug.edu.pl\/wp-content\/uploads\/2020\/02\/R3.00-National-Parks-Exploration-1536x893.png 1536w, https:\/\/sbt.ug.edu.pl\/wp-content\/uploads\/2020\/02\/R3.00-National-Parks-Exploration-150x87.png 150w\" sizes=\"(max-width: 602px) 100vw, 602px\" \/><\/a><\/p>\n<p style=\"text-align: justify;\" align=\"JUSTIFY\"><a name=\"_GoBack\"><\/a><span style=\"font-family: Segoe UI, serif;\"><span style=\"font-size: large;\"><span lang=\"en-US\"><b>Route Concept: \u201cDATING WITH NATURE\u201d <\/b><\/span><\/span><\/span><\/p>\n<p style=\"text-align: justify;\" align=\"JUSTIFY\"><span style=\"font-family: serif;\"><span style=\"font-size: large;\"><span lang=\"en\">This route is one of the best way to explore nature and to make an <\/span><\/span><\/span><span style=\"font-family: serif;\"><span style=\"font-size: large;\"><span lang=\"en-US\">acquaintance with its wildlife. This route is self-guided and is intended to help you plan your own adventure. Travelers can add parks or subtract depending on available time. It is recommended allow for travelers as much time as possible to explore these spectacular parks. <\/span><\/span><\/span><span style=\"font-family: serif;\"><span style=\"font-size: large;\"><span lang=\"en\"> Travelers can choose different ways of exploring nature: it can be made by biking, kayaking, walking trails or even horse riding. In many parks it is highly recommend to try sustainable tourism: bird watching, see wild animals, hiking and so on<\/span><\/span><\/span><span style=\"font-family: serif;\"><span style=\"font-size: large;\"><span lang=\"en-IE\">. These parks are<\/span><\/span><\/span><span style=\"color: #000000;\"><span style=\"font-family: serif;\"><span style=\"font-size: large;\"><span lang=\"en-IE\"> home to many rare plants and animals<\/span><\/span><\/span><\/span><span style=\"font-family: serif;\"><span style=\"font-size: large;\"><span lang=\"en-IE\">. This route include some objects from UNESCO Word Heritage List. Exploration trip offers to visit and have a great time in nearby surroundings: museums, to have attractions in local farms. After this route, travellers will be able to say: \u201cI was<\/span><\/span><\/span><span style=\"font-family: serif;\"><span style=\"font-size: large;\"><span lang=\"lt-LT\"> on a date with nature<\/span><\/span><\/span><span style=\"font-family: serif;\"><span style=\"font-size: large;\"><span lang=\"en-IE\"> \u201d\u2026.<\/span><\/span><\/span><\/p>\n<p>&nbsp;<\/p>","protected":false},"excerpt":{"rendered":"<p>Atsipra\u0161ome, \u0161is puslapis galimas tik Jungtini\u0173 Valstij\u0173 Angl\u0173, Vokie\u010di\u0173, Lenk\u0173 ir \u0160ved\u0173. For the sake of viewer convenience, the content is shown below in this site default language. You may click one of the links to switch the site language to another available language. Route Highlights National parks hotspots in 4 countries: Germany: R\u00fcgen Island, [&hellip;]<\/p>\n","protected":false},"author":1,"featured_media":0,"parent":171,"menu_order":0,"comment_status":"closed","ping_status":"closed","template":"","meta":[],"categories":[17],"tags":[],"_links":{"self":[{"href":"https:\/\/sbt.ug.edu.pl\/lt\/wp-json\/wp\/v2\/pages\/457"}],"collection":[{"href":"https:\/\/sbt.ug.edu.pl\/lt\/wp-json\/wp\/v2\/pages"}],"about":[{"href":"https:\/\/sbt.ug.edu.pl\/lt\/wp-json\/wp\/v2\/types\/page"}],"author":[{"embeddable":true,"href":"https:\/\/sbt.ug.edu.pl\/lt\/wp-json\/wp\/v2\/users\/1"}],"replies":[{"embeddable":true,"href":"https:\/\/sbt.ug.edu.pl\/lt\/wp-json\/wp\/v2\/comments?post=457"}],"version-history":[{"count":15,"href":"https:\/\/sbt.ug.edu.pl\/lt\/wp-json\/wp\/v2\/pages\/457\/revisions"}],"predecessor-version":[{"id":5732,"href":"https:\/\/sbt.ug.edu.pl\/lt\/wp-json\/wp\/v2\/pages\/457\/revisions\/5732"}],"up":[{"embeddable":true,"href":"https:\/\/sbt.ug.edu.pl\/lt\/wp-json\/wp\/v2\/pages\/171"}],"wp:attachment":[{"href":"https:\/\/sbt.ug.edu.pl\/lt\/wp-json\/wp\/v2\/media?parent=457"}],"wp:term":[{"taxonomy":"category","embeddable":true,"href":"https:\/\/sbt.ug.edu.pl\/lt\/wp-json\/wp\/v2\/categories?post=457"},{"taxonomy":"post_tag","embeddable":true,"href":"https:\/\/sbt.ug.edu.pl\/lt\/wp-json\/wp\/v2\/tags?post=457"}],"curies":[{"name":"wp","href":"https:\/\/api.w.org\/{rel}","templated":true}]}}