{"id":470,"date":"2018-12-05T10:41:12","date_gmt":"2018-12-05T09:41:12","guid":{"rendered":"http:\/\/southbaltic-tourist.eu\/?page_id=470"},"modified":"2021-06-10T16:10:55","modified_gmt":"2021-06-10T15:10:55","slug":"11-landskrona-ven-island-excurssion","status":"publish","type":"page","link":"https:\/\/sbt.ug.edu.pl\/lt\/routes\/windsurfing-exploration\/11-landskrona-ven-island-excurssion\/","title":{"rendered":"(English) 11. LANDSKRONA \u2013 VEN ISLAND EXCURSSION \u2013 BIKING"},"content":{"rendered":"<p class=\"qtranxs-available-languages-message qtranxs-available-languages-message-lt\">Atsipra\u0161ome, \u0161is puslapis galimas tik <a href=\"https:\/\/sbt.ug.edu.pl\/en\/wp-json\/wp\/v2\/pages\/470\" class=\"qtranxs-available-language-link qtranxs-available-language-link-en\" title=\"English\">Jungtini\u0173 Valstij\u0173 Angl\u0173<\/a>, <a href=\"https:\/\/sbt.ug.edu.pl\/de\/wp-json\/wp\/v2\/pages\/470\" class=\"qtranxs-available-language-link qtranxs-available-language-link-de\" title=\"Deutsch\">Vokie\u010di\u0173<\/a> ir <a href=\"https:\/\/sbt.ug.edu.pl\/pl\/wp-json\/wp\/v2\/pages\/470\" class=\"qtranxs-available-language-link qtranxs-available-language-link-pl\" title=\"Polski\">Lenk\u0173<\/a>. For the sake of viewer convenience, the content is shown below in this site default language. You may click one of the links to switch the site language to another available language.<\/p><p><\/p>\n<p style=\"text-align: justify;\"><strong>LOCATION<\/strong><\/p>\n<p style=\"text-align: justify;\">Landskrona ia a picturesque coastal town located in the western part of Sk\u00e5ne. The island of Ven close to Landskrona and requires passing the \u00d8resund strait which divides Denmark and Sweden. There is a ferry line running regularly between Landskrona and Ven Island. Landskrona is easily accessible by rail or road from Malm\u00f6 or Copenhagen.<\/p>\n<p style=\"text-align: justify;\">Biking is the best way to get the most out of sightseeing on Ven Island. Ven Island\u2019s geographical location is:\u00a0 55\u00b054\u2032N 12\u00b042\u2032E.<\/p>\n<p><img decoding=\"async\" loading=\"lazy\" class=\"alignleft wp-image-1375\" src=\"https:\/\/southbaltic-tourist.eu\/wp-content\/uploads\/2019\/07\/1.-Ven-1500-bicycles-R2.A11..jpg\" alt=\"\" width=\"467\" height=\"350\" srcset=\"https:\/\/sbt.ug.edu.pl\/wp-content\/uploads\/2019\/07\/1.-Ven-1500-bicycles-R2.A11..jpg 1280w, https:\/\/sbt.ug.edu.pl\/wp-content\/uploads\/2019\/07\/1.-Ven-1500-bicycles-R2.A11.-300x225.jpg 300w, https:\/\/sbt.ug.edu.pl\/wp-content\/uploads\/2019\/07\/1.-Ven-1500-bicycles-R2.A11.-768x576.jpg 768w, https:\/\/sbt.ug.edu.pl\/wp-content\/uploads\/2019\/07\/1.-Ven-1500-bicycles-R2.A11.-1024x768.jpg 1024w, https:\/\/sbt.ug.edu.pl\/wp-content\/uploads\/2019\/07\/1.-Ven-1500-bicycles-R2.A11.-150x113.jpg 150w, https:\/\/sbt.ug.edu.pl\/wp-content\/uploads\/2019\/07\/1.-Ven-1500-bicycles-R2.A11.-136x102.jpg 136w\" sizes=\"(max-width: 467px) 100vw, 467px\" \/><\/p>\n<p><a href=\"https:\/\/southbaltic-tourist.eu\/wp-content\/uploads\/2020\/01\/r1a11_Ven_Island_Biking_slim.png\" data-rel=\"lightbox-gallery-lGm36OHk\" data-rl_title=\"\" data-rl_caption=\"\" title=\"\"><img decoding=\"async\" loading=\"lazy\" class=\"alignnone wp-image-5138\" src=\"https:\/\/southbaltic-tourist.eu\/wp-content\/uploads\/2020\/01\/r1a11_Ven_Island_Biking_slim-300x174.png\" alt=\"\" width=\"602\" height=\"350\" srcset=\"https:\/\/sbt.ug.edu.pl\/wp-content\/uploads\/2020\/01\/r1a11_Ven_Island_Biking_slim-300x174.png 300w, https:\/\/sbt.ug.edu.pl\/wp-content\/uploads\/2020\/01\/r1a11_Ven_Island_Biking_slim-1024x595.png 1024w, https:\/\/sbt.ug.edu.pl\/wp-content\/uploads\/2020\/01\/r1a11_Ven_Island_Biking_slim-768x446.png 768w, https:\/\/sbt.ug.edu.pl\/wp-content\/uploads\/2020\/01\/r1a11_Ven_Island_Biking_slim-1536x893.png 1536w, https:\/\/sbt.ug.edu.pl\/wp-content\/uploads\/2020\/01\/r1a11_Ven_Island_Biking_slim-150x87.png 150w, https:\/\/sbt.ug.edu.pl\/wp-content\/uploads\/2020\/01\/r1a11_Ven_Island_Biking_slim.png 1600w\" sizes=\"(max-width: 602px) 100vw, 602px\" \/><\/a><\/p>\n<p><a href=\"https:\/\/www.google.com\/maps\/place\/Ven\/@55.9057654,12.6607726,13z\/data=!3m1!4b1!4m5!3m4!1s0x46524a9ffa99f2b7:0x9fca7e0e1fdf104e!8m2!3d55.9124661!4d12.6915966\" target=\"_blank\" rel=\"noopener noreferrer\">View on Google Maps<\/a><\/p>\n<p style=\"text-align: justify;\"><strong>BIKING &amp; SIGHTSEEING OF THE VEN ISLAND<\/strong><\/p>\n<p style=\"text-align: justify;\">The sightseeing trip starts in Landskrona, a historical city with a beautiful citadel, old churches, pleasant city centre, and broad marina. From the port tourists can take a ferry to Ven Island. Once there, you can rent a bike in one of its many rental places \u2013 it will allow you to get the most of your experience here and make it easy to travel around. On one of Ven\u2019s typical yellow bikes the tourist can visit all four villages located on the island. The first stop can be by the ice cream factory in Hvens, the next one at the picturesque approach to Ven\u2019s cliffs and past the green areas for football and golf activities. On the way back you can take the route with the Tycho Brahe Museum on the way (Brahe was a famous astronomer of the 16th century). The places of interest on the island include the observatory, gardens, caf\u00e9s, restaurants and the church. From the observatory there is a route down the hill, back to the port. The island is sometimes called the pearl of \u00d8resund and numerous tourists confirm that it is very relaxing here.<\/p>\n<p style=\"text-align: justify;\"><strong>ATTRACTIONS<\/strong><\/p>\n<p style=\"text-align: justify;\">The whole region of Sk\u00e5ne is one of the most attractive in Sweden. It includes different attractions ranging from cultural heritage sites (old castles, cathedrals, churches, historical cities and picturesque towns and villages) to natural heritage sites (green agricultural areas, national parks and nature reserves). The region has extensive biking routes that allow the visitor to experience the local natural wonders in the most active of ways. Being very close to Copenhagen, the region is dotted with small islands, the most famous being the Island of Ven. \u00d6resund bridge, which connects Sweden and Denmark, is also a significant landmark of the region.<\/p>\n<p><code><div class=\"rl-gallery-container rl-loading\" id=\"rl-gallery-container-1\" data-gallery_id=\"1190\"> <div class=\"rl-gallery rl-basicgrid-gallery \" id=\"rl-gallery-1\" data-gallery_no=\"1\"> <div class=\"rl-gallery-item\"><a href=\"https:\/\/sbt.ug.edu.pl\/wp-content\/uploads\/2019\/07\/1.-Ven-1500-bicycles-R2.A11..jpg\" title=\"1. Ven 1500 bicycles, author: Erik Enfors, source: https:\/\/ia.wikipedia.org\/wiki\/Insula_Ven#\/media\/File:Ven_1500_bicycles.jpg, 06.07.2006, CC BY-SA 3.0.\" data-rl_title=\"1. Ven 1500 bicycles, author: Erik Enfors, source: https:\/\/ia.wikipedia.org\/wiki\/Insula_Ven#\/media\/File:Ven_1500_bicycles.jpg, 06.07.2006, CC BY-SA 3.0.\" class=\"rl-gallery-link\" data-rl_caption=\"\" data-rel=\"lightbox-gallery-1\"><img src=\"https:\/\/sbt.ug.edu.pl\/wp-content\/uploads\/2019\/07\/1.-Ven-1500-bicycles-R2.A11.-768x576.jpg\" width=\"640\" height=\"480\" alt=\"\" \/><\/a><\/div><div class=\"rl-gallery-item\"><a href=\"https:\/\/sbt.ug.edu.pl\/wp-content\/uploads\/2019\/07\/2.-Backafall-Ven-R2.A11..jpg\" title=\"2. Backafall, Ven, author: jorchr; source: https:\/\/commons.wikimedia.org\/wiki\/File:Backafall,_Ven.jpg, 20.07.2006, Creative Commons Attribution-Share Alike 3.0 Unported.\" data-rl_title=\"2. Backafall, Ven, author: jorchr; source: https:\/\/commons.wikimedia.org\/wiki\/File:Backafall,_Ven.jpg, 20.07.2006, Creative Commons Attribution-Share Alike 3.0 Unported.\" class=\"rl-gallery-link\" data-rl_caption=\"\" data-rel=\"lightbox-gallery-1\"><img src=\"https:\/\/sbt.ug.edu.pl\/wp-content\/uploads\/2019\/07\/2.-Backafall-Ven-R2.A11.-768x560.jpg\" width=\"640\" height=\"467\" alt=\"\" \/><\/a><\/div><div class=\"rl-gallery-item\"><a href=\"https:\/\/sbt.ug.edu.pl\/wp-content\/uploads\/2019\/07\/3.-Ven-from-east-R2.A11..jpg\" title=\"3. Ven-from-east, author: Bj\u00f8rn Christian T\u00f8rrissen; source: https:\/\/en.wikipedia.org\/wiki\/Ven_(Sweden)#\/media\/File:Ven-from-east.jpg, 02.05.2018, Creative Commons Attribution-Share Alike 4.0 International license.\" data-rl_title=\"3. Ven-from-east, author: Bj\u00f8rn Christian T\u00f8rrissen; source: https:\/\/en.wikipedia.org\/wiki\/Ven_(Sweden)#\/media\/File:Ven-from-east.jpg, 02.05.2018, Creative Commons Attribution-Share Alike 4.0 International license.\" class=\"rl-gallery-link\" data-rl_caption=\"\" data-rel=\"lightbox-gallery-1\"><img src=\"https:\/\/sbt.ug.edu.pl\/wp-content\/uploads\/2019\/07\/3.-Ven-from-east-R2.A11.-768x421.jpg\" width=\"640\" height=\"351\" alt=\"\" \/><\/a><\/div><div class=\"rl-gallery-item\"><a href=\"https:\/\/sbt.ug.edu.pl\/wp-content\/uploads\/2019\/07\/4.-Cycling-on-Hven-R2.A11..jpg\" title=\"4. Cycling on Hven, author: malouette, source: https:\/\/commons.wikimedia.org\/wiki\/File:Cycling_on_Hven.jpg, 19.07.2007, Creative Commons Attribution 2.0 Generic.\" data-rl_title=\"4. Cycling on Hven, author: malouette, source: https:\/\/commons.wikimedia.org\/wiki\/File:Cycling_on_Hven.jpg, 19.07.2007, Creative Commons Attribution 2.0 Generic.\" class=\"rl-gallery-link\" data-rl_caption=\"\" data-rel=\"lightbox-gallery-1\"><img src=\"https:\/\/sbt.ug.edu.pl\/wp-content\/uploads\/2019\/07\/4.-Cycling-on-Hven-R2.A11.-768x513.jpg\" width=\"640\" height=\"428\" alt=\"\" \/><\/a><\/div><div class=\"rl-gallery-item\"><a href=\"https:\/\/sbt.ug.edu.pl\/wp-content\/uploads\/2019\/07\/5.-Kyrkbakens-harbour-R2.A11..jpg\" title=\"5. Kyrkbakens harbour, author: bjaglin, source: https:\/\/commons.wikimedia.org\/wiki\/File:Kyrkbakens_hamn.jpg, 01.04.2007, Creative Commons Attribution 2.0 Generic.\" data-rl_title=\"5. Kyrkbakens harbour, author: bjaglin, source: https:\/\/commons.wikimedia.org\/wiki\/File:Kyrkbakens_hamn.jpg, 01.04.2007, Creative Commons Attribution 2.0 Generic.\" class=\"rl-gallery-link\" data-rl_caption=\"\" data-rel=\"lightbox-gallery-1\"><img src=\"https:\/\/sbt.ug.edu.pl\/wp-content\/uploads\/2019\/07\/5.-Kyrkbakens-harbour-R2.A11.-768x511.jpg\" width=\"640\" height=\"426\" alt=\"\" \/><\/a><\/div><div class=\"rl-gallery-item\"><a href=\"https:\/\/sbt.ug.edu.pl\/wp-content\/uploads\/2019\/07\/6.-Marina-in-Kyrkbacken-R2.A11..jpg\" title=\"6. Marina in Kyrkbacken, author: Svenskan, source: https:\/\/commons.wikimedia.org\/wiki\/File:Marina_Kyrkbacken.jpg, 24.05.2007, Creative Commons Attribution-Share Alike 3.0 Unported.\" data-rl_title=\"6. Marina in Kyrkbacken, author: Svenskan, source: https:\/\/commons.wikimedia.org\/wiki\/File:Marina_Kyrkbacken.jpg, 24.05.2007, Creative Commons Attribution-Share Alike 3.0 Unported.\" class=\"rl-gallery-link\" data-rl_caption=\"\" data-rel=\"lightbox-gallery-1\"><img src=\"https:\/\/sbt.ug.edu.pl\/wp-content\/uploads\/2019\/07\/6.-Marina-in-Kyrkbacken-R2.A11.-768x576.jpg\" width=\"640\" height=\"480\" alt=\"\" \/><\/a><\/div><div class=\"rl-gallery-item\"><a href=\"https:\/\/sbt.ug.edu.pl\/wp-content\/uploads\/2019\/07\/7.-Ostervold-Observatory-and-statue-R2.A11..jpg\" title=\"7. Ostervold Observatory and statue, author: Olivier Bruchez; source: https:\/\/commons.wikimedia.org\/wiki\/File:%C3%98stervold_Observatory_and_statue.jpg , 06.06.2016, Creative Commons Attribution-Share Alike 2.0 Generic.\" data-rl_title=\"7. Ostervold Observatory and statue, author: Olivier Bruchez; source: https:\/\/commons.wikimedia.org\/wiki\/File:%C3%98stervold_Observatory_and_statue.jpg , 06.06.2016, Creative Commons Attribution-Share Alike 2.0 Generic.\" class=\"rl-gallery-link\" data-rl_caption=\"\" data-rel=\"lightbox-gallery-1\"><img src=\"https:\/\/sbt.ug.edu.pl\/wp-content\/uploads\/2019\/07\/7.-Ostervold-Observatory-and-statue-R2.A11.-768x512.jpg\" width=\"640\" height=\"427\" alt=\"\" \/><\/a><\/div><div class=\"rl-gallery-item\"><a href=\"https:\/\/sbt.ug.edu.pl\/wp-content\/uploads\/2019\/07\/8.-Ven-Field-R2.A11..jpg\" title=\"8. Ven Field, author: Lonezor, source:https:\/\/en.wikipedia.org\/wiki\/File:Ven_Field.jpg, 10.07.2008, CC BY-SA 3.0.\" data-rl_title=\"8. Ven Field, author: Lonezor, source:https:\/\/en.wikipedia.org\/wiki\/File:Ven_Field.jpg, 10.07.2008, CC BY-SA 3.0.\" class=\"rl-gallery-link\" data-rl_caption=\"\" data-rel=\"lightbox-gallery-1\"><img src=\"https:\/\/sbt.ug.edu.pl\/wp-content\/uploads\/2019\/07\/8.-Ven-Field-R2.A11.-768x576.jpg\" width=\"640\" height=\"480\" alt=\"\" \/><\/a><\/div><div class=\"rl-gallery-item\"><a href=\"https:\/\/sbt.ug.edu.pl\/wp-content\/uploads\/2019\/07\/9.-Landskrona-Castle-R2.A11..jpg\" title=\"9. Landskrona Castle, author: Eddie Bernard, source: https:\/\/commons.wikimedia.org\/wiki\/File:Landskrona_-_La_citadelle.jpg, 24.08.2009, Creative Commons Attribution-Share Alike 3.0 Unported.\" data-rl_title=\"9. Landskrona Castle, author: Eddie Bernard, source: https:\/\/commons.wikimedia.org\/wiki\/File:Landskrona_-_La_citadelle.jpg, 24.08.2009, Creative Commons Attribution-Share Alike 3.0 Unported.\" class=\"rl-gallery-link\" data-rl_caption=\"\" data-rel=\"lightbox-gallery-1\"><img src=\"https:\/\/sbt.ug.edu.pl\/wp-content\/uploads\/2019\/07\/9.-Landskrona-Castle-R2.A11.-768x576.jpg\" width=\"640\" height=\"480\" alt=\"\" \/><\/a><\/div><div class=\"rl-gallery-item\"><a href=\"https:\/\/sbt.ug.edu.pl\/wp-content\/uploads\/2019\/07\/10.-Map-of-Hven-from-copper-etching-of-Blaeu-Atlas-1663-R2.A11..jpg\" title=\"10. Map of Hven from copper etching of Blaeu Atlas 1663, author: Johannes Blaeu, source: https:\/\/commons.wikimedia.org\/wiki\/File:Map_of_Hven_from_copper_etching_of_Blaeu_Atlas_1663.jpg, , 1663, Public domain.\" data-rl_title=\"10. Map of Hven from copper etching of Blaeu Atlas 1663, author: Johannes Blaeu, source: https:\/\/commons.wikimedia.org\/wiki\/File:Map_of_Hven_from_copper_etching_of_Blaeu_Atlas_1663.jpg, , 1663, Public domain.\" class=\"rl-gallery-link\" data-rl_caption=\"\" data-rel=\"lightbox-gallery-1\"><img src=\"https:\/\/sbt.ug.edu.pl\/wp-content\/uploads\/2019\/07\/10.-Map-of-Hven-from-copper-etching-of-Blaeu-Atlas-1663-R2.A11.-768x602.jpg\" width=\"640\" height=\"502\" alt=\"\" \/><\/a><\/div> <\/div> <\/div><\/code><\/p>\n<p>&nbsp;<\/p>","protected":false},"excerpt":{"rendered":"<p>Atsipra\u0161ome, \u0161is puslapis galimas tik Jungtini\u0173 Valstij\u0173 Angl\u0173, Vokie\u010di\u0173 ir Lenk\u0173. For the sake of viewer convenience, the content is shown below in this site default language. You may click one of the links to switch the site language to another available language. LOCATION Landskrona ia a picturesque coastal town located in the western part [&hellip;]<\/p>\n","protected":false},"author":3,"featured_media":0,"parent":174,"menu_order":0,"comment_status":"closed","ping_status":"closed","template":"","meta":[],"categories":[34,13,9],"tags":[],"_links":{"self":[{"href":"https:\/\/sbt.ug.edu.pl\/lt\/wp-json\/wp\/v2\/pages\/470"}],"collection":[{"href":"https:\/\/sbt.ug.edu.pl\/lt\/wp-json\/wp\/v2\/pages"}],"about":[{"href":"https:\/\/sbt.ug.edu.pl\/lt\/wp-json\/wp\/v2\/types\/page"}],"author":[{"embeddable":true,"href":"https:\/\/sbt.ug.edu.pl\/lt\/wp-json\/wp\/v2\/users\/3"}],"replies":[{"embeddable":true,"href":"https:\/\/sbt.ug.edu.pl\/lt\/wp-json\/wp\/v2\/comments?post=470"}],"version-history":[{"count":15,"href":"https:\/\/sbt.ug.edu.pl\/lt\/wp-json\/wp\/v2\/pages\/470\/revisions"}],"predecessor-version":[{"id":5812,"href":"https:\/\/sbt.ug.edu.pl\/lt\/wp-json\/wp\/v2\/pages\/470\/revisions\/5812"}],"up":[{"embeddable":true,"href":"https:\/\/sbt.ug.edu.pl\/lt\/wp-json\/wp\/v2\/pages\/174"}],"wp:attachment":[{"href":"https:\/\/sbt.ug.edu.pl\/lt\/wp-json\/wp\/v2\/media?parent=470"}],"wp:term":[{"taxonomy":"category","embeddable":true,"href":"https:\/\/sbt.ug.edu.pl\/lt\/wp-json\/wp\/v2\/categories?post=470"},{"taxonomy":"post_tag","embeddable":true,"href":"https:\/\/sbt.ug.edu.pl\/lt\/wp-json\/wp\/v2\/tags?post=470"}],"curies":[{"name":"wp","href":"https:\/\/api.w.org\/{rel}","templated":true}]}}