{"id":482,"date":"2018-12-05T12:55:13","date_gmt":"2018-12-05T11:55:13","guid":{"rendered":"http:\/\/southbaltic-tourist.eu\/?page_id=482"},"modified":"2021-05-31T18:31:48","modified_gmt":"2021-05-31T17:31:48","slug":"blue-and-green-believes-and-religions-of-the-south-baltic-area","status":"publish","type":"page","link":"https:\/\/sbt.ug.edu.pl\/lt\/routes\/blue-and-green-believes-and-religions-of-the-south-baltic-area\/","title":{"rendered":"(English) The Spiritual Roots of Europe"},"content":{"rendered":"<p class=\"qtranxs-available-languages-message qtranxs-available-languages-message-lt\">Atsipra\u0161ome, \u0161is puslapis galimas tik <a href=\"https:\/\/sbt.ug.edu.pl\/en\/wp-json\/wp\/v2\/pages\/482\" class=\"qtranxs-available-language-link qtranxs-available-language-link-en\" title=\"English\">Jungtini\u0173 Valstij\u0173 Angl\u0173<\/a>, <a href=\"https:\/\/sbt.ug.edu.pl\/de\/wp-json\/wp\/v2\/pages\/482\" class=\"qtranxs-available-language-link qtranxs-available-language-link-de\" title=\"Deutsch\">Vokie\u010di\u0173<\/a>, <a href=\"https:\/\/sbt.ug.edu.pl\/pl\/wp-json\/wp\/v2\/pages\/482\" class=\"qtranxs-available-language-link qtranxs-available-language-link-pl\" title=\"Polski\">Lenk\u0173<\/a> ir <a href=\"https:\/\/sbt.ug.edu.pl\/sv\/wp-json\/wp\/v2\/pages\/482\" class=\"qtranxs-available-language-link qtranxs-available-language-link-sv\" title=\"Svenska\">\u0160ved\u0173<\/a>. For the sake of viewer convenience, the content is shown below in this site default language. You may click one of the links to switch the site language to another available language.<\/p><p><strong>Route Highlights:<\/strong><br \/>\nAround the South Baltic area, from Swedish Blekinge, through Danish islands, Mecklenburg, West Pomerania, Polish Pomerania to Lithuanian Samogitia, there are a few thousand temples, places of worship and ones connected with beliefs and religiousness. Although the area is mostly Christian, there is no shortage of sites which prove that before missionaries and knights carrying the news of Jesus got here, local peoples attached great importance to contact with the supernatural world, and their religiousness was deep and earnest. In Lithuania there are still native believers who confidently cultivate the former rituals. The selection of the most important places was quite difficult. Nevertheless, we present almost 100 churches, sacred mountains, sanctuaries and prehistoric cemeteries in 18 locations (Lithuania: Taurag\u0117, Klaip\u0117da, Palanga, Tel\u0161iai; Poland: Elbl\u0105g, Malbork, L\u0119bork, Koszalin, Kamie\u0144 Pomorski; Germany: Greifswald, R\u00fcgen, Stralsund, Rostock; Denmark: Nyk\u00f8bing Falster, Roskilde, Bornholm; Sweden: Ystad and Karlshamn). Depending on time and abilities, everyone will surely enrich the suggested set of destinations with others, sacred and religious sites located in the vicinity. Planning your journey along the Baltic trail of religion and beliefs, remember that these are not the only attractions of this part of Europe.<\/p>\n<p><img decoding=\"async\" loading=\"lazy\" class=\"alignnone wp-image-1602 \" src=\"https:\/\/southbaltic-tourist.eu\/wp-content\/uploads\/2019\/07\/foto-3.jpg\" alt=\"\" width=\"745\" height=\"499\" srcset=\"https:\/\/sbt.ug.edu.pl\/wp-content\/uploads\/2019\/07\/foto-3.jpg 695w, https:\/\/sbt.ug.edu.pl\/wp-content\/uploads\/2019\/07\/foto-3-300x201.jpg 300w, https:\/\/sbt.ug.edu.pl\/wp-content\/uploads\/2019\/07\/foto-3-150x100.jpg 150w\" sizes=\"(max-width: 745px) 100vw, 745px\" \/> <img decoding=\"async\" loading=\"lazy\" class=\"alignnone wp-image-1603 \" src=\"https:\/\/southbaltic-tourist.eu\/wp-content\/uploads\/2019\/07\/R4.00_calosc.jpg\" alt=\"\" width=\"745\" height=\"383\" srcset=\"https:\/\/sbt.ug.edu.pl\/wp-content\/uploads\/2019\/07\/R4.00_calosc.jpg 993w, https:\/\/sbt.ug.edu.pl\/wp-content\/uploads\/2019\/07\/R4.00_calosc-300x155.jpg 300w, https:\/\/sbt.ug.edu.pl\/wp-content\/uploads\/2019\/07\/R4.00_calosc-768x396.jpg 768w, https:\/\/sbt.ug.edu.pl\/wp-content\/uploads\/2019\/07\/R4.00_calosc-150x77.jpg 150w\" sizes=\"(max-width: 745px) 100vw, 745px\" \/><\/p>\n<p>Route Concept 1:<br \/>\n1. R4.A7 (Kashubia) &gt; 2. S\u0142owi\u0144skie Park Narodowy &gt; 3. R4.A8 (Central Pomerania) &gt; 4. R4.A9 (Wolin Island and Trzebiat\u00f3w Coast) &gt; 5. Woli\u0144ski Park Narodowy + ferry \u015awinouj\u015bcie \u2013 Ystad &gt; 6. R4.A17 (Ystad and \u00d6sterlen) &gt; 7. R4.A18 (Eastern Scania and Blekinge) + ferry Karlshamn-Klaipeda &gt; 8. R4.A2 (Little Lithuania) + Kur\u0161i\u0173 Nerijos Nacionalinis Parkas &gt; 9. R4.A3 (On the Curonian Land) &gt; 10. \u017demaitijos Nacionalinis Parkas &gt; 11.R4.A4 (Samogitia).<\/p>\n<p>Route Concept 2:<br \/>\n1. R4.A5 (Warmia) &gt; 2. R4.A6 (By the Lower Vistula River) + ferry Gdynia &#8211; Karlskrona &gt; 3. R4.A18 (Eastern Scania and Blekinge) &gt; 4. R4.A17 (Ystad and \u00d6sterlen) &gt; 5. Kopenhaga &gt; 6. R4.A16 (Eastern Zealand) &gt; 7. R4.A15 (South Zealand, M\u00f8n Island and Falster Island) &gt; 8. ferry Nykobing -Rostock + R4.A14 (Mecklemburg) &gt; 9. R4.A12 (Between Stralsund and Barth) &gt; 10-11. R4.A10 (The island of R\u00fcgen) + Nationalpark Jasmund &gt; 12. R4.A11<br \/>\n(Greifswald neighbourhood).<\/p>","protected":false},"excerpt":{"rendered":"<p>Atsipra\u0161ome, \u0161is puslapis galimas tik Jungtini\u0173 Valstij\u0173 Angl\u0173, Vokie\u010di\u0173, Lenk\u0173 ir \u0160ved\u0173. For the sake of viewer convenience, the content is shown below in this site default language. You may click one of the links to switch the site language to another available language.Route Highlights: Around the South Baltic area, from Swedish Blekinge, through Danish [&hellip;]<\/p>\n","protected":false},"author":1,"featured_media":0,"parent":171,"menu_order":0,"comment_status":"closed","ping_status":"closed","template":"","meta":[],"categories":[17],"tags":[],"_links":{"self":[{"href":"https:\/\/sbt.ug.edu.pl\/lt\/wp-json\/wp\/v2\/pages\/482"}],"collection":[{"href":"https:\/\/sbt.ug.edu.pl\/lt\/wp-json\/wp\/v2\/pages"}],"about":[{"href":"https:\/\/sbt.ug.edu.pl\/lt\/wp-json\/wp\/v2\/types\/page"}],"author":[{"embeddable":true,"href":"https:\/\/sbt.ug.edu.pl\/lt\/wp-json\/wp\/v2\/users\/1"}],"replies":[{"embeddable":true,"href":"https:\/\/sbt.ug.edu.pl\/lt\/wp-json\/wp\/v2\/comments?post=482"}],"version-history":[{"count":11,"href":"https:\/\/sbt.ug.edu.pl\/lt\/wp-json\/wp\/v2\/pages\/482\/revisions"}],"predecessor-version":[{"id":5734,"href":"https:\/\/sbt.ug.edu.pl\/lt\/wp-json\/wp\/v2\/pages\/482\/revisions\/5734"}],"up":[{"embeddable":true,"href":"https:\/\/sbt.ug.edu.pl\/lt\/wp-json\/wp\/v2\/pages\/171"}],"wp:attachment":[{"href":"https:\/\/sbt.ug.edu.pl\/lt\/wp-json\/wp\/v2\/media?parent=482"}],"wp:term":[{"taxonomy":"category","embeddable":true,"href":"https:\/\/sbt.ug.edu.pl\/lt\/wp-json\/wp\/v2\/categories?post=482"},{"taxonomy":"post_tag","embeddable":true,"href":"https:\/\/sbt.ug.edu.pl\/lt\/wp-json\/wp\/v2\/tags?post=482"}],"curies":[{"name":"wp","href":"https:\/\/api.w.org\/{rel}","templated":true}]}}