{"id":488,"date":"2018-12-05T12:57:42","date_gmt":"2018-12-05T11:57:42","guid":{"rendered":"http:\/\/southbaltic-tourist.eu\/?page_id=488"},"modified":"2021-05-31T18:48:41","modified_gmt":"2021-05-31T17:48:41","slug":"wildlife-nature-trails-folkuniversitetet-sweden","status":"publish","type":"page","link":"https:\/\/sbt.ug.edu.pl\/lt\/routes\/wildlife-nature-trails-folkuniversitetet-sweden\/","title":{"rendered":"(English) Wildlife Nature Trails"},"content":{"rendered":"<p class=\"qtranxs-available-languages-message qtranxs-available-languages-message-lt\">Atsipra\u0161ome, \u0161is puslapis galimas tik <a href=\"https:\/\/sbt.ug.edu.pl\/en\/wp-json\/wp\/v2\/pages\/488\" class=\"qtranxs-available-language-link qtranxs-available-language-link-en\" title=\"English\">Jungtini\u0173 Valstij\u0173 Angl\u0173<\/a>, <a href=\"https:\/\/sbt.ug.edu.pl\/de\/wp-json\/wp\/v2\/pages\/488\" class=\"qtranxs-available-language-link qtranxs-available-language-link-de\" title=\"Deutsch\">Vokie\u010di\u0173<\/a>, <a href=\"https:\/\/sbt.ug.edu.pl\/pl\/wp-json\/wp\/v2\/pages\/488\" class=\"qtranxs-available-language-link qtranxs-available-language-link-pl\" title=\"Polski\">Lenk\u0173<\/a> ir <a href=\"https:\/\/sbt.ug.edu.pl\/sv\/wp-json\/wp\/v2\/pages\/488\" class=\"qtranxs-available-language-link qtranxs-available-language-link-sv\" title=\"Svenska\">\u0160ved\u0173<\/a>. For the sake of viewer convenience, the content is shown below in this site default language. You may click one of the links to switch the site language to another available language.<\/p><p><\/p>\n<p style=\"text-align: justify;\"><strong>Route Wildlife nature trails: <\/strong>Sandy beaches and rolling countryside in \u00d6sterlen-Sk\u00e5ne &amp; Blekinge with its Nature Reserve, unique islands of Ven and Iv\u00f6 and the M\u00f6rrum River, \u00a0with its incredible fishing waters, entice wildlife lovers from around the world. Sweden has a dazzling variety of flora and fauna on offer and regardless of where exactly you go within the country, you are sure to be surrounded by beautiful nature. You can also discover some unique, special places for different active holidays whether it be fishing, hiking or biking.<\/p>\n<p style=\"text-align: justify;\">There are many ways to get to Blekinge, there is a return train from Sk\u00e5ne (called Blekinge traffic and Sk\u00e5ne traffic depending on which way you are going) which is reasonably priced. You can also travel round this area by boat. Another way to get there is by road \u2013 it\u2019s possible to rent cars and bicycles in many places along the route. On the way there you are presented with a wide choice of hotels and B&amp;Bs, cafes, restaurants and local stores.<\/p>\n<p><img decoding=\"async\" loading=\"lazy\" class=\"alignnone wp-image-2825 size-full\" src=\"https:\/\/southbaltic-tourist.eu\/wp-content\/uploads\/2019\/07\/3.-Deers-Wildpark-Eriksberg-Blekinge-R7.-A1.jpg\" alt=\"\" width=\"1600\" height=\"1200\" srcset=\"https:\/\/sbt.ug.edu.pl\/wp-content\/uploads\/2019\/07\/3.-Deers-Wildpark-Eriksberg-Blekinge-R7.-A1.jpg 1600w, https:\/\/sbt.ug.edu.pl\/wp-content\/uploads\/2019\/07\/3.-Deers-Wildpark-Eriksberg-Blekinge-R7.-A1-300x225.jpg 300w, https:\/\/sbt.ug.edu.pl\/wp-content\/uploads\/2019\/07\/3.-Deers-Wildpark-Eriksberg-Blekinge-R7.-A1-768x576.jpg 768w, https:\/\/sbt.ug.edu.pl\/wp-content\/uploads\/2019\/07\/3.-Deers-Wildpark-Eriksberg-Blekinge-R7.-A1-1024x768.jpg 1024w, https:\/\/sbt.ug.edu.pl\/wp-content\/uploads\/2019\/07\/3.-Deers-Wildpark-Eriksberg-Blekinge-R7.-A1-150x113.jpg 150w, https:\/\/sbt.ug.edu.pl\/wp-content\/uploads\/2019\/07\/3.-Deers-Wildpark-Eriksberg-Blekinge-R7.-A1-136x102.jpg 136w\" sizes=\"(max-width: 1600px) 100vw, 1600px\" \/><\/p>\n<p style=\"text-align: justify;\"><strong>Route Concept:<\/strong><\/p>\n<p style=\"text-align: justify;\">In Blekinge and Sk\u00e5ne the scenery is beautiful with its forests, seas and watercourses that are one of a kind. You can enjoy stunning views as well as captivating wildlife &#8211; the flora and fauna are considered the best in southern Sweden. There are many opportunities for fishing and nature experiences for everyone in this beautiful landscape \u2013 in Sweden there is the \u2018Allemanslagen\u2019 (\u2018Everyone\u2019s law\u2019 \u2013 The Right of Public Access), which allows all members of the public the right to roam freely and experience the beautiful Swedish countryside. There are, however, some things you must keep in mind when you are out walking, camping, climbing, picking flowers or doing something else in the countryside \u2013 you must take responsibility for the footprint you leave behind.<\/p>\n<p style=\"text-align: justify;\">You can read more about it here: <a href=\"http:\/\/www.swedishepa.se\/Enjoying-nature\/The-Right-of-Public-Access\/This-is-allowed1\/\">http:\/\/www.swedishepa.se\/Enjoying-nature\/The-Right-of-Public-Access\/This-is-allowed1\/<\/a><\/p>\n<p style=\"text-align: justify;\"><u>\u00a0<\/u><\/p>\n<p><u>\u00a0<\/u><\/p>","protected":false},"excerpt":{"rendered":"<p>Atsipra\u0161ome, \u0161is puslapis galimas tik Jungtini\u0173 Valstij\u0173 Angl\u0173, Vokie\u010di\u0173, Lenk\u0173 ir \u0160ved\u0173. For the sake of viewer convenience, the content is shown below in this site default language. You may click one of the links to switch the site language to another available language. Route Wildlife nature trails: Sandy beaches and rolling countryside in \u00d6sterlen-Sk\u00e5ne [&hellip;]<\/p>\n","protected":false},"author":1,"featured_media":0,"parent":171,"menu_order":0,"comment_status":"closed","ping_status":"closed","template":"","meta":[],"categories":[17],"tags":[],"_links":{"self":[{"href":"https:\/\/sbt.ug.edu.pl\/lt\/wp-json\/wp\/v2\/pages\/488"}],"collection":[{"href":"https:\/\/sbt.ug.edu.pl\/lt\/wp-json\/wp\/v2\/pages"}],"about":[{"href":"https:\/\/sbt.ug.edu.pl\/lt\/wp-json\/wp\/v2\/types\/page"}],"author":[{"embeddable":true,"href":"https:\/\/sbt.ug.edu.pl\/lt\/wp-json\/wp\/v2\/users\/1"}],"replies":[{"embeddable":true,"href":"https:\/\/sbt.ug.edu.pl\/lt\/wp-json\/wp\/v2\/comments?post=488"}],"version-history":[{"count":6,"href":"https:\/\/sbt.ug.edu.pl\/lt\/wp-json\/wp\/v2\/pages\/488\/revisions"}],"predecessor-version":[{"id":5741,"href":"https:\/\/sbt.ug.edu.pl\/lt\/wp-json\/wp\/v2\/pages\/488\/revisions\/5741"}],"up":[{"embeddable":true,"href":"https:\/\/sbt.ug.edu.pl\/lt\/wp-json\/wp\/v2\/pages\/171"}],"wp:attachment":[{"href":"https:\/\/sbt.ug.edu.pl\/lt\/wp-json\/wp\/v2\/media?parent=488"}],"wp:term":[{"taxonomy":"category","embeddable":true,"href":"https:\/\/sbt.ug.edu.pl\/lt\/wp-json\/wp\/v2\/categories?post=488"},{"taxonomy":"post_tag","embeddable":true,"href":"https:\/\/sbt.ug.edu.pl\/lt\/wp-json\/wp\/v2\/tags?post=488"}],"curies":[{"name":"wp","href":"https:\/\/api.w.org\/{rel}","templated":true}]}}