{"id":505,"date":"2018-12-06T10:41:22","date_gmt":"2018-12-06T09:41:22","guid":{"rendered":"http:\/\/southbaltic-tourist.eu\/?page_id=505"},"modified":"2021-06-10T17:46:55","modified_gmt":"2021-06-10T16:46:55","slug":"14-oland-island-surfing-hotspot","status":"publish","type":"page","link":"https:\/\/sbt.ug.edu.pl\/lt\/routes\/windsurfing-exploration\/14-oland-island-surfing-hotspot\/","title":{"rendered":"(English) 14. \u00d6LAND ISLAND SURFING HOTSPOT"},"content":{"rendered":"<p class=\"qtranxs-available-languages-message qtranxs-available-languages-message-lt\">Atsipra\u0161ome, \u0161is puslapis galimas tik <a href=\"https:\/\/sbt.ug.edu.pl\/en\/wp-json\/wp\/v2\/pages\/505\" class=\"qtranxs-available-language-link qtranxs-available-language-link-en\" title=\"English\">Jungtini\u0173 Valstij\u0173 Angl\u0173<\/a>, <a href=\"https:\/\/sbt.ug.edu.pl\/de\/wp-json\/wp\/v2\/pages\/505\" class=\"qtranxs-available-language-link qtranxs-available-language-link-de\" title=\"Deutsch\">Vokie\u010di\u0173<\/a> ir <a href=\"https:\/\/sbt.ug.edu.pl\/pl\/wp-json\/wp\/v2\/pages\/505\" class=\"qtranxs-available-language-link qtranxs-available-language-link-pl\" title=\"Polski\">Lenk\u0173<\/a>. For the sake of viewer convenience, the content is shown below in this site default language. You may click one of the links to switch the site language to another available language.<\/p><p><\/p>\n<p style=\"text-align: justify;\" align=\"JUSTIFY\"><span style=\"font-family: georgia, palatino, serif; font-size: 12pt;\"><span lang=\"en-US\"><b>LOCATION<\/b><\/span><\/span><\/p>\n<p style=\"text-align: justify;\"><span style=\"font-family: georgia, palatino, serif; font-size: 12pt;\">\u00d6land Island is located in southeast Sweden, on the coast of Sm\u00e5land Region. The island is connected to the mainland by a 6 kilometre-long bridge. The surfing hotspot is at M\u00f6rbyl\u00e5nga Beach in the southern part of the island. The closest airport is in Kalmar, on the mailnland and the closest ferry connections are about 200 kilometres from the island \u2013 lines run from Poland (Gdynia\u2013Karlskrona and \u015awinouj\u015bcie\u2013Ystad), Lithuania (Klaipeda\u2013Karlshamn) and Germany (Sassnitz\u2013Trelleborg). M\u00f6rbyl\u00e5nga Beach\u2019s location is: 56\u00b031\u2032N 16\u00b023\u2032E.<\/span><\/p>\n<p><img decoding=\"async\" loading=\"lazy\" class=\"alignleft wp-image-1523\" src=\"https:\/\/southbaltic-tourist.eu\/wp-content\/uploads\/2019\/07\/1.-Surfing-spot-in-Oland-R2.A14..jpg\" alt=\"\" width=\"525\" height=\"350\" srcset=\"https:\/\/sbt.ug.edu.pl\/wp-content\/uploads\/2019\/07\/1.-Surfing-spot-in-Oland-R2.A14..jpg 1600w, https:\/\/sbt.ug.edu.pl\/wp-content\/uploads\/2019\/07\/1.-Surfing-spot-in-Oland-R2.A14.-300x200.jpg 300w, https:\/\/sbt.ug.edu.pl\/wp-content\/uploads\/2019\/07\/1.-Surfing-spot-in-Oland-R2.A14.-768x512.jpg 768w, https:\/\/sbt.ug.edu.pl\/wp-content\/uploads\/2019\/07\/1.-Surfing-spot-in-Oland-R2.A14.-1024x683.jpg 1024w, https:\/\/sbt.ug.edu.pl\/wp-content\/uploads\/2019\/07\/1.-Surfing-spot-in-Oland-R2.A14.-150x100.jpg 150w\" sizes=\"(max-width: 525px) 100vw, 525px\" \/><\/p>\n<p><a href=\"https:\/\/southbaltic-tourist.eu\/wp-content\/uploads\/2020\/01\/r1a14_Oland_Island_Surfing_slim.png\" target=\"_blank\" rel=\"noopener noreferrer\" data-rel=\"lightbox-gallery-WEdVsOQN\" data-rl_title=\"\" data-rl_caption=\"\" title=\"\"><img decoding=\"async\" loading=\"lazy\" class=\"alignnone wp-image-5143\" src=\"https:\/\/southbaltic-tourist.eu\/wp-content\/uploads\/2020\/01\/r1a14_Oland_Island_Surfing_slim-1024x595.png\" alt=\"\" width=\"602\" height=\"350\" srcset=\"https:\/\/sbt.ug.edu.pl\/wp-content\/uploads\/2020\/01\/r1a14_Oland_Island_Surfing_slim-1024x595.png 1024w, https:\/\/sbt.ug.edu.pl\/wp-content\/uploads\/2020\/01\/r1a14_Oland_Island_Surfing_slim-300x174.png 300w, https:\/\/sbt.ug.edu.pl\/wp-content\/uploads\/2020\/01\/r1a14_Oland_Island_Surfing_slim-768x446.png 768w, https:\/\/sbt.ug.edu.pl\/wp-content\/uploads\/2020\/01\/r1a14_Oland_Island_Surfing_slim-1536x893.png 1536w, https:\/\/sbt.ug.edu.pl\/wp-content\/uploads\/2020\/01\/r1a14_Oland_Island_Surfing_slim-150x87.png 150w, https:\/\/sbt.ug.edu.pl\/wp-content\/uploads\/2020\/01\/r1a14_Oland_Island_Surfing_slim.png 1600w\" sizes=\"(max-width: 602px) 100vw, 602px\" \/><\/a><\/p>\n<p><a href=\"https:\/\/www.google.com\/maps\/place\/Gmina+Kalmar,+Szwecja\/@56.6603346,16.3678483,11.25z\/data=!4m13!1m7!3m6!1s0x46524a9ffa99f2b7:0x9fca7e0e1fdf104e!2sVen!3b1!8m2!3d55.9124661!4d12.6915966!3m4!1s0x4657cc1ca778251b:0x400fef341e49060!8m2!3d56.6637742!4d16.3572693\" target=\"_blank\" rel=\"noopener noreferrer\">View on Google Maps<\/a><\/p>\n<p style=\"text-align: justify;\"><span style=\"font-family: georgia, palatino, serif; font-size: 12pt;\"><strong>\u00d6LAND ISLAND SURFING HOTSPOT<\/strong><\/span><\/p>\n<p style=\"text-align: justify;\"><span style=\"font-family: georgia, palatino, serif; font-size: 12pt;\">The surfing hotspot is located at M\u00f6rbyl\u00e5nga Beach in the southern part of the island, near Haga Park campsite. This hotspot is very popular in Sweden \u2013 the local windsurfing club has more than 300 members. The waters of the Kalmar Straight, between the mainland and the island, offer great air streams. Around \u00d6land, naturally windy days are few and far between in the spring-summer season, however excellent airflow conditions are assured by the local sea breeze, which is a weather phenomenon unique to this place. Typically, in summertime, the sea breeze comes around 1pm, when the sun is high on the horizon. The waters are shallow and waves are flat so it is a very good place for beginners and for both windsurfing and kitesurfing practice and training. The hotspot\u2019s waters are also warmer than those on the open sea.<\/span><\/p>\n<p style=\"text-align: justify;\"><span style=\"font-family: georgia, palatino, serif; font-size: 12pt;\"><strong>ATTRACTIONS<\/strong><\/span><\/p>\n<p style=\"text-align: justify;\"><span style=\"font-family: georgia, palatino, serif; font-size: 12pt;\">\u00d6land offers many attractions that can enrich your stay on the island. The obvious number one is a visit to Stora Alvaret, a limestone plain rich with marine fossils that was formed 500 million years ago and is slowly emerging from the Baltic Sea after the receding of glaciers. In the past, the island was home to prehistoric men with Gettlinge Gravefield being the most explored. There are many castles and churches on Oland, including the present Swedish Royal Residence. It\u2019s the perfect place to combine sightseeing with biking tours and take advantage of the broad long white beaches on the east coast.<\/span><\/p>\n<p>&nbsp;<\/p>\n<p><div class=\"rl-gallery-container rl-loading\" id=\"rl-gallery-container-1\" data-gallery_id=\"1522\"> <div class=\"rl-gallery rl-basicgrid-gallery \" id=\"rl-gallery-1\" data-gallery_no=\"1\"> <div class=\"rl-gallery-item\"><a href=\"https:\/\/sbt.ug.edu.pl\/wp-content\/uploads\/2019\/07\/1.-Surfing-spot-in-Oland-R2.A14..jpg\" title=\"1. Surfing spot in Oland, R2.A14.\" data-rl_title=\"1. Surfing spot in Oland, R2.A14.\" class=\"rl-gallery-link\" data-rl_caption=\"\" data-rel=\"lightbox-gallery-1\"><img src=\"https:\/\/sbt.ug.edu.pl\/wp-content\/uploads\/2019\/07\/1.-Surfing-spot-in-Oland-R2.A14.-768x512.jpg\" width=\"640\" height=\"427\" alt=\"\" \/><\/a><\/div><div class=\"rl-gallery-item\"><a href=\"https:\/\/sbt.ug.edu.pl\/wp-content\/uploads\/2019\/07\/2.-Surfing-spot-on-Oland-R2A14..jpg\" title=\"2. Surfing spot on Oland, R2A14.\" data-rl_title=\"2. Surfing spot on Oland, R2A14.\" class=\"rl-gallery-link\" data-rl_caption=\"\" data-rel=\"lightbox-gallery-1\"><img src=\"https:\/\/sbt.ug.edu.pl\/wp-content\/uploads\/2019\/07\/2.-Surfing-spot-on-Oland-R2A14.-768x512.jpg\" width=\"640\" height=\"427\" alt=\"\" \/><\/a><\/div><div class=\"rl-gallery-item\"><a href=\"https:\/\/sbt.ug.edu.pl\/wp-content\/uploads\/2019\/07\/3.-Surfing-spot-on-Oland-R2.R14..jpg\" title=\"3. Surfing spot on Oland, R2.R14.\" data-rl_title=\"3. Surfing spot on Oland, R2.R14.\" class=\"rl-gallery-link\" data-rl_caption=\"\" data-rel=\"lightbox-gallery-1\"><img src=\"https:\/\/sbt.ug.edu.pl\/wp-content\/uploads\/2019\/07\/3.-Surfing-spot-on-Oland-R2.R14.-768x512.jpg\" width=\"640\" height=\"427\" alt=\"\" \/><\/a><\/div><div class=\"rl-gallery-item\"><a href=\"https:\/\/sbt.ug.edu.pl\/wp-content\/uploads\/2019\/07\/4.-Surfers-enjoy-comforts-in-Oland-R2.A14..jpg\" title=\"4. Surfers enjoy comforts in Oland, R2.A14.\" data-rl_title=\"4. Surfers enjoy comforts in Oland, R2.A14.\" class=\"rl-gallery-link\" data-rl_caption=\"\" data-rel=\"lightbox-gallery-1\"><img src=\"https:\/\/sbt.ug.edu.pl\/wp-content\/uploads\/2019\/07\/4.-Surfers-enjoy-comforts-in-Oland-R2.A14.-768x512.jpg\" width=\"640\" height=\"427\" alt=\"\" \/><\/a><\/div><div class=\"rl-gallery-item\"><a href=\"https:\/\/sbt.ug.edu.pl\/wp-content\/uploads\/2019\/07\/5.-Windsurfing-equipment-R2.A14..jpg\" title=\"5. Windsurfing equipment, R2.A14.\" data-rl_title=\"5. Windsurfing equipment, R2.A14.\" class=\"rl-gallery-link\" data-rl_caption=\"\" data-rel=\"lightbox-gallery-1\"><img src=\"https:\/\/sbt.ug.edu.pl\/wp-content\/uploads\/2019\/07\/5.-Windsurfing-equipment-R2.A14.-768x512.jpg\" width=\"640\" height=\"427\" alt=\"\" \/><\/a><\/div><div class=\"rl-gallery-item\"><a href=\"https:\/\/sbt.ug.edu.pl\/wp-content\/uploads\/2019\/07\/6.-Windsurfing-equipment-R2.A14..jpg\" title=\"6. Windsurfing equipment, R2.A14.\" data-rl_title=\"6. Windsurfing equipment, R2.A14.\" class=\"rl-gallery-link\" data-rl_caption=\"\" data-rel=\"lightbox-gallery-1\"><img src=\"https:\/\/sbt.ug.edu.pl\/wp-content\/uploads\/2019\/07\/6.-Windsurfing-equipment-R2.A14.-768x512.jpg\" width=\"640\" height=\"427\" alt=\"\" \/><\/a><\/div><div class=\"rl-gallery-item\"><a href=\"https:\/\/sbt.ug.edu.pl\/wp-content\/uploads\/2019\/07\/7.-Windsurfing-equipment-R2.A14..jpg\" title=\"7. Windsurfing equipment, R2.A14.\" data-rl_title=\"7. Windsurfing equipment, R2.A14.\" class=\"rl-gallery-link\" data-rl_caption=\"\" data-rel=\"lightbox-gallery-1\"><img src=\"https:\/\/sbt.ug.edu.pl\/wp-content\/uploads\/2019\/07\/7.-Windsurfing-equipment-R2.A14.-768x512.jpg\" width=\"640\" height=\"427\" alt=\"\" \/><\/a><\/div><div class=\"rl-gallery-item\"><a href=\"https:\/\/sbt.ug.edu.pl\/wp-content\/uploads\/2019\/07\/8.-Windsurfing-in-Oland-waters-R2.A14..jpg\" title=\"8. Windsurfing in Oland waters, R2.A14.\" data-rl_title=\"8. Windsurfing in Oland waters, R2.A14.\" class=\"rl-gallery-link\" data-rl_caption=\"\" data-rel=\"lightbox-gallery-1\"><img src=\"https:\/\/sbt.ug.edu.pl\/wp-content\/uploads\/2019\/07\/8.-Windsurfing-in-Oland-waters-R2.A14.-768x512.jpg\" width=\"640\" height=\"427\" alt=\"\" \/><\/a><\/div><div class=\"rl-gallery-item\"><a href=\"https:\/\/sbt.ug.edu.pl\/wp-content\/uploads\/2019\/07\/9.-Windsurfing-in-Oland-waters-R2.A14..jpg\" title=\"9. Windsurfing in Oland waters, R2.A14.\" data-rl_title=\"9. Windsurfing in Oland waters, R2.A14.\" class=\"rl-gallery-link\" data-rl_caption=\"\" data-rel=\"lightbox-gallery-1\"><img src=\"https:\/\/sbt.ug.edu.pl\/wp-content\/uploads\/2019\/07\/9.-Windsurfing-in-Oland-waters-R2.A14.-768x512.jpg\" width=\"640\" height=\"427\" alt=\"\" \/><\/a><\/div><div class=\"rl-gallery-item\"><a href=\"https:\/\/sbt.ug.edu.pl\/wp-content\/uploads\/2019\/07\/10.-Windsurfing-in-Oland-waters.-R2.A14..jpg\" title=\"10. Windsurfing in Oland waters. R2.A14.\" data-rl_title=\"10. Windsurfing in Oland waters. R2.A14.\" class=\"rl-gallery-link\" data-rl_caption=\"\" data-rel=\"lightbox-gallery-1\"><img src=\"https:\/\/sbt.ug.edu.pl\/wp-content\/uploads\/2019\/07\/10.-Windsurfing-in-Oland-waters.-R2.A14.-768x512.jpg\" width=\"640\" height=\"427\" alt=\"\" \/><\/a><\/div><div class=\"rl-gallery-item\"><a href=\"https:\/\/sbt.ug.edu.pl\/wp-content\/uploads\/2019\/07\/11.-Stora-Alvaret-sightseeing-R2.R14..jpg\" title=\"11. Stora Alvaret sightseeing, R2.R14.\" data-rl_title=\"11. Stora Alvaret sightseeing, R2.R14.\" class=\"rl-gallery-link\" data-rl_caption=\"\" data-rel=\"lightbox-gallery-1\"><img src=\"https:\/\/sbt.ug.edu.pl\/wp-content\/uploads\/2019\/07\/11.-Stora-Alvaret-sightseeing-R2.R14.-768x512.jpg\" width=\"640\" height=\"427\" alt=\"\" \/><\/a><\/div><div class=\"rl-gallery-item\"><a href=\"https:\/\/sbt.ug.edu.pl\/wp-content\/uploads\/2019\/07\/12.-Stora-Alvaret-in-Oland-R2.R14..jpg\" title=\"12. Stora Alvaret in Oland, R2.R14.\" data-rl_title=\"12. Stora Alvaret in Oland, R2.R14.\" class=\"rl-gallery-link\" data-rl_caption=\"\" data-rel=\"lightbox-gallery-1\"><img src=\"https:\/\/sbt.ug.edu.pl\/wp-content\/uploads\/2019\/07\/12.-Stora-Alvaret-in-Oland-R2.R14.-768x512.jpg\" width=\"640\" height=\"427\" alt=\"\" \/><\/a><\/div><div class=\"rl-gallery-item\"><a href=\"https:\/\/sbt.ug.edu.pl\/wp-content\/uploads\/2019\/07\/13.-Wild-plants-in-Stora-Alvaret-R2.A14..jpg\" title=\"13. Wild plants in Stora Alvaret, R2.A14.\" data-rl_title=\"13. Wild plants in Stora Alvaret, R2.A14.\" class=\"rl-gallery-link\" data-rl_caption=\"\" data-rel=\"lightbox-gallery-1\"><img src=\"https:\/\/sbt.ug.edu.pl\/wp-content\/uploads\/2019\/07\/13.-Wild-plants-in-Stora-Alvaret-R2.A14.-768x512.jpg\" width=\"640\" height=\"427\" alt=\"\" \/><\/a><\/div><div class=\"rl-gallery-item\"><a href=\"https:\/\/sbt.ug.edu.pl\/wp-content\/uploads\/2019\/07\/14.-Stora-Alveret-in-Oland-R2.A14..jpg\" title=\"14. Stora Alveret in Oland, R2.A14.\" data-rl_title=\"14. Stora Alveret in Oland, R2.A14.\" class=\"rl-gallery-link\" data-rl_caption=\"\" data-rel=\"lightbox-gallery-1\"><img src=\"https:\/\/sbt.ug.edu.pl\/wp-content\/uploads\/2019\/07\/14.-Stora-Alveret-in-Oland-R2.A14.-768x512.jpg\" width=\"640\" height=\"427\" alt=\"\" \/><\/a><\/div><div class=\"rl-gallery-item\"><a href=\"https:\/\/sbt.ug.edu.pl\/wp-content\/uploads\/2019\/07\/15.-Stora-Alvaret-in-Oland-R2.A14..jpg\" title=\"15. Stora Alvaret in Oland, R2.A14.\" data-rl_title=\"15. Stora Alvaret in Oland, R2.A14.\" class=\"rl-gallery-link\" data-rl_caption=\"\" data-rel=\"lightbox-gallery-1\"><img src=\"https:\/\/sbt.ug.edu.pl\/wp-content\/uploads\/2019\/07\/15.-Stora-Alvaret-in-Oland-R2.A14.-768x512.jpg\" width=\"640\" height=\"427\" alt=\"\" \/><\/a><\/div><div class=\"rl-gallery-item\"><a href=\"https:\/\/sbt.ug.edu.pl\/wp-content\/uploads\/2019\/07\/16.-Stora-Alvaret-Education-on-Plants-R2.A14..jpg\" title=\"16. Stora Alvaret Education on Plants, R2.A14.\" data-rl_title=\"16. Stora Alvaret Education on Plants, R2.A14.\" class=\"rl-gallery-link\" data-rl_caption=\"\" data-rel=\"lightbox-gallery-1\"><img src=\"https:\/\/sbt.ug.edu.pl\/wp-content\/uploads\/2019\/07\/16.-Stora-Alvaret-Education-on-Plants-R2.A14.-768x512.jpg\" width=\"640\" height=\"427\" alt=\"\" \/><\/a><\/div><div class=\"rl-gallery-item\"><a href=\"https:\/\/sbt.ug.edu.pl\/wp-content\/uploads\/2019\/07\/17.-Windmills-in-Oland-R2.A14..jpg\" title=\"17. Windmills in Oland, R2.A14.\" data-rl_title=\"17. Windmills in Oland, R2.A14.\" class=\"rl-gallery-link\" data-rl_caption=\"\" data-rel=\"lightbox-gallery-1\"><img src=\"https:\/\/sbt.ug.edu.pl\/wp-content\/uploads\/2019\/07\/17.-Windmills-in-Oland-R2.A14.-768x512.jpg\" width=\"640\" height=\"427\" alt=\"\" \/><\/a><\/div><div class=\"rl-gallery-item\"><a href=\"https:\/\/sbt.ug.edu.pl\/wp-content\/uploads\/2019\/07\/18.-Oland-rural-lndscape-R2.A14..jpg\" title=\"18. Oland rural lndscape, R2.A14.\" data-rl_title=\"18. Oland rural lndscape, R2.A14.\" class=\"rl-gallery-link\" data-rl_caption=\"\" data-rel=\"lightbox-gallery-1\"><img src=\"https:\/\/sbt.ug.edu.pl\/wp-content\/uploads\/2019\/07\/18.-Oland-rural-lndscape-R2.A14.-768x512.jpg\" width=\"640\" height=\"427\" alt=\"\" \/><\/a><\/div><div class=\"rl-gallery-item\"><a href=\"https:\/\/sbt.ug.edu.pl\/wp-content\/uploads\/2019\/07\/19.-Stora-Alvaret-landscape-R2.A14..jpg\" title=\"19. Stora Alvaret landscape, R2.A14.\" data-rl_title=\"19. Stora Alvaret landscape, R2.A14.\" class=\"rl-gallery-link\" data-rl_caption=\"\" data-rel=\"lightbox-gallery-1\"><img src=\"https:\/\/sbt.ug.edu.pl\/wp-content\/uploads\/2019\/07\/19.-Stora-Alvaret-landscape-R2.A14.-768x512.jpg\" width=\"640\" height=\"427\" alt=\"\" \/><\/a><\/div><div class=\"rl-gallery-item\"><a href=\"https:\/\/sbt.ug.edu.pl\/wp-content\/uploads\/2019\/07\/20.-Oland-camping-for-surfers-R2.A14..jpg\" title=\"20. Oland camping for surfers, R2.A14.\" data-rl_title=\"20. Oland camping for surfers, R2.A14.\" class=\"rl-gallery-link\" data-rl_caption=\"\" data-rel=\"lightbox-gallery-1\"><img src=\"https:\/\/sbt.ug.edu.pl\/wp-content\/uploads\/2019\/07\/20.-Oland-camping-for-surfers-R2.A14.-768x512.jpg\" width=\"640\" height=\"427\" alt=\"\" \/><\/a><\/div><div class=\"rl-gallery-item\"><a href=\"https:\/\/sbt.ug.edu.pl\/wp-content\/uploads\/2019\/07\/21.-Oland-Camping-for-surfers-R2.A14..jpg\" title=\"21. Oland Camping for surfers, R2.A14.\" data-rl_title=\"21. Oland Camping for surfers, R2.A14.\" class=\"rl-gallery-link\" data-rl_caption=\"\" data-rel=\"lightbox-gallery-1\"><img src=\"https:\/\/sbt.ug.edu.pl\/wp-content\/uploads\/2019\/07\/21.-Oland-Camping-for-surfers-R2.A14.-768x512.jpg\" width=\"640\" height=\"427\" alt=\"\" \/><\/a><\/div><div class=\"rl-gallery-item\"><a href=\"https:\/\/sbt.ug.edu.pl\/wp-content\/uploads\/2019\/07\/22.-Kitesurfing-in-Oland-waters-R2.A14..jpg\" title=\"22. Kitesurfing in Oland waters, R2.A14.\" data-rl_title=\"22. Kitesurfing in Oland waters, R2.A14.\" class=\"rl-gallery-link\" data-rl_caption=\"\" data-rel=\"lightbox-gallery-1\"><img src=\"https:\/\/sbt.ug.edu.pl\/wp-content\/uploads\/2019\/07\/22.-Kitesurfing-in-Oland-waters-R2.A14.-768x512.jpg\" width=\"640\" height=\"427\" alt=\"\" \/><\/a><\/div><div class=\"rl-gallery-item\"><a href=\"https:\/\/sbt.ug.edu.pl\/wp-content\/uploads\/2019\/07\/23.-Kitesurfing-in-Oland-waters-R2A14..jpg\" title=\"23. Kitesurfing in Oland waters, R2A14.\" data-rl_title=\"23. Kitesurfing in Oland waters, R2A14.\" class=\"rl-gallery-link\" data-rl_caption=\"\" data-rel=\"lightbox-gallery-1\"><img src=\"https:\/\/sbt.ug.edu.pl\/wp-content\/uploads\/2019\/07\/23.-Kitesurfing-in-Oland-waters-R2A14.-768x512.jpg\" width=\"640\" height=\"427\" alt=\"\" \/><\/a><\/div><div class=\"rl-gallery-item\"><a href=\"https:\/\/sbt.ug.edu.pl\/wp-content\/uploads\/2019\/07\/24.-Kitesurfing-in-Oland-waters-R2A14..jpg\" title=\"24. Kitesurfing in Oland waters, R2A14.\" data-rl_title=\"24. Kitesurfing in Oland waters, R2A14.\" class=\"rl-gallery-link\" data-rl_caption=\"\" data-rel=\"lightbox-gallery-1\"><img src=\"https:\/\/sbt.ug.edu.pl\/wp-content\/uploads\/2019\/07\/24.-Kitesurfing-in-Oland-waters-R2A14.-768x512.jpg\" width=\"640\" height=\"427\" alt=\"\" \/><\/a><\/div><div class=\"rl-gallery-item\"><a href=\"https:\/\/sbt.ug.edu.pl\/wp-content\/uploads\/2019\/07\/25.-Windsurfing-in-Oland-waters-R2.A14..jpg\" title=\"25. Windsurfing in Oland waters, R2.A14.\" data-rl_title=\"25. Windsurfing in Oland waters, R2.A14.\" class=\"rl-gallery-link\" data-rl_caption=\"\" data-rel=\"lightbox-gallery-1\"><img src=\"https:\/\/sbt.ug.edu.pl\/wp-content\/uploads\/2019\/07\/25.-Windsurfing-in-Oland-waters-R2.A14.-768x512.jpg\" width=\"640\" height=\"427\" alt=\"\" \/><\/a><\/div><div class=\"rl-gallery-item\"><a href=\"https:\/\/sbt.ug.edu.pl\/wp-content\/uploads\/2019\/07\/26.-Wind-and-kite-surfing-in-Oand-waters-R2A14..jpg\" title=\"26. Wind and kite surfing in Oand waters, R2A14.\" data-rl_title=\"26. Wind and kite surfing in Oand waters, R2A14.\" class=\"rl-gallery-link\" data-rl_caption=\"\" data-rel=\"lightbox-gallery-1\"><img src=\"https:\/\/sbt.ug.edu.pl\/wp-content\/uploads\/2019\/07\/26.-Wind-and-kite-surfing-in-Oand-waters-R2A14.-768x512.jpg\" width=\"640\" height=\"427\" alt=\"\" \/><\/a><\/div><div class=\"rl-gallery-item\"><a href=\"https:\/\/sbt.ug.edu.pl\/wp-content\/uploads\/2019\/07\/27.-Kitesurfing-in-Oland-waters-R2.A14..jpg\" title=\"27. Kitesurfing in Oland waters, R2.A14.\" data-rl_title=\"27. Kitesurfing in Oland waters, R2.A14.\" class=\"rl-gallery-link\" data-rl_caption=\"\" data-rel=\"lightbox-gallery-1\"><img src=\"https:\/\/sbt.ug.edu.pl\/wp-content\/uploads\/2019\/07\/27.-Kitesurfing-in-Oland-waters-R2.A14.-768x512.jpg\" width=\"640\" height=\"427\" alt=\"\" \/><\/a><\/div><div class=\"rl-gallery-item\"><a href=\"https:\/\/sbt.ug.edu.pl\/wp-content\/uploads\/2019\/07\/28.-Kitesurfing-in-Oland-waters-R2.A14..jpg\" title=\"28. Kitesurfing in Oland waters, R2.A14.\" data-rl_title=\"28. Kitesurfing in Oland waters, R2.A14.\" class=\"rl-gallery-link\" data-rl_caption=\"\" data-rel=\"lightbox-gallery-1\"><img src=\"https:\/\/sbt.ug.edu.pl\/wp-content\/uploads\/2019\/07\/28.-Kitesurfing-in-Oland-waters-R2.A14.-768x512.jpg\" width=\"640\" height=\"427\" alt=\"\" \/><\/a><\/div><div class=\"rl-gallery-item\"><a href=\"https:\/\/sbt.ug.edu.pl\/wp-content\/uploads\/2019\/07\/29.-Kitesursing-in-Oland-waters-R2.A14..jpg\" title=\"29. Kitesursing in Oland waters, R2.A14.\" data-rl_title=\"29. Kitesursing in Oland waters, R2.A14.\" class=\"rl-gallery-link\" data-rl_caption=\"\" data-rel=\"lightbox-gallery-1\"><img src=\"https:\/\/sbt.ug.edu.pl\/wp-content\/uploads\/2019\/07\/29.-Kitesursing-in-Oland-waters-R2.A14.-768x512.jpg\" width=\"640\" height=\"427\" alt=\"\" \/><\/a><\/div><div class=\"rl-gallery-item\"><a href=\"https:\/\/sbt.ug.edu.pl\/wp-content\/uploads\/2019\/07\/30.-Bridge-to-Oland-Island-R2A14..jpg\" title=\"30. Bridge to Oland Island, R2A14.\" data-rl_title=\"30. Bridge to Oland Island, R2A14.\" class=\"rl-gallery-link\" data-rl_caption=\"\" data-rel=\"lightbox-gallery-1\"><img src=\"https:\/\/sbt.ug.edu.pl\/wp-content\/uploads\/2019\/07\/30.-Bridge-to-Oland-Island-R2A14.-768x512.jpg\" width=\"640\" height=\"427\" alt=\"\" \/><\/a><\/div> <\/div> <\/div><\/p>","protected":false},"excerpt":{"rendered":"<p>Atsipra\u0161ome, \u0161is puslapis galimas tik Jungtini\u0173 Valstij\u0173 Angl\u0173, Vokie\u010di\u0173 ir Lenk\u0173. For the sake of viewer convenience, the content is shown below in this site default language. You may click one of the links to switch the site language to another available language. LOCATION \u00d6land Island is located in southeast Sweden, on the coast of [&hellip;]<\/p>\n","protected":false},"author":3,"featured_media":0,"parent":174,"menu_order":0,"comment_status":"closed","ping_status":"closed","template":"","meta":[],"categories":[34,12,9],"tags":[],"_links":{"self":[{"href":"https:\/\/sbt.ug.edu.pl\/lt\/wp-json\/wp\/v2\/pages\/505"}],"collection":[{"href":"https:\/\/sbt.ug.edu.pl\/lt\/wp-json\/wp\/v2\/pages"}],"about":[{"href":"https:\/\/sbt.ug.edu.pl\/lt\/wp-json\/wp\/v2\/types\/page"}],"author":[{"embeddable":true,"href":"https:\/\/sbt.ug.edu.pl\/lt\/wp-json\/wp\/v2\/users\/3"}],"replies":[{"embeddable":true,"href":"https:\/\/sbt.ug.edu.pl\/lt\/wp-json\/wp\/v2\/comments?post=505"}],"version-history":[{"count":15,"href":"https:\/\/sbt.ug.edu.pl\/lt\/wp-json\/wp\/v2\/pages\/505\/revisions"}],"predecessor-version":[{"id":5815,"href":"https:\/\/sbt.ug.edu.pl\/lt\/wp-json\/wp\/v2\/pages\/505\/revisions\/5815"}],"up":[{"embeddable":true,"href":"https:\/\/sbt.ug.edu.pl\/lt\/wp-json\/wp\/v2\/pages\/174"}],"wp:attachment":[{"href":"https:\/\/sbt.ug.edu.pl\/lt\/wp-json\/wp\/v2\/media?parent=505"}],"wp:term":[{"taxonomy":"category","embeddable":true,"href":"https:\/\/sbt.ug.edu.pl\/lt\/wp-json\/wp\/v2\/categories?post=505"},{"taxonomy":"post_tag","embeddable":true,"href":"https:\/\/sbt.ug.edu.pl\/lt\/wp-json\/wp\/v2\/tags?post=505"}],"curies":[{"name":"wp","href":"https:\/\/api.w.org\/{rel}","templated":true}]}}