{"id":5528,"date":"2021-01-04T15:11:31","date_gmt":"2021-01-04T14:11:31","guid":{"rendered":"https:\/\/southbaltic-tourist.eu\/?page_id=5528"},"modified":"2021-06-20T18:21:58","modified_gmt":"2021-06-20T17:21:58","slug":"business-network","status":"publish","type":"page","link":"https:\/\/sbt.ug.edu.pl\/lt\/business-network\/","title":{"rendered":"(English) Business Network"},"content":{"rendered":"<p class=\"qtranxs-available-languages-message qtranxs-available-languages-message-lt\">Atsipra\u0161ome, \u0161is puslapis galimas tik <a href=\"https:\/\/sbt.ug.edu.pl\/en\/wp-json\/wp\/v2\/pages\/5528\" class=\"qtranxs-available-language-link qtranxs-available-language-link-en\" title=\"English\">Jungtini\u0173 Valstij\u0173 Angl\u0173<\/a>. For the sake of viewer convenience, the content is shown below in the alternative language. You may click the link to switch the active language.<\/p><p><strong>The BHR Business Network Rules<\/strong><\/p>\n<p>1) Network is devoted to the development of sustainable tourism in the South Baltic Region.<br \/>\n2) The Network is to promote both the promotion of sustainable tourism in the South Baltic Region and the use of its resources for tourism purposes.<br \/>\n3) Any member of the Network has got the right to leave the BHR Business Network at any time.<\/p>\n<p><span style=\"font-size: 18pt;\"><a href=\"https:\/\/southbaltic-tourist.eu\/wp-content\/uploads\/2021\/06\/BHR-Business-Network-List-of-Members-web.pdf\">BHT Business Network List of Members\u00a0 <img decoding=\"async\" loading=\"lazy\" class=\"alignnone wp-image-5792\" src=\"https:\/\/southbaltic-tourist.eu\/wp-content\/uploads\/2021\/06\/members-icon.png\" alt=\"\" width=\"49\" height=\"57\" srcset=\"https:\/\/sbt.ug.edu.pl\/wp-content\/uploads\/2021\/06\/members-icon.png 422w, https:\/\/sbt.ug.edu.pl\/wp-content\/uploads\/2021\/06\/members-icon-258x300.png 258w\" sizes=\"(max-width: 49px) 100vw, 49px\" \/><\/a><\/span><\/p>\n<p><a href=\"https:\/\/teams.microsoft.com\/l\/meetup-join\/19%3ameeting_NjYzZTE5ZDMtZjg0Mi00NTU1LTk1N2QtOWFmYjQ0Mzc1Mzgy%40thread.v2\/0?context=%7b%22Tid%22%3a%22b2b950ec-1ee3-4d9d-ac5e-4dd9db5e0b73%22%2c%22Oid%22%3a%227d58e1ed-e778-4075-a905-77d953fd0d48%22%7d\"><span style=\"font-size: 18pt;\">BHR Business Network Meeting Place <img decoding=\"async\" loading=\"lazy\" class=\"alignnone wp-image-5635\" src=\"https:\/\/southbaltic-tourist.eu\/wp-content\/uploads\/2021\/05\/Zrzut-ekranu-2021-05-11-o-08.38.17.png\" alt=\"\" width=\"76\" height=\"55\" srcset=\"https:\/\/sbt.ug.edu.pl\/wp-content\/uploads\/2021\/05\/Zrzut-ekranu-2021-05-11-o-08.38.17.png 678w, https:\/\/sbt.ug.edu.pl\/wp-content\/uploads\/2021\/05\/Zrzut-ekranu-2021-05-11-o-08.38.17-300x218.png 300w\" sizes=\"(max-width: 76px) 100vw, 76px\" \/><\/span><\/a><\/p>\n<p><a href=\"https:\/\/forms.office.com\/Pages\/ShareFormPage.aspx?id=7FC5suMenU2sXk3Z214Lc4b1Dc050bFOmgZigmjHyBdUNkFIM0tHV1lZMzRKWElCQjVRS0FCR0hTVS4u&amp;sharetoken=5C6AQfP14eNzLS4AQxYx\"><span style=\"font-size: 18pt;\">BHR Business Network Pooling Tool <img decoding=\"async\" loading=\"lazy\" class=\"alignnone wp-image-5645\" src=\"https:\/\/southbaltic-tourist.eu\/wp-content\/uploads\/2021\/05\/conde-center-new-patients-icon-forms.png\" alt=\"\" width=\"52\" height=\"52\" srcset=\"https:\/\/sbt.ug.edu.pl\/wp-content\/uploads\/2021\/05\/conde-center-new-patients-icon-forms.png 200w, https:\/\/sbt.ug.edu.pl\/wp-content\/uploads\/2021\/05\/conde-center-new-patients-icon-forms-150x150.png 150w\" sizes=\"(max-width: 52px) 100vw, 52px\" \/><\/span> <\/a><\/p>\n<hr \/>\n<p><span style=\"font-size: 18pt;\"><em>Offers!<\/em> <\/span><img decoding=\"async\" loading=\"lazy\" class=\"wp-image-5637 alignleft\" src=\"https:\/\/southbaltic-tourist.eu\/wp-content\/uploads\/2021\/05\/GENERAL_USE_DARK_BLUE_ICON_NEWS-71.png\" alt=\"\" width=\"43\" height=\"43\" srcset=\"https:\/\/sbt.ug.edu.pl\/wp-content\/uploads\/2021\/05\/GENERAL_USE_DARK_BLUE_ICON_NEWS-71.png 451w, https:\/\/sbt.ug.edu.pl\/wp-content\/uploads\/2021\/05\/GENERAL_USE_DARK_BLUE_ICON_NEWS-71-300x300.png 300w, https:\/\/sbt.ug.edu.pl\/wp-content\/uploads\/2021\/05\/GENERAL_USE_DARK_BLUE_ICON_NEWS-71-150x150.png 150w\" sizes=\"(max-width: 43px) 100vw, 43px\" \/><\/p>\n<p>&nbsp;<\/p>\n<p><a href=\"https:\/\/southbaltic-tourist.eu\/wp-content\/uploads\/2021\/06\/01-By-The-Bay-Tourist-Offer.pdf\">1. By The Bay &#8211; Tourist Offer<\/a><\/p>\n<p><a href=\"https:\/\/southbaltic-tourist.eu\/wp-content\/uploads\/2021\/06\/02-ATA-Przygoda-Tourist-Offer.pdf\">2. ATA Przygoda &#8211; Tourist Offer<\/a><\/p>\n<p><a href=\"https:\/\/southbaltic-tourist.eu\/wp-content\/uploads\/2021\/06\/03-PTTK-Ciechanow-Tourist-Offer.pdf\">3. PTTK Ciechan\u00f3w &#8211; Tourist Offer<\/a><\/p>\n<p><a href=\"https:\/\/southbaltic-tourist.eu\/wp-content\/uploads\/2021\/06\/04-REMUS-Tourist-Offer.pdf\">4. REMUS &#8211; Tourist Offer<\/a><\/p>\n<p><a href=\"https:\/\/southbaltic-tourist.eu\/wp-content\/uploads\/2021\/06\/05-Bocianie-Gniazdo-Tourist-Offer.pdf\">5. Bocianie Gniazdo &#8211; Tourist Offer<\/a><\/p>\n<p><a href=\"https:\/\/southbaltic-tourist.eu\/wp-content\/uploads\/2021\/06\/06-Investudio-Tourist-Offer.pdf\">6. Investudio &#8211; Tourist Offer<\/a><\/p>\n<p><a href=\"https:\/\/southbaltic-tourist.eu\/wp-content\/uploads\/2021\/06\/07-JetBoard-Rider-Tourist-Offer.pdf\">7. JetBoard Rider -Tourist Offer<\/a><\/p>\n<p><a href=\"https:\/\/southbaltic-tourist.eu\/wp-content\/uploads\/2021\/06\/08-Eco-Technology-Tour-Tourist-Offer.pdf\">8. Eco Technology Tour &#8211; Tourist Offer<\/a><\/p>\n<p><a href=\"https:\/\/southbaltic-tourist.eu\/wp-content\/uploads\/2021\/06\/09-Yoga-on-The-Beach-Tourist-Offer.pdf\">9. Yoga-on-The-Beach &#8211; Tourist Offer<\/a><\/p>\n<p><a href=\"https:\/\/southbaltic-tourist.eu\/wp-content\/uploads\/2021\/06\/10-Nature-and-Urban-Shapes-Photo-Tour-Tourist-Offer.pdf\">10. Nature and Urban Shapes &#8211; Photo Tour Tourist Offer<\/a><\/p>\n<p><a href=\"https:\/\/southbaltic-tourist.eu\/wp-content\/uploads\/2021\/06\/11-All4You-Tourist-Offer.pdf\">11. All4You &#8211; Tourist Offer<\/a><\/p>\n<p><a href=\"https:\/\/southbaltic-tourist.eu\/wp-content\/uploads\/2021\/06\/12-Hotele-i-Turystyka_M_Faligowski_-Tourist-Offer.pdf\">12. Hotele i Turystyka_M_Faligowski_ &#8211; Tourist Offer<\/a><\/p>\n<p><a href=\"https:\/\/southbaltic-tourist.eu\/wp-content\/uploads\/2021\/06\/13-Wierzenia_kulty-religijne_Legendy-Tourist-Offer.pdf\">13. Wierzenia_kulty religijne_Legendy &#8211; Tourist Offer<\/a><\/p>\n<p><a href=\"https:\/\/southbaltic-tourist.eu\/wp-content\/uploads\/2021\/06\/14-Miedzynarodowa-wyprawa-sladami-Gryfitow-biznes-plan.pdf\">14. Mi\u0119dzynarodowa wyprawa \u015bladami Gryfit\u00f3w &#8211; biznes plan<\/a><\/p>\n<p><a href=\"https:\/\/southbaltic-tourist.eu\/wp-content\/uploads\/2021\/06\/15-Wyprawa-sladami-dynastii-Gryfitow-na-Pomorzu-Zachodnim-Tourist-Offer.pdf\">15. Wyprawa \u015bladami dynastii Gryfit\u00f3w na Pomorzu Zachodnim &#8211; Tourist Offer<\/a><\/p>\n<p><a href=\"https:\/\/southbaltic-tourist.eu\/wp-content\/uploads\/2021\/06\/16-Unity-Line-Krolewska-Podroz-sladami-dynastii-Gryfitow-Tourist-Offer.pdf\">16. Unity Line Kr\u00f3lewska Podr\u00f3\u017c &#8211; \u015bladami dynastii Gryfit\u00f3w &#8211; Tourist Offer<\/a><\/p>\n<p><a href=\"https:\/\/southbaltic-tourist.eu\/wp-content\/uploads\/2021\/06\/17-Music-and-Lyrics-Tourist-Offer.pdf\">17. Music and Lyrics &#8211; Tourist Offer<\/a><\/p>\n<p><a href=\"https:\/\/southbaltic-tourist.eu\/wp-content\/uploads\/2021\/06\/18-NP-Exploration-Plunge-TIC-Tourust-Offer.pdf\">18. NP Exploration Plunge TIC &#8211; Tourust Offer<\/a><\/p>\n<p><a href=\"https:\/\/southbaltic-tourist.eu\/wp-content\/uploads\/2021\/06\/19-Litamicus-Tourist-Offer.pdf\">19. Litamicus-Tourist Offer<\/a><\/p>\n<p><a href=\"https:\/\/southbaltic-tourist.eu\/wp-content\/uploads\/2021\/06\/20-Kayaking-Tourist-Offer.pdf\">20. Kayaking &#8211; Tourist Offer<\/a><\/p>\n<p><a href=\"https:\/\/southbaltic-tourist.eu\/wp-content\/uploads\/2021\/06\/21-World-of-Fishermen-Tourist-Offer.pdf\">21. World-of-Fishermen &#8211; Tourist Offer<\/a><\/p>\n<p>&nbsp;<\/p>\n<h3>BHR Network Marketplace<\/h3>\n<table>\n<tbody>\n<tr>\n<td width=\"614\">Here BHR Business Network members can place their posts. For cyber security reasons members are invited to sent the post to one of the two mailboxes: <a href=\"mailto:andrzej.poszewiecki@ug.edu.pl\">andrzej.poszewiecki@ug.edu.pl<\/a> or <a href=\"mailto:przemyslaw.kulawczuk@ug.edu.pl\">przemyslaw.kulawczuk@ug.edu.pl<\/a> . We will do efforts to place your posts as soon as possible.<\/p>\n<p>&nbsp;<\/p>\n<p>&nbsp;<\/p>\n<p>&nbsp;<\/p>\n<p>&nbsp;<\/p>\n<p>&nbsp;<\/p>\n<p>&nbsp;<\/p>\n<p>&nbsp;<\/p>\n<p>&nbsp;<\/p>\n<p>&nbsp;<\/p>\n<p>&nbsp;<\/p>\n<p>&nbsp;<\/p>\n<p>&nbsp;<\/p>\n<p>&nbsp;<\/p>\n<p>&nbsp;<\/p>\n<p>&nbsp;<\/p>\n<p>&nbsp;<\/p>\n<p>&nbsp;<\/p>\n<p>&nbsp;<\/td>\n<\/tr>\n<\/tbody>\n<\/table>\n<p>&nbsp;<\/p>","protected":false},"excerpt":{"rendered":"<p>Atsipra\u0161ome, \u0161is puslapis galimas tik Jungtini\u0173 Valstij\u0173 Angl\u0173. For the sake of viewer convenience, the content is shown below in the alternative language. You may click the link to switch the active language.The BHR Business Network Rules 1) Network is devoted to the development of sustainable tourism in the South Baltic Region. 2) The Network [&hellip;]<\/p>\n","protected":false},"author":1,"featured_media":0,"parent":0,"menu_order":0,"comment_status":"closed","ping_status":"closed","template":"","meta":[],"categories":[],"tags":[],"_links":{"self":[{"href":"https:\/\/sbt.ug.edu.pl\/lt\/wp-json\/wp\/v2\/pages\/5528"}],"collection":[{"href":"https:\/\/sbt.ug.edu.pl\/lt\/wp-json\/wp\/v2\/pages"}],"about":[{"href":"https:\/\/sbt.ug.edu.pl\/lt\/wp-json\/wp\/v2\/types\/page"}],"author":[{"embeddable":true,"href":"https:\/\/sbt.ug.edu.pl\/lt\/wp-json\/wp\/v2\/users\/1"}],"replies":[{"embeddable":true,"href":"https:\/\/sbt.ug.edu.pl\/lt\/wp-json\/wp\/v2\/comments?post=5528"}],"version-history":[{"count":59,"href":"https:\/\/sbt.ug.edu.pl\/lt\/wp-json\/wp\/v2\/pages\/5528\/revisions"}],"predecessor-version":[{"id":5830,"href":"https:\/\/sbt.ug.edu.pl\/lt\/wp-json\/wp\/v2\/pages\/5528\/revisions\/5830"}],"wp:attachment":[{"href":"https:\/\/sbt.ug.edu.pl\/lt\/wp-json\/wp\/v2\/media?parent=5528"}],"wp:term":[{"taxonomy":"category","embeddable":true,"href":"https:\/\/sbt.ug.edu.pl\/lt\/wp-json\/wp\/v2\/categories?post=5528"},{"taxonomy":"post_tag","embeddable":true,"href":"https:\/\/sbt.ug.edu.pl\/lt\/wp-json\/wp\/v2\/tags?post=5528"}],"curies":[{"name":"wp","href":"https:\/\/api.w.org\/{rel}","templated":true}]}}