{"id":564,"date":"2018-12-22T16:14:33","date_gmt":"2018-12-22T15:14:33","guid":{"rendered":"http:\/\/southbaltic-tourist.eu\/?page_id=564"},"modified":"2019-08-17T18:45:53","modified_gmt":"2019-08-17T16:45:53","slug":"1-eriksberg-vilt-natur","status":"publish","type":"page","link":"https:\/\/sbt.ug.edu.pl\/lt\/routes\/wildlife-nature-trails-folkuniversitetet-sweden\/1-eriksberg-vilt-natur\/","title":{"rendered":"1. Eriksberg Vilt &#038; Natur"},"content":{"rendered":"<p class=\"qtranxs-available-languages-message qtranxs-available-languages-message-lt\">Atsipra\u0161ome, \u0161is puslapis galimas tik <a href=\"https:\/\/sbt.ug.edu.pl\/en\/wp-json\/wp\/v2\/pages\/564\" class=\"qtranxs-available-language-link qtranxs-available-language-link-en\" title=\"English\">Jungtini\u0173 Valstij\u0173 Angl\u0173<\/a>, <a href=\"https:\/\/sbt.ug.edu.pl\/de\/wp-json\/wp\/v2\/pages\/564\" class=\"qtranxs-available-language-link qtranxs-available-language-link-de\" title=\"Deutsch\">Vokie\u010di\u0173<\/a> ir <a href=\"https:\/\/sbt.ug.edu.pl\/pl\/wp-json\/wp\/v2\/pages\/564\" class=\"qtranxs-available-language-link qtranxs-available-language-link-pl\" title=\"Polski\">Lenk\u0173<\/a>. For the sake of viewer convenience, the content is shown below in this site default language. You may click one of the links to switch the site language to another available language.<\/p><p><\/p>\n<p style=\"text-align: justify;\"><strong>LOCATION<br \/>\n<\/strong><\/p>\n<p style=\"text-align: justify;\">Eriksberg is a nature reserve outside \u00c5ryd in Karlshamns. It is one of \u00a0northern Europe&#8217;s largest wildlife reserves and the largest safari park in the Nordic region. Coordinates:<br \/>\nLat N 56\u00b0 10\u2032 48\u2033 Lon E 15\u00b0 0\u2032 11\u2033<\/p>\n<p><img decoding=\"async\" loading=\"lazy\" class=\"alignnone wp-image-2823 size-full\" src=\"https:\/\/southbaltic-tourist.eu\/wp-content\/uploads\/2019\/07\/1.-Wildpark.-Eriksberg.-Blekinge-R7.-A1.jpg\" alt=\"\" width=\"1600\" height=\"626\" srcset=\"https:\/\/sbt.ug.edu.pl\/wp-content\/uploads\/2019\/07\/1.-Wildpark.-Eriksberg.-Blekinge-R7.-A1.jpg 1600w, https:\/\/sbt.ug.edu.pl\/wp-content\/uploads\/2019\/07\/1.-Wildpark.-Eriksberg.-Blekinge-R7.-A1-300x117.jpg 300w, https:\/\/sbt.ug.edu.pl\/wp-content\/uploads\/2019\/07\/1.-Wildpark.-Eriksberg.-Blekinge-R7.-A1-768x300.jpg 768w, https:\/\/sbt.ug.edu.pl\/wp-content\/uploads\/2019\/07\/1.-Wildpark.-Eriksberg.-Blekinge-R7.-A1-1024x401.jpg 1024w, https:\/\/sbt.ug.edu.pl\/wp-content\/uploads\/2019\/07\/1.-Wildpark.-Eriksberg.-Blekinge-R7.-A1-150x59.jpg 150w\" sizes=\"(max-width: 1600px) 100vw, 1600px\" \/><\/p>\n<p style=\"text-align: justify;\"><strong>SCENIC CHARACTER<\/strong><\/p>\n<p style=\"text-align: justify;\">Eriksberg offers the visitor a taster for what Sweden\u2019s Game and Nature Parks in South Eastern Sweden have in store. A paradise for animals and people, this unique wildlife reserve, with its deciduous forests and diverse coastal landscape, is extraordinary and surely a feast for the senses. Eriksberg stretches over 900 hectares and is a true animal kingdom \u2013 you can find crown-felt, fallow deer, wild boar, visors and sheep here, including a summer house of about 1,500 animals.<\/p>\n<p style=\"text-align: justify;\"><strong>ATTRACTIONS <\/strong><\/p>\n<p style=\"text-align: justify;\">Eriksberg invites you to take part in an unforgettable experience. You can take a safari trip and see the animals in their natural environments. You can visit the unique farm house with caf\u00e9 and art gallery, attend programmes for children, go fishing and have a great time. If you feel like having a gourmet dinner or would like to book a room for the night, then all this can be arranged. There are also boats and bikes to rent and you can take part in a guided tour of the surrounding landscape.<\/p>\n<p><code><div class=\"rl-gallery-container rl-loading\" id=\"rl-gallery-container-1\" data-gallery_id=\"2822\"> <div class=\"rl-gallery rl-basicgrid-gallery \" id=\"rl-gallery-1\" data-gallery_no=\"1\"> <div class=\"rl-gallery-item\"><a href=\"https:\/\/sbt.ug.edu.pl\/wp-content\/uploads\/2019\/07\/1.-Wildpark.-Eriksberg.-Blekinge-R7.-A1.jpg\" title=\"1. In Schweden. Eriksberg, Blekinge; author: Entheta; License: CC BY 3.0\" data-rl_title=\"1. In Schweden. Eriksberg, Blekinge; author: Entheta; License: CC BY 3.0\" class=\"rl-gallery-link\" data-rl_caption=\"\" data-rel=\"lightbox-gallery-1\"><img src=\"https:\/\/sbt.ug.edu.pl\/wp-content\/uploads\/2019\/07\/1.-Wildpark.-Eriksberg.-Blekinge-R7.-A1-768x300.jpg\" width=\"640\" height=\"250\" alt=\"\" \/><\/a><\/div><div class=\"rl-gallery-item\"><a href=\"https:\/\/sbt.ug.edu.pl\/wp-content\/uploads\/2019\/07\/2.-Entrance-to-Eriksberg-Wildlife-and-Nature-Park-R7.-A1.jpg\" title=\"2. Entrance to Eriksberg Wildlife and Nature Park, Blekinge; author: Entheta; License: CC BY 3.0\" data-rl_title=\"2. Entrance to Eriksberg Wildlife and Nature Park, Blekinge; author: Entheta; License: CC BY 3.0\" class=\"rl-gallery-link\" data-rl_caption=\"\" data-rel=\"lightbox-gallery-1\"><img src=\"https:\/\/sbt.ug.edu.pl\/wp-content\/uploads\/2019\/07\/2.-Entrance-to-Eriksberg-Wildlife-and-Nature-Park-R7.-A1-768x365.jpg\" width=\"640\" height=\"304\" alt=\"\" \/><\/a><\/div><div class=\"rl-gallery-item\"><a href=\"https:\/\/sbt.ug.edu.pl\/wp-content\/uploads\/2019\/07\/3.-Deers-Wildpark-Eriksberg-Blekinge-R7.-A1.jpg\" title=\"3. Deers - Wildpark - Eriksberg, Blekinge; author: Klugschnacker; License: CC BY 3.0\" data-rl_title=\"3. Deers - Wildpark - Eriksberg, Blekinge; author: Klugschnacker; License: CC BY 3.0\" class=\"rl-gallery-link\" data-rl_caption=\"\" data-rel=\"lightbox-gallery-1\"><img src=\"https:\/\/sbt.ug.edu.pl\/wp-content\/uploads\/2019\/07\/3.-Deers-Wildpark-Eriksberg-Blekinge-R7.-A1-768x576.jpg\" width=\"640\" height=\"480\" alt=\"\" \/><\/a><\/div><div class=\"rl-gallery-item\"><a href=\"https:\/\/sbt.ug.edu.pl\/wp-content\/uploads\/2019\/07\/4.-Aurochs-Wildpark-Eriksberg-Blekinge-R7.-A1.jpg\" title=\"4. Aurochs - Wildpark - Eriksberg, Blekinge; author: Klugschnacker; License: CC BY 3.0\" data-rl_title=\"4. Aurochs - Wildpark - Eriksberg, Blekinge; author: Klugschnacker; License: CC BY 3.0\" class=\"rl-gallery-link\" data-rl_caption=\"\" data-rel=\"lightbox-gallery-1\"><img src=\"https:\/\/sbt.ug.edu.pl\/wp-content\/uploads\/2019\/07\/4.-Aurochs-Wildpark-Eriksberg-Blekinge-R7.-A1-768x576.jpg\" width=\"640\" height=\"480\" alt=\"\" \/><\/a><\/div><div class=\"rl-gallery-item\"><a href=\"https:\/\/sbt.ug.edu.pl\/wp-content\/uploads\/2019\/07\/5.-Wildpark-Eriksberg-Blekinge-R7.-A1.jpg\" title=\"5. Wildpark - Eriksberg, Blekinge; author: Klugschnacker; License: CC BY 3.0\" data-rl_title=\"5. Wildpark - Eriksberg, Blekinge; author: Klugschnacker; License: CC BY 3.0\" class=\"rl-gallery-link\" data-rl_caption=\"\" data-rel=\"lightbox-gallery-1\"><img src=\"https:\/\/sbt.ug.edu.pl\/wp-content\/uploads\/2019\/07\/5.-Wildpark-Eriksberg-Blekinge-R7.-A1-768x576.jpg\" width=\"640\" height=\"480\" alt=\"\" \/><\/a><\/div><div class=\"rl-gallery-item\"><a href=\"https:\/\/sbt.ug.edu.pl\/wp-content\/uploads\/2019\/07\/6.-Boars-Wildpark-Eriksberg-Blekinge-R7.-A1.jpg\" title=\"6. Boars - Wildpark - Eriksberg, Blekinge; author: Entheta; License: CC BY 3.0\" data-rl_title=\"6. Boars - Wildpark - Eriksberg, Blekinge; author: Entheta; License: CC BY 3.0\" class=\"rl-gallery-link\" data-rl_caption=\"\" data-rel=\"lightbox-gallery-1\"><img src=\"https:\/\/sbt.ug.edu.pl\/wp-content\/uploads\/2019\/07\/6.-Boars-Wildpark-Eriksberg-Blekinge-R7.-A1-768x424.jpg\" width=\"640\" height=\"353\" alt=\"\" \/><\/a><\/div><div class=\"rl-gallery-item\"><a href=\"https:\/\/sbt.ug.edu.pl\/wp-content\/uploads\/2019\/07\/7.-F\u00e4rsksj\u00f6n-Eriksberg-Blekinge-R7.-A1.jpg\" title=\"7. F\u00e4rsksj\u00f6n - Eriksberg, Blekinge; author: Entheta; License: CC BY 3.0\" data-rl_title=\"7. F\u00e4rsksj\u00f6n - Eriksberg, Blekinge; author: Entheta; License: CC BY 3.0\" class=\"rl-gallery-link\" data-rl_caption=\"\" data-rel=\"lightbox-gallery-1\"><img src=\"https:\/\/sbt.ug.edu.pl\/wp-content\/uploads\/2019\/07\/7.-F\u00e4rsksj\u00f6n-Eriksberg-Blekinge-R7.-A1-768x295.jpg\" width=\"640\" height=\"246\" alt=\"\" \/><\/a><\/div><div class=\"rl-gallery-item\"><a href=\"https:\/\/sbt.ug.edu.pl\/wp-content\/uploads\/2019\/07\/8.-Wildpark-Eriksberg-Blekinge-R7.-A1.jpg\" title=\"8. Wildpark - Eriksberg, Blekinge; author: Klugschnacker; License: CC BY 3.0\" data-rl_title=\"8. Wildpark - Eriksberg, Blekinge; author: Klugschnacker; License: CC BY 3.0\" class=\"rl-gallery-link\" data-rl_caption=\"\" data-rel=\"lightbox-gallery-1\"><img src=\"https:\/\/sbt.ug.edu.pl\/wp-content\/uploads\/2019\/07\/8.-Wildpark-Eriksberg-Blekinge-R7.-A1-768x576.jpg\" width=\"640\" height=\"480\" alt=\"\" \/><\/a><\/div> <\/div> <\/div><\/code><\/p>\n<p><a href=\"https:\/\/southbaltic-tourist.eu\/wp-content\/uploads\/2019\/08\/Photos-sources-data-R7.pdf\">Photos sources data R7<\/a><\/p>\n<p>&nbsp;<\/p>\n<p>&nbsp; <\/p>","protected":false},"excerpt":{"rendered":"<p>Atsipra\u0161ome, \u0161is puslapis galimas tik Jungtini\u0173 Valstij\u0173 Angl\u0173, Vokie\u010di\u0173 ir Lenk\u0173. For the sake of viewer convenience, the content is shown below in this site default language. You may click one of the links to switch the site language to another available language. LOCATION Eriksberg is a nature reserve outside \u00c5ryd in Karlshamns. It is [&hellip;]<\/p>\n","protected":false},"author":3,"featured_media":0,"parent":488,"menu_order":0,"comment_status":"closed","ping_status":"closed","template":"","meta":[],"categories":[34,15,30],"tags":[],"_links":{"self":[{"href":"https:\/\/sbt.ug.edu.pl\/lt\/wp-json\/wp\/v2\/pages\/564"}],"collection":[{"href":"https:\/\/sbt.ug.edu.pl\/lt\/wp-json\/wp\/v2\/pages"}],"about":[{"href":"https:\/\/sbt.ug.edu.pl\/lt\/wp-json\/wp\/v2\/types\/page"}],"author":[{"embeddable":true,"href":"https:\/\/sbt.ug.edu.pl\/lt\/wp-json\/wp\/v2\/users\/3"}],"replies":[{"embeddable":true,"href":"https:\/\/sbt.ug.edu.pl\/lt\/wp-json\/wp\/v2\/comments?post=564"}],"version-history":[{"count":7,"href":"https:\/\/sbt.ug.edu.pl\/lt\/wp-json\/wp\/v2\/pages\/564\/revisions"}],"predecessor-version":[{"id":4527,"href":"https:\/\/sbt.ug.edu.pl\/lt\/wp-json\/wp\/v2\/pages\/564\/revisions\/4527"}],"up":[{"embeddable":true,"href":"https:\/\/sbt.ug.edu.pl\/lt\/wp-json\/wp\/v2\/pages\/488"}],"wp:attachment":[{"href":"https:\/\/sbt.ug.edu.pl\/lt\/wp-json\/wp\/v2\/media?parent=564"}],"wp:term":[{"taxonomy":"category","embeddable":true,"href":"https:\/\/sbt.ug.edu.pl\/lt\/wp-json\/wp\/v2\/categories?post=564"},{"taxonomy":"post_tag","embeddable":true,"href":"https:\/\/sbt.ug.edu.pl\/lt\/wp-json\/wp\/v2\/tags?post=564"}],"curies":[{"name":"wp","href":"https:\/\/api.w.org\/{rel}","templated":true}]}}