{"id":573,"date":"2018-12-23T11:42:20","date_gmt":"2018-12-23T10:42:20","guid":{"rendered":"http:\/\/southbaltic-tourist.eu\/?page_id=573"},"modified":"2021-06-02T12:49:20","modified_gmt":"2021-06-02T11:49:20","slug":"5-sassnitz","status":"publish","type":"page","link":"https:\/\/sbt.ug.edu.pl\/lt\/routes\/world-of-fishermen\/5-sassnitz\/","title":{"rendered":"5. Sassnitz"},"content":{"rendered":"<p class=\"qtranxs-available-languages-message qtranxs-available-languages-message-lt\">Atsipra\u0161ome, \u0161is puslapis galimas tik <a href=\"https:\/\/sbt.ug.edu.pl\/en\/wp-json\/wp\/v2\/pages\/573\" class=\"qtranxs-available-language-link qtranxs-available-language-link-en\" title=\"English\">Jungtini\u0173 Valstij\u0173 Angl\u0173<\/a>, <a href=\"https:\/\/sbt.ug.edu.pl\/de\/wp-json\/wp\/v2\/pages\/573\" class=\"qtranxs-available-language-link qtranxs-available-language-link-de\" title=\"Deutsch\">Vokie\u010di\u0173<\/a> ir <a href=\"https:\/\/sbt.ug.edu.pl\/pl\/wp-json\/wp\/v2\/pages\/573\" class=\"qtranxs-available-language-link qtranxs-available-language-link-pl\" title=\"Polski\">Lenk\u0173<\/a>. For the sake of viewer convenience, the content is shown below in this site default language. You may click one of the links to switch the site language to another available language.<\/p><p><strong>LOCATION<\/strong><\/p>\n<p>The town of Sassnitz is located on the island of R\u00fcgen directly at the coastline just besides the Jasmund National Park with the well-known chalk cliffs.<\/p>\n<p style=\"text-align: justify;\">Coordinates: 54\u00b030\u201959\u201dN 13\u00b038\u201928\u201dE<\/p>\n<p><img decoding=\"async\" loading=\"lazy\" class=\"alignleft wp-image-2561\" src=\"https:\/\/southbaltic-tourist.eu\/wp-content\/uploads\/2019\/07\/R8A5-p1-freddieIMG_8804.jpg\" alt=\"\" width=\"600\" height=\"400\" srcset=\"https:\/\/sbt.ug.edu.pl\/wp-content\/uploads\/2019\/07\/R8A5-p1-freddieIMG_8804.jpg 1600w, https:\/\/sbt.ug.edu.pl\/wp-content\/uploads\/2019\/07\/R8A5-p1-freddieIMG_8804-300x200.jpg 300w, https:\/\/sbt.ug.edu.pl\/wp-content\/uploads\/2019\/07\/R8A5-p1-freddieIMG_8804-768x512.jpg 768w, https:\/\/sbt.ug.edu.pl\/wp-content\/uploads\/2019\/07\/R8A5-p1-freddieIMG_8804-1024x683.jpg 1024w, https:\/\/sbt.ug.edu.pl\/wp-content\/uploads\/2019\/07\/R8A5-p1-freddieIMG_8804-150x100.jpg 150w\" sizes=\"(max-width: 600px) 100vw, 600px\" \/><\/p>\n<p><a href=\"https:\/\/southbaltic-tourist.eu\/wp-content\/uploads\/2020\/02\/R8.05-Sassnitz.png\" data-rel=\"lightbox-gallery-NGVyKA9Z\" data-rl_title=\"\" data-rl_caption=\"\" title=\"\"><img decoding=\"async\" loading=\"lazy\" class=\"alignnone wp-image-5337\" src=\"https:\/\/southbaltic-tourist.eu\/wp-content\/uploads\/2020\/02\/R8.05-Sassnitz-300x256.png\" alt=\"\" width=\"469\" height=\"400\" srcset=\"https:\/\/sbt.ug.edu.pl\/wp-content\/uploads\/2020\/02\/R8.05-Sassnitz-300x256.png 300w, https:\/\/sbt.ug.edu.pl\/wp-content\/uploads\/2020\/02\/R8.05-Sassnitz-1024x874.png 1024w, https:\/\/sbt.ug.edu.pl\/wp-content\/uploads\/2020\/02\/R8.05-Sassnitz-768x655.png 768w, https:\/\/sbt.ug.edu.pl\/wp-content\/uploads\/2020\/02\/R8.05-Sassnitz-1536x1310.png 1536w, https:\/\/sbt.ug.edu.pl\/wp-content\/uploads\/2020\/02\/R8.05-Sassnitz-150x128.png 150w, https:\/\/sbt.ug.edu.pl\/wp-content\/uploads\/2020\/02\/R8.05-Sassnitz.png 1600w\" sizes=\"(max-width: 469px) 100vw, 469px\" \/><\/a><\/p>\n<p><a href=\"https:\/\/www.google.pl\/maps\/place\/Sassnitz,+Niemcy\/@54.5287015,13.3228112,10z\/data=!4m5!3m4!1s0x47ab387583d4c319:0x76056d8dd61ceb4c!8m2!3d54.5159131!4d13.6331916\" target=\"_blank\" rel=\"noopener noreferrer\">View on Google Maps<\/a><\/p>\n<p><strong>History<\/strong><\/p>\n<p style=\"text-align: justify;\">Sassnitz is a small town with less than 10.000 inhabitants. But in tourism season it is crowded by tourists because the town is well-known as seaside resort as well as port town. At the local harbourremind on the 100-year tradition of ferry services to Sweden and Northern Europe. The international ferry port and the commercial port moved to another location nearby outside the settlement area (this place is called Mukran). It is the easternmost deep water port of Germany.<\/p>\n<p><strong>ATTRACTIONS <\/strong><\/p>\n<p>Sassnitzis the gateway to the JasmundNational Park and the fishermenharbourattractstourists by itsmaritime flair. The harbour area is protected by the longest outer mole in Europe with a length of 1450 meters. Here start the boat trips to have a nice view on the unique chalk cliffs.<\/p>\n<p style=\"text-align: justify;\">Due to the high cliffs a huge suspension bridge (274-metre) for pedestriansonlyconnects the center of the town with the harbour. A Fishing and Harbour Museumdocuments the history of the town.<\/p>\n<p><code><div class=\"rl-gallery-container rl-loading\" id=\"rl-gallery-container-1\" data-gallery_id=\"2560\"> <div class=\"rl-gallery rl-basicgrid-gallery \" id=\"rl-gallery-1\" data-gallery_no=\"1\"> <div class=\"rl-gallery-item\"><a href=\"https:\/\/sbt.ug.edu.pl\/wp-content\/uploads\/2019\/07\/R8A5-p1-freddieIMG_8804.jpg\" title=\"Maritime technology; \u00a9 Freddie Bijkerk\" data-rl_title=\"Maritime technology; \u00a9 Freddie Bijkerk\" class=\"rl-gallery-link\" data-rl_caption=\"\" data-rel=\"lightbox-gallery-1\"><img src=\"https:\/\/sbt.ug.edu.pl\/wp-content\/uploads\/2019\/07\/R8A5-p1-freddieIMG_8804-300x200.jpg\" width=\"300\" height=\"200\" alt=\"\" \/><\/a><\/div><div class=\"rl-gallery-item\"><a href=\"https:\/\/sbt.ug.edu.pl\/wp-content\/uploads\/2019\/07\/R8A5-p2-Ruegen_Sassnitz_Rathaus_2.jpg\" title=\"Rathaus; \u00a9 commons.wikimedia.org, Andreas Steinhoff\" data-rl_title=\"Rathaus; \u00a9 commons.wikimedia.org, Andreas Steinhoff\" class=\"rl-gallery-link\" data-rl_caption=\"\" data-rel=\"lightbox-gallery-1\"><img src=\"https:\/\/sbt.ug.edu.pl\/wp-content\/uploads\/2019\/07\/R8A5-p2-Ruegen_Sassnitz_Rathaus_2-199x300.jpg\" width=\"199\" height=\"300\" alt=\"\" \/><\/a><\/div><div class=\"rl-gallery-item\"><a href=\"https:\/\/sbt.ug.edu.pl\/wp-content\/uploads\/2019\/07\/R8A5-p3-Kirche_Sassnitz.jpg\" title=\"Church; \u00a9 commons.wikimedia.org, Kopist\" data-rl_title=\"Church; \u00a9 commons.wikimedia.org, Kopist\" class=\"rl-gallery-link\" data-rl_caption=\"\" data-rel=\"lightbox-gallery-1\"><img src=\"https:\/\/sbt.ug.edu.pl\/wp-content\/uploads\/2019\/07\/R8A5-p3-Kirche_Sassnitz-239x300.jpg\" width=\"239\" height=\"300\" alt=\"\" \/><\/a><\/div><div class=\"rl-gallery-item\"><a href=\"https:\/\/sbt.ug.edu.pl\/wp-content\/uploads\/2019\/07\/R8A5-p4-freddie-IMG_8794.jpg\" title=\"Ships; \u00a9 Freddie Bijkerk\" data-rl_title=\"Ships; \u00a9 Freddie Bijkerk\" class=\"rl-gallery-link\" data-rl_caption=\"\" data-rel=\"lightbox-gallery-1\"><img src=\"https:\/\/sbt.ug.edu.pl\/wp-content\/uploads\/2019\/07\/R8A5-p4-freddie-IMG_8794-300x200.jpg\" width=\"300\" height=\"200\" alt=\"\" \/><\/a><\/div><div class=\"rl-gallery-item\"><a href=\"https:\/\/sbt.ug.edu.pl\/wp-content\/uploads\/2019\/07\/R8A5-p5-freddie-IMG_8799.jpg\" title=\"R\u00fcgenFisch; \u00a9 Freddie Bijkerk\" data-rl_title=\"R\u00fcgenFisch; \u00a9 Freddie Bijkerk\" class=\"rl-gallery-link\" data-rl_caption=\"\" data-rel=\"lightbox-gallery-1\"><img src=\"https:\/\/sbt.ug.edu.pl\/wp-content\/uploads\/2019\/07\/R8A5-p5-freddie-IMG_8799-300x200.jpg\" width=\"300\" height=\"200\" alt=\"\" \/><\/a><\/div><div class=\"rl-gallery-item\"><a href=\"https:\/\/sbt.ug.edu.pl\/wp-content\/uploads\/2019\/07\/R8A5-p6-freddie-IMG_8788.jpg\" title=\"Lighthouse Sassnitz; \u00a9 Freddie Bijkerk\" data-rl_title=\"Lighthouse Sassnitz; \u00a9 Freddie Bijkerk\" class=\"rl-gallery-link\" data-rl_caption=\"\" data-rel=\"lightbox-gallery-1\"><img src=\"https:\/\/sbt.ug.edu.pl\/wp-content\/uploads\/2019\/07\/R8A5-p6-freddie-IMG_8788-300x200.jpg\" width=\"300\" height=\"200\" alt=\"\" \/><\/a><\/div><div class=\"rl-gallery-item\"><a href=\"https:\/\/sbt.ug.edu.pl\/wp-content\/uploads\/2019\/07\/R8A5-p7-freddieIMG_8805.jpg\" title=\"Rescue boats; \u00a9 Freddie Bijkerk\" data-rl_title=\"Rescue boats; \u00a9 Freddie Bijkerk\" class=\"rl-gallery-link\" data-rl_caption=\"\" data-rel=\"lightbox-gallery-1\"><img src=\"https:\/\/sbt.ug.edu.pl\/wp-content\/uploads\/2019\/07\/R8A5-p7-freddieIMG_8805-300x200.jpg\" width=\"300\" height=\"200\" alt=\"\" \/><\/a><\/div><div class=\"rl-gallery-item\"><a href=\"https:\/\/sbt.ug.edu.pl\/wp-content\/uploads\/2019\/07\/R8A5-p8-freddieIMG_8813.jpg\" title=\"Pedestrian bridge; \u00a9 Freddie Bijkerk\" data-rl_title=\"Pedestrian bridge; \u00a9 Freddie Bijkerk\" class=\"rl-gallery-link\" data-rl_caption=\"\" data-rel=\"lightbox-gallery-1\"><img src=\"https:\/\/sbt.ug.edu.pl\/wp-content\/uploads\/2019\/07\/R8A5-p8-freddieIMG_8813-300x200.jpg\" width=\"300\" height=\"200\" alt=\"\" \/><\/a><\/div><div class=\"rl-gallery-item\"><a href=\"https:\/\/sbt.ug.edu.pl\/wp-content\/uploads\/2019\/07\/R8A5-p9-Freddie-frozenlighthouse.jpg\" title=\"Lighthouse winter; \u00a9 Freddie Bijkerk\" data-rl_title=\"Lighthouse winter; \u00a9 Freddie Bijkerk\" class=\"rl-gallery-link\" data-rl_caption=\"\" data-rel=\"lightbox-gallery-1\"><img src=\"https:\/\/sbt.ug.edu.pl\/wp-content\/uploads\/2019\/07\/R8A5-p9-Freddie-frozenlighthouse-300x200.jpg\" width=\"300\" height=\"200\" alt=\"\" \/><\/a><\/div> <\/div> <\/div><\/code><\/p>\n<p>&nbsp;<\/p>","protected":false},"excerpt":{"rendered":"<p>Atsipra\u0161ome, \u0161is puslapis galimas tik Jungtini\u0173 Valstij\u0173 Angl\u0173, Vokie\u010di\u0173 ir Lenk\u0173. For the sake of viewer convenience, the content is shown below in this site default language. You may click one of the links to switch the site language to another available language.LOCATION The town of Sassnitz is located on the island of R\u00fcgen directly [&hellip;]<\/p>\n","protected":false},"author":3,"featured_media":0,"parent":490,"menu_order":0,"comment_status":"closed","ping_status":"closed","template":"","meta":[],"categories":[34,15,31],"tags":[],"_links":{"self":[{"href":"https:\/\/sbt.ug.edu.pl\/lt\/wp-json\/wp\/v2\/pages\/573"}],"collection":[{"href":"https:\/\/sbt.ug.edu.pl\/lt\/wp-json\/wp\/v2\/pages"}],"about":[{"href":"https:\/\/sbt.ug.edu.pl\/lt\/wp-json\/wp\/v2\/types\/page"}],"author":[{"embeddable":true,"href":"https:\/\/sbt.ug.edu.pl\/lt\/wp-json\/wp\/v2\/users\/3"}],"replies":[{"embeddable":true,"href":"https:\/\/sbt.ug.edu.pl\/lt\/wp-json\/wp\/v2\/comments?post=573"}],"version-history":[{"count":9,"href":"https:\/\/sbt.ug.edu.pl\/lt\/wp-json\/wp\/v2\/pages\/573\/revisions"}],"predecessor-version":[{"id":5748,"href":"https:\/\/sbt.ug.edu.pl\/lt\/wp-json\/wp\/v2\/pages\/573\/revisions\/5748"}],"up":[{"embeddable":true,"href":"https:\/\/sbt.ug.edu.pl\/lt\/wp-json\/wp\/v2\/pages\/490"}],"wp:attachment":[{"href":"https:\/\/sbt.ug.edu.pl\/lt\/wp-json\/wp\/v2\/media?parent=573"}],"wp:term":[{"taxonomy":"category","embeddable":true,"href":"https:\/\/sbt.ug.edu.pl\/lt\/wp-json\/wp\/v2\/categories?post=573"},{"taxonomy":"post_tag","embeddable":true,"href":"https:\/\/sbt.ug.edu.pl\/lt\/wp-json\/wp\/v2\/tags?post=573"}],"curies":[{"name":"wp","href":"https:\/\/api.w.org\/{rel}","templated":true}]}}