{"id":603,"date":"2018-12-23T12:14:22","date_gmt":"2018-12-23T11:14:22","guid":{"rendered":"http:\/\/southbaltic-tourist.eu\/?page_id=603"},"modified":"2019-08-15T14:02:24","modified_gmt":"2019-08-15T12:02:24","slug":"1-kalmar-castle-oland-bridge","status":"publish","type":"page","link":"https:\/\/sbt.ug.edu.pl\/lt\/routes\/south-baltic-scenic-coastal-road\/1-kalmar-castle-oland-bridge\/","title":{"rendered":"1. Kalmar Castle \u2013 \u00d6land Bridge"},"content":{"rendered":"<p class=\"qtranxs-available-languages-message qtranxs-available-languages-message-lt\">Atsipra\u0161ome, \u0161is puslapis galimas tik <a href=\"https:\/\/sbt.ug.edu.pl\/en\/wp-json\/wp\/v2\/pages\/603\" class=\"qtranxs-available-language-link qtranxs-available-language-link-en\" title=\"English\">Jungtini\u0173 Valstij\u0173 Angl\u0173<\/a>, <a href=\"https:\/\/sbt.ug.edu.pl\/de\/wp-json\/wp\/v2\/pages\/603\" class=\"qtranxs-available-language-link qtranxs-available-language-link-de\" title=\"Deutsch\">Vokie\u010di\u0173<\/a> ir <a href=\"https:\/\/sbt.ug.edu.pl\/pl\/wp-json\/wp\/v2\/pages\/603\" class=\"qtranxs-available-language-link qtranxs-available-language-link-pl\" title=\"Polski\">Lenk\u0173<\/a>. For the sake of viewer convenience, the content is shown below in this site default language. You may click one of the links to switch the site language to another available language.<\/p><p><\/p>\n<p style=\"text-align: justify;\"><strong>LOCATION<\/strong><\/p>\n<p style=\"text-align: justify;\">Kalmar is a city situated in the southeast of Sweden by the Baltic Sea and belongs to Sm\u00e5land region full of meadows, dense forests and 5 000 lakes. The city has an international airport and good transport links by roads, rail and buses reaching others cities in Sweden. There is the \u00d6land Bridge \u2013 the road bridge that connects Kalmar to the Swedish island \u00d6land.<\/p>\n<p style=\"text-align: justify;\"><img decoding=\"async\" loading=\"lazy\" class=\"alignnone wp-image-4372 size-full\" src=\"https:\/\/southbaltic-tourist.eu\/wp-content\/uploads\/2019\/08\/6-Kalmar-Castle-1.jpg\" alt=\"\" width=\"1600\" height=\"759\" srcset=\"https:\/\/sbt.ug.edu.pl\/wp-content\/uploads\/2019\/08\/6-Kalmar-Castle-1.jpg 1600w, https:\/\/sbt.ug.edu.pl\/wp-content\/uploads\/2019\/08\/6-Kalmar-Castle-1-300x142.jpg 300w, https:\/\/sbt.ug.edu.pl\/wp-content\/uploads\/2019\/08\/6-Kalmar-Castle-1-768x364.jpg 768w, https:\/\/sbt.ug.edu.pl\/wp-content\/uploads\/2019\/08\/6-Kalmar-Castle-1-1024x486.jpg 1024w, https:\/\/sbt.ug.edu.pl\/wp-content\/uploads\/2019\/08\/6-Kalmar-Castle-1-150x71.jpg 150w\" sizes=\"(max-width: 1600px) 100vw, 1600px\" \/><\/p>\n<p style=\"text-align: justify;\"><strong>SCENIC CHARACTER<\/strong><\/p>\n<p style=\"text-align: justify;\">Being the oldest cities in Sweden, Kalmar also holds the title of the best summer city, famous for its cultural heritage objects, unique landscapes and unforgettable summer events and festivals. Old town has original well-preserved 17-18th century colorful buildings, small cobbled streets, nice shopping area and many local restaurants, bars, cafes. Visit the iconic landmark of the city &#8211; Kalmar Castle, the best remained Nordic Renaissance castle in Sweden since 16th century. You can observe many beautiful views and sceneries of the coast from Kalmar Castle, which also is surrounded by lovely gardens and parks where everyone are welcome for beautiful promenades and cosy lunch break on the shore.\u00a0 There are 19 beaches in Kalmar, and the most popular beach is \u201cKattrumpan\u201d in the city centre with magnificient view to the Kalmar castle. \u00d6landsbron, the longest bridge (6km) in Sweden connects Kalmar city with the \u00d6land island, a perfect summer gateway for activities such as hiking, cycling, bird watching, kite-surfing and windsurfing. If you drive in the sunset through the bridge, definitely you get an unforgettable romantic experience. Many scenic and heart touching views of Kalmarsund can be seen on the coast shoreline while camping and spending time in Haga Park.<\/p>\n<p style=\"text-align: justify;\"><strong>ATTRACTIONS<\/strong><\/p>\n<p style=\"text-align: justify;\">Visit the Kalmar Castle, old town, shopping area, the sandy beach \u201cKattrumpan\u201d. Drive through \u00d6land bridge (\u201c\u00d6landbrons) and stay overnight in the camping site of Haga Park where you may choose to do some activities such as hiking, cycling, bird watching kite-surfing or windsurfing.<\/p>\n<p><code><div class=\"rl-gallery-container rl-loading\" id=\"rl-gallery-container-1\" data-gallery_id=\"3029\"> <div class=\"rl-gallery rl-basicgrid-gallery \" id=\"rl-gallery-1\" data-gallery_no=\"1\"> <div class=\"rl-gallery-item\"><a href=\"https:\/\/sbt.ug.edu.pl\/wp-content\/uploads\/2019\/07\/1-5.jpg\" title=\"1. Kalmar Castle; author: Rita Dizaviciene\/ BHR\" data-rl_title=\"1. Kalmar Castle; author: Rita Dizaviciene\/ BHR\" class=\"rl-gallery-link\" data-rl_caption=\"\" data-rel=\"lightbox-gallery-1\"><img src=\"https:\/\/sbt.ug.edu.pl\/wp-content\/uploads\/2019\/07\/1-5-768x509.jpg\" width=\"640\" height=\"424\" alt=\"\" \/><\/a><\/div><div class=\"rl-gallery-item\"><a href=\"https:\/\/sbt.ug.edu.pl\/wp-content\/uploads\/2019\/07\/2-5.jpg\" title=\"2. Kalmar Castle; author: Rita Dizaviciene\/ BHR\" data-rl_title=\"2. Kalmar Castle; author: Rita Dizaviciene\/ BHR\" class=\"rl-gallery-link\" data-rl_caption=\"\" data-rel=\"lightbox-gallery-1\"><img src=\"https:\/\/sbt.ug.edu.pl\/wp-content\/uploads\/2019\/07\/2-5-768x509.jpg\" width=\"640\" height=\"424\" alt=\"\" \/><\/a><\/div><div class=\"rl-gallery-item\"><a href=\"https:\/\/sbt.ug.edu.pl\/wp-content\/uploads\/2019\/07\/3-6.jpg\" title=\"3. Kalmar Castle; author: Rita Dizaviciene\/ BHR\" data-rl_title=\"3. Kalmar Castle; author: Rita Dizaviciene\/ BHR\" class=\"rl-gallery-link\" data-rl_caption=\"\" data-rel=\"lightbox-gallery-1\"><img src=\"https:\/\/sbt.ug.edu.pl\/wp-content\/uploads\/2019\/07\/3-6-768x509.jpg\" width=\"640\" height=\"424\" alt=\"\" \/><\/a><\/div><div class=\"rl-gallery-item\"><a href=\"https:\/\/sbt.ug.edu.pl\/wp-content\/uploads\/2019\/07\/4-5.jpg\" title=\"4. Kalmar Castle; author: Rita Dizaviciene\/ BHR\" data-rl_title=\"4. Kalmar Castle; author: Rita Dizaviciene\/ BHR\" class=\"rl-gallery-link\" data-rl_caption=\"\" data-rel=\"lightbox-gallery-1\"><img src=\"https:\/\/sbt.ug.edu.pl\/wp-content\/uploads\/2019\/07\/4-5-768x509.jpg\" width=\"640\" height=\"424\" alt=\"\" \/><\/a><\/div><div class=\"rl-gallery-item\"><a href=\"https:\/\/sbt.ug.edu.pl\/wp-content\/uploads\/2019\/07\/5-6.jpg\" title=\"5. Kalmar Castle; author: Rita Dizaviciene\/ BHR\" data-rl_title=\"5. Kalmar Castle; author: Rita Dizaviciene\/ BHR\" class=\"rl-gallery-link\" data-rl_caption=\"\" data-rel=\"lightbox-gallery-1\"><img src=\"https:\/\/sbt.ug.edu.pl\/wp-content\/uploads\/2019\/07\/5-6-768x509.jpg\" width=\"640\" height=\"424\" alt=\"\" \/><\/a><\/div><div class=\"rl-gallery-item\"><a href=\"https:\/\/sbt.ug.edu.pl\/wp-content\/uploads\/2019\/07\/6-6.jpg\" title=\"6. Kalmar Castle; author: Rita Dizaviciene\/ BHR\" data-rl_title=\"6. Kalmar Castle; author: Rita Dizaviciene\/ BHR\" class=\"rl-gallery-link\" data-rl_caption=\"\" data-rel=\"lightbox-gallery-1\"><img src=\"https:\/\/sbt.ug.edu.pl\/wp-content\/uploads\/2019\/07\/6-6-768x509.jpg\" width=\"640\" height=\"424\" alt=\"\" \/><\/a><\/div><div class=\"rl-gallery-item\"><a href=\"https:\/\/sbt.ug.edu.pl\/wp-content\/uploads\/2019\/07\/7-6.jpg\" title=\"7. Kalmar Castle; author: Rita Dizaviciene\/ BHR\" data-rl_title=\"7. Kalmar Castle; author: Rita Dizaviciene\/ BHR\" class=\"rl-gallery-link\" data-rl_caption=\"\" data-rel=\"lightbox-gallery-1\"><img src=\"https:\/\/sbt.ug.edu.pl\/wp-content\/uploads\/2019\/07\/7-6-768x509.jpg\" width=\"640\" height=\"424\" alt=\"\" \/><\/a><\/div> <\/div> <\/div><\/code> <\/p>","protected":false},"excerpt":{"rendered":"<p>Atsipra\u0161ome, \u0161is puslapis galimas tik Jungtini\u0173 Valstij\u0173 Angl\u0173, Vokie\u010di\u0173 ir Lenk\u0173. For the sake of viewer convenience, the content is shown below in this site default language. You may click one of the links to switch the site language to another available language. LOCATION Kalmar is a city situated in the southeast of Sweden by [&hellip;]<\/p>\n","protected":false},"author":3,"featured_media":0,"parent":484,"menu_order":0,"comment_status":"closed","ping_status":"closed","template":"","meta":[],"categories":[34,15,28],"tags":[],"_links":{"self":[{"href":"https:\/\/sbt.ug.edu.pl\/lt\/wp-json\/wp\/v2\/pages\/603"}],"collection":[{"href":"https:\/\/sbt.ug.edu.pl\/lt\/wp-json\/wp\/v2\/pages"}],"about":[{"href":"https:\/\/sbt.ug.edu.pl\/lt\/wp-json\/wp\/v2\/types\/page"}],"author":[{"embeddable":true,"href":"https:\/\/sbt.ug.edu.pl\/lt\/wp-json\/wp\/v2\/users\/3"}],"replies":[{"embeddable":true,"href":"https:\/\/sbt.ug.edu.pl\/lt\/wp-json\/wp\/v2\/comments?post=603"}],"version-history":[{"count":5,"href":"https:\/\/sbt.ug.edu.pl\/lt\/wp-json\/wp\/v2\/pages\/603\/revisions"}],"predecessor-version":[{"id":4373,"href":"https:\/\/sbt.ug.edu.pl\/lt\/wp-json\/wp\/v2\/pages\/603\/revisions\/4373"}],"up":[{"embeddable":true,"href":"https:\/\/sbt.ug.edu.pl\/lt\/wp-json\/wp\/v2\/pages\/484"}],"wp:attachment":[{"href":"https:\/\/sbt.ug.edu.pl\/lt\/wp-json\/wp\/v2\/media?parent=603"}],"wp:term":[{"taxonomy":"category","embeddable":true,"href":"https:\/\/sbt.ug.edu.pl\/lt\/wp-json\/wp\/v2\/categories?post=603"},{"taxonomy":"post_tag","embeddable":true,"href":"https:\/\/sbt.ug.edu.pl\/lt\/wp-json\/wp\/v2\/tags?post=603"}],"curies":[{"name":"wp","href":"https:\/\/api.w.org\/{rel}","templated":true}]}}