{"id":608,"date":"2018-12-23T17:07:31","date_gmt":"2018-12-23T16:07:31","guid":{"rendered":"http:\/\/southbaltic-tourist.eu\/?page_id=608"},"modified":"2019-08-17T18:47:21","modified_gmt":"2019-08-17T16:47:21","slug":"3-morrum-sweden-blekinge-biking-trail","status":"publish","type":"page","link":"https:\/\/sbt.ug.edu.pl\/lt\/routes\/wildlife-nature-trails-folkuniversitetet-sweden\/3-morrum-sweden-blekinge-biking-trail\/","title":{"rendered":"(English) 3. M\u00d6RRUM &#8211; SWEDEN \u2013 Blekinge biking trail"},"content":{"rendered":"<p class=\"qtranxs-available-languages-message qtranxs-available-languages-message-lt\">Atsipra\u0161ome, \u0161is puslapis galimas tik <a href=\"https:\/\/sbt.ug.edu.pl\/en\/wp-json\/wp\/v2\/pages\/608\" class=\"qtranxs-available-language-link qtranxs-available-language-link-en\" title=\"English\">Jungtini\u0173 Valstij\u0173 Angl\u0173<\/a>, <a href=\"https:\/\/sbt.ug.edu.pl\/de\/wp-json\/wp\/v2\/pages\/608\" class=\"qtranxs-available-language-link qtranxs-available-language-link-de\" title=\"Deutsch\">Vokie\u010di\u0173<\/a> ir <a href=\"https:\/\/sbt.ug.edu.pl\/pl\/wp-json\/wp\/v2\/pages\/608\" class=\"qtranxs-available-language-link qtranxs-available-language-link-pl\" title=\"Polski\">Lenk\u0173<\/a>. For the sake of viewer convenience, the content is shown below in this site default language. You may click one of the links to switch the site language to another available language.<\/p><p><strong>LOCATION<\/strong><\/p>\n<p style=\"text-align: justify;\">M\u00f6rrum river is in Karlshamn in Blekinge, Sweden. 56\u00b09\u203213\u2033N 14\u00b044\u203248\u2033E.<\/p>\n<p><img decoding=\"async\" loading=\"lazy\" class=\"alignnone wp-image-2838 size-full\" src=\"https:\/\/southbaltic-tourist.eu\/wp-content\/uploads\/2019\/07\/1.-Morrum-R7.-A3.jpg\" alt=\"\" width=\"1600\" height=\"1200\" srcset=\"https:\/\/sbt.ug.edu.pl\/wp-content\/uploads\/2019\/07\/1.-Morrum-R7.-A3.jpg 1600w, https:\/\/sbt.ug.edu.pl\/wp-content\/uploads\/2019\/07\/1.-Morrum-R7.-A3-300x225.jpg 300w, https:\/\/sbt.ug.edu.pl\/wp-content\/uploads\/2019\/07\/1.-Morrum-R7.-A3-768x576.jpg 768w, https:\/\/sbt.ug.edu.pl\/wp-content\/uploads\/2019\/07\/1.-Morrum-R7.-A3-1024x768.jpg 1024w, https:\/\/sbt.ug.edu.pl\/wp-content\/uploads\/2019\/07\/1.-Morrum-R7.-A3-150x113.jpg 150w, https:\/\/sbt.ug.edu.pl\/wp-content\/uploads\/2019\/07\/1.-Morrum-R7.-A3-136x102.jpg 136w\" sizes=\"(max-width: 1600px) 100vw, 1600px\" \/><\/p>\n<p style=\"text-align: justify;\"><strong>SCENIC CHARACTER<br \/>\n<\/strong><\/p>\n<p style=\"text-align: justify;\">The M\u00f6rrum River\u2019s salmon fishing is renowned among anglers all over Europe and has long been one of Sweden&#8217;s best-known and most popular fishing destinations. Those who are interested in being close to nature will not only find good fishing spots but excellent cycling trails along the old railway embankment, footpaths along the salmon route (Laxaleden), a long-distance footpath from the coast and the chance to go canoeing. The area around M\u00f6rrum not only has fantastic natural but cultural qualities, an interesting history and many fascinating myths and legends attached to it.<\/p>\n<p style=\"text-align: justify;\"><strong>ATTRACTIONS <\/strong><\/p>\n<p style=\"text-align: justify;\">Laxaleden is a 30-km long hiking trail that follows the M\u00f6rrums\u00e5n\u2019s path through Blekinge\u2019s beautiful farmland and woodland. It runs from the old town of Elleholm in the south to Hovmansbygd in the north. At \u00c5keholm it connects to Blekingeleden.<\/p>\n<p style=\"text-align: justify;\">There are lots of information boards along the trail that inform you of the history and culture that shaped life around this powerful and bounteous watercourse \u2013 in total there are around 100 of them, at various points. There is a free app for Laxaleden, Hiking in Karlshamn, that can be downloaded and used on both iPhone and Android mobile phones.<\/p>\n<p><code><div class=\"rl-gallery-container rl-loading\" id=\"rl-gallery-container-1\" data-gallery_id=\"2837\"> <div class=\"rl-gallery rl-basicgrid-gallery \" id=\"rl-gallery-1\" data-gallery_no=\"1\"> <div class=\"rl-gallery-item\"><a href=\"https:\/\/sbt.ug.edu.pl\/wp-content\/uploads\/2019\/07\/1.-Morrum-R7.-A3.jpg\" title=\"1. Morrum; author: David Nagy; License: CC BY 2.0\" data-rl_title=\"1. Morrum; author: David Nagy; License: CC BY 2.0\" class=\"rl-gallery-link\" data-rl_caption=\"\" data-rel=\"lightbox-gallery-1\"><img src=\"https:\/\/sbt.ug.edu.pl\/wp-content\/uploads\/2019\/07\/1.-Morrum-R7.-A3-768x576.jpg\" width=\"640\" height=\"480\" alt=\"\" \/><\/a><\/div><div class=\"rl-gallery-item\"><a href=\"https:\/\/sbt.ug.edu.pl\/wp-content\/uploads\/2019\/07\/2.-Morrum-R7.-A3.jpg\" title=\"2. Morrum; author: H\u00e5kan Dahlstr\u00f6m; License: CC BY 2.0\" data-rl_title=\"2. Morrum; author: H\u00e5kan Dahlstr\u00f6m; License: CC BY 2.0\" class=\"rl-gallery-link\" data-rl_caption=\"\" data-rel=\"lightbox-gallery-1\"><img src=\"https:\/\/sbt.ug.edu.pl\/wp-content\/uploads\/2019\/07\/2.-Morrum-R7.-A3-768x576.jpg\" width=\"640\" height=\"480\" alt=\"\" \/><\/a><\/div><div class=\"rl-gallery-item\"><a href=\"https:\/\/sbt.ug.edu.pl\/wp-content\/uploads\/2019\/07\/3.-Morrum-River-Waterfall-fish-jump-R7.A3..jpg\" title=\"3. Morrum River Waterfall, fish jump, author: Przemyslaw Kulawczuk \/ BHR\" data-rl_title=\"3. Morrum River Waterfall, fish jump, author: Przemyslaw Kulawczuk \/ BHR\" class=\"rl-gallery-link\" data-rl_caption=\"\" data-rel=\"lightbox-gallery-1\"><img src=\"https:\/\/sbt.ug.edu.pl\/wp-content\/uploads\/2019\/07\/3.-Morrum-River-Waterfall-fish-jump-R7.A3.-768x512.jpg\" width=\"640\" height=\"427\" alt=\"\" \/><\/a><\/div><div class=\"rl-gallery-item\"><a href=\"https:\/\/sbt.ug.edu.pl\/wp-content\/uploads\/2019\/07\/4.-Morrum-River-Coast-R7.A3..jpg\" title=\"4. Morrum River Coast, author: Przemyslaw Kulawczuk \/ BHR\" data-rl_title=\"4. Morrum River Coast, author: Przemyslaw Kulawczuk \/ BHR\" class=\"rl-gallery-link\" data-rl_caption=\"\" data-rel=\"lightbox-gallery-1\"><img src=\"https:\/\/sbt.ug.edu.pl\/wp-content\/uploads\/2019\/07\/4.-Morrum-River-Coast-R7.A3.-768x512.jpg\" width=\"640\" height=\"427\" alt=\"\" \/><\/a><\/div><div class=\"rl-gallery-item\"><a href=\"https:\/\/sbt.ug.edu.pl\/wp-content\/uploads\/2019\/07\/5.-Morrum-River-Bridge-R7.A3..jpg\" title=\"5. Morrum River Bridge, author: Przemyslaw Kulawczuk \/ BHR\" data-rl_title=\"5. Morrum River Bridge, author: Przemyslaw Kulawczuk \/ BHR\" class=\"rl-gallery-link\" data-rl_caption=\"\" data-rel=\"lightbox-gallery-1\"><img src=\"https:\/\/sbt.ug.edu.pl\/wp-content\/uploads\/2019\/07\/5.-Morrum-River-Bridge-R7.A3.-768x512.jpg\" width=\"640\" height=\"427\" alt=\"\" \/><\/a><\/div> <\/div> <\/div><\/code><\/p>\n<p><a href=\"https:\/\/southbaltic-tourist.eu\/wp-content\/uploads\/2019\/08\/Photos-sources-data-R7.pdf\">Photos sources data R7<\/a><\/p>\n<p>&nbsp; <\/p>","protected":false},"excerpt":{"rendered":"<p>Atsipra\u0161ome, \u0161is puslapis galimas tik Jungtini\u0173 Valstij\u0173 Angl\u0173, Vokie\u010di\u0173 ir Lenk\u0173. For the sake of viewer convenience, the content is shown below in this site default language. You may click one of the links to switch the site language to another available language.LOCATION M\u00f6rrum river is in Karlshamn in Blekinge, Sweden. 56\u00b09\u203213\u2033N 14\u00b044\u203248\u2033E. SCENIC CHARACTER [&hellip;]<\/p>\n","protected":false},"author":3,"featured_media":0,"parent":488,"menu_order":0,"comment_status":"closed","ping_status":"closed","template":"","meta":[],"categories":[34,13,30],"tags":[],"_links":{"self":[{"href":"https:\/\/sbt.ug.edu.pl\/lt\/wp-json\/wp\/v2\/pages\/608"}],"collection":[{"href":"https:\/\/sbt.ug.edu.pl\/lt\/wp-json\/wp\/v2\/pages"}],"about":[{"href":"https:\/\/sbt.ug.edu.pl\/lt\/wp-json\/wp\/v2\/types\/page"}],"author":[{"embeddable":true,"href":"https:\/\/sbt.ug.edu.pl\/lt\/wp-json\/wp\/v2\/users\/3"}],"replies":[{"embeddable":true,"href":"https:\/\/sbt.ug.edu.pl\/lt\/wp-json\/wp\/v2\/comments?post=608"}],"version-history":[{"count":5,"href":"https:\/\/sbt.ug.edu.pl\/lt\/wp-json\/wp\/v2\/pages\/608\/revisions"}],"predecessor-version":[{"id":4529,"href":"https:\/\/sbt.ug.edu.pl\/lt\/wp-json\/wp\/v2\/pages\/608\/revisions\/4529"}],"up":[{"embeddable":true,"href":"https:\/\/sbt.ug.edu.pl\/lt\/wp-json\/wp\/v2\/pages\/488"}],"wp:attachment":[{"href":"https:\/\/sbt.ug.edu.pl\/lt\/wp-json\/wp\/v2\/media?parent=608"}],"wp:term":[{"taxonomy":"category","embeddable":true,"href":"https:\/\/sbt.ug.edu.pl\/lt\/wp-json\/wp\/v2\/categories?post=608"},{"taxonomy":"post_tag","embeddable":true,"href":"https:\/\/sbt.ug.edu.pl\/lt\/wp-json\/wp\/v2\/tags?post=608"}],"curies":[{"name":"wp","href":"https:\/\/api.w.org\/{rel}","templated":true}]}}