{"id":611,"date":"2018-12-23T17:12:10","date_gmt":"2018-12-23T16:12:10","guid":{"rendered":"http:\/\/southbaltic-tourist.eu\/?page_id=611"},"modified":"2019-08-17T18:48:01","modified_gmt":"2019-08-17T16:48:01","slug":"4-hano-solvesborg","status":"publish","type":"page","link":"https:\/\/sbt.ug.edu.pl\/lt\/routes\/wildlife-nature-trails-folkuniversitetet-sweden\/4-hano-solvesborg\/","title":{"rendered":"(English) 4. HAN\u00d6-S\u00d6LVESBORG"},"content":{"rendered":"<p class=\"qtranxs-available-languages-message qtranxs-available-languages-message-lt\">Atsipra\u0161ome, \u0161is puslapis galimas tik <a href=\"https:\/\/sbt.ug.edu.pl\/en\/wp-json\/wp\/v2\/pages\/611\" class=\"qtranxs-available-language-link qtranxs-available-language-link-en\" title=\"English\">Jungtini\u0173 Valstij\u0173 Angl\u0173<\/a>, <a href=\"https:\/\/sbt.ug.edu.pl\/de\/wp-json\/wp\/v2\/pages\/611\" class=\"qtranxs-available-language-link qtranxs-available-language-link-de\" title=\"Deutsch\">Vokie\u010di\u0173<\/a> ir <a href=\"https:\/\/sbt.ug.edu.pl\/pl\/wp-json\/wp\/v2\/pages\/611\" class=\"qtranxs-available-language-link qtranxs-available-language-link-pl\" title=\"Polski\">Lenk\u0173<\/a>. For the sake of viewer convenience, the content is shown below in this site default language. You may click one of the links to switch the site language to another available language.<\/p><p><\/p>\n<p style=\"text-align: justify;\"><strong>LOCATION<\/strong><\/p>\n<p style=\"text-align: justify;\">Han\u00f6 is an island in Han\u00f6 Bay in Mj\u00e4llby, four kilometres southeast of Listerlands tip. It is located in the parish of S\u00f6lvesborg and municipality of Blekinge County. Han\u00f6 has an area of 2.14 km\u00b2 and a maximum elevation of about 60 meters. Coordinates: 56\u00b0\u00a00\u2032\u00a037\u2033\u00a0N, 14\u00b0\u00a050\u2032\u00a045\u2033\u00a0E<\/p>\n<p style=\"text-align: justify;\">S\u00f6lvesborg is small coastal town in Blekinge filled with small boutiques and restaurants. The big woodland area of Ryssberget nearby is home to the Blekinge trail where you can enjoy plenty of hiking and biking. There are beautiful white sand beaches and clear waters not far from the town. You can also find many places to camp and quaint cottages to rent.<\/p>\n<p><img decoding=\"async\" loading=\"lazy\" class=\"alignnone wp-image-2844 size-full\" src=\"https:\/\/southbaltic-tourist.eu\/wp-content\/uploads\/2019\/07\/1.-Han\u00f6-R7.-A4.jpg\" alt=\"\" width=\"1600\" height=\"1156\" srcset=\"https:\/\/sbt.ug.edu.pl\/wp-content\/uploads\/2019\/07\/1.-Han\u00f6-R7.-A4.jpg 1600w, https:\/\/sbt.ug.edu.pl\/wp-content\/uploads\/2019\/07\/1.-Han\u00f6-R7.-A4-300x217.jpg 300w, https:\/\/sbt.ug.edu.pl\/wp-content\/uploads\/2019\/07\/1.-Han\u00f6-R7.-A4-768x555.jpg 768w, https:\/\/sbt.ug.edu.pl\/wp-content\/uploads\/2019\/07\/1.-Han\u00f6-R7.-A4-1024x740.jpg 1024w, https:\/\/sbt.ug.edu.pl\/wp-content\/uploads\/2019\/07\/1.-Han\u00f6-R7.-A4-150x108.jpg 150w\" sizes=\"(max-width: 1600px) 100vw, 1600px\" \/><\/p>\n<p style=\"text-align: justify;\"><strong>\u00a0<\/strong><\/p>\n<p style=\"text-align: justify;\"><strong>SCENIC CHARACTER <\/strong><\/p>\n<p style=\"text-align: justify;\">Take a boat trip to Han\u00f6 and enjoy the wind in your hair and sea spray on your face. Once there, take a walk on the excellent hiking trails around Han\u00f6. In the north of the island there is a wheelchair-accessible path that will lead you to the northernmost tip &#8211; B\u00f6ns\u00e4cken, and an English cemetery where you can also experience Han\u00f6s characteristic nature and If you are lucky, you&#8217;ll see the deaf deer close. \u00a0In the south of the island there is a forest that is perfect for a peaceful stroll. On the shore, there is also ample opportunity to dive from the rocks for an invigorating swim in the sea. In the town of Hano itself you can find a harbour, a good restaurant open during the summer season, museum, shop and a disabled toilet. Here you can go for a lazy stroll, have a picnic or take a break to admire views of the calming and tranquil sea.<\/p>\n<p style=\"text-align: justify;\"><strong>ATTRACTIONS <\/strong><\/p>\n<p style=\"text-align: justify;\">In the north, beautiful green grass covers moraine fields while in the south impervious (hardy?) bush forests take over. On the eastern side tourists can find spectacular beaches dotted with giant rocks and many caves with extensive passages. Bonsacken is a unique rock formation that creates a spit on the northern part of the island \u2013 it is built from millions of oval pebbles and it is constantly yet imperceptibly changing its shape due to the waters moving around it.<\/p>\n<p><code><div class=\"rl-gallery-container rl-loading\" id=\"rl-gallery-container-1\" data-gallery_id=\"2843\"> <div class=\"rl-gallery rl-basicgrid-gallery \" id=\"rl-gallery-1\" data-gallery_no=\"1\"> <div class=\"rl-gallery-item\"><a href=\"https:\/\/sbt.ug.edu.pl\/wp-content\/uploads\/2019\/07\/1.-Han\u00f6-R7.-A4.jpg\" title=\"1. Han\u00f6; author: Kristofer K; License: CC BY 3.0\" data-rl_title=\"1. Han\u00f6; author: Kristofer K; License: CC BY 3.0\" class=\"rl-gallery-link\" data-rl_caption=\"\" data-rel=\"lightbox-gallery-1\"><img src=\"https:\/\/sbt.ug.edu.pl\/wp-content\/uploads\/2019\/07\/1.-Han\u00f6-R7.-A4-768x555.jpg\" width=\"640\" height=\"463\" alt=\"\" \/><\/a><\/div><div class=\"rl-gallery-item\"><a href=\"https:\/\/sbt.ug.edu.pl\/wp-content\/uploads\/2019\/07\/2.-The-Swedish-minesweepers-R7.-A4.jpg\" title=\"2. The Swedish minesweepers HMS\u00a0Ut\u00f6\u00a0(M56) and HMS\u00a0Han\u00f6\u00a0(M51) 1977.; author: Labbeu; License: CC BY 3.0\" data-rl_title=\"2. The Swedish minesweepers HMS\u00a0Ut\u00f6\u00a0(M56) and HMS\u00a0Han\u00f6\u00a0(M51) 1977.; author: Labbeu; License: CC BY 3.0\" class=\"rl-gallery-link\" data-rl_caption=\"\" data-rel=\"lightbox-gallery-1\"><img src=\"https:\/\/sbt.ug.edu.pl\/wp-content\/uploads\/2019\/07\/2.-The-Swedish-minesweepers-R7.-A4-768x500.jpg\" width=\"640\" height=\"417\" alt=\"\" \/><\/a><\/div><div class=\"rl-gallery-item\"><a href=\"https:\/\/sbt.ug.edu.pl\/wp-content\/uploads\/2019\/07\/3.-Nogersund-port-Blekinge-R7.-A4.jpg\" title=\"3. Nogersund port, Blekinge, Sweden; author: Bulver; License: CC BY 3.0\" data-rl_title=\"3. Nogersund port, Blekinge, Sweden; author: Bulver; License: CC BY 3.0\" class=\"rl-gallery-link\" data-rl_caption=\"\" data-rel=\"lightbox-gallery-1\"><img src=\"https:\/\/sbt.ug.edu.pl\/wp-content\/uploads\/2019\/07\/3.-Nogersund-port-Blekinge-R7.-A4-768x576.jpg\" width=\"640\" height=\"480\" alt=\"\" \/><\/a><\/div><div class=\"rl-gallery-item\"><a href=\"https:\/\/sbt.ug.edu.pl\/wp-content\/uploads\/2019\/07\/4.-Han\u00f6-nature-R7.-A4.jpg\" title=\"4. Han\u00f6 nature; author: Jonas Bengtsson; License: CC BY 2.0\" data-rl_title=\"4. Han\u00f6 nature; author: Jonas Bengtsson; License: CC BY 2.0\" class=\"rl-gallery-link\" data-rl_caption=\"\" data-rel=\"lightbox-gallery-1\"><img src=\"https:\/\/sbt.ug.edu.pl\/wp-content\/uploads\/2019\/07\/4.-Han\u00f6-nature-R7.-A4-768x512.jpg\" width=\"640\" height=\"427\" alt=\"\" \/><\/a><\/div><div class=\"rl-gallery-item\"><a href=\"https:\/\/sbt.ug.edu.pl\/wp-content\/uploads\/2019\/07\/5.-Han\u00f6-Bay-R7.-A4.jpg\" title=\"5. Han\u00f6 Bay; author: Jonn Leffmann; License: CC BY 3.0\" data-rl_title=\"5. Han\u00f6 Bay; author: Jonn Leffmann; License: CC BY 3.0\" class=\"rl-gallery-link\" data-rl_caption=\"\" data-rel=\"lightbox-gallery-1\"><img src=\"https:\/\/sbt.ug.edu.pl\/wp-content\/uploads\/2019\/07\/5.-Han\u00f6-Bay-R7.-A4-768x456.jpg\" width=\"640\" height=\"380\" alt=\"\" \/><\/a><\/div><div class=\"rl-gallery-item\"><a href=\"https:\/\/sbt.ug.edu.pl\/wp-content\/uploads\/2019\/07\/6.-Han\u00f6-harbor-R7.-A4.jpg\" title=\"6. Han\u00f6 harbor; author: Patrik Nylin; License: CC BY-SA 4.0\" data-rl_title=\"6. Han\u00f6 harbor; author: Patrik Nylin; License: CC BY-SA 4.0\" class=\"rl-gallery-link\" data-rl_caption=\"\" data-rel=\"lightbox-gallery-1\"><img src=\"https:\/\/sbt.ug.edu.pl\/wp-content\/uploads\/2019\/07\/6.-Han\u00f6-harbor-R7.-A4-768x512.jpg\" width=\"640\" height=\"427\" alt=\"\" \/><\/a><\/div><div class=\"rl-gallery-item\"><a href=\"https:\/\/sbt.ug.edu.pl\/wp-content\/uploads\/2019\/07\/7.-Hano-english-cementery-R7.-A4.jpg\" title=\"7. Hano - english cementery; author: Patrik Nylin; License: CC BY-SA 4.0\" data-rl_title=\"7. Hano - english cementery; author: Patrik Nylin; License: CC BY-SA 4.0\" class=\"rl-gallery-link\" data-rl_caption=\"\" data-rel=\"lightbox-gallery-1\"><img src=\"https:\/\/sbt.ug.edu.pl\/wp-content\/uploads\/2019\/07\/7.-Hano-english-cementery-R7.-A4-768x512.jpg\" width=\"640\" height=\"427\" alt=\"\" \/><\/a><\/div> <\/div> <\/div><\/code><\/p>\n<p><a href=\"https:\/\/southbaltic-tourist.eu\/wp-content\/uploads\/2019\/08\/Photos-sources-data-R7.pdf\">Photos sources data R7<\/a> <\/p>","protected":false},"excerpt":{"rendered":"<p>Atsipra\u0161ome, \u0161is puslapis galimas tik Jungtini\u0173 Valstij\u0173 Angl\u0173, Vokie\u010di\u0173 ir Lenk\u0173. For the sake of viewer convenience, the content is shown below in this site default language. You may click one of the links to switch the site language to another available language. LOCATION Han\u00f6 is an island in Han\u00f6 Bay in Mj\u00e4llby, four kilometres [&hellip;]<\/p>\n","protected":false},"author":3,"featured_media":0,"parent":488,"menu_order":0,"comment_status":"closed","ping_status":"closed","template":"","meta":[],"categories":[34,15,30],"tags":[],"_links":{"self":[{"href":"https:\/\/sbt.ug.edu.pl\/lt\/wp-json\/wp\/v2\/pages\/611"}],"collection":[{"href":"https:\/\/sbt.ug.edu.pl\/lt\/wp-json\/wp\/v2\/pages"}],"about":[{"href":"https:\/\/sbt.ug.edu.pl\/lt\/wp-json\/wp\/v2\/types\/page"}],"author":[{"embeddable":true,"href":"https:\/\/sbt.ug.edu.pl\/lt\/wp-json\/wp\/v2\/users\/3"}],"replies":[{"embeddable":true,"href":"https:\/\/sbt.ug.edu.pl\/lt\/wp-json\/wp\/v2\/comments?post=611"}],"version-history":[{"count":6,"href":"https:\/\/sbt.ug.edu.pl\/lt\/wp-json\/wp\/v2\/pages\/611\/revisions"}],"predecessor-version":[{"id":4530,"href":"https:\/\/sbt.ug.edu.pl\/lt\/wp-json\/wp\/v2\/pages\/611\/revisions\/4530"}],"up":[{"embeddable":true,"href":"https:\/\/sbt.ug.edu.pl\/lt\/wp-json\/wp\/v2\/pages\/488"}],"wp:attachment":[{"href":"https:\/\/sbt.ug.edu.pl\/lt\/wp-json\/wp\/v2\/media?parent=611"}],"wp:term":[{"taxonomy":"category","embeddable":true,"href":"https:\/\/sbt.ug.edu.pl\/lt\/wp-json\/wp\/v2\/categories?post=611"},{"taxonomy":"post_tag","embeddable":true,"href":"https:\/\/sbt.ug.edu.pl\/lt\/wp-json\/wp\/v2\/tags?post=611"}],"curies":[{"name":"wp","href":"https:\/\/api.w.org\/{rel}","templated":true}]}}