{"id":613,"date":"2018-12-23T17:13:52","date_gmt":"2018-12-23T16:13:52","guid":{"rendered":"http:\/\/southbaltic-tourist.eu\/?page_id=613"},"modified":"2019-08-17T18:48:52","modified_gmt":"2019-08-17T16:48:52","slug":"5-bromolla-ivosjon-sweden","status":"publish","type":"page","link":"https:\/\/sbt.ug.edu.pl\/lt\/routes\/wildlife-nature-trails-folkuniversitetet-sweden\/5-bromolla-ivosjon-sweden\/","title":{"rendered":"5. Brom\u00f6lla &#8211; Iv\u00f6sj\u00f6n &#8211; Sweden"},"content":{"rendered":"<p class=\"qtranxs-available-languages-message qtranxs-available-languages-message-lt\">Atsipra\u0161ome, \u0161is puslapis galimas tik <a href=\"https:\/\/sbt.ug.edu.pl\/en\/wp-json\/wp\/v2\/pages\/613\" class=\"qtranxs-available-language-link qtranxs-available-language-link-en\" title=\"English\">Jungtini\u0173 Valstij\u0173 Angl\u0173<\/a>, <a href=\"https:\/\/sbt.ug.edu.pl\/de\/wp-json\/wp\/v2\/pages\/613\" class=\"qtranxs-available-language-link qtranxs-available-language-link-de\" title=\"Deutsch\">Vokie\u010di\u0173<\/a> ir <a href=\"https:\/\/sbt.ug.edu.pl\/pl\/wp-json\/wp\/v2\/pages\/613\" class=\"qtranxs-available-language-link qtranxs-available-language-link-pl\" title=\"Polski\">Lenk\u0173<\/a>. For the sake of viewer convenience, the content is shown below in this site default language. You may click one of the links to switch the site language to another available language.<\/p><p><\/p>\n<p style=\"text-align: justify;\"><strong>LOCATION<br \/>\n<\/strong><\/p>\n<p style=\"text-align: justify;\">Iv\u00f6sj\u00f6n is the largest lake in Sk\u00e5nes, located in Brom\u00f6lla municipality. Its waters are pristine and clean with a maximum depth of 52 metres and fishing area covering the entire lake. Coordinates: WGS 84 &#8211; 56.10633\u00b0N 14.42449\u00b0E.<\/p>\n<p style=\"text-align: justify;\"><strong><img decoding=\"async\" loading=\"lazy\" class=\"alignnone wp-image-2852 size-full\" src=\"https:\/\/southbaltic-tourist.eu\/wp-content\/uploads\/2019\/07\/1.-Iv\u00f6sj\u00f6n-lake-R7.-A5.jpg\" alt=\"\" width=\"1600\" height=\"879\" srcset=\"https:\/\/sbt.ug.edu.pl\/wp-content\/uploads\/2019\/07\/1.-Iv\u00f6sj\u00f6n-lake-R7.-A5.jpg 1600w, https:\/\/sbt.ug.edu.pl\/wp-content\/uploads\/2019\/07\/1.-Iv\u00f6sj\u00f6n-lake-R7.-A5-300x165.jpg 300w, https:\/\/sbt.ug.edu.pl\/wp-content\/uploads\/2019\/07\/1.-Iv\u00f6sj\u00f6n-lake-R7.-A5-768x422.jpg 768w, https:\/\/sbt.ug.edu.pl\/wp-content\/uploads\/2019\/07\/1.-Iv\u00f6sj\u00f6n-lake-R7.-A5-1024x563.jpg 1024w, https:\/\/sbt.ug.edu.pl\/wp-content\/uploads\/2019\/07\/1.-Iv\u00f6sj\u00f6n-lake-R7.-A5-150x82.jpg 150w\" sizes=\"(max-width: 1600px) 100vw, 1600px\" \/><\/strong><\/p>\n<p style=\"text-align: justify;\"><strong>SCENIC CHARACTER <\/strong><\/p>\n<p style=\"text-align: justify;\">Iv\u00f6sj\u00f6n is a popular destination for those who want to experience the relaxing and tranquil countryside of north-eastern Sk\u00e5ne. Here you can escape the stress of everyday life for an experience in the wilderness. Iv\u00f6sj\u00f6n, as a large lake, has many islands and coves, Iv\u00f6n being the largest of them. It is the largest island in the whole of the Sk\u00e5nes region with a small resident population and a regular ferry service.<\/p>\n<p style=\"text-align: justify;\"><strong>ATTRACTIONS <\/strong><strong><br \/>\n<\/strong><\/p>\n<p style=\"text-align: justify;\">The fishing in the lake is amazing \u2013 you can catch plenty pikes and perch here. The north-eastern part of Iv\u00f6sj\u00f6n offers paddling both in the lake and in the Holje\u00e5n River. Here there are several uninhabited islands where you can live the Robinson life for a day or even longer. There are also plenty of coves and beaches that you can visit by canoe. Finding your own little bathing spot, where you can relax completely undisturbed, is no problem at all. Several of the islands have access to barbecues, benches and information boards with maps. You can also take the ferry to the island of Iv\u00f6n. The ferry runs between Barum and Iv\u00f6n (in Iv\u00f6sj\u00f6n, north-west of Brom\u00f6lla in Sk\u00e5ne). The ferry route is 700 meters long and the crossing time is only seven minutes &#8211; the journey is free of charge.<\/p>\n<p><code><div class=\"rl-gallery-container rl-loading\" id=\"rl-gallery-container-1\" data-gallery_id=\"2851\"> <div class=\"rl-gallery rl-basicgrid-gallery \" id=\"rl-gallery-1\" data-gallery_no=\"1\"> <div class=\"rl-gallery-item\"><a href=\"https:\/\/sbt.ug.edu.pl\/wp-content\/uploads\/2019\/07\/1.-Iv\u00f6sj\u00f6n-lake-R7.-A5.jpg\" title=\"1. Iv\u00f6sj\u00f6n, largest lake of Sk\u00e5ne in Sweden; author: Jorchr; License: CC BY 3.0\" data-rl_title=\"1. Iv\u00f6sj\u00f6n, largest lake of Sk\u00e5ne in Sweden; author: Jorchr; License: CC BY 3.0\" class=\"rl-gallery-link\" data-rl_caption=\"\" data-rel=\"lightbox-gallery-1\"><img src=\"https:\/\/sbt.ug.edu.pl\/wp-content\/uploads\/2019\/07\/1.-Iv\u00f6sj\u00f6n-lake-R7.-A5-768x422.jpg\" width=\"640\" height=\"352\" alt=\"\" \/><\/a><\/div><div class=\"rl-gallery-item\"><a href=\"https:\/\/sbt.ug.edu.pl\/wp-content\/uploads\/2019\/07\/2.-Iv\u00f6sj\u00f6n-lake-R7.-A5.jpg\" title=\"2. Iv\u00f6sj\u00f6n lake; author: Jorchr; License: CC BY 3.0\" data-rl_title=\"2. Iv\u00f6sj\u00f6n lake; author: Jorchr; License: CC BY 3.0\" class=\"rl-gallery-link\" data-rl_caption=\"\" data-rel=\"lightbox-gallery-1\"><img src=\"https:\/\/sbt.ug.edu.pl\/wp-content\/uploads\/2019\/07\/2.-Iv\u00f6sj\u00f6n-lake-R7.-A5-768x512.jpg\" width=\"640\" height=\"427\" alt=\"\" \/><\/a><\/div><div class=\"rl-gallery-item\"><a href=\"https:\/\/sbt.ug.edu.pl\/wp-content\/uploads\/2019\/07\/3.-Iv\u00f6sj\u00f6n-lake-sunset-R7.-A5.jpg\" title=\"3. Iv\u00f6sj\u00f6n lake sunset; author: gerdoel; License: Fre for commercil use\" data-rl_title=\"3. Iv\u00f6sj\u00f6n lake sunset; author: gerdoel; License: Fre for commercil use\" class=\"rl-gallery-link\" data-rl_caption=\"\" data-rel=\"lightbox-gallery-1\"><img src=\"https:\/\/sbt.ug.edu.pl\/wp-content\/uploads\/2019\/07\/3.-Iv\u00f6sj\u00f6n-lake-sunset-R7.-A5-768x432.jpg\" width=\"640\" height=\"360\" alt=\"\" \/><\/a><\/div><div class=\"rl-gallery-item\"><a href=\"https:\/\/sbt.ug.edu.pl\/wp-content\/uploads\/2019\/07\/4.-Iv\u00f6sj\u00f6n-lake-R7.-A5.jpg\" title=\"4. Iv\u00f6sj\u00f6n lake; author: Boatbuilder; License: CC BY 3.0\" data-rl_title=\"4. Iv\u00f6sj\u00f6n lake; author: Boatbuilder; License: CC BY 3.0\" class=\"rl-gallery-link\" data-rl_caption=\"\" data-rel=\"lightbox-gallery-1\"><img src=\"https:\/\/sbt.ug.edu.pl\/wp-content\/uploads\/2019\/07\/4.-Iv\u00f6sj\u00f6n-lake-R7.-A5-768x499.jpg\" width=\"640\" height=\"416\" alt=\"\" \/><\/a><\/div><div class=\"rl-gallery-item\"><a href=\"https:\/\/sbt.ug.edu.pl\/wp-content\/uploads\/2019\/07\/5.-The-island-of-Iv\u00f6n-R7.-A5.jpg\" title=\"5. The island of Iv\u00f6n; author: DalbyLennart; License: CC BY-SA 4.0\" data-rl_title=\"5. The island of Iv\u00f6n; author: DalbyLennart; License: CC BY-SA 4.0\" class=\"rl-gallery-link\" data-rl_caption=\"\" data-rel=\"lightbox-gallery-1\"><img src=\"https:\/\/sbt.ug.edu.pl\/wp-content\/uploads\/2019\/07\/5.-The-island-of-Iv\u00f6n-R7.-A5-768x512.jpg\" width=\"640\" height=\"427\" alt=\"\" \/><\/a><\/div> <\/div> <\/div><\/code><\/p>\n<p><a href=\"https:\/\/southbaltic-tourist.eu\/wp-content\/uploads\/2019\/08\/Photos-sources-data-R7.pdf\">Photos sources data R7<\/a><\/p>\n<p style=\"text-align: justify;\">\n<p> <\/p>","protected":false},"excerpt":{"rendered":"<p>Atsipra\u0161ome, \u0161is puslapis galimas tik Jungtini\u0173 Valstij\u0173 Angl\u0173, Vokie\u010di\u0173 ir Lenk\u0173. For the sake of viewer convenience, the content is shown below in this site default language. You may click one of the links to switch the site language to another available language. LOCATION Iv\u00f6sj\u00f6n is the largest lake in Sk\u00e5nes, located in Brom\u00f6lla municipality. [&hellip;]<\/p>\n","protected":false},"author":3,"featured_media":0,"parent":488,"menu_order":0,"comment_status":"closed","ping_status":"closed","template":"","meta":[],"categories":[34,12,30],"tags":[],"_links":{"self":[{"href":"https:\/\/sbt.ug.edu.pl\/lt\/wp-json\/wp\/v2\/pages\/613"}],"collection":[{"href":"https:\/\/sbt.ug.edu.pl\/lt\/wp-json\/wp\/v2\/pages"}],"about":[{"href":"https:\/\/sbt.ug.edu.pl\/lt\/wp-json\/wp\/v2\/types\/page"}],"author":[{"embeddable":true,"href":"https:\/\/sbt.ug.edu.pl\/lt\/wp-json\/wp\/v2\/users\/3"}],"replies":[{"embeddable":true,"href":"https:\/\/sbt.ug.edu.pl\/lt\/wp-json\/wp\/v2\/comments?post=613"}],"version-history":[{"count":5,"href":"https:\/\/sbt.ug.edu.pl\/lt\/wp-json\/wp\/v2\/pages\/613\/revisions"}],"predecessor-version":[{"id":4531,"href":"https:\/\/sbt.ug.edu.pl\/lt\/wp-json\/wp\/v2\/pages\/613\/revisions\/4531"}],"up":[{"embeddable":true,"href":"https:\/\/sbt.ug.edu.pl\/lt\/wp-json\/wp\/v2\/pages\/488"}],"wp:attachment":[{"href":"https:\/\/sbt.ug.edu.pl\/lt\/wp-json\/wp\/v2\/media?parent=613"}],"wp:term":[{"taxonomy":"category","embeddable":true,"href":"https:\/\/sbt.ug.edu.pl\/lt\/wp-json\/wp\/v2\/categories?post=613"},{"taxonomy":"post_tag","embeddable":true,"href":"https:\/\/sbt.ug.edu.pl\/lt\/wp-json\/wp\/v2\/tags?post=613"}],"curies":[{"name":"wp","href":"https:\/\/api.w.org\/{rel}","templated":true}]}}