{"id":615,"date":"2018-12-23T17:15:14","date_gmt":"2018-12-23T16:15:14","guid":{"rendered":"http:\/\/southbaltic-tourist.eu\/?page_id=615"},"modified":"2019-08-17T18:49:34","modified_gmt":"2019-08-17T16:49:34","slug":"6-landskrona-ven-sweden","status":"publish","type":"page","link":"https:\/\/sbt.ug.edu.pl\/lt\/routes\/wildlife-nature-trails-folkuniversitetet-sweden\/6-landskrona-ven-sweden\/","title":{"rendered":"6. Landskrona &#8211; Ven &#8211; Sweden"},"content":{"rendered":"<p class=\"qtranxs-available-languages-message qtranxs-available-languages-message-lt\">Atsipra\u0161ome, \u0161is puslapis galimas tik <a href=\"https:\/\/sbt.ug.edu.pl\/en\/wp-json\/wp\/v2\/pages\/615\" class=\"qtranxs-available-language-link qtranxs-available-language-link-en\" title=\"English\">Jungtini\u0173 Valstij\u0173 Angl\u0173<\/a>, <a href=\"https:\/\/sbt.ug.edu.pl\/de\/wp-json\/wp\/v2\/pages\/615\" class=\"qtranxs-available-language-link qtranxs-available-language-link-de\" title=\"Deutsch\">Vokie\u010di\u0173<\/a> ir <a href=\"https:\/\/sbt.ug.edu.pl\/pl\/wp-json\/wp\/v2\/pages\/615\" class=\"qtranxs-available-language-link qtranxs-available-language-link-pl\" title=\"Polski\">Lenk\u0173<\/a>. For the sake of viewer convenience, the content is shown below in this site default language. You may click one of the links to switch the site language to another available language.<\/p><p><\/p>\n<p style=\"text-align: justify;\"><strong>LOCATION<\/strong><br \/>\nBetween Sweden and Denmark lies the island of Ven. Here you can enjoy the fresh air, beautiful foliage and wonderful views. The island is just 11.7 km in circumference and is perfect for a day trip. If you wish to stay overnight there are several options available. The ferry from Landskrona runs all year and takes only 30 minutes. In summer you can also embark from Copenhagen in Denmark and from R\u00e5\u00e5 in Helsingborg.<\/p>\n<p style=\"text-align: justify;\"><strong> <img decoding=\"async\" loading=\"lazy\" class=\"alignnone wp-image-2858 size-full\" src=\"https:\/\/southbaltic-tourist.eu\/wp-content\/uploads\/2019\/07\/1.-Townhouse-Japanhuset-Landskrona-R7.-A6.jpg\" alt=\"\" width=\"1600\" height=\"1067\" srcset=\"https:\/\/sbt.ug.edu.pl\/wp-content\/uploads\/2019\/07\/1.-Townhouse-Japanhuset-Landskrona-R7.-A6.jpg 1600w, https:\/\/sbt.ug.edu.pl\/wp-content\/uploads\/2019\/07\/1.-Townhouse-Japanhuset-Landskrona-R7.-A6-300x200.jpg 300w, https:\/\/sbt.ug.edu.pl\/wp-content\/uploads\/2019\/07\/1.-Townhouse-Japanhuset-Landskrona-R7.-A6-768x512.jpg 768w, https:\/\/sbt.ug.edu.pl\/wp-content\/uploads\/2019\/07\/1.-Townhouse-Japanhuset-Landskrona-R7.-A6-1024x683.jpg 1024w, https:\/\/sbt.ug.edu.pl\/wp-content\/uploads\/2019\/07\/1.-Townhouse-Japanhuset-Landskrona-R7.-A6-150x100.jpg 150w\" sizes=\"(max-width: 1600px) 100vw, 1600px\" \/><\/strong><\/p>\n<p style=\"text-align: justify;\"><strong>SCENIC CHARACTER <\/strong><\/p>\n<p style=\"text-align: justify;\">A nice quiet little paradise, away from traffic and the daily stresses of life. Breathtakingly beautiful scenery with exquisite views of the island&#8217;s landscape and the deep blue of \u00d6resund make Ven truly a place to rest the soul.<\/p>\n<p style=\"text-align: justify;\">The island is one of the most popular tourist destinations in southern Sweden and is especially appreciated for its varied scenery, unique location in the middle of the Sound and its beautiful beaches. It is great for cycling or strolling and enjoying the stunning views, especially from Backafall.<\/p>\n<p style=\"text-align: justify;\">Another must-see attraction is the Tycho Brahe memory place &#8211; one of the best museums in southern Sweden. It opened in late 2005 and is housed in the former All Saints church. Another interesting place is the St. Ibbs church. When standing on the church back one can look out over the Sound to Denmark. Saint Ibbs church is also one of the country&#8217;s most popular churches to get married in.<\/p>\n<p style=\"text-align: justify;\"><strong>ATTRACTIONS <\/strong><\/p>\n<p style=\"text-align: justify;\">You can begin your excursion at Skeppsbron in Landskrona by stepping aboard one of Ven\u2019s traffic ferries. The crossing takes about 30 minutes and offers fantastic views of the ocean and coastline. When you arrive on Ven, you have a great day ahead of you which offers both natural beauty and exciting culture. Here you can find the impressive grassy slopes of Backafall as well as a wide range of art galleries, artisan shops? and the Tycho Brahe Museum. The island of Ven is a real paradise for cyclists. You can follow the biking trails and stop at any of the island&#8217;s viewing points, restaurants and shops. Ven offers all \u00a0manner of bicycles to rent \u2013 different sizes, tandem bikes, luggage racks, suspension bikes and children&#8217;s cars.<\/p>\n<p><code><div class=\"rl-gallery-container rl-loading\" id=\"rl-gallery-container-1\" data-gallery_id=\"2857\"> <div class=\"rl-gallery rl-basicgrid-gallery \" id=\"rl-gallery-1\" data-gallery_no=\"1\"> <div class=\"rl-gallery-item\"><a href=\"https:\/\/sbt.ug.edu.pl\/wp-content\/uploads\/2019\/07\/1.-Townhouse-Japanhuset-Landskrona-R7.-A6.jpg\" title=\"1. Townhouse, Japanhuset, Landskrona; author: Ulf Liljankoski; License: CC BY-ND 2.0\" data-rl_title=\"1. Townhouse, Japanhuset, Landskrona; author: Ulf Liljankoski; License: CC BY-ND 2.0\" class=\"rl-gallery-link\" data-rl_caption=\"\" data-rel=\"lightbox-gallery-1\"><img src=\"https:\/\/sbt.ug.edu.pl\/wp-content\/uploads\/2019\/07\/1.-Townhouse-Japanhuset-Landskrona-R7.-A6-768x512.jpg\" width=\"640\" height=\"427\" alt=\"\" \/><\/a><\/div><div class=\"rl-gallery-item\"><a href=\"https:\/\/sbt.ug.edu.pl\/wp-content\/uploads\/2019\/07\/2.-Citadellet-i-Landskrona-R7.-A6.jpg\" title=\"2. Citadellet i Landskrona; author: sv:Anv\u00e4ndare:Dat95car ; License: CC BY-SA 3.0\" data-rl_title=\"2. Citadellet i Landskrona; author: sv:Anv\u00e4ndare:Dat95car ; License: CC BY-SA 3.0\" class=\"rl-gallery-link\" data-rl_caption=\"\" data-rel=\"lightbox-gallery-1\"><img src=\"https:\/\/sbt.ug.edu.pl\/wp-content\/uploads\/2019\/07\/2.-Citadellet-i-Landskrona-R7.-A6-768x576.jpg\" width=\"640\" height=\"480\" alt=\"\" \/><\/a><\/div><div class=\"rl-gallery-item\"><a href=\"https:\/\/sbt.ug.edu.pl\/wp-content\/uploads\/2019\/07\/3.-The-castle-R7.-A6.jpg\" title=\"3. The castle; author: Francois Polito ; License: CC BY-SA 3.0\" data-rl_title=\"3. The castle; author: Francois Polito ; License: CC BY-SA 3.0\" class=\"rl-gallery-link\" data-rl_caption=\"\" data-rel=\"lightbox-gallery-1\"><img src=\"https:\/\/sbt.ug.edu.pl\/wp-content\/uploads\/2019\/07\/3.-The-castle-R7.-A6-768x1156.jpg\" width=\"640\" height=\"963\" alt=\"\" \/><\/a><\/div><div class=\"rl-gallery-item\"><a href=\"https:\/\/sbt.ug.edu.pl\/wp-content\/uploads\/2019\/07\/4.-Citadellet-Landskrona-R7.-A6.jpg\" title=\"4. Citadellet, Landskrona; author: Ulf Liljankoski; License: CC BY-ND 2.0\" data-rl_title=\"4. Citadellet, Landskrona; author: Ulf Liljankoski; License: CC BY-ND 2.0\" class=\"rl-gallery-link\" data-rl_caption=\"\" data-rel=\"lightbox-gallery-1\"><img src=\"https:\/\/sbt.ug.edu.pl\/wp-content\/uploads\/2019\/07\/4.-Citadellet-Landskrona-R7.-A6-768x1152.jpg\" width=\"640\" height=\"960\" alt=\"\" \/><\/a><\/div><div class=\"rl-gallery-item\"><a href=\"https:\/\/sbt.ug.edu.pl\/wp-content\/uploads\/2019\/07\/5.-Vattentorn-Vattentornet-Landskrona-R7.-A6.jpg\" title=\"5. Vattentorn: Vattentornet, Landskrona; author: Ulf Liljankoski; License: CC BY-ND 2.0\" data-rl_title=\"5. Vattentorn: Vattentornet, Landskrona; author: Ulf Liljankoski; License: CC BY-ND 2.0\" class=\"rl-gallery-link\" data-rl_caption=\"\" data-rel=\"lightbox-gallery-1\"><img src=\"https:\/\/sbt.ug.edu.pl\/wp-content\/uploads\/2019\/07\/5.-Vattentorn-Vattentornet-Landskrona-R7.-A6-768x512.jpg\" width=\"640\" height=\"427\" alt=\"\" \/><\/a><\/div><div class=\"rl-gallery-item\"><a href=\"https:\/\/sbt.ug.edu.pl\/wp-content\/uploads\/2019\/07\/6.-Citadellet-Landskrona-R7.-A6.jpg\" title=\"6. Citadellet, Landskrona; author: Ulf Liljankoski; License: CC BY-ND 2.0\" data-rl_title=\"6. Citadellet, Landskrona; author: Ulf Liljankoski; License: CC BY-ND 2.0\" class=\"rl-gallery-link\" data-rl_caption=\"\" data-rel=\"lightbox-gallery-1\"><img src=\"https:\/\/sbt.ug.edu.pl\/wp-content\/uploads\/2019\/07\/6.-Citadellet-Landskrona-R7.-A6-768x512.jpg\" width=\"640\" height=\"427\" alt=\"\" \/><\/a><\/div><div class=\"rl-gallery-item\"><a href=\"https:\/\/sbt.ug.edu.pl\/wp-content\/uploads\/2019\/07\/7.-The-Tycho-Brahe-museum-R7.-A6.jpg\" title=\"7. The Tycho Brahe museum; author: Turistbyr\u00e5n Landskrona Ven; License: CC BY-SA 4.0\" data-rl_title=\"7. The Tycho Brahe museum; author: Turistbyr\u00e5n Landskrona Ven; License: CC BY-SA 4.0\" class=\"rl-gallery-link\" data-rl_caption=\"\" data-rel=\"lightbox-gallery-1\"><img src=\"https:\/\/sbt.ug.edu.pl\/wp-content\/uploads\/2019\/07\/7.-The-Tycho-Brahe-museum-R7.-A6-768x1147.jpg\" width=\"640\" height=\"956\" alt=\"\" \/><\/a><\/div><div class=\"rl-gallery-item\"><a href=\"https:\/\/sbt.ug.edu.pl\/wp-content\/uploads\/2019\/07\/8.-Scanian-coastline-at-at-the-southern-coast-of-Ven-in-\u00d8resund.-R7.-A6.jpg\" title=\"8. Scanian coastline at at the southern coast of Ven in \u00d8resund.; author: Boeing720; License: CC BY-SA 4.0\" data-rl_title=\"8. Scanian coastline at at the southern coast of Ven in \u00d8resund.; author: Boeing720; License: CC BY-SA 4.0\" class=\"rl-gallery-link\" data-rl_caption=\"\" data-rel=\"lightbox-gallery-1\"><img src=\"https:\/\/sbt.ug.edu.pl\/wp-content\/uploads\/2019\/07\/8.-Scanian-coastline-at-at-the-southern-coast-of-Ven-in-\u00d8resund.-R7.-A6-768x382.jpg\" width=\"640\" height=\"318\" alt=\"\" \/><\/a><\/div><div class=\"rl-gallery-item\"><a href=\"https:\/\/sbt.ug.edu.pl\/wp-content\/uploads\/2019\/07\/9.-Bikes-for-hire-by-island-Ven-R7.-A6.jpg\" title=\"9. Bikes for hire by island Ven; author: Vitold Muratov; License: CC BY-SA 4.0\" data-rl_title=\"9. Bikes for hire by island Ven; author: Vitold Muratov; License: CC BY-SA 4.0\" class=\"rl-gallery-link\" data-rl_caption=\"\" data-rel=\"lightbox-gallery-1\"><img src=\"https:\/\/sbt.ug.edu.pl\/wp-content\/uploads\/2019\/07\/9.-Bikes-for-hire-by-island-Ven-R7.-A6-768x576.jpg\" width=\"640\" height=\"480\" alt=\"\" \/><\/a><\/div> <\/div> <\/div><\/code><\/p>\n<p><a href=\"https:\/\/southbaltic-tourist.eu\/wp-content\/uploads\/2019\/08\/Photos-sources-data-R7.pdf\">Photos sources data R7<\/a> <\/p>","protected":false},"excerpt":{"rendered":"<p>Atsipra\u0161ome, \u0161is puslapis galimas tik Jungtini\u0173 Valstij\u0173 Angl\u0173, Vokie\u010di\u0173 ir Lenk\u0173. For the sake of viewer convenience, the content is shown below in this site default language. You may click one of the links to switch the site language to another available language. LOCATION Between Sweden and Denmark lies the island of Ven. Here you [&hellip;]<\/p>\n","protected":false},"author":3,"featured_media":0,"parent":488,"menu_order":0,"comment_status":"closed","ping_status":"closed","template":"","meta":[],"categories":[34,15,30],"tags":[],"_links":{"self":[{"href":"https:\/\/sbt.ug.edu.pl\/lt\/wp-json\/wp\/v2\/pages\/615"}],"collection":[{"href":"https:\/\/sbt.ug.edu.pl\/lt\/wp-json\/wp\/v2\/pages"}],"about":[{"href":"https:\/\/sbt.ug.edu.pl\/lt\/wp-json\/wp\/v2\/types\/page"}],"author":[{"embeddable":true,"href":"https:\/\/sbt.ug.edu.pl\/lt\/wp-json\/wp\/v2\/users\/3"}],"replies":[{"embeddable":true,"href":"https:\/\/sbt.ug.edu.pl\/lt\/wp-json\/wp\/v2\/comments?post=615"}],"version-history":[{"count":5,"href":"https:\/\/sbt.ug.edu.pl\/lt\/wp-json\/wp\/v2\/pages\/615\/revisions"}],"predecessor-version":[{"id":4532,"href":"https:\/\/sbt.ug.edu.pl\/lt\/wp-json\/wp\/v2\/pages\/615\/revisions\/4532"}],"up":[{"embeddable":true,"href":"https:\/\/sbt.ug.edu.pl\/lt\/wp-json\/wp\/v2\/pages\/488"}],"wp:attachment":[{"href":"https:\/\/sbt.ug.edu.pl\/lt\/wp-json\/wp\/v2\/media?parent=615"}],"wp:term":[{"taxonomy":"category","embeddable":true,"href":"https:\/\/sbt.ug.edu.pl\/lt\/wp-json\/wp\/v2\/categories?post=615"},{"taxonomy":"post_tag","embeddable":true,"href":"https:\/\/sbt.ug.edu.pl\/lt\/wp-json\/wp\/v2\/tags?post=615"}],"curies":[{"name":"wp","href":"https:\/\/api.w.org\/{rel}","templated":true}]}}