{"id":617,"date":"2018-12-23T17:16:34","date_gmt":"2018-12-23T16:16:34","guid":{"rendered":"http:\/\/southbaltic-tourist.eu\/?page_id=617"},"modified":"2019-08-17T18:50:19","modified_gmt":"2019-08-17T16:50:19","slug":"7-stenshuvud-national-park","status":"publish","type":"page","link":"https:\/\/sbt.ug.edu.pl\/lt\/routes\/wildlife-nature-trails-folkuniversitetet-sweden\/7-stenshuvud-national-park\/","title":{"rendered":"(English) 7. STENSHUVUD NATIONAL PARK"},"content":{"rendered":"<p class=\"qtranxs-available-languages-message qtranxs-available-languages-message-lt\">Atsipra\u0161ome, \u0161is puslapis galimas tik <a href=\"https:\/\/sbt.ug.edu.pl\/en\/wp-json\/wp\/v2\/pages\/617\" class=\"qtranxs-available-language-link qtranxs-available-language-link-en\" title=\"English\">Jungtini\u0173 Valstij\u0173 Angl\u0173<\/a>, <a href=\"https:\/\/sbt.ug.edu.pl\/de\/wp-json\/wp\/v2\/pages\/617\" class=\"qtranxs-available-language-link qtranxs-available-language-link-de\" title=\"Deutsch\">Vokie\u010di\u0173<\/a> ir <a href=\"https:\/\/sbt.ug.edu.pl\/pl\/wp-json\/wp\/v2\/pages\/617\" class=\"qtranxs-available-language-link qtranxs-available-language-link-pl\" title=\"Polski\">Lenk\u0173<\/a>. For the sake of viewer convenience, the content is shown below in this site default language. You may click one of the links to switch the site language to another available language.<\/p><p><\/p>\n<p style=\"text-align: justify;\"><strong>LOCATION<br \/>\n<\/strong><\/p>\n<p style=\"text-align: justify;\">Stenshuvud National Park is just south of Kivik and about 15 km north of Simrishamn. There are signs directing you to the main entrance, where you will find the Naturum visitor centre, from road 9, and to the north entrance from Kivik.<\/p>\n<p><img decoding=\"async\" loading=\"lazy\" class=\"alignnone wp-image-2868 size-full\" src=\"https:\/\/southbaltic-tourist.eu\/wp-content\/uploads\/2019\/07\/1.-Prehistoric-fortress-Stenshuvud-national-park-R7.-A7.jpg\" alt=\"\" width=\"1600\" height=\"1067\" srcset=\"https:\/\/sbt.ug.edu.pl\/wp-content\/uploads\/2019\/07\/1.-Prehistoric-fortress-Stenshuvud-national-park-R7.-A7.jpg 1600w, https:\/\/sbt.ug.edu.pl\/wp-content\/uploads\/2019\/07\/1.-Prehistoric-fortress-Stenshuvud-national-park-R7.-A7-300x200.jpg 300w, https:\/\/sbt.ug.edu.pl\/wp-content\/uploads\/2019\/07\/1.-Prehistoric-fortress-Stenshuvud-national-park-R7.-A7-768x512.jpg 768w, https:\/\/sbt.ug.edu.pl\/wp-content\/uploads\/2019\/07\/1.-Prehistoric-fortress-Stenshuvud-national-park-R7.-A7-1024x683.jpg 1024w, https:\/\/sbt.ug.edu.pl\/wp-content\/uploads\/2019\/07\/1.-Prehistoric-fortress-Stenshuvud-national-park-R7.-A7-150x100.jpg 150w\" sizes=\"(max-width: 1600px) 100vw, 1600px\" \/><\/p>\n<p style=\"text-align: justify;\"><strong>SCENIC CHARACTER <\/strong><\/p>\n<p style=\"text-align: justify;\">Weasels, yellow-necked mice and squirrels are relatively common sights here and if you are lucky, you might even catch sight of roe deer, spot some badgers, foxes or martens. Stenshuvud National Park is a beautiful and amazing place, where nature abounds and relaxation is a given.<\/p>\n<p style=\"text-align: justify;\"><strong>ATTRACTIONS<br \/>\n<\/strong><\/p>\n<p style=\"text-align: justify;\">Sweden&#8217;s southernmost national park offers lovely hiking areas, a 97-metre-high sea view, beaches and apple farms. In &#8222;Naturum&#8221; there is an exhibition describing the park&#8217;s plants and animals. One of many animal species in the park are hazel dormice and European tree frogs.<\/p>\n<p style=\"text-align: justify;\">The beach\u2019s sand here is outstandingly fine. Stenshuvud is one of the most beautiful and varied national parks in Sweden. There are ancient monuments, scenic coastways and rich animal and plant life here, you can also enjoy the magnificent view from the 97-metre-high Stenshuvud mount. On a sunny day, the park is the perfect place for a picnic or a relaxing walk along one of its hiking trails.<\/p>\n<p><code><div class=\"rl-gallery-container rl-loading\" id=\"rl-gallery-container-1\" data-gallery_id=\"2867\"> <div class=\"rl-gallery rl-basicgrid-gallery \" id=\"rl-gallery-1\" data-gallery_no=\"1\"> <div class=\"rl-gallery-item\"><a href=\"https:\/\/sbt.ug.edu.pl\/wp-content\/uploads\/2019\/07\/1.-Prehistoric-fortress-Stenshuvud-national-park-R7.-A7.jpg\" title=\"1. Prehistoric fortress (400-550 after JC) close to Stenshuvud top, Stenshuvud national park; author: Micka\u00ebl Delcey; License: CC BY-SA 3.0\" data-rl_title=\"1. Prehistoric fortress (400-550 after JC) close to Stenshuvud top, Stenshuvud national park; author: Micka\u00ebl Delcey; License: CC BY-SA 3.0\" class=\"rl-gallery-link\" data-rl_caption=\"\" data-rel=\"lightbox-gallery-1\"><img src=\"https:\/\/sbt.ug.edu.pl\/wp-content\/uploads\/2019\/07\/1.-Prehistoric-fortress-Stenshuvud-national-park-R7.-A7-768x512.jpg\" width=\"640\" height=\"427\" alt=\"\" \/><\/a><\/div><div class=\"rl-gallery-item\"><a href=\"https:\/\/sbt.ug.edu.pl\/wp-content\/uploads\/2019\/07\/2.-Light-house-Stenshuvud-National-Park-R7.-A7.jpg\" title=\"2. Light house @ Stenshuvud Nationalpark; author: bjaglin; License: CC BY 2.0\" data-rl_title=\"2. Light house @ Stenshuvud Nationalpark; author: bjaglin; License: CC BY 2.0\" class=\"rl-gallery-link\" data-rl_caption=\"\" data-rel=\"lightbox-gallery-1\"><img src=\"https:\/\/sbt.ug.edu.pl\/wp-content\/uploads\/2019\/07\/2.-Light-house-Stenshuvud-National-Park-R7.-A7-768x511.jpg\" width=\"640\" height=\"426\" alt=\"\" \/><\/a><\/div><div class=\"rl-gallery-item\"><a href=\"https:\/\/sbt.ug.edu.pl\/wp-content\/uploads\/2019\/07\/3.-Stenshuvud-National-Park-R7.-A7.jpg\" title=\"3. Stenshuvud National Park; author: Johan Bryggare; License: CC BY 2.0\" data-rl_title=\"3. Stenshuvud National Park; author: Johan Bryggare; License: CC BY 2.0\" class=\"rl-gallery-link\" data-rl_caption=\"\" data-rel=\"lightbox-gallery-1\"><img src=\"https:\/\/sbt.ug.edu.pl\/wp-content\/uploads\/2019\/07\/3.-Stenshuvud-National-Park-R7.-A7-768x768.jpg\" width=\"640\" height=\"640\" alt=\"\" \/><\/a><\/div><div class=\"rl-gallery-item\"><a href=\"https:\/\/sbt.ug.edu.pl\/wp-content\/uploads\/2019\/07\/4.-Swamp-Stenshuvud-National-Park-R7.-A7.jpg\" title=\"4. Swamp, Stenshuvud National Park; author: Pavel.shyshkouski; License: CC BY-SA 4.0\" data-rl_title=\"4. Swamp, Stenshuvud National Park; author: Pavel.shyshkouski; License: CC BY-SA 4.0\" class=\"rl-gallery-link\" data-rl_caption=\"\" data-rel=\"lightbox-gallery-1\"><img src=\"https:\/\/sbt.ug.edu.pl\/wp-content\/uploads\/2019\/07\/4.-Swamp-Stenshuvud-National-Park-R7.-A7-768x512.jpg\" width=\"640\" height=\"427\" alt=\"\" \/><\/a><\/div><div class=\"rl-gallery-item\"><a href=\"https:\/\/sbt.ug.edu.pl\/wp-content\/uploads\/2019\/07\/5.-J\u00e4ttens-port-Stenshuvud-national-park-R7.-A7.jpg\" title=\"5. J\u00e4ttens port, Stenshuvud National Park; author: Micka\u00ebl Delcey; License: CC BY-SA 3.0\" data-rl_title=\"5. J\u00e4ttens port, Stenshuvud National Park; author: Micka\u00ebl Delcey; License: CC BY-SA 3.0\" class=\"rl-gallery-link\" data-rl_caption=\"\" data-rel=\"lightbox-gallery-1\"><img src=\"https:\/\/sbt.ug.edu.pl\/wp-content\/uploads\/2019\/07\/5.-J\u00e4ttens-port-Stenshuvud-national-park-R7.-A7-768x512.jpg\" width=\"640\" height=\"427\" alt=\"\" \/><\/a><\/div><div class=\"rl-gallery-item\"><a href=\"https:\/\/sbt.ug.edu.pl\/wp-content\/uploads\/2019\/07\/6.-Stenshuvud-National-Park-near-the-sea-R7.-A7.jpg\" title=\"6. Stenshuvud National Park near the sea; author: Pavel.shyshkouski; License: CC BY-SA 4.0\" data-rl_title=\"6. Stenshuvud National Park near the sea; author: Pavel.shyshkouski; License: CC BY-SA 4.0\" class=\"rl-gallery-link\" data-rl_caption=\"\" data-rel=\"lightbox-gallery-1\"><img src=\"https:\/\/sbt.ug.edu.pl\/wp-content\/uploads\/2019\/07\/6.-Stenshuvud-National-Park-near-the-sea-R7.-A7-768x512.jpg\" width=\"640\" height=\"427\" alt=\"\" \/><\/a><\/div><div class=\"rl-gallery-item\"><a href=\"https:\/\/sbt.ug.edu.pl\/wp-content\/uploads\/2019\/07\/7.-Beach-in-the-Stenshuvud-National-Park-R7.-A7.jpg\" title=\"7. Beach in the Stenshuvud National Park; author: bjaglin; License: CC BY 2.0\" data-rl_title=\"7. Beach in the Stenshuvud National Park; author: bjaglin; License: CC BY 2.0\" class=\"rl-gallery-link\" data-rl_caption=\"\" data-rel=\"lightbox-gallery-1\"><img src=\"https:\/\/sbt.ug.edu.pl\/wp-content\/uploads\/2019\/07\/7.-Beach-in-the-Stenshuvud-National-Park-R7.-A7-768x511.jpg\" width=\"640\" height=\"426\" alt=\"\" \/><\/a><\/div><div class=\"rl-gallery-item\"><a href=\"https:\/\/sbt.ug.edu.pl\/wp-content\/uploads\/2019\/07\/8.-Stone-beach-in-the-Stenshuvud-National-Park-R7.-A7.jpg\" title=\"8. Stone beach in the Stenshuvud National Park; author: bjaglin; License: CC BY 2.0\" data-rl_title=\"8. Stone beach in the Stenshuvud National Park; author: bjaglin; License: CC BY 2.0\" class=\"rl-gallery-link\" data-rl_caption=\"\" data-rel=\"lightbox-gallery-1\"><img src=\"https:\/\/sbt.ug.edu.pl\/wp-content\/uploads\/2019\/07\/8.-Stone-beach-in-the-Stenshuvud-National-Park-R7.-A7-768x1155.jpg\" width=\"640\" height=\"963\" alt=\"\" \/><\/a><\/div> <\/div> <\/div><\/code><\/p>\n<p><a href=\"https:\/\/southbaltic-tourist.eu\/wp-content\/uploads\/2019\/08\/Photos-sources-data-R7.pdf\">Photos sources data R7<\/a> <\/p>","protected":false},"excerpt":{"rendered":"<p>Atsipra\u0161ome, \u0161is puslapis galimas tik Jungtini\u0173 Valstij\u0173 Angl\u0173, Vokie\u010di\u0173 ir Lenk\u0173. For the sake of viewer convenience, the content is shown below in this site default language. You may click one of the links to switch the site language to another available language. LOCATION Stenshuvud National Park is just south of Kivik and about 15 [&hellip;]<\/p>\n","protected":false},"author":3,"featured_media":0,"parent":488,"menu_order":0,"comment_status":"closed","ping_status":"closed","template":"","meta":[],"categories":[34,15,30],"tags":[],"_links":{"self":[{"href":"https:\/\/sbt.ug.edu.pl\/lt\/wp-json\/wp\/v2\/pages\/617"}],"collection":[{"href":"https:\/\/sbt.ug.edu.pl\/lt\/wp-json\/wp\/v2\/pages"}],"about":[{"href":"https:\/\/sbt.ug.edu.pl\/lt\/wp-json\/wp\/v2\/types\/page"}],"author":[{"embeddable":true,"href":"https:\/\/sbt.ug.edu.pl\/lt\/wp-json\/wp\/v2\/users\/3"}],"replies":[{"embeddable":true,"href":"https:\/\/sbt.ug.edu.pl\/lt\/wp-json\/wp\/v2\/comments?post=617"}],"version-history":[{"count":6,"href":"https:\/\/sbt.ug.edu.pl\/lt\/wp-json\/wp\/v2\/pages\/617\/revisions"}],"predecessor-version":[{"id":4533,"href":"https:\/\/sbt.ug.edu.pl\/lt\/wp-json\/wp\/v2\/pages\/617\/revisions\/4533"}],"up":[{"embeddable":true,"href":"https:\/\/sbt.ug.edu.pl\/lt\/wp-json\/wp\/v2\/pages\/488"}],"wp:attachment":[{"href":"https:\/\/sbt.ug.edu.pl\/lt\/wp-json\/wp\/v2\/media?parent=617"}],"wp:term":[{"taxonomy":"category","embeddable":true,"href":"https:\/\/sbt.ug.edu.pl\/lt\/wp-json\/wp\/v2\/categories?post=617"},{"taxonomy":"post_tag","embeddable":true,"href":"https:\/\/sbt.ug.edu.pl\/lt\/wp-json\/wp\/v2\/tags?post=617"}],"curies":[{"name":"wp","href":"https:\/\/api.w.org\/{rel}","templated":true}]}}