{"id":621,"date":"2018-12-23T17:20:43","date_gmt":"2018-12-23T16:20:43","guid":{"rendered":"http:\/\/southbaltic-tourist.eu\/?page_id=621"},"modified":"2019-08-17T18:52:10","modified_gmt":"2019-08-17T16:52:10","slug":"9-moving-dunes-in-leba-national-park","status":"publish","type":"page","link":"https:\/\/sbt.ug.edu.pl\/lt\/routes\/wildlife-nature-trails-folkuniversitetet-sweden\/9-moving-dunes-in-leba-national-park\/","title":{"rendered":"9. Moving Dunes In \u0141eba National Park"},"content":{"rendered":"<p class=\"qtranxs-available-languages-message qtranxs-available-languages-message-lt\">Atsipra\u0161ome, \u0161is puslapis galimas tik <a href=\"https:\/\/sbt.ug.edu.pl\/en\/wp-json\/wp\/v2\/pages\/621\" class=\"qtranxs-available-language-link qtranxs-available-language-link-en\" title=\"English\">Jungtini\u0173 Valstij\u0173 Angl\u0173<\/a>, <a href=\"https:\/\/sbt.ug.edu.pl\/de\/wp-json\/wp\/v2\/pages\/621\" class=\"qtranxs-available-language-link qtranxs-available-language-link-de\" title=\"Deutsch\">Vokie\u010di\u0173<\/a> ir <a href=\"https:\/\/sbt.ug.edu.pl\/pl\/wp-json\/wp\/v2\/pages\/621\" class=\"qtranxs-available-language-link qtranxs-available-language-link-pl\" title=\"Polski\">Lenk\u0173<\/a>. For the sake of viewer convenience, the content is shown below in this site default language. You may click one of the links to switch the site language to another available language.<\/p><p><\/p>\n<p style=\"text-align: justify;\"><strong>LOCATION<\/strong><\/p>\n<p style=\"text-align: justify;\">\u0141eba Town is located 110 km north-west from Gdansk in Pomerania, Poland. S\u0142owi\u0144ski National Park (\u0141eba Moving Dunes) is located west of \u0141eba town, and the park\u2019s headquarters are in Smo\u0142dzino, south-west of \u0141eba. The main entrance to the park is in R\u0105bka, which is a part of \u0141eba town. \u0141eba can be accessed by public transport (rail and buses) and by road. Regional and national trains go through Tricity to L\u0119bork and terminate at \u0141eba rail station. The Gdansk area is accessible by two ferry connections from Sweden: Karlskrona-Gdynia and Nyn\u00e4shamn \u2013 Gda\u0144sk. (Gda\u0144sk has an international airport). \u0141eba town\u2019s geographical location is 54\u00b045\u2032N\u00a017\u00b033\u2032E.<\/p>\n<p><img decoding=\"async\" loading=\"lazy\" class=\"alignnone wp-image-2891 size-full\" src=\"https:\/\/southbaltic-tourist.eu\/wp-content\/uploads\/2019\/07\/1.-Dune-\u0141\u0105cka-G\u00f3ra-Slowinski-National-Park-R7.-A9.jpg\" alt=\"\" width=\"1600\" height=\"1049\" srcset=\"https:\/\/sbt.ug.edu.pl\/wp-content\/uploads\/2019\/07\/1.-Dune-\u0141\u0105cka-G\u00f3ra-Slowinski-National-Park-R7.-A9.jpg 1600w, https:\/\/sbt.ug.edu.pl\/wp-content\/uploads\/2019\/07\/1.-Dune-\u0141\u0105cka-G\u00f3ra-Slowinski-National-Park-R7.-A9-300x197.jpg 300w, https:\/\/sbt.ug.edu.pl\/wp-content\/uploads\/2019\/07\/1.-Dune-\u0141\u0105cka-G\u00f3ra-Slowinski-National-Park-R7.-A9-768x504.jpg 768w, https:\/\/sbt.ug.edu.pl\/wp-content\/uploads\/2019\/07\/1.-Dune-\u0141\u0105cka-G\u00f3ra-Slowinski-National-Park-R7.-A9-1024x671.jpg 1024w, https:\/\/sbt.ug.edu.pl\/wp-content\/uploads\/2019\/07\/1.-Dune-\u0141\u0105cka-G\u00f3ra-Slowinski-National-Park-R7.-A9-150x98.jpg 150w\" sizes=\"(max-width: 1600px) 100vw, 1600px\" \/><\/p>\n<p style=\"text-align: justify;\"><strong>SIGHTSEEING \u0141EBA MOVING DUNES IN S\u0141OWI\u0143SKI NP<\/strong><\/p>\n<p style=\"text-align: justify;\">Climbing the dune \u0141\u0105cka G\u00f3ra (42 m tall) in the National Park is a must. There is no boardwalk available so you need to walk over the sands to get there. The park offers many more attractions and activities. There is a biking route going through the park, six hiking trails and two kayak routes. Amateur fishing is allowed in four catching areas both from the coast and from a boat &#8211; boating on the lakes is only permitted in a few designated areas. There are six sightseeing towers as well as six sightseeing piers on the lakes. There are two museums in the park: one focused on natural history and the other one describing the ethnography of the region. The park employees provide field educational services for individuals and groups, for reasonable prices. Unfortunately, the Park\u2019s website is in Polish only.<\/p>\n<p style=\"text-align: justify;\"><strong>ATTRACTIONS \u00a0\u00a0\u00a0\u00a0\u00a0\u00a0\u00a0\u00a0\u00a0\u00a0\u00a0\u00a0\u00a0\u00a0\u00a0\u00a0\u00a0\u00a0\u00a0\u00a0\u00a0\u00a0\u00a0\u00a0\u00a0\u00a0\u00a0\u00a0\u00a0\u00a0\u00a0\u00a0\u00a0\u00a0\u00a0\u00a0\u00a0\u00a0\u00a0\u00a0\u00a0\u00a0\u00a0\u00a0 <\/strong><\/p>\n<p style=\"text-align: justify;\">S\u0142owi\u0144ski National Park has such a wealth of attractions that few tourists would ever feel the need to leave for a change of scenery.) South of \u0141eba in Smo\u0142dzino and the surrounding villages there are regional attractions associated with the local ethnic group, S\u0142owi\u0144cy. You can tour the remains of their historical buildings and see their typical farming and fishery artefacts at the Kluki ethnographic museum. Within the Park, in a place called R\u0105bka, there is a military museum dedicated to the launching of World War II-era V1 and V2 missiles.\u00a0 The nearby town of L\u0119bork is famous for its historical churches and old town.<\/p>\n<p><code><div class=\"rl-gallery-container rl-loading\" id=\"rl-gallery-container-1\" data-gallery_id=\"2881\"> <div class=\"rl-gallery rl-basicgrid-gallery \" id=\"rl-gallery-1\" data-gallery_no=\"1\"> <div class=\"rl-gallery-item\"><a href=\"https:\/\/sbt.ug.edu.pl\/wp-content\/uploads\/2019\/07\/1.-Dune-\u0141\u0105cka-G\u00f3ra-Slowinski-National-Park-R7.-A9.jpg\" title=\"1. Dune (\u0141\u0105cka G\u00f3ra), Slowinski National Park; author: Krisstian; License: CC BY-SA 4.0\" data-rl_title=\"1. Dune (\u0141\u0105cka G\u00f3ra), Slowinski National Park; author: Krisstian; License: CC BY-SA 4.0\" class=\"rl-gallery-link\" data-rl_caption=\"\" data-rel=\"lightbox-gallery-1\"><img src=\"https:\/\/sbt.ug.edu.pl\/wp-content\/uploads\/2019\/07\/1.-Dune-\u0141\u0105cka-G\u00f3ra-Slowinski-National-Park-R7.-A9-768x504.jpg\" width=\"640\" height=\"420\" alt=\"\" \/><\/a><\/div><div class=\"rl-gallery-item\"><a href=\"https:\/\/sbt.ug.edu.pl\/wp-content\/uploads\/2019\/07\/2.-Dune-in-S\u0142owi\u0144ski-National-Park-R7.-A2.jpg\" title=\"2. Dune in S\u0142owi\u0144ski National Park; author: Hwat; License: CC BY-SA 4.0\" data-rl_title=\"2. Dune in S\u0142owi\u0144ski National Park; author: Hwat; License: CC BY-SA 4.0\" class=\"rl-gallery-link\" data-rl_caption=\"\" data-rel=\"lightbox-gallery-1\"><img src=\"https:\/\/sbt.ug.edu.pl\/wp-content\/uploads\/2019\/07\/2.-Dune-in-S\u0142owi\u0144ski-National-Park-R7.-A2-768x512.jpg\" width=\"640\" height=\"427\" alt=\"\" \/><\/a><\/div><div class=\"rl-gallery-item\"><a href=\"https:\/\/sbt.ug.edu.pl\/wp-content\/uploads\/2019\/07\/3.-Yacht-port-in-\u0141eba-R7.-A9.jpg\" title=\"3. Yacht port in\u00a0\u0141eba\u00a0(Poland); author: Maciej Barna\u015b; License: CC BY-SA 4.0\" data-rl_title=\"3. Yacht port in\u00a0\u0141eba\u00a0(Poland); author: Maciej Barna\u015b; License: CC BY-SA 4.0\" class=\"rl-gallery-link\" data-rl_caption=\"\" data-rel=\"lightbox-gallery-1\"><img src=\"https:\/\/sbt.ug.edu.pl\/wp-content\/uploads\/2019\/07\/3.-Yacht-port-in-\u0141eba-R7.-A9-768x576.jpg\" width=\"640\" height=\"480\" alt=\"\" \/><\/a><\/div><div class=\"rl-gallery-item\"><a href=\"https:\/\/sbt.ug.edu.pl\/wp-content\/uploads\/2019\/07\/4.-Beach-in-\u0141eba-R7.-A9.jpg\" title=\"4. Beach in \u0141eba; author: Tomasz Chorwat; License: CC BY-SA 4.0\" data-rl_title=\"4. Beach in \u0141eba; author: Tomasz Chorwat; License: CC BY-SA 4.0\" class=\"rl-gallery-link\" data-rl_caption=\"\" data-rel=\"lightbox-gallery-1\"><img src=\"https:\/\/sbt.ug.edu.pl\/wp-content\/uploads\/2019\/07\/4.-Beach-in-\u0141eba-R7.-A9-768x512.jpg\" width=\"640\" height=\"427\" alt=\"\" \/><\/a><\/div><div class=\"rl-gallery-item\"><a href=\"https:\/\/sbt.ug.edu.pl\/wp-content\/uploads\/2019\/07\/5.-Hotel-Neptun-at-the-seaside-in-\u0141eba-R7.-A9.jpg\" title=\"5. Hotel Neptun at the seaside in\u00a0\u0141eba; author: Maciej Barna\u015b; License: CC BY-SA 3.0\" data-rl_title=\"5. Hotel Neptun at the seaside in\u00a0\u0141eba; author: Maciej Barna\u015b; License: CC BY-SA 3.0\" class=\"rl-gallery-link\" data-rl_caption=\"\" data-rel=\"lightbox-gallery-1\"><img src=\"https:\/\/sbt.ug.edu.pl\/wp-content\/uploads\/2019\/07\/5.-Hotel-Neptun-at-the-seaside-in-\u0141eba-R7.-A9-768x576.jpg\" width=\"640\" height=\"480\" alt=\"\" \/><\/a><\/div><div class=\"rl-gallery-item\"><a href=\"https:\/\/sbt.ug.edu.pl\/wp-content\/uploads\/2019\/07\/6.-\u0141eba-R7.-A9.jpg\" title=\"6. \u0141eba; author: Cornelius Schumacher ; License: CC BY-SA 3.0\" data-rl_title=\"6. \u0141eba; author: Cornelius Schumacher ; License: CC BY-SA 3.0\" class=\"rl-gallery-link\" data-rl_caption=\"\" data-rel=\"lightbox-gallery-1\"><img src=\"https:\/\/sbt.ug.edu.pl\/wp-content\/uploads\/2019\/07\/6.-\u0141eba-R7.-A9-768x576.jpg\" width=\"640\" height=\"480\" alt=\"\" \/><\/a><\/div><div class=\"rl-gallery-item\"><a href=\"https:\/\/sbt.ug.edu.pl\/wp-content\/uploads\/2019\/07\/7.-\u0141\u0105cka-Dune-climbing-R7.A9..jpg\" title=\"7. \u0141\u0105cka Dune climbing, author: Przemyslaw Kulawczuk \/ BHR\" data-rl_title=\"7. \u0141\u0105cka Dune climbing, author: Przemyslaw Kulawczuk \/ BHR\" class=\"rl-gallery-link\" data-rl_caption=\"\" data-rel=\"lightbox-gallery-1\"><img src=\"https:\/\/sbt.ug.edu.pl\/wp-content\/uploads\/2019\/07\/7.-\u0141\u0105cka-Dune-climbing-R7.A9.-768x512.jpg\" width=\"640\" height=\"427\" alt=\"\" \/><\/a><\/div><div class=\"rl-gallery-item\"><a href=\"https:\/\/sbt.ug.edu.pl\/wp-content\/uploads\/2019\/07\/8.-Dunes-landscape-R7.A9..jpg\" title=\"8. Dunes landscape,author: Przemyslaw Kulawczuk \/ BHR\" data-rl_title=\"8. Dunes landscape,author: Przemyslaw Kulawczuk \/ BHR\" class=\"rl-gallery-link\" data-rl_caption=\"\" data-rel=\"lightbox-gallery-1\"><img src=\"https:\/\/sbt.ug.edu.pl\/wp-content\/uploads\/2019\/07\/8.-Dunes-landscape-R7.A9.-768x512.jpg\" width=\"640\" height=\"427\" alt=\"\" \/><\/a><\/div><div class=\"rl-gallery-item\"><a href=\"https:\/\/sbt.ug.edu.pl\/wp-content\/uploads\/2019\/07\/9.-National-Park-Board-map-R7.A9..jpg\" title=\"9. National Park Board map, author: Przemyslaw Kulawczuk \/ BHR\" data-rl_title=\"9. National Park Board map, author: Przemyslaw Kulawczuk \/ BHR\" class=\"rl-gallery-link\" data-rl_caption=\"\" data-rel=\"lightbox-gallery-1\"><img src=\"https:\/\/sbt.ug.edu.pl\/wp-content\/uploads\/2019\/07\/9.-National-Park-Board-map-R7.A9.-768x512.jpg\" width=\"640\" height=\"427\" alt=\"\" \/><\/a><\/div><div class=\"rl-gallery-item\"><a href=\"https:\/\/sbt.ug.edu.pl\/wp-content\/uploads\/2019\/07\/10.-NP-beach-access-R7.A9..jpg\" title=\"10. NP beach access, author: Przemyslaw Kulawczuk \/ BHR\" data-rl_title=\"10. NP beach access, author: Przemyslaw Kulawczuk \/ BHR\" class=\"rl-gallery-link\" data-rl_caption=\"\" data-rel=\"lightbox-gallery-1\"><img src=\"https:\/\/sbt.ug.edu.pl\/wp-content\/uploads\/2019\/07\/10.-NP-beach-access-R7.A9.-768x512.jpg\" width=\"640\" height=\"427\" alt=\"\" \/><\/a><\/div> <\/div> <\/div><\/code><\/p>\n<p><a href=\"https:\/\/southbaltic-tourist.eu\/wp-content\/uploads\/2019\/08\/Photos-sources-data-R7.pdf\">Photos sources data R7<\/a> <\/p>","protected":false},"excerpt":{"rendered":"<p>Atsipra\u0161ome, \u0161is puslapis galimas tik Jungtini\u0173 Valstij\u0173 Angl\u0173, Vokie\u010di\u0173 ir Lenk\u0173. For the sake of viewer convenience, the content is shown below in this site default language. You may click one of the links to switch the site language to another available language. LOCATION \u0141eba Town is located 110 km north-west from Gdansk in Pomerania, [&hellip;]<\/p>\n","protected":false},"author":3,"featured_media":0,"parent":488,"menu_order":0,"comment_status":"closed","ping_status":"closed","template":"","meta":[],"categories":[34,15,30],"tags":[],"_links":{"self":[{"href":"https:\/\/sbt.ug.edu.pl\/lt\/wp-json\/wp\/v2\/pages\/621"}],"collection":[{"href":"https:\/\/sbt.ug.edu.pl\/lt\/wp-json\/wp\/v2\/pages"}],"about":[{"href":"https:\/\/sbt.ug.edu.pl\/lt\/wp-json\/wp\/v2\/types\/page"}],"author":[{"embeddable":true,"href":"https:\/\/sbt.ug.edu.pl\/lt\/wp-json\/wp\/v2\/users\/3"}],"replies":[{"embeddable":true,"href":"https:\/\/sbt.ug.edu.pl\/lt\/wp-json\/wp\/v2\/comments?post=621"}],"version-history":[{"count":5,"href":"https:\/\/sbt.ug.edu.pl\/lt\/wp-json\/wp\/v2\/pages\/621\/revisions"}],"predecessor-version":[{"id":4535,"href":"https:\/\/sbt.ug.edu.pl\/lt\/wp-json\/wp\/v2\/pages\/621\/revisions\/4535"}],"up":[{"embeddable":true,"href":"https:\/\/sbt.ug.edu.pl\/lt\/wp-json\/wp\/v2\/pages\/488"}],"wp:attachment":[{"href":"https:\/\/sbt.ug.edu.pl\/lt\/wp-json\/wp\/v2\/media?parent=621"}],"wp:term":[{"taxonomy":"category","embeddable":true,"href":"https:\/\/sbt.ug.edu.pl\/lt\/wp-json\/wp\/v2\/categories?post=621"},{"taxonomy":"post_tag","embeddable":true,"href":"https:\/\/sbt.ug.edu.pl\/lt\/wp-json\/wp\/v2\/tags?post=621"}],"curies":[{"name":"wp","href":"https:\/\/api.w.org\/{rel}","templated":true}]}}