{"id":623,"date":"2018-12-23T17:22:30","date_gmt":"2018-12-23T16:22:30","guid":{"rendered":"http:\/\/southbaltic-tourist.eu\/?page_id=623"},"modified":"2019-08-17T18:52:58","modified_gmt":"2019-08-17T16:52:58","slug":"10-slupia-river-kayak-float","status":"publish","type":"page","link":"https:\/\/sbt.ug.edu.pl\/lt\/routes\/wildlife-nature-trails-folkuniversitetet-sweden\/10-slupia-river-kayak-float\/","title":{"rendered":"(English) 10. S\u0141UPIA RIVER KAYAKING"},"content":{"rendered":"<p class=\"qtranxs-available-languages-message qtranxs-available-languages-message-lt\">Atsipra\u0161ome, \u0161is puslapis galimas tik <a href=\"https:\/\/sbt.ug.edu.pl\/en\/wp-json\/wp\/v2\/pages\/623\" class=\"qtranxs-available-language-link qtranxs-available-language-link-en\" title=\"English\">Jungtini\u0173 Valstij\u0173 Angl\u0173<\/a>, <a href=\"https:\/\/sbt.ug.edu.pl\/de\/wp-json\/wp\/v2\/pages\/623\" class=\"qtranxs-available-language-link qtranxs-available-language-link-de\" title=\"Deutsch\">Vokie\u010di\u0173<\/a> ir <a href=\"https:\/\/sbt.ug.edu.pl\/pl\/wp-json\/wp\/v2\/pages\/623\" class=\"qtranxs-available-language-link qtranxs-available-language-link-pl\" title=\"Polski\">Lenk\u0173<\/a>. For the sake of viewer convenience, the content is shown below in this site default language. You may click one of the links to switch the site language to another available language.<\/p><p><\/p>\n<p style=\"text-align: justify;\"><strong>LOCATION<\/strong><\/p>\n<p style=\"text-align: justify;\">Springing up somewhere in the Kashubian Lake District\u2019s peat moor and flowing through moraines and flatlands, S\u0142upia River truly deserves the accolade \u201cunique\u201d. With a length of only 138 kilometres, S\u0142upia stands out with its diverse character. In its upper courses it almost feels like a mountain river with its rapids and stony river bed. It spreads out into a few scenic lakes, becoming much calmer and wider, until it reaches the coast at Ustka.<\/p>\n<p><img decoding=\"async\" loading=\"lazy\" class=\"alignnone wp-image-2894 size-full\" src=\"https:\/\/southbaltic-tourist.eu\/wp-content\/uploads\/2019\/07\/1.-St.-Ncholas-Church-in-S\u0142upsk-R7.-A10.jpg\" alt=\"\" width=\"1600\" height=\"1064\" srcset=\"https:\/\/sbt.ug.edu.pl\/wp-content\/uploads\/2019\/07\/1.-St.-Ncholas-Church-in-S\u0142upsk-R7.-A10.jpg 1600w, https:\/\/sbt.ug.edu.pl\/wp-content\/uploads\/2019\/07\/1.-St.-Ncholas-Church-in-S\u0142upsk-R7.-A10-300x200.jpg 300w, https:\/\/sbt.ug.edu.pl\/wp-content\/uploads\/2019\/07\/1.-St.-Ncholas-Church-in-S\u0142upsk-R7.-A10-768x511.jpg 768w, https:\/\/sbt.ug.edu.pl\/wp-content\/uploads\/2019\/07\/1.-St.-Ncholas-Church-in-S\u0142upsk-R7.-A10-1024x681.jpg 1024w, https:\/\/sbt.ug.edu.pl\/wp-content\/uploads\/2019\/07\/1.-St.-Ncholas-Church-in-S\u0142upsk-R7.-A10-150x100.jpg 150w\" sizes=\"(max-width: 1600px) 100vw, 1600px\" \/><\/p>\n<p style=\"text-align: justify;\"><strong>ADVENTURE FOR EVERYONE<\/strong><\/p>\n<p style=\"text-align: justify;\">S\u0142upia not only offers beautiful scenery but also many opportunities for sporting activities and quality family bonding time. Kayaking courses are abundant and they cover almost the entire length of the river. The variety of course length and level of difficulty is almost endless. Starting from 2\/3-hour courses for whole families or beginners organized on the calmer parts of the river with not many challenges, to professional mountain kayaking. The ultimate adventure is a 7-day course that starts almost at the riverhead and ends by its mouth. It involves packing the kayaks up with the equipment necessary to camp on the river bank, which makes it much more challenging and consequently much more fun for the experienced kayaker.<\/p>\n<p style=\"text-align: justify;\"><strong>ATTRACTIONS <\/strong><\/p>\n<p style=\"text-align: justify;\">A part of S\u0142upia valley is designated as a landscape park, which spans wooded moraines and numerous historical buildings (mainly churches but also palaces and parks). The main attraction is four hydroelectric power stations from the early 20th century, which are still in operation today. S\u0142upia meets the waters of the Baltic Sea in Ustka \u2013 a sea port with over 1,000 years of history. It is worth mentioning that the most eminent kayaker on S\u0142upia was probably Pope John Paul II, who is memorialized by stones placed along the river.<\/p>\n<p><code><div class=\"rl-gallery-container rl-loading\" id=\"rl-gallery-container-1\" data-gallery_id=\"2892\"> <div class=\"rl-gallery rl-basicgrid-gallery \" id=\"rl-gallery-1\" data-gallery_no=\"1\"> <div class=\"rl-gallery-item\"><a href=\"https:\/\/sbt.ug.edu.pl\/wp-content\/uploads\/2019\/07\/1.-St.-Ncholas-Church-in-S\u0142upsk-R7.-A10.jpg\" title=\"1. St. Ncholas Church in S\u0142upsk; author: Maria Golinski; License: CC BY-SA 3.0\" data-rl_title=\"1. St. Ncholas Church in S\u0142upsk; author: Maria Golinski; License: CC BY-SA 3.0\" class=\"rl-gallery-link\" data-rl_caption=\"\" data-rel=\"lightbox-gallery-1\"><img src=\"https:\/\/sbt.ug.edu.pl\/wp-content\/uploads\/2019\/07\/1.-St.-Ncholas-Church-in-S\u0142upsk-R7.-A10-768x511.jpg\" width=\"640\" height=\"426\" alt=\"\" \/><\/a><\/div><div class=\"rl-gallery-item\"><a href=\"https:\/\/sbt.ug.edu.pl\/wp-content\/uploads\/2019\/07\/2.-Hrbor-in-Ustka-R7.-A10.jpg\" title=\"2. Hrbor in Ustka; author: Micha\u0142 S\u0142upczewski; License: Free to use\" data-rl_title=\"2. Hrbor in Ustka; author: Micha\u0142 S\u0142upczewski; License: Free to use\" class=\"rl-gallery-link\" data-rl_caption=\"\" data-rel=\"lightbox-gallery-1\"><img src=\"https:\/\/sbt.ug.edu.pl\/wp-content\/uploads\/2019\/07\/2.-Hrbor-in-Ustka-R7.-A10-768x488.jpg\" width=\"640\" height=\"407\" alt=\"\" \/><\/a><\/div><div class=\"rl-gallery-item\"><a href=\"https:\/\/sbt.ug.edu.pl\/wp-content\/uploads\/2019\/07\/3.-Unicus-in-Ustka-R7.-A10.jpg\" title=\"3. Unicus in Ustka; author: Maria Golinski; License: CC BY-SA 4.0\" data-rl_title=\"3. Unicus in Ustka; author: Maria Golinski; License: CC BY-SA 4.0\" class=\"rl-gallery-link\" data-rl_caption=\"\" data-rel=\"lightbox-gallery-1\"><img src=\"https:\/\/sbt.ug.edu.pl\/wp-content\/uploads\/2019\/07\/3.-Unicus-in-Ustka-R7.-A10.jpg\" width=\"640\" height=\"426\" alt=\"\" \/><\/a><\/div><div class=\"rl-gallery-item\"><a href=\"https:\/\/sbt.ug.edu.pl\/wp-content\/uploads\/2019\/07\/4.-S\u0142upia-River-in-Charn\u00f3w-R7.-A10.jpg\" title=\"4. S\u0142upia River in Charn\u00f3w; author: Maria Golinski; License: CC BY-SA 4.0\" data-rl_title=\"4. S\u0142upia River in Charn\u00f3w; author: Maria Golinski; License: CC BY-SA 4.0\" class=\"rl-gallery-link\" data-rl_caption=\"\" data-rel=\"lightbox-gallery-1\"><img src=\"https:\/\/sbt.ug.edu.pl\/wp-content\/uploads\/2019\/07\/4.-S\u0142upia-River-in-Charn\u00f3w-R7.-A10.jpg\" width=\"483\" height=\"599\" alt=\"\" \/><\/a><\/div><div class=\"rl-gallery-item\"><a href=\"https:\/\/sbt.ug.edu.pl\/wp-content\/uploads\/2019\/07\/5.-S\u0142upia-Valley-R7.-A10.jpg\" title=\"5. Special area for the protection of the habitats of the S\u0142upia Valley.; author: Micha\u0142 Przybylski; License: CC BY-SA 3.0 PL\" data-rl_title=\"5. Special area for the protection of the habitats of the S\u0142upia Valley.; author: Micha\u0142 Przybylski; License: CC BY-SA 3.0 PL\" class=\"rl-gallery-link\" data-rl_caption=\"\" data-rel=\"lightbox-gallery-1\"><img src=\"https:\/\/sbt.ug.edu.pl\/wp-content\/uploads\/2019\/07\/5.-S\u0142upia-Valley-R7.-A10-768x511.jpg\" width=\"640\" height=\"426\" alt=\"\" \/><\/a><\/div> <\/div> <\/div><\/code><\/p>\n<p><a href=\"https:\/\/southbaltic-tourist.eu\/wp-content\/uploads\/2019\/08\/Photos-sources-data-R7.pdf\">Photos sources data R7<\/a><\/p>\n<p>&nbsp; <\/p>","protected":false},"excerpt":{"rendered":"<p>Atsipra\u0161ome, \u0161is puslapis galimas tik Jungtini\u0173 Valstij\u0173 Angl\u0173, Vokie\u010di\u0173 ir Lenk\u0173. For the sake of viewer convenience, the content is shown below in this site default language. You may click one of the links to switch the site language to another available language. LOCATION Springing up somewhere in the Kashubian Lake District\u2019s peat moor and [&hellip;]<\/p>\n","protected":false},"author":3,"featured_media":0,"parent":488,"menu_order":0,"comment_status":"closed","ping_status":"closed","template":"","meta":[],"categories":[34,12,30],"tags":[],"_links":{"self":[{"href":"https:\/\/sbt.ug.edu.pl\/lt\/wp-json\/wp\/v2\/pages\/623"}],"collection":[{"href":"https:\/\/sbt.ug.edu.pl\/lt\/wp-json\/wp\/v2\/pages"}],"about":[{"href":"https:\/\/sbt.ug.edu.pl\/lt\/wp-json\/wp\/v2\/types\/page"}],"author":[{"embeddable":true,"href":"https:\/\/sbt.ug.edu.pl\/lt\/wp-json\/wp\/v2\/users\/3"}],"replies":[{"embeddable":true,"href":"https:\/\/sbt.ug.edu.pl\/lt\/wp-json\/wp\/v2\/comments?post=623"}],"version-history":[{"count":6,"href":"https:\/\/sbt.ug.edu.pl\/lt\/wp-json\/wp\/v2\/pages\/623\/revisions"}],"predecessor-version":[{"id":4536,"href":"https:\/\/sbt.ug.edu.pl\/lt\/wp-json\/wp\/v2\/pages\/623\/revisions\/4536"}],"up":[{"embeddable":true,"href":"https:\/\/sbt.ug.edu.pl\/lt\/wp-json\/wp\/v2\/pages\/488"}],"wp:attachment":[{"href":"https:\/\/sbt.ug.edu.pl\/lt\/wp-json\/wp\/v2\/media?parent=623"}],"wp:term":[{"taxonomy":"category","embeddable":true,"href":"https:\/\/sbt.ug.edu.pl\/lt\/wp-json\/wp\/v2\/categories?post=623"},{"taxonomy":"post_tag","embeddable":true,"href":"https:\/\/sbt.ug.edu.pl\/lt\/wp-json\/wp\/v2\/tags?post=623"}],"curies":[{"name":"wp","href":"https:\/\/api.w.org\/{rel}","templated":true}]}}