{"id":628,"date":"2018-12-23T17:27:32","date_gmt":"2018-12-23T16:27:32","guid":{"rendered":"http:\/\/southbaltic-tourist.eu\/?page_id=628"},"modified":"2019-08-17T18:54:58","modified_gmt":"2019-08-17T16:54:58","slug":"12-hel-peninsula-biking-route","status":"publish","type":"page","link":"https:\/\/sbt.ug.edu.pl\/lt\/routes\/wildlife-nature-trails-folkuniversitetet-sweden\/12-hel-peninsula-biking-route\/","title":{"rendered":"12. Hel Peninsula Biking Route"},"content":{"rendered":"<p class=\"qtranxs-available-languages-message qtranxs-available-languages-message-lt\">Atsipra\u0161ome, \u0161is puslapis galimas tik <a href=\"https:\/\/sbt.ug.edu.pl\/en\/wp-json\/wp\/v2\/pages\/628\" class=\"qtranxs-available-language-link qtranxs-available-language-link-en\" title=\"English\">Jungtini\u0173 Valstij\u0173 Angl\u0173<\/a>, <a href=\"https:\/\/sbt.ug.edu.pl\/de\/wp-json\/wp\/v2\/pages\/628\" class=\"qtranxs-available-language-link qtranxs-available-language-link-de\" title=\"Deutsch\">Vokie\u010di\u0173<\/a> ir <a href=\"https:\/\/sbt.ug.edu.pl\/pl\/wp-json\/wp\/v2\/pages\/628\" class=\"qtranxs-available-language-link qtranxs-available-language-link-pl\" title=\"Polski\">Lenk\u0173<\/a>. For the sake of viewer convenience, the content is shown below in this site default language. You may click one of the links to switch the site language to another available language.<\/p><p><\/p>\n<p style=\"text-align: justify;\"><strong>LOCATION<\/strong><\/p>\n<p style=\"text-align: justify;\">Hel Peninsula Biking Route starts in W\u0142adys\u0142awowo, at the base of the peninsula and ends in the town of Hel \u2013 the final sea port on the route. It can be accessed from all surfing spots on the peninsula. This biking route is in close proximity to the Tricity area (Gda\u0144sk-Sopot-Gdynia) in the Pomerania region of Poland (Hel is located approximately 30 km from Gdynia). It can be reached by local trains that set off from Gdynia and allow you to carry bikes, and it is also accessible by road.<\/p>\n<p style=\"text-align: justify;\">The Gdansk area is accessible by two ferry connections from Sweden: Karlskrona-Gdynia and Nyn\u00e4shamn \u2013 Gda\u0144sk (Gda\u0144sk has an international airport).<\/p>\n<p style=\"text-align: justify;\">W\u0142adys\u0142awowo\u2019s (the starting point) geographical location is 54\u00b048\u2032N\u00a018\u00b025\u2032E.<\/p>\n<p><img decoding=\"async\" loading=\"lazy\" class=\"alignnone wp-image-2909 size-full\" src=\"https:\/\/southbaltic-tourist.eu\/wp-content\/uploads\/2019\/07\/1.-Hel-Peninsula-beach-on-the-headland-R7.-A12.jpg\" alt=\"\" width=\"1600\" height=\"1200\" srcset=\"https:\/\/sbt.ug.edu.pl\/wp-content\/uploads\/2019\/07\/1.-Hel-Peninsula-beach-on-the-headland-R7.-A12.jpg 1600w, https:\/\/sbt.ug.edu.pl\/wp-content\/uploads\/2019\/07\/1.-Hel-Peninsula-beach-on-the-headland-R7.-A12-300x225.jpg 300w, https:\/\/sbt.ug.edu.pl\/wp-content\/uploads\/2019\/07\/1.-Hel-Peninsula-beach-on-the-headland-R7.-A12-768x576.jpg 768w, https:\/\/sbt.ug.edu.pl\/wp-content\/uploads\/2019\/07\/1.-Hel-Peninsula-beach-on-the-headland-R7.-A12-1024x768.jpg 1024w, https:\/\/sbt.ug.edu.pl\/wp-content\/uploads\/2019\/07\/1.-Hel-Peninsula-beach-on-the-headland-R7.-A12-150x113.jpg 150w, https:\/\/sbt.ug.edu.pl\/wp-content\/uploads\/2019\/07\/1.-Hel-Peninsula-beach-on-the-headland-R7.-A12-136x102.jpg 136w\" sizes=\"(max-width: 1600px) 100vw, 1600px\" \/><\/p>\n<p style=\"text-align: justify;\"><strong>BIKING HEL PENINSULA <\/strong><\/p>\n<p style=\"text-align: justify;\">The biking route on Hel peninsula is perhaps one of the most scenic in Poland. The beginning of the route in W\u0142adys\u0142awowo may not appear very special at first, but once the route has finished running parallel to the main peninsula road, it turns towards the fishing port of Chalupy and from here on in it becomes much more interesting. Cyclists can observe bobbin fishing boats, windsurfers and kitesurfers darting on the surface waters, and holidaymakers spending time on the shore. The route then runs alongside the quay and comes close to fish taverns and bars. From Cha\u0142upy to Ku\u017anice the biking route borders the sea. When the sky is blue, the water reflects this colour and shines in the sun. As it approaches Jastarnia the route goes in and out of the forest. When bikers finally reach Hel town \u2013 a settlement equally associated with naval and fishing activity \u2013 there are many bars and restaurants where they can eat fresh fish from that morning\u2019s catch.<\/p>\n<p style=\"text-align: justify;\"><strong>ATTRACTIONS NEARBY<\/strong><\/p>\n<p style=\"text-align: justify;\">Hel Peninsula is an interesting summer holiday location and guests come not only from Poland but other countries too. Hel town is home to a Marine Station that breeds Baltic Sea seals and also helps rehabilitate lost or injured individuals. The re-introduction of this rare species has proved to be successful and the station\u2019s visitors can observe different activities connected with seal breeding. Another kite and windsurfing hotspot Rewa is also located close to biking route. Public transport runs frequently to and from Hel Peninsula and allows tourists to go on day trips or short breaks to Gdansk, Sopot or Gdynia. The Tricity area offers numerous sightseeing points and places of interest, for example: The Solidarity Museum, The WW2 Museum, Marine Museums, the historical Old Town district in Gdansk and the relaxing resort of Sopot.<\/p>\n<p><code><div class=\"rl-gallery-container rl-loading\" id=\"rl-gallery-container-1\" data-gallery_id=\"2908\"> <div class=\"rl-gallery rl-basicgrid-gallery \" id=\"rl-gallery-1\" data-gallery_no=\"1\"> <div class=\"rl-gallery-item\"><a href=\"https:\/\/sbt.ug.edu.pl\/wp-content\/uploads\/2019\/07\/1.-Hel-Peninsula-beach-on-the-headland-R7.-A12.jpg\" title=\"1. Hel Peninsula - beach on the headland; author: Bart\u0142omiej Bulicz; License: CC BY-SA 3.0\" data-rl_title=\"1. Hel Peninsula - beach on the headland; author: Bart\u0142omiej Bulicz; License: CC BY-SA 3.0\" class=\"rl-gallery-link\" data-rl_caption=\"\" data-rel=\"lightbox-gallery-1\"><img src=\"https:\/\/sbt.ug.edu.pl\/wp-content\/uploads\/2019\/07\/1.-Hel-Peninsula-beach-on-the-headland-R7.-A12-768x576.jpg\" width=\"640\" height=\"480\" alt=\"\" \/><\/a><\/div><div class=\"rl-gallery-item\"><a href=\"https:\/\/sbt.ug.edu.pl\/wp-content\/uploads\/2019\/07\/2.-Wladyslawowo-R7.-A12.jpg\" title=\"2. Wladyslawowo; author: Krzysztof; License: CC BY-SA 3.0\" data-rl_title=\"2. Wladyslawowo; author: Krzysztof; License: CC BY-SA 3.0\" class=\"rl-gallery-link\" data-rl_caption=\"\" data-rel=\"lightbox-gallery-1\"><img src=\"https:\/\/sbt.ug.edu.pl\/wp-content\/uploads\/2019\/07\/2.-Wladyslawowo-R7.-A12-768x576.jpg\" width=\"640\" height=\"480\" alt=\"\" \/><\/a><\/div><div class=\"rl-gallery-item\"><a href=\"https:\/\/sbt.ug.edu.pl\/wp-content\/uploads\/2019\/07\/3.-Beach-in-Ku\u017anica-R7.-A12.jpg\" title=\"3. Beach in Ku\u017anica; author: Jan Jerszy\u0144ski; License: CC BY-SA 2.5\" data-rl_title=\"3. Beach in Ku\u017anica; author: Jan Jerszy\u0144ski; License: CC BY-SA 2.5\" class=\"rl-gallery-link\" data-rl_caption=\"\" data-rel=\"lightbox-gallery-1\"><img src=\"https:\/\/sbt.ug.edu.pl\/wp-content\/uploads\/2019\/07\/3.-Beach-in-Ku\u017anica-R7.-A12-768x576.jpg\" width=\"640\" height=\"480\" alt=\"\" \/><\/a><\/div><div class=\"rl-gallery-item\"><a href=\"https:\/\/sbt.ug.edu.pl\/wp-content\/uploads\/2019\/07\/4.-Bay-of-Puck-R7.-A12.jpg\" title=\"4. Pilgrimage of fishermen to Puck for a church fair, Bay of Puck; author: Kszysztof ; License: CC BY-SA 3.0\" data-rl_title=\"4. Pilgrimage of fishermen to Puck for a church fair, Bay of Puck; author: Kszysztof ; License: CC BY-SA 3.0\" class=\"rl-gallery-link\" data-rl_caption=\"\" data-rel=\"lightbox-gallery-1\"><img src=\"https:\/\/sbt.ug.edu.pl\/wp-content\/uploads\/2019\/07\/4.-Bay-of-Puck-R7.-A12-768x555.jpg\" width=\"640\" height=\"463\" alt=\"\" \/><\/a><\/div><div class=\"rl-gallery-item\"><a href=\"https:\/\/sbt.ug.edu.pl\/wp-content\/uploads\/2019\/07\/5.-Sunset-on-Hel-Peninsula-R7.-A12.jpg\" title=\"5. Sunset on Hel Peninsula; author: vi82; License: Fre for commercil use\" data-rl_title=\"5. Sunset on Hel Peninsula; author: vi82; License: Fre for commercil use\" class=\"rl-gallery-link\" data-rl_caption=\"\" data-rel=\"lightbox-gallery-1\"><img src=\"https:\/\/sbt.ug.edu.pl\/wp-content\/uploads\/2019\/07\/5.-Sunset-on-Hel-Peninsula-R7.-A12-768x514.jpg\" width=\"640\" height=\"428\" alt=\"\" \/><\/a><\/div><div class=\"rl-gallery-item\"><a href=\"https:\/\/sbt.ug.edu.pl\/wp-content\/uploads\/2019\/07\/6.-Hel-Bike-Trail-R7.A13..jpg\" title=\"6. Hel Bike Trail, author: Przemyslaw Kulawczuk \/ BHR\" data-rl_title=\"6. Hel Bike Trail, author: Przemyslaw Kulawczuk \/ BHR\" class=\"rl-gallery-link\" data-rl_caption=\"\" data-rel=\"lightbox-gallery-1\"><img src=\"https:\/\/sbt.ug.edu.pl\/wp-content\/uploads\/2019\/07\/6.-Hel-Bike-Trail-R7.A13.-768x509.jpg\" width=\"640\" height=\"424\" alt=\"\" \/><\/a><\/div><div class=\"rl-gallery-item\"><a href=\"https:\/\/sbt.ug.edu.pl\/wp-content\/uploads\/2019\/07\/7.-Hel-Bike-Trail-R7.A12..jpg\" title=\"7. Hel Bike Trail, author: Przemyslaw Kulawczuk \/ BHR\" data-rl_title=\"7. Hel Bike Trail, author: Przemyslaw Kulawczuk \/ BHR\" class=\"rl-gallery-link\" data-rl_caption=\"\" data-rel=\"lightbox-gallery-1\"><img src=\"https:\/\/sbt.ug.edu.pl\/wp-content\/uploads\/2019\/07\/7.-Hel-Bike-Trail-R7.A12.-768x509.jpg\" width=\"640\" height=\"424\" alt=\"\" \/><\/a><\/div><div class=\"rl-gallery-item\"><a href=\"https:\/\/sbt.ug.edu.pl\/wp-content\/uploads\/2019\/07\/8.-Sea-view-in-Ku\u017anice-R7.A12..jpg\" title=\"8. Sea view in Ku\u017anice, author: Przemyslaw Kulawczuk \/ BHR\" data-rl_title=\"8. Sea view in Ku\u017anice, author: Przemyslaw Kulawczuk \/ BHR\" class=\"rl-gallery-link\" data-rl_caption=\"\" data-rel=\"lightbox-gallery-1\"><img src=\"https:\/\/sbt.ug.edu.pl\/wp-content\/uploads\/2019\/07\/8.-Sea-view-in-Ku\u017anice-R7.A12.-768x509.jpg\" width=\"640\" height=\"424\" alt=\"\" \/><\/a><\/div><div class=\"rl-gallery-item\"><a href=\"https:\/\/sbt.ug.edu.pl\/wp-content\/uploads\/2019\/07\/9.-14.-Sea-view-in-Cha\u0142upy-R7.A12..jpg\" title=\"9. Sea view in Cha\u0142upy, author: Przemyslaw Kulawczuk \/ BHR\" data-rl_title=\"9. Sea view in Cha\u0142upy, author: Przemyslaw Kulawczuk \/ BHR\" class=\"rl-gallery-link\" data-rl_caption=\"\" data-rel=\"lightbox-gallery-1\"><img src=\"https:\/\/sbt.ug.edu.pl\/wp-content\/uploads\/2019\/07\/9.-14.-Sea-view-in-Cha\u0142upy-R7.A12.-768x509.jpg\" width=\"640\" height=\"424\" alt=\"\" \/><\/a><\/div> <\/div> <\/div><\/code><\/p>\n<p><a href=\"https:\/\/southbaltic-tourist.eu\/wp-content\/uploads\/2019\/08\/Photos-sources-data-R7.pdf\">Photos sources data R7<\/a><\/p>\n<p style=\"text-align: justify;\"><strong>\u00a0<\/strong><\/p>\n<p><strong>\u00a0<\/strong><\/p>\n<p><strong>\u00a0<\/strong> <\/p>","protected":false},"excerpt":{"rendered":"<p>Atsipra\u0161ome, \u0161is puslapis galimas tik Jungtini\u0173 Valstij\u0173 Angl\u0173, Vokie\u010di\u0173 ir Lenk\u0173. For the sake of viewer convenience, the content is shown below in this site default language. You may click one of the links to switch the site language to another available language. LOCATION Hel Peninsula Biking Route starts in W\u0142adys\u0142awowo, at the base of [&hellip;]<\/p>\n","protected":false},"author":3,"featured_media":0,"parent":488,"menu_order":0,"comment_status":"closed","ping_status":"closed","template":"","meta":[],"categories":[34,13,30],"tags":[],"_links":{"self":[{"href":"https:\/\/sbt.ug.edu.pl\/lt\/wp-json\/wp\/v2\/pages\/628"}],"collection":[{"href":"https:\/\/sbt.ug.edu.pl\/lt\/wp-json\/wp\/v2\/pages"}],"about":[{"href":"https:\/\/sbt.ug.edu.pl\/lt\/wp-json\/wp\/v2\/types\/page"}],"author":[{"embeddable":true,"href":"https:\/\/sbt.ug.edu.pl\/lt\/wp-json\/wp\/v2\/users\/3"}],"replies":[{"embeddable":true,"href":"https:\/\/sbt.ug.edu.pl\/lt\/wp-json\/wp\/v2\/comments?post=628"}],"version-history":[{"count":5,"href":"https:\/\/sbt.ug.edu.pl\/lt\/wp-json\/wp\/v2\/pages\/628\/revisions"}],"predecessor-version":[{"id":4538,"href":"https:\/\/sbt.ug.edu.pl\/lt\/wp-json\/wp\/v2\/pages\/628\/revisions\/4538"}],"up":[{"embeddable":true,"href":"https:\/\/sbt.ug.edu.pl\/lt\/wp-json\/wp\/v2\/pages\/488"}],"wp:attachment":[{"href":"https:\/\/sbt.ug.edu.pl\/lt\/wp-json\/wp\/v2\/media?parent=628"}],"wp:term":[{"taxonomy":"category","embeddable":true,"href":"https:\/\/sbt.ug.edu.pl\/lt\/wp-json\/wp\/v2\/categories?post=628"},{"taxonomy":"post_tag","embeddable":true,"href":"https:\/\/sbt.ug.edu.pl\/lt\/wp-json\/wp\/v2\/tags?post=628"}],"curies":[{"name":"wp","href":"https:\/\/api.w.org\/{rel}","templated":true}]}}