{"id":630,"date":"2018-12-23T17:28:51","date_gmt":"2018-12-23T16:28:51","guid":{"rendered":"http:\/\/southbaltic-tourist.eu\/?page_id=630"},"modified":"2019-08-17T18:55:55","modified_gmt":"2019-08-17T16:55:55","slug":"13-kashubian-lakes-kayaking","status":"publish","type":"page","link":"https:\/\/sbt.ug.edu.pl\/lt\/routes\/wildlife-nature-trails-folkuniversitetet-sweden\/13-kashubian-lakes-kayaking\/","title":{"rendered":"13. Kashubian Lakes Kayaking"},"content":{"rendered":"<p class=\"qtranxs-available-languages-message qtranxs-available-languages-message-lt\">Atsipra\u0161ome, \u0161is puslapis galimas tik <a href=\"https:\/\/sbt.ug.edu.pl\/en\/wp-json\/wp\/v2\/pages\/630\" class=\"qtranxs-available-language-link qtranxs-available-language-link-en\" title=\"English\">Jungtini\u0173 Valstij\u0173 Angl\u0173<\/a>, <a href=\"https:\/\/sbt.ug.edu.pl\/de\/wp-json\/wp\/v2\/pages\/630\" class=\"qtranxs-available-language-link qtranxs-available-language-link-de\" title=\"Deutsch\">Vokie\u010di\u0173<\/a> ir <a href=\"https:\/\/sbt.ug.edu.pl\/pl\/wp-json\/wp\/v2\/pages\/630\" class=\"qtranxs-available-language-link qtranxs-available-language-link-pl\" title=\"Polski\">Lenk\u0173<\/a>. For the sake of viewer convenience, the content is shown below in this site default language. You may click one of the links to switch the site language to another available language.<\/p><p><\/p>\n<p style=\"text-align: justify;\"><strong>LOCATION<\/strong><\/p>\n<p style=\"text-align: justify;\">The Kashubian lakes are a part of the the Kashubian Lake District, which is in the Eastern Lake District \u2013 the northernmost of all Pomeranian lake districts. It is a land of vast forests, rolling meadows, scenic villages and boulder-strewn ravines. There are countless picturesque lakes with little islands and peninsulas. The region&#8217;s biggest asset, besides the calm and quiet, is fresh air and clean water.<\/p>\n<p><img decoding=\"async\" loading=\"lazy\" class=\"alignnone wp-image-2919 size-full\" src=\"https:\/\/southbaltic-tourist.eu\/wp-content\/uploads\/2019\/07\/1.-Lake-Klodno-in-Poland-R7.-A13.jpg\" alt=\"\" width=\"1600\" height=\"1071\" srcset=\"https:\/\/sbt.ug.edu.pl\/wp-content\/uploads\/2019\/07\/1.-Lake-Klodno-in-Poland-R7.-A13.jpg 1600w, https:\/\/sbt.ug.edu.pl\/wp-content\/uploads\/2019\/07\/1.-Lake-Klodno-in-Poland-R7.-A13-300x201.jpg 300w, https:\/\/sbt.ug.edu.pl\/wp-content\/uploads\/2019\/07\/1.-Lake-Klodno-in-Poland-R7.-A13-768x514.jpg 768w, https:\/\/sbt.ug.edu.pl\/wp-content\/uploads\/2019\/07\/1.-Lake-Klodno-in-Poland-R7.-A13-1024x685.jpg 1024w, https:\/\/sbt.ug.edu.pl\/wp-content\/uploads\/2019\/07\/1.-Lake-Klodno-in-Poland-R7.-A13-150x100.jpg 150w\" sizes=\"(max-width: 1600px) 100vw, 1600px\" \/><\/p>\n<p style=\"text-align: justify;\"><strong>KAYAKER\u2019S FAVOURITE<\/strong><\/p>\n<p style=\"text-align: justify;\">It is no wonder that the Kashubian Lakes attract flocks of kayakers. A particularly popular part of the reserve, very often chosen by kayakers, is The Radu\u0144skie Circle near Chmielno, consisting of 14 lakes which form a 40km long string shaped in an uneven circle. The lakes fill deep glacier-carved troughs. Their shores are steep and covered by beech and pine forests. Such scenery brings to mind a mountain landscape, which in this area is truly uncommon. There is also an interesting kayaking trail which takes in ten of the lakes.<\/p>\n<p style=\"text-align: justify;\"><strong>ATTRACTIONS <\/strong><\/p>\n<p style=\"text-align: justify;\">Lake Wdzydze forms a cross shape when seen from a bird\u2019s-eye view. Where its arms meet, the ancient village of Wdzydze Kiszewskie lies on the northern shore. The lake has eight islands, the largest of which &#8211; Ostr\u00f3w &#8211; is renowned for the Kashubian Ethnographic Park located on its eastern fringes. Its collection of 30 traditional wooden buildings from the 17th-19th centuries is an important heritage of a Slaw ethnic group from Pomerania. It includes several ornate houses, fishermen&#8217;s huts, a Dutch windmill, a school, a manor house and a small church. The island also plays host to summer sailing and windsurfing regattas, which have transformed the village into a lively tourist spot. Visiting Chmielno you definitely have to see the Museum of Kashubian Ceramics established by the Necel family, famous potters of Pomerania. Another attraction in the region is the 14th-century Gothic Carthusian Church, which doesn\u2019t have aisles but just a nave.<\/p>\n<p><code><div class=\"rl-gallery-container rl-loading\" id=\"rl-gallery-container-1\" data-gallery_id=\"2918\"> <div class=\"rl-gallery rl-basicgrid-gallery \" id=\"rl-gallery-1\" data-gallery_no=\"1\"> <div class=\"rl-gallery-item\"><a href=\"https:\/\/sbt.ug.edu.pl\/wp-content\/uploads\/2019\/07\/1.-Lake-Klodno-in-Poland-R7.-A13.jpg\" title=\"1. Lake Klodno in Poland; author: Polimerek; License: CC BY-SA 3.0\" data-rl_title=\"1. Lake Klodno in Poland; author: Polimerek; License: CC BY-SA 3.0\" class=\"rl-gallery-link\" data-rl_caption=\"\" data-rel=\"lightbox-gallery-1\"><img src=\"https:\/\/sbt.ug.edu.pl\/wp-content\/uploads\/2019\/07\/1.-Lake-Klodno-in-Poland-R7.-A13-768x514.jpg\" width=\"640\" height=\"428\" alt=\"\" \/><\/a><\/div><div class=\"rl-gallery-item\"><a href=\"https:\/\/sbt.ug.edu.pl\/wp-content\/uploads\/2019\/07\/2.-Ostrzyckie-Lake-R7.-A13.jpg\" title=\"2. A view from the Wie\u017cyca mountain to Ostrzyckie Lake; author: kkic; License: CC BY-SA 3.0\" data-rl_title=\"2. A view from the Wie\u017cyca mountain to Ostrzyckie Lake; author: kkic; License: CC BY-SA 3.0\" class=\"rl-gallery-link\" data-rl_caption=\"\" data-rel=\"lightbox-gallery-1\"><img src=\"https:\/\/sbt.ug.edu.pl\/wp-content\/uploads\/2019\/07\/2.-Ostrzyckie-Lake-R7.-A13-768x575.jpg\" width=\"640\" height=\"479\" alt=\"\" \/><\/a><\/div><div class=\"rl-gallery-item\"><a href=\"https:\/\/sbt.ug.edu.pl\/wp-content\/uploads\/2019\/07\/3.-Radu\u0144skie-G\u00f3rne-Lake-R7.-A13.jpg\" title=\"3. Radu\u0144skie G\u00f3rne Lake; author: Pomuchelskopp; License: CC BY-SA 4.0\" data-rl_title=\"3. Radu\u0144skie G\u00f3rne Lake; author: Pomuchelskopp; License: CC BY-SA 4.0\" class=\"rl-gallery-link\" data-rl_caption=\"\" data-rel=\"lightbox-gallery-1\"><img src=\"https:\/\/sbt.ug.edu.pl\/wp-content\/uploads\/2019\/07\/3.-Radu\u0144skie-G\u00f3rne-Lake-R7.-A13-768x576.jpg\" width=\"640\" height=\"480\" alt=\"\" \/><\/a><\/div><div class=\"rl-gallery-item\"><a href=\"https:\/\/sbt.ug.edu.pl\/wp-content\/uploads\/2019\/07\/4.-Lake-Wdzydze-R7.-A13.jpg\" title=\"4. Lake Wdzydze; author: Pjhar; License: CC BY-SA 2.5\" data-rl_title=\"4. Lake Wdzydze; author: Pjhar; License: CC BY-SA 2.5\" class=\"rl-gallery-link\" data-rl_caption=\"\" data-rel=\"lightbox-gallery-1\"><img src=\"https:\/\/sbt.ug.edu.pl\/wp-content\/uploads\/2019\/07\/4.-Lake-Wdzydze-R7.-A13-768x576.jpg\" width=\"640\" height=\"480\" alt=\"\" \/><\/a><\/div><div class=\"rl-gallery-item\"><a href=\"https:\/\/sbt.ug.edu.pl\/wp-content\/uploads\/2019\/07\/5.-Osowskie-Lake-R7.-A13.jpg\" title=\"5. Osowskie Lake; author: Cioccolatino; License: Free to use\" data-rl_title=\"5. Osowskie Lake; author: Cioccolatino; License: Free to use\" class=\"rl-gallery-link\" data-rl_caption=\"\" data-rel=\"lightbox-gallery-1\"><img src=\"https:\/\/sbt.ug.edu.pl\/wp-content\/uploads\/2019\/07\/5.-Osowskie-Lake-R7.-A13-768x576.jpg\" width=\"640\" height=\"480\" alt=\"\" \/><\/a><\/div><div class=\"rl-gallery-item\"><a href=\"https:\/\/sbt.ug.edu.pl\/wp-content\/uploads\/2019\/07\/6.-Radu\u0144skie-Dolne-Lake-R7.-A13.jpg\" title=\"6. Radu\u0144skie Dolne Lake; author: altotemi; License: CC BY-SA 2.0\" data-rl_title=\"6. Radu\u0144skie Dolne Lake; author: altotemi; License: CC BY-SA 2.0\" class=\"rl-gallery-link\" data-rl_caption=\"\" data-rel=\"lightbox-gallery-1\"><img src=\"https:\/\/sbt.ug.edu.pl\/wp-content\/uploads\/2019\/07\/6.-Radu\u0144skie-Dolne-Lake-R7.-A13-768x576.jpg\" width=\"640\" height=\"480\" alt=\"\" \/><\/a><\/div> <\/div> <\/div><\/code><\/p>\n<p><a href=\"https:\/\/southbaltic-tourist.eu\/wp-content\/uploads\/2019\/08\/Photos-sources-data-R7.pdf\">Photos sources data R7<\/a><\/p>\n<p>&nbsp;<\/p>\n<p>&nbsp;<\/p>\n<p>&nbsp;<\/p>\n<p>&nbsp;<\/p>\n<p>&nbsp;<\/p>\n<p>&nbsp;<\/p>\n<p>&nbsp; <\/p>","protected":false},"excerpt":{"rendered":"<p>Atsipra\u0161ome, \u0161is puslapis galimas tik Jungtini\u0173 Valstij\u0173 Angl\u0173, Vokie\u010di\u0173 ir Lenk\u0173. For the sake of viewer convenience, the content is shown below in this site default language. You may click one of the links to switch the site language to another available language. LOCATION The Kashubian lakes are a part of the the Kashubian Lake [&hellip;]<\/p>\n","protected":false},"author":3,"featured_media":0,"parent":488,"menu_order":0,"comment_status":"closed","ping_status":"closed","template":"","meta":[],"categories":[34,12,30],"tags":[],"_links":{"self":[{"href":"https:\/\/sbt.ug.edu.pl\/lt\/wp-json\/wp\/v2\/pages\/630"}],"collection":[{"href":"https:\/\/sbt.ug.edu.pl\/lt\/wp-json\/wp\/v2\/pages"}],"about":[{"href":"https:\/\/sbt.ug.edu.pl\/lt\/wp-json\/wp\/v2\/types\/page"}],"author":[{"embeddable":true,"href":"https:\/\/sbt.ug.edu.pl\/lt\/wp-json\/wp\/v2\/users\/3"}],"replies":[{"embeddable":true,"href":"https:\/\/sbt.ug.edu.pl\/lt\/wp-json\/wp\/v2\/comments?post=630"}],"version-history":[{"count":6,"href":"https:\/\/sbt.ug.edu.pl\/lt\/wp-json\/wp\/v2\/pages\/630\/revisions"}],"predecessor-version":[{"id":4539,"href":"https:\/\/sbt.ug.edu.pl\/lt\/wp-json\/wp\/v2\/pages\/630\/revisions\/4539"}],"up":[{"embeddable":true,"href":"https:\/\/sbt.ug.edu.pl\/lt\/wp-json\/wp\/v2\/pages\/488"}],"wp:attachment":[{"href":"https:\/\/sbt.ug.edu.pl\/lt\/wp-json\/wp\/v2\/media?parent=630"}],"wp:term":[{"taxonomy":"category","embeddable":true,"href":"https:\/\/sbt.ug.edu.pl\/lt\/wp-json\/wp\/v2\/categories?post=630"},{"taxonomy":"post_tag","embeddable":true,"href":"https:\/\/sbt.ug.edu.pl\/lt\/wp-json\/wp\/v2\/tags?post=630"}],"curies":[{"name":"wp","href":"https:\/\/api.w.org\/{rel}","templated":true}]}}