{"id":633,"date":"2018-12-23T17:30:50","date_gmt":"2018-12-23T16:30:50","guid":{"rendered":"http:\/\/southbaltic-tourist.eu\/?page_id=633"},"modified":"2019-08-17T18:57:00","modified_gmt":"2019-08-17T16:57:00","slug":"14-drawa-kayak-float","status":"publish","type":"page","link":"https:\/\/sbt.ug.edu.pl\/lt\/routes\/wildlife-nature-trails-folkuniversitetet-sweden\/14-drawa-kayak-float\/","title":{"rendered":"14. Drawa Kayak Float"},"content":{"rendered":"<p class=\"qtranxs-available-languages-message qtranxs-available-languages-message-lt\">Atsipra\u0161ome, \u0161is puslapis galimas tik <a href=\"https:\/\/sbt.ug.edu.pl\/en\/wp-json\/wp\/v2\/pages\/633\" class=\"qtranxs-available-language-link qtranxs-available-language-link-en\" title=\"English\">Jungtini\u0173 Valstij\u0173 Angl\u0173<\/a>, <a href=\"https:\/\/sbt.ug.edu.pl\/de\/wp-json\/wp\/v2\/pages\/633\" class=\"qtranxs-available-language-link qtranxs-available-language-link-de\" title=\"Deutsch\">Vokie\u010di\u0173<\/a> ir <a href=\"https:\/\/sbt.ug.edu.pl\/pl\/wp-json\/wp\/v2\/pages\/633\" class=\"qtranxs-available-language-link qtranxs-available-language-link-pl\" title=\"Polski\">Lenk\u0173<\/a>. For the sake of viewer convenience, the content is shown below in this site default language. You may click one of the links to switch the site language to another available language.<\/p><p><\/p>\n<p style=\"text-align: justify;\"><strong>LOCATION<\/strong><\/p>\n<p style=\"text-align: justify;\">The Drawa is a popular aquatic trail that takes in extraordinary landscapes. It is a tributary of the Note\u0107 River and has its source at Krzywe Lake (in Dolina Pi\u0119ciu Jezior Nature Reserve). It then flows across Drawski Landscape Park, Drawie\u0144ski National Park and Drawski forest.<\/p>\n<p><img decoding=\"async\" loading=\"lazy\" class=\"alignnone wp-image-2926 size-full\" src=\"https:\/\/southbaltic-tourist.eu\/wp-content\/uploads\/2019\/07\/1.-Drawa-River-in-Z\u0142ocieniec-R7.-A14.jpg\" alt=\"\" width=\"1600\" height=\"1063\" srcset=\"https:\/\/sbt.ug.edu.pl\/wp-content\/uploads\/2019\/07\/1.-Drawa-River-in-Z\u0142ocieniec-R7.-A14.jpg 1600w, https:\/\/sbt.ug.edu.pl\/wp-content\/uploads\/2019\/07\/1.-Drawa-River-in-Z\u0142ocieniec-R7.-A14-300x199.jpg 300w, https:\/\/sbt.ug.edu.pl\/wp-content\/uploads\/2019\/07\/1.-Drawa-River-in-Z\u0142ocieniec-R7.-A14-768x510.jpg 768w, https:\/\/sbt.ug.edu.pl\/wp-content\/uploads\/2019\/07\/1.-Drawa-River-in-Z\u0142ocieniec-R7.-A14-1024x680.jpg 1024w, https:\/\/sbt.ug.edu.pl\/wp-content\/uploads\/2019\/07\/1.-Drawa-River-in-Z\u0142ocieniec-R7.-A14-150x100.jpg 150w\" sizes=\"(max-width: 1600px) 100vw, 1600px\" \/><\/p>\n<p style=\"text-align: justify;\"><strong>DIVERSE FLOAT ROUTE<\/strong><\/p>\n<p style=\"text-align: justify;\">The most popular kayaking course on Drawa usually starts from Stary Drawsk, where Drahim Castle overlooks the village. The hardiest kayakers, however, start from Czaplinek and cross the lake, often battling the wind. The water here is so clean that you can see the river bottom. As you arrive in the village of G\u0142\u0119boczek, you can admire its historical watermill.<\/p>\n<p style=\"text-align: justify;\">Bory Karwickie is next and probably the most interesting part of the course. As you enter the water of Lubie Lake you will find yourself in a paradise. Due to a much steeper gradient the current is much stronger and the river flows with more power. The scenery at this point is truly unforgettable thanks to fallen beeches that strewn the winding ravines. Further down the river, for few kilometres, the riverbed is full of yellow water-lilies. At one point kayakers have to cross a closed area &#8211; Drawski Training Ground where an access pass is necessary.<\/p>\n<p style=\"text-align: justify;\"><strong>ATTRACTIONS <\/strong><\/p>\n<p style=\"text-align: justify;\">The Drawa river flows near various historical buildings, like Drahim Castle, built in 1360 by the Order of Saint John and now turned into the museum or Wendel\u2019s Castle from the 14th century. Hydro power stations from the 19<sup>th<\/sup> century, located along the river \u2013 in Boroko, in Gus and a smaller one in M\u0142ynowo \u2013 make an interesting attraction for tourists but an obstacle for kayakers. They have to bypass this hindrance by carrying their kayaks along the river bank, but the industrial atmosphere these power stations create is priceless.<\/p>\n<p style=\"text-align: justify;\">A highlight of the course is entering the Drawie\u0144ski National Park, where you can truly be at one with nature. On one of the banks tourists can encounter one of the biggest glacial erratics in this area &#8211; Wydrzy G\u0142az.<\/p>\n<p style=\"text-align: justify;\"><strong>The Brda river <\/strong><\/p>\n<p style=\"text-align: justify;\">The Brda river and surrounding area is also a nice place to visit, easily accessible for both adults and children. You can start your kayaking on this river at the village of Nowa Brda. In the summer time many tourists come here to enjoy the varied landscape and meadows with special flora along this kayaking course. There are numerous marinas on the river banks where you can relax. You can finish your kayaking in Ma\u0142e Swornegacie with a visit to a good restaurant. You can also rent bicycles here.<\/p>\n<p><code><div class=\"rl-gallery-container rl-loading\" id=\"rl-gallery-container-1\" data-gallery_id=\"2925\"> <div class=\"rl-gallery rl-basicgrid-gallery \" id=\"rl-gallery-1\" data-gallery_no=\"1\"> <div class=\"rl-gallery-item\"><a href=\"https:\/\/sbt.ug.edu.pl\/wp-content\/uploads\/2019\/07\/1.-Drawa-River-in-Z\u0142ocieniec-R7.-A14.jpg\" title=\"1. Drawa River (tributary of the Note\u0107 River) in Z\u0142ocieniec; author: Traper Bemowski; License: CC BY-SA 3.0\" data-rl_title=\"1. Drawa River (tributary of the Note\u0107 River) in Z\u0142ocieniec; author: Traper Bemowski; License: CC BY-SA 3.0\" class=\"rl-gallery-link\" data-rl_caption=\"\" data-rel=\"lightbox-gallery-1\"><img src=\"https:\/\/sbt.ug.edu.pl\/wp-content\/uploads\/2019\/07\/1.-Drawa-River-in-Z\u0142ocieniec-R7.-A14-768x510.jpg\" width=\"640\" height=\"425\" alt=\"\" \/><\/a><\/div><div class=\"rl-gallery-item\"><a href=\"https:\/\/sbt.ug.edu.pl\/wp-content\/uploads\/2019\/07\/2.-Drawa-River-in-Z\u0142ocieniec-R7.-A14.jpg\" title=\"2. The current of the Drawa River (a tributary of the Note\u0107 River) in Z\u0142ocieniec; author: Traper Bemowski; License: CC BY-SA 3.0\" data-rl_title=\"2. The current of the Drawa River (a tributary of the Note\u0107 River) in Z\u0142ocieniec; author: Traper Bemowski; License: CC BY-SA 3.0\" class=\"rl-gallery-link\" data-rl_caption=\"\" data-rel=\"lightbox-gallery-1\"><img src=\"https:\/\/sbt.ug.edu.pl\/wp-content\/uploads\/2019\/07\/2.-Drawa-River-in-Z\u0142ocieniec-R7.-A14-768x510.jpg\" width=\"640\" height=\"425\" alt=\"\" \/><\/a><\/div><div class=\"rl-gallery-item\"><a href=\"https:\/\/sbt.ug.edu.pl\/wp-content\/uploads\/2019\/07\/3.-Bridge-on-the-Drawa-River-R7.-A14.jpg\" title=\"3. Bridge on the Drawa River; author: 7alaskan; License: CC BY-SA 3.0\" data-rl_title=\"3. Bridge on the Drawa River; author: 7alaskan; License: CC BY-SA 3.0\" class=\"rl-gallery-link\" data-rl_caption=\"\" data-rel=\"lightbox-gallery-1\"><img src=\"https:\/\/sbt.ug.edu.pl\/wp-content\/uploads\/2019\/07\/3.-Bridge-on-the-Drawa-River-R7.-A14-768x576.jpg\" width=\"640\" height=\"480\" alt=\"\" \/><\/a><\/div><div class=\"rl-gallery-item\"><a href=\"https:\/\/sbt.ug.edu.pl\/wp-content\/uploads\/2019\/07\/4.-Drawa-River-in-Z\u0142ocieniec-R7.-A14.jpg\" title=\"4. Single coneflower shoot with different stages of flower and fruit development. River Drawa (tributary of the Note\u0107 River) in Z\u0142ocieniec; author: Traper Bemowski; License: CC BY-SA 3.0\" data-rl_title=\"4. Single coneflower shoot with different stages of flower and fruit development. River Drawa (tributary of the Note\u0107 River) in Z\u0142ocieniec; author: Traper Bemowski; License: CC BY-SA 3.0\" class=\"rl-gallery-link\" data-rl_caption=\"\" data-rel=\"lightbox-gallery-1\"><img src=\"https:\/\/sbt.ug.edu.pl\/wp-content\/uploads\/2019\/07\/4.-Drawa-River-in-Z\u0142ocieniec-R7.-A14-768x1365.jpg\" width=\"640\" height=\"1138\" alt=\"\" \/><\/a><\/div><div class=\"rl-gallery-item\"><a href=\"https:\/\/sbt.ug.edu.pl\/wp-content\/uploads\/2019\/07\/5.-Drawa-River-R7.-A14.jpg\" title=\"5. Drawa River; author: 7alaskan; License: CC BY-SA 3.0\" data-rl_title=\"5. Drawa River; author: 7alaskan; License: CC BY-SA 3.0\" class=\"rl-gallery-link\" data-rl_caption=\"\" data-rel=\"lightbox-gallery-1\"><img src=\"https:\/\/sbt.ug.edu.pl\/wp-content\/uploads\/2019\/07\/5.-Drawa-River-R7.-A14-768x576.jpg\" width=\"640\" height=\"480\" alt=\"\" \/><\/a><\/div><div class=\"rl-gallery-item\"><a href=\"https:\/\/sbt.ug.edu.pl\/wp-content\/uploads\/2019\/07\/6.-Hydroelectric-power-plant-in-G\u0142usk-R7.-A14-1.jpg\" title=\"\" data-rl_title=\"\" class=\"rl-gallery-link\" data-rl_caption=\"\" data-rel=\"lightbox-gallery-1\"><img src=\"https:\/\/sbt.ug.edu.pl\/wp-content\/uploads\/2019\/07\/6.-Hydroelectric-power-plant-in-G\u0142usk-R7.-A14-1-768x510.jpg\" width=\"640\" height=\"425\" alt=\"\" \/><\/a><\/div><div class=\"rl-gallery-item\"><a href=\"https:\/\/sbt.ug.edu.pl\/wp-content\/uploads\/2019\/07\/7.-Drawa-at-the-Barnim-camping-site-R7.-A14.jpg\" title=\"7. Drawa at the Barnim camping site; author: 7alaskan; License: CC BY-SA 3.0\" data-rl_title=\"7. Drawa at the Barnim camping site; author: 7alaskan; License: CC BY-SA 3.0\" class=\"rl-gallery-link\" data-rl_caption=\"\" data-rel=\"lightbox-gallery-1\"><img src=\"https:\/\/sbt.ug.edu.pl\/wp-content\/uploads\/2019\/07\/7.-Drawa-at-the-Barnim-camping-site-R7.-A14-768x576.jpg\" width=\"640\" height=\"480\" alt=\"\" \/><\/a><\/div><div class=\"rl-gallery-item\"><a href=\"https:\/\/sbt.ug.edu.pl\/wp-content\/uploads\/2019\/07\/8.-Drawa-River-R7.-A14.jpg\" title=\"8. Drawa river West from bridge between Darskowo and Rz\u0119\u015bnica; author: Kenraiz; License: CC BY-SA 3.0\" data-rl_title=\"8. Drawa river West from bridge between Darskowo and Rz\u0119\u015bnica; author: Kenraiz; License: CC BY-SA 3.0\" class=\"rl-gallery-link\" data-rl_caption=\"\" data-rel=\"lightbox-gallery-1\"><img src=\"https:\/\/sbt.ug.edu.pl\/wp-content\/uploads\/2019\/07\/8.-Drawa-River-R7.-A14-768x511.jpg\" width=\"640\" height=\"426\" alt=\"\" \/><\/a><\/div><div class=\"rl-gallery-item\"><a href=\"https:\/\/sbt.ug.edu.pl\/wp-content\/uploads\/2019\/07\/9.-Drawa-River-R7.-A14.jpg\" title=\"9. Drawa River; author: 7alaskan; License: CC BY-SA 3.0\" data-rl_title=\"9. Drawa River; author: 7alaskan; License: CC BY-SA 3.0\" class=\"rl-gallery-link\" data-rl_caption=\"\" data-rel=\"lightbox-gallery-1\"><img src=\"https:\/\/sbt.ug.edu.pl\/wp-content\/uploads\/2019\/07\/9.-Drawa-River-R7.-A14-768x576.jpg\" width=\"640\" height=\"480\" alt=\"\" \/><\/a><\/div> <\/div> <\/div><\/code><\/p>\n<p><a href=\"https:\/\/southbaltic-tourist.eu\/wp-content\/uploads\/2019\/08\/Photos-sources-data-R7.pdf\">Photos sources data R7<\/a><\/p>\n<p style=\"text-align: justify;\"><strong>\u00a0<\/strong><\/p>\n<p> <\/p>","protected":false},"excerpt":{"rendered":"<p>Atsipra\u0161ome, \u0161is puslapis galimas tik Jungtini\u0173 Valstij\u0173 Angl\u0173, Vokie\u010di\u0173 ir Lenk\u0173. For the sake of viewer convenience, the content is shown below in this site default language. You may click one of the links to switch the site language to another available language. LOCATION The Drawa is a popular aquatic trail that takes in extraordinary [&hellip;]<\/p>\n","protected":false},"author":3,"featured_media":0,"parent":488,"menu_order":0,"comment_status":"closed","ping_status":"closed","template":"","meta":[],"categories":[34,12,30],"tags":[],"_links":{"self":[{"href":"https:\/\/sbt.ug.edu.pl\/lt\/wp-json\/wp\/v2\/pages\/633"}],"collection":[{"href":"https:\/\/sbt.ug.edu.pl\/lt\/wp-json\/wp\/v2\/pages"}],"about":[{"href":"https:\/\/sbt.ug.edu.pl\/lt\/wp-json\/wp\/v2\/types\/page"}],"author":[{"embeddable":true,"href":"https:\/\/sbt.ug.edu.pl\/lt\/wp-json\/wp\/v2\/users\/3"}],"replies":[{"embeddable":true,"href":"https:\/\/sbt.ug.edu.pl\/lt\/wp-json\/wp\/v2\/comments?post=633"}],"version-history":[{"count":5,"href":"https:\/\/sbt.ug.edu.pl\/lt\/wp-json\/wp\/v2\/pages\/633\/revisions"}],"predecessor-version":[{"id":4540,"href":"https:\/\/sbt.ug.edu.pl\/lt\/wp-json\/wp\/v2\/pages\/633\/revisions\/4540"}],"up":[{"embeddable":true,"href":"https:\/\/sbt.ug.edu.pl\/lt\/wp-json\/wp\/v2\/pages\/488"}],"wp:attachment":[{"href":"https:\/\/sbt.ug.edu.pl\/lt\/wp-json\/wp\/v2\/media?parent=633"}],"wp:term":[{"taxonomy":"category","embeddable":true,"href":"https:\/\/sbt.ug.edu.pl\/lt\/wp-json\/wp\/v2\/categories?post=633"},{"taxonomy":"post_tag","embeddable":true,"href":"https:\/\/sbt.ug.edu.pl\/lt\/wp-json\/wp\/v2\/tags?post=633"}],"curies":[{"name":"wp","href":"https:\/\/api.w.org\/{rel}","templated":true}]}}