{"id":635,"date":"2018-12-23T17:32:32","date_gmt":"2018-12-23T16:32:32","guid":{"rendered":"http:\/\/southbaltic-tourist.eu\/?page_id=635"},"modified":"2019-08-17T18:57:55","modified_gmt":"2019-08-17T16:57:55","slug":"15-jasmund-forrest-and-white-cliffs","status":"publish","type":"page","link":"https:\/\/sbt.ug.edu.pl\/lt\/routes\/wildlife-nature-trails-folkuniversitetet-sweden\/15-jasmund-forrest-and-white-cliffs\/","title":{"rendered":"15. Jasmund Forrest And White Cliffs"},"content":{"rendered":"<p class=\"qtranxs-available-languages-message qtranxs-available-languages-message-lt\">Atsipra\u0161ome, \u0161is puslapis galimas tik <a href=\"https:\/\/sbt.ug.edu.pl\/en\/wp-json\/wp\/v2\/pages\/635\" class=\"qtranxs-available-language-link qtranxs-available-language-link-en\" title=\"English\">Jungtini\u0173 Valstij\u0173 Angl\u0173<\/a>, <a href=\"https:\/\/sbt.ug.edu.pl\/de\/wp-json\/wp\/v2\/pages\/635\" class=\"qtranxs-available-language-link qtranxs-available-language-link-de\" title=\"Deutsch\">Vokie\u010di\u0173<\/a> ir <a href=\"https:\/\/sbt.ug.edu.pl\/pl\/wp-json\/wp\/v2\/pages\/635\" class=\"qtranxs-available-language-link qtranxs-available-language-link-pl\" title=\"Polski\">Lenk\u0173<\/a>. For the sake of viewer convenience, the content is shown below in this site default language. You may click one of the links to switch the site language to another available language.<\/p><p><\/p>\n<p style=\"text-align: justify;\"><strong>LOCATION<br \/>\n<\/strong><\/p>\n<p style=\"text-align: justify;\">Jasmund National Park (German: Nationalpark Jasmund) is a nature reserve on the Jasmund peninsula, in the northeast of R\u00fcgen Island in Mecklenburg-Vorpommern, Germany. It is home to the famous K\u00f6nigsstuhl (German = &#8222;king&#8217;s chair&#8221;), one of the largest chalk cliffs in Germany. This cliff and its sisters tower up to 161m (528 ft), overlooking the Baltic Sea. The beech forests behind the cliffs are also part of the national park.<\/p>\n<p style=\"text-align: justify;\">At just 30 km2 (12 sq mi), Jasmund is the smallest national park in Germany. The park was founded in 1990 by the last government of East Germany (GDR) prior to German reunification.<\/p>\n<p style=\"text-align: justify;\">On June 25, 2011 the beech forest in the park was added to UNESCO\u2019s list of World Heritage Sites as an extension of the Primeval Beech Forests of the Carpathians and the Ancient Beech Forests of Germany.<\/p>\n<p style=\"text-align: justify;\">Coordinates:\u00a0 54\u00b033\u203207\u2033N 13\u00b037\u203223\u2033E.<\/p>\n<p><img decoding=\"async\" loading=\"lazy\" class=\"alignnone wp-image-2936 size-full\" src=\"https:\/\/southbaltic-tourist.eu\/wp-content\/uploads\/2019\/07\/1.-White-Cliffs-Baltic-Sea-National-Park-R\u00fcgen-Jasmund-R7.-A15.jpg\" alt=\"\" width=\"960\" height=\"716\" srcset=\"https:\/\/sbt.ug.edu.pl\/wp-content\/uploads\/2019\/07\/1.-White-Cliffs-Baltic-Sea-National-Park-R\u00fcgen-Jasmund-R7.-A15.jpg 960w, https:\/\/sbt.ug.edu.pl\/wp-content\/uploads\/2019\/07\/1.-White-Cliffs-Baltic-Sea-National-Park-R\u00fcgen-Jasmund-R7.-A15-300x224.jpg 300w, https:\/\/sbt.ug.edu.pl\/wp-content\/uploads\/2019\/07\/1.-White-Cliffs-Baltic-Sea-National-Park-R\u00fcgen-Jasmund-R7.-A15-768x573.jpg 768w, https:\/\/sbt.ug.edu.pl\/wp-content\/uploads\/2019\/07\/1.-White-Cliffs-Baltic-Sea-National-Park-R\u00fcgen-Jasmund-R7.-A15-150x112.jpg 150w, https:\/\/sbt.ug.edu.pl\/wp-content\/uploads\/2019\/07\/1.-White-Cliffs-Baltic-Sea-National-Park-R\u00fcgen-Jasmund-R7.-A15-136x102.jpg 136w\" sizes=\"(max-width: 960px) 100vw, 960px\" \/><\/p>\n<p style=\"text-align: justify;\"><strong>SCENIC CHARACTER<\/strong><\/p>\n<p style=\"text-align: justify;\">Visitors to Jasmund National Park on R\u00fcgen Island can expect a glorious chalk landscape with marshes, wetlands and dry grassland.<\/p>\n<p style=\"text-align: justify;\">Jasmund National Park\u2019s most spectacular feature is without doubt the K\u00f6nigsstuhl chalk cliffs, immortalised by the painter Caspar David Friedrich. The national park also contains beech forests dating back to the 13th century, which grow on the chalky Stubnitz plateau, formed during the last ice age.<\/p>\n<p style=\"text-align: justify;\">The impressive chalk cliffs, which stretch for up to 10km and can reach a height of 161m, are made up of a combination of active and inactive cliffs that illustrate the dynamics of the coastal erosion typical of this region. As well as white chalk used for writing, observant visitors can spot ice-age sediments in the cliff faces and fossils on the beach.<\/p>\n<p style=\"text-align: justify;\">A range of walks, cycle routes, excursions and seminars? offer a variety of ways to explore the region&#8217;s beautiful woodlands, such as the South-East R\u00fcgen Biosphere Reserve.<\/p>\n<p style=\"text-align: justify;\">The park&#8217;s rich flora and fauna include house martins, which breed in the chalk reefs, and the rare sea eagle. But it&#8217;s not only the stunning chalk cliffs that make the Stubnitz region well worth a visit.<\/p>\n<p style=\"text-align: justify;\"><strong>ATTRACTIONS <\/strong><\/p>\n<p style=\"text-align: justify;\">Activities<br \/>\nWalking, relaxation, cycling<\/p>\n<p style=\"text-align: justify;\">Shifting the focus away from nature for once, the park rangers run regular tours based on characters from myth and legend, such as the Germanic goddess Hertha and the famous pirate Klaus St\u00f6rtebecker, who is said to have buried treasure somewhere on the island.<\/p>\n<p style=\"text-align: justify;\">Granitz Hunting Lodge south of Binz and the Racing Roland, R\u00fcgen&#8217;s narrow-gauge steam railway, are just two examples of the region&#8217;s many cultural attractions. Others include the small village of Vitt in Cape Arkona, Sassnitz fishing harbour and fishing museum, the Pirate\u2019s Gorge in Sassnitz, Greifswald municipal museum with its Caspar David Friedrich exhibition, the historical artisan workshops in Gingst and the Gr\u00fcmbke observation tower near Neukirchen.<\/p>\n<p><code><div class=\"rl-gallery-container rl-loading\" id=\"rl-gallery-container-1\" data-gallery_id=\"2935\"> <div class=\"rl-gallery rl-basicgrid-gallery \" id=\"rl-gallery-1\" data-gallery_no=\"1\"> <div class=\"rl-gallery-item\"><a href=\"https:\/\/sbt.ug.edu.pl\/wp-content\/uploads\/2019\/07\/1.-White-Cliffs-Baltic-Sea-National-Park-R\u00fcgen-Jasmund-R7.-A15.jpg\" title=\"1. White Cliffs Baltic Sea National Park R\u00fcgen Jasmund; author: micpicee; License: Fre for commercil use\" data-rl_title=\"1. White Cliffs Baltic Sea National Park R\u00fcgen Jasmund; author: micpicee; License: Fre for commercil use\" class=\"rl-gallery-link\" data-rl_caption=\"\" data-rel=\"lightbox-gallery-1\"><img src=\"https:\/\/sbt.ug.edu.pl\/wp-content\/uploads\/2019\/07\/1.-White-Cliffs-Baltic-Sea-National-Park-R\u00fcgen-Jasmund-R7.-A15-768x573.jpg\" width=\"640\" height=\"478\" alt=\"\" \/><\/a><\/div><div class=\"rl-gallery-item\"><a href=\"https:\/\/sbt.ug.edu.pl\/wp-content\/uploads\/2019\/07\/2.-White-Cliffs-Baltic-Sea-National-Park-R\u00fcgen-Jasmund-R7.-A15.jpg\" title=\"2. Jasmund national park beech forrest \/ Voyages etc...\" data-rl_title=\"2. Jasmund national park beech forrest \/ Voyages etc...\" class=\"rl-gallery-link\" data-rl_caption=\"\" data-rel=\"lightbox-gallery-1\"><img src=\"https:\/\/sbt.ug.edu.pl\/wp-content\/uploads\/2019\/07\/2.-White-Cliffs-Baltic-Sea-National-Park-R\u00fcgen-Jasmund-R7.-A15-768x960.jpg\" width=\"640\" height=\"800\" alt=\"\" \/><\/a><\/div><div class=\"rl-gallery-item\"><a href=\"https:\/\/sbt.ug.edu.pl\/wp-content\/uploads\/2019\/07\/3.-Jasmund-National-Park.-Jagenstein-forrest-boundary-stone-.-R7.-A15.jpg\" title=\"3. Jasmund National Park ( R\u00fcgen island ). Jagenstein ( forrest boundary stone ). \/ Wolfgang Sauber\" data-rl_title=\"3. Jasmund National Park ( R\u00fcgen island ). Jagenstein ( forrest boundary stone ). \/ Wolfgang Sauber\" class=\"rl-gallery-link\" data-rl_caption=\"\" data-rel=\"lightbox-gallery-1\"><img src=\"https:\/\/sbt.ug.edu.pl\/wp-content\/uploads\/2019\/07\/3.-Jasmund-National-Park.-Jagenstein-forrest-boundary-stone-.-R7.-A15-768x1024.jpg\" width=\"640\" height=\"853\" alt=\"\" \/><\/a><\/div> <\/div> <\/div><\/code><\/p>\n<p><a href=\"https:\/\/southbaltic-tourist.eu\/wp-content\/uploads\/2019\/08\/Photos-sources-data-R7.pdf\">Photos sources data R7<\/a><\/p>\n<p>&nbsp; <\/p>","protected":false},"excerpt":{"rendered":"<p>Atsipra\u0161ome, \u0161is puslapis galimas tik Jungtini\u0173 Valstij\u0173 Angl\u0173, Vokie\u010di\u0173 ir Lenk\u0173. For the sake of viewer convenience, the content is shown below in this site default language. You may click one of the links to switch the site language to another available language. LOCATION Jasmund National Park (German: Nationalpark Jasmund) is a nature reserve on [&hellip;]<\/p>\n","protected":false},"author":3,"featured_media":0,"parent":488,"menu_order":0,"comment_status":"closed","ping_status":"closed","template":"","meta":[],"categories":[34,15,30],"tags":[],"_links":{"self":[{"href":"https:\/\/sbt.ug.edu.pl\/lt\/wp-json\/wp\/v2\/pages\/635"}],"collection":[{"href":"https:\/\/sbt.ug.edu.pl\/lt\/wp-json\/wp\/v2\/pages"}],"about":[{"href":"https:\/\/sbt.ug.edu.pl\/lt\/wp-json\/wp\/v2\/types\/page"}],"author":[{"embeddable":true,"href":"https:\/\/sbt.ug.edu.pl\/lt\/wp-json\/wp\/v2\/users\/3"}],"replies":[{"embeddable":true,"href":"https:\/\/sbt.ug.edu.pl\/lt\/wp-json\/wp\/v2\/comments?post=635"}],"version-history":[{"count":5,"href":"https:\/\/sbt.ug.edu.pl\/lt\/wp-json\/wp\/v2\/pages\/635\/revisions"}],"predecessor-version":[{"id":4541,"href":"https:\/\/sbt.ug.edu.pl\/lt\/wp-json\/wp\/v2\/pages\/635\/revisions\/4541"}],"up":[{"embeddable":true,"href":"https:\/\/sbt.ug.edu.pl\/lt\/wp-json\/wp\/v2\/pages\/488"}],"wp:attachment":[{"href":"https:\/\/sbt.ug.edu.pl\/lt\/wp-json\/wp\/v2\/media?parent=635"}],"wp:term":[{"taxonomy":"category","embeddable":true,"href":"https:\/\/sbt.ug.edu.pl\/lt\/wp-json\/wp\/v2\/categories?post=635"},{"taxonomy":"post_tag","embeddable":true,"href":"https:\/\/sbt.ug.edu.pl\/lt\/wp-json\/wp\/v2\/tags?post=635"}],"curies":[{"name":"wp","href":"https:\/\/api.w.org\/{rel}","templated":true}]}}