{"id":637,"date":"2018-12-23T17:34:18","date_gmt":"2018-12-23T16:34:18","guid":{"rendered":"http:\/\/southbaltic-tourist.eu\/?page_id=637"},"modified":"2019-08-17T18:58:50","modified_gmt":"2019-08-17T16:58:50","slug":"16-usedom-beaches","status":"publish","type":"page","link":"https:\/\/sbt.ug.edu.pl\/lt\/routes\/wildlife-nature-trails-folkuniversitetet-sweden\/16-usedom-beaches\/","title":{"rendered":"16. Usedom Beaches Hiking"},"content":{"rendered":"<p class=\"qtranxs-available-languages-message qtranxs-available-languages-message-lt\">Atsipra\u0161ome, \u0161is puslapis galimas tik <a href=\"https:\/\/sbt.ug.edu.pl\/en\/wp-json\/wp\/v2\/pages\/637\" class=\"qtranxs-available-language-link qtranxs-available-language-link-en\" title=\"English\">Jungtini\u0173 Valstij\u0173 Angl\u0173<\/a>, <a href=\"https:\/\/sbt.ug.edu.pl\/de\/wp-json\/wp\/v2\/pages\/637\" class=\"qtranxs-available-language-link qtranxs-available-language-link-de\" title=\"Deutsch\">Vokie\u010di\u0173<\/a> ir <a href=\"https:\/\/sbt.ug.edu.pl\/pl\/wp-json\/wp\/v2\/pages\/637\" class=\"qtranxs-available-language-link qtranxs-available-language-link-pl\" title=\"Polski\">Lenk\u0173<\/a>. For the sake of viewer convenience, the content is shown below in this site default language. You may click one of the links to switch the site language to another available language.<\/p><p><\/p>\n<p style=\"text-align: justify;\"><strong>LOCATION<\/strong><\/p>\n<p style=\"text-align: justify;\">Found a little further east along the Baltic coast from Rugen Island and shared by Germany and Poland, is Usedom. It is Germany\u2019s second largest island; its landscape is hilly and spacious, featuring lovely beaches (it boasts 42km of fine white sandy coastline), grasslands and woods as well as rivers and lakes. Not only is the environment lovely but the weather is amazing too &#8211; over 2,000 hours of sunshine per year makes Usedom the sunniest area of Germany. There are five historic piers reaching out from the island that enable visitors a stroll over the sea.<br \/>\nThe longest beach promenade in Europe is lined with mile after mile of mansions, villas and holiday houses built in Resort Architecture style.<\/p>\n<figure id=\"attachment_2940\" aria-describedby=\"caption-attachment-2940\" style=\"width: 960px\" class=\"wp-caption alignnone\"><img decoding=\"async\" loading=\"lazy\" class=\"wp-image-2940 size-full\" src=\"https:\/\/southbaltic-tourist.eu\/wp-content\/uploads\/2019\/07\/1.-Heringsdorf-Island-Usedom-Sea-Bridge-R7.-A16.jpg\" alt=\"\" width=\"960\" height=\"640\" srcset=\"https:\/\/sbt.ug.edu.pl\/wp-content\/uploads\/2019\/07\/1.-Heringsdorf-Island-Usedom-Sea-Bridge-R7.-A16.jpg 960w, https:\/\/sbt.ug.edu.pl\/wp-content\/uploads\/2019\/07\/1.-Heringsdorf-Island-Usedom-Sea-Bridge-R7.-A16-300x200.jpg 300w, https:\/\/sbt.ug.edu.pl\/wp-content\/uploads\/2019\/07\/1.-Heringsdorf-Island-Usedom-Sea-Bridge-R7.-A16-768x512.jpg 768w, https:\/\/sbt.ug.edu.pl\/wp-content\/uploads\/2019\/07\/1.-Heringsdorf-Island-Usedom-Sea-Bridge-R7.-A16-150x100.jpg 150w\" sizes=\"(max-width: 960px) 100vw, 960px\" \/><figcaption id=\"caption-attachment-2940\" class=\"wp-caption-text\">Heringsdorf Island Usedom Sea Bridge<\/figcaption><\/figure>\n<p style=\"text-align: justify;\"><strong>SCENIC CHARACTER<\/strong><\/p>\n<p style=\"text-align: justify;\">In the far north-east part of Germany lies the island of Usedom, Germany\u2019s second largest island, and one of the few islands in the world to be divided between two different countries. It\u2019s a inspiring experience to see how the rolling hills of this island change into flat, expansive plains. There are many small bays along the entire coast and some amazing beaches throughout.<\/p>\n<p style=\"text-align: justify;\">Three nature parks allow visitors to get up close to distinctive flora and fauna of the region: the Nature Park Island of Usedom, the Nature Park at Szczecin Lagoon and the Nature Park Riverscape Peene Valley. Usedom has a total of around 200 kilometres of cycle trails and around 400 kilometres of hiking paths. Visitors to Usedom not only have the Baltic Sea as their setting, they also have stunning Achterwasser Lagoon, beautiful River Peene and numerous inland lakes at their disposal; a paradise for yachtsmen, windsurfers, kitesurfers and kayakers.<\/p>\n<p style=\"text-align: justify;\"><strong>ATTRACTIONS<br \/>\n<\/strong><\/p>\n<p style=\"text-align: justify;\">The island is known as \u201cBerlin\u2019s bathtub\u201d because of the thermal spas that dot the area. The Kaiserb\u00e4der (Emperor\u2019s spas) of Heringsdorf, Ahlbeck and Bansin were all frequently visited by Wilhelm II. These are all amazing for having a soak in and letting all your cares drift away.<\/p>\n<p><code><div class=\"rl-gallery-container rl-loading\" id=\"rl-gallery-container-1\" data-gallery_id=\"2939\"> <div class=\"rl-gallery rl-basicgrid-gallery \" id=\"rl-gallery-1\" data-gallery_no=\"1\"> <div class=\"rl-gallery-item\"><a href=\"https:\/\/sbt.ug.edu.pl\/wp-content\/uploads\/2019\/07\/1.-Heringsdorf-Island-Usedom-Sea-Bridge-R7.-A16.jpg\" title=\"1. Heringsdorf Island Usedom Sea Bridge; author: Unknown; License: CC0\" data-rl_title=\"1. Heringsdorf Island Usedom Sea Bridge; author: Unknown; License: CC0\" class=\"rl-gallery-link\" data-rl_caption=\"\" data-rel=\"lightbox-gallery-1\"><img src=\"https:\/\/sbt.ug.edu.pl\/wp-content\/uploads\/2019\/07\/1.-Heringsdorf-Island-Usedom-Sea-Bridge-R7.-A16-768x512.jpg\" width=\"640\" height=\"427\" alt=\"\" \/><\/a><\/div><div class=\"rl-gallery-item\"><a href=\"https:\/\/sbt.ug.edu.pl\/wp-content\/uploads\/2019\/07\/2.-Holiday-Dunes-Clouds-Beach-Sunset-North-Sea-Sylt-R7.-A16.jpg\" title=\"2. Holiday Dunes Clouds Beach Sunset North Sea Sylt; author: Unknown; License: CC0\" data-rl_title=\"2. Holiday Dunes Clouds Beach Sunset North Sea Sylt; author: Unknown; License: CC0\" class=\"rl-gallery-link\" data-rl_caption=\"\" data-rel=\"lightbox-gallery-1\"><img src=\"https:\/\/sbt.ug.edu.pl\/wp-content\/uploads\/2019\/07\/2.-Holiday-Dunes-Clouds-Beach-Sunset-North-Sea-Sylt-R7.-A16-768x575.jpg\" width=\"640\" height=\"479\" alt=\"\" \/><\/a><\/div><div class=\"rl-gallery-item\"><a href=\"https:\/\/sbt.ug.edu.pl\/wp-content\/uploads\/2019\/07\/3.-Tourism-Beach-Sea-Island-Of-Usedom-Usedom-Island-R7.-A16.jpg\" title=\"3. Tourism Beach Sea Island of Usedom Usedom Island; author: Unknown; License: CC0\" data-rl_title=\"3. Tourism Beach Sea Island of Usedom Usedom Island; author: Unknown; License: CC0\" class=\"rl-gallery-link\" data-rl_caption=\"\" data-rel=\"lightbox-gallery-1\"><img src=\"https:\/\/sbt.ug.edu.pl\/wp-content\/uploads\/2019\/07\/3.-Tourism-Beach-Sea-Island-Of-Usedom-Usedom-Island-R7.-A16-768x576.jpg\" width=\"640\" height=\"480\" alt=\"\" \/><\/a><\/div><div class=\"rl-gallery-item\"><a href=\"https:\/\/sbt.ug.edu.pl\/wp-content\/uploads\/2019\/07\/4.-Island-of-Usedom-R7.-A16.jpg\" title=\"4. Summer Island of Usedom Baltic Sea Usedom; author: Unknown; License: CC0\" data-rl_title=\"4. Summer Island of Usedom Baltic Sea Usedom; author: Unknown; License: CC0\" class=\"rl-gallery-link\" data-rl_caption=\"\" data-rel=\"lightbox-gallery-1\"><img src=\"https:\/\/sbt.ug.edu.pl\/wp-content\/uploads\/2019\/07\/4.-Island-of-Usedom-R7.-A16-768x568.jpg\" width=\"640\" height=\"473\" alt=\"\" \/><\/a><\/div> <\/div> <\/div><\/code><\/p>\n<p><a href=\"https:\/\/southbaltic-tourist.eu\/wp-content\/uploads\/2019\/08\/Photos-sources-data-R7.pdf\">Photos sources data R7<\/a><\/p>\n<p style=\"text-align: justify;\"><strong>\u00a0<\/strong><\/p>\n<p> <\/p>","protected":false},"excerpt":{"rendered":"<p>Atsipra\u0161ome, \u0161is puslapis galimas tik Jungtini\u0173 Valstij\u0173 Angl\u0173, Vokie\u010di\u0173 ir Lenk\u0173. For the sake of viewer convenience, the content is shown below in this site default language. You may click one of the links to switch the site language to another available language. LOCATION Found a little further east along the Baltic coast from Rugen [&hellip;]<\/p>\n","protected":false},"author":3,"featured_media":0,"parent":488,"menu_order":0,"comment_status":"closed","ping_status":"closed","template":"","meta":[],"categories":[34,15,30],"tags":[],"_links":{"self":[{"href":"https:\/\/sbt.ug.edu.pl\/lt\/wp-json\/wp\/v2\/pages\/637"}],"collection":[{"href":"https:\/\/sbt.ug.edu.pl\/lt\/wp-json\/wp\/v2\/pages"}],"about":[{"href":"https:\/\/sbt.ug.edu.pl\/lt\/wp-json\/wp\/v2\/types\/page"}],"author":[{"embeddable":true,"href":"https:\/\/sbt.ug.edu.pl\/lt\/wp-json\/wp\/v2\/users\/3"}],"replies":[{"embeddable":true,"href":"https:\/\/sbt.ug.edu.pl\/lt\/wp-json\/wp\/v2\/comments?post=637"}],"version-history":[{"count":6,"href":"https:\/\/sbt.ug.edu.pl\/lt\/wp-json\/wp\/v2\/pages\/637\/revisions"}],"predecessor-version":[{"id":4542,"href":"https:\/\/sbt.ug.edu.pl\/lt\/wp-json\/wp\/v2\/pages\/637\/revisions\/4542"}],"up":[{"embeddable":true,"href":"https:\/\/sbt.ug.edu.pl\/lt\/wp-json\/wp\/v2\/pages\/488"}],"wp:attachment":[{"href":"https:\/\/sbt.ug.edu.pl\/lt\/wp-json\/wp\/v2\/media?parent=637"}],"wp:term":[{"taxonomy":"category","embeddable":true,"href":"https:\/\/sbt.ug.edu.pl\/lt\/wp-json\/wp\/v2\/categories?post=637"},{"taxonomy":"post_tag","embeddable":true,"href":"https:\/\/sbt.ug.edu.pl\/lt\/wp-json\/wp\/v2\/tags?post=637"}],"curies":[{"name":"wp","href":"https:\/\/api.w.org\/{rel}","templated":true}]}}