{"id":642,"date":"2018-12-23T17:37:56","date_gmt":"2018-12-23T16:37:56","guid":{"rendered":"http:\/\/southbaltic-tourist.eu\/?page_id=642"},"modified":"2019-08-17T19:00:40","modified_gmt":"2019-08-17T17:00:40","slug":"18-bikingtrails-around-greifswald","status":"publish","type":"page","link":"https:\/\/sbt.ug.edu.pl\/lt\/routes\/wildlife-nature-trails-folkuniversitetet-sweden\/18-bikingtrails-around-greifswald\/","title":{"rendered":"(English) 18. BIKING TRAILS AROUND GREIFSWALD"},"content":{"rendered":"<p class=\"qtranxs-available-languages-message qtranxs-available-languages-message-lt\">Atsipra\u0161ome, \u0161is puslapis galimas tik <a href=\"https:\/\/sbt.ug.edu.pl\/en\/wp-json\/wp\/v2\/pages\/642\" class=\"qtranxs-available-language-link qtranxs-available-language-link-en\" title=\"English\">Jungtini\u0173 Valstij\u0173 Angl\u0173<\/a>, <a href=\"https:\/\/sbt.ug.edu.pl\/de\/wp-json\/wp\/v2\/pages\/642\" class=\"qtranxs-available-language-link qtranxs-available-language-link-de\" title=\"Deutsch\">Vokie\u010di\u0173<\/a> ir <a href=\"https:\/\/sbt.ug.edu.pl\/pl\/wp-json\/wp\/v2\/pages\/642\" class=\"qtranxs-available-language-link qtranxs-available-language-link-pl\" title=\"Polski\">Lenk\u0173<\/a>. For the sake of viewer convenience, the content is shown below in this site default language. You may click one of the links to switch the site language to another available language.<\/p><p><\/p>\n<p style=\"text-align: justify;\"><strong>LOCATION<\/strong><\/p>\n<p style=\"text-align: justify;\">There are currently 49 cycle tours all around Greifswald &#8211; plenty of options for outdoor enthusiasts. In total 38 bicycle rides and 11 long distance cycling routes are waiting to be explored. We know it\u2019s hard to pick one, so here\u2019s an overview of some of the best cycle tours around Greifswald. It is highly recommended to use one of the listed in https:\/\/www.outdooractive.com\/en\/bicycle-rides\/greifswald\/bicycle-rides-in-greifswald\/1464096\/.<\/p>\n<p style=\"text-align: left;\"><strong> <img decoding=\"async\" loading=\"lazy\" class=\"alignnone wp-image-2950 size-full\" src=\"https:\/\/southbaltic-tourist.eu\/wp-content\/uploads\/2019\/07\/1.-A-man-is-riding-a-bicycle-R7.-A18.jpg\" alt=\"\" width=\"960\" height=\"637\" srcset=\"https:\/\/sbt.ug.edu.pl\/wp-content\/uploads\/2019\/07\/1.-A-man-is-riding-a-bicycle-R7.-A18.jpg 960w, https:\/\/sbt.ug.edu.pl\/wp-content\/uploads\/2019\/07\/1.-A-man-is-riding-a-bicycle-R7.-A18-300x199.jpg 300w, https:\/\/sbt.ug.edu.pl\/wp-content\/uploads\/2019\/07\/1.-A-man-is-riding-a-bicycle-R7.-A18-768x510.jpg 768w, https:\/\/sbt.ug.edu.pl\/wp-content\/uploads\/2019\/07\/1.-A-man-is-riding-a-bicycle-R7.-A18-150x100.jpg 150w\" sizes=\"(max-width: 960px) 100vw, 960px\" \/><\/strong><\/p>\n<p style=\"text-align: justify;\"><strong>SCENIC CHARACTER<\/strong><\/p>\n<p style=\"text-align: justify;\">Greifswald is a charming Hanseatic port town that was spared destruction in WWII. Established in 1456, the University of Greifswald is the fourth oldest in Germany, and one in four of the town&#8217;s residents is a student. Since 2011, Russian gas has reached Western Europe through the Nord Stream offshore pipeline running from Vyborg to Greifswald.<\/p>\n<p style=\"text-align: justify;\"><strong>\u00a0<\/strong><\/p>\n<p style=\"text-align: justify;\"><strong>ATTRACTIONS <\/strong><\/p>\n<p style=\"text-align: justify;\">R\u00fcgen Island is located off the Pomeranian coast in the Baltic Sea and is one of the most popular holiday destinations in Mecklenburg-Western Pomerania. Thomas Mann and the German Chancellor Bismarck were both fans of R\u00fcgen and its seaside resorts of Binz and Sellin. The height of sophistication at the time, these resorts with their elegant luxury hotels still retain much of their nostalgic charm. Racing Roland is another nod to the past. A narrow-gauge railway dating back more than 100 years, it chugs along at 30km\/h, carrying holidaymakers to the individual seaside resorts.<\/p>\n<p style=\"text-align: justify;\">In addition to its 60 kilometres of fine sand beaches, R\u00fcgen has a lot to offer on the scenic front. This includes the island&#8217;s large national parks, the famous view of the R\u00fcgen chalk cliffs (as painted by Caspar David Friedrich), sleepy fishing villages and elegant manor houses. The white of the cliffs is echoed in Putbus, the oldest seaside resort on the island, whose neo-classical architecture \u2013 resplendent in white \u2013 is a stylish complement to the beautiful palace and park.<\/p>\n<p style=\"text-align: justify;\">R\u00fcgen&#8217;s superb countryside and coastline can also be explored by bicycle or on a sailing tour. In addition to acclaimed attractions such as Cape Arkona and Granitz hunting lodge, the island is host to the St\u00f6rtebeker theatre festival, a hugely popular event that draws in more than 100,000 spectators every year. The pirate-themed plays are performed in a unique open-air setting on the shore of the Great Jasmund Lagoon in Ralswiek.<\/p>\n<p><code><div class=\"rl-gallery-container rl-loading\" id=\"rl-gallery-container-1\" data-gallery_id=\"2949\"> <div class=\"rl-gallery rl-basicgrid-gallery \" id=\"rl-gallery-1\" data-gallery_no=\"1\"> <div class=\"rl-gallery-item\"><a href=\"https:\/\/sbt.ug.edu.pl\/wp-content\/uploads\/2019\/07\/1.-A-man-is-riding-a-bicycle-R7.-A18.jpg\" title=\"1. A man is riding a bicycle; author: Skitterphoto; License: Fre for commercil use\" data-rl_title=\"1. A man is riding a bicycle; author: Skitterphoto; License: Fre for commercil use\" class=\"rl-gallery-link\" data-rl_caption=\"\" data-rel=\"lightbox-gallery-1\"><img src=\"https:\/\/sbt.ug.edu.pl\/wp-content\/uploads\/2019\/07\/1.-A-man-is-riding-a-bicycle-R7.-A18-768x510.jpg\" width=\"640\" height=\"425\" alt=\"\" \/><\/a><\/div><div class=\"rl-gallery-item\"><a href=\"https:\/\/sbt.ug.edu.pl\/wp-content\/uploads\/2019\/07\/2.-Bike-R7.-A18.jpg\" title=\"2. Bike; author: Pexels; License: Fre for commercil use\" data-rl_title=\"2. Bike; author: Pexels; License: Fre for commercil use\" class=\"rl-gallery-link\" data-rl_caption=\"\" data-rel=\"lightbox-gallery-1\"><img src=\"https:\/\/sbt.ug.edu.pl\/wp-content\/uploads\/2019\/07\/2.-Bike-R7.-A18-768x512.jpg\" width=\"640\" height=\"427\" alt=\"\" \/><\/a><\/div><div class=\"rl-gallery-item\"><a href=\"https:\/\/sbt.ug.edu.pl\/wp-content\/uploads\/2019\/07\/3.-Cycling-R7.-A18.jpg\" title=\"3. Cycling; author: Unknown; License: Fre for commercil use\" data-rl_title=\"3. Cycling; author: Unknown; License: Fre for commercil use\" class=\"rl-gallery-link\" data-rl_caption=\"\" data-rel=\"lightbox-gallery-1\"><img src=\"https:\/\/sbt.ug.edu.pl\/wp-content\/uploads\/2019\/07\/3.-Cycling-R7.-A18-768x422.jpg\" width=\"640\" height=\"352\" alt=\"\" \/><\/a><\/div><div class=\"rl-gallery-item\"><a href=\"https:\/\/sbt.ug.edu.pl\/wp-content\/uploads\/2019\/07\/4.-Greifswald-Marketplace-R7.-A18.jpg\" title=\"4. Greifswald Marketplace; author: Turby; License: Fre for commercil use\" data-rl_title=\"4. Greifswald Marketplace; author: Turby; License: Fre for commercil use\" class=\"rl-gallery-link\" data-rl_caption=\"\" data-rel=\"lightbox-gallery-1\"><img src=\"https:\/\/sbt.ug.edu.pl\/wp-content\/uploads\/2019\/07\/4.-Greifswald-Marketplace-R7.-A18-768x398.jpg\" width=\"640\" height=\"332\" alt=\"\" \/><\/a><\/div><div class=\"rl-gallery-item\"><a href=\"https:\/\/sbt.ug.edu.pl\/wp-content\/uploads\/2019\/07\/5.-Island-R\u00fcgen-beach-of-Sellin-R7.-A18.jpg\" title=\"5. Island R\u00fcgen-beach of Sellin; author: Haloorange; License: Free to use\" data-rl_title=\"5. Island R\u00fcgen-beach of Sellin; author: Haloorange; License: Free to use\" class=\"rl-gallery-link\" data-rl_caption=\"\" data-rel=\"lightbox-gallery-1\"><img src=\"https:\/\/sbt.ug.edu.pl\/wp-content\/uploads\/2019\/07\/5.-Island-R\u00fcgen-beach-of-Sellin-R7.-A18-768x576.jpg\" width=\"640\" height=\"480\" alt=\"\" \/><\/a><\/div><div class=\"rl-gallery-item\"><a href=\"https:\/\/sbt.ug.edu.pl\/wp-content\/uploads\/2019\/07\/6.-The-sunrise-in-Jasmund-national-park-R\u00fcgen-R7.-A18.jpg\" title=\"6. The sunrise in Jasmund national park, R\u00fcgen; author: Moahim; License: CC BY-SA 4.0\" data-rl_title=\"6. The sunrise in Jasmund national park, R\u00fcgen; author: Moahim; License: CC BY-SA 4.0\" class=\"rl-gallery-link\" data-rl_caption=\"\" data-rel=\"lightbox-gallery-1\"><img src=\"https:\/\/sbt.ug.edu.pl\/wp-content\/uploads\/2019\/07\/6.-The-sunrise-in-Jasmund-national-park-R\u00fcgen-R7.-A18-768x492.jpg\" width=\"640\" height=\"410\" alt=\"\" \/><\/a><\/div> <\/div> <\/div><\/code><\/p>\n<p><a href=\"https:\/\/southbaltic-tourist.eu\/wp-content\/uploads\/2019\/08\/Photos-sources-data-R7.pdf\">Photos sources data R7<\/a><\/p>\n<p><strong>\u00a0<\/strong> <\/p>","protected":false},"excerpt":{"rendered":"<p>Atsipra\u0161ome, \u0161is puslapis galimas tik Jungtini\u0173 Valstij\u0173 Angl\u0173, Vokie\u010di\u0173 ir Lenk\u0173. For the sake of viewer convenience, the content is shown below in this site default language. You may click one of the links to switch the site language to another available language. LOCATION There are currently 49 cycle tours all around Greifswald &#8211; plenty [&hellip;]<\/p>\n","protected":false},"author":3,"featured_media":0,"parent":488,"menu_order":0,"comment_status":"closed","ping_status":"closed","template":"","meta":[],"categories":[34,13,30],"tags":[],"_links":{"self":[{"href":"https:\/\/sbt.ug.edu.pl\/lt\/wp-json\/wp\/v2\/pages\/642"}],"collection":[{"href":"https:\/\/sbt.ug.edu.pl\/lt\/wp-json\/wp\/v2\/pages"}],"about":[{"href":"https:\/\/sbt.ug.edu.pl\/lt\/wp-json\/wp\/v2\/types\/page"}],"author":[{"embeddable":true,"href":"https:\/\/sbt.ug.edu.pl\/lt\/wp-json\/wp\/v2\/users\/3"}],"replies":[{"embeddable":true,"href":"https:\/\/sbt.ug.edu.pl\/lt\/wp-json\/wp\/v2\/comments?post=642"}],"version-history":[{"count":6,"href":"https:\/\/sbt.ug.edu.pl\/lt\/wp-json\/wp\/v2\/pages\/642\/revisions"}],"predecessor-version":[{"id":4544,"href":"https:\/\/sbt.ug.edu.pl\/lt\/wp-json\/wp\/v2\/pages\/642\/revisions\/4544"}],"up":[{"embeddable":true,"href":"https:\/\/sbt.ug.edu.pl\/lt\/wp-json\/wp\/v2\/pages\/488"}],"wp:attachment":[{"href":"https:\/\/sbt.ug.edu.pl\/lt\/wp-json\/wp\/v2\/media?parent=642"}],"wp:term":[{"taxonomy":"category","embeddable":true,"href":"https:\/\/sbt.ug.edu.pl\/lt\/wp-json\/wp\/v2\/categories?post=642"},{"taxonomy":"post_tag","embeddable":true,"href":"https:\/\/sbt.ug.edu.pl\/lt\/wp-json\/wp\/v2\/tags?post=642"}],"curies":[{"name":"wp","href":"https:\/\/api.w.org\/{rel}","templated":true}]}}