{"id":644,"date":"2018-12-23T17:39:55","date_gmt":"2018-12-23T16:39:55","guid":{"rendered":"http:\/\/southbaltic-tourist.eu\/?page_id=644"},"modified":"2019-08-17T19:01:29","modified_gmt":"2019-08-17T17:01:29","slug":"19-curonian-spit-birds-watching","status":"publish","type":"page","link":"https:\/\/sbt.ug.edu.pl\/lt\/routes\/wildlife-nature-trails-folkuniversitetet-sweden\/19-curonian-spit-birds-watching\/","title":{"rendered":"(English) 19. CURONIAN SPIT BIRDWATCHING"},"content":{"rendered":"<p class=\"qtranxs-available-languages-message qtranxs-available-languages-message-lt\">Atsipra\u0161ome, \u0161is puslapis galimas tik <a href=\"https:\/\/sbt.ug.edu.pl\/en\/wp-json\/wp\/v2\/pages\/644\" class=\"qtranxs-available-language-link qtranxs-available-language-link-en\" title=\"English\">Jungtini\u0173 Valstij\u0173 Angl\u0173<\/a>, <a href=\"https:\/\/sbt.ug.edu.pl\/de\/wp-json\/wp\/v2\/pages\/644\" class=\"qtranxs-available-language-link qtranxs-available-language-link-de\" title=\"Deutsch\">Vokie\u010di\u0173<\/a> ir <a href=\"https:\/\/sbt.ug.edu.pl\/pl\/wp-json\/wp\/v2\/pages\/644\" class=\"qtranxs-available-language-link qtranxs-available-language-link-pl\" title=\"Polski\">Lenk\u0173<\/a>. For the sake of viewer convenience, the content is shown below in this site default language. You may click one of the links to switch the site language to another available language.<\/p><p><\/p>\n<p style=\"text-align: justify;\"><strong>LOCATION<br \/>\n<\/strong><\/p>\n<p style=\"text-align: justify;\">Eastern and Northern Lithuania are highly attractive areas for many iconic birds of the boreal region. Labanoras National Park covers a vast area with a predomination of Western Taiga forests, numerous lakes, various types of bogs, and natural meadows.<\/p>\n<p style=\"text-align: justify;\"><strong> <img decoding=\"async\" loading=\"lazy\" class=\"alignnone wp-image-2957 size-full\" src=\"https:\/\/southbaltic-tourist.eu\/wp-content\/uploads\/2019\/07\/1.-Picoides-tridactylus-R7.-A19.jpg\" alt=\"\" width=\"712\" height=\"534\" srcset=\"https:\/\/sbt.ug.edu.pl\/wp-content\/uploads\/2019\/07\/1.-Picoides-tridactylus-R7.-A19.jpg 712w, https:\/\/sbt.ug.edu.pl\/wp-content\/uploads\/2019\/07\/1.-Picoides-tridactylus-R7.-A19-300x225.jpg 300w, https:\/\/sbt.ug.edu.pl\/wp-content\/uploads\/2019\/07\/1.-Picoides-tridactylus-R7.-A19-150x113.jpg 150w, https:\/\/sbt.ug.edu.pl\/wp-content\/uploads\/2019\/07\/1.-Picoides-tridactylus-R7.-A19-136x102.jpg 136w\" sizes=\"(max-width: 712px) 100vw, 712px\" \/><\/strong><\/p>\n<p style=\"text-align: justify;\"><strong>SCENIC CHARACTER<\/strong><\/p>\n<p style=\"text-align: justify;\">A unique combination of wind, water and sand has been shaping this narrow strip of land since time immemorial. Today it is known as the Curonian Spit and is a UNESCO World Heritage Site. There is plenty to see here: the eternally shifting dunes, the wildlife, the old fishermen villages and, last but not least, the Pervalka Lighthouse. The combination of spectacular nature, cultural and historical heritage and a truly unforgettable cedar canoe paddling experience makes this tour one of a kind. This is an ideal environment for capercailie and other grouse, along with some woodpecker and owl species. The next destination is Birzai forest, also well-known among birders as a paradise of owls and woodpeckers. Both sites are rich with mammal fauna. Thus, early spring is one of the best seasons to visit Labanoras National Park, Birzai Forest and their surroundings to experience wild Lithuanian nature at its best.<\/p>\n<p style=\"text-align: justify;\">Lithuania, situated in northeast Europe, is a compact low-lying country with extensive forests, lakes, fishponds and a relatively short coastline adjoining the Baltic Sea. Of particular interest to birdwatchers are the Baltic Sea and Kurshiu Lagoon with their large variety of wildfowl and large concentrations of Common Cranes.<\/p>\n<p style=\"text-align: justify;\"><strong>ATTRACTIONS<br \/>\n<\/strong><\/p>\n<p style=\"text-align: justify;\">Here, you can see up to 190 bird species including: black-throated diver, black stork, whooper swan, white-tailed eagle, osprey, lesser and greater-spotted eagles, Montagu\u2019s harrier, honey buzzard, goshawk and many others. From early spring you can observe seabirds, owls, woodpeckers and grouse. Birding along the Baltic Sea, inland lakes, fishponds, marshes and forests in April will give you an opportunity to observe around 100 \u2013 120 bird species including a regular flock of\u00a0steller\u2019s eiders.<\/p>\n<p style=\"text-align: justify;\">The migration of wildfowl along the Baltic is impressive with huge flocks of migrant geese and swans. Inland, the extensive pine forests on the border with Belarus offer sightings of lekking\u00a0black grouse\u00a0and\u00a0common capercaillie. In addition to this, you have an excellent chance of observing most of Europe\u2019s woodpeckers and, hopefully,\u00a0Eurasian pygmy\u00a0and Tengmalm\u2019s owls.<\/p>\n<p><code><div class=\"rl-gallery-container rl-loading\" id=\"rl-gallery-container-1\" data-gallery_id=\"2956\"> <div class=\"rl-gallery rl-basicgrid-gallery \" id=\"rl-gallery-1\" data-gallery_no=\"1\"> <div class=\"rl-gallery-item\"><a href=\"https:\/\/sbt.ug.edu.pl\/wp-content\/uploads\/2019\/07\/1.-Picoides-tridactylus-R7.-A19.jpg\" title=\"1. Picoides tridactylus (Three-toed Woodpecker, Tripir\u0161tis genys); author: Armandas Naud\u017eius; License: CC BY-SA 2.0\" data-rl_title=\"1. Picoides tridactylus (Three-toed Woodpecker, Tripir\u0161tis genys); author: Armandas Naud\u017eius; License: CC BY-SA 2.0\" class=\"rl-gallery-link\" data-rl_caption=\"\" data-rel=\"lightbox-gallery-1\"><img src=\"https:\/\/sbt.ug.edu.pl\/wp-content\/uploads\/2019\/07\/1.-Picoides-tridactylus-R7.-A19.jpg\" width=\"640\" height=\"480\" alt=\"\" \/><\/a><\/div><div class=\"rl-gallery-item\"><a href=\"https:\/\/sbt.ug.edu.pl\/wp-content\/uploads\/2019\/07\/2.-Birzai-forest-R7.-A19.jpg\" title=\"2. Birzai forest; author: Laima G\u016btmane; License: CC BY 3.0.\" data-rl_title=\"2. Birzai forest; author: Laima G\u016btmane; License: CC BY 3.0.\" class=\"rl-gallery-link\" data-rl_caption=\"\" data-rel=\"lightbox-gallery-1\"><img src=\"https:\/\/sbt.ug.edu.pl\/wp-content\/uploads\/2019\/07\/2.-Birzai-forest-R7.-A19-768x512.jpg\" width=\"640\" height=\"427\" alt=\"\" \/><\/a><\/div><div class=\"rl-gallery-item\"><a href=\"https:\/\/sbt.ug.edu.pl\/wp-content\/uploads\/2019\/07\/3.-Curonian-Spit-moose-R7.-A19.jpg\" title=\"3. Curonian Spit - moose; author: Unknown; License: CC0\" data-rl_title=\"3. Curonian Spit - moose; author: Unknown; License: CC0\" class=\"rl-gallery-link\" data-rl_caption=\"\" data-rel=\"lightbox-gallery-1\"><img src=\"https:\/\/sbt.ug.edu.pl\/wp-content\/uploads\/2019\/07\/3.-Curonian-Spit-moose-R7.-A19-768x512.jpg\" width=\"640\" height=\"427\" alt=\"\" \/><\/a><\/div><div class=\"rl-gallery-item\"><a href=\"https:\/\/sbt.ug.edu.pl\/wp-content\/uploads\/2019\/07\/4.-Curonian-Spit-swans-R7.-A19.jpg\" title=\"4. Curonian Spit - swans; author: Zaytsev Artem; License: CC BY 2.0\" data-rl_title=\"4. Curonian Spit - swans; author: Zaytsev Artem; License: CC BY 2.0\" class=\"rl-gallery-link\" data-rl_caption=\"\" data-rel=\"lightbox-gallery-1\"><img src=\"https:\/\/sbt.ug.edu.pl\/wp-content\/uploads\/2019\/07\/4.-Curonian-Spit-swans-R7.-A19-768x497.jpg\" width=\"640\" height=\"414\" alt=\"\" \/><\/a><\/div><div class=\"rl-gallery-item\"><a href=\"https:\/\/sbt.ug.edu.pl\/wp-content\/uploads\/2019\/07\/5.-National-Park-Kurshskaya-Kosa-R7.-A19.jpg\" title=\"5. National Park Kurshskaya Kosa; author: Victoria Yianni; License: CC BY-SA 4.0\" data-rl_title=\"5. National Park Kurshskaya Kosa; author: Victoria Yianni; License: CC BY-SA 4.0\" class=\"rl-gallery-link\" data-rl_caption=\"\" data-rel=\"lightbox-gallery-1\"><img src=\"https:\/\/sbt.ug.edu.pl\/wp-content\/uploads\/2019\/07\/5.-National-Park-Kurshskaya-Kosa-R7.-A19-768x465.jpg\" width=\"640\" height=\"388\" alt=\"\" \/><\/a><\/div><div class=\"rl-gallery-item\"><a href=\"https:\/\/sbt.ug.edu.pl\/wp-content\/uploads\/2019\/07\/6.-Pervalka-lighthouse-R7.-A19.jpg\" title=\"6. Pervalka lighthouse; author: Rimantas Lazdynas; License: CC BY 3.0\" data-rl_title=\"6. Pervalka lighthouse; author: Rimantas Lazdynas; License: CC BY 3.0\" class=\"rl-gallery-link\" data-rl_caption=\"\" data-rel=\"lightbox-gallery-1\"><img src=\"https:\/\/sbt.ug.edu.pl\/wp-content\/uploads\/2019\/07\/6.-Pervalka-lighthouse-R7.-A19-768x576.jpg\" width=\"640\" height=\"480\" alt=\"\" \/><\/a><\/div><div class=\"rl-gallery-item\"><a href=\"https:\/\/sbt.ug.edu.pl\/wp-content\/uploads\/2019\/07\/7.-Curonian-Spit-Dune-R7.A19..jpg\" title=\"7. Curonian Spit Dune,author: Przemyslaw Kulawczuk \/ BHR\" data-rl_title=\"7. Curonian Spit Dune,author: Przemyslaw Kulawczuk \/ BHR\" class=\"rl-gallery-link\" data-rl_caption=\"\" data-rel=\"lightbox-gallery-1\"><img src=\"https:\/\/sbt.ug.edu.pl\/wp-content\/uploads\/2019\/07\/7.-Curonian-Spit-Dune-R7.A19.-768x509.jpg\" width=\"640\" height=\"424\" alt=\"\" \/><\/a><\/div><div class=\"rl-gallery-item\"><a href=\"https:\/\/sbt.ug.edu.pl\/wp-content\/uploads\/2019\/07\/8.-Curonian-Spit-Board-Map-R7.A19..jpg\" title=\"8. Curonian Spit Board Map, author: Przemyslaw Kulawczuk \/ BHR\" data-rl_title=\"8. Curonian Spit Board Map, author: Przemyslaw Kulawczuk \/ BHR\" class=\"rl-gallery-link\" data-rl_caption=\"\" data-rel=\"lightbox-gallery-1\"><img src=\"https:\/\/sbt.ug.edu.pl\/wp-content\/uploads\/2019\/07\/8.-Curonian-Spit-Board-Map-R7.A19.-768x509.jpg\" width=\"640\" height=\"424\" alt=\"\" \/><\/a><\/div><div class=\"rl-gallery-item\"><a href=\"https:\/\/sbt.ug.edu.pl\/wp-content\/uploads\/2019\/07\/9.-Dunes-view-Curonian-Spit-R7.A19..jpg\" title=\"9. Dunes view, Curonian Spit, author: Przemyslaw Kulawczuk \/ BHR\" data-rl_title=\"9. Dunes view, Curonian Spit, author: Przemyslaw Kulawczuk \/ BHR\" class=\"rl-gallery-link\" data-rl_caption=\"\" data-rel=\"lightbox-gallery-1\"><img src=\"https:\/\/sbt.ug.edu.pl\/wp-content\/uploads\/2019\/07\/9.-Dunes-view-Curonian-Spit-R7.A19.-768x509.jpg\" width=\"640\" height=\"424\" alt=\"\" \/><\/a><\/div> <\/div> <\/div><\/code><\/p>\n<p><a href=\"https:\/\/southbaltic-tourist.eu\/wp-content\/uploads\/2019\/08\/Photos-sources-data-R7.pdf\">Photos sources data R7<\/a><\/p>\n<p>&nbsp;<\/p>\n<p>&nbsp; <\/p>","protected":false},"excerpt":{"rendered":"<p>Atsipra\u0161ome, \u0161is puslapis galimas tik Jungtini\u0173 Valstij\u0173 Angl\u0173, Vokie\u010di\u0173 ir Lenk\u0173. For the sake of viewer convenience, the content is shown below in this site default language. You may click one of the links to switch the site language to another available language. LOCATION Eastern and Northern Lithuania are highly attractive areas for many iconic [&hellip;]<\/p>\n","protected":false},"author":3,"featured_media":0,"parent":488,"menu_order":0,"comment_status":"closed","ping_status":"closed","template":"","meta":[],"categories":[34,15,30],"tags":[],"_links":{"self":[{"href":"https:\/\/sbt.ug.edu.pl\/lt\/wp-json\/wp\/v2\/pages\/644"}],"collection":[{"href":"https:\/\/sbt.ug.edu.pl\/lt\/wp-json\/wp\/v2\/pages"}],"about":[{"href":"https:\/\/sbt.ug.edu.pl\/lt\/wp-json\/wp\/v2\/types\/page"}],"author":[{"embeddable":true,"href":"https:\/\/sbt.ug.edu.pl\/lt\/wp-json\/wp\/v2\/users\/3"}],"replies":[{"embeddable":true,"href":"https:\/\/sbt.ug.edu.pl\/lt\/wp-json\/wp\/v2\/comments?post=644"}],"version-history":[{"count":7,"href":"https:\/\/sbt.ug.edu.pl\/lt\/wp-json\/wp\/v2\/pages\/644\/revisions"}],"predecessor-version":[{"id":4545,"href":"https:\/\/sbt.ug.edu.pl\/lt\/wp-json\/wp\/v2\/pages\/644\/revisions\/4545"}],"up":[{"embeddable":true,"href":"https:\/\/sbt.ug.edu.pl\/lt\/wp-json\/wp\/v2\/pages\/488"}],"wp:attachment":[{"href":"https:\/\/sbt.ug.edu.pl\/lt\/wp-json\/wp\/v2\/media?parent=644"}],"wp:term":[{"taxonomy":"category","embeddable":true,"href":"https:\/\/sbt.ug.edu.pl\/lt\/wp-json\/wp\/v2\/categories?post=644"},{"taxonomy":"post_tag","embeddable":true,"href":"https:\/\/sbt.ug.edu.pl\/lt\/wp-json\/wp\/v2\/tags?post=644"}],"curies":[{"name":"wp","href":"https:\/\/api.w.org\/{rel}","templated":true}]}}