{"id":650,"date":"2018-12-23T17:46:32","date_gmt":"2018-12-23T16:46:32","guid":{"rendered":"http:\/\/southbaltic-tourist.eu\/?page_id=650"},"modified":"2019-08-17T19:03:05","modified_gmt":"2019-08-17T17:03:05","slug":"21-kayaking-in-nemlinas-river-minija-river","status":"publish","type":"page","link":"https:\/\/sbt.ug.edu.pl\/lt\/routes\/wildlife-nature-trails-folkuniversitetet-sweden\/21-kayaking-in-nemlinas-river-minija-river\/","title":{"rendered":"(English) 21. KAYAKING IN THE NEMLINAS AND MINIJA RIVERS"},"content":{"rendered":"<p class=\"qtranxs-available-languages-message qtranxs-available-languages-message-lt\">Atsipra\u0161ome, \u0161is puslapis galimas tik <a href=\"https:\/\/sbt.ug.edu.pl\/en\/wp-json\/wp\/v2\/pages\/650\" class=\"qtranxs-available-language-link qtranxs-available-language-link-en\" title=\"English\">Jungtini\u0173 Valstij\u0173 Angl\u0173<\/a>, <a href=\"https:\/\/sbt.ug.edu.pl\/de\/wp-json\/wp\/v2\/pages\/650\" class=\"qtranxs-available-language-link qtranxs-available-language-link-de\" title=\"Deutsch\">Vokie\u010di\u0173<\/a> ir <a href=\"https:\/\/sbt.ug.edu.pl\/pl\/wp-json\/wp\/v2\/pages\/650\" class=\"qtranxs-available-language-link qtranxs-available-language-link-pl\" title=\"Polski\">Lenk\u0173<\/a>. For the sake of viewer convenience, the content is shown below in this site default language. You may click one of the links to switch the site language to another available language.<\/p><p><\/p>\n<p style=\"text-align: justify;\"><strong>LOCATION<\/strong><\/p>\n<p style=\"text-align: justify;\">Minija river: Coordinates 55.3469\u00b0N 21.2925\u00b0E<\/p>\n<p style=\"text-align: justify;\">Nemlinas river: Coordinates 55\u00b020\u203212\u2033N 21\u00b014\u203250\u2033E.<\/p>\n<p><img decoding=\"async\" loading=\"lazy\" class=\"alignnone wp-image-2971 size-full\" src=\"https:\/\/southbaltic-tourist.eu\/wp-content\/uploads\/2019\/07\/1.-Minija-river-near-Raguvi\u0161kiai-R7.-A21.jpg\" alt=\"\" width=\"1600\" height=\"1288\" srcset=\"https:\/\/sbt.ug.edu.pl\/wp-content\/uploads\/2019\/07\/1.-Minija-river-near-Raguvi\u0161kiai-R7.-A21.jpg 1600w, https:\/\/sbt.ug.edu.pl\/wp-content\/uploads\/2019\/07\/1.-Minija-river-near-Raguvi\u0161kiai-R7.-A21-300x242.jpg 300w, https:\/\/sbt.ug.edu.pl\/wp-content\/uploads\/2019\/07\/1.-Minija-river-near-Raguvi\u0161kiai-R7.-A21-768x618.jpg 768w, https:\/\/sbt.ug.edu.pl\/wp-content\/uploads\/2019\/07\/1.-Minija-river-near-Raguvi\u0161kiai-R7.-A21-1024x824.jpg 1024w, https:\/\/sbt.ug.edu.pl\/wp-content\/uploads\/2019\/07\/1.-Minija-river-near-Raguvi\u0161kiai-R7.-A21-150x121.jpg 150w\" sizes=\"(max-width: 1600px) 100vw, 1600px\" \/><\/p>\n<p style=\"text-align: justify;\"><strong>SCENIC CHARACTER<\/strong><\/p>\n<p style=\"text-align: justify;\">The shallow waters of the Curonian Lagoon share the confluence of the Nemunas and the Minija Rivers, where a kingdom of bulrushes provides shelter for millions of birds that migrate through these territories every season.<\/p>\n<p style=\"text-align: justify;\"><strong>ATTRACTIONS<br \/>\n<\/strong><\/p>\n<p style=\"text-align: justify;\">In this area there are a lot of opportunities to go kayaking and admire the wildlife it has to offer, with birds so close you can almost reach out and touch them from the comfort of the kayak. Birds aren\u2019t the only residents here, there is a wealth of other fauna as well as flora to discover.<\/p>\n<p><code><div class=\"rl-gallery-container rl-loading\" id=\"rl-gallery-container-1\" data-gallery_id=\"2970\"> <div class=\"rl-gallery rl-basicgrid-gallery \" id=\"rl-gallery-1\" data-gallery_no=\"1\"> <div class=\"rl-gallery-item\"><a href=\"https:\/\/sbt.ug.edu.pl\/wp-content\/uploads\/2019\/07\/1.-Minija-river-near-Raguvi\u0161kiai-R7.-A21.jpg\" title=\"1. Minija river near Raguvi\u0161kiai; author: Rimantas Lazdynas; License: CC BY-SA 3.0\" data-rl_title=\"1. Minija river near Raguvi\u0161kiai; author: Rimantas Lazdynas; License: CC BY-SA 3.0\" class=\"rl-gallery-link\" data-rl_caption=\"\" data-rel=\"lightbox-gallery-1\"><img src=\"https:\/\/sbt.ug.edu.pl\/wp-content\/uploads\/2019\/07\/1.-Minija-river-near-Raguvi\u0161kiai-R7.-A21-768x618.jpg\" width=\"640\" height=\"515\" alt=\"\" \/><\/a><\/div><div class=\"rl-gallery-item\"><a href=\"https:\/\/sbt.ug.edu.pl\/wp-content\/uploads\/2019\/07\/2.-Forested-valley-of-Minija-river-R7.-A21.jpg\" title=\"2. Forested valley of Minija river in Minija State Nature Preserve of Salantai Regional Park in Samogitia; author: Kazys; License: CC BY-SA 3.0\" data-rl_title=\"2. Forested valley of Minija river in Minija State Nature Preserve of Salantai Regional Park in Samogitia; author: Kazys; License: CC BY-SA 3.0\" class=\"rl-gallery-link\" data-rl_caption=\"\" data-rel=\"lightbox-gallery-1\"><img src=\"https:\/\/sbt.ug.edu.pl\/wp-content\/uploads\/2019\/07\/2.-Forested-valley-of-Minija-river-R7.-A21-768x576.jpg\" width=\"640\" height=\"480\" alt=\"\" \/><\/a><\/div><div class=\"rl-gallery-item\"><a href=\"https:\/\/sbt.ug.edu.pl\/wp-content\/uploads\/2019\/07\/3.-Minija-river-R7.-A21.jpg\" title=\"3. Minija river; author: Alg\u0117rds; License: CC BY-SA 3.0\" data-rl_title=\"3. Minija river; author: Alg\u0117rds; License: CC BY-SA 3.0\" class=\"rl-gallery-link\" data-rl_caption=\"\" data-rel=\"lightbox-gallery-1\"><img src=\"https:\/\/sbt.ug.edu.pl\/wp-content\/uploads\/2019\/07\/3.-Minija-river-R7.-A21-768x576.jpg\" width=\"640\" height=\"480\" alt=\"\" \/><\/a><\/div><div class=\"rl-gallery-item\"><a href=\"https:\/\/sbt.ug.edu.pl\/wp-content\/uploads\/2019\/07\/4.-Spillway-on-the-Minija-river-R7.-A21.jpg\" title=\"4. Spillway on the Minija river old water mill dam; author: SUJIRENas; License: CC BY-SA 4.0\" data-rl_title=\"4. Spillway on the Minija river old water mill dam; author: SUJIRENas; License: CC BY-SA 4.0\" class=\"rl-gallery-link\" data-rl_caption=\"\" data-rel=\"lightbox-gallery-1\"><img src=\"https:\/\/sbt.ug.edu.pl\/wp-content\/uploads\/2019\/07\/4.-Spillway-on-the-Minija-river-R7.-A21-768x576.jpg\" width=\"640\" height=\"480\" alt=\"\" \/><\/a><\/div><div class=\"rl-gallery-item\"><a href=\"https:\/\/sbt.ug.edu.pl\/wp-content\/uploads\/2019\/07\/5.-Nemunas-River-R7.-A21.jpg\" title=\"5. Nemunas River; author: Phillip Capper; License: CC BY 2.0\" data-rl_title=\"5. Nemunas River; author: Phillip Capper; License: CC BY 2.0\" class=\"rl-gallery-link\" data-rl_caption=\"\" data-rel=\"lightbox-gallery-1\"><img src=\"https:\/\/sbt.ug.edu.pl\/wp-content\/uploads\/2019\/07\/5.-Nemunas-River-R7.-A21-768x496.jpg\" width=\"640\" height=\"413\" alt=\"\" \/><\/a><\/div><div class=\"rl-gallery-item\"><a href=\"https:\/\/sbt.ug.edu.pl\/wp-content\/uploads\/2019\/07\/6.-Nemunas-River-R7.-A21.jpg\" title=\"6. Nemunas River; author: Foledman; License: CC BY 3.0\" data-rl_title=\"6. Nemunas River; author: Foledman; License: CC BY 3.0\" class=\"rl-gallery-link\" data-rl_caption=\"\" data-rel=\"lightbox-gallery-1\"><img src=\"https:\/\/sbt.ug.edu.pl\/wp-content\/uploads\/2019\/07\/6.-Nemunas-River-R7.-A21.jpg\" width=\"448\" height=\"336\" alt=\"\" \/><\/a><\/div> <\/div> <\/div><\/code><\/p>\n<p><a href=\"https:\/\/southbaltic-tourist.eu\/wp-content\/uploads\/2019\/08\/Photos-sources-data-R7.pdf\">Photos sources data R7<\/a> <\/p>","protected":false},"excerpt":{"rendered":"<p>Atsipra\u0161ome, \u0161is puslapis galimas tik Jungtini\u0173 Valstij\u0173 Angl\u0173, Vokie\u010di\u0173 ir Lenk\u0173. For the sake of viewer convenience, the content is shown below in this site default language. You may click one of the links to switch the site language to another available language. LOCATION Minija river: Coordinates 55.3469\u00b0N 21.2925\u00b0E Nemlinas river: Coordinates 55\u00b020\u203212\u2033N 21\u00b014\u203250\u2033E. SCENIC [&hellip;]<\/p>\n","protected":false},"author":3,"featured_media":0,"parent":488,"menu_order":0,"comment_status":"closed","ping_status":"closed","template":"","meta":[],"categories":[34,12,30],"tags":[],"_links":{"self":[{"href":"https:\/\/sbt.ug.edu.pl\/lt\/wp-json\/wp\/v2\/pages\/650"}],"collection":[{"href":"https:\/\/sbt.ug.edu.pl\/lt\/wp-json\/wp\/v2\/pages"}],"about":[{"href":"https:\/\/sbt.ug.edu.pl\/lt\/wp-json\/wp\/v2\/types\/page"}],"author":[{"embeddable":true,"href":"https:\/\/sbt.ug.edu.pl\/lt\/wp-json\/wp\/v2\/users\/3"}],"replies":[{"embeddable":true,"href":"https:\/\/sbt.ug.edu.pl\/lt\/wp-json\/wp\/v2\/comments?post=650"}],"version-history":[{"count":5,"href":"https:\/\/sbt.ug.edu.pl\/lt\/wp-json\/wp\/v2\/pages\/650\/revisions"}],"predecessor-version":[{"id":4547,"href":"https:\/\/sbt.ug.edu.pl\/lt\/wp-json\/wp\/v2\/pages\/650\/revisions\/4547"}],"up":[{"embeddable":true,"href":"https:\/\/sbt.ug.edu.pl\/lt\/wp-json\/wp\/v2\/pages\/488"}],"wp:attachment":[{"href":"https:\/\/sbt.ug.edu.pl\/lt\/wp-json\/wp\/v2\/media?parent=650"}],"wp:term":[{"taxonomy":"category","embeddable":true,"href":"https:\/\/sbt.ug.edu.pl\/lt\/wp-json\/wp\/v2\/categories?post=650"},{"taxonomy":"post_tag","embeddable":true,"href":"https:\/\/sbt.ug.edu.pl\/lt\/wp-json\/wp\/v2\/tags?post=650"}],"curies":[{"name":"wp","href":"https:\/\/api.w.org\/{rel}","templated":true}]}}