{"id":989,"date":"2019-05-20T12:27:10","date_gmt":"2019-05-20T10:27:10","guid":{"rendered":"https:\/\/southbaltic-tourist.eu\/?page_id=989"},"modified":"2021-06-23T16:03:39","modified_gmt":"2021-06-23T15:03:39","slug":"24-dabki-dzwirzyno-and-miedzyzdroje-surfing-and-water-hotspots","status":"publish","type":"page","link":"https:\/\/sbt.ug.edu.pl\/lt\/routes\/windsurfing-exploration\/24-dabki-dzwirzyno-and-miedzyzdroje-surfing-and-water-hotspots\/","title":{"rendered":"(English) 24. D\u0104BKI, D\u0179WIRZYNO AND MI\u0118DZYZDROJE SURFING AND WATER HOTSPOTS"},"content":{"rendered":"<p>&nbsp;<\/p>\n<p><div class=\"rl-gallery-container rl-loading\" id=\"rl-gallery-container-4\" data-gallery_id=\"2027\"> <div class=\"rl-gallery rl-basicgrid-gallery \" id=\"rl-gallery-4\" data-gallery_no=\"4\"> <div class=\"rl-gallery-item\"><a href=\"https:\/\/sbt.ug.edu.pl\/wp-content\/uploads\/2019\/07\/1.-D\u2022bki-suerfing-spot-Bukowo-Lake-R2.A24.-1.jpg\" title=\"1. D\u0105bki surfing spot, Bukowo Lake, R2.A24.\" data-rl_title=\"1. D\u0105bki surfing spot, Bukowo Lake, R2.A24.\" class=\"rl-gallery-link\" data-rl_caption=\"\" data-rel=\"lightbox-gallery-4\"><img src=\"https:\/\/sbt.ug.edu.pl\/wp-content\/uploads\/2019\/07\/1.-D\u2022bki-suerfing-spot-Bukowo-Lake-R2.A24.-1-768x512.jpg\" width=\"640\" height=\"427\" alt=\"\" \/><\/a><\/div><div class=\"rl-gallery-item\"><a href=\"https:\/\/sbt.ug.edu.pl\/wp-content\/uploads\/2019\/07\/2.-D\u2022bki-suerfing-spot-Bukowo-Lake-R2.A24.-1.jpg\" title=\"2. D\u0105bki surfing spot, Bukowo Lake, R2.A24.\" data-rl_title=\"2. D\u0105bki surfing spot, Bukowo Lake, R2.A24.\" class=\"rl-gallery-link\" data-rl_caption=\"\" data-rel=\"lightbox-gallery-4\"><img src=\"https:\/\/sbt.ug.edu.pl\/wp-content\/uploads\/2019\/07\/2.-D\u2022bki-suerfing-spot-Bukowo-Lake-R2.A24.-1-768x512.jpg\" width=\"640\" height=\"427\" alt=\"\" \/><\/a><\/div><div class=\"rl-gallery-item\"><a href=\"https:\/\/sbt.ug.edu.pl\/wp-content\/uploads\/2019\/07\/3.-D\u2022bki-suerfing-spot-Bukowo-Lake-R2.A24.-1.jpg\" title=\"3. D\u0105bki surfing spot, Bukowo Lake, R2.A24.\" data-rl_title=\"3. D\u0105bki surfing spot, Bukowo Lake, R2.A24.\" class=\"rl-gallery-link\" data-rl_caption=\"\" data-rel=\"lightbox-gallery-4\"><img src=\"https:\/\/sbt.ug.edu.pl\/wp-content\/uploads\/2019\/07\/3.-D\u2022bki-suerfing-spot-Bukowo-Lake-R2.A24.-1-768x512.jpg\" width=\"640\" height=\"427\" alt=\"\" \/><\/a><\/div><div class=\"rl-gallery-item\"><a href=\"https:\/\/sbt.ug.edu.pl\/wp-content\/uploads\/2019\/07\/4.-D\u2022bki-suerfing-spot-Bukowo-Lake-R2.A24.-1.jpg\" title=\"4. D\u0105bki surfing spot, Bukowo Lake, R2.A24.\" data-rl_title=\"4. D\u0105bki surfing spot, Bukowo Lake, R2.A24.\" class=\"rl-gallery-link\" data-rl_caption=\"\" data-rel=\"lightbox-gallery-4\"><img src=\"https:\/\/sbt.ug.edu.pl\/wp-content\/uploads\/2019\/07\/4.-D\u2022bki-suerfing-spot-Bukowo-Lake-R2.A24.-1-768x512.jpg\" width=\"640\" height=\"427\" alt=\"\" \/><\/a><\/div><div class=\"rl-gallery-item\"><a href=\"https:\/\/sbt.ug.edu.pl\/wp-content\/uploads\/2019\/07\/5.-Bukowo-Lake-surfing-R2.A24.-1.jpg\" title=\"5. Bukowo Lake surfing, R2.A24.\" data-rl_title=\"5. Bukowo Lake surfing, R2.A24.\" class=\"rl-gallery-link\" data-rl_caption=\"\" data-rel=\"lightbox-gallery-4\"><img src=\"https:\/\/sbt.ug.edu.pl\/wp-content\/uploads\/2019\/07\/5.-Bukowo-Lake-surfing-R2.A24.-1-768x509.jpg\" width=\"640\" height=\"424\" alt=\"\" \/><\/a><\/div><div class=\"rl-gallery-item\"><a href=\"https:\/\/sbt.ug.edu.pl\/wp-content\/uploads\/2019\/07\/6.-Bukowo-Lake-surfing-R2.A24.-1.jpg\" title=\"6. Bukowo Lake surfing, R2.A24.\" data-rl_title=\"6. Bukowo Lake surfing, R2.A24.\" class=\"rl-gallery-link\" data-rl_caption=\"\" data-rel=\"lightbox-gallery-4\"><img src=\"https:\/\/sbt.ug.edu.pl\/wp-content\/uploads\/2019\/07\/6.-Bukowo-Lake-surfing-R2.A24.-1-768x509.jpg\" width=\"640\" height=\"424\" alt=\"\" \/><\/a><\/div><div class=\"rl-gallery-item\"><a href=\"https:\/\/sbt.ug.edu.pl\/wp-content\/uploads\/2019\/07\/7.-Bukowo-Lake-surfing-R2.A24.-1.jpg\" title=\"7. Bukowo Lake surfing, R2.A24.\" data-rl_title=\"7. Bukowo Lake surfing, R2.A24.\" class=\"rl-gallery-link\" data-rl_caption=\"\" data-rel=\"lightbox-gallery-4\"><img src=\"https:\/\/sbt.ug.edu.pl\/wp-content\/uploads\/2019\/07\/7.-Bukowo-Lake-surfing-R2.A24.-1-768x509.jpg\" width=\"640\" height=\"424\" alt=\"\" \/><\/a><\/div><div class=\"rl-gallery-item\"><a href=\"https:\/\/sbt.ug.edu.pl\/wp-content\/uploads\/2019\/07\/8.-Bukowo-Lake-surfing-R2.A24.-1.jpg\" title=\"8. Bukowo Lake surfing, R2.A24.\" data-rl_title=\"8. Bukowo Lake surfing, R2.A24.\" class=\"rl-gallery-link\" data-rl_caption=\"\" data-rel=\"lightbox-gallery-4\"><img src=\"https:\/\/sbt.ug.edu.pl\/wp-content\/uploads\/2019\/07\/8.-Bukowo-Lake-surfing-R2.A24.-1-768x509.jpg\" width=\"640\" height=\"424\" alt=\"\" \/><\/a><\/div><div class=\"rl-gallery-item\"><a href=\"https:\/\/sbt.ug.edu.pl\/wp-content\/uploads\/2019\/07\/9.-Bukowo-Lake-surfing-R2.A24.-1.jpg\" title=\"9. Bukowo Lake surfing, R2.A24.\" data-rl_title=\"9. Bukowo Lake surfing, R2.A24.\" class=\"rl-gallery-link\" data-rl_caption=\"\" data-rel=\"lightbox-gallery-4\"><img src=\"https:\/\/sbt.ug.edu.pl\/wp-content\/uploads\/2019\/07\/9.-Bukowo-Lake-surfing-R2.A24.-1-768x509.jpg\" width=\"640\" height=\"424\" alt=\"\" \/><\/a><\/div><div class=\"rl-gallery-item\"><a href=\"https:\/\/sbt.ug.edu.pl\/wp-content\/uploads\/2019\/07\/10.-Bukowo-Lake-R2.A24.-1.jpg\" title=\"10. Bukowo Lake surfing, R2.A24.\" data-rl_title=\"10. Bukowo Lake surfing, R2.A24.\" class=\"rl-gallery-link\" data-rl_caption=\"\" data-rel=\"lightbox-gallery-4\"><img src=\"https:\/\/sbt.ug.edu.pl\/wp-content\/uploads\/2019\/07\/10.-Bukowo-Lake-R2.A24.-1-768x509.jpg\" width=\"640\" height=\"424\" alt=\"\" \/><\/a><\/div><div class=\"rl-gallery-item\"><a href=\"https:\/\/sbt.ug.edu.pl\/wp-content\/uploads\/2019\/07\/11.-Bukowo-Lake-R2.A24.-1.jpg\" title=\"11. Bukowo Lake surfing, R2.A24.\" data-rl_title=\"11. Bukowo Lake surfing, R2.A24.\" class=\"rl-gallery-link\" data-rl_caption=\"\" data-rel=\"lightbox-gallery-4\"><img src=\"https:\/\/sbt.ug.edu.pl\/wp-content\/uploads\/2019\/07\/11.-Bukowo-Lake-R2.A24.-1-768x512.jpg\" width=\"640\" height=\"427\" alt=\"\" \/><\/a><\/div><div class=\"rl-gallery-item\"><a href=\"https:\/\/sbt.ug.edu.pl\/wp-content\/uploads\/2019\/07\/12.-Kitesurfing-in-Mi\ufffddzyzdroje-R2.A24.-1.jpg\" title=\"12. Kitesurfing in Mi\u0119dzyzdroje, R2.A24.\" data-rl_title=\"12. Kitesurfing in Mi\u0119dzyzdroje, R2.A24.\" class=\"rl-gallery-link\" data-rl_caption=\"\" data-rel=\"lightbox-gallery-4\"><img src=\"https:\/\/sbt.ug.edu.pl\/wp-content\/uploads\/2019\/07\/12.-Kitesurfing-in-Mi\ufffddzyzdroje-R2.A24.-1-768x604.jpg\" width=\"640\" height=\"503\" alt=\"\" \/><\/a><\/div><div class=\"rl-gallery-item\"><a href=\"https:\/\/sbt.ug.edu.pl\/wp-content\/uploads\/2019\/07\/13.-Castle-in-Dar\u0105owo-R2.A24.-1.jpg\" title=\"13. Castle in Dar\u0142owo, R2.A24.\" data-rl_title=\"13. Castle in Dar\u0142owo, R2.A24.\" class=\"rl-gallery-link\" data-rl_caption=\"\" data-rel=\"lightbox-gallery-4\"><img src=\"https:\/\/sbt.ug.edu.pl\/wp-content\/uploads\/2019\/07\/13.-Castle-in-Dar\u0105owo-R2.A24.-1-768x512.jpg\" width=\"640\" height=\"427\" alt=\"\" \/><\/a><\/div><div class=\"rl-gallery-item\"><a href=\"https:\/\/sbt.ug.edu.pl\/wp-content\/uploads\/2019\/07\/14.-Dar\u0105owo-Town-R2.A24.-1.jpg\" title=\"14. Dar\u0142owo Town, R2.A24.\" data-rl_title=\"14. Dar\u0142owo Town, R2.A24.\" class=\"rl-gallery-link\" data-rl_caption=\"\" data-rel=\"lightbox-gallery-4\"><img src=\"https:\/\/sbt.ug.edu.pl\/wp-content\/uploads\/2019\/07\/14.-Dar\u0105owo-Town-R2.A24.-1-768x512.jpg\" width=\"640\" height=\"427\" alt=\"\" \/><\/a><\/div><div class=\"rl-gallery-item\"><a href=\"https:\/\/sbt.ug.edu.pl\/wp-content\/uploads\/2019\/07\/15.-Castle-in-Dar\u0105owo-R2.A24.-1.jpg\" title=\"15. Castle in Dar\u0142owo, R2.A24.\" data-rl_title=\"15. Castle in Dar\u0142owo, R2.A24.\" class=\"rl-gallery-link\" data-rl_caption=\"\" data-rel=\"lightbox-gallery-4\"><img src=\"https:\/\/sbt.ug.edu.pl\/wp-content\/uploads\/2019\/07\/15.-Castle-in-Dar\u0105owo-R2.A24.-1-768x512.jpg\" width=\"640\" height=\"427\" alt=\"\" \/><\/a><\/div><div class=\"rl-gallery-item\"><a href=\"https:\/\/sbt.ug.edu.pl\/wp-content\/uploads\/2019\/07\/16.-Castle-in-Dar\u0105owo-R2.A24.-1.jpg\" title=\"16. Castle in Dar\u0142owo, R2.A24.\" data-rl_title=\"16. Castle in Dar\u0142owo, R2.A24.\" class=\"rl-gallery-link\" data-rl_caption=\"\" data-rel=\"lightbox-gallery-4\"><img src=\"https:\/\/sbt.ug.edu.pl\/wp-content\/uploads\/2019\/07\/16.-Castle-in-Dar\u0105owo-R2.A24.-1-768x512.jpg\" width=\"640\" height=\"427\" alt=\"\" \/><\/a><\/div><div class=\"rl-gallery-item\"><a href=\"https:\/\/sbt.ug.edu.pl\/wp-content\/uploads\/2019\/07\/17.-Dar\u0105owo-Town-R2.A24.-1.jpg\" title=\"17. Dar\u0142owo Town, R2.A24.\" data-rl_title=\"17. Dar\u0142owo Town, R2.A24.\" class=\"rl-gallery-link\" data-rl_caption=\"\" data-rel=\"lightbox-gallery-4\"><img src=\"https:\/\/sbt.ug.edu.pl\/wp-content\/uploads\/2019\/07\/17.-Dar\u0105owo-Town-R2.A24.-1-768x512.jpg\" width=\"640\" height=\"427\" alt=\"\" \/><\/a><\/div><div class=\"rl-gallery-item\"><a href=\"https:\/\/sbt.ug.edu.pl\/wp-content\/uploads\/2019\/07\/18.-Sunset-on-South-coast-of-the-Baltic-Sea-R2.A24-1.jpg\" title=\"18. Sunset on South coast of the Baltic Sea, R2.A24\" data-rl_title=\"18. Sunset on South coast of the Baltic Sea, R2.A24\" class=\"rl-gallery-link\" data-rl_caption=\"\" data-rel=\"lightbox-gallery-4\"><img src=\"https:\/\/sbt.ug.edu.pl\/wp-content\/uploads\/2019\/07\/18.-Sunset-on-South-coast-of-the-Baltic-Sea-R2.A24-1-768x509.jpg\" width=\"640\" height=\"424\" alt=\"\" \/><\/a><\/div><div class=\"rl-gallery-item\"><a href=\"https:\/\/sbt.ug.edu.pl\/wp-content\/uploads\/2019\/07\/19.-Sunset-on-South-coast-of-the-Baltic-Sea-R2.A24-1.jpg\" title=\"19. Sunset on South coast of the Baltic Sea, R2.A24\" data-rl_title=\"19. Sunset on South coast of the Baltic Sea, R2.A24\" class=\"rl-gallery-link\" data-rl_caption=\"\" data-rel=\"lightbox-gallery-4\"><img src=\"https:\/\/sbt.ug.edu.pl\/wp-content\/uploads\/2019\/07\/19.-Sunset-on-South-coast-of-the-Baltic-Sea-R2.A24-1-768x509.jpg\" width=\"640\" height=\"424\" alt=\"\" \/><\/a><\/div><div class=\"rl-gallery-item\"><a href=\"https:\/\/sbt.ug.edu.pl\/wp-content\/uploads\/2019\/07\/20.-Sunset-on-South-coast-of-the-Baltic-Sea-R2.A24.-1.jpg\" title=\"20. Sunset on South coast of the Baltic Sea, R2.A24.\" data-rl_title=\"20. Sunset on South coast of the Baltic Sea, R2.A24.\" class=\"rl-gallery-link\" data-rl_caption=\"\" data-rel=\"lightbox-gallery-4\"><img src=\"https:\/\/sbt.ug.edu.pl\/wp-content\/uploads\/2019\/07\/20.-Sunset-on-South-coast-of-the-Baltic-Sea-R2.A24.-1-768x509.jpg\" width=\"640\" height=\"424\" alt=\"\" \/><\/a><\/div> <\/div> <\/div><\/p>","protected":false},"excerpt":{"rendered":"<p>&nbsp;<\/p>\n","protected":false},"author":4,"featured_media":0,"parent":174,"menu_order":0,"comment_status":"closed","ping_status":"closed","template":"","meta":[],"categories":[34,12,9],"tags":[],"_links":{"self":[{"href":"https:\/\/sbt.ug.edu.pl\/lt\/wp-json\/wp\/v2\/pages\/989"}],"collection":[{"href":"https:\/\/sbt.ug.edu.pl\/lt\/wp-json\/wp\/v2\/pages"}],"about":[{"href":"https:\/\/sbt.ug.edu.pl\/lt\/wp-json\/wp\/v2\/types\/page"}],"author":[{"embeddable":true,"href":"https:\/\/sbt.ug.edu.pl\/lt\/wp-json\/wp\/v2\/users\/4"}],"replies":[{"embeddable":true,"href":"https:\/\/sbt.ug.edu.pl\/lt\/wp-json\/wp\/v2\/comments?post=989"}],"version-history":[{"count":11,"href":"https:\/\/sbt.ug.edu.pl\/lt\/wp-json\/wp\/v2\/pages\/989\/revisions"}],"predecessor-version":[{"id":5852,"href":"https:\/\/sbt.ug.edu.pl\/lt\/wp-json\/wp\/v2\/pages\/989\/revisions\/5852"}],"up":[{"embeddable":true,"href":"https:\/\/sbt.ug.edu.pl\/lt\/wp-json\/wp\/v2\/pages\/174"}],"wp:attachment":[{"href":"https:\/\/sbt.ug.edu.pl\/lt\/wp-json\/wp\/v2\/media?parent=989"}],"wp:term":[{"taxonomy":"category","embeddable":true,"href":"https:\/\/sbt.ug.edu.pl\/lt\/wp-json\/wp\/v2\/categories?post=989"},{"taxonomy":"post_tag","embeddable":true,"href":"https:\/\/sbt.ug.edu.pl\/lt\/wp-json\/wp\/v2\/tags?post=989"}],"curies":[{"name":"wp","href":"https:\/\/api.w.org\/{rel}","templated":true}]}}